{"id":2104,"date":"2020-04-19T19:31:17","date_gmt":"2020-04-19T17:31:17","guid":{"rendered":"http:\/\/975ciacxzt.preview.infomaniak.website\/sgierpartner\/?page_id=2104"},"modified":"2025-10-04T12:46:13","modified_gmt":"2025-10-04T10:46:13","slug":"rechtsberatung","status":"publish","type":"page","link":"https:\/\/sgierpartner.ch\/de\/rechtsberatung\/","title":{"rendered":"Rechtsberatung"},"content":{"rendered":"<p>[et_pb_section fb_built=&#8221;1&#8243; fullwidth=&#8221;on&#8221; _builder_version=&#8221;4.16&#8243; global_colors_info=&#8221;{}&#8221; theme_builder_area=&#8221;post_content&#8221;][et_pb_fullwidth_image src=&#8221;https:\/\/sgierpartner.ch\/wp-content\/uploads\/Matterhorn-Nebelmeer-immigration-relocation-schweiz-2.jpg&#8221; alt=&#8221;Welcome to the Matterhorn &#8211; swiss immigration + relocation services&#8221; title_text=&#8221;Sgier + Partner Zurich, Switzerland | swiss immigration+relocation&#8221; _builder_version=&#8221;4.16&#8243; custom_padding=&#8221;||0px|||&#8221; global_colors_info=&#8221;{}&#8221; theme_builder_area=&#8221;post_content&#8221;][\/et_pb_fullwidth_image][\/et_pb_section][et_pb_section fb_built=&#8221;1&#8243; _builder_version=&#8221;4.16&#8243; global_colors_info=&#8221;{}&#8221; theme_builder_area=&#8221;post_content&#8221;][et_pb_row _builder_version=&#8221;4.16&#8243; custom_margin=&#8221;0px||||false|false&#8221; custom_padding=&#8221;50px||4px|||&#8221; global_colors_info=&#8221;{}&#8221; theme_builder_area=&#8221;post_content&#8221;][et_pb_column type=&#8221;4_4&#8243; _builder_version=&#8221;4.16&#8243; global_colors_info=&#8221;{}&#8221; theme_builder_area=&#8221;post_content&#8221;][et_pb_text _builder_version=&#8221;4.16&#8243; custom_margin=&#8221;||0px||false|false&#8221; global_colors_info=&#8221;{}&#8221; theme_builder_area=&#8221;post_content&#8221;]<\/p>\n<h1>Rechtsberatung<\/h1>\n<p>[\/et_pb_text][\/et_pb_column][\/et_pb_row][et_pb_row column_structure=&#8221;3_5,2_5&#8243; _builder_version=&#8221;4.16&#8243; global_colors_info=&#8221;{}&#8221; theme_builder_area=&#8221;post_content&#8221;][et_pb_column type=&#8221;3_5&#8243; _builder_version=&#8221;4.16&#8243; global_colors_info=&#8221;{}&#8221; theme_builder_area=&#8221;post_content&#8221;][et_pb_blurb title=&#8221;Pr\u00e4zis, schnell und unkompliziert unterst\u00fctzen wir Sie in allen juristischen Belangen Ihres betrieblichen Alltags.&#8221; _builder_version=&#8221;4.16&#8243; header_level=&#8221;h4&#8243; global_colors_info=&#8221;{}&#8221; theme_builder_area=&#8221;post_content&#8221;]<\/p>\n<div class=\"ce_text block\">\n<p>Sei das anstelle oder\u00a0als situative Erg\u00e4nzung eines firmeneigenen Rechtsdienstes und basierend auf einem attraktiven Honorarmodell, bei dem entsprechende Kosten nur dann anfallen, wenn die Rechtsberatung tats\u00e4chlich ben\u00f6tigt wird.<\/p>\n<p><span>Speziell im Arbeits- und Sozialversicherungsrecht, aber auch in allen anderen wichtigen Rechtsgebieten, wie z.B. in Vertrags- und Gesellschaftsrecht k\u00f6nnen Sie sich &#8211; auch bei komplexen rechtlichen Sachverhalten &#8211; auf unser hundertprozentiges Engagement verlassen.<\/span><\/p>\n<p><span>Wir entwerfen f\u00fcr Sie Vertr\u00e4ge oder \u00fcberpr\u00fcfen Ihre eigenen Vertr\u00e4ge und stehen Ihnen bei Vertragsverhandlungen mit Rat und Tat zur Seite. Wir k\u00fcmmern uns um Ihre rechtlich relevante Korrespondenz und treffen f\u00fcr Sie die n\u00f6tigen rechtlichen Abkl\u00e4rungen.\u00a0Nehmen Sie mit uns Kontakt<a title=\"Kontakt\" href=\"https:\/\/www.sgierpartner.ch\/de\/kontakt.html\">\u00a0<\/a>auf. Sie erhalten prompt und zuverl\u00e4ssig Antwort.<\/span><\/p>\n<p><span><\/span><\/p>\n<\/div>\n<div class=\"ce_text block\"><\/div>\n<div class=\"ce_text block\">\n<p><em><\/em><\/p>\n<\/div>\n<p>[\/et_pb_blurb][et_pb_image src=&#8221;https:\/\/sgierpartner.ch\/wp-content\/uploads\/Legal-Consulting-Immigration-Sgier-Partner.jpg&#8221; alt=&#8221;Rechtsberatung f\u00fcr Ausl\u00e4nder von Sgier + Partner&#8221; title_text=&#8221;Legal immigration | swiss immigration + relocation services&#8221; _builder_version=&#8221;4.16&#8243; global_colors_info=&#8221;{}&#8221; theme_builder_area=&#8221;post_content&#8221;][\/et_pb_image][et_pb_text _builder_version=&#8221;4.16&#8243; custom_margin=&#8221;0px||0px||false|false&#8221; custom_padding=&#8221;||0px|||&#8221; global_colors_info=&#8221;{}&#8221; theme_builder_area=&#8221;post_content&#8221;]<\/p>\n<div class=\"ce_text block\">\n<p><span style=\"color: #493f3f; font-size: 20px; font-weight: 600; text-transform: uppercase;\">Rechtsgebiete<\/span><\/p>\n<p><span style=\"font-size: 16px;\">Unsere juristischen Mitarbeiter verf\u00fcgen \u00fcber grosse Erfahrungen in folgenden Rechtsgebieten:<\/span><\/p>\n<ul>\n<li><span style=\"font-size: 16px;\"><\/span><span style=\"font-size: 16px;\">Ausl\u00e4nderrecht<\/span><\/li>\n<li>Arbeitsrecht<\/li>\n<li>Vertragsrecht<\/li>\n<li>Sozialversicherungsrecht<\/li>\n<li>Gesellschaftsrecht (Gr\u00fcndungen)<\/li>\n<li class=\"last\">Steuerrecht<\/li>\n<\/ul>\n<\/div>\n<p>[\/et_pb_text][\/et_pb_column][et_pb_column type=&#8221;2_5&#8243; _builder_version=&#8221;4.16&#8243; global_colors_info=&#8221;{}&#8221; theme_builder_area=&#8221;post_content&#8221;][et_pb_cta title=&#8221;Als Erg\u00e4nzung des firmeneigenen Rechtsdienstes&#8221; _builder_version=&#8221;4.16&#8243; custom_padding=&#8221;40px|||||&#8221; custom_css_promo_button=&#8221;opacity:0.5;&#8221; global_colors_info=&#8221;{}&#8221; background__hover_enabled=&#8221;on|hover&#8221; theme_builder_area=&#8221;post_content&#8221;]<\/p>\n<p>Speziell im Arbeits- und Sozialversicherungsrecht, aber auch bei Fragen des Vertrags- und Gesellschaftsrechts k\u00f6nnen Sie sich auf unser hundertprozentiges Engagement verlassen.<\/p>\n<p>Manchmal lohnt es sich bei arbeits- und sozialversicherungsrechtlichen Fragen einen erg\u00e4nzenden externen juristischen Rat einzuholen. Die Kosten fallen f\u00fcr Sie nur dann an, wenn Sie die Rechtsberatung tats\u00e4chlich ben\u00f6tigen.<\/p>\n<p>[\/et_pb_cta][et_pb_text _builder_version=&#8221;4.16&#8243; global_colors_info=&#8221;{}&#8221; theme_builder_area=&#8221;post_content&#8221;]<\/p>\n<blockquote>\n<p>Als Sgier + Partner Kunde steht Ihnen das Immigration Kompetenz Team praktisch wie eine eigene interne Abteilung zur Verf\u00fcgung.<\/p>\n<\/blockquote>\n<p>[\/et_pb_text][\/et_pb_column][\/et_pb_row][et_pb_row _builder_version=&#8221;4.16&#8243; global_colors_info=&#8221;{}&#8221; theme_builder_area=&#8221;post_content&#8221;][et_pb_column type=&#8221;4_4&#8243; _builder_version=&#8221;4.16&#8243; global_colors_info=&#8221;{}&#8221; theme_builder_area=&#8221;post_content&#8221;][et_pb_text _builder_version=&#8221;4.16&#8243; global_colors_info=&#8221;{}&#8221; theme_builder_area=&#8221;post_content&#8221;]<\/p>\n<h2>Fragen und Antworten zu unserer Rechtsberatung<\/h2>\n<p>[\/et_pb_text][et_pb_accordion _builder_version=&#8221;4.16&#8243; global_colors_info=&#8221;{}&#8221; theme_builder_area=&#8221;post_content&#8221;][et_pb_accordion_item title=&#8221;Warum soll ich als nicht besonders grosses Unternehmen \u00fcberhaupt einen Rechtsdienst in Anspruch nehmen?&#8221; open=&#8221;on&#8221; _builder_version=&#8221;4.16&#8243; global_colors_info=&#8221;{}&#8221; theme_builder_area=&#8221;post_content&#8221;]<\/p>\n<p>Die Rechtslage ist durch die zunehmende Gesetzesflut kaum noch \u00fcberschau-, geschweige durchschaubar. Unternehmerisches Handeln ohne professionelle Unterst\u00fctzung kann schnell zu gravierenden juristischen Problemen f\u00fchren. Die Notwendigkeit eines Rechtsdienstes ergibt sich deshalb nicht nur aus der Gr\u00f6sse des Unternehmens, sondern auch aus dem komplexer werdenden Umfeld, in dem das Unternehmen t\u00e4tig ist. Statt nun einen eigenen Rechtsdienst aufzubauen und mit entsprechend laufenden hohen Fixkosten zu betreiben, bietet Sgier und Partner einen vollumf\u00e4nglichen Ersatz. Mit dem einzigen Unterschied, dass dieser nicht intern, sondern extern f\u00fcr Sie t\u00e4tig ist. Das heisst, die Kosten fallen nur dann f\u00fcr Sie an, wenn Sie die Rechtsberatung tats\u00e4chlich ben\u00f6tigen. So k\u00f6nnen Sie jederzeit und auf Abruf eine exakt auf Ihre Bed\u00fcrfnisse zugeschnittene Rechtsberatung beanspruchen, deren Kosten sich notabene klar budgetieren lassen.<\/p>\n<p>[\/et_pb_accordion_item][et_pb_accordion_item title=&#8221;Als Erg\u00e4nzung zum firmeneigenen Rechtsdienst kann ich doch einfach einen Rechtsanwalt aufsuchen, warum soll ich ausgerechnet zu Sgier und Partner?&#8221; _builder_version=&#8221;4.16&#8243; global_colors_info=&#8221;{}&#8221; theme_builder_area=&#8221;post_content&#8221; open=&#8221;off&#8221;]<\/p>\n<p>Bei Rechtsanw\u00e4lten liegt der Stundenansatz in der Regel deutlich \u00fcber demjenigen von Sgier und Partner. Ausserdem werden Auslagen, wie Telefon-, Fax-, E-Mail-, Porto- und Kopierspesen nicht in Rechnung gestellt. Stets haben Sie \u00dcbersicht \u00fcber die von Sgier und Partner erbrachten Leistungen und damit auch \u00fcber die Kosten. Bei Beratungsauftr\u00e4gen, die voraussichtlich mehr als eine Stunde beanspruchen, erhalten Sie eine Sch\u00e4tzung \u00fcber den gesamten Zeitaufwand. Damit lassen sich die voraussichtlichen Kosten bereits im Voraus kalkulieren und zudem profitieren Sie von g\u00fcnstigeren Preiskonditionen.<\/p>\n<p>[\/et_pb_accordion_item][et_pb_accordion_item title=&#8221;Welche Rechtsgebiete umfasst die Beratungst\u00e4tigkeit von Sgier und Partner?&#8221; _builder_version=&#8221;4.16&#8243; global_colors_info=&#8221;{}&#8221; theme_builder_area=&#8221;post_content&#8221; open=&#8221;off&#8221;]<\/p>\n<p>Sgier und Partner ber\u00e4t Sie in allen relevanten Rechtsgebieten des betrieblichen Alltags, vom Arbeits- und Sozialversicherungsrecht, \u00fcber das Vertrags- und Gesellschaftsrecht, bis zum Schuldbetreibungs- und Konkursrecht sowie Steuerrecht.<\/p>\n<p>[\/et_pb_accordion_item][et_pb_accordion_item title=&#8221;Kann ich bei Sgier und Partner auch einen Einzelauftrag platzieren?&#8221; _builder_version=&#8221;4.16&#8243; global_colors_info=&#8221;{}&#8221; theme_builder_area=&#8221;post_content&#8221; open=&#8221;off&#8221;]<\/p>\n<p>Einfachere Auftr\u00e4ge werden gleich am Telefon, auf Wunsch auch per Fax oder E-Mail erledigt. Auftr\u00e4ge mit einem mittleren Arbeitsaufwand werden in der Regel am gleichen Tag, sp\u00e4testens jedoch innerhalb von zwei Arbeitstagen erledigt. Wenn der Arbeitsaufwand voraussichtlich mehr als eine Stunde betr\u00e4gt, wird Ihnen vorg\u00e4ngig mitgeteilt, wie hoch der Aufwand zu stehen kommt und bis zu welchem Zeitpunkt Sie mit dem Resultat rechnen k\u00f6nnen. Werktags zwischen 09.00 -12.00 Uhr und von 14.00 \u2013 17.00 Uhr gew\u00e4hrleistet Sgier und Partner die jederzeitige Erreichbarkeit eines Mitarbeiters.<\/p>\n<p>[\/et_pb_accordion_item][et_pb_accordion_item title=&#8221;Was geschieht, wenn Sgier und Partner mehr Zeit f\u00fcr einen Auftrag ben\u00f6tigt als vorgesehen war?&#8221; _builder_version=&#8221;4.16&#8243; global_colors_info=&#8221;{}&#8221; theme_builder_area=&#8221;post_content&#8221; open=&#8221;off&#8221;]<\/p>\n<p><span>Die effektiven Aufw\u00e4nde werden maximal in der H\u00f6he des vereinbarten Zeitvoranschlages verbucht. \u00dcber den Zeitvoranschlag hinausgehende Aufw\u00e4nde werden Ihnen somit nicht in Rechnung gestellt. Sie haben damit die Gew\u00e4hr, dass die Endabrechnung auch der vorg\u00e4ngig gestellten Offerte entspricht.<\/span><\/p>\n<p>[\/et_pb_accordion_item][et_pb_accordion_item title=&#8221;Wie weiss ich, f\u00fcr welche T\u00e4tigkeit Sgier und Partner welchen Zeitaufwand verbucht?&#8221; _builder_version=&#8221;4.16&#8243; global_colors_info=&#8221;{}&#8221; theme_builder_area=&#8221;post_content&#8221; open=&#8221;off&#8221;]<\/p>\n<p>Nach jedem Einzelberatungsauftrag sowie quartalsweise wird Ihnen ein Auszug \u00fcber Ihr Zeitkonto zugestellt. Damit erhalten Sie Transparenz \u00fcber die einzelnen Belastungen und sehen Ihren aktuellen Kontostand.<\/p>\n<p>[\/et_pb_accordion_item][et_pb_accordion_item title=&#8221;Kann Sgier und Partner mich auch vor Gericht vertreten?&#8221; _builder_version=&#8221;4.16&#8243; global_colors_info=&#8221;{}&#8221; theme_builder_area=&#8221;post_content&#8221; open=&#8221;off&#8221;]<\/p>\n<p>Sgier und Partner ist es ebenso wie einem \u00fcblichen firmeninternen Rechtsdienst aus gesetzlichen Gr\u00fcnden verwehrt, die Prozessf\u00fchrung vor Gericht zu \u00fcbernehmen. Wir k\u00f6nnen Ihnen jedoch einen fachkompetenten Partner und dessen Konditionen nennen, der \u00fcber fundierte Erfahrung in der gerichtlichen Vertretung von Mandanten verf\u00fcgt.<\/p>\n<p>[\/et_pb_accordion_item][et_pb_accordion_item title=&#8221;Wovon profitiere ich, wenn ich einen Beratungsvertrag mit Sgier und Partner abschliesse?&#8221; _builder_version=&#8221;4.16&#8243; global_colors_info=&#8221;{}&#8221; theme_builder_area=&#8221;post_content&#8221; open=&#8221;off&#8221;]<\/p>\n<p>Mit einem Rechtsberatungsvertrag haben Sie Gew\u00e4hr, von Sgier und Partner eine Beratung zu erhalten, die ganz auf Ihre Bed\u00fcrfnisse zugeschnitten ist. Sie k\u00f6nnen die gew\u00fcnschte Anzahl Beratungsstunden frei w\u00e4hlen. In der Regel ab 5 bis 40 Beratungsstunden. Je h\u00f6her Sie die Anzahl Beratungsstunden ansetzen, desto tiefer wird der Stundenansatz festgelegt. Sollte Ihnen die vereinbarte Gesamtstundenzahl nicht gen\u00fcgen, k\u00f6nnen Sie jederzeit zus\u00e4tzliche Beratungsstunden in einem Mindestumfang von 5 Stunden buchen.<\/p>\n<p>[\/et_pb_accordion_item][et_pb_accordion_item title=&#8221;Wie lange kann ich die von Sgier und Partner angebotene Beratung beanspruchen?&#8221; _builder_version=&#8221;4.16&#8243; global_colors_info=&#8221;{}&#8221; theme_builder_area=&#8221;post_content&#8221; open=&#8221;off&#8221;]<\/p>\n<p>Die Dauer des mit Sgier und Partner abgeschlossenen Vertrages ist unbeschr\u00e4nkt. Wenn Sie w\u00e4hrend zwei Jahren keine Beratungsleistungen beanspruchen, so wird Ihnen \u2013 vorbehaltlich einer anders lautenden Stellungnahme Ihrerseits \u2013 90% Ihres Guthabens r\u00fcckverg\u00fctet.<\/p>\n<p>[\/et_pb_accordion_item][et_pb_accordion_item title=&#8221;Kann ich als Kunde vom Beratungsvertrag mit Sgier und Partner zur\u00fccktreten?&#8221; _builder_version=&#8221;4.16&#8243; global_colors_info=&#8221;{}&#8221; theme_builder_area=&#8221;post_content&#8221; open=&#8221;off&#8221;]<\/p>\n<p>Sie k\u00f6nnen jederzeit vom Rechtsberatungsvertrag zur\u00fccktreten, ohne jegliche Begr\u00fcndung gegen\u00fcber Sgier und Partner. Unter Abzug einer Unkostenpauschale von 10% wird Ihnen der Restwert der im Voraus gekauften Beratungsstunden zur\u00fcck erstattet.<\/p>\n<p>[\/et_pb_accordion_item][\/et_pb_accordion][\/et_pb_column][\/et_pb_row][\/et_pb_section]<\/p>\n","protected":false},"excerpt":{"rendered":"<p>Als Erg\u00e4nzung des firmeneigenen Rechtsdienstes: Speziell im Arbeits- und Sozialversicherungsrecht, aber auch bei Fragen des Vertrags- und Gesellschafts-rechts k\u00f6nnen Sie sich auf unser hundertprozentiges Engagement verlassen.<\/p>\n","protected":false},"author":1,"featured_media":3209,"parent":0,"menu_order":0,"comment_status":"closed","ping_status":"closed","template":"","meta":{"_et_pb_use_builder":"on","_et_pb_old_content":"","_et_gb_content_width":"","footnotes":""},"wf_page_folders":[90],"class_list":["post-2104","page","type-page","status-publish","has-post-thumbnail","hentry"],"yoast_head":"<!-- This site is optimized with the Yoast SEO plugin v27.4 - https:\/\/yoast.com\/product\/yoast-seo-wordpress\/ -->\n<title>Rechtsberatung zu Ausl\u00e4nderfragen + Arbeitsbewilligungen - Workpermit + Arbeitsbewilligungen Spezialist<\/title>\n<meta name=\"description\" content=\"Pr\u00e4zis, schnell und unkompliziert unterst\u00fctzt Sie unser Rechtsdienst in allen juristischen Belangen um Ausl\u00e4nder, Arbeits- und Sozialversicherungsrecht.\" \/>\n<meta name=\"robots\" content=\"index, follow, max-snippet:-1, max-image-preview:large, max-video-preview:-1\" \/>\n<link rel=\"canonical\" href=\"https:\/\/sgierpartner.ch\/de\/rechtsberatung\/\" \/>\n<meta property=\"og:locale\" content=\"de_DE\" \/>\n<meta property=\"og:type\" content=\"article\" \/>\n<meta property=\"og:title\" content=\"Rechtsberatung zu Ausl\u00e4nderfragen + Arbeitsbewilligungen - Workpermit + Arbeitsbewilligungen Spezialist\" \/>\n<meta property=\"og:description\" content=\"Pr\u00e4zis, schnell und unkompliziert unterst\u00fctzt Sie unser Rechtsdienst in allen juristischen Belangen um Ausl\u00e4nder, Arbeits- und Sozialversicherungsrecht.\" \/>\n<meta property=\"og:url\" content=\"https:\/\/sgierpartner.ch\/de\/rechtsberatung\/\" \/>\n<meta property=\"og:site_name\" content=\"Workpermit + Arbeitsbewilligungen Spezialist\" \/>\n<meta property=\"article:modified_time\" content=\"2025-10-04T10:46:13+00:00\" \/>\n<meta property=\"og:image\" content=\"https:\/\/sgierpartner.ch\/wp-content\/uploads\/Welcome-to-Switzerland-Entrepreneur.jpg\" \/>\n\t<meta property=\"og:image:width\" content=\"2400\" \/>\n\t<meta property=\"og:image:height\" content=\"1350\" \/>\n\t<meta property=\"og:image:type\" content=\"image\/jpeg\" \/>\n<meta name=\"twitter:card\" content=\"summary_large_image\" \/>\n<meta name=\"twitter:label1\" content=\"Gesch\u00e4tzte Lesezeit\" \/>\n\t<meta name=\"twitter:data1\" content=\"8\u00a0Minuten\" \/>\n<script type=\"application\/ld+json\" class=\"yoast-schema-graph\">{\"@context\":\"https:\\\/\\\/schema.org\",\"@graph\":[{\"@type\":\"WebPage\",\"@id\":\"https:\\\/\\\/sgierpartner.ch\\\/de\\\/rechtsberatung\\\/\",\"url\":\"https:\\\/\\\/sgierpartner.ch\\\/de\\\/rechtsberatung\\\/\",\"name\":\"Rechtsberatung zu Ausl\u00e4nderfragen + Arbeitsbewilligungen - Workpermit + Arbeitsbewilligungen Spezialist\",\"isPartOf\":{\"@id\":\"https:\\\/\\\/sgierpartner.ch\\\/de\\\/#website\"},\"primaryImageOfPage\":{\"@id\":\"https:\\\/\\\/sgierpartner.ch\\\/de\\\/rechtsberatung\\\/#primaryimage\"},\"image\":{\"@id\":\"https:\\\/\\\/sgierpartner.ch\\\/de\\\/rechtsberatung\\\/#primaryimage\"},\"thumbnailUrl\":\"https:\\\/\\\/sgierpartner.ch\\\/wp-content\\\/uploads\\\/Welcome-to-Switzerland-Entrepreneur.jpg\",\"datePublished\":\"2020-04-19T17:31:17+00:00\",\"dateModified\":\"2025-10-04T10:46:13+00:00\",\"description\":\"Pr\u00e4zis, schnell und unkompliziert unterst\u00fctzt Sie unser Rechtsdienst in allen juristischen Belangen um Ausl\u00e4nder, Arbeits- und Sozialversicherungsrecht.\",\"breadcrumb\":{\"@id\":\"https:\\\/\\\/sgierpartner.ch\\\/de\\\/rechtsberatung\\\/#breadcrumb\"},\"inLanguage\":\"de\",\"potentialAction\":[{\"@type\":\"ReadAction\",\"target\":[\"https:\\\/\\\/sgierpartner.ch\\\/de\\\/rechtsberatung\\\/\"]}]},{\"@type\":\"ImageObject\",\"inLanguage\":\"de\",\"@id\":\"https:\\\/\\\/sgierpartner.ch\\\/de\\\/rechtsberatung\\\/#primaryimage\",\"url\":\"https:\\\/\\\/sgierpartner.ch\\\/wp-content\\\/uploads\\\/Welcome-to-Switzerland-Entrepreneur.jpg\",\"contentUrl\":\"https:\\\/\\\/sgierpartner.ch\\\/wp-content\\\/uploads\\\/Welcome-to-Switzerland-Entrepreneur.jpg\",\"width\":2400,\"height\":1350,\"caption\":\"swiss immigration + relocation services in Switzerland: Zurich, Geneva, Zug, Lugano, Basle, Berne, Lausanne\"},{\"@type\":\"BreadcrumbList\",\"@id\":\"https:\\\/\\\/sgierpartner.ch\\\/de\\\/rechtsberatung\\\/#breadcrumb\",\"itemListElement\":[{\"@type\":\"ListItem\",\"position\":1,\"name\":\"Startseite\",\"item\":\"https:\\\/\\\/sgierpartner.ch\\\/de\\\/\"},{\"@type\":\"ListItem\",\"position\":2,\"name\":\"Rechtsberatung\"}]},{\"@type\":\"WebSite\",\"@id\":\"https:\\\/\\\/sgierpartner.ch\\\/de\\\/#website\",\"url\":\"https:\\\/\\\/sgierpartner.ch\\\/de\\\/\",\"name\":\"Sgier+Partner\",\"description\":\"swiss immigration+relocation\",\"publisher\":{\"@id\":\"https:\\\/\\\/sgierpartner.ch\\\/de\\\/#organization\"},\"potentialAction\":[{\"@type\":\"SearchAction\",\"target\":{\"@type\":\"EntryPoint\",\"urlTemplate\":\"https:\\\/\\\/sgierpartner.ch\\\/de\\\/?s={search_term_string}\"},\"query-input\":{\"@type\":\"PropertyValueSpecification\",\"valueRequired\":true,\"valueName\":\"search_term_string\"}}],\"inLanguage\":\"de\"},{\"@type\":\"Organization\",\"@id\":\"https:\\\/\\\/sgierpartner.ch\\\/de\\\/#organization\",\"name\":\"Sgier + Partner GmbH\",\"url\":\"https:\\\/\\\/sgierpartner.ch\\\/de\\\/\",\"logo\":{\"@type\":\"ImageObject\",\"inLanguage\":\"de\",\"@id\":\"https:\\\/\\\/sgierpartner.ch\\\/de\\\/#\\\/schema\\\/logo\\\/image\\\/\",\"url\":\"https:\\\/\\\/sgierpartner.ch\\\/wp-content\\\/uploads\\\/SP-Logo-Footer-farbig.png\",\"contentUrl\":\"https:\\\/\\\/sgierpartner.ch\\\/wp-content\\\/uploads\\\/SP-Logo-Footer-farbig.png\",\"width\":2058,\"height\":326,\"caption\":\"Sgier + Partner GmbH\"},\"image\":{\"@id\":\"https:\\\/\\\/sgierpartner.ch\\\/de\\\/#\\\/schema\\\/logo\\\/image\\\/\"}}]}<\/script>\n<!-- \/ Yoast SEO plugin. -->","yoast_head_json":{"title":"Rechtsberatung zu Ausl\u00e4nderfragen + Arbeitsbewilligungen - Workpermit + Arbeitsbewilligungen Spezialist","description":"Pr\u00e4zis, schnell und unkompliziert unterst\u00fctzt Sie unser Rechtsdienst in allen juristischen Belangen um Ausl\u00e4nder, Arbeits- und Sozialversicherungsrecht.","robots":{"index":"index","follow":"follow","max-snippet":"max-snippet:-1","max-image-preview":"max-image-preview:large","max-video-preview":"max-video-preview:-1"},"canonical":"https:\/\/sgierpartner.ch\/de\/rechtsberatung\/","og_locale":"de_DE","og_type":"article","og_title":"Rechtsberatung zu Ausl\u00e4nderfragen + Arbeitsbewilligungen - Workpermit + Arbeitsbewilligungen Spezialist","og_description":"Pr\u00e4zis, schnell und unkompliziert unterst\u00fctzt Sie unser Rechtsdienst in allen juristischen Belangen um Ausl\u00e4nder, Arbeits- und Sozialversicherungsrecht.","og_url":"https:\/\/sgierpartner.ch\/de\/rechtsberatung\/","og_site_name":"Workpermit + Arbeitsbewilligungen Spezialist","article_modified_time":"2025-10-04T10:46:13+00:00","og_image":[{"width":2400,"height":1350,"url":"https:\/\/sgierpartner.ch\/wp-content\/uploads\/Welcome-to-Switzerland-Entrepreneur.jpg","type":"image\/jpeg"}],"twitter_card":"summary_large_image","twitter_misc":{"Gesch\u00e4tzte Lesezeit":"8\u00a0Minuten"},"schema":{"@context":"https:\/\/schema.org","@graph":[{"@type":"WebPage","@id":"https:\/\/sgierpartner.ch\/de\/rechtsberatung\/","url":"https:\/\/sgierpartner.ch\/de\/rechtsberatung\/","name":"Rechtsberatung zu Ausl\u00e4nderfragen + Arbeitsbewilligungen - Workpermit + Arbeitsbewilligungen Spezialist","isPartOf":{"@id":"https:\/\/sgierpartner.ch\/de\/#website"},"primaryImageOfPage":{"@id":"https:\/\/sgierpartner.ch\/de\/rechtsberatung\/#primaryimage"},"image":{"@id":"https:\/\/sgierpartner.ch\/de\/rechtsberatung\/#primaryimage"},"thumbnailUrl":"https:\/\/sgierpartner.ch\/wp-content\/uploads\/Welcome-to-Switzerland-Entrepreneur.jpg","datePublished":"2020-04-19T17:31:17+00:00","dateModified":"2025-10-04T10:46:13+00:00","description":"Pr\u00e4zis, schnell und unkompliziert unterst\u00fctzt Sie unser Rechtsdienst in allen juristischen Belangen um Ausl\u00e4nder, Arbeits- und Sozialversicherungsrecht.","breadcrumb":{"@id":"https:\/\/sgierpartner.ch\/de\/rechtsberatung\/#breadcrumb"},"inLanguage":"de","potentialAction":[{"@type":"ReadAction","target":["https:\/\/sgierpartner.ch\/de\/rechtsberatung\/"]}]},{"@type":"ImageObject","inLanguage":"de","@id":"https:\/\/sgierpartner.ch\/de\/rechtsberatung\/#primaryimage","url":"https:\/\/sgierpartner.ch\/wp-content\/uploads\/Welcome-to-Switzerland-Entrepreneur.jpg","contentUrl":"https:\/\/sgierpartner.ch\/wp-content\/uploads\/Welcome-to-Switzerland-Entrepreneur.jpg","width":2400,"height":1350,"caption":"swiss immigration + relocation services in Switzerland: Zurich, Geneva, Zug, Lugano, Basle, Berne, Lausanne"},{"@type":"BreadcrumbList","@id":"https:\/\/sgierpartner.ch\/de\/rechtsberatung\/#breadcrumb","itemListElement":[{"@type":"ListItem","position":1,"name":"Startseite","item":"https:\/\/sgierpartner.ch\/de\/"},{"@type":"ListItem","position":2,"name":"Rechtsberatung"}]},{"@type":"WebSite","@id":"https:\/\/sgierpartner.ch\/de\/#website","url":"https:\/\/sgierpartner.ch\/de\/","name":"Sgier+Partner","description":"swiss immigration+relocation","publisher":{"@id":"https:\/\/sgierpartner.ch\/de\/#organization"},"potentialAction":[{"@type":"SearchAction","target":{"@type":"EntryPoint","urlTemplate":"https:\/\/sgierpartner.ch\/de\/?s={search_term_string}"},"query-input":{"@type":"PropertyValueSpecification","valueRequired":true,"valueName":"search_term_string"}}],"inLanguage":"de"},{"@type":"Organization","@id":"https:\/\/sgierpartner.ch\/de\/#organization","name":"Sgier + Partner GmbH","url":"https:\/\/sgierpartner.ch\/de\/","logo":{"@type":"ImageObject","inLanguage":"de","@id":"https:\/\/sgierpartner.ch\/de\/#\/schema\/logo\/image\/","url":"https:\/\/sgierpartner.ch\/wp-content\/uploads\/SP-Logo-Footer-farbig.png","contentUrl":"https:\/\/sgierpartner.ch\/wp-content\/uploads\/SP-Logo-Footer-farbig.png","width":2058,"height":326,"caption":"Sgier + Partner GmbH"},"image":{"@id":"https:\/\/sgierpartner.ch\/de\/#\/schema\/logo\/image\/"}}]}},"_links":{"self":[{"href":"https:\/\/sgierpartner.ch\/de\/wp-json\/wp\/v2\/pages\/2104","targetHints":{"allow":["GET"]}}],"collection":[{"href":"https:\/\/sgierpartner.ch\/de\/wp-json\/wp\/v2\/pages"}],"about":[{"href":"https:\/\/sgierpartner.ch\/de\/wp-json\/wp\/v2\/types\/page"}],"author":[{"embeddable":true,"href":"https:\/\/sgierpartner.ch\/de\/wp-json\/wp\/v2\/users\/1"}],"replies":[{"embeddable":true,"href":"https:\/\/sgierpartner.ch\/de\/wp-json\/wp\/v2\/comments?post=2104"}],"version-history":[{"count":1,"href":"https:\/\/sgierpartner.ch\/de\/wp-json\/wp\/v2\/pages\/2104\/revisions"}],"predecessor-version":[{"id":8337,"href":"https:\/\/sgierpartner.ch\/de\/wp-json\/wp\/v2\/pages\/2104\/revisions\/8337"}],"wp:featuredmedia":[{"embeddable":true,"href":"https:\/\/sgierpartner.ch\/de\/wp-json\/wp\/v2\/media\/3209"}],"wp:attachment":[{"href":"https:\/\/sgierpartner.ch\/de\/wp-json\/wp\/v2\/media?parent=2104"}],"wp:term":[{"taxonomy":"wf_page_folders","embeddable":true,"href":"https:\/\/sgierpartner.ch\/de\/wp-json\/wp\/v2\/wf_page_folders?post=2104"}],"curies":[{"name":"wp","href":"https:\/\/api.w.org\/{rel}","templated":true}]}}