{"id":2108,"date":"2020-04-19T19:36:21","date_gmt":"2020-04-19T17:36:21","guid":{"rendered":"http:\/\/975ciacxzt.preview.infomaniak.website\/sgierpartner\/?page_id=2108"},"modified":"2021-06-07T21:57:43","modified_gmt":"2021-06-07T19:57:43","slug":"relocation","status":"publish","type":"page","link":"https:\/\/sgierpartner.ch\/de\/relocation\/","title":{"rendered":"Relocation"},"content":{"rendered":"<p>[et_pb_section fb_built=&#8221;1&#8243; fullwidth=&#8221;on&#8221; _builder_version=&#8221;4.4.3&#8243;][et_pb_fullwidth_image src=&#8221;https:\/\/sgierpartner.ch\/wp-content\/uploads\/Header-Sgier-Matterhorn-immigration-relcoation.jpg&#8221; alt=&#8221;Welcome to Switzerland &#8211; swiss immigration + relocations services&#8221; title_text=&#8221;Welcome to Switzerland &#8211; swiss immigration + relocations services&#8221; _builder_version=&#8221;4.4.7&#8243;][\/et_pb_fullwidth_image][\/et_pb_section][et_pb_section fb_built=&#8221;1&#8243; _builder_version=&#8221;4.4.3&#8243;][et_pb_row _builder_version=&#8221;4.4.3&#8243; custom_margin=&#8221;0px||||false|false&#8221;][et_pb_column type=&#8221;4_4&#8243; _builder_version=&#8221;4.4.3&#8243;][et_pb_text _builder_version=&#8221;4.4.3&#8243; custom_margin=&#8221;||||false|false&#8221;]<\/p>\n<h1>Relocation Services<\/h1>\n<p>[\/et_pb_text][et_pb_menu menu_id=&#8221;44&#8243; disabled_on=&#8221;on|off|off&#8221; _builder_version=&#8221;4.4.7&#8243;][\/et_pb_menu][\/et_pb_column][\/et_pb_row][et_pb_row column_structure=&#8221;3_5,2_5&#8243; _builder_version=&#8221;4.4.3&#8243;][et_pb_column type=&#8221;3_5&#8243; _builder_version=&#8221;4.4.3&#8243;][et_pb_text _builder_version=&#8221;4.4.7&#8243;]<\/p>\n<h4><span>Sgier + Partner ist Ihr kompetener Partner bei der \u00dcbersiedlung von Mitarbeitenden und Unternehmen in die Schweiz.<\/span><\/h4>\n<p>[\/et_pb_text][et_pb_image src=&#8221;https:\/\/sgierpartner.ch\/wp-content\/uploads\/Immigration-to-Switzerland-SgierPartner-1024&#215;576.jpg&#8221; alt=&#8221;Relocation Services | Partner f\u00fcr \u00dcbersiedlung in die Schweiz&#8221; title_text=&#8221;Immigration to Switzerland Sgier + Partner&#8221; _builder_version=&#8221;4.4.7&#8243;][\/et_pb_image][et_pb_text _builder_version=&#8221;4.4.3&#8243;]<\/p>\n<p><span>Wir verf\u00fcgen in dieser Disziplin \u00fcber langj\u00e4hrige nationale und internationale Erfahrung. Anhand der spezifischen Anforderungen unserer Kunden entwickeln wir individuelle Gesamtl\u00f6sungen f\u00fcr einen erfolgreichen Wohn- und Standortwechsel. Unser Team ist erstklassig qualifiziert, vielseitig spezialisiert, zuverl\u00e4ssig \u00a0und arbeitet mit grossem pers\u00f6nlichem Engagement. Wir wissen, wie wichtig zuh\u00f6ren ist und analysieren, schaffen Orientierung, Vertrauen und Sicherheit auf dem Weg in ein neues Lebensumfeld. F\u00fcr uns ist jeder Kunde einzigartig, speziell und mit eigener Pers\u00f6nlichkeit. Dem tragen wir mit besonderer Aufmerksamkeit Sorge. Wir besch\u00e4ftigen nur erfahrene Senior Relocation Consultants, denn unsere Kunden wollen Top Beratung und Unterst\u00fctzung und vor allem fundierte Antworten auf ihre vielen wichtigen Fragen.<\/span><\/p>\n<p>[\/et_pb_text][et_pb_image src=&#8221;https:\/\/sgierpartner.ch\/wp-content\/uploads\/relocation_de-relocation-destination-schweiz.png&#8221; alt=&#8221;Relocation Prozess &#8211; Sgier und Partner&#8221; title_text=&#8221;Relocation Prozess | swiss immigration + relocation services&#8221; show_in_lightbox=&#8221;on&#8221; _builder_version=&#8221;4.4.7&#8243;][\/et_pb_image][\/et_pb_column][et_pb_column type=&#8221;2_5&#8243; _builder_version=&#8221;4.4.3&#8243;][et_pb_cta title=&#8221;The Power of \u00b2&#8221; button_url=&#8221;@ET-DC@eyJkeW5hbWljIjp0cnVlLCJjb250ZW50IjoicG9zdF9saW5rX3VybF9wb3N0Iiwic2V0dGluZ3MiOnsicG9zdF9pZCI6IjY1ODEifX0=@&#8221; button_text=&#8221;Mehr lesen&#8221; disabled_on=&#8221;off|off|off&#8221; _builder_version=&#8221;4.9.4&#8243; _dynamic_attributes=&#8221;button_url&#8221; _module_preset=&#8221;default&#8221; header_level=&#8221;h2&#8243; custom_button=&#8221;on&#8221; button_text_color=&#8221;#4361EE&#8221; button_bg_color=&#8221;#FFFFFF&#8221; button_border_width=&#8221;0px&#8221; button_border_radius=&#8221;12px&#8221; custom_padding=&#8221;|20px|30px|20px|false|false&#8221; hover_enabled=&#8221;0&#8243; button_text_color__hover_enabled=&#8221;on|desktop&#8221; sticky_enabled=&#8221;0&#8243;]<\/p>\n<p><strong>Sgier + Partner und Packimpex st\u00e4rken ihre erfolgreiche strategische Partnerschaft.<\/strong><\/p>\n<p>Sgier + Partner und Packimpex gehen eine exklusive strategische Partnerschaft ein und werden in Zukunft ihre Privat- und Firmenkunden gemeinsam betreuen. Unterst\u00fctzt durch die preisgekr\u00f6nte Collaboration-Technologie k\u00f6nnen die beiden Unternehmen einen integrierten und aktiv koordinierten Ansatz f\u00fcr hochwertige Destinations- und Immigrationsdienstleistungen anbieten.<\/p>\n<p>[\/et_pb_cta][et_pb_text _builder_version=&#8221;4.4.6&#8243;]<\/p>\n<blockquote>\n<p>Sgier + Partner hat in der Schweiz unter anderem schon f\u00fcr \u00fcber 3000 Expat-Familien ein wunderbares Zuhause gefunden.<\/p>\n<\/blockquote>\n<p>[\/et_pb_text][et_pb_cta title=&#8221;Relocation Profi einbeziehen&#8221; button_url=&#8221;@ET-DC@eyJkeW5hbWljIjp0cnVlLCJjb250ZW50IjoicG9zdF9saW5rX3VybF9wYWdlIiwic2V0dGluZ3MiOnsicG9zdF9pZCI6IjIxMTcifX0=@&#8221; button_text=&#8221;Zu den Relocation Programmen&#8221; _builder_version=&#8221;4.4.3&#8243; _dynamic_attributes=&#8221;button_url,link_option_url&#8221; custom_button=&#8221;on&#8221; button_text_color=&#8221;#e11a24&#8243; button_bg_color=&#8221;#ffffff&#8221; button_border_radius=&#8221;12px&#8221; link_option_url=&#8221;@ET-DC@eyJkeW5hbWljIjp0cnVlLCJjb250ZW50IjoicG9zdF9saW5rX3VybF9wYWdlIiwic2V0dGluZ3MiOnsicG9zdF9pZCI6IjIxMTcifX0=@&#8221; button_text_color__hover_enabled=&#8221;on|hover&#8221; button_text_color__hover=&#8221;#011ca7&#8243;]<\/p>\n<p><span>Wir als Expatriates und Relocation Dienstleister besitzen eine grosse Erfahrung und machen die \u00dcbersiedlung zu einem sicheren Erfolg. Auch ist es nicht unwesentlich, die zeitlichen Aspekte zu ber\u00fccksichtigen: So dauert es zum Beispiel in der Schweiz je nach Kanton zwei bis acht Wochen, um eine Aufenthalts- oder Arbeitsbewilligung zu erhalten.<\/span><\/p>\n<p>[\/et_pb_cta][\/et_pb_column][\/et_pb_row][\/et_pb_section]<\/p>\n","protected":false},"excerpt":{"rendered":"<p>Sgier + Partner ist Ihr kompetener Partner bei der \u00dcbersiedlung von Mitarbeitenden und Unternehmen in die Schweiz. Wir verf\u00fcgen in dieser Disziplin \u00fcber langj\u00e4hrige nationale und internationale Erfahrung. Anhand der spezifischen Anforderungen unserer Kunden entwickeln wir individuelle Gesamtl\u00f6sungen f\u00fcr einen erfolgreichen Wohn- und Standortwechsel. <\/p>\n","protected":false},"author":1,"featured_media":3874,"parent":0,"menu_order":0,"comment_status":"closed","ping_status":"closed","template":"","meta":{"_et_pb_use_builder":"on","_et_pb_old_content":"","_et_gb_content_width":"","footnotes":""},"wf_page_folders":[87],"class_list":["post-2108","page","type-page","status-publish","has-post-thumbnail","hentry"],"yoast_head":"<!-- This site is optimized with the Yoast SEO plugin v27.3 - https:\/\/yoast.com\/product\/yoast-seo-wordpress\/ -->\n<title>\u00dcbersiedlung Mitarbeiter + Unternehmen in die Schweiz - Workpermit + Arbeitsbewilligungen Spezialist<\/title>\n<meta name=\"description\" content=\"Sgier + Partner ist Ihr kompetener Partner bei der \u00dcbersiedlung von Mitarbeitenden und Unternehmen in die Schweiz: Destination und Relocation Services\" \/>\n<meta name=\"robots\" content=\"index, follow, max-snippet:-1, max-image-preview:large, max-video-preview:-1\" \/>\n<link rel=\"canonical\" href=\"https:\/\/sgierpartner.ch\/de\/relocation\/\" \/>\n<meta property=\"og:locale\" content=\"de_DE\" \/>\n<meta property=\"og:type\" content=\"article\" \/>\n<meta property=\"og:title\" content=\"\u00dcbersiedlung Mitarbeiter + Unternehmen in die Schweiz - Workpermit + Arbeitsbewilligungen Spezialist\" \/>\n<meta property=\"og:description\" content=\"Sgier + Partner ist Ihr kompetener Partner bei der \u00dcbersiedlung von Mitarbeitenden und Unternehmen in die Schweiz: Destination und Relocation Services\" \/>\n<meta property=\"og:url\" content=\"https:\/\/sgierpartner.ch\/de\/relocation\/\" \/>\n<meta property=\"og:site_name\" content=\"Workpermit + Arbeitsbewilligungen Spezialist\" \/>\n<meta property=\"article:modified_time\" content=\"2021-06-07T19:57:43+00:00\" \/>\n<meta property=\"og:image\" content=\"https:\/\/sgierpartner.ch\/wp-content\/uploads\/Welcome-to-Switzerland-Matterhorn-1.jpg\" \/>\n\t<meta property=\"og:image:width\" content=\"1600\" \/>\n\t<meta property=\"og:image:height\" content=\"900\" \/>\n\t<meta property=\"og:image:type\" content=\"image\/jpeg\" \/>\n<meta name=\"twitter:card\" content=\"summary_large_image\" \/>\n<meta name=\"twitter:label1\" content=\"Gesch\u00e4tzte Lesezeit\" \/>\n\t<meta name=\"twitter:data1\" content=\"3\u00a0Minuten\" \/>\n<script type=\"application\/ld+json\" class=\"yoast-schema-graph\">{\"@context\":\"https:\\\/\\\/schema.org\",\"@graph\":[{\"@type\":\"WebPage\",\"@id\":\"https:\\\/\\\/sgierpartner.ch\\\/de\\\/relocation\\\/\",\"url\":\"https:\\\/\\\/sgierpartner.ch\\\/de\\\/relocation\\\/\",\"name\":\"\u00dcbersiedlung Mitarbeiter + Unternehmen in die Schweiz - Workpermit + Arbeitsbewilligungen Spezialist\",\"isPartOf\":{\"@id\":\"https:\\\/\\\/sgierpartner.ch\\\/de\\\/#website\"},\"primaryImageOfPage\":{\"@id\":\"https:\\\/\\\/sgierpartner.ch\\\/de\\\/relocation\\\/#primaryimage\"},\"image\":{\"@id\":\"https:\\\/\\\/sgierpartner.ch\\\/de\\\/relocation\\\/#primaryimage\"},\"thumbnailUrl\":\"https:\\\/\\\/sgierpartner.ch\\\/wp-content\\\/uploads\\\/Welcome-to-Switzerland-Matterhorn-1.jpg\",\"datePublished\":\"2020-04-19T17:36:21+00:00\",\"dateModified\":\"2021-06-07T19:57:43+00:00\",\"description\":\"Sgier + Partner ist Ihr kompetener Partner bei der \u00dcbersiedlung von Mitarbeitenden und Unternehmen in die Schweiz: Destination und Relocation Services\",\"breadcrumb\":{\"@id\":\"https:\\\/\\\/sgierpartner.ch\\\/de\\\/relocation\\\/#breadcrumb\"},\"inLanguage\":\"de\",\"potentialAction\":[{\"@type\":\"ReadAction\",\"target\":[\"https:\\\/\\\/sgierpartner.ch\\\/de\\\/relocation\\\/\"]}]},{\"@type\":\"ImageObject\",\"inLanguage\":\"de\",\"@id\":\"https:\\\/\\\/sgierpartner.ch\\\/de\\\/relocation\\\/#primaryimage\",\"url\":\"https:\\\/\\\/sgierpartner.ch\\\/wp-content\\\/uploads\\\/Welcome-to-Switzerland-Matterhorn-1.jpg\",\"contentUrl\":\"https:\\\/\\\/sgierpartner.ch\\\/wp-content\\\/uploads\\\/Welcome-to-Switzerland-Matterhorn-1.jpg\",\"width\":1600,\"height\":900,\"caption\":\"swiss immigration + relocation services in Switzerland: Zurich, Geneva, Zug, Lugano, Basle, Berne, Lausanne\"},{\"@type\":\"BreadcrumbList\",\"@id\":\"https:\\\/\\\/sgierpartner.ch\\\/de\\\/relocation\\\/#breadcrumb\",\"itemListElement\":[{\"@type\":\"ListItem\",\"position\":1,\"name\":\"Startseite\",\"item\":\"https:\\\/\\\/sgierpartner.ch\\\/de\\\/\"},{\"@type\":\"ListItem\",\"position\":2,\"name\":\"Relocation\"}]},{\"@type\":\"WebSite\",\"@id\":\"https:\\\/\\\/sgierpartner.ch\\\/de\\\/#website\",\"url\":\"https:\\\/\\\/sgierpartner.ch\\\/de\\\/\",\"name\":\"Sgier+Partner\",\"description\":\"swiss immigration+relocation\",\"publisher\":{\"@id\":\"https:\\\/\\\/sgierpartner.ch\\\/de\\\/#organization\"},\"potentialAction\":[{\"@type\":\"SearchAction\",\"target\":{\"@type\":\"EntryPoint\",\"urlTemplate\":\"https:\\\/\\\/sgierpartner.ch\\\/de\\\/?s={search_term_string}\"},\"query-input\":{\"@type\":\"PropertyValueSpecification\",\"valueRequired\":true,\"valueName\":\"search_term_string\"}}],\"inLanguage\":\"de\"},{\"@type\":\"Organization\",\"@id\":\"https:\\\/\\\/sgierpartner.ch\\\/de\\\/#organization\",\"name\":\"Sgier + Partner GmbH\",\"url\":\"https:\\\/\\\/sgierpartner.ch\\\/de\\\/\",\"logo\":{\"@type\":\"ImageObject\",\"inLanguage\":\"de\",\"@id\":\"https:\\\/\\\/sgierpartner.ch\\\/de\\\/#\\\/schema\\\/logo\\\/image\\\/\",\"url\":\"https:\\\/\\\/sgierpartner.ch\\\/wp-content\\\/uploads\\\/SP-Logo-Footer-farbig.png\",\"contentUrl\":\"https:\\\/\\\/sgierpartner.ch\\\/wp-content\\\/uploads\\\/SP-Logo-Footer-farbig.png\",\"width\":2058,\"height\":326,\"caption\":\"Sgier + Partner GmbH\"},\"image\":{\"@id\":\"https:\\\/\\\/sgierpartner.ch\\\/de\\\/#\\\/schema\\\/logo\\\/image\\\/\"}}]}<\/script>\n<!-- \/ Yoast SEO plugin. -->","yoast_head_json":{"title":"\u00dcbersiedlung Mitarbeiter + Unternehmen in die Schweiz - Workpermit + Arbeitsbewilligungen Spezialist","description":"Sgier + Partner ist Ihr kompetener Partner bei der \u00dcbersiedlung von Mitarbeitenden und Unternehmen in die Schweiz: Destination und Relocation Services","robots":{"index":"index","follow":"follow","max-snippet":"max-snippet:-1","max-image-preview":"max-image-preview:large","max-video-preview":"max-video-preview:-1"},"canonical":"https:\/\/sgierpartner.ch\/de\/relocation\/","og_locale":"de_DE","og_type":"article","og_title":"\u00dcbersiedlung Mitarbeiter + Unternehmen in die Schweiz - Workpermit + Arbeitsbewilligungen Spezialist","og_description":"Sgier + Partner ist Ihr kompetener Partner bei der \u00dcbersiedlung von Mitarbeitenden und Unternehmen in die Schweiz: Destination und Relocation Services","og_url":"https:\/\/sgierpartner.ch\/de\/relocation\/","og_site_name":"Workpermit + Arbeitsbewilligungen Spezialist","article_modified_time":"2021-06-07T19:57:43+00:00","og_image":[{"width":1600,"height":900,"url":"https:\/\/sgierpartner.ch\/wp-content\/uploads\/Welcome-to-Switzerland-Matterhorn-1.jpg","type":"image\/jpeg"}],"twitter_card":"summary_large_image","twitter_misc":{"Gesch\u00e4tzte Lesezeit":"3\u00a0Minuten"},"schema":{"@context":"https:\/\/schema.org","@graph":[{"@type":"WebPage","@id":"https:\/\/sgierpartner.ch\/de\/relocation\/","url":"https:\/\/sgierpartner.ch\/de\/relocation\/","name":"\u00dcbersiedlung Mitarbeiter + Unternehmen in die Schweiz - Workpermit + Arbeitsbewilligungen Spezialist","isPartOf":{"@id":"https:\/\/sgierpartner.ch\/de\/#website"},"primaryImageOfPage":{"@id":"https:\/\/sgierpartner.ch\/de\/relocation\/#primaryimage"},"image":{"@id":"https:\/\/sgierpartner.ch\/de\/relocation\/#primaryimage"},"thumbnailUrl":"https:\/\/sgierpartner.ch\/wp-content\/uploads\/Welcome-to-Switzerland-Matterhorn-1.jpg","datePublished":"2020-04-19T17:36:21+00:00","dateModified":"2021-06-07T19:57:43+00:00","description":"Sgier + Partner ist Ihr kompetener Partner bei der \u00dcbersiedlung von Mitarbeitenden und Unternehmen in die Schweiz: Destination und Relocation Services","breadcrumb":{"@id":"https:\/\/sgierpartner.ch\/de\/relocation\/#breadcrumb"},"inLanguage":"de","potentialAction":[{"@type":"ReadAction","target":["https:\/\/sgierpartner.ch\/de\/relocation\/"]}]},{"@type":"ImageObject","inLanguage":"de","@id":"https:\/\/sgierpartner.ch\/de\/relocation\/#primaryimage","url":"https:\/\/sgierpartner.ch\/wp-content\/uploads\/Welcome-to-Switzerland-Matterhorn-1.jpg","contentUrl":"https:\/\/sgierpartner.ch\/wp-content\/uploads\/Welcome-to-Switzerland-Matterhorn-1.jpg","width":1600,"height":900,"caption":"swiss immigration + relocation services in Switzerland: Zurich, Geneva, Zug, Lugano, Basle, Berne, Lausanne"},{"@type":"BreadcrumbList","@id":"https:\/\/sgierpartner.ch\/de\/relocation\/#breadcrumb","itemListElement":[{"@type":"ListItem","position":1,"name":"Startseite","item":"https:\/\/sgierpartner.ch\/de\/"},{"@type":"ListItem","position":2,"name":"Relocation"}]},{"@type":"WebSite","@id":"https:\/\/sgierpartner.ch\/de\/#website","url":"https:\/\/sgierpartner.ch\/de\/","name":"Sgier+Partner","description":"swiss immigration+relocation","publisher":{"@id":"https:\/\/sgierpartner.ch\/de\/#organization"},"potentialAction":[{"@type":"SearchAction","target":{"@type":"EntryPoint","urlTemplate":"https:\/\/sgierpartner.ch\/de\/?s={search_term_string}"},"query-input":{"@type":"PropertyValueSpecification","valueRequired":true,"valueName":"search_term_string"}}],"inLanguage":"de"},{"@type":"Organization","@id":"https:\/\/sgierpartner.ch\/de\/#organization","name":"Sgier + Partner GmbH","url":"https:\/\/sgierpartner.ch\/de\/","logo":{"@type":"ImageObject","inLanguage":"de","@id":"https:\/\/sgierpartner.ch\/de\/#\/schema\/logo\/image\/","url":"https:\/\/sgierpartner.ch\/wp-content\/uploads\/SP-Logo-Footer-farbig.png","contentUrl":"https:\/\/sgierpartner.ch\/wp-content\/uploads\/SP-Logo-Footer-farbig.png","width":2058,"height":326,"caption":"Sgier + Partner GmbH"},"image":{"@id":"https:\/\/sgierpartner.ch\/de\/#\/schema\/logo\/image\/"}}]}},"_links":{"self":[{"href":"https:\/\/sgierpartner.ch\/de\/wp-json\/wp\/v2\/pages\/2108","targetHints":{"allow":["GET"]}}],"collection":[{"href":"https:\/\/sgierpartner.ch\/de\/wp-json\/wp\/v2\/pages"}],"about":[{"href":"https:\/\/sgierpartner.ch\/de\/wp-json\/wp\/v2\/types\/page"}],"author":[{"embeddable":true,"href":"https:\/\/sgierpartner.ch\/de\/wp-json\/wp\/v2\/users\/1"}],"replies":[{"embeddable":true,"href":"https:\/\/sgierpartner.ch\/de\/wp-json\/wp\/v2\/comments?post=2108"}],"version-history":[{"count":0,"href":"https:\/\/sgierpartner.ch\/de\/wp-json\/wp\/v2\/pages\/2108\/revisions"}],"wp:featuredmedia":[{"embeddable":true,"href":"https:\/\/sgierpartner.ch\/de\/wp-json\/wp\/v2\/media\/3874"}],"wp:attachment":[{"href":"https:\/\/sgierpartner.ch\/de\/wp-json\/wp\/v2\/media?parent=2108"}],"wp:term":[{"taxonomy":"wf_page_folders","embeddable":true,"href":"https:\/\/sgierpartner.ch\/de\/wp-json\/wp\/v2\/wf_page_folders?post=2108"}],"curies":[{"name":"wp","href":"https:\/\/api.w.org\/{rel}","templated":true}]}}