{"id":2116,"date":"2020-04-19T19:37:24","date_gmt":"2020-04-19T17:37:24","guid":{"rendered":"http:\/\/975ciacxzt.preview.infomaniak.website\/sgierpartner\/?page_id=2116"},"modified":"2023-09-11T13:04:27","modified_gmt":"2023-09-11T11:04:27","slug":"immigration","status":"publish","type":"page","link":"https:\/\/sgierpartner.ch\/de\/immigration\/","title":{"rendered":"Immigration"},"content":{"rendered":"<p>[et_pb_section fb_built=&#8221;1&#8243; fullwidth=&#8221;on&#8221; _builder_version=&#8221;4.16&#8243; global_colors_info=&#8221;{}&#8221; theme_builder_area=&#8221;post_content&#8221;][et_pb_fullwidth_image src=&#8221;http:\/\/975ciacxzt.preview.infomaniak.website\/sgierpartner\/wp-content\/uploads\/Berge-immigration-relocation-schweiz-2.jpg&#8221; alt=&#8221;Aufenthalts- und Arbeitsbewilligung Schweiz | sgier+partner | swiss immigration+relocation&#8221; title_text=&#8221;Aufenthalts- und Arbeitsbewilligung Schweiz | sgier+partner | swiss immigration+relocation&#8221; _builder_version=&#8221;4.16&#8243; global_colors_info=&#8221;{}&#8221; theme_builder_area=&#8221;post_content&#8221;][\/et_pb_fullwidth_image][\/et_pb_section][et_pb_section fb_built=&#8221;1&#8243; _builder_version=&#8221;4.16&#8243; global_colors_info=&#8221;{}&#8221; theme_builder_area=&#8221;post_content&#8221;][et_pb_row _builder_version=&#8221;4.16&#8243; custom_margin=&#8221;0px||0px||false|false&#8221; custom_padding=&#8221;||0px||false|false&#8221; global_colors_info=&#8221;{}&#8221; theme_builder_area=&#8221;post_content&#8221;][et_pb_column type=&#8221;4_4&#8243; _builder_version=&#8221;4.16&#8243; global_colors_info=&#8221;{}&#8221; theme_builder_area=&#8221;post_content&#8221;][et_pb_text _builder_version=&#8221;4.16&#8243; custom_margin=&#8221;||||false|false&#8221; global_colors_info=&#8221;{}&#8221; theme_builder_area=&#8221;post_content&#8221;]<\/p>\n<h1>Arbeitsbewilligungen<\/h1>\n<p>[\/et_pb_text][et_pb_menu menu_id=&#8221;45&#8243; disabled_on=&#8221;on|off|off&#8221; _builder_version=&#8221;4.16&#8243; global_colors_info=&#8221;{}&#8221; theme_builder_area=&#8221;post_content&#8221;][\/et_pb_menu][\/et_pb_column][\/et_pb_row][et_pb_row column_structure=&#8221;3_5,2_5&#8243; _builder_version=&#8221;4.16&#8243; global_colors_info=&#8221;{}&#8221; theme_builder_area=&#8221;post_content&#8221;][et_pb_column type=&#8221;3_5&#8243; _builder_version=&#8221;4.16&#8243; global_colors_info=&#8221;{}&#8221; theme_builder_area=&#8221;post_content&#8221;][et_pb_text _builder_version=&#8221;4.16&#8243; global_colors_info=&#8221;{}&#8221; theme_builder_area=&#8221;post_content&#8221;]<\/p>\n<h4><span>Kennen Sie das am 1. Juni 2002 in Kraft getretene Personenfreiz\u00fcgigkeitsabkommen? Haben Sie den \u00dcberblick \u00fcber die in der Zwischenzeit dazugekommenen Abkommenserweiterungen verloren? \u00a0Welches sind die Auswirkungen auf die Arbeitsbewilligungen im Detail? Und was bedeutet die am 9. Februar 2014 vom Schweizer Volk angenommene Volksinitiative &#8220;Gegen Masseneinwanderung&#8221;? Wie sieht die k\u00fcnftige Zuwanderungspolitik der Schweiz aus und wie wird die Umsetzung aussehen?\u00a0Welche Konsequenzen haben die Kontingentsk\u00fcrzungen? Wie errechnen sich die Mindestl\u00f6hne? Welche Konsequenzen werden Brexit und Corona haben? <\/span><\/h4>\n<p>Kein Problem. Sie brauchen sich nicht um die gesetzlichen Grundlagen zu k\u00fcmmern. Das ist unser Job.<\/p>\n<p>Welche Art von Bewilligung Ihrem HR-Bed\u00fcrfnis am besten entspricht, kl\u00e4ren wir gemeinsam mit Ihnen.<\/p>\n<p>Je nach Staatsangeh\u00f6rigkeit, Job-Profil und erw\u00fcnschter Funktion gelten entsprechend differenzierte gesetzliche Grundlagen wie FZA\/VFP oder AIG\/VZAE, die von den Kantonen eingehalten werden m\u00fcssen. Das heisst, es gibt weit \u00fcber ein Dutzend unterschiedlicher Bewilligungsarten. Wir finden in jedem Fall die beste L\u00f6sung f\u00fcr Sie.<\/p>\n<p>Pers\u00f6nlich, professionell, rasch und kosteng\u00fcnstig erledigen wir jede Art von Arbeits- und Aufenthaltsbewilligung in der ganzen Schweiz.<\/p>\n<p>[\/et_pb_text][et_pb_image src=&#8221;https:\/\/sgierpartner.ch\/wp-content\/uploads\/Arbeitsbewilligungen-workpermit-immigration-relocation-schweiz-3.jpg&#8221; alt=&#8221;Aufenthalts- und Arbeitsbewilligung Schweiz | sgier+partner | swiss immigration+relocation&#8221; title_text=&#8221;swiss immigration&#8221; _builder_version=&#8221;4.16&#8243; global_colors_info=&#8221;{}&#8221; theme_builder_area=&#8221;post_content&#8221;][\/et_pb_image][et_pb_blurb title=&#8221;Welche Beh\u00f6rde oder welche Anlaufstelle f\u00fcr welche Pr\u00fcfung zust\u00e4ndig ist, k\u00f6nnen Sie getrost uns \u00fcberlassen.&#8221; _builder_version=&#8221;4.16&#8243; header_level=&#8221;h4&#8243; global_colors_info=&#8221;{}&#8221; theme_builder_area=&#8221;post_content&#8221;]<\/p>\n<p><span>Ob Pr\u00fcfung f\u00fcr Arbeits- oder Aufenthaltsgesuche, wir kennen nicht nur die geografischen Zust\u00e4ndigkeitsgebiete und die entsprechenden Kompetenztrennungen, sondern auch die pr\u00e4zisen Gesuchsabl\u00e4ufe und die Zust\u00e4ndigkeiten innerhalb der verschiedenen Beh\u00f6rdenstellen. Wir sorgen daf\u00fcr, dass Ihre Gesuche unverz\u00fcglich und ohne Umwege an die richtige Stelle kommen. Und dort auch so rasch als m\u00f6glich behandelt und bewilligt werden.<\/span><\/p>\n<h2>Spezielle Bewilligungen<\/h2>\n<p>Nat\u00fcrlich sind wir auch Ihr kompetenter Partner wenn es um spezielle Bewilligungen geht wie zum Beispiel f\u00fcr Nannies, Spezialit\u00e4tenk\u00f6che, Studenten, Doktoranden, Stagaires und auch Personalverleihbewilligungen.<\/p>\n<p>[\/et_pb_blurb][\/et_pb_column][et_pb_column type=&#8221;2_5&#8243; _builder_version=&#8221;4.16&#8243; global_colors_info=&#8221;{}&#8221; theme_builder_area=&#8221;post_content&#8221;][et_pb_cta title=&#8221;Bewilligungsverfahren beschleunigen&#8221; _builder_version=&#8221;4.16&#8243; global_colors_info=&#8221;{}&#8221; theme_builder_area=&#8221;post_content&#8221;]<\/p>\n<p><span>J\u00e4hrlich bearbeiten wir Tausende von Arbeitsgesuchen und kennen die Verfahren in allen Schweizer Kantonen sehr genau. Mit unserem Spezialwissen \u00fcber das Bewilligungsverfahren sind Ihre Erfolgschancen am h\u00f6chsten, rasch und sicher zu einer Aufenthalts- und Arbeitsgenehmigung zu kommen.<\/span><\/p>\n<p>[\/et_pb_cta][et_pb_text _builder_version=&#8221;4.16&#8243; text_font_size=&#8221;18px&#8221; custom_margin=&#8221;50px||50px||false|false&#8221; global_colors_info=&#8221;{}&#8221; theme_builder_area=&#8221;post_content&#8221;]<\/p>\n<blockquote>\n<p><span>Sgier + Partner hat unter anderem schon \u00fcber 30.000 Arbeits- und Auftenthaltsbewilligungen f\u00fcr ihre Kunden in der Schweizt eingeholt.<\/span><\/p>\n<\/blockquote>\n<p>[\/et_pb_text][et_pb_cta title=&#8221;Immigration Case Assessment&#8221; button_url=&#8221;@ET-DC@eyJkeW5hbWljIjp0cnVlLCJjb250ZW50IjoicG9zdF9saW5rX3VybF9wYWdlIiwic2V0dGluZ3MiOnsicG9zdF9pZCI6IjYxOTAifX0=@&#8221; button_text=&#8221;Read more&#8221; disabled_on=&#8221;off|off|off&#8221; _builder_version=&#8221;4.16&#8243; _dynamic_attributes=&#8221;button_url&#8221; _module_preset=&#8221;default&#8221; custom_button=&#8221;on&#8221; button_text_color=&#8221;#4361EE&#8221; button_bg_color=&#8221;#FFFFFF&#8221; button_border_width=&#8221;0px&#8221; button_border_radius=&#8221;12px&#8221; custom_padding=&#8221;|20px|30px|20px|false|false&#8221; global_colors_info=&#8221;{}&#8221; button_text_color__hover_enabled=&#8221;on|desktop&#8221; theme_builder_area=&#8221;post_content&#8221; button_text_color__hover=&#8221;#4361EE&#8221;]<\/p>\n<p>Do you want to find out if you&#8217;re allowed to live and work in Switzerland? Do you have questions relating to immigration to Switzerland?<\/p>\n<p>[\/et_pb_cta][\/et_pb_column][\/et_pb_row][\/et_pb_section]<\/p>\n","protected":false},"excerpt":{"rendered":"<p>Bewilligungsverfahren beschleunigen<br \/>\nJ\u00e4hrlich bearbeiten wir Tausende von Arbeitsgesuchen und kennen die Verfahren in allen Schweizer Kantonen sehr genau. Mit unserem Spezialwissen \u00fcber das Bewilligungsverfahren sind Ihre Erfolgschancen am h\u00f6chsten, rasch und sicher zu einer Aufenthalts- und Arbeitsgenehmigung zu kommen.<\/p>\n","protected":false},"author":1,"featured_media":3480,"parent":0,"menu_order":0,"comment_status":"closed","ping_status":"closed","template":"","meta":{"_et_pb_use_builder":"on","_et_pb_old_content":"","_et_gb_content_width":"","footnotes":""},"wf_page_folders":[86],"class_list":["post-2116","page","type-page","status-publish","has-post-thumbnail","hentry"],"yoast_head":"<!-- This site is optimized with the Yoast SEO plugin v27.4 - https:\/\/yoast.com\/product\/yoast-seo-wordpress\/ -->\n<title>Arbeits- und Aufenthaltsbewilligungen Schweiz, Workpermit - Workpermit + Arbeitsbewilligungen Spezialist<\/title>\n<meta name=\"description\" content=\"Wenn es um das Einholen von Arbeitsbewilligungen geht, verlassen sich Firmen auf den Immigration Spezialisten Sgier+Partner GmbH in Z\u00fcrich.\" \/>\n<meta name=\"robots\" content=\"index, follow, max-snippet:-1, max-image-preview:large, max-video-preview:-1\" \/>\n<link rel=\"canonical\" href=\"https:\/\/sgierpartner.ch\/de\/immigration\/\" \/>\n<meta property=\"og:locale\" content=\"de_DE\" \/>\n<meta property=\"og:type\" content=\"article\" \/>\n<meta property=\"og:title\" content=\"Arbeits- und Aufenthaltsbewilligungen Schweiz, Workpermit - Workpermit + Arbeitsbewilligungen Spezialist\" \/>\n<meta property=\"og:description\" content=\"Wenn es um das Einholen von Arbeitsbewilligungen geht, verlassen sich Firmen auf den Immigration Spezialisten Sgier+Partner GmbH in Z\u00fcrich.\" \/>\n<meta property=\"og:url\" content=\"https:\/\/sgierpartner.ch\/de\/immigration\/\" \/>\n<meta property=\"og:site_name\" content=\"Workpermit + Arbeitsbewilligungen Spezialist\" \/>\n<meta property=\"article:modified_time\" content=\"2023-09-11T11:04:27+00:00\" \/>\n<meta property=\"og:image\" content=\"https:\/\/sgierpartner.ch\/wp-content\/uploads\/Arbeitsbewilligungen-workpermit-immigration-relocation-schweiz-2.jpg\" \/>\n\t<meta property=\"og:image:width\" content=\"1800\" \/>\n\t<meta property=\"og:image:height\" content=\"1013\" \/>\n\t<meta property=\"og:image:type\" content=\"image\/jpeg\" \/>\n<meta name=\"twitter:card\" content=\"summary_large_image\" \/>\n<meta name=\"twitter:label1\" content=\"Gesch\u00e4tzte Lesezeit\" \/>\n\t<meta name=\"twitter:data1\" content=\"3\u00a0Minuten\" \/>\n<script type=\"application\/ld+json\" class=\"yoast-schema-graph\">{\"@context\":\"https:\\\/\\\/schema.org\",\"@graph\":[{\"@type\":\"WebPage\",\"@id\":\"https:\\\/\\\/sgierpartner.ch\\\/de\\\/immigration\\\/\",\"url\":\"https:\\\/\\\/sgierpartner.ch\\\/de\\\/immigration\\\/\",\"name\":\"Arbeits- und Aufenthaltsbewilligungen Schweiz, Workpermit - Workpermit + Arbeitsbewilligungen Spezialist\",\"isPartOf\":{\"@id\":\"https:\\\/\\\/sgierpartner.ch\\\/de\\\/#website\"},\"primaryImageOfPage\":{\"@id\":\"https:\\\/\\\/sgierpartner.ch\\\/de\\\/immigration\\\/#primaryimage\"},\"image\":{\"@id\":\"https:\\\/\\\/sgierpartner.ch\\\/de\\\/immigration\\\/#primaryimage\"},\"thumbnailUrl\":\"https:\\\/\\\/sgierpartner.ch\\\/wp-content\\\/uploads\\\/Arbeitsbewilligungen-workpermit-immigration-relocation-schweiz-2.jpg\",\"datePublished\":\"2020-04-19T17:37:24+00:00\",\"dateModified\":\"2023-09-11T11:04:27+00:00\",\"description\":\"Wenn es um das Einholen von Arbeitsbewilligungen geht, verlassen sich Firmen auf den Immigration Spezialisten Sgier+Partner GmbH in Z\u00fcrich.\",\"breadcrumb\":{\"@id\":\"https:\\\/\\\/sgierpartner.ch\\\/de\\\/immigration\\\/#breadcrumb\"},\"inLanguage\":\"de\",\"potentialAction\":[{\"@type\":\"ReadAction\",\"target\":[\"https:\\\/\\\/sgierpartner.ch\\\/de\\\/immigration\\\/\"]}]},{\"@type\":\"ImageObject\",\"inLanguage\":\"de\",\"@id\":\"https:\\\/\\\/sgierpartner.ch\\\/de\\\/immigration\\\/#primaryimage\",\"url\":\"https:\\\/\\\/sgierpartner.ch\\\/wp-content\\\/uploads\\\/Arbeitsbewilligungen-workpermit-immigration-relocation-schweiz-2.jpg\",\"contentUrl\":\"https:\\\/\\\/sgierpartner.ch\\\/wp-content\\\/uploads\\\/Arbeitsbewilligungen-workpermit-immigration-relocation-schweiz-2.jpg\",\"width\":1800,\"height\":1013,\"caption\":\"swiss immigration + relocation services in Switzerland: Zurich, Geneva, Zug, Lugano, Basle, Berne, Lausanne\"},{\"@type\":\"BreadcrumbList\",\"@id\":\"https:\\\/\\\/sgierpartner.ch\\\/de\\\/immigration\\\/#breadcrumb\",\"itemListElement\":[{\"@type\":\"ListItem\",\"position\":1,\"name\":\"Startseite\",\"item\":\"https:\\\/\\\/sgierpartner.ch\\\/de\\\/\"},{\"@type\":\"ListItem\",\"position\":2,\"name\":\"Immigration\"}]},{\"@type\":\"WebSite\",\"@id\":\"https:\\\/\\\/sgierpartner.ch\\\/de\\\/#website\",\"url\":\"https:\\\/\\\/sgierpartner.ch\\\/de\\\/\",\"name\":\"Sgier+Partner\",\"description\":\"swiss immigration+relocation\",\"publisher\":{\"@id\":\"https:\\\/\\\/sgierpartner.ch\\\/de\\\/#organization\"},\"potentialAction\":[{\"@type\":\"SearchAction\",\"target\":{\"@type\":\"EntryPoint\",\"urlTemplate\":\"https:\\\/\\\/sgierpartner.ch\\\/de\\\/?s={search_term_string}\"},\"query-input\":{\"@type\":\"PropertyValueSpecification\",\"valueRequired\":true,\"valueName\":\"search_term_string\"}}],\"inLanguage\":\"de\"},{\"@type\":\"Organization\",\"@id\":\"https:\\\/\\\/sgierpartner.ch\\\/de\\\/#organization\",\"name\":\"Sgier + Partner GmbH\",\"url\":\"https:\\\/\\\/sgierpartner.ch\\\/de\\\/\",\"logo\":{\"@type\":\"ImageObject\",\"inLanguage\":\"de\",\"@id\":\"https:\\\/\\\/sgierpartner.ch\\\/de\\\/#\\\/schema\\\/logo\\\/image\\\/\",\"url\":\"https:\\\/\\\/sgierpartner.ch\\\/wp-content\\\/uploads\\\/SP-Logo-Footer-farbig.png\",\"contentUrl\":\"https:\\\/\\\/sgierpartner.ch\\\/wp-content\\\/uploads\\\/SP-Logo-Footer-farbig.png\",\"width\":2058,\"height\":326,\"caption\":\"Sgier + Partner GmbH\"},\"image\":{\"@id\":\"https:\\\/\\\/sgierpartner.ch\\\/de\\\/#\\\/schema\\\/logo\\\/image\\\/\"}}]}<\/script>\n<!-- \/ Yoast SEO plugin. -->","yoast_head_json":{"title":"Arbeits- und Aufenthaltsbewilligungen Schweiz, Workpermit - Workpermit + Arbeitsbewilligungen Spezialist","description":"Wenn es um das Einholen von Arbeitsbewilligungen geht, verlassen sich Firmen auf den Immigration Spezialisten Sgier+Partner GmbH in Z\u00fcrich.","robots":{"index":"index","follow":"follow","max-snippet":"max-snippet:-1","max-image-preview":"max-image-preview:large","max-video-preview":"max-video-preview:-1"},"canonical":"https:\/\/sgierpartner.ch\/de\/immigration\/","og_locale":"de_DE","og_type":"article","og_title":"Arbeits- und Aufenthaltsbewilligungen Schweiz, Workpermit - Workpermit + Arbeitsbewilligungen Spezialist","og_description":"Wenn es um das Einholen von Arbeitsbewilligungen geht, verlassen sich Firmen auf den Immigration Spezialisten Sgier+Partner GmbH in Z\u00fcrich.","og_url":"https:\/\/sgierpartner.ch\/de\/immigration\/","og_site_name":"Workpermit + Arbeitsbewilligungen Spezialist","article_modified_time":"2023-09-11T11:04:27+00:00","og_image":[{"width":1800,"height":1013,"url":"https:\/\/sgierpartner.ch\/wp-content\/uploads\/Arbeitsbewilligungen-workpermit-immigration-relocation-schweiz-2.jpg","type":"image\/jpeg"}],"twitter_card":"summary_large_image","twitter_misc":{"Gesch\u00e4tzte Lesezeit":"3\u00a0Minuten"},"schema":{"@context":"https:\/\/schema.org","@graph":[{"@type":"WebPage","@id":"https:\/\/sgierpartner.ch\/de\/immigration\/","url":"https:\/\/sgierpartner.ch\/de\/immigration\/","name":"Arbeits- und Aufenthaltsbewilligungen Schweiz, Workpermit - Workpermit + Arbeitsbewilligungen Spezialist","isPartOf":{"@id":"https:\/\/sgierpartner.ch\/de\/#website"},"primaryImageOfPage":{"@id":"https:\/\/sgierpartner.ch\/de\/immigration\/#primaryimage"},"image":{"@id":"https:\/\/sgierpartner.ch\/de\/immigration\/#primaryimage"},"thumbnailUrl":"https:\/\/sgierpartner.ch\/wp-content\/uploads\/Arbeitsbewilligungen-workpermit-immigration-relocation-schweiz-2.jpg","datePublished":"2020-04-19T17:37:24+00:00","dateModified":"2023-09-11T11:04:27+00:00","description":"Wenn es um das Einholen von Arbeitsbewilligungen geht, verlassen sich Firmen auf den Immigration Spezialisten Sgier+Partner GmbH in Z\u00fcrich.","breadcrumb":{"@id":"https:\/\/sgierpartner.ch\/de\/immigration\/#breadcrumb"},"inLanguage":"de","potentialAction":[{"@type":"ReadAction","target":["https:\/\/sgierpartner.ch\/de\/immigration\/"]}]},{"@type":"ImageObject","inLanguage":"de","@id":"https:\/\/sgierpartner.ch\/de\/immigration\/#primaryimage","url":"https:\/\/sgierpartner.ch\/wp-content\/uploads\/Arbeitsbewilligungen-workpermit-immigration-relocation-schweiz-2.jpg","contentUrl":"https:\/\/sgierpartner.ch\/wp-content\/uploads\/Arbeitsbewilligungen-workpermit-immigration-relocation-schweiz-2.jpg","width":1800,"height":1013,"caption":"swiss immigration + relocation services in Switzerland: Zurich, Geneva, Zug, Lugano, Basle, Berne, Lausanne"},{"@type":"BreadcrumbList","@id":"https:\/\/sgierpartner.ch\/de\/immigration\/#breadcrumb","itemListElement":[{"@type":"ListItem","position":1,"name":"Startseite","item":"https:\/\/sgierpartner.ch\/de\/"},{"@type":"ListItem","position":2,"name":"Immigration"}]},{"@type":"WebSite","@id":"https:\/\/sgierpartner.ch\/de\/#website","url":"https:\/\/sgierpartner.ch\/de\/","name":"Sgier+Partner","description":"swiss immigration+relocation","publisher":{"@id":"https:\/\/sgierpartner.ch\/de\/#organization"},"potentialAction":[{"@type":"SearchAction","target":{"@type":"EntryPoint","urlTemplate":"https:\/\/sgierpartner.ch\/de\/?s={search_term_string}"},"query-input":{"@type":"PropertyValueSpecification","valueRequired":true,"valueName":"search_term_string"}}],"inLanguage":"de"},{"@type":"Organization","@id":"https:\/\/sgierpartner.ch\/de\/#organization","name":"Sgier + Partner GmbH","url":"https:\/\/sgierpartner.ch\/de\/","logo":{"@type":"ImageObject","inLanguage":"de","@id":"https:\/\/sgierpartner.ch\/de\/#\/schema\/logo\/image\/","url":"https:\/\/sgierpartner.ch\/wp-content\/uploads\/SP-Logo-Footer-farbig.png","contentUrl":"https:\/\/sgierpartner.ch\/wp-content\/uploads\/SP-Logo-Footer-farbig.png","width":2058,"height":326,"caption":"Sgier + Partner GmbH"},"image":{"@id":"https:\/\/sgierpartner.ch\/de\/#\/schema\/logo\/image\/"}}]}},"_links":{"self":[{"href":"https:\/\/sgierpartner.ch\/de\/wp-json\/wp\/v2\/pages\/2116","targetHints":{"allow":["GET"]}}],"collection":[{"href":"https:\/\/sgierpartner.ch\/de\/wp-json\/wp\/v2\/pages"}],"about":[{"href":"https:\/\/sgierpartner.ch\/de\/wp-json\/wp\/v2\/types\/page"}],"author":[{"embeddable":true,"href":"https:\/\/sgierpartner.ch\/de\/wp-json\/wp\/v2\/users\/1"}],"replies":[{"embeddable":true,"href":"https:\/\/sgierpartner.ch\/de\/wp-json\/wp\/v2\/comments?post=2116"}],"version-history":[{"count":2,"href":"https:\/\/sgierpartner.ch\/de\/wp-json\/wp\/v2\/pages\/2116\/revisions"}],"predecessor-version":[{"id":8167,"href":"https:\/\/sgierpartner.ch\/de\/wp-json\/wp\/v2\/pages\/2116\/revisions\/8167"}],"wp:featuredmedia":[{"embeddable":true,"href":"https:\/\/sgierpartner.ch\/de\/wp-json\/wp\/v2\/media\/3480"}],"wp:attachment":[{"href":"https:\/\/sgierpartner.ch\/de\/wp-json\/wp\/v2\/media?parent=2116"}],"wp:term":[{"taxonomy":"wf_page_folders","embeddable":true,"href":"https:\/\/sgierpartner.ch\/de\/wp-json\/wp\/v2\/wf_page_folders?post=2116"}],"curies":[{"name":"wp","href":"https:\/\/api.w.org\/{rel}","templated":true}]}}