{"id":2117,"date":"2020-04-19T19:38:20","date_gmt":"2020-04-19T17:38:20","guid":{"rendered":"http:\/\/975ciacxzt.preview.infomaniak.website\/sgierpartner\/?page_id=2117"},"modified":"2021-06-09T16:04:38","modified_gmt":"2021-06-09T14:04:38","slug":"programme","status":"publish","type":"page","link":"https:\/\/sgierpartner.ch\/de\/programme\/","title":{"rendered":"Programme"},"content":{"rendered":"<p>[et_pb_section fb_built=&#8221;1&#8243; fullwidth=&#8221;on&#8221; _builder_version=&#8221;4.4.3&#8243;][et_pb_fullwidth_image src=&#8221;https:\/\/sgierpartner.ch\/wp-content\/uploads\/Header-immigration-relocation-SgierPartner-1.jpg&#8221; alt=&#8221;Welcome to the Matterhorn &#8211; swiss immigration + relocation services&#8221; title_text=&#8221;Sgier + Partner Zurich, Switzerland | swiss immigration+relocation&#8221; _builder_version=&#8221;4.4.7&#8243;][\/et_pb_fullwidth_image][\/et_pb_section][et_pb_section fb_built=&#8221;1&#8243; disabled_on=&#8221;off|off|off&#8221; _builder_version=&#8221;4.4.3&#8243;][et_pb_row _builder_version=&#8221;4.4.3&#8243; custom_margin=&#8221;||||false|false&#8221; custom_padding=&#8221;||0px||false|false&#8221;][et_pb_column type=&#8221;4_4&#8243; _builder_version=&#8221;4.4.3&#8243;][et_pb_text _builder_version=&#8221;4.4.3&#8243; custom_margin=&#8221;||||false|false&#8221;]<\/p>\n<h1>Relocation Programme<\/h1>\n<p>[\/et_pb_text][et_pb_menu menu_id=&#8221;44&#8243; disabled_on=&#8221;on|off|off&#8221; _builder_version=&#8221;4.4.7&#8243;][\/et_pb_menu][\/et_pb_column][\/et_pb_row][\/et_pb_section][et_pb_section fb_built=&#8221;1&#8243; disabled_on=&#8221;off|off|off&#8221; _builder_version=&#8221;4.4.3&#8243;][et_pb_row column_structure=&#8221;3_5,2_5&#8243; _builder_version=&#8221;4.4.3&#8243;][et_pb_column type=&#8221;3_5&#8243; _builder_version=&#8221;4.4.3&#8243;][et_pb_text _builder_version=&#8221;4.4.6&#8243;]<\/p>\n<h4><span>Die Entsendung von Mitarbeitenden ist keinesfalls nur ein Akt, den es zu bew\u00e4ltigen gilt, sondern eine h\u00f6chst delikate Aufgabe will man sie zum Erfolg f\u00fchren. Eine Entsendung ist als Investition und nicht einfach als Kostenfaktor f\u00fcr das Unternehmen zu betrachten.\u00a0<\/span><\/h4>\n<div class=\"ce_text block\">\n<p>Das Fundament f\u00fcr eine gegl\u00fcckte Entsendung heisst Planung, Logistik, Administration und gutes Fingerspitzengef\u00fchl. Alles, was man im Vorfeld einer Entsendung planen und erledigen kann, sollte auch getan werden. Sgier + Partner hat in der Schweiz unter anderem schon \u00fcber 3000 Expat-Familien von A-Z begleitet und f\u00fcr sie ein wunderbares Zuhause gefunden. Auch bei Firmensitzverlegungen in die Schweiz sind wir kompetent und erfolgreich. So war Sgier + Partner massgeblich bei einer der gr\u00f6ssten Europasitz-Ansiedlung im Kanton Z\u00fcrich verantwortlich f\u00fcr Relocation und die Beschaffung aller Arbeitsbewilligungen.<\/p>\n<\/div>\n<p>[\/et_pb_text][et_pb_image src=&#8221;https:\/\/sgierpartner.ch\/wp-content\/uploads\/Arbeitsbewilligungen-workpermit-immigration-relocation-schweiz-2.jpg&#8221; alt=&#8221;Immigration to Switzerland | swiss immigration + relocation services&#8221; title_text=&#8221;Sgier + Partner | swiss immigration + relocation services&#8221; _builder_version=&#8221;4.4.7&#8243;][\/et_pb_image][et_pb_text _builder_version=&#8221;4.4.3&#8243;]<\/p>\n<p><span>Nachstehend finden Sie eine \u00dcbersicht der wichtigsten Programme, die in jeder beliebigen Kombination in Anspruch genommen werden k\u00f6nnen. Gerne beraten wir Sie spezifisch basierend auf Ihren Bed\u00fcrfnissen.<\/span><\/p>\n<p>[\/et_pb_text][\/et_pb_column][et_pb_column type=&#8221;2_5&#8243; _builder_version=&#8221;4.4.3&#8243;][et_pb_cta title=&#8221;Home Finding Support in Switzerland&#8221; button_url=&#8221;@ET-DC@eyJkeW5hbWljIjp0cnVlLCJjb250ZW50IjoicG9zdF9saW5rX3VybF9wYWdlIiwic2V0dGluZ3MiOnsicG9zdF9pZCI6IjYzMzMifX0=@&#8221; button_text=&#8221;Read more&#8221; disabled_on=&#8221;off|off|off&#8221; _builder_version=&#8221;4.9.4&#8243; _dynamic_attributes=&#8221;button_url&#8221; _module_preset=&#8221;default&#8221; custom_button=&#8221;on&#8221; button_text_color=&#8221;#4361EE&#8221; button_bg_color=&#8221;#FFFFFF&#8221; button_border_width=&#8221;0px&#8221; button_border_radius=&#8221;12px&#8221; custom_padding=&#8221;|20px|30px|20px|false|false&#8221; hover_enabled=&#8221;0&#8243; button_text_color__hover_enabled=&#8221;on|desktop&#8221; sticky_enabled=&#8221;0&#8243;]<\/p>\n<p>Are\u00a0you stuck in the Swiss real estate market and can\u2019t make any headway? Are you tired of having your rental application turned down because you called from abroad or didn\u2019t speak in French or German?<\/p>\n<p>[\/et_pb_cta][et_pb_text _builder_version=&#8221;4.4.6&#8243;]<\/p>\n<blockquote>\n<p>\u201eGoing the extra mile\u201c heisst f\u00fcr unsere Mitarbeitenden, immer etwas mehr zu tun als der Kunde erwartet.<\/p>\n<\/blockquote>\n<p>[\/et_pb_text][et_pb_cta title=&#8221;Fragen eines Expats&#8221; _builder_version=&#8221;4.4.3&#8243;]<\/p>\n<ul>\n<li>Wie hoch sind die \u00abCost of Living\u00bb im Zielland?<\/li>\n<li>Was wird bezahlt, wof\u00fcr muss ich selber aufkommen?<\/li>\n<li>Wie hoch sind die Steuern in der Schweiz?<\/li>\n<li>Wie sieht es mit der Pensionskasse\/Altersvorsorge aus?<\/li>\n<li>Wie bin ich versichert?<\/li>\n<li>Welche Schulen sind f\u00fcr die Kinder am besten?<\/li>\n<li>Wer hilft mir bei Vertragsabschl\u00fcssen f\u00fcr Versicherung, Bankkonto, Telefon?<\/li>\n<li>Wie verzolle ich mein Privatauto?<\/li>\n<li>Wer hilft auch bei ganz \u00abkleinen\u00bb Sorgen?<\/li>\n<\/ul>\n<p>Wir begleiten Sie von A bis Z, damit Sie und Ihre Familie gut in der Schweiz ankommen.<\/p>\n<p>[\/et_pb_cta][\/et_pb_column][\/et_pb_row][et_pb_row _builder_version=&#8221;4.4.3&#8243;][et_pb_column type=&#8221;4_4&#8243; _builder_version=&#8221;4.4.3&#8243;][et_pb_tabs active_tab_text_color=&#8221;#e11a24&#8243; _builder_version=&#8221;4.4.6&#8243; tab_font=&#8221;||||||||&#8221; tab_font_size=&#8221;16px&#8221; tab_line_height=&#8221;2em&#8221; box_shadow_style=&#8221;preset6&#8243; box_shadow_color=&#8221;#e3e3de&#8221;][et_pb_tab title=&#8221;Orientierungstour&#8221; _builder_version=&#8221;4.4.6&#8243; background_enable_image=&#8221;off&#8221;]<\/p>\n<p style=\"text-align: left;\"><span>Eine erste Orientierung am neuen Wohnort kann die sp\u00e4tere Suche nach einem neuen Zuhause erheblich erleichtern. Der Sgier + Partner Relcoation Berater zeigt dem Mitarbeitenden verschiedene Wohngegenden im Hinblick auf Infrastruktur, Einkaufs- und Freizeitm\u00f6glichkeiten und unter Ber\u00fccksichtigung individueller bzw. famili\u00e4rer Bed\u00fcrfnisse. Zudem orientiert er \u00fcber die besten Schulen f\u00fcr die mitziehenden Kinder. Dem Mitarbeitenden wird ausserdem vielf\u00e4ltiges Informationsmaterial zum neuen Wohnort zur Verf\u00fcgung gestellt. Eine besondere Wichtigkeit kommt der Orientierungstour zu, wenn der k\u00fcnftige Mitarbeitende sich vor der definitiven Anstellung ein umfasendes Bild der neuen Umgebung zur Entscheidungsfindung machen will.<\/span><\/p>\n<p>[\/et_pb_tab][et_pb_tab title=&#8221;Tempor\u00e4re Wohnung&#8221; _builder_version=&#8221;4.4.3&#8243;]<\/p>\n<p style=\"text-align: left;\"><span>Dieser Service wird von Mitarbeitenden f\u00fcr kurze Aufenthalte in m\u00f6blierten Wohnungen beansprucht. W\u00e4hrend dieser Zeit findet die Suche nach einem permanenten Objekt statt. Die Dienstleistung beinhaltet das Suchen gem\u00e4ss pr\u00e4zisen Kriterien, das Weiterleiten von Fotos und Dokumentationen von vorgeschlagenen Objekten zwecks Selektion und Entscheidung, die Reservation der Wohnung, das\u00a0Zusammenstellen und die \u00dcberpr\u00fcfung der Mietdokumente sowie die Sicherstellung der ersten Mietzahlung. Die Abholung des Mitarbeitenden (evtl. am Flughafen) sowie der\u00a0Transfer zur Wohnung und die Objekt\u00fcbergabe sind ebenfalls inbegriffen.<\/span><\/p>\n<p>[\/et_pb_tab][et_pb_tab title=&#8221;Permanentes Wohnobjekt&#8221; _builder_version=&#8221;4.4.3&#8243;]<\/p>\n<p><span>Die Suche nach einem neuen Wohnobjekt in unbekannter Umgebung und wenig transparenten Immobilienm\u00e4rkten ist schwierig und zeitraubend. Unter Ber\u00fccksichtigung der individuellen Anforderungen des Mitarbeitenden sowie der gegebenen Marktverh\u00e4ltnisse findet Sgier + \u00a0Partner geeignete Objekte am neuen Wohnort. Nach sorgf\u00e4ltiger Recherche besichtigt unser Berater diese mit dem Mitarbeitenden, verfasst das Bewerbungsschreiben, verhandelt und erkl\u00e4rt den Mietvertrag und f\u00fchrt abschliessend die \u00dcbergabe durch.<\/span><\/p>\n<p>[\/et_pb_tab][et_pb_tab title=&#8221;Mietm\u00f6bel&#8221; _builder_version=&#8221;4.4.6&#8243;]<\/p>\n<p><span>\u00dcber einen Kooperationspartner bietet Sgier + Partner f\u00fcr internationale Mitarbeitende die M\u00f6glichkeit, die Ausstattung f\u00fcr ihren Wohnraum komplett zu mieten. Die M\u00f6blierung inklusive K\u00fcchenausstattung sowie elektrischer und audio-visueller Ger\u00e4te wird schweizweit angeliefert und aufgebaut. Nach Auszug des Mitarbeitenden koordiniert Sgier + Partner mit dem Kooperationspartner die gesamte R\u00fcckabwicklung.<\/span><\/p>\n<p>[\/et_pb_tab][et_pb_tab title=&#8221;Settling-in&#8221; _builder_version=&#8221;4.4.3&#8243;]<\/p>\n<p><span>Das Ankommen und Zurechtfinden am neuen Wohnort betrifft diverse Lebensbereiche. Die Unterst\u00fctzung bei zahlreichen administrativen Erledigungen erleichtert Mitarbeitenden aus dem In- und Ausland, insbesondere mit Familie, diese Phase. Sgier + \u00a0Partner f\u00fchrt die notwendigen Anmeldungen bei \u00c4mtern und anderen Institutionen durch &#8211; seien dies Schulen, Energieversorger, Internetprovider oder Fitness-Studios &#8211; und steht bei den ersten Schritten in der neuen Umgebung mit Rat und Tat zur Seite.<\/span><\/p>\n<p>[\/et_pb_tab][et_pb_tab title=&#8221;Immigration Services&#8221; _builder_version=&#8221;4.4.3&#8243;]<\/p>\n<p><span>Ob Pr\u00fcfung f\u00fcr Arbeits- oder Aufenthaltsgesuche, Sgier + Partner kennt nicht nur die geografischen Zust\u00e4ndigkeitsgebiete und die entsprechenden Kompetenztrennungen, sondern auch die pr\u00e4zisen Gesuchsabl\u00e4ufe und die Zust\u00e4ndigkeiten innerhalb der verschiedenen Beh\u00f6rdenstellen. Wir sorgen daf\u00fcr, dass Gesuche unserer Kunden unverz\u00fcglich und ohne Umwege an die richtige Stelle kommen und dort auch so rasch als m\u00f6glich behandelt und bewilligt werden, so dass die Arbeits- und Aufenthaltsbewilligung rechtzeitig zum Stellenantritt zur Verf\u00fcgung stehen.<\/span><\/p>\n<p>[\/et_pb_tab][et_pb_tab title=&#8221;Schulen&#8221; _builder_version=&#8221;4.4.3&#8243;]<\/p>\n<p><span>Sgier\u00a0+ Partner erl\u00e4utert die aktuelle lokale Schulsituation und erkl\u00e4rt das Schweizer Schulsystem. Auf \u00a0Wunsch werden auch internationale Schulen oder Schulen f\u00fcr besondere Situationen gesucht und Anmeldem\u00f6glichkeiten vorab besprochen. Zum Service geh\u00f6ren sowohl die Koordination der Termine als auch die Begleitung zu Gespr\u00e4chen.<\/span><\/p>\n<p>[\/et_pb_tab][et_pb_tab title=&#8221;Umz\u00fcge&#8221; _builder_version=&#8221;4.4.3&#8243;]<\/p>\n<p><span>Wohnraumsuche und Umzugsorganisation gehen zumeist nahtlos ineinander \u00fcber. In Kombination mit der Wohnraumsuche kann Sgier + \u00a0Partner in enger Zusammenarbeit mit der Spedition auch die Organisation des Umzugs \u00fcbernehmen. Sgier und Partner koordiniert alle Termine und bleibt von der Auftragsvergabe \u00fcber die Anlieferung des Umzugsgutes bis hin zur Pr\u00fcfung der Rechnung Ihr alleiniger Ansprechpartner.<\/span><\/p>\n<p>[\/et_pb_tab][et_pb_tab title=&#8221;Kauf\/Verkauf von Immobilien&#8221; _builder_version=&#8221;4.4.3&#8243;]<\/p>\n<p><span>Mit unserer langj\u00e4hrigen Erfahrung und der genauen Kenntnis des Schweizer Immobilienmarktes stehen wir Ihnen beim Kauf\/Verkauf Ihrer Traum-Immobilie zur Seite. Von der Suche und Auswahl \u00fcber die Vertragserstellung, die notarielle Beglaubigung bis zur Schl\u00fcssel\u00fcbergabe. Wir beraten Sie gerne \u00fcber die M\u00f6glichkeiten einer Finanzierung durch unsere Schweizer Bankpartner und organisieren auch gleich Ihre Umzugsplanung.\u00a0<\/span><\/p>\n<p>[\/et_pb_tab][et_pb_tab title=&#8221;Property Management&#8221; _builder_version=&#8221;4.4.3&#8243;]<\/p>\n<p><span>Wird ein Mitarbeitender zeitlich befristet und mit einer R\u00fcckkehrzusage f\u00fcr den alten Standort versetzt, kann sich die Frage nach der Verwaltung einer vorhandenen Immobilie ergeben. Sgier + \u00a0Partner sucht, sofern dies gew\u00fcnscht wird, einen Mieter f\u00fcr das Objekt und verwaltet die Immobilie w\u00e4hrend der Abwesenheit des Eigent\u00fcmers gem\u00e4ss der von ihm vorgegebenen Richtlinien. Der Eigent\u00fcmer wird regelm\u00e4ssg auf dem Laufenden gehalten und hat mit Sgier + \u00a0Partner einen kompetenten Ansprechpartner.<\/span><\/p>\n<p>[\/et_pb_tab][et_pb_tab title=&#8221;Nachmietersuche&#8221; _builder_version=&#8221;4.4.3&#8243;]<\/p>\n<p><span>Gleich aus welchem Grund Sie einen Nachmieter suchen, wir haben die L\u00f6sung f\u00fcr Sie. Wir haben eine umfangreiche Interessentendatenbank, in welcher vielleicht schon ein passender Nachmieter enthalten ist. Falls nicht, werden wir Ihr Objekt intensiv bewerben und Ihnen baldm\u00f6glichst einen Nachmieter vorschlagen. \u00a0Sie sparen sich viel Zeit und wir \u00fcbernehmen f\u00fcr Sie die Planung von Besichtigungsterminen und m\u00f6gliche Verhandlungen. Ebenso managen wir m\u00f6gliche Reparaturen und sind verantwortlich f\u00fcr die Uebergabe des Wohnobjektes.<\/span><\/p>\n<p>[\/et_pb_tab][et_pb_tab title=&#8221;Firmenumsiedlungen&#8221; _builder_version=&#8221;4.4.3&#8243;]<\/p>\n<p><span>Sgier + \u00a0Partner ber\u00e4t bei Vorbereitung, Planung, Durchf\u00fchrung und Kontrolle einer Standortverlagerung. Im Vorfeld f\u00fchrt Sgier und Partner Mitarbeiterbefragungen durch, ber\u00e4t das Unternehmen bei der Erstellung von Firmenrichtlinien, bietet Informationsveranstaltungen \u00fcber den Zielort sowie individuelle Gespr\u00e4che an und organisiert und begleitet an Orientierungswochenenden am Zielort die Mitarbeitenden und deren Partner. Sp\u00e4ter f\u00fchrt Sgier und Partner die jeweiligen Relocation Services, wie Wohnraumsuche, Settling-In und Beh\u00f6rdeng\u00e4nge durch und \u00fcberwacht die Abl\u00e4ufe.<\/span><\/p>\n<p>[\/et_pb_tab][et_pb_tab title=&#8221;Kundenspezifische Services&#8221; _builder_version=&#8221;4.4.3&#8243;]<\/p>\n<p><span>Der Bedarf an Relocation-Betreuung kann je nach Position, Nationalit\u00e4t und Familiensituation des Mitarbeitenden variieren. Sgier\u00a0+ Partner bietet der Personalabteilung die M\u00f6glichkeit, f\u00fcr Mitarbeitende Basis-Servicepakete in Auftrag zu geben und ihnen zus\u00e4tzlich Stundenbudgets anzubieten. \u00a0Innerhalb dieses Zeitkontingents k\u00f6nnen Mitarbeitende Services aus einer im Vorfeld vereinbarten Angebotspalette ausw\u00e4hlen. Nat\u00fcrlich besteht auch die M\u00f6glichkeit, die Programme f\u00fcr Ihre Mitarbeitende so zusammenzustellen, wie sie es w\u00fcnschen (\u00abCustomized Program\u00bb).<\/span><\/p>\n<p>[\/et_pb_tab][et_pb_tab title=&#8221;Mietvertrags-Management&#8221; _builder_version=&#8221;4.4.3&#8243;]<\/p>\n<p><span>Der Abschluss, die vereinbarungsgem\u00e4sse Einhaltung und die Beendigung von Mietvertr\u00e4gen sind f\u00fcr Expatriates h\u00e4ufig mit fremdsprachlichen Schwierigkeiten verbunden. Hinzu kommt die mangelnde Kenntnis der Rechte und Pflichten von Mietern in der Schweiz. Sgier + \u00a0Partner kontrolliert den Vertragsinhalt betreffend die Risiken und kommentiert die kritischen Puntke mit dem Expat in englischer Sprache, \u00fcbernimmt w\u00e4hrend der Laufzeit die Kontrolle und steht sowohl dem Mieter als auch dem Vermieter als Ansprechpartner zur Kl\u00e4rung anstehender Fagen zur Verf\u00fcgung.<\/span><\/p>\n<p>[\/et_pb_tab][et_pb_tab title=&#8221;Interkulturelle Trainings&#8221; _builder_version=&#8221;4.4.3&#8243;]<\/p>\n<p><span>Auslandsentsendungen verlangen vom Arbeitgeber eine besonders intensive Unterst\u00fctzung des Mitarbeitenden und seiner Familie, vor allem auch hinsichtlich anderer Normen und Werte, Usanzen und Gepflogenheiten des Gastlandes, sowohl im privaten als auch im beruflichen Umfeld. Sgier\u00a0+ Partner bietet Schweizer Mitarbeitenden, die ins Ausland wechseln, aber auch ausl\u00e4ndischen Mitarbeitenden, die in die Schweiz kommen, intensive Vor- und Nachbereitungs-Seminare an, die das Verst\u00e4ndnis f\u00fcr die andere Kultur st\u00e4rken sollen. Auch f\u00fcr Fach- und F\u00fchrungskr\u00e4fte (z.B. der Personalabteilung) veranstaltet Sgier und Partner Workshops und Seminare zu interkulturellen Assessments und zur Personalentwicklung.<\/span><\/p>\n<p>[\/et_pb_tab][et_pb_tab title=&#8221;Sprachunterricht&#8221; _builder_version=&#8221;4.4.3&#8243;]<\/p>\n<p><span>Sgier + Partner evaluiert die spezifischen Bed\u00fcrfnisse. Einzelstunden oder Gruppenklassen k\u00f6nnen organisiert werden. T\u00e4gliche oder w\u00f6chentliche Kurse k\u00f6nnen belegt werden.<\/span><\/p>\n<p>[\/et_pb_tab][et_pb_tab title=&#8221;Partnerunterst\u00fctzung&#8221; _builder_version=&#8221;4.4.3&#8243;]<\/p>\n<p><span>Es werden die genauen Bed\u00fcrfnisse des Partners besprochen. Es kann sich um eine Arbeitsstellensuche oder um das Vernetzen in Clubs oder Organisationen handeln. Weitere Massnahmen k\u00f6nnen umgesetzt werden zur idealen Integration der Partnerin\/des Partners.<\/span><\/p>\n<p>[\/et_pb_tab][et_pb_tab title=&#8221;Departure Service&#8221; _builder_version=&#8221;4.4.3&#8243;]<\/p>\n<p><span>Auch bei einem Wegzug oder einer Entsendung sind beh\u00f6rdliche Erfordernisse einzuhalten. Insbesondere wenn Zeitdruck herrscht, sollte jemand den \u00dcberblick behalten und alles in geordneten Bahnen regeln. Sgier + Partner erledigt die notwendigen Abmeldungen bei Beh\u00f6rden, \u00c4mtern sowie anderen Institutionen, l\u00f6st Vertr\u00e4ge auf, k\u00fcndigt Mitgliedschaften und regelt alles bez\u00fcglich der R\u00fcckgabe des Wohnobjektes an den Vermieter. Dabei werden auch allf\u00e4llige Sch\u00e4den aufgenommen und mit den Versicherungen verhandelt. Wenn Reparaturen notwendig sind werden diese in Auftrag gegeben, \u00fcberwacht und abgerechnet.<\/span><\/p>\n<p>[\/et_pb_tab][\/et_pb_tabs][\/et_pb_column][\/et_pb_row][\/et_pb_section]<\/p>\n","protected":false},"excerpt":{"rendered":"<p>Sgier + Partner hat in der Schweiz unter anderem schon \u00fcber 2000 Expat-Familien von A-Z begleitet und f\u00fcr sie ein wunderbares Zuhause gefunden. <\/p>\n","protected":false},"author":1,"featured_media":0,"parent":0,"menu_order":0,"comment_status":"closed","ping_status":"closed","template":"","meta":{"_et_pb_use_builder":"on","_et_pb_old_content":"","_et_gb_content_width":"","footnotes":""},"wf_page_folders":[87],"class_list":["post-2117","page","type-page","status-publish","hentry"],"yoast_head":"<!-- This site is optimized with the Yoast SEO plugin v27.4 - https:\/\/yoast.com\/product\/yoast-seo-wordpress\/ -->\n<title>Expat Familien und Firmensitzverlegung - Workpermit + Arbeitsbewilligungen Spezialist<\/title>\n<meta name=\"description\" content=\"Die Entsendung von Mitarbeitenden ist nicht nur ein Akt, den es zu bew\u00e4ltigen gilt, sondern eine h\u00f6chst delikate Aufgabe will man sie zum Erfolg f\u00fchren.\" \/>\n<meta name=\"robots\" content=\"index, follow, max-snippet:-1, max-image-preview:large, max-video-preview:-1\" \/>\n<link rel=\"canonical\" href=\"https:\/\/sgierpartner.ch\/de\/programme\/\" \/>\n<meta property=\"og:locale\" content=\"de_DE\" \/>\n<meta property=\"og:type\" content=\"article\" \/>\n<meta property=\"og:title\" content=\"Expat Familien und Firmensitzverlegung - Workpermit + Arbeitsbewilligungen Spezialist\" \/>\n<meta property=\"og:description\" content=\"Die Entsendung von Mitarbeitenden ist nicht nur ein Akt, den es zu bew\u00e4ltigen gilt, sondern eine h\u00f6chst delikate Aufgabe will man sie zum Erfolg f\u00fchren.\" \/>\n<meta property=\"og:url\" content=\"https:\/\/sgierpartner.ch\/de\/programme\/\" \/>\n<meta property=\"og:site_name\" content=\"Workpermit + Arbeitsbewilligungen Spezialist\" \/>\n<meta property=\"article:modified_time\" content=\"2021-06-09T14:04:38+00:00\" \/>\n<meta name=\"twitter:card\" content=\"summary_large_image\" \/>\n<meta name=\"twitter:label1\" content=\"Gesch\u00e4tzte Lesezeit\" \/>\n\t<meta name=\"twitter:data1\" content=\"11\u00a0Minuten\" \/>\n<script type=\"application\/ld+json\" class=\"yoast-schema-graph\">{\"@context\":\"https:\\\/\\\/schema.org\",\"@graph\":[{\"@type\":\"WebPage\",\"@id\":\"https:\\\/\\\/sgierpartner.ch\\\/de\\\/programme\\\/\",\"url\":\"https:\\\/\\\/sgierpartner.ch\\\/de\\\/programme\\\/\",\"name\":\"Expat Familien und Firmensitzverlegung - Workpermit + Arbeitsbewilligungen Spezialist\",\"isPartOf\":{\"@id\":\"https:\\\/\\\/sgierpartner.ch\\\/de\\\/#website\"},\"datePublished\":\"2020-04-19T17:38:20+00:00\",\"dateModified\":\"2021-06-09T14:04:38+00:00\",\"description\":\"Die Entsendung von Mitarbeitenden ist nicht nur ein Akt, den es zu bew\u00e4ltigen gilt, sondern eine h\u00f6chst delikate Aufgabe will man sie zum Erfolg f\u00fchren.\",\"breadcrumb\":{\"@id\":\"https:\\\/\\\/sgierpartner.ch\\\/de\\\/programme\\\/#breadcrumb\"},\"inLanguage\":\"de\",\"potentialAction\":[{\"@type\":\"ReadAction\",\"target\":[\"https:\\\/\\\/sgierpartner.ch\\\/de\\\/programme\\\/\"]}]},{\"@type\":\"BreadcrumbList\",\"@id\":\"https:\\\/\\\/sgierpartner.ch\\\/de\\\/programme\\\/#breadcrumb\",\"itemListElement\":[{\"@type\":\"ListItem\",\"position\":1,\"name\":\"Startseite\",\"item\":\"https:\\\/\\\/sgierpartner.ch\\\/de\\\/\"},{\"@type\":\"ListItem\",\"position\":2,\"name\":\"Programme\"}]},{\"@type\":\"WebSite\",\"@id\":\"https:\\\/\\\/sgierpartner.ch\\\/de\\\/#website\",\"url\":\"https:\\\/\\\/sgierpartner.ch\\\/de\\\/\",\"name\":\"Sgier+Partner\",\"description\":\"swiss immigration+relocation\",\"publisher\":{\"@id\":\"https:\\\/\\\/sgierpartner.ch\\\/de\\\/#organization\"},\"potentialAction\":[{\"@type\":\"SearchAction\",\"target\":{\"@type\":\"EntryPoint\",\"urlTemplate\":\"https:\\\/\\\/sgierpartner.ch\\\/de\\\/?s={search_term_string}\"},\"query-input\":{\"@type\":\"PropertyValueSpecification\",\"valueRequired\":true,\"valueName\":\"search_term_string\"}}],\"inLanguage\":\"de\"},{\"@type\":\"Organization\",\"@id\":\"https:\\\/\\\/sgierpartner.ch\\\/de\\\/#organization\",\"name\":\"Sgier + Partner GmbH\",\"url\":\"https:\\\/\\\/sgierpartner.ch\\\/de\\\/\",\"logo\":{\"@type\":\"ImageObject\",\"inLanguage\":\"de\",\"@id\":\"https:\\\/\\\/sgierpartner.ch\\\/de\\\/#\\\/schema\\\/logo\\\/image\\\/\",\"url\":\"https:\\\/\\\/sgierpartner.ch\\\/wp-content\\\/uploads\\\/SP-Logo-Footer-farbig.png\",\"contentUrl\":\"https:\\\/\\\/sgierpartner.ch\\\/wp-content\\\/uploads\\\/SP-Logo-Footer-farbig.png\",\"width\":2058,\"height\":326,\"caption\":\"Sgier + Partner GmbH\"},\"image\":{\"@id\":\"https:\\\/\\\/sgierpartner.ch\\\/de\\\/#\\\/schema\\\/logo\\\/image\\\/\"}}]}<\/script>\n<!-- \/ Yoast SEO plugin. -->","yoast_head_json":{"title":"Expat Familien und Firmensitzverlegung - Workpermit + Arbeitsbewilligungen Spezialist","description":"Die Entsendung von Mitarbeitenden ist nicht nur ein Akt, den es zu bew\u00e4ltigen gilt, sondern eine h\u00f6chst delikate Aufgabe will man sie zum Erfolg f\u00fchren.","robots":{"index":"index","follow":"follow","max-snippet":"max-snippet:-1","max-image-preview":"max-image-preview:large","max-video-preview":"max-video-preview:-1"},"canonical":"https:\/\/sgierpartner.ch\/de\/programme\/","og_locale":"de_DE","og_type":"article","og_title":"Expat Familien und Firmensitzverlegung - Workpermit + Arbeitsbewilligungen Spezialist","og_description":"Die Entsendung von Mitarbeitenden ist nicht nur ein Akt, den es zu bew\u00e4ltigen gilt, sondern eine h\u00f6chst delikate Aufgabe will man sie zum Erfolg f\u00fchren.","og_url":"https:\/\/sgierpartner.ch\/de\/programme\/","og_site_name":"Workpermit + Arbeitsbewilligungen Spezialist","article_modified_time":"2021-06-09T14:04:38+00:00","twitter_card":"summary_large_image","twitter_misc":{"Gesch\u00e4tzte Lesezeit":"11\u00a0Minuten"},"schema":{"@context":"https:\/\/schema.org","@graph":[{"@type":"WebPage","@id":"https:\/\/sgierpartner.ch\/de\/programme\/","url":"https:\/\/sgierpartner.ch\/de\/programme\/","name":"Expat Familien und Firmensitzverlegung - Workpermit + Arbeitsbewilligungen Spezialist","isPartOf":{"@id":"https:\/\/sgierpartner.ch\/de\/#website"},"datePublished":"2020-04-19T17:38:20+00:00","dateModified":"2021-06-09T14:04:38+00:00","description":"Die Entsendung von Mitarbeitenden ist nicht nur ein Akt, den es zu bew\u00e4ltigen gilt, sondern eine h\u00f6chst delikate Aufgabe will man sie zum Erfolg f\u00fchren.","breadcrumb":{"@id":"https:\/\/sgierpartner.ch\/de\/programme\/#breadcrumb"},"inLanguage":"de","potentialAction":[{"@type":"ReadAction","target":["https:\/\/sgierpartner.ch\/de\/programme\/"]}]},{"@type":"BreadcrumbList","@id":"https:\/\/sgierpartner.ch\/de\/programme\/#breadcrumb","itemListElement":[{"@type":"ListItem","position":1,"name":"Startseite","item":"https:\/\/sgierpartner.ch\/de\/"},{"@type":"ListItem","position":2,"name":"Programme"}]},{"@type":"WebSite","@id":"https:\/\/sgierpartner.ch\/de\/#website","url":"https:\/\/sgierpartner.ch\/de\/","name":"Sgier+Partner","description":"swiss immigration+relocation","publisher":{"@id":"https:\/\/sgierpartner.ch\/de\/#organization"},"potentialAction":[{"@type":"SearchAction","target":{"@type":"EntryPoint","urlTemplate":"https:\/\/sgierpartner.ch\/de\/?s={search_term_string}"},"query-input":{"@type":"PropertyValueSpecification","valueRequired":true,"valueName":"search_term_string"}}],"inLanguage":"de"},{"@type":"Organization","@id":"https:\/\/sgierpartner.ch\/de\/#organization","name":"Sgier + Partner GmbH","url":"https:\/\/sgierpartner.ch\/de\/","logo":{"@type":"ImageObject","inLanguage":"de","@id":"https:\/\/sgierpartner.ch\/de\/#\/schema\/logo\/image\/","url":"https:\/\/sgierpartner.ch\/wp-content\/uploads\/SP-Logo-Footer-farbig.png","contentUrl":"https:\/\/sgierpartner.ch\/wp-content\/uploads\/SP-Logo-Footer-farbig.png","width":2058,"height":326,"caption":"Sgier + Partner GmbH"},"image":{"@id":"https:\/\/sgierpartner.ch\/de\/#\/schema\/logo\/image\/"}}]}},"_links":{"self":[{"href":"https:\/\/sgierpartner.ch\/de\/wp-json\/wp\/v2\/pages\/2117","targetHints":{"allow":["GET"]}}],"collection":[{"href":"https:\/\/sgierpartner.ch\/de\/wp-json\/wp\/v2\/pages"}],"about":[{"href":"https:\/\/sgierpartner.ch\/de\/wp-json\/wp\/v2\/types\/page"}],"author":[{"embeddable":true,"href":"https:\/\/sgierpartner.ch\/de\/wp-json\/wp\/v2\/users\/1"}],"replies":[{"embeddable":true,"href":"https:\/\/sgierpartner.ch\/de\/wp-json\/wp\/v2\/comments?post=2117"}],"version-history":[{"count":0,"href":"https:\/\/sgierpartner.ch\/de\/wp-json\/wp\/v2\/pages\/2117\/revisions"}],"wp:attachment":[{"href":"https:\/\/sgierpartner.ch\/de\/wp-json\/wp\/v2\/media?parent=2117"}],"wp:term":[{"taxonomy":"wf_page_folders","embeddable":true,"href":"https:\/\/sgierpartner.ch\/de\/wp-json\/wp\/v2\/wf_page_folders?post=2117"}],"curies":[{"name":"wp","href":"https:\/\/api.w.org\/{rel}","templated":true}]}}