{"id":2119,"date":"2020-04-19T19:39:55","date_gmt":"2020-04-19T17:39:55","guid":{"rendered":"http:\/\/975ciacxzt.preview.infomaniak.website\/sgierpartner\/?page_id=2119"},"modified":"2020-05-28T17:28:18","modified_gmt":"2020-05-28T15:28:18","slug":"welcome-to-zurich","status":"publish","type":"page","link":"https:\/\/sgierpartner.ch\/de\/welcome-to-zurich\/","title":{"rendered":"Welcome to Zurich"},"content":{"rendered":"<p>[et_pb_section fb_built=&#8221;1&#8243; fullwidth=&#8221;on&#8221; _builder_version=&#8221;4.4.3&#8243;][et_pb_fullwidth_image src=&#8221;https:\/\/sgierpartner.ch\/wp-content\/uploads\/Zurich-immigration-relocation-switzerland-1.jpg&#8221; alt=&#8221;Welcome to Zurich &#8211; swiss immigration + relocation services&#8221; title_text=&#8221;Zurich | swiss immigration+relocation&#8221; _builder_version=&#8221;4.4.7&#8243;][\/et_pb_fullwidth_image][\/et_pb_section][et_pb_section fb_built=&#8221;1&#8243; _builder_version=&#8221;4.4.3&#8243;][et_pb_row _builder_version=&#8221;4.4.3&#8243; custom_margin=&#8221;0px||||false|false&#8221;][et_pb_column type=&#8221;4_4&#8243; _builder_version=&#8221;4.4.3&#8243;][et_pb_text _builder_version=&#8221;4.4.3&#8243; custom_margin=&#8221;||||false|false&#8221;]<\/p>\n<h1>Welcome to Zurich Guide<\/h1>\n<p>[\/et_pb_text][et_pb_menu menu_id=&#8221;44&#8243; disabled_on=&#8221;on|on|off&#8221; _builder_version=&#8221;4.4.3&#8243;][\/et_pb_menu][\/et_pb_column][\/et_pb_row][\/et_pb_section][et_pb_section fb_built=&#8221;1&#8243; _builder_version=&#8221;4.4.3&#8243;][et_pb_row column_structure=&#8221;3_5,2_5&#8243; _builder_version=&#8221;4.4.3&#8243;][et_pb_column type=&#8221;3_5&#8243; _builder_version=&#8221;4.4.3&#8243;][et_pb_text _builder_version=&#8221;4.4.3&#8243; _dynamic_attributes=&#8221;link_option_url&#8221; link_option_url=&#8221;@ET-DC@eyJkeW5hbWljIjp0cnVlLCJjb250ZW50IjoicG9zdF9saW5rX3VybF9wYWdlIiwic2V0dGluZ3MiOnsicG9zdF9pZCI6IjIwMjkifX0=@&#8221;]<\/p>\n<div class=\"ce_text lead block\">\n<h4>Das ideale Informationsmittel f\u00fcr Expats<\/h4>\n<\/div>\n<div class=\"ce_text block\">\n<p>Bereits als dritte, \u00fcberarbeitete Auflage ist der praktische &#8220;Welcome to Zurich Guide&#8221; von Sgier + Partner erh\u00e4ltlich. Ausl\u00e4ndische Mitarbeitende, die sich in Z\u00fcrich niederlassen wollen, finden in dieser englischen Brosch\u00fcre in konzentrierter Form alles Wichtige und Interessante von und \u00fcber Z\u00fcrich. Anschaulich illustriert beschreibt der Guide Wissenswertes zu Themen wie Wohnungsmarkt, Wohnungsbewerbung, Steuersystem, Arbeits- und Aufenthaltsbewilligungen, Kontakt zu den \u00c4mtern, Versicherungssystem, Internationale Schulen, Shopping, Mietvertr\u00e4ge, Bank- und Postservices, \u00d6ffentlicher Verkehr, Medizinische Versorgung, Kultur und Sport, Autoimport und viele Tipps und Checklisten.<\/p>\n<\/div>\n<p>[\/et_pb_text][et_pb_button button_url=&#8221;@ET-DC@eyJkeW5hbWljIjp0cnVlLCJjb250ZW50IjoicG9zdF9saW5rX3VybF9wYWdlIiwic2V0dGluZ3MiOnsicG9zdF9pZCI6IjIwMjkifX0=@&#8221; button_text=&#8221;Bestellen Sie hier (Schutzgeb\u00fchr: CHF 52.00\/Ex)&#8221; button_alignment=&#8221;left&#8221; _builder_version=&#8221;4.4.6&#8243; _dynamic_attributes=&#8221;button_url&#8221; button_bg_color=&#8221;#011ca7&#8243;][\/et_pb_button][et_pb_image src=&#8221;https:\/\/sgierpartner.ch\/wp-content\/uploads\/Welcome-to-Zurich-Guide.jpg&#8221; alt=&#8221;Welcome to Zurich Guide is a brochure for ex-pats&#8221; title_text=&#8221;Welcome to Zurich brochure | swiss immigration + relocation&#8221; _builder_version=&#8221;4.4.7&#8243; hover_enabled=&#8221;0&#8243;][\/et_pb_image][\/et_pb_column][et_pb_column type=&#8221;2_5&#8243; _builder_version=&#8221;4.4.3&#8243;][et_pb_cta title=&#8221;Mitarbeiter professionell entsenden&#8221; button_url=&#8221;@ET-DC@eyJkeW5hbWljIjp0cnVlLCJjb250ZW50IjoicG9zdF9saW5rX3VybF9wYWdlIiwic2V0dGluZ3MiOnsicG9zdF9pZCI6IjIxMTcifX0=@&#8221; button_text=&#8221;Relocation Programme&#8221; _builder_version=&#8221;4.4.6&#8243; _dynamic_attributes=&#8221;button_url&#8221; custom_button=&#8221;on&#8221; button_text_color=&#8221;#ffffff&#8221; button_border_radius=&#8221;12px&#8221;]<\/p>\n<p>Wer von einem Unternehmen ins Ausland geschickt wird, tut gut daran sich auf die Zieldestination vorzubereiten: Vom Einholen der Aufenthalts- bzw. Arbeitsbewilligungen, Haus- oder Wohnungssuche bis zur Wahl der richtigen Schule f\u00fcr die Kinder.<\/p>\n<p>Unsere Relocation Programme unterst\u00fctzen Sie, um gut in der Schweiz anzukommen.<\/p>\n<p>[\/et_pb_cta][et_pb_text _builder_version=&#8221;4.4.6&#8243;]<\/p>\n<blockquote>\n<p>Mit Sgier + Partner haben unter anderm schon mehrere Privatpersonen und Familien den sicheren Weg zur Niederlassung in der Schweiz gefunden.<\/p>\n<\/blockquote>\n<p>[\/et_pb_text][\/et_pb_column][\/et_pb_row][\/et_pb_section][et_pb_section fb_built=&#8221;1&#8243; _builder_version=&#8221;4.4.3&#8243;][et_pb_row _builder_version=&#8221;4.4.3&#8243;][et_pb_column type=&#8221;4_4&#8243; _builder_version=&#8221;4.4.3&#8243;][et_pb_text _builder_version=&#8221;4.4.3&#8243;]<\/p>\n<h2>Welcome to Zurich<\/h2>\n<p>[\/et_pb_text][et_pb_video src=&#8221;https:\/\/www.youtube.com\/watch?v=uiuuO57B9SM&#8221; _builder_version=&#8221;4.4.6&#8243;][\/et_pb_video][\/et_pb_column][\/et_pb_row][\/et_pb_section]<\/p>\n","protected":false},"excerpt":{"rendered":"<p>Ausl\u00e4ndische Mitarbeitende, die sich in Z\u00fcrich niederlassen wollen, finden in dieser englischen Brosch\u00fcre in konzentrierter Form alles Wichtige und Interessante von und \u00fcber Z\u00fcrich. Anschaulich illustriert beschreibt der Guide Wissenswertes zu Themen wie Wohnungsmarkt, Wohnungsbewerbung, Steuersystem, Arbeits- und Aufenthaltsbewilligungen, Kontakt zu den \u00c4mtern, Versicherungssystem, Internationale Schulen, Shopping, Mietvertr\u00e4ge, Bank- und Postservices, \u00d6ffentlicher Verkehr, Medizinische Versorgung, Kultur und Sport, Autoimport und viele Tipps und Checklisten.<\/p>\n","protected":false},"author":1,"featured_media":3202,"parent":0,"menu_order":0,"comment_status":"closed","ping_status":"closed","template":"","meta":{"_et_pb_use_builder":"on","_et_pb_old_content":"","_et_gb_content_width":"","footnotes":""},"wf_page_folders":[87],"class_list":["post-2119","page","type-page","status-publish","has-post-thumbnail","hentry"],"yoast_head":"<!-- This site is optimized with the Yoast SEO plugin v27.4 - https:\/\/yoast.com\/product\/yoast-seo-wordpress\/ -->\n<title>Welcome to Zurich Guide, Wissenswertes f\u00fcr Expats - Workpermit + Arbeitsbewilligungen Spezialist<\/title>\n<meta name=\"description\" content=\"F\u00fcr ausl\u00e4ndische Mitarbeiter, die sich in Z\u00fcrich niederlassen wollen. Das ideale Vorbereitungsmittel f\u00fcr einen gelungen Start.\" \/>\n<meta name=\"robots\" content=\"index, follow, max-snippet:-1, max-image-preview:large, max-video-preview:-1\" \/>\n<link rel=\"canonical\" href=\"https:\/\/sgierpartner.ch\/de\/welcome-to-zurich\/\" \/>\n<meta property=\"og:locale\" content=\"de_DE\" \/>\n<meta property=\"og:type\" content=\"article\" \/>\n<meta property=\"og:title\" content=\"Welcome to Zurich Guide, Wissenswertes f\u00fcr Expats - Workpermit + Arbeitsbewilligungen Spezialist\" \/>\n<meta property=\"og:description\" content=\"F\u00fcr ausl\u00e4ndische Mitarbeiter, die sich in Z\u00fcrich niederlassen wollen. Das ideale Vorbereitungsmittel f\u00fcr einen gelungen Start.\" \/>\n<meta property=\"og:url\" content=\"https:\/\/sgierpartner.ch\/de\/welcome-to-zurich\/\" \/>\n<meta property=\"og:site_name\" content=\"Workpermit + Arbeitsbewilligungen Spezialist\" \/>\n<meta property=\"article:modified_time\" content=\"2020-05-28T15:28:18+00:00\" \/>\n<meta property=\"og:image\" content=\"https:\/\/sgierpartner.ch\/wp-content\/uploads\/SGP_Doku_Zurich-immigration-relocation-switzerland.jpg\" \/>\n\t<meta property=\"og:image:width\" content=\"822\" \/>\n\t<meta property=\"og:image:height\" content=\"822\" \/>\n\t<meta property=\"og:image:type\" content=\"image\/jpeg\" \/>\n<meta name=\"twitter:card\" content=\"summary_large_image\" \/>\n<meta name=\"twitter:label1\" content=\"Gesch\u00e4tzte Lesezeit\" \/>\n\t<meta name=\"twitter:data1\" content=\"3\u00a0Minuten\" \/>\n<script type=\"application\/ld+json\" class=\"yoast-schema-graph\">{\"@context\":\"https:\\\/\\\/schema.org\",\"@graph\":[{\"@type\":\"WebPage\",\"@id\":\"https:\\\/\\\/sgierpartner.ch\\\/de\\\/welcome-to-zurich\\\/\",\"url\":\"https:\\\/\\\/sgierpartner.ch\\\/de\\\/welcome-to-zurich\\\/\",\"name\":\"Welcome to Zurich Guide, Wissenswertes f\u00fcr Expats - Workpermit + Arbeitsbewilligungen Spezialist\",\"isPartOf\":{\"@id\":\"https:\\\/\\\/sgierpartner.ch\\\/de\\\/#website\"},\"primaryImageOfPage\":{\"@id\":\"https:\\\/\\\/sgierpartner.ch\\\/de\\\/welcome-to-zurich\\\/#primaryimage\"},\"image\":{\"@id\":\"https:\\\/\\\/sgierpartner.ch\\\/de\\\/welcome-to-zurich\\\/#primaryimage\"},\"thumbnailUrl\":\"https:\\\/\\\/sgierpartner.ch\\\/wp-content\\\/uploads\\\/SGP_Doku_Zurich-immigration-relocation-switzerland.jpg\",\"datePublished\":\"2020-04-19T17:39:55+00:00\",\"dateModified\":\"2020-05-28T15:28:18+00:00\",\"description\":\"F\u00fcr ausl\u00e4ndische Mitarbeiter, die sich in Z\u00fcrich niederlassen wollen. Das ideale Vorbereitungsmittel f\u00fcr einen gelungen Start.\",\"breadcrumb\":{\"@id\":\"https:\\\/\\\/sgierpartner.ch\\\/de\\\/welcome-to-zurich\\\/#breadcrumb\"},\"inLanguage\":\"de\",\"potentialAction\":[{\"@type\":\"ReadAction\",\"target\":[\"https:\\\/\\\/sgierpartner.ch\\\/de\\\/welcome-to-zurich\\\/\"]}]},{\"@type\":\"ImageObject\",\"inLanguage\":\"de\",\"@id\":\"https:\\\/\\\/sgierpartner.ch\\\/de\\\/welcome-to-zurich\\\/#primaryimage\",\"url\":\"https:\\\/\\\/sgierpartner.ch\\\/wp-content\\\/uploads\\\/SGP_Doku_Zurich-immigration-relocation-switzerland.jpg\",\"contentUrl\":\"https:\\\/\\\/sgierpartner.ch\\\/wp-content\\\/uploads\\\/SGP_Doku_Zurich-immigration-relocation-switzerland.jpg\",\"width\":822,\"height\":822,\"caption\":\"Welcome to Zurich Guide of Sgier\u00a0+ Partner GmbH in Z\u00fcrich, the leader of immigration and relocation services\"},{\"@type\":\"BreadcrumbList\",\"@id\":\"https:\\\/\\\/sgierpartner.ch\\\/de\\\/welcome-to-zurich\\\/#breadcrumb\",\"itemListElement\":[{\"@type\":\"ListItem\",\"position\":1,\"name\":\"Startseite\",\"item\":\"https:\\\/\\\/sgierpartner.ch\\\/de\\\/\"},{\"@type\":\"ListItem\",\"position\":2,\"name\":\"Welcome to Zurich\"}]},{\"@type\":\"WebSite\",\"@id\":\"https:\\\/\\\/sgierpartner.ch\\\/de\\\/#website\",\"url\":\"https:\\\/\\\/sgierpartner.ch\\\/de\\\/\",\"name\":\"Sgier+Partner\",\"description\":\"swiss immigration+relocation\",\"publisher\":{\"@id\":\"https:\\\/\\\/sgierpartner.ch\\\/de\\\/#organization\"},\"potentialAction\":[{\"@type\":\"SearchAction\",\"target\":{\"@type\":\"EntryPoint\",\"urlTemplate\":\"https:\\\/\\\/sgierpartner.ch\\\/de\\\/?s={search_term_string}\"},\"query-input\":{\"@type\":\"PropertyValueSpecification\",\"valueRequired\":true,\"valueName\":\"search_term_string\"}}],\"inLanguage\":\"de\"},{\"@type\":\"Organization\",\"@id\":\"https:\\\/\\\/sgierpartner.ch\\\/de\\\/#organization\",\"name\":\"Sgier + Partner GmbH\",\"url\":\"https:\\\/\\\/sgierpartner.ch\\\/de\\\/\",\"logo\":{\"@type\":\"ImageObject\",\"inLanguage\":\"de\",\"@id\":\"https:\\\/\\\/sgierpartner.ch\\\/de\\\/#\\\/schema\\\/logo\\\/image\\\/\",\"url\":\"https:\\\/\\\/sgierpartner.ch\\\/wp-content\\\/uploads\\\/SP-Logo-Footer-farbig.png\",\"contentUrl\":\"https:\\\/\\\/sgierpartner.ch\\\/wp-content\\\/uploads\\\/SP-Logo-Footer-farbig.png\",\"width\":2058,\"height\":326,\"caption\":\"Sgier + Partner GmbH\"},\"image\":{\"@id\":\"https:\\\/\\\/sgierpartner.ch\\\/de\\\/#\\\/schema\\\/logo\\\/image\\\/\"}}]}<\/script>\n<!-- \/ Yoast SEO plugin. -->","yoast_head_json":{"title":"Welcome to Zurich Guide, Wissenswertes f\u00fcr Expats - Workpermit + Arbeitsbewilligungen Spezialist","description":"F\u00fcr ausl\u00e4ndische Mitarbeiter, die sich in Z\u00fcrich niederlassen wollen. Das ideale Vorbereitungsmittel f\u00fcr einen gelungen Start.","robots":{"index":"index","follow":"follow","max-snippet":"max-snippet:-1","max-image-preview":"max-image-preview:large","max-video-preview":"max-video-preview:-1"},"canonical":"https:\/\/sgierpartner.ch\/de\/welcome-to-zurich\/","og_locale":"de_DE","og_type":"article","og_title":"Welcome to Zurich Guide, Wissenswertes f\u00fcr Expats - Workpermit + Arbeitsbewilligungen Spezialist","og_description":"F\u00fcr ausl\u00e4ndische Mitarbeiter, die sich in Z\u00fcrich niederlassen wollen. Das ideale Vorbereitungsmittel f\u00fcr einen gelungen Start.","og_url":"https:\/\/sgierpartner.ch\/de\/welcome-to-zurich\/","og_site_name":"Workpermit + Arbeitsbewilligungen Spezialist","article_modified_time":"2020-05-28T15:28:18+00:00","og_image":[{"width":822,"height":822,"url":"https:\/\/sgierpartner.ch\/wp-content\/uploads\/SGP_Doku_Zurich-immigration-relocation-switzerland.jpg","type":"image\/jpeg"}],"twitter_card":"summary_large_image","twitter_misc":{"Gesch\u00e4tzte Lesezeit":"3\u00a0Minuten"},"schema":{"@context":"https:\/\/schema.org","@graph":[{"@type":"WebPage","@id":"https:\/\/sgierpartner.ch\/de\/welcome-to-zurich\/","url":"https:\/\/sgierpartner.ch\/de\/welcome-to-zurich\/","name":"Welcome to Zurich Guide, Wissenswertes f\u00fcr Expats - Workpermit + Arbeitsbewilligungen Spezialist","isPartOf":{"@id":"https:\/\/sgierpartner.ch\/de\/#website"},"primaryImageOfPage":{"@id":"https:\/\/sgierpartner.ch\/de\/welcome-to-zurich\/#primaryimage"},"image":{"@id":"https:\/\/sgierpartner.ch\/de\/welcome-to-zurich\/#primaryimage"},"thumbnailUrl":"https:\/\/sgierpartner.ch\/wp-content\/uploads\/SGP_Doku_Zurich-immigration-relocation-switzerland.jpg","datePublished":"2020-04-19T17:39:55+00:00","dateModified":"2020-05-28T15:28:18+00:00","description":"F\u00fcr ausl\u00e4ndische Mitarbeiter, die sich in Z\u00fcrich niederlassen wollen. Das ideale Vorbereitungsmittel f\u00fcr einen gelungen Start.","breadcrumb":{"@id":"https:\/\/sgierpartner.ch\/de\/welcome-to-zurich\/#breadcrumb"},"inLanguage":"de","potentialAction":[{"@type":"ReadAction","target":["https:\/\/sgierpartner.ch\/de\/welcome-to-zurich\/"]}]},{"@type":"ImageObject","inLanguage":"de","@id":"https:\/\/sgierpartner.ch\/de\/welcome-to-zurich\/#primaryimage","url":"https:\/\/sgierpartner.ch\/wp-content\/uploads\/SGP_Doku_Zurich-immigration-relocation-switzerland.jpg","contentUrl":"https:\/\/sgierpartner.ch\/wp-content\/uploads\/SGP_Doku_Zurich-immigration-relocation-switzerland.jpg","width":822,"height":822,"caption":"Welcome to Zurich Guide of Sgier\u00a0+ Partner GmbH in Z\u00fcrich, the leader of immigration and relocation services"},{"@type":"BreadcrumbList","@id":"https:\/\/sgierpartner.ch\/de\/welcome-to-zurich\/#breadcrumb","itemListElement":[{"@type":"ListItem","position":1,"name":"Startseite","item":"https:\/\/sgierpartner.ch\/de\/"},{"@type":"ListItem","position":2,"name":"Welcome to Zurich"}]},{"@type":"WebSite","@id":"https:\/\/sgierpartner.ch\/de\/#website","url":"https:\/\/sgierpartner.ch\/de\/","name":"Sgier+Partner","description":"swiss immigration+relocation","publisher":{"@id":"https:\/\/sgierpartner.ch\/de\/#organization"},"potentialAction":[{"@type":"SearchAction","target":{"@type":"EntryPoint","urlTemplate":"https:\/\/sgierpartner.ch\/de\/?s={search_term_string}"},"query-input":{"@type":"PropertyValueSpecification","valueRequired":true,"valueName":"search_term_string"}}],"inLanguage":"de"},{"@type":"Organization","@id":"https:\/\/sgierpartner.ch\/de\/#organization","name":"Sgier + Partner GmbH","url":"https:\/\/sgierpartner.ch\/de\/","logo":{"@type":"ImageObject","inLanguage":"de","@id":"https:\/\/sgierpartner.ch\/de\/#\/schema\/logo\/image\/","url":"https:\/\/sgierpartner.ch\/wp-content\/uploads\/SP-Logo-Footer-farbig.png","contentUrl":"https:\/\/sgierpartner.ch\/wp-content\/uploads\/SP-Logo-Footer-farbig.png","width":2058,"height":326,"caption":"Sgier + Partner GmbH"},"image":{"@id":"https:\/\/sgierpartner.ch\/de\/#\/schema\/logo\/image\/"}}]}},"_links":{"self":[{"href":"https:\/\/sgierpartner.ch\/de\/wp-json\/wp\/v2\/pages\/2119","targetHints":{"allow":["GET"]}}],"collection":[{"href":"https:\/\/sgierpartner.ch\/de\/wp-json\/wp\/v2\/pages"}],"about":[{"href":"https:\/\/sgierpartner.ch\/de\/wp-json\/wp\/v2\/types\/page"}],"author":[{"embeddable":true,"href":"https:\/\/sgierpartner.ch\/de\/wp-json\/wp\/v2\/users\/1"}],"replies":[{"embeddable":true,"href":"https:\/\/sgierpartner.ch\/de\/wp-json\/wp\/v2\/comments?post=2119"}],"version-history":[{"count":0,"href":"https:\/\/sgierpartner.ch\/de\/wp-json\/wp\/v2\/pages\/2119\/revisions"}],"wp:featuredmedia":[{"embeddable":true,"href":"https:\/\/sgierpartner.ch\/de\/wp-json\/wp\/v2\/media\/3202"}],"wp:attachment":[{"href":"https:\/\/sgierpartner.ch\/de\/wp-json\/wp\/v2\/media?parent=2119"}],"wp:term":[{"taxonomy":"wf_page_folders","embeddable":true,"href":"https:\/\/sgierpartner.ch\/de\/wp-json\/wp\/v2\/wf_page_folders?post=2119"}],"curies":[{"name":"wp","href":"https:\/\/api.w.org\/{rel}","templated":true}]}}