{"id":2124,"date":"2020-04-19T19:44:03","date_gmt":"2020-04-19T17:44:03","guid":{"rendered":"http:\/\/975ciacxzt.preview.infomaniak.website\/sgierpartner\/?page_id=2124"},"modified":"2020-05-30T09:28:55","modified_gmt":"2020-05-30T07:28:55","slug":"ansiedlung","status":"publish","type":"page","link":"https:\/\/sgierpartner.ch\/de\/ansiedlung\/","title":{"rendered":"Ansiedlung"},"content":{"rendered":"\n[et_pb_section fb_built=&#8221;1&#8243; fullwidth=&#8221;on&#8221; _builder_version=&#8221;4.4.3&#8243;][et_pb_fullwidth_image src=&#8221;https:\/\/sgierpartner.ch\/wp-content\/uploads\/swiss-immigrationRelocation-to-Switzerland-1-scaled.jpg&#8221; alt=&#8221;Welcome to Switzerland &#8211; swiss immigration + relocation services&#8221; title_text=&#8221;Welcome to Switzerland | swiss immigration + relocation services&#8221; _builder_version=&#8221;4.4.7&#8243; hover_enabled=&#8221;0&#8243;][\/et_pb_fullwidth_image][\/et_pb_section][et_pb_section fb_built=&#8221;1&#8243; _builder_version=&#8221;4.4.3&#8243;][et_pb_row _builder_version=&#8221;4.4.6&#8243; custom_margin=&#8221;0px||||false|false&#8221; custom_padding=&#8221;||||false|false&#8221;][et_pb_column type=&#8221;4_4&#8243; _builder_version=&#8221;4.4.3&#8243;][et_pb_text _builder_version=&#8221;4.4.3&#8243; custom_margin=&#8221;||||false|false&#8221;]<h1>Ansiedlung<\/h1>[\/et_pb_text][\/et_pb_column][\/et_pb_row][et_pb_row _builder_version=&#8221;4.4.3&#8243; custom_margin=&#8221;0px||||false|false&#8221; custom_padding=&#8221;0px||7px||false|false&#8221;][et_pb_column type=&#8221;4_4&#8243; _builder_version=&#8221;4.4.3&#8243;][et_pb_text _builder_version=&#8221;4.4.3&#8243; custom_margin=&#8221;0px||-1px||false|false&#8221;]<h2><span>Willkommen in der Schweiz<\/span><\/h2>\n<p>Politisch und wirtschaftliche stabile Verh\u00e4ltnisse und eine hohe Lebensqualit\u00e4t f\u00fcr die Mitarbeiter machen die Schweiz attraktiv f\u00fcr ausl\u00e4ndische Firmen. Viele international t\u00e4tige Unternehmen und Konzerne haben deshalb den Hauptsitz in der Schweiz und profiteren von den tiefen Steuern, einem liberalen Arbeitsmarkt mit hochqualifizierten Arbeitskr\u00e4ften sowie von einem soliden Rechtssystem.<\/p>\n<p>Ob Sie ein Startup oder ein bereits etabliertes Unternehmen sind, wir beraten Sie gerne bei der Wahl des Standorts und erledigen rasch und unkompliziert die Formalit\u00e4ten einer Firmengr\u00fcndung.<\/p>[\/et_pb_text][\/et_pb_column][\/et_pb_row][et_pb_row column_structure=&#8221;1_2,1_2&#8243; _builder_version=&#8221;4.4.3&#8243;][et_pb_column type=&#8221;1_2&#8243; _builder_version=&#8221;4.4.3&#8243;][et_pb_blurb title=&#8221;Ansiedlung von Firmen&#8221; image=&#8221;https:\/\/sgierpartner.ch\/wp-content\/uploads\/Immigration-Relocation-Business-1-1024&#215;576.jpg&#8221; alt=&#8221;Settlement in Switzerland &#8211; swiss immigration + relocation services&#8221; _builder_version=&#8221;4.4.7&#8243; hover_enabled=&#8221;0&#8243; border_radii_image=&#8221;on|0px|0px|0px|0px&#8221; image__hover_enabled=&#8221;off|desktop&#8221; title_text=&#8221;Settlement in Switzerland &#8211; swiss immigration + relocation services&#8221;]<div class=\"ce_text block\">\n<p>Ein Unternehmen gr\u00fcnden und aufzubauen ist mit einer Vielzahl von Fragen und Unsicherheiten verbunden. Unvertraute Rechtslage, fehlende Kontakte, mangelhafte Kenntnisse des Marktes, mangelnde Personalkapazit\u00e4ten und unabw\u00e4gbare Startinvestitionen erschweren den Markteintritt. Etwa die H\u00e4lfte der Unternehmen in der Schweiz werden als AG oder GmbH betrieben.<\/p>\n<\/div>\n<div class=\"ce_text block\">\n<p>Welche Gesellschaftsform geeignet ist, ist von der Art des Gesch\u00e4ftes, von den rechtlichen und steuerlichen Rahmenbedingungen des Standortes sowie von den strategischen Zielen abh\u00e4ngig.<\/p>\n<p><span style=\"font-size: 18px; color: #333333; font-weight: 600;\">Sgier\u00a0+ Partner ber\u00e4t und begleitet kleinere und mittelgrosse Unternehmen in allen Aspekten einer professionellen Firmenansiedlung in der Schweiz. Dabei konzentrieren wir uns schwerpunktm\u00e4ssig auf folgende Leistungsbereiche:<\/span><\/p>\n<p><span><\/span><\/p>\n<ul>\n<li class=\"first\">Analyse der spezifischen Bed\u00fcrfnisse des Vorhabens<\/li>\n<li>Standortwahl<\/li>\n<li>Kontakt und Begleitung zu den zust\u00e4ndigen Beh\u00f6rden<\/li>\n<li>Wahl der Gesellschaftsform und Unternehmensgr\u00fcndung<\/li>\n<li>Arbeits- und Aufenthaltsbewilligungen<\/li>\n<li>Suche nach geeigneten Gesch\u00e4ftslokalit\u00e4ten (Miete\/Kauf)<\/li>\n<li>Das gesamte Spektrum der Relocation Services<\/li>\n<li>Firmen\u00fcbersiedlung (Company Move)<\/li>\n<li>Aktive Unterst\u00fctzung bei Vertragsverhandlungen durch unsere juristischen Mitarbeitenden<\/li>\n<li>Personalfragestellungen<\/li>\n<li>Payroll-Services<\/li>\n<li>Einholen von Verleihbewilligungen<\/li>\n<li>Contractor Services<\/li>\n<li>Steueraspekte<\/li>\n<li>Rechtsberatung<\/li>\n<li class=\"last\">Projektmanagement<\/li>\n<\/ul>\n<\/div>[\/et_pb_blurb][\/et_pb_column][et_pb_column type=&#8221;1_2&#8243; _builder_version=&#8221;4.4.3&#8243;][et_pb_blurb title=&#8221;Ansiedlung von Privatpersonen&#8221; image=&#8221;https:\/\/sgierpartner.ch\/wp-content\/uploads\/Family-Immigration-Relocation-Switzerland-1-1024&#215;576.jpg&#8221; alt=&#8221;Expat in Switzerland&#8221; _builder_version=&#8221;4.4.7&#8243; hover_enabled=&#8221;0&#8243; border_radii_image=&#8221;on|0px|0px|0px|0px&#8221; image__hover_enabled=&#8221;on|desktop&#8221; image__hover=&#8221;https:\/\/sgierpartner.ch\/wp-content\/uploads\/Welcome-to-Switzerland-Entrepreneur-1024&#215;576.jpg&#8221; title_text=&#8221;Expat | swiss immigration + relocation services&#8221;]<p><span>Aufgrund der sehr hohen Lebensqualit\u00e4t, der hervorragenden Infrastruktur, der stabilen Rahmenbedingungen, der Sicherheit, der guten Erreichbarkeit, aber auch aufgrund des Steuersystems ist die Schweiz f\u00fcr viele Personen und Unternehmen ein attraktives Domizil.<\/span><\/p>\n<h4><span>Sgier\u00a0+ Partner ber\u00e4t und begleitet Privatpersonen und Familien in allen Aspekten einer professionellen Ansiedlung in der Schweiz. Dabei konzentrieren wir uns auf schwerpunktm\u00e4ssig auf folgende Leistungsbereiche:\u00a0<\/span><\/h4>\n<p><span><\/span><\/p>\n<ul>\n<li class=\"first\">Analyse der spezifischen Bed\u00fcrfnisse Ihres Vorhabens<\/li>\n<li>Standortwahl (Kanton, Gemeinde)<\/li>\n<li>Kontakt und Begleitung zu den zust\u00e4ndigen Beh\u00f6rden<\/li>\n<li>Arbeits- und Aufenthaltsbewilligungen<\/li>\n<li>Suche nach attraktiven Wohnobjekten (Miete\/Kauf)<\/li>\n<li>Das gesamte Spektrum der Relocation Services<\/li>\n<li>Aktive Unterst\u00fctzung bei Vertragsverhandlungen durch unsere juristischen Mitarbeiter<\/li>\n<li>Steueraspekte inklusive Pauschalbesteuerung<\/li>\n<li>Generelle Rechtsberatung<\/li>\n<li class=\"last\">Verm\u00f6gensberatung in Zusammenarbeit mit ausgew\u00e4hlten Partnern<\/li>\n<\/ul>[\/et_pb_blurb][et_pb_cta title=&#8221;Wir holen f\u00fcr Sie eine Arbeitsbewilligung ein&#8221; _builder_version=&#8221;4.4.6&#8243;]<p>Sind Sie mehr als drei Monate in der Schweiz oder m\u00f6chten Sie eine Arbeitst\u00e4tigkeit aufnehmen, so brauchen Sie eine Aufenthaltsbewilligung. Es wird unterschieden zwischen Kurzaufenthalts-, Aufenthalts- und Niederlassungsbewilligung.<\/p>\n<p>Gerne unterst\u00fctzen wir Sie resp. Ihren Arbeitgeber beim Einholen einer Bewilligung &#8211; in allen Schweizer Kantonen.<\/p>[\/et_pb_cta][\/et_pb_column][\/et_pb_row][\/et_pb_section]\n","protected":false},"excerpt":{"rendered":"<p>Ob Sie ein Startup oder ein bereits etabliertes Unternehmen sind, wir beraten Sie gerne bei der Wahl des Standorts und erledigen rasch und unkompliziert die Formalit\u00e4ten einer Firmengr\u00fcndung.<\/p>\n","protected":false},"author":1,"featured_media":3181,"parent":0,"menu_order":0,"comment_status":"closed","ping_status":"closed","template":"","meta":{"_et_pb_use_builder":"on","_et_pb_old_content":"","_et_gb_content_width":"","footnotes":""},"wf_page_folders":[90],"class_list":["post-2124","page","type-page","status-publish","has-post-thumbnail","hentry"],"yoast_head":"<!-- This site is optimized with the Yoast SEO plugin v27.5 - https:\/\/yoast.com\/product\/yoast-seo-wordpress\/ -->\n<title>Ansiedlung von Personen und Firmen in der Schweiz - Workpermit + Arbeitsbewilligungen Spezialist<\/title>\n<meta name=\"description\" content=\"Sgier + Partner ber\u00e4t und begleitet kleinere und mittelgrosse Unternehmen in allen Aspekten einer professionellen Firmenansiedlung in der Schweiz.\" \/>\n<meta name=\"robots\" content=\"index, follow, max-snippet:-1, max-image-preview:large, max-video-preview:-1\" \/>\n<link rel=\"canonical\" href=\"https:\/\/sgierpartner.ch\/de\/ansiedlung\/\" \/>\n<meta property=\"og:locale\" content=\"de_DE\" \/>\n<meta property=\"og:type\" content=\"article\" \/>\n<meta property=\"og:title\" content=\"Ansiedlung von Personen und Firmen in der Schweiz - Workpermit + Arbeitsbewilligungen Spezialist\" \/>\n<meta property=\"og:description\" content=\"Sgier + Partner ber\u00e4t und begleitet kleinere und mittelgrosse Unternehmen in allen Aspekten einer professionellen Firmenansiedlung in der Schweiz.\" \/>\n<meta property=\"og:url\" content=\"https:\/\/sgierpartner.ch\/de\/ansiedlung\/\" \/>\n<meta property=\"og:site_name\" content=\"Workpermit + Arbeitsbewilligungen Spezialist\" \/>\n<meta property=\"article:modified_time\" content=\"2020-05-30T07:28:55+00:00\" \/>\n<meta property=\"og:image\" content=\"https:\/\/sgierpartner.ch\/wp-content\/uploads\/Family-Immigration-Relocation-Switzerland-1.jpg\" \/>\n\t<meta property=\"og:image:width\" content=\"1600\" \/>\n\t<meta property=\"og:image:height\" content=\"900\" \/>\n\t<meta property=\"og:image:type\" content=\"image\/jpeg\" \/>\n<meta name=\"twitter:card\" content=\"summary_large_image\" \/>\n<meta name=\"twitter:label1\" content=\"Gesch\u00e4tzte Lesezeit\" \/>\n\t<meta name=\"twitter:data1\" content=\"4\u00a0Minuten\" \/>\n<script type=\"application\/ld+json\" class=\"yoast-schema-graph\">{\"@context\":\"https:\\\/\\\/schema.org\",\"@graph\":[{\"@type\":\"WebPage\",\"@id\":\"https:\\\/\\\/sgierpartner.ch\\\/de\\\/ansiedlung\\\/\",\"url\":\"https:\\\/\\\/sgierpartner.ch\\\/de\\\/ansiedlung\\\/\",\"name\":\"Ansiedlung von Personen und Firmen in der Schweiz - Workpermit + Arbeitsbewilligungen Spezialist\",\"isPartOf\":{\"@id\":\"https:\\\/\\\/sgierpartner.ch\\\/de\\\/#website\"},\"primaryImageOfPage\":{\"@id\":\"https:\\\/\\\/sgierpartner.ch\\\/de\\\/ansiedlung\\\/#primaryimage\"},\"image\":{\"@id\":\"https:\\\/\\\/sgierpartner.ch\\\/de\\\/ansiedlung\\\/#primaryimage\"},\"thumbnailUrl\":\"https:\\\/\\\/sgierpartner.ch\\\/wp-content\\\/uploads\\\/Family-Immigration-Relocation-Switzerland-1.jpg\",\"datePublished\":\"2020-04-19T17:44:03+00:00\",\"dateModified\":\"2020-05-30T07:28:55+00:00\",\"description\":\"Sgier + Partner ber\u00e4t und begleitet kleinere und mittelgrosse Unternehmen in allen Aspekten einer professionellen Firmenansiedlung in der Schweiz.\",\"breadcrumb\":{\"@id\":\"https:\\\/\\\/sgierpartner.ch\\\/de\\\/ansiedlung\\\/#breadcrumb\"},\"inLanguage\":\"de\",\"potentialAction\":[{\"@type\":\"ReadAction\",\"target\":[\"https:\\\/\\\/sgierpartner.ch\\\/de\\\/ansiedlung\\\/\"]}]},{\"@type\":\"ImageObject\",\"inLanguage\":\"de\",\"@id\":\"https:\\\/\\\/sgierpartner.ch\\\/de\\\/ansiedlung\\\/#primaryimage\",\"url\":\"https:\\\/\\\/sgierpartner.ch\\\/wp-content\\\/uploads\\\/Family-Immigration-Relocation-Switzerland-1.jpg\",\"contentUrl\":\"https:\\\/\\\/sgierpartner.ch\\\/wp-content\\\/uploads\\\/Family-Immigration-Relocation-Switzerland-1.jpg\",\"width\":1600,\"height\":900,\"caption\":\"swiss immigration + relocation services in Switzerland: Zurich, Geneva, Zug, Lugano, Basle, Berne, Lausanne\"},{\"@type\":\"BreadcrumbList\",\"@id\":\"https:\\\/\\\/sgierpartner.ch\\\/de\\\/ansiedlung\\\/#breadcrumb\",\"itemListElement\":[{\"@type\":\"ListItem\",\"position\":1,\"name\":\"Startseite\",\"item\":\"https:\\\/\\\/sgierpartner.ch\\\/de\\\/\"},{\"@type\":\"ListItem\",\"position\":2,\"name\":\"Ansiedlung\"}]},{\"@type\":\"WebSite\",\"@id\":\"https:\\\/\\\/sgierpartner.ch\\\/de\\\/#website\",\"url\":\"https:\\\/\\\/sgierpartner.ch\\\/de\\\/\",\"name\":\"Sgier+Partner\",\"description\":\"swiss immigration+relocation\",\"publisher\":{\"@id\":\"https:\\\/\\\/sgierpartner.ch\\\/de\\\/#organization\"},\"potentialAction\":[{\"@type\":\"SearchAction\",\"target\":{\"@type\":\"EntryPoint\",\"urlTemplate\":\"https:\\\/\\\/sgierpartner.ch\\\/de\\\/?s={search_term_string}\"},\"query-input\":{\"@type\":\"PropertyValueSpecification\",\"valueRequired\":true,\"valueName\":\"search_term_string\"}}],\"inLanguage\":\"de\"},{\"@type\":\"Organization\",\"@id\":\"https:\\\/\\\/sgierpartner.ch\\\/de\\\/#organization\",\"name\":\"Sgier + Partner GmbH\",\"url\":\"https:\\\/\\\/sgierpartner.ch\\\/de\\\/\",\"logo\":{\"@type\":\"ImageObject\",\"inLanguage\":\"de\",\"@id\":\"https:\\\/\\\/sgierpartner.ch\\\/de\\\/#\\\/schema\\\/logo\\\/image\\\/\",\"url\":\"https:\\\/\\\/sgierpartner.ch\\\/wp-content\\\/uploads\\\/SP-Logo-Footer-farbig.png\",\"contentUrl\":\"https:\\\/\\\/sgierpartner.ch\\\/wp-content\\\/uploads\\\/SP-Logo-Footer-farbig.png\",\"width\":2058,\"height\":326,\"caption\":\"Sgier + Partner GmbH\"},\"image\":{\"@id\":\"https:\\\/\\\/sgierpartner.ch\\\/de\\\/#\\\/schema\\\/logo\\\/image\\\/\"}}]}<\/script>\n<!-- \/ Yoast SEO plugin. -->","yoast_head_json":{"title":"Ansiedlung von Personen und Firmen in der Schweiz - Workpermit + Arbeitsbewilligungen Spezialist","description":"Sgier + Partner ber\u00e4t und begleitet kleinere und mittelgrosse Unternehmen in allen Aspekten einer professionellen Firmenansiedlung in der Schweiz.","robots":{"index":"index","follow":"follow","max-snippet":"max-snippet:-1","max-image-preview":"max-image-preview:large","max-video-preview":"max-video-preview:-1"},"canonical":"https:\/\/sgierpartner.ch\/de\/ansiedlung\/","og_locale":"de_DE","og_type":"article","og_title":"Ansiedlung von Personen und Firmen in der Schweiz - Workpermit + Arbeitsbewilligungen Spezialist","og_description":"Sgier + Partner ber\u00e4t und begleitet kleinere und mittelgrosse Unternehmen in allen Aspekten einer professionellen Firmenansiedlung in der Schweiz.","og_url":"https:\/\/sgierpartner.ch\/de\/ansiedlung\/","og_site_name":"Workpermit + Arbeitsbewilligungen Spezialist","article_modified_time":"2020-05-30T07:28:55+00:00","og_image":[{"width":1600,"height":900,"url":"https:\/\/sgierpartner.ch\/wp-content\/uploads\/Family-Immigration-Relocation-Switzerland-1.jpg","type":"image\/jpeg"}],"twitter_card":"summary_large_image","twitter_misc":{"Gesch\u00e4tzte Lesezeit":"4\u00a0Minuten"},"schema":{"@context":"https:\/\/schema.org","@graph":[{"@type":"WebPage","@id":"https:\/\/sgierpartner.ch\/de\/ansiedlung\/","url":"https:\/\/sgierpartner.ch\/de\/ansiedlung\/","name":"Ansiedlung von Personen und Firmen in der Schweiz - Workpermit + Arbeitsbewilligungen Spezialist","isPartOf":{"@id":"https:\/\/sgierpartner.ch\/de\/#website"},"primaryImageOfPage":{"@id":"https:\/\/sgierpartner.ch\/de\/ansiedlung\/#primaryimage"},"image":{"@id":"https:\/\/sgierpartner.ch\/de\/ansiedlung\/#primaryimage"},"thumbnailUrl":"https:\/\/sgierpartner.ch\/wp-content\/uploads\/Family-Immigration-Relocation-Switzerland-1.jpg","datePublished":"2020-04-19T17:44:03+00:00","dateModified":"2020-05-30T07:28:55+00:00","description":"Sgier + Partner ber\u00e4t und begleitet kleinere und mittelgrosse Unternehmen in allen Aspekten einer professionellen Firmenansiedlung in der Schweiz.","breadcrumb":{"@id":"https:\/\/sgierpartner.ch\/de\/ansiedlung\/#breadcrumb"},"inLanguage":"de","potentialAction":[{"@type":"ReadAction","target":["https:\/\/sgierpartner.ch\/de\/ansiedlung\/"]}]},{"@type":"ImageObject","inLanguage":"de","@id":"https:\/\/sgierpartner.ch\/de\/ansiedlung\/#primaryimage","url":"https:\/\/sgierpartner.ch\/wp-content\/uploads\/Family-Immigration-Relocation-Switzerland-1.jpg","contentUrl":"https:\/\/sgierpartner.ch\/wp-content\/uploads\/Family-Immigration-Relocation-Switzerland-1.jpg","width":1600,"height":900,"caption":"swiss immigration + relocation services in Switzerland: Zurich, Geneva, Zug, Lugano, Basle, Berne, Lausanne"},{"@type":"BreadcrumbList","@id":"https:\/\/sgierpartner.ch\/de\/ansiedlung\/#breadcrumb","itemListElement":[{"@type":"ListItem","position":1,"name":"Startseite","item":"https:\/\/sgierpartner.ch\/de\/"},{"@type":"ListItem","position":2,"name":"Ansiedlung"}]},{"@type":"WebSite","@id":"https:\/\/sgierpartner.ch\/de\/#website","url":"https:\/\/sgierpartner.ch\/de\/","name":"Sgier+Partner","description":"swiss immigration+relocation","publisher":{"@id":"https:\/\/sgierpartner.ch\/de\/#organization"},"potentialAction":[{"@type":"SearchAction","target":{"@type":"EntryPoint","urlTemplate":"https:\/\/sgierpartner.ch\/de\/?s={search_term_string}"},"query-input":{"@type":"PropertyValueSpecification","valueRequired":true,"valueName":"search_term_string"}}],"inLanguage":"de"},{"@type":"Organization","@id":"https:\/\/sgierpartner.ch\/de\/#organization","name":"Sgier + Partner GmbH","url":"https:\/\/sgierpartner.ch\/de\/","logo":{"@type":"ImageObject","inLanguage":"de","@id":"https:\/\/sgierpartner.ch\/de\/#\/schema\/logo\/image\/","url":"https:\/\/sgierpartner.ch\/wp-content\/uploads\/SP-Logo-Footer-farbig.png","contentUrl":"https:\/\/sgierpartner.ch\/wp-content\/uploads\/SP-Logo-Footer-farbig.png","width":2058,"height":326,"caption":"Sgier + Partner GmbH"},"image":{"@id":"https:\/\/sgierpartner.ch\/de\/#\/schema\/logo\/image\/"}}]}},"_links":{"self":[{"href":"https:\/\/sgierpartner.ch\/de\/wp-json\/wp\/v2\/pages\/2124","targetHints":{"allow":["GET"]}}],"collection":[{"href":"https:\/\/sgierpartner.ch\/de\/wp-json\/wp\/v2\/pages"}],"about":[{"href":"https:\/\/sgierpartner.ch\/de\/wp-json\/wp\/v2\/types\/page"}],"author":[{"embeddable":true,"href":"https:\/\/sgierpartner.ch\/de\/wp-json\/wp\/v2\/users\/1"}],"replies":[{"embeddable":true,"href":"https:\/\/sgierpartner.ch\/de\/wp-json\/wp\/v2\/comments?post=2124"}],"version-history":[{"count":0,"href":"https:\/\/sgierpartner.ch\/de\/wp-json\/wp\/v2\/pages\/2124\/revisions"}],"wp:featuredmedia":[{"embeddable":true,"href":"https:\/\/sgierpartner.ch\/de\/wp-json\/wp\/v2\/media\/3181"}],"wp:attachment":[{"href":"https:\/\/sgierpartner.ch\/de\/wp-json\/wp\/v2\/media?parent=2124"}],"wp:term":[{"taxonomy":"wf_page_folders","embeddable":true,"href":"https:\/\/sgierpartner.ch\/de\/wp-json\/wp\/v2\/wf_page_folders?post=2124"}],"curies":[{"name":"wp","href":"https:\/\/api.w.org\/{rel}","templated":true}]}}