{"id":2127,"date":"2020-04-19T19:44:35","date_gmt":"2020-04-19T17:44:35","guid":{"rendered":"http:\/\/975ciacxzt.preview.infomaniak.website\/sgierpartner\/?page_id=2127"},"modified":"2020-05-28T19:00:41","modified_gmt":"2020-05-28T17:00:41","slug":"referenzen","status":"publish","type":"page","link":"https:\/\/sgierpartner.ch\/de\/referenzen\/","title":{"rendered":"Referenzen"},"content":{"rendered":"<p>[et_pb_section fb_built=&#8221;1&#8243; fullwidth=&#8221;on&#8221; _builder_version=&#8221;4.4.3&#8243;][et_pb_fullwidth_image src=&#8221;https:\/\/sgierpartner.ch\/wp-content\/uploads\/Berge-immigration-relocation-schweiz-2.jpg&#8221; alt=&#8221;Welcome to Switzerland &#8211; swiss immigration + relocation services&#8221; title_text=&#8221;Sgier + Partner Zurich, Switzerland | swiss immigration+relocation&#8221; _builder_version=&#8221;4.4.7&#8243; hover_enabled=&#8221;0&#8243;][\/et_pb_fullwidth_image][\/et_pb_section][et_pb_section fb_built=&#8221;1&#8243; _builder_version=&#8221;4.4.3&#8243;][et_pb_row _builder_version=&#8221;4.4.3&#8243; custom_margin=&#8221;0px||||false|false&#8221;][et_pb_column type=&#8221;4_4&#8243; _builder_version=&#8221;4.4.3&#8243;][et_pb_text _builder_version=&#8221;4.4.3&#8243; custom_margin=&#8221;||||false|false&#8221;]<\/p>\n<h1>Referenzen<\/h1>\n<p>[\/et_pb_text][et_pb_menu menu_id=&#8221;47&#8243; disabled_on=&#8221;on|on|off&#8221; _builder_version=&#8221;4.4.3&#8243;][\/et_pb_menu][\/et_pb_column][\/et_pb_row][et_pb_row column_structure=&#8221;3_4,1_4&#8243; _builder_version=&#8221;4.4.3&#8243;][et_pb_column type=&#8221;3_4&#8243; _builder_version=&#8221;4.4.3&#8243;][et_pb_text _builder_version=&#8221;4.4.3&#8243;]<\/p>\n<h4><span>Wir sind f\u00fcr viele b\u00f6rsennotierten Unternehmen aber auch KMUs und Privatpersonen t\u00e4tig. Unsere Kunden sch\u00e4tzen unsere Professionalit\u00e4t und Flexibilit\u00e4t, aber auch unsere Diskretion. Deshalb haben Sie bitte Verst\u00e4ndnis daf\u00fcr, dass wir Ihnen an dieser Stelle keine Namen nennen.<\/span><\/h4>\n<p>[\/et_pb_text][et_pb_text _builder_version=&#8221;4.4.3&#8243;]<\/p>\n<div class=\"ce_text block\">\n<p>Gerne erhalten Sie aber in einem pers\u00f6nlichen Gespr\u00e4ch eine Referenzliste.<\/p>\n<\/div>\n<p>[\/et_pb_text][et_pb_image src=&#8221;https:\/\/sgierpartner.ch\/wp-content\/uploads\/Sgier-Partner-Swiss-Relocation-Immigration-Network-1024&#215;576.jpg&#8221; alt=&#8221;Sgier + Partner, the Swiss immigration and relocation specialist&#8221; title_text=&#8221;Sgier + Partner | swiss immigration + relocation services&#8221; _builder_version=&#8221;4.4.7&#8243; hover_enabled=&#8221;0&#8243;][\/et_pb_image][\/et_pb_column][et_pb_column type=&#8221;1_4&#8243; _builder_version=&#8221;4.4.3&#8243;][et_pb_cta title=&#8221;Unsere Kunden sind haupts\u00e4chlich in folgenden Bereichen angesiedelt:&#8221; _builder_version=&#8221;4.4.3&#8243; custom_padding=&#8221;||0px|||&#8221;]<\/p>\n<ul>\n<li>Airline<\/li>\n<li>Banken<\/li>\n<li>Consulting<\/li>\n<li>Energieversorger<\/li>\n<li>Gastronomie<\/li>\n<li>Handel<\/li>\n<li>Informatik<\/li>\n<li>Pharma<\/li>\n<li>Produzierende Industrie<\/li>\n<li>Telekommunikation<\/li>\n<li>Tourismus<\/li>\n<li>Transport\/Logistik<\/li>\n<li>Versicherungen<\/li>\n<li>Wirtschaftspr\u00fcfung<\/li>\n<\/ul>\n<p>[\/et_pb_cta][et_pb_text _builder_version=&#8221;4.4.6&#8243;]<\/p>\n<blockquote>\n<p>Unser Immigration Kompetenz Team vereinigt \u00fcber 70 Jahre Praxiserfahrung im Management von Arbeitsbewilligungen.<\/p>\n<\/blockquote>\n<p>[\/et_pb_text][\/et_pb_column][\/et_pb_row][\/et_pb_section]<\/p>\n","protected":false},"excerpt":{"rendered":"<p>Wir sind f\u00fcr viele b\u00f6rsennotierten Unternehmen aber auch KMUs und Privatpersonen t\u00e4tig. Unsere Kunden sch\u00e4tzen unsere Professionalit\u00e4t und Flexibilit\u00e4t, aber auch unsere Diskretion. Deshalb haben Sie bitte Verst\u00e4ndnis daf\u00fcr, dass wir Ihnen an dieser Stelle keine Namen nennen.<\/p>\n","protected":false},"author":1,"featured_media":0,"parent":0,"menu_order":0,"comment_status":"closed","ping_status":"closed","template":"","meta":{"_et_pb_use_builder":"on","_et_pb_old_content":"","_et_gb_content_width":"","footnotes":""},"wf_page_folders":[88],"class_list":["post-2127","page","type-page","status-publish","hentry"],"yoast_head":"<!-- This site is optimized with the Yoast SEO plugin v27.3 - https:\/\/yoast.com\/product\/yoast-seo-wordpress\/ -->\n<title>Referenzen Immigration und Relocation Services Schweiz - Workpermit + Arbeitsbewilligungen Spezialist<\/title>\n<meta name=\"description\" content=\"Wir sind f\u00fcr b\u00f6rsennotierte Unternehmen aber auch KMUs t\u00e4tig. Unsere Kunden sch\u00e4tzen unsere Professionalit\u00e4t und Flexibilit\u00e4t, aber auch unsere Diskretion.\" \/>\n<meta name=\"robots\" content=\"index, follow, max-snippet:-1, max-image-preview:large, max-video-preview:-1\" \/>\n<link rel=\"canonical\" href=\"https:\/\/sgierpartner.ch\/de\/referenzen\/\" \/>\n<meta property=\"og:locale\" content=\"de_DE\" \/>\n<meta property=\"og:type\" content=\"article\" \/>\n<meta property=\"og:title\" content=\"Referenzen Immigration und Relocation Services Schweiz - Workpermit + Arbeitsbewilligungen Spezialist\" \/>\n<meta property=\"og:description\" content=\"Wir sind f\u00fcr b\u00f6rsennotierte Unternehmen aber auch KMUs t\u00e4tig. Unsere Kunden sch\u00e4tzen unsere Professionalit\u00e4t und Flexibilit\u00e4t, aber auch unsere Diskretion.\" \/>\n<meta property=\"og:url\" content=\"https:\/\/sgierpartner.ch\/de\/referenzen\/\" \/>\n<meta property=\"og:site_name\" content=\"Workpermit + Arbeitsbewilligungen Spezialist\" \/>\n<meta property=\"article:modified_time\" content=\"2020-05-28T17:00:41+00:00\" \/>\n<meta name=\"twitter:card\" content=\"summary_large_image\" \/>\n<meta name=\"twitter:label1\" content=\"Gesch\u00e4tzte Lesezeit\" \/>\n\t<meta name=\"twitter:data1\" content=\"2\u00a0Minuten\" \/>\n<script type=\"application\/ld+json\" class=\"yoast-schema-graph\">{\"@context\":\"https:\\\/\\\/schema.org\",\"@graph\":[{\"@type\":\"WebPage\",\"@id\":\"https:\\\/\\\/sgierpartner.ch\\\/de\\\/referenzen\\\/\",\"url\":\"https:\\\/\\\/sgierpartner.ch\\\/de\\\/referenzen\\\/\",\"name\":\"Referenzen Immigration und Relocation Services Schweiz - Workpermit + Arbeitsbewilligungen Spezialist\",\"isPartOf\":{\"@id\":\"https:\\\/\\\/sgierpartner.ch\\\/de\\\/#website\"},\"datePublished\":\"2020-04-19T17:44:35+00:00\",\"dateModified\":\"2020-05-28T17:00:41+00:00\",\"description\":\"Wir sind f\u00fcr b\u00f6rsennotierte Unternehmen aber auch KMUs t\u00e4tig. Unsere Kunden sch\u00e4tzen unsere Professionalit\u00e4t und Flexibilit\u00e4t, aber auch unsere Diskretion.\",\"breadcrumb\":{\"@id\":\"https:\\\/\\\/sgierpartner.ch\\\/de\\\/referenzen\\\/#breadcrumb\"},\"inLanguage\":\"de\",\"potentialAction\":[{\"@type\":\"ReadAction\",\"target\":[\"https:\\\/\\\/sgierpartner.ch\\\/de\\\/referenzen\\\/\"]}]},{\"@type\":\"BreadcrumbList\",\"@id\":\"https:\\\/\\\/sgierpartner.ch\\\/de\\\/referenzen\\\/#breadcrumb\",\"itemListElement\":[{\"@type\":\"ListItem\",\"position\":1,\"name\":\"Startseite\",\"item\":\"https:\\\/\\\/sgierpartner.ch\\\/de\\\/\"},{\"@type\":\"ListItem\",\"position\":2,\"name\":\"Referenzen\"}]},{\"@type\":\"WebSite\",\"@id\":\"https:\\\/\\\/sgierpartner.ch\\\/de\\\/#website\",\"url\":\"https:\\\/\\\/sgierpartner.ch\\\/de\\\/\",\"name\":\"Sgier+Partner\",\"description\":\"swiss immigration+relocation\",\"publisher\":{\"@id\":\"https:\\\/\\\/sgierpartner.ch\\\/de\\\/#organization\"},\"potentialAction\":[{\"@type\":\"SearchAction\",\"target\":{\"@type\":\"EntryPoint\",\"urlTemplate\":\"https:\\\/\\\/sgierpartner.ch\\\/de\\\/?s={search_term_string}\"},\"query-input\":{\"@type\":\"PropertyValueSpecification\",\"valueRequired\":true,\"valueName\":\"search_term_string\"}}],\"inLanguage\":\"de\"},{\"@type\":\"Organization\",\"@id\":\"https:\\\/\\\/sgierpartner.ch\\\/de\\\/#organization\",\"name\":\"Sgier + Partner GmbH\",\"url\":\"https:\\\/\\\/sgierpartner.ch\\\/de\\\/\",\"logo\":{\"@type\":\"ImageObject\",\"inLanguage\":\"de\",\"@id\":\"https:\\\/\\\/sgierpartner.ch\\\/de\\\/#\\\/schema\\\/logo\\\/image\\\/\",\"url\":\"https:\\\/\\\/sgierpartner.ch\\\/wp-content\\\/uploads\\\/SP-Logo-Footer-farbig.png\",\"contentUrl\":\"https:\\\/\\\/sgierpartner.ch\\\/wp-content\\\/uploads\\\/SP-Logo-Footer-farbig.png\",\"width\":2058,\"height\":326,\"caption\":\"Sgier + Partner GmbH\"},\"image\":{\"@id\":\"https:\\\/\\\/sgierpartner.ch\\\/de\\\/#\\\/schema\\\/logo\\\/image\\\/\"}}]}<\/script>\n<!-- \/ Yoast SEO plugin. -->","yoast_head_json":{"title":"Referenzen Immigration und Relocation Services Schweiz - Workpermit + Arbeitsbewilligungen Spezialist","description":"Wir sind f\u00fcr b\u00f6rsennotierte Unternehmen aber auch KMUs t\u00e4tig. Unsere Kunden sch\u00e4tzen unsere Professionalit\u00e4t und Flexibilit\u00e4t, aber auch unsere Diskretion.","robots":{"index":"index","follow":"follow","max-snippet":"max-snippet:-1","max-image-preview":"max-image-preview:large","max-video-preview":"max-video-preview:-1"},"canonical":"https:\/\/sgierpartner.ch\/de\/referenzen\/","og_locale":"de_DE","og_type":"article","og_title":"Referenzen Immigration und Relocation Services Schweiz - Workpermit + Arbeitsbewilligungen Spezialist","og_description":"Wir sind f\u00fcr b\u00f6rsennotierte Unternehmen aber auch KMUs t\u00e4tig. Unsere Kunden sch\u00e4tzen unsere Professionalit\u00e4t und Flexibilit\u00e4t, aber auch unsere Diskretion.","og_url":"https:\/\/sgierpartner.ch\/de\/referenzen\/","og_site_name":"Workpermit + Arbeitsbewilligungen Spezialist","article_modified_time":"2020-05-28T17:00:41+00:00","twitter_card":"summary_large_image","twitter_misc":{"Gesch\u00e4tzte Lesezeit":"2\u00a0Minuten"},"schema":{"@context":"https:\/\/schema.org","@graph":[{"@type":"WebPage","@id":"https:\/\/sgierpartner.ch\/de\/referenzen\/","url":"https:\/\/sgierpartner.ch\/de\/referenzen\/","name":"Referenzen Immigration und Relocation Services Schweiz - Workpermit + Arbeitsbewilligungen Spezialist","isPartOf":{"@id":"https:\/\/sgierpartner.ch\/de\/#website"},"datePublished":"2020-04-19T17:44:35+00:00","dateModified":"2020-05-28T17:00:41+00:00","description":"Wir sind f\u00fcr b\u00f6rsennotierte Unternehmen aber auch KMUs t\u00e4tig. Unsere Kunden sch\u00e4tzen unsere Professionalit\u00e4t und Flexibilit\u00e4t, aber auch unsere Diskretion.","breadcrumb":{"@id":"https:\/\/sgierpartner.ch\/de\/referenzen\/#breadcrumb"},"inLanguage":"de","potentialAction":[{"@type":"ReadAction","target":["https:\/\/sgierpartner.ch\/de\/referenzen\/"]}]},{"@type":"BreadcrumbList","@id":"https:\/\/sgierpartner.ch\/de\/referenzen\/#breadcrumb","itemListElement":[{"@type":"ListItem","position":1,"name":"Startseite","item":"https:\/\/sgierpartner.ch\/de\/"},{"@type":"ListItem","position":2,"name":"Referenzen"}]},{"@type":"WebSite","@id":"https:\/\/sgierpartner.ch\/de\/#website","url":"https:\/\/sgierpartner.ch\/de\/","name":"Sgier+Partner","description":"swiss immigration+relocation","publisher":{"@id":"https:\/\/sgierpartner.ch\/de\/#organization"},"potentialAction":[{"@type":"SearchAction","target":{"@type":"EntryPoint","urlTemplate":"https:\/\/sgierpartner.ch\/de\/?s={search_term_string}"},"query-input":{"@type":"PropertyValueSpecification","valueRequired":true,"valueName":"search_term_string"}}],"inLanguage":"de"},{"@type":"Organization","@id":"https:\/\/sgierpartner.ch\/de\/#organization","name":"Sgier + Partner GmbH","url":"https:\/\/sgierpartner.ch\/de\/","logo":{"@type":"ImageObject","inLanguage":"de","@id":"https:\/\/sgierpartner.ch\/de\/#\/schema\/logo\/image\/","url":"https:\/\/sgierpartner.ch\/wp-content\/uploads\/SP-Logo-Footer-farbig.png","contentUrl":"https:\/\/sgierpartner.ch\/wp-content\/uploads\/SP-Logo-Footer-farbig.png","width":2058,"height":326,"caption":"Sgier + Partner GmbH"},"image":{"@id":"https:\/\/sgierpartner.ch\/de\/#\/schema\/logo\/image\/"}}]}},"_links":{"self":[{"href":"https:\/\/sgierpartner.ch\/de\/wp-json\/wp\/v2\/pages\/2127","targetHints":{"allow":["GET"]}}],"collection":[{"href":"https:\/\/sgierpartner.ch\/de\/wp-json\/wp\/v2\/pages"}],"about":[{"href":"https:\/\/sgierpartner.ch\/de\/wp-json\/wp\/v2\/types\/page"}],"author":[{"embeddable":true,"href":"https:\/\/sgierpartner.ch\/de\/wp-json\/wp\/v2\/users\/1"}],"replies":[{"embeddable":true,"href":"https:\/\/sgierpartner.ch\/de\/wp-json\/wp\/v2\/comments?post=2127"}],"version-history":[{"count":0,"href":"https:\/\/sgierpartner.ch\/de\/wp-json\/wp\/v2\/pages\/2127\/revisions"}],"wp:attachment":[{"href":"https:\/\/sgierpartner.ch\/de\/wp-json\/wp\/v2\/media?parent=2127"}],"wp:term":[{"taxonomy":"wf_page_folders","embeddable":true,"href":"https:\/\/sgierpartner.ch\/de\/wp-json\/wp\/v2\/wf_page_folders?post=2127"}],"curies":[{"name":"wp","href":"https:\/\/api.w.org\/{rel}","templated":true}]}}