{"id":2140,"date":"2020-04-19T19:49:10","date_gmt":"2020-04-19T17:49:10","guid":{"rendered":"http:\/\/975ciacxzt.preview.infomaniak.website\/sgierpartner\/?page_id=2140"},"modified":"2023-09-11T13:31:24","modified_gmt":"2023-09-11T11:31:24","slug":"unternehmen","status":"publish","type":"page","link":"https:\/\/sgierpartner.ch\/de\/unternehmen\/","title":{"rendered":"Unternehmen"},"content":{"rendered":"<p>[et_pb_section fb_built=&#8221;1&#8243; fullwidth=&#8221;on&#8221; _builder_version=&#8221;4.16&#8243; global_colors_info=&#8221;{}&#8221; theme_builder_area=&#8221;post_content&#8221;][et_pb_fullwidth_image src=&#8221;https:\/\/sgierpartner.ch\/wp-content\/uploads\/Zurich-immigration-relocation-switzerland-1.jpg&#8221; alt=&#8221;Welcome to Geneva &#8211; swiss immigration + relocation services&#8221; title_text=&#8221;Geneva | swiss immigration+relocation&#8221; _builder_version=&#8221;4.16&#8243; global_colors_info=&#8221;{}&#8221; src__hover_enabled=&#8221;on|hover&#8221; src__hover=&#8221;https:\/\/sgierpartner.ch\/wp-content\/uploads\/Genf-immigration-relocation-suisse-2.jpg&#8221; theme_builder_area=&#8221;post_content&#8221;][\/et_pb_fullwidth_image][\/et_pb_section][et_pb_section fb_built=&#8221;1&#8243; _builder_version=&#8221;4.16&#8243; global_colors_info=&#8221;{}&#8221; theme_builder_area=&#8221;post_content&#8221;][et_pb_row _builder_version=&#8221;4.16&#8243; custom_margin=&#8221;0px||||false|false&#8221; global_colors_info=&#8221;{}&#8221; theme_builder_area=&#8221;post_content&#8221;][et_pb_column type=&#8221;4_4&#8243; _builder_version=&#8221;4.16&#8243; global_colors_info=&#8221;{}&#8221; theme_builder_area=&#8221;post_content&#8221;][et_pb_text _builder_version=&#8221;4.16&#8243; custom_margin=&#8221;||||false|false&#8221; global_colors_info=&#8221;{}&#8221; theme_builder_area=&#8221;post_content&#8221;]<\/p>\n<h1>\u00dcber uns<\/h1>\n<p>[\/et_pb_text][et_pb_menu menu_id=&#8221;47&#8243; disabled_on=&#8221;on|off|off&#8221; _builder_version=&#8221;4.16&#8243; global_colors_info=&#8221;{}&#8221; theme_builder_area=&#8221;post_content&#8221;][\/et_pb_menu][\/et_pb_column][\/et_pb_row][et_pb_row column_structure=&#8221;3_5,2_5&#8243; _builder_version=&#8221;4.16&#8243; global_colors_info=&#8221;{}&#8221; theme_builder_area=&#8221;post_content&#8221;][et_pb_column type=&#8221;3_5&#8243; _builder_version=&#8221;4.16&#8243; global_colors_info=&#8221;{}&#8221; theme_builder_area=&#8221;post_content&#8221;][et_pb_text _builder_version=&#8221;4.22.1&#8243; hover_enabled=&#8221;0&#8243; global_colors_info=&#8221;{}&#8221; theme_builder_area=&#8221;post_content&#8221; sticky_enabled=&#8221;0&#8243;]<\/p>\n<p><span>Sgier + Partner GmbH mit Hauptsitz in Z\u00fcrich ist ein f\u00fchrendes Unternehmen, wenn es um die Erbringung von Immigration Services geht.<\/span><\/p>\n<p>[\/et_pb_text][et_pb_image src=&#8221;https:\/\/sgierpartner.ch\/wp-content\/uploads\/Geneva-Swiss-Immigration-relocation-sgier-partner-1024&#215;576.jpg&#8221; alt=&#8221;Welcome to Zurich &#8211; Limmatquai&#8221; title_text=&#8221;Limmatquai Z\u00fcrich | swiss immigration+relocation&#8221; _builder_version=&#8221;4.16&#8243; global_colors_info=&#8221;{}&#8221; src__hover_enabled=&#8221;on|desktop&#8221; src__hover=&#8221;https:\/\/sgierpartner.ch\/wp-content\/uploads\/Immigration-Relocation-Limmatquai-Zurich-1.jpg&#8221; theme_builder_area=&#8221;post_content&#8221;][\/et_pb_image][et_pb_text _builder_version=&#8221;4.16&#8243; custom_margin=&#8221;0px||0px||false|false&#8221; global_colors_info=&#8221;{}&#8221; theme_builder_area=&#8221;post_content&#8221;]<\/p>\n<p>2001 gegr\u00fcndet, unterst\u00fctzt die Firma in der Schweiz \u00fcber 100 HR-Abteilungen bei der Anstellung von ausl\u00e4ndischen Mitarbeitern. Dabei steht der sichere und reibungslose Wechsel vom Ausland in die Schweiz im Vordergrund. Ebenso ber\u00e4t und unterst\u00fctzt das Unternehmen ausl\u00e4ndische Firmen, die sich in der Schweiz ansiedeln wollen. Eine besondere Stellung hat sich Sgier und Partner im Bereich Management von Arbeits- und Aufenthaltsbewilligungen in der Schweiz erarbeitet. Das Immigration Team mit langj\u00e4hriger Berufserfahrung hat f\u00fcr seine Kunden schon \u00fcber 30.000 Bewilligungsf\u00e4lle bearbeitet.<\/p>\n<p>Mit dieser Leistung hat sich das Unternehmen in dieser Disziplin zum Schweizer Marktleader entwickelt. Mit der neusten Sgier und Partner Innovation &#8220;Permit24\u00ae&#8221; kann der Kunde jederzeit und sekundenschnell den Status seiner Bewilligungen im Bearbeitungsprozess einsehen.<\/p>\n<p><strong>Ausserdem beschleunigt die L\u00f6sung den Bewilligungsprozess erheblich und Managementdaten sind jederzeit verf\u00fcgbar.<\/strong><\/p>\n<p>[\/et_pb_text][\/et_pb_column][et_pb_column type=&#8221;2_5&#8243; _builder_version=&#8221;4.16&#8243; global_colors_info=&#8221;{}&#8221; theme_builder_area=&#8221;post_content&#8221;][et_pb_cta title=&#8221;Sgier + Partner ist spezialisiert auf:&#8221; _builder_version=&#8221;4.16&#8243; global_colors_info=&#8221;{}&#8221; theme_builder_area=&#8221;post_content&#8221;]<\/p>\n<ul>\n<li>Einreichen von Aufenthalts- und Arbeitsbewilligungen<\/li>\n<li>24\/7 online Zugriff auf laufende Bewilligungsgesuche<\/li>\n<li>Massgeschneiderte Relocation Packages f\u00fcr Ihre Mitarbeiter<\/li>\n<li>Tax Consulting f\u00fcr Expats<\/li>\n<li>Individuelle Beratung zu Ausl\u00e4nderrechtsfragen<\/li>\n<li>Workshop Sessions zu aktuellen Fragen der Immigration<\/li>\n<li>Unterst\u00fctzung bei der Ansiedlung von ausl\u00e4ndischen Firmen<\/li>\n<li>Beratung bei der Standortwahl oder bei einem -Wechsel<\/li>\n<\/ul>\n<p>[\/et_pb_cta][\/et_pb_column][\/et_pb_row][\/et_pb_section]<\/p>\n","protected":false},"excerpt":{"rendered":"<p>2001 gegr\u00fcndet, unterst\u00fctzt die Firma in der Schweiz \u00fcber 100 HR-Abteilungen bei der Anstellung von ausl\u00e4ndischen Mitarbeitern. Dabei steht der sichere und reibungslose Wechsel vom Ausland in die Schweiz im Vordergrund. Ebenso ber\u00e4t und unterst\u00fctzt das Unternehmen ausl\u00e4ndische Firmen, die sich in der Schweiz ansiedeln wollen. Eine besondere Stellung hat sich Sgier und Partner im Bereich Management von Arbeits- und Aufenthaltsbewilligungen in der Schweiz erarbeitet. Das Immigration Team mit langj\u00e4hriger Berufserfahrung bearbeitet f\u00fcr seine Kunden schon \u00fcber 30.000 Bewilligungsf\u00e4lle bearbeitet.<\/p>\n","protected":false},"author":1,"featured_media":3307,"parent":0,"menu_order":0,"comment_status":"closed","ping_status":"closed","template":"","meta":{"_et_pb_use_builder":"on","_et_pb_old_content":"","_et_gb_content_width":"","footnotes":""},"wf_page_folders":[88],"class_list":["post-2140","page","type-page","status-publish","has-post-thumbnail","hentry"],"yoast_head":"<!-- This site is optimized with the Yoast SEO plugin v27.5 - https:\/\/yoast.com\/product\/yoast-seo-wordpress\/ -->\n<title>Spezialist f\u00fcr Arbeitsbewilligungen in der Schweiz - Workpermit + Arbeitsbewilligungen Spezialist<\/title>\n<meta name=\"description\" content=\"Sgier + Partner GmbH in Z\u00fcrich ist das f\u00fchrende Unternehmen f\u00fcr Immigration und Relocation\/Destination Services\" \/>\n<meta name=\"robots\" content=\"index, follow, max-snippet:-1, max-image-preview:large, max-video-preview:-1\" \/>\n<link rel=\"canonical\" href=\"https:\/\/sgierpartner.ch\/de\/unternehmen\/\" \/>\n<meta property=\"og:locale\" content=\"de_DE\" \/>\n<meta property=\"og:type\" content=\"article\" \/>\n<meta property=\"og:title\" content=\"Spezialist f\u00fcr Arbeitsbewilligungen in der Schweiz - Workpermit + Arbeitsbewilligungen Spezialist\" \/>\n<meta property=\"og:description\" content=\"Sgier + Partner GmbH in Z\u00fcrich ist das f\u00fchrende Unternehmen f\u00fcr Immigration und Relocation\/Destination Services\" \/>\n<meta property=\"og:url\" content=\"https:\/\/sgierpartner.ch\/de\/unternehmen\/\" \/>\n<meta property=\"og:site_name\" content=\"Workpermit + Arbeitsbewilligungen Spezialist\" \/>\n<meta property=\"article:modified_time\" content=\"2023-09-11T11:31:24+00:00\" \/>\n<meta property=\"og:image\" content=\"https:\/\/sgierpartner.ch\/wp-content\/uploads\/Immigration-Relocation-Limmatquai-Zurich-1.jpg\" \/>\n\t<meta property=\"og:image:width\" content=\"800\" \/>\n\t<meta property=\"og:image:height\" content=\"450\" \/>\n\t<meta property=\"og:image:type\" content=\"image\/jpeg\" \/>\n<meta name=\"twitter:card\" content=\"summary_large_image\" \/>\n<meta name=\"twitter:label1\" content=\"Gesch\u00e4tzte Lesezeit\" \/>\n\t<meta name=\"twitter:data1\" content=\"2\u00a0Minuten\" \/>\n<script type=\"application\/ld+json\" class=\"yoast-schema-graph\">{\"@context\":\"https:\\\/\\\/schema.org\",\"@graph\":[{\"@type\":\"WebPage\",\"@id\":\"https:\\\/\\\/sgierpartner.ch\\\/de\\\/unternehmen\\\/\",\"url\":\"https:\\\/\\\/sgierpartner.ch\\\/de\\\/unternehmen\\\/\",\"name\":\"Spezialist f\u00fcr Arbeitsbewilligungen in der Schweiz - Workpermit + Arbeitsbewilligungen Spezialist\",\"isPartOf\":{\"@id\":\"https:\\\/\\\/sgierpartner.ch\\\/de\\\/#website\"},\"primaryImageOfPage\":{\"@id\":\"https:\\\/\\\/sgierpartner.ch\\\/de\\\/unternehmen\\\/#primaryimage\"},\"image\":{\"@id\":\"https:\\\/\\\/sgierpartner.ch\\\/de\\\/unternehmen\\\/#primaryimage\"},\"thumbnailUrl\":\"https:\\\/\\\/sgierpartner.ch\\\/wp-content\\\/uploads\\\/Immigration-Relocation-Limmatquai-Zurich-1.jpg\",\"datePublished\":\"2020-04-19T17:49:10+00:00\",\"dateModified\":\"2023-09-11T11:31:24+00:00\",\"description\":\"Sgier + Partner GmbH in Z\u00fcrich ist das f\u00fchrende Unternehmen f\u00fcr Immigration und Relocation\\\/Destination Services\",\"breadcrumb\":{\"@id\":\"https:\\\/\\\/sgierpartner.ch\\\/de\\\/unternehmen\\\/#breadcrumb\"},\"inLanguage\":\"de\",\"potentialAction\":[{\"@type\":\"ReadAction\",\"target\":[\"https:\\\/\\\/sgierpartner.ch\\\/de\\\/unternehmen\\\/\"]}]},{\"@type\":\"ImageObject\",\"inLanguage\":\"de\",\"@id\":\"https:\\\/\\\/sgierpartner.ch\\\/de\\\/unternehmen\\\/#primaryimage\",\"url\":\"https:\\\/\\\/sgierpartner.ch\\\/wp-content\\\/uploads\\\/Immigration-Relocation-Limmatquai-Zurich-1.jpg\",\"contentUrl\":\"https:\\\/\\\/sgierpartner.ch\\\/wp-content\\\/uploads\\\/Immigration-Relocation-Limmatquai-Zurich-1.jpg\",\"width\":800,\"height\":450,\"caption\":\"swiss immigration + relocation services in Switzerland: Zurich, Geneva, Zug, Lugano, Basle, Berne, Lausanne\"},{\"@type\":\"BreadcrumbList\",\"@id\":\"https:\\\/\\\/sgierpartner.ch\\\/de\\\/unternehmen\\\/#breadcrumb\",\"itemListElement\":[{\"@type\":\"ListItem\",\"position\":1,\"name\":\"Startseite\",\"item\":\"https:\\\/\\\/sgierpartner.ch\\\/de\\\/\"},{\"@type\":\"ListItem\",\"position\":2,\"name\":\"Unternehmen\"}]},{\"@type\":\"WebSite\",\"@id\":\"https:\\\/\\\/sgierpartner.ch\\\/de\\\/#website\",\"url\":\"https:\\\/\\\/sgierpartner.ch\\\/de\\\/\",\"name\":\"Sgier+Partner\",\"description\":\"swiss immigration+relocation\",\"publisher\":{\"@id\":\"https:\\\/\\\/sgierpartner.ch\\\/de\\\/#organization\"},\"potentialAction\":[{\"@type\":\"SearchAction\",\"target\":{\"@type\":\"EntryPoint\",\"urlTemplate\":\"https:\\\/\\\/sgierpartner.ch\\\/de\\\/?s={search_term_string}\"},\"query-input\":{\"@type\":\"PropertyValueSpecification\",\"valueRequired\":true,\"valueName\":\"search_term_string\"}}],\"inLanguage\":\"de\"},{\"@type\":\"Organization\",\"@id\":\"https:\\\/\\\/sgierpartner.ch\\\/de\\\/#organization\",\"name\":\"Sgier + Partner GmbH\",\"url\":\"https:\\\/\\\/sgierpartner.ch\\\/de\\\/\",\"logo\":{\"@type\":\"ImageObject\",\"inLanguage\":\"de\",\"@id\":\"https:\\\/\\\/sgierpartner.ch\\\/de\\\/#\\\/schema\\\/logo\\\/image\\\/\",\"url\":\"https:\\\/\\\/sgierpartner.ch\\\/wp-content\\\/uploads\\\/SP-Logo-Footer-farbig.png\",\"contentUrl\":\"https:\\\/\\\/sgierpartner.ch\\\/wp-content\\\/uploads\\\/SP-Logo-Footer-farbig.png\",\"width\":2058,\"height\":326,\"caption\":\"Sgier + Partner GmbH\"},\"image\":{\"@id\":\"https:\\\/\\\/sgierpartner.ch\\\/de\\\/#\\\/schema\\\/logo\\\/image\\\/\"}}]}<\/script>\n<!-- \/ Yoast SEO plugin. -->","yoast_head_json":{"title":"Spezialist f\u00fcr Arbeitsbewilligungen in der Schweiz - Workpermit + Arbeitsbewilligungen Spezialist","description":"Sgier + Partner GmbH in Z\u00fcrich ist das f\u00fchrende Unternehmen f\u00fcr Immigration und Relocation\/Destination Services","robots":{"index":"index","follow":"follow","max-snippet":"max-snippet:-1","max-image-preview":"max-image-preview:large","max-video-preview":"max-video-preview:-1"},"canonical":"https:\/\/sgierpartner.ch\/de\/unternehmen\/","og_locale":"de_DE","og_type":"article","og_title":"Spezialist f\u00fcr Arbeitsbewilligungen in der Schweiz - Workpermit + Arbeitsbewilligungen Spezialist","og_description":"Sgier + Partner GmbH in Z\u00fcrich ist das f\u00fchrende Unternehmen f\u00fcr Immigration und Relocation\/Destination Services","og_url":"https:\/\/sgierpartner.ch\/de\/unternehmen\/","og_site_name":"Workpermit + Arbeitsbewilligungen Spezialist","article_modified_time":"2023-09-11T11:31:24+00:00","og_image":[{"width":800,"height":450,"url":"https:\/\/sgierpartner.ch\/wp-content\/uploads\/Immigration-Relocation-Limmatquai-Zurich-1.jpg","type":"image\/jpeg"}],"twitter_card":"summary_large_image","twitter_misc":{"Gesch\u00e4tzte Lesezeit":"2\u00a0Minuten"},"schema":{"@context":"https:\/\/schema.org","@graph":[{"@type":"WebPage","@id":"https:\/\/sgierpartner.ch\/de\/unternehmen\/","url":"https:\/\/sgierpartner.ch\/de\/unternehmen\/","name":"Spezialist f\u00fcr Arbeitsbewilligungen in der Schweiz - Workpermit + Arbeitsbewilligungen Spezialist","isPartOf":{"@id":"https:\/\/sgierpartner.ch\/de\/#website"},"primaryImageOfPage":{"@id":"https:\/\/sgierpartner.ch\/de\/unternehmen\/#primaryimage"},"image":{"@id":"https:\/\/sgierpartner.ch\/de\/unternehmen\/#primaryimage"},"thumbnailUrl":"https:\/\/sgierpartner.ch\/wp-content\/uploads\/Immigration-Relocation-Limmatquai-Zurich-1.jpg","datePublished":"2020-04-19T17:49:10+00:00","dateModified":"2023-09-11T11:31:24+00:00","description":"Sgier + Partner GmbH in Z\u00fcrich ist das f\u00fchrende Unternehmen f\u00fcr Immigration und Relocation\/Destination Services","breadcrumb":{"@id":"https:\/\/sgierpartner.ch\/de\/unternehmen\/#breadcrumb"},"inLanguage":"de","potentialAction":[{"@type":"ReadAction","target":["https:\/\/sgierpartner.ch\/de\/unternehmen\/"]}]},{"@type":"ImageObject","inLanguage":"de","@id":"https:\/\/sgierpartner.ch\/de\/unternehmen\/#primaryimage","url":"https:\/\/sgierpartner.ch\/wp-content\/uploads\/Immigration-Relocation-Limmatquai-Zurich-1.jpg","contentUrl":"https:\/\/sgierpartner.ch\/wp-content\/uploads\/Immigration-Relocation-Limmatquai-Zurich-1.jpg","width":800,"height":450,"caption":"swiss immigration + relocation services in Switzerland: Zurich, Geneva, Zug, Lugano, Basle, Berne, Lausanne"},{"@type":"BreadcrumbList","@id":"https:\/\/sgierpartner.ch\/de\/unternehmen\/#breadcrumb","itemListElement":[{"@type":"ListItem","position":1,"name":"Startseite","item":"https:\/\/sgierpartner.ch\/de\/"},{"@type":"ListItem","position":2,"name":"Unternehmen"}]},{"@type":"WebSite","@id":"https:\/\/sgierpartner.ch\/de\/#website","url":"https:\/\/sgierpartner.ch\/de\/","name":"Sgier+Partner","description":"swiss immigration+relocation","publisher":{"@id":"https:\/\/sgierpartner.ch\/de\/#organization"},"potentialAction":[{"@type":"SearchAction","target":{"@type":"EntryPoint","urlTemplate":"https:\/\/sgierpartner.ch\/de\/?s={search_term_string}"},"query-input":{"@type":"PropertyValueSpecification","valueRequired":true,"valueName":"search_term_string"}}],"inLanguage":"de"},{"@type":"Organization","@id":"https:\/\/sgierpartner.ch\/de\/#organization","name":"Sgier + Partner GmbH","url":"https:\/\/sgierpartner.ch\/de\/","logo":{"@type":"ImageObject","inLanguage":"de","@id":"https:\/\/sgierpartner.ch\/de\/#\/schema\/logo\/image\/","url":"https:\/\/sgierpartner.ch\/wp-content\/uploads\/SP-Logo-Footer-farbig.png","contentUrl":"https:\/\/sgierpartner.ch\/wp-content\/uploads\/SP-Logo-Footer-farbig.png","width":2058,"height":326,"caption":"Sgier + Partner GmbH"},"image":{"@id":"https:\/\/sgierpartner.ch\/de\/#\/schema\/logo\/image\/"}}]}},"_links":{"self":[{"href":"https:\/\/sgierpartner.ch\/de\/wp-json\/wp\/v2\/pages\/2140","targetHints":{"allow":["GET"]}}],"collection":[{"href":"https:\/\/sgierpartner.ch\/de\/wp-json\/wp\/v2\/pages"}],"about":[{"href":"https:\/\/sgierpartner.ch\/de\/wp-json\/wp\/v2\/types\/page"}],"author":[{"embeddable":true,"href":"https:\/\/sgierpartner.ch\/de\/wp-json\/wp\/v2\/users\/1"}],"replies":[{"embeddable":true,"href":"https:\/\/sgierpartner.ch\/de\/wp-json\/wp\/v2\/comments?post=2140"}],"version-history":[{"count":9,"href":"https:\/\/sgierpartner.ch\/de\/wp-json\/wp\/v2\/pages\/2140\/revisions"}],"predecessor-version":[{"id":8212,"href":"https:\/\/sgierpartner.ch\/de\/wp-json\/wp\/v2\/pages\/2140\/revisions\/8212"}],"wp:featuredmedia":[{"embeddable":true,"href":"https:\/\/sgierpartner.ch\/de\/wp-json\/wp\/v2\/media\/3307"}],"wp:attachment":[{"href":"https:\/\/sgierpartner.ch\/de\/wp-json\/wp\/v2\/media?parent=2140"}],"wp:term":[{"taxonomy":"wf_page_folders","embeddable":true,"href":"https:\/\/sgierpartner.ch\/de\/wp-json\/wp\/v2\/wf_page_folders?post=2140"}],"curies":[{"name":"wp","href":"https:\/\/api.w.org\/{rel}","templated":true}]}}