{"id":2197,"date":"2020-04-21T15:55:36","date_gmt":"2020-04-21T13:55:36","guid":{"rendered":"http:\/\/975ciacxzt.preview.infomaniak.website\/sgierpartner\/?page_id=2197"},"modified":"2020-05-28T17:13:05","modified_gmt":"2020-05-28T15:13:05","slug":"compliance-test","status":"publish","type":"page","link":"https:\/\/sgierpartner.ch\/de\/compliance-test\/","title":{"rendered":"Compliance Test"},"content":{"rendered":"<p>[et_pb_section fb_built=&#8221;1&#8243; fullwidth=&#8221;on&#8221; _builder_version=&#8221;4.4.3&#8243;][et_pb_fullwidth_image src=&#8221;https:\/\/sgierpartner.ch\/wp-content\/uploads\/Berge-immigration-relocation-schweiz-2.jpg&#8221; alt=&#8221;Welcome to Switzerland &#8211; swiss immigration + relocation services&#8221; title_text=&#8221;Sgier + Partner Zurich, Switzerland | swiss immigration+relocation&#8221; _builder_version=&#8221;4.4.7&#8243; hover_enabled=&#8221;0&#8243;][\/et_pb_fullwidth_image][\/et_pb_section][et_pb_section fb_built=&#8221;1&#8243; _builder_version=&#8221;4.4.3&#8243;][et_pb_row _builder_version=&#8221;4.4.6&#8243; custom_margin=&#8221;||||false|false&#8221; custom_padding=&#8221;||||false|false&#8221;][et_pb_column type=&#8221;4_4&#8243; _builder_version=&#8221;4.4.3&#8243;][et_pb_text _builder_version=&#8221;4.4.6&#8243; custom_margin=&#8221;||||false|false&#8221;]<\/p>\n<h1>Immigratrion Compliance Test<\/h1>\n<p>[\/et_pb_text][et_pb_menu menu_id=&#8221;45&#8243; disabled_on=&#8221;on|off|off&#8221; _builder_version=&#8221;4.4.6&#8243;][\/et_pb_menu][\/et_pb_column][\/et_pb_row][et_pb_row column_structure=&#8221;3_5,2_5&#8243; _builder_version=&#8221;4.4.3&#8243;][et_pb_column type=&#8221;3_5&#8243; _builder_version=&#8221;4.4.3&#8243;][et_pb_text _builder_version=&#8221;4.4.3&#8243;]<\/p>\n<h4>Ist Ihr Unternehmen \u00abPermit-compliant\u00bb?<\/h4>\n<p>[\/et_pb_text][et_pb_image src=&#8221;https:\/\/sgierpartner.ch\/wp-content\/uploads\/Compliance-in-swiss-immigrationrelocation2-1024&#215;577.jpg&#8221; alt=&#8221;Compliance | swiss immigration+relocation services&#8221; title_text=&#8221;Compliance | swiss immigration+relocation services&#8221; _builder_version=&#8221;4.4.7&#8243; src__hover_enabled=&#8221;on|hover&#8221; src__hover=&#8221;https:\/\/sgierpartner.ch\/wp-content\/uploads\/Compliance-in-swiss-immigrationrelocation3-1024&#215;576.jpg&#8221;][\/et_pb_image][et_pb_text _builder_version=&#8221;4.4.3&#8243;]<\/p>\n<p><span>F\u00fcr Unternehmen, welche systematische Prozesse zur Wahrnehmung der Pflichten im Bereich der Arbeitsbewilligungen und der Mitarbeiterdatenverwaltung planen oder solche Systeme \u00fcberpr\u00fcfen lassen m\u00f6chten, bietet Sgier + Partner einen Permit Compliance Test an. Dieser beinhaltet die Begutachtung der vorhandenen Dokumente und Systeme und die Beratung des Unternehmens im Hinblick auf eine umfassende Wahrnehmung der Informations- und Dokumentationspflicht. Ebenso werden vorhandene Kenntnisse zum Thema Arbeitsbewilligungen erweitert und Einzelfragen gekl\u00e4rt.<\/span><\/p>\n<p>[\/et_pb_text][\/et_pb_column][et_pb_column type=&#8221;2_5&#8243; _builder_version=&#8221;4.4.3&#8243;][et_pb_cta title=&#8221;Compliance check-up &#8221; _builder_version=&#8221;4.4.6&#8243; custom_button=&#8221;on&#8221; button_text_color=&#8221;#ffffff&#8221; button_bg_color=&#8221;#e11a24&#8243; button_border_color=&#8221;#ffffff&#8221; button_border_radius=&#8221;12px&#8221; button_text__hover_enabled=&#8221;on|desktop&#8221;]<\/p>\n<ul>\n<li>Haben Sie systematische Kontrollen in Ihren Abl\u00e4ufen festgehalten?<\/li>\n<li>F\u00fchren Sie regelm\u00e4ssig interne Kontrollen durch bez\u00fcglich der Gesuchstellung von Arbeitsbewilligungen?<\/li>\n<li>Halten Sie den Datenschutz ein in Bezug auf die Mitarbeiterdaten?<\/li>\n<\/ul>\n<p>Wir unterst\u00fctzen Sie bei der Einf\u00fchrung und der Einhaltung der gesetzlichen Vorschriften und unterziehen Ihre Prozesse einem Compliance Check.<\/p>\n<p>[\/et_pb_cta][et_pb_text _builder_version=&#8221;4.4.6&#8243;]<\/p>\n<blockquote>\n<p>\u00abDank Sgier + Partner konnte die Dauer des Bewilligungsprozesses um mehr als 40% reduziert werden\u00bb. Multinationales Consulting Unternehmen.<\/p>\n<\/blockquote>\n<p>[\/et_pb_text][\/et_pb_column][\/et_pb_row][\/et_pb_section]<\/p>\n","protected":false},"excerpt":{"rendered":"<p>F\u00fcr Unternehmen, welche systematische Prozesse zur Wahrnehmung der Pflichten im Bereich der Arbeitsbewilligungen und der Mitarbeiterdatenverwaltung planen oder solche Systeme \u00fcberpr\u00fcfen lassen m\u00f6chten, bietet Sgier + Partner einen Permit Compliance Test an. <\/p>\n","protected":false},"author":1,"featured_media":3032,"parent":0,"menu_order":0,"comment_status":"closed","ping_status":"closed","template":"","meta":{"_et_pb_use_builder":"on","_et_pb_old_content":"","_et_gb_content_width":"","footnotes":""},"wf_page_folders":[86],"class_list":["post-2197","page","type-page","status-publish","has-post-thumbnail","hentry"],"yoast_head":"<!-- This site is optimized with the Yoast SEO plugin v27.4 - https:\/\/yoast.com\/product\/yoast-seo-wordpress\/ -->\n<title>Compliance: Ist Ihr Unternehmen Work Permit compliant? - Workpermit + Arbeitsbewilligungen Spezialist<\/title>\n<meta name=\"description\" content=\"F\u00fcr Unternehmen, die Arbeitsbewilligungen und eine Mitarbeiterdatenverwaltung planen, bietet Sgier + Partner einen Work Permit Compliance Test an.\" \/>\n<meta name=\"robots\" content=\"index, follow, max-snippet:-1, max-image-preview:large, max-video-preview:-1\" \/>\n<link rel=\"canonical\" href=\"https:\/\/sgierpartner.ch\/de\/compliance-test\/\" \/>\n<meta property=\"og:locale\" content=\"de_DE\" \/>\n<meta property=\"og:type\" content=\"article\" \/>\n<meta property=\"og:title\" content=\"Compliance: Ist Ihr Unternehmen Work Permit compliant? - Workpermit + Arbeitsbewilligungen Spezialist\" \/>\n<meta property=\"og:description\" content=\"F\u00fcr Unternehmen, die Arbeitsbewilligungen und eine Mitarbeiterdatenverwaltung planen, bietet Sgier + Partner einen Work Permit Compliance Test an.\" \/>\n<meta property=\"og:url\" content=\"https:\/\/sgierpartner.ch\/de\/compliance-test\/\" \/>\n<meta property=\"og:site_name\" content=\"Workpermit + Arbeitsbewilligungen Spezialist\" \/>\n<meta property=\"article:modified_time\" content=\"2020-05-28T15:13:05+00:00\" \/>\n<meta property=\"og:image\" content=\"https:\/\/sgierpartner.ch\/wp-content\/uploads\/Compliance-in-swiss-immigrationrelocation2.jpg\" \/>\n\t<meta property=\"og:image:width\" content=\"1600\" \/>\n\t<meta property=\"og:image:height\" content=\"901\" \/>\n\t<meta property=\"og:image:type\" content=\"image\/jpeg\" \/>\n<meta name=\"twitter:card\" content=\"summary_large_image\" \/>\n<meta name=\"twitter:label1\" content=\"Gesch\u00e4tzte Lesezeit\" \/>\n\t<meta name=\"twitter:data1\" content=\"2\u00a0Minuten\" \/>\n<script type=\"application\/ld+json\" class=\"yoast-schema-graph\">{\"@context\":\"https:\\\/\\\/schema.org\",\"@graph\":[{\"@type\":\"WebPage\",\"@id\":\"https:\\\/\\\/sgierpartner.ch\\\/de\\\/compliance-test\\\/\",\"url\":\"https:\\\/\\\/sgierpartner.ch\\\/de\\\/compliance-test\\\/\",\"name\":\"Compliance: Ist Ihr Unternehmen Work Permit compliant? - Workpermit + Arbeitsbewilligungen Spezialist\",\"isPartOf\":{\"@id\":\"https:\\\/\\\/sgierpartner.ch\\\/de\\\/#website\"},\"primaryImageOfPage\":{\"@id\":\"https:\\\/\\\/sgierpartner.ch\\\/de\\\/compliance-test\\\/#primaryimage\"},\"image\":{\"@id\":\"https:\\\/\\\/sgierpartner.ch\\\/de\\\/compliance-test\\\/#primaryimage\"},\"thumbnailUrl\":\"https:\\\/\\\/sgierpartner.ch\\\/wp-content\\\/uploads\\\/Compliance-in-swiss-immigrationrelocation2.jpg\",\"datePublished\":\"2020-04-21T13:55:36+00:00\",\"dateModified\":\"2020-05-28T15:13:05+00:00\",\"description\":\"F\u00fcr Unternehmen, die Arbeitsbewilligungen und eine Mitarbeiterdatenverwaltung planen, bietet Sgier + Partner einen Work Permit Compliance Test an.\",\"breadcrumb\":{\"@id\":\"https:\\\/\\\/sgierpartner.ch\\\/de\\\/compliance-test\\\/#breadcrumb\"},\"inLanguage\":\"de\",\"potentialAction\":[{\"@type\":\"ReadAction\",\"target\":[\"https:\\\/\\\/sgierpartner.ch\\\/de\\\/compliance-test\\\/\"]}]},{\"@type\":\"ImageObject\",\"inLanguage\":\"de\",\"@id\":\"https:\\\/\\\/sgierpartner.ch\\\/de\\\/compliance-test\\\/#primaryimage\",\"url\":\"https:\\\/\\\/sgierpartner.ch\\\/wp-content\\\/uploads\\\/Compliance-in-swiss-immigrationrelocation2.jpg\",\"contentUrl\":\"https:\\\/\\\/sgierpartner.ch\\\/wp-content\\\/uploads\\\/Compliance-in-swiss-immigrationrelocation2.jpg\",\"width\":1600,\"height\":901,\"caption\":\"swiss immigration + relocation services in Switzerland: Zurich, Geneva, Zug, Lugano, Basle, Berne, Lausanne\"},{\"@type\":\"BreadcrumbList\",\"@id\":\"https:\\\/\\\/sgierpartner.ch\\\/de\\\/compliance-test\\\/#breadcrumb\",\"itemListElement\":[{\"@type\":\"ListItem\",\"position\":1,\"name\":\"Startseite\",\"item\":\"https:\\\/\\\/sgierpartner.ch\\\/de\\\/\"},{\"@type\":\"ListItem\",\"position\":2,\"name\":\"Compliance Test\"}]},{\"@type\":\"WebSite\",\"@id\":\"https:\\\/\\\/sgierpartner.ch\\\/de\\\/#website\",\"url\":\"https:\\\/\\\/sgierpartner.ch\\\/de\\\/\",\"name\":\"Sgier+Partner\",\"description\":\"swiss immigration+relocation\",\"publisher\":{\"@id\":\"https:\\\/\\\/sgierpartner.ch\\\/de\\\/#organization\"},\"potentialAction\":[{\"@type\":\"SearchAction\",\"target\":{\"@type\":\"EntryPoint\",\"urlTemplate\":\"https:\\\/\\\/sgierpartner.ch\\\/de\\\/?s={search_term_string}\"},\"query-input\":{\"@type\":\"PropertyValueSpecification\",\"valueRequired\":true,\"valueName\":\"search_term_string\"}}],\"inLanguage\":\"de\"},{\"@type\":\"Organization\",\"@id\":\"https:\\\/\\\/sgierpartner.ch\\\/de\\\/#organization\",\"name\":\"Sgier + Partner GmbH\",\"url\":\"https:\\\/\\\/sgierpartner.ch\\\/de\\\/\",\"logo\":{\"@type\":\"ImageObject\",\"inLanguage\":\"de\",\"@id\":\"https:\\\/\\\/sgierpartner.ch\\\/de\\\/#\\\/schema\\\/logo\\\/image\\\/\",\"url\":\"https:\\\/\\\/sgierpartner.ch\\\/wp-content\\\/uploads\\\/SP-Logo-Footer-farbig.png\",\"contentUrl\":\"https:\\\/\\\/sgierpartner.ch\\\/wp-content\\\/uploads\\\/SP-Logo-Footer-farbig.png\",\"width\":2058,\"height\":326,\"caption\":\"Sgier + Partner GmbH\"},\"image\":{\"@id\":\"https:\\\/\\\/sgierpartner.ch\\\/de\\\/#\\\/schema\\\/logo\\\/image\\\/\"}}]}<\/script>\n<!-- \/ Yoast SEO plugin. -->","yoast_head_json":{"title":"Compliance: Ist Ihr Unternehmen Work Permit compliant? - Workpermit + Arbeitsbewilligungen Spezialist","description":"F\u00fcr Unternehmen, die Arbeitsbewilligungen und eine Mitarbeiterdatenverwaltung planen, bietet Sgier + Partner einen Work Permit Compliance Test an.","robots":{"index":"index","follow":"follow","max-snippet":"max-snippet:-1","max-image-preview":"max-image-preview:large","max-video-preview":"max-video-preview:-1"},"canonical":"https:\/\/sgierpartner.ch\/de\/compliance-test\/","og_locale":"de_DE","og_type":"article","og_title":"Compliance: Ist Ihr Unternehmen Work Permit compliant? - Workpermit + Arbeitsbewilligungen Spezialist","og_description":"F\u00fcr Unternehmen, die Arbeitsbewilligungen und eine Mitarbeiterdatenverwaltung planen, bietet Sgier + Partner einen Work Permit Compliance Test an.","og_url":"https:\/\/sgierpartner.ch\/de\/compliance-test\/","og_site_name":"Workpermit + Arbeitsbewilligungen Spezialist","article_modified_time":"2020-05-28T15:13:05+00:00","og_image":[{"width":1600,"height":901,"url":"https:\/\/sgierpartner.ch\/wp-content\/uploads\/Compliance-in-swiss-immigrationrelocation2.jpg","type":"image\/jpeg"}],"twitter_card":"summary_large_image","twitter_misc":{"Gesch\u00e4tzte Lesezeit":"2\u00a0Minuten"},"schema":{"@context":"https:\/\/schema.org","@graph":[{"@type":"WebPage","@id":"https:\/\/sgierpartner.ch\/de\/compliance-test\/","url":"https:\/\/sgierpartner.ch\/de\/compliance-test\/","name":"Compliance: Ist Ihr Unternehmen Work Permit compliant? - Workpermit + Arbeitsbewilligungen Spezialist","isPartOf":{"@id":"https:\/\/sgierpartner.ch\/de\/#website"},"primaryImageOfPage":{"@id":"https:\/\/sgierpartner.ch\/de\/compliance-test\/#primaryimage"},"image":{"@id":"https:\/\/sgierpartner.ch\/de\/compliance-test\/#primaryimage"},"thumbnailUrl":"https:\/\/sgierpartner.ch\/wp-content\/uploads\/Compliance-in-swiss-immigrationrelocation2.jpg","datePublished":"2020-04-21T13:55:36+00:00","dateModified":"2020-05-28T15:13:05+00:00","description":"F\u00fcr Unternehmen, die Arbeitsbewilligungen und eine Mitarbeiterdatenverwaltung planen, bietet Sgier + Partner einen Work Permit Compliance Test an.","breadcrumb":{"@id":"https:\/\/sgierpartner.ch\/de\/compliance-test\/#breadcrumb"},"inLanguage":"de","potentialAction":[{"@type":"ReadAction","target":["https:\/\/sgierpartner.ch\/de\/compliance-test\/"]}]},{"@type":"ImageObject","inLanguage":"de","@id":"https:\/\/sgierpartner.ch\/de\/compliance-test\/#primaryimage","url":"https:\/\/sgierpartner.ch\/wp-content\/uploads\/Compliance-in-swiss-immigrationrelocation2.jpg","contentUrl":"https:\/\/sgierpartner.ch\/wp-content\/uploads\/Compliance-in-swiss-immigrationrelocation2.jpg","width":1600,"height":901,"caption":"swiss immigration + relocation services in Switzerland: Zurich, Geneva, Zug, Lugano, Basle, Berne, Lausanne"},{"@type":"BreadcrumbList","@id":"https:\/\/sgierpartner.ch\/de\/compliance-test\/#breadcrumb","itemListElement":[{"@type":"ListItem","position":1,"name":"Startseite","item":"https:\/\/sgierpartner.ch\/de\/"},{"@type":"ListItem","position":2,"name":"Compliance Test"}]},{"@type":"WebSite","@id":"https:\/\/sgierpartner.ch\/de\/#website","url":"https:\/\/sgierpartner.ch\/de\/","name":"Sgier+Partner","description":"swiss immigration+relocation","publisher":{"@id":"https:\/\/sgierpartner.ch\/de\/#organization"},"potentialAction":[{"@type":"SearchAction","target":{"@type":"EntryPoint","urlTemplate":"https:\/\/sgierpartner.ch\/de\/?s={search_term_string}"},"query-input":{"@type":"PropertyValueSpecification","valueRequired":true,"valueName":"search_term_string"}}],"inLanguage":"de"},{"@type":"Organization","@id":"https:\/\/sgierpartner.ch\/de\/#organization","name":"Sgier + Partner GmbH","url":"https:\/\/sgierpartner.ch\/de\/","logo":{"@type":"ImageObject","inLanguage":"de","@id":"https:\/\/sgierpartner.ch\/de\/#\/schema\/logo\/image\/","url":"https:\/\/sgierpartner.ch\/wp-content\/uploads\/SP-Logo-Footer-farbig.png","contentUrl":"https:\/\/sgierpartner.ch\/wp-content\/uploads\/SP-Logo-Footer-farbig.png","width":2058,"height":326,"caption":"Sgier + Partner GmbH"},"image":{"@id":"https:\/\/sgierpartner.ch\/de\/#\/schema\/logo\/image\/"}}]}},"_links":{"self":[{"href":"https:\/\/sgierpartner.ch\/de\/wp-json\/wp\/v2\/pages\/2197","targetHints":{"allow":["GET"]}}],"collection":[{"href":"https:\/\/sgierpartner.ch\/de\/wp-json\/wp\/v2\/pages"}],"about":[{"href":"https:\/\/sgierpartner.ch\/de\/wp-json\/wp\/v2\/types\/page"}],"author":[{"embeddable":true,"href":"https:\/\/sgierpartner.ch\/de\/wp-json\/wp\/v2\/users\/1"}],"replies":[{"embeddable":true,"href":"https:\/\/sgierpartner.ch\/de\/wp-json\/wp\/v2\/comments?post=2197"}],"version-history":[{"count":0,"href":"https:\/\/sgierpartner.ch\/de\/wp-json\/wp\/v2\/pages\/2197\/revisions"}],"wp:featuredmedia":[{"embeddable":true,"href":"https:\/\/sgierpartner.ch\/de\/wp-json\/wp\/v2\/media\/3032"}],"wp:attachment":[{"href":"https:\/\/sgierpartner.ch\/de\/wp-json\/wp\/v2\/media?parent=2197"}],"wp:term":[{"taxonomy":"wf_page_folders","embeddable":true,"href":"https:\/\/sgierpartner.ch\/de\/wp-json\/wp\/v2\/wf_page_folders?post=2197"}],"curies":[{"name":"wp","href":"https:\/\/api.w.org\/{rel}","templated":true}]}}