{"id":2198,"date":"2020-04-21T16:11:49","date_gmt":"2020-04-21T14:11:49","guid":{"rendered":"http:\/\/975ciacxzt.preview.infomaniak.website\/sgierpartner\/?page_id=2198"},"modified":"2021-05-25T22:56:39","modified_gmt":"2021-05-25T20:56:39","slug":"preismodell-outsourcing","status":"publish","type":"page","link":"https:\/\/sgierpartner.ch\/de\/preismodell-outsourcing\/","title":{"rendered":"Preismodell \/ Outsourcing"},"content":{"rendered":"<p>[et_pb_section fb_built=&#8221;1&#8243; fullwidth=&#8221;on&#8221; _builder_version=&#8221;4.4.3&#8243;][et_pb_fullwidth_image src=&#8221;http:\/\/975ciacxzt.preview.infomaniak.website\/sgierpartner\/wp-content\/uploads\/Berge-immigration-relocation-schweiz-2.jpg&#8221; _builder_version=&#8221;4.4.3&#8243;][\/et_pb_fullwidth_image][\/et_pb_section][et_pb_section fb_built=&#8221;1&#8243; _builder_version=&#8221;4.4.3&#8243;][et_pb_row _builder_version=&#8221;4.4.3&#8243; custom_margin=&#8221;0px||||false|false&#8221;][et_pb_column type=&#8221;4_4&#8243; _builder_version=&#8221;4.4.3&#8243;][et_pb_text _builder_version=&#8221;4.4.3&#8243; custom_margin=&#8221;||||false|false&#8221;]<\/p>\n<h1 class=\"ce_headline first\">PREISMODELL \/ OUTSOURCING<\/h1>\n<p>[\/et_pb_text][et_pb_menu menu_id=&#8221;45&#8243; disabled_on=&#8221;on|on|off&#8221; _builder_version=&#8221;4.4.3&#8243;][\/et_pb_menu][\/et_pb_column][\/et_pb_row][et_pb_row column_structure=&#8221;3_5,2_5&#8243; _builder_version=&#8221;4.4.3&#8243;][et_pb_column type=&#8221;3_5&#8243; _builder_version=&#8221;4.4.3&#8243;][et_pb_text _builder_version=&#8221;4.4.3&#8243;]<\/p>\n<h4><span>Warum und wie Sie von einem optimalen Preis-\/Leistungsverh\u00e4ltnis profitieren k\u00f6nnen.<\/span><\/h4>\n<p><span>Damit Sie von Anfang an Klarheit haben und budgetieren k\u00f6nnen, bieten wir unsere Leistungen zu Fixpreisen an. Sie richten sich nach Art und Anzahl der Bewilligungen. Wenn Sie Ihre bis anhin effektiv entstandenen Aufw\u00e4nde unserem Leistungsangebot zu Fixpreisen gegen\u00fcberstellen, werden Sie von den Vorteilen einer Auslagerung von diesen Arbeiten rasch \u00fcberzeugt sein. Je nach Ihrem Bed\u00fcrfnis bieten wir gerne Hand zu pr\u00e4zis definierten Rahmenvereinbarungen f\u00fcr Grossprojekte oder f\u00fcr ein komplettes Outsourcing an uns. Wenn spezifische Beratungsleistungen erw\u00fcnscht sind, arbeiten wir auch nach Aufwand zu einem vereinbarten Stundenansatz. Aus Gr\u00fcnden der Vertraulichkeit ver\u00f6ffentlichen wir keine Preise im Internet.<\/span><\/p>\n<p>[\/et_pb_text][et_pb_button button_url=&#8221;@ET-DC@eyJkeW5hbWljIjp0cnVlLCJjb250ZW50IjoicG9zdF9saW5rX3VybF9wYWdlIiwic2V0dGluZ3MiOnsicG9zdF9pZCI6IjIwMjkifX0=@&#8221; button_text=&#8221;Verlangen Sie unsere Offerte&#8221; _builder_version=&#8221;4.4.6&#8243; _dynamic_attributes=&#8221;button_url&#8221; button_bg_color=&#8221;#011ca7&#8243; custom_margin=&#8221;50px||50px||false|false&#8221;][\/et_pb_button][et_pb_image src=&#8221;https:\/\/sgierpartner.ch\/wp-content\/uploads\/Preismodell-immigration-relocation-schweiz-1.png&#8221; alt=&#8221;Flexibles und transparentes Preismodell Sgier + Partner, Z\u00fcrich&#8221; title_text=&#8221;Sgier + Partner | swiss immigration + relocation services&#8221; _builder_version=&#8221;4.4.7&#8243; src__hover_enabled=&#8221;on|desktop&#8221; src__hover=&#8221;&#8221;][\/et_pb_image][\/et_pb_column][et_pb_column type=&#8221;2_5&#8243; _builder_version=&#8221;4.4.3&#8243;][et_pb_cta title=&#8221;Immigration Case Assessment&#8221; button_url=&#8221;@ET-DC@eyJkeW5hbWljIjp0cnVlLCJjb250ZW50IjoicG9zdF9saW5rX3VybF9wYWdlIiwic2V0dGluZ3MiOnsicG9zdF9pZCI6IjYxOTAifX0=@&#8221; button_text=&#8221;Read more&#8221; disabled_on=&#8221;off|off|off&#8221; _builder_version=&#8221;4.9.4&#8243; _dynamic_attributes=&#8221;button_url&#8221; _module_preset=&#8221;default&#8221; custom_button=&#8221;on&#8221; button_text_color=&#8221;#4361EE&#8221; button_bg_color=&#8221;#FFFFFF&#8221; button_border_width=&#8221;0px&#8221; button_border_radius=&#8221;12px&#8221; custom_padding=&#8221;||20px||false|false&#8221; hover_enabled=&#8221;0&#8243; button_text_color__hover_enabled=&#8221;on|desktop&#8221; sticky_enabled=&#8221;0&#8243;]<\/p>\n<p>Do you want to find out if you\u2019re allowed to live and work in Switzerland?<\/p>\n<p>[\/et_pb_cta][et_pb_text _builder_version=&#8221;4.4.6&#8243;]<\/p>\n<blockquote>\n<p><span>Sgier + Partner hat unter anderem schon \u00fcber 30.000 Arbeits- und Auftenthaltsbewilligungen f\u00fcr ihre Kunden in der Schweizt eingeholt.<\/span><\/p>\n<\/blockquote>\n<p>[\/et_pb_text][et_pb_testimonial author=&#8221;IT-Consulting Firma mit Sitz in Z\u00fcrich&#8221; _builder_version=&#8221;4.4.3&#8243;]<\/p>\n<p><span>\u00abImmigration Services sind f\u00fcr uns gesch\u00e4ftskritisch. Dank Sgier\u00a0+ Partner werden unsere hohen Erwartungen sogar noch \u00fcbertroffen\u00bb.<\/span><\/p>\n<p>[\/et_pb_testimonial][\/et_pb_column][\/et_pb_row][\/et_pb_section]<\/p>\n","protected":false},"excerpt":{"rendered":"<p>Damit Sie von Anfang an Klarheit haben und budgetieren k\u00f6nnen, bieten wir unsere Leistungen zu Fixpreisen an. Sie richten sich nach Art und Anzahl der Bewilligungen. <\/p>\n","protected":false},"author":1,"featured_media":0,"parent":0,"menu_order":0,"comment_status":"closed","ping_status":"closed","template":"","meta":{"_et_pb_use_builder":"on","_et_pb_old_content":"","_et_gb_content_width":"","footnotes":""},"wf_page_folders":[86],"class_list":["post-2198","page","type-page","status-publish","hentry"],"yoast_head":"<!-- This site is optimized with the Yoast SEO plugin v27.4 - https:\/\/yoast.com\/product\/yoast-seo-wordpress\/ -->\n<title>Transparente Preise Arbeitsbewilligungsgesuche Schweiz - Workpermit + Arbeitsbewilligungen Spezialist<\/title>\n<meta name=\"description\" content=\"Damit Sie Transparenz haben und budgetieren k\u00f6nnen, bieten wir unsere Leistungen zu Fixpreisen an. Sie richten sich nach Art und Anzahl der Bewilligungen.\" \/>\n<meta name=\"robots\" content=\"index, follow, max-snippet:-1, max-image-preview:large, max-video-preview:-1\" \/>\n<link rel=\"canonical\" href=\"https:\/\/sgierpartner.ch\/de\/preismodell-outsourcing\/\" \/>\n<meta property=\"og:locale\" content=\"de_DE\" \/>\n<meta property=\"og:type\" content=\"article\" \/>\n<meta property=\"og:title\" content=\"Transparente Preise Arbeitsbewilligungsgesuche Schweiz - Workpermit + Arbeitsbewilligungen Spezialist\" \/>\n<meta property=\"og:description\" content=\"Damit Sie Transparenz haben und budgetieren k\u00f6nnen, bieten wir unsere Leistungen zu Fixpreisen an. Sie richten sich nach Art und Anzahl der Bewilligungen.\" \/>\n<meta property=\"og:url\" content=\"https:\/\/sgierpartner.ch\/de\/preismodell-outsourcing\/\" \/>\n<meta property=\"og:site_name\" content=\"Workpermit + Arbeitsbewilligungen Spezialist\" \/>\n<meta property=\"article:modified_time\" content=\"2021-05-25T20:56:39+00:00\" \/>\n<meta name=\"twitter:card\" content=\"summary_large_image\" \/>\n<meta name=\"twitter:label1\" content=\"Gesch\u00e4tzte Lesezeit\" \/>\n\t<meta name=\"twitter:data1\" content=\"2\u00a0Minuten\" \/>\n<script type=\"application\/ld+json\" class=\"yoast-schema-graph\">{\"@context\":\"https:\\\/\\\/schema.org\",\"@graph\":[{\"@type\":\"WebPage\",\"@id\":\"https:\\\/\\\/sgierpartner.ch\\\/de\\\/preismodell-outsourcing\\\/\",\"url\":\"https:\\\/\\\/sgierpartner.ch\\\/de\\\/preismodell-outsourcing\\\/\",\"name\":\"Transparente Preise Arbeitsbewilligungsgesuche Schweiz - Workpermit + Arbeitsbewilligungen Spezialist\",\"isPartOf\":{\"@id\":\"https:\\\/\\\/sgierpartner.ch\\\/de\\\/#website\"},\"datePublished\":\"2020-04-21T14:11:49+00:00\",\"dateModified\":\"2021-05-25T20:56:39+00:00\",\"description\":\"Damit Sie Transparenz haben und budgetieren k\u00f6nnen, bieten wir unsere Leistungen zu Fixpreisen an. Sie richten sich nach Art und Anzahl der Bewilligungen.\",\"breadcrumb\":{\"@id\":\"https:\\\/\\\/sgierpartner.ch\\\/de\\\/preismodell-outsourcing\\\/#breadcrumb\"},\"inLanguage\":\"de\",\"potentialAction\":[{\"@type\":\"ReadAction\",\"target\":[\"https:\\\/\\\/sgierpartner.ch\\\/de\\\/preismodell-outsourcing\\\/\"]}]},{\"@type\":\"BreadcrumbList\",\"@id\":\"https:\\\/\\\/sgierpartner.ch\\\/de\\\/preismodell-outsourcing\\\/#breadcrumb\",\"itemListElement\":[{\"@type\":\"ListItem\",\"position\":1,\"name\":\"Startseite\",\"item\":\"https:\\\/\\\/sgierpartner.ch\\\/de\\\/\"},{\"@type\":\"ListItem\",\"position\":2,\"name\":\"Preismodell \\\/ Outsourcing\"}]},{\"@type\":\"WebSite\",\"@id\":\"https:\\\/\\\/sgierpartner.ch\\\/de\\\/#website\",\"url\":\"https:\\\/\\\/sgierpartner.ch\\\/de\\\/\",\"name\":\"Sgier+Partner\",\"description\":\"swiss immigration+relocation\",\"publisher\":{\"@id\":\"https:\\\/\\\/sgierpartner.ch\\\/de\\\/#organization\"},\"potentialAction\":[{\"@type\":\"SearchAction\",\"target\":{\"@type\":\"EntryPoint\",\"urlTemplate\":\"https:\\\/\\\/sgierpartner.ch\\\/de\\\/?s={search_term_string}\"},\"query-input\":{\"@type\":\"PropertyValueSpecification\",\"valueRequired\":true,\"valueName\":\"search_term_string\"}}],\"inLanguage\":\"de\"},{\"@type\":\"Organization\",\"@id\":\"https:\\\/\\\/sgierpartner.ch\\\/de\\\/#organization\",\"name\":\"Sgier + Partner GmbH\",\"url\":\"https:\\\/\\\/sgierpartner.ch\\\/de\\\/\",\"logo\":{\"@type\":\"ImageObject\",\"inLanguage\":\"de\",\"@id\":\"https:\\\/\\\/sgierpartner.ch\\\/de\\\/#\\\/schema\\\/logo\\\/image\\\/\",\"url\":\"https:\\\/\\\/sgierpartner.ch\\\/wp-content\\\/uploads\\\/SP-Logo-Footer-farbig.png\",\"contentUrl\":\"https:\\\/\\\/sgierpartner.ch\\\/wp-content\\\/uploads\\\/SP-Logo-Footer-farbig.png\",\"width\":2058,\"height\":326,\"caption\":\"Sgier + Partner GmbH\"},\"image\":{\"@id\":\"https:\\\/\\\/sgierpartner.ch\\\/de\\\/#\\\/schema\\\/logo\\\/image\\\/\"}}]}<\/script>\n<!-- \/ Yoast SEO plugin. -->","yoast_head_json":{"title":"Transparente Preise Arbeitsbewilligungsgesuche Schweiz - Workpermit + Arbeitsbewilligungen Spezialist","description":"Damit Sie Transparenz haben und budgetieren k\u00f6nnen, bieten wir unsere Leistungen zu Fixpreisen an. Sie richten sich nach Art und Anzahl der Bewilligungen.","robots":{"index":"index","follow":"follow","max-snippet":"max-snippet:-1","max-image-preview":"max-image-preview:large","max-video-preview":"max-video-preview:-1"},"canonical":"https:\/\/sgierpartner.ch\/de\/preismodell-outsourcing\/","og_locale":"de_DE","og_type":"article","og_title":"Transparente Preise Arbeitsbewilligungsgesuche Schweiz - Workpermit + Arbeitsbewilligungen Spezialist","og_description":"Damit Sie Transparenz haben und budgetieren k\u00f6nnen, bieten wir unsere Leistungen zu Fixpreisen an. Sie richten sich nach Art und Anzahl der Bewilligungen.","og_url":"https:\/\/sgierpartner.ch\/de\/preismodell-outsourcing\/","og_site_name":"Workpermit + Arbeitsbewilligungen Spezialist","article_modified_time":"2021-05-25T20:56:39+00:00","twitter_card":"summary_large_image","twitter_misc":{"Gesch\u00e4tzte Lesezeit":"2\u00a0Minuten"},"schema":{"@context":"https:\/\/schema.org","@graph":[{"@type":"WebPage","@id":"https:\/\/sgierpartner.ch\/de\/preismodell-outsourcing\/","url":"https:\/\/sgierpartner.ch\/de\/preismodell-outsourcing\/","name":"Transparente Preise Arbeitsbewilligungsgesuche Schweiz - Workpermit + Arbeitsbewilligungen Spezialist","isPartOf":{"@id":"https:\/\/sgierpartner.ch\/de\/#website"},"datePublished":"2020-04-21T14:11:49+00:00","dateModified":"2021-05-25T20:56:39+00:00","description":"Damit Sie Transparenz haben und budgetieren k\u00f6nnen, bieten wir unsere Leistungen zu Fixpreisen an. Sie richten sich nach Art und Anzahl der Bewilligungen.","breadcrumb":{"@id":"https:\/\/sgierpartner.ch\/de\/preismodell-outsourcing\/#breadcrumb"},"inLanguage":"de","potentialAction":[{"@type":"ReadAction","target":["https:\/\/sgierpartner.ch\/de\/preismodell-outsourcing\/"]}]},{"@type":"BreadcrumbList","@id":"https:\/\/sgierpartner.ch\/de\/preismodell-outsourcing\/#breadcrumb","itemListElement":[{"@type":"ListItem","position":1,"name":"Startseite","item":"https:\/\/sgierpartner.ch\/de\/"},{"@type":"ListItem","position":2,"name":"Preismodell \/ Outsourcing"}]},{"@type":"WebSite","@id":"https:\/\/sgierpartner.ch\/de\/#website","url":"https:\/\/sgierpartner.ch\/de\/","name":"Sgier+Partner","description":"swiss immigration+relocation","publisher":{"@id":"https:\/\/sgierpartner.ch\/de\/#organization"},"potentialAction":[{"@type":"SearchAction","target":{"@type":"EntryPoint","urlTemplate":"https:\/\/sgierpartner.ch\/de\/?s={search_term_string}"},"query-input":{"@type":"PropertyValueSpecification","valueRequired":true,"valueName":"search_term_string"}}],"inLanguage":"de"},{"@type":"Organization","@id":"https:\/\/sgierpartner.ch\/de\/#organization","name":"Sgier + Partner GmbH","url":"https:\/\/sgierpartner.ch\/de\/","logo":{"@type":"ImageObject","inLanguage":"de","@id":"https:\/\/sgierpartner.ch\/de\/#\/schema\/logo\/image\/","url":"https:\/\/sgierpartner.ch\/wp-content\/uploads\/SP-Logo-Footer-farbig.png","contentUrl":"https:\/\/sgierpartner.ch\/wp-content\/uploads\/SP-Logo-Footer-farbig.png","width":2058,"height":326,"caption":"Sgier + Partner GmbH"},"image":{"@id":"https:\/\/sgierpartner.ch\/de\/#\/schema\/logo\/image\/"}}]}},"_links":{"self":[{"href":"https:\/\/sgierpartner.ch\/de\/wp-json\/wp\/v2\/pages\/2198","targetHints":{"allow":["GET"]}}],"collection":[{"href":"https:\/\/sgierpartner.ch\/de\/wp-json\/wp\/v2\/pages"}],"about":[{"href":"https:\/\/sgierpartner.ch\/de\/wp-json\/wp\/v2\/types\/page"}],"author":[{"embeddable":true,"href":"https:\/\/sgierpartner.ch\/de\/wp-json\/wp\/v2\/users\/1"}],"replies":[{"embeddable":true,"href":"https:\/\/sgierpartner.ch\/de\/wp-json\/wp\/v2\/comments?post=2198"}],"version-history":[{"count":0,"href":"https:\/\/sgierpartner.ch\/de\/wp-json\/wp\/v2\/pages\/2198\/revisions"}],"wp:attachment":[{"href":"https:\/\/sgierpartner.ch\/de\/wp-json\/wp\/v2\/media?parent=2198"}],"wp:term":[{"taxonomy":"wf_page_folders","embeddable":true,"href":"https:\/\/sgierpartner.ch\/de\/wp-json\/wp\/v2\/wf_page_folders?post=2198"}],"curies":[{"name":"wp","href":"https:\/\/api.w.org\/{rel}","templated":true}]}}