{"id":2199,"date":"2020-04-21T16:19:15","date_gmt":"2020-04-21T14:19:15","guid":{"rendered":"http:\/\/975ciacxzt.preview.infomaniak.website\/sgierpartner\/?page_id=2199"},"modified":"2020-05-30T12:52:09","modified_gmt":"2020-05-30T10:52:09","slug":"permit24","status":"publish","type":"page","link":"https:\/\/sgierpartner.ch\/de\/permit24\/","title":{"rendered":"Permit24\u00ae"},"content":{"rendered":"<p>[et_pb_section fb_built=&#8221;1&#8243; fullwidth=&#8221;on&#8221; _builder_version=&#8221;4.4.3&#8243;][et_pb_fullwidth_image src=&#8221;https:\/\/sgierpartner.ch\/wp-content\/uploads\/Permit24-immigration-switzerland-2.jpg&#8221; alt=&#8221;Permit24 ist die Software von Sgier + Partner f\u00fcr Arbeitsbewilligungen&#8221; title_text=&#8221;Permit24 Software | swiss immigration+relocation&#8221; _builder_version=&#8221;4.4.7&#8243;][\/et_pb_fullwidth_image][\/et_pb_section][et_pb_section fb_built=&#8221;1&#8243; _builder_version=&#8221;4.4.3&#8243;][et_pb_row _builder_version=&#8221;4.4.3&#8243; custom_margin=&#8221;0px||||false|false&#8221;][et_pb_column type=&#8221;4_4&#8243; _builder_version=&#8221;4.4.3&#8243;][et_pb_text _builder_version=&#8221;4.4.3&#8243; custom_margin=&#8221;||||false|false&#8221;]<\/p>\n<h1 class=\"ce_headline first\">Permit24\u00ae &#8211; der effizienteste Weg f\u00fcr Arbeitsbewilligungen in der Schweiz<\/h1>\n<p>[\/et_pb_text][et_pb_menu menu_id=&#8221;45&#8243; disabled_on=&#8221;on|off|off&#8221; _builder_version=&#8221;4.4.6&#8243;][\/et_pb_menu][\/et_pb_column][\/et_pb_row][et_pb_row column_structure=&#8221;3_4,1_4&#8243; _builder_version=&#8221;4.4.3&#8243;][et_pb_column type=&#8221;3_4&#8243; _builder_version=&#8221;4.4.3&#8243;][et_pb_text _builder_version=&#8221;4.4.6&#8243;]<\/p>\n<h4><span>Permit24\u00ae ist eine von Sgier + Partner entwickelte, web-basierte Softwarel\u00f6sung, die den gesamten Bewilligungsprozess optimiert, wesentlich schneller macht und dem Kunden Managementdaten bereitstellt, die l\u00fcckenloses Tracking, volle Transparenz und aussagekr\u00e4ftige Reports garantieren, und zwar 24\/7.<\/span><\/h4>\n<p><span>Permit24\u00ae beinhaltet das ganze Erfahrungskonzentrat, das sich Sgier und Partner seit der Gr\u00fcndung erarbeitet hat. Das kommt heute dem Kunden zugute. Dank der automatisierten, eingebauten \u00abFollow up Flags\u00bb kann der \u00abEnd-to-End Prozess\u00bb besser kontrolliert und damit verk\u00fcrzt werden.<\/span><\/p>\n<p>[\/et_pb_text][et_pb_image src=&#8221;https:\/\/sgierpartner.ch\/wp-content\/uploads\/permit24-process-de-arbeitsbewilligung-immigration-schweiz.png&#8221; alt=&#8221;Permit24 &#8211; Prozess Arbeitsbewilligungen Schweiz&#8221; title_text=&#8221;Prozess Arbeitsbewilligung | swiss immigration + relocation services&#8221; show_in_lightbox=&#8221;on&#8221; _builder_version=&#8221;4.4.7&#8243; hover_enabled=&#8221;0&#8243;][\/et_pb_image][et_pb_blurb _builder_version=&#8221;4.4.6&#8243;]<\/p>\n<p><span>Dar\u00fcber hinaus kann der Kunde selber einen Auftrag ausl\u00f6sen indem er die n\u00f6tigen Personendaten, die Bewilligungsart und zus\u00e4tzliche Informationen direkt ins System eingibt und die dazugeh\u00f6renden Dokumente wie CV, Passkopie, Diplome, Referenzschreiben etc. einfach \u00abuploadet\u00bb. Diese Aktion kann von \u00fcberall ausgel\u00f6st werden, weltweit. In Sekundenschnelle erscheint der Auftrag im Permit24\u00ae und das Sgier und Partner Immigration Team beginnt sofort mit der Bearbeitung des neuen Falles. Unser Gesuch liegt dann innert 24 Stunden bei den Beh\u00f6rden vor. Der Kunde verfolgt nur noch den weiteren Verlauf des Gesuches dank Permit24\u00ae. So ist er jederzeit auf dem Laufenden und kann optimal planen und der MItarbeiter kann rechtzeitig die Arbeit in der Schweiz aufnehmen. \u00abTime to Market\u00bb\u00a0optimal erf\u00fcllt. Ende Monat oder wann immer der Kunde es w\u00fcnscht, liefert Permit24\u00ae s\u00e4mtliche Managementdaten im Powerpoint Format.<\/span><\/p>\n<p>[\/et_pb_blurb][et_pb_image src=&#8221;https:\/\/sgierpartner.ch\/wp-content\/uploads\/permit24-de-arbeitsbewilligung-immigration-schweiz.png&#8221; alt=&#8221;Permit24- Arbeitsbewilligungen &#8211; Immigration Schweiz&#8221; title_text=&#8221;Sgier + Partner | swiss immigration + relocation services&#8221; show_in_lightbox=&#8221;on&#8221; _builder_version=&#8221;4.4.7&#8243;][\/et_pb_image][et_pb_blurb _builder_version=&#8221;4.4.6&#8243; min_height=&#8221;auto&#8221; custom_margin=&#8221;0px||||false|false&#8221; custom_padding=&#8221;0px||||false|false&#8221;]<\/p>\n<p><span>Gerne zeigen wir Ihnen die Vorteile eines kompletten\u00a0<\/span><strong>Immigration Services Outsourcing<\/strong><span>\u00a0unter Einbezug von Permit24\u00ae auf. Von der Analyse Ihrer jetzigen Situation bis hin zum funktionierenden Set up. Erfahren Sie wie Sie Kosten sparen, die HR-Abteilung entlasten und trotzdem volle Transparenz und Kontrolle haben. \u00a0Und dar\u00fcber hinaus zeigen wir Ihnen auf, wie der \u00abend-to-end\u00bb Bewilligungsprozess durch unseren Approach beschleunigt wird und Ihre Mitarbeitenden schneller die Arbeit in der Schweiz aufnehmen k\u00f6nnen. Die\u00a0\u00ab<\/span><strong>Total Cost of Services\u00bb<\/strong><span>\u00a0Analyse wird Sie \u00fcberzeugen. <\/span><strong>Sprechen Sie mit uns, diese Analyse ist f\u00fcr Sie unentgeltlich.\u00a0<\/strong><\/p>\n<p>[\/et_pb_blurb][\/et_pb_column][et_pb_column type=&#8221;1_4&#8243; _builder_version=&#8221;4.4.3&#8243;][et_pb_text _builder_version=&#8221;4.4.3&#8243;]<\/p>\n<p><span>Dank Permit24\u00ae liegt Ihr Bewilligungsgesuch schon innerhalb<\/span><br \/><span>24 Stunden beim zust\u00e4ndigen Amt.<\/span><\/p>\n<p>[\/et_pb_text][et_pb_image src=&#8221;https:\/\/sgierpartner.ch\/wp-content\/uploads\/Permit24-Uhr-dunkel-aufenthaltsbewilligung-immigration-schweiz.png&#8221; alt=&#8221;Permit24 Software &#8211; Sgier + Partner Switzerland&#8221; title_text=&#8221;Permit24 Software &#8211; Sgier + Partner Switzerland&#8221; _builder_version=&#8221;4.4.7&#8243; width=&#8221;75%&#8221; custom_margin=&#8221;30px||||false|false&#8221;][\/et_pb_image][et_pb_button button_url=&#8221;@ET-DC@eyJkeW5hbWljIjp0cnVlLCJjb250ZW50IjoicG9zdF9saW5rX3VybF9wYWdlIiwic2V0dGluZ3MiOnsicG9zdF9pZCI6IjIwMjkifX0=@&#8221; button_text=&#8221;Permit24\u00ae Brosch\u00fcre.&#8221; button_alignment=&#8221;left&#8221; _builder_version=&#8221;4.4.6&#8243; _dynamic_attributes=&#8221;button_url&#8221; button_bg_color=&#8221;#011ca7&#8243; custom_margin=&#8221;||100px||false|false&#8221;][\/et_pb_button][et_pb_image src=&#8221;https:\/\/sgierpartner.ch\/wp-content\/uploads\/Brosch\u00fcre-Permit24.jpg&#8221; alt=&#8221;Permit24 ist die Software f\u00fcr Arbeitsbewilligung von Sgier und Partner&#8221; title_text=&#8221;Permit24 Software | swiss immigration + relocation services&#8221; _builder_version=&#8221;4.4.7&#8243; max_width=&#8221;75%&#8221;][\/et_pb_image][\/et_pb_column][\/et_pb_row][\/et_pb_section]<\/p>\n","protected":false},"excerpt":{"rendered":"<p>Permit24\u00ae ist eine von Sgier + Partner entwickelte, web-basierte Softwarel\u00f6sung, die den gesamten Bewilligungsprozess optimiert, wesentlich schneller macht und dem Kunden Managementdaten bereitstellt, die l\u00fcckenloses Tracking, volle Transparenz und aussagekr\u00e4ftige Reports garantieren, und zwar 24\/7.<\/p>\n","protected":false},"author":1,"featured_media":3462,"parent":0,"menu_order":0,"comment_status":"closed","ping_status":"closed","template":"","meta":{"_et_pb_use_builder":"on","_et_pb_old_content":"","_et_gb_content_width":"","footnotes":""},"wf_page_folders":[87],"class_list":["post-2199","page","type-page","status-publish","has-post-thumbnail","hentry"],"yoast_head":"<!-- This site is optimized with the Yoast SEO plugin v27.4 - https:\/\/yoast.com\/product\/yoast-seo-wordpress\/ -->\n<title>Software f\u00fcr die Kontrollle des Bewilligungsprozesses - Workpermit + Arbeitsbewilligungen Spezialist<\/title>\n<meta name=\"description\" content=\"Mit Permit24\u00ae verfolgen Sie den Bewilligungsprozess l\u00fcckenlos \u2013 von Sgier+Partner entwickelt, dem Profi f\u00fcr Aufenthalts- und Arbeitsbewilligungen.\" \/>\n<meta name=\"robots\" content=\"index, follow, max-snippet:-1, max-image-preview:large, max-video-preview:-1\" \/>\n<link rel=\"canonical\" href=\"https:\/\/sgierpartner.ch\/de\/permit24\/\" \/>\n<meta property=\"og:locale\" content=\"de_DE\" \/>\n<meta property=\"og:type\" content=\"article\" \/>\n<meta property=\"og:title\" content=\"Software f\u00fcr die Kontrollle des Bewilligungsprozesses - Workpermit + Arbeitsbewilligungen Spezialist\" \/>\n<meta property=\"og:description\" content=\"Mit Permit24\u00ae verfolgen Sie den Bewilligungsprozess l\u00fcckenlos \u2013 von Sgier+Partner entwickelt, dem Profi f\u00fcr Aufenthalts- und Arbeitsbewilligungen.\" \/>\n<meta property=\"og:url\" content=\"https:\/\/sgierpartner.ch\/de\/permit24\/\" \/>\n<meta property=\"og:site_name\" content=\"Workpermit + Arbeitsbewilligungen Spezialist\" \/>\n<meta property=\"article:modified_time\" content=\"2020-05-30T10:52:09+00:00\" \/>\n<meta property=\"og:image\" content=\"https:\/\/sgierpartner.ch\/wp-content\/uploads\/Logo_Permit24_V2-immigration-relocation-switzerland.png\" \/>\n\t<meta property=\"og:image:width\" content=\"500\" \/>\n\t<meta property=\"og:image:height\" content=\"500\" \/>\n\t<meta property=\"og:image:type\" content=\"image\/png\" \/>\n<meta name=\"twitter:card\" content=\"summary_large_image\" \/>\n<meta name=\"twitter:label1\" content=\"Gesch\u00e4tzte Lesezeit\" \/>\n\t<meta name=\"twitter:data1\" content=\"4\u00a0Minuten\" \/>\n<script type=\"application\/ld+json\" class=\"yoast-schema-graph\">{\"@context\":\"https:\\\/\\\/schema.org\",\"@graph\":[{\"@type\":\"WebPage\",\"@id\":\"https:\\\/\\\/sgierpartner.ch\\\/de\\\/permit24\\\/\",\"url\":\"https:\\\/\\\/sgierpartner.ch\\\/de\\\/permit24\\\/\",\"name\":\"Software f\u00fcr die Kontrollle des Bewilligungsprozesses - Workpermit + Arbeitsbewilligungen Spezialist\",\"isPartOf\":{\"@id\":\"https:\\\/\\\/sgierpartner.ch\\\/de\\\/#website\"},\"primaryImageOfPage\":{\"@id\":\"https:\\\/\\\/sgierpartner.ch\\\/de\\\/permit24\\\/#primaryimage\"},\"image\":{\"@id\":\"https:\\\/\\\/sgierpartner.ch\\\/de\\\/permit24\\\/#primaryimage\"},\"thumbnailUrl\":\"https:\\\/\\\/sgierpartner.ch\\\/wp-content\\\/uploads\\\/Logo_Permit24_V2-immigration-relocation-switzerland.png\",\"datePublished\":\"2020-04-21T14:19:15+00:00\",\"dateModified\":\"2020-05-30T10:52:09+00:00\",\"description\":\"Mit Permit24\u00ae verfolgen Sie den Bewilligungsprozess l\u00fcckenlos \u2013 von Sgier+Partner entwickelt, dem Profi f\u00fcr Aufenthalts- und Arbeitsbewilligungen.\",\"breadcrumb\":{\"@id\":\"https:\\\/\\\/sgierpartner.ch\\\/de\\\/permit24\\\/#breadcrumb\"},\"inLanguage\":\"de\",\"potentialAction\":[{\"@type\":\"ReadAction\",\"target\":[\"https:\\\/\\\/sgierpartner.ch\\\/de\\\/permit24\\\/\"]}]},{\"@type\":\"ImageObject\",\"inLanguage\":\"de\",\"@id\":\"https:\\\/\\\/sgierpartner.ch\\\/de\\\/permit24\\\/#primaryimage\",\"url\":\"https:\\\/\\\/sgierpartner.ch\\\/wp-content\\\/uploads\\\/Logo_Permit24_V2-immigration-relocation-switzerland.png\",\"contentUrl\":\"https:\\\/\\\/sgierpartner.ch\\\/wp-content\\\/uploads\\\/Logo_Permit24_V2-immigration-relocation-switzerland.png\",\"width\":500,\"height\":500,\"caption\":\"swiss immigration + relocation services in Switzerland: Zurich, Geneva, Zug, Lugano, Basle, Berne, Lausanne\"},{\"@type\":\"BreadcrumbList\",\"@id\":\"https:\\\/\\\/sgierpartner.ch\\\/de\\\/permit24\\\/#breadcrumb\",\"itemListElement\":[{\"@type\":\"ListItem\",\"position\":1,\"name\":\"Startseite\",\"item\":\"https:\\\/\\\/sgierpartner.ch\\\/de\\\/\"},{\"@type\":\"ListItem\",\"position\":2,\"name\":\"Permit24\u00ae\"}]},{\"@type\":\"WebSite\",\"@id\":\"https:\\\/\\\/sgierpartner.ch\\\/de\\\/#website\",\"url\":\"https:\\\/\\\/sgierpartner.ch\\\/de\\\/\",\"name\":\"Sgier+Partner\",\"description\":\"swiss immigration+relocation\",\"publisher\":{\"@id\":\"https:\\\/\\\/sgierpartner.ch\\\/de\\\/#organization\"},\"potentialAction\":[{\"@type\":\"SearchAction\",\"target\":{\"@type\":\"EntryPoint\",\"urlTemplate\":\"https:\\\/\\\/sgierpartner.ch\\\/de\\\/?s={search_term_string}\"},\"query-input\":{\"@type\":\"PropertyValueSpecification\",\"valueRequired\":true,\"valueName\":\"search_term_string\"}}],\"inLanguage\":\"de\"},{\"@type\":\"Organization\",\"@id\":\"https:\\\/\\\/sgierpartner.ch\\\/de\\\/#organization\",\"name\":\"Sgier + Partner GmbH\",\"url\":\"https:\\\/\\\/sgierpartner.ch\\\/de\\\/\",\"logo\":{\"@type\":\"ImageObject\",\"inLanguage\":\"de\",\"@id\":\"https:\\\/\\\/sgierpartner.ch\\\/de\\\/#\\\/schema\\\/logo\\\/image\\\/\",\"url\":\"https:\\\/\\\/sgierpartner.ch\\\/wp-content\\\/uploads\\\/SP-Logo-Footer-farbig.png\",\"contentUrl\":\"https:\\\/\\\/sgierpartner.ch\\\/wp-content\\\/uploads\\\/SP-Logo-Footer-farbig.png\",\"width\":2058,\"height\":326,\"caption\":\"Sgier + Partner GmbH\"},\"image\":{\"@id\":\"https:\\\/\\\/sgierpartner.ch\\\/de\\\/#\\\/schema\\\/logo\\\/image\\\/\"}}]}<\/script>\n<!-- \/ Yoast SEO plugin. -->","yoast_head_json":{"title":"Software f\u00fcr die Kontrollle des Bewilligungsprozesses - Workpermit + Arbeitsbewilligungen Spezialist","description":"Mit Permit24\u00ae verfolgen Sie den Bewilligungsprozess l\u00fcckenlos \u2013 von Sgier+Partner entwickelt, dem Profi f\u00fcr Aufenthalts- und Arbeitsbewilligungen.","robots":{"index":"index","follow":"follow","max-snippet":"max-snippet:-1","max-image-preview":"max-image-preview:large","max-video-preview":"max-video-preview:-1"},"canonical":"https:\/\/sgierpartner.ch\/de\/permit24\/","og_locale":"de_DE","og_type":"article","og_title":"Software f\u00fcr die Kontrollle des Bewilligungsprozesses - Workpermit + Arbeitsbewilligungen Spezialist","og_description":"Mit Permit24\u00ae verfolgen Sie den Bewilligungsprozess l\u00fcckenlos \u2013 von Sgier+Partner entwickelt, dem Profi f\u00fcr Aufenthalts- und Arbeitsbewilligungen.","og_url":"https:\/\/sgierpartner.ch\/de\/permit24\/","og_site_name":"Workpermit + Arbeitsbewilligungen Spezialist","article_modified_time":"2020-05-30T10:52:09+00:00","og_image":[{"width":500,"height":500,"url":"https:\/\/sgierpartner.ch\/wp-content\/uploads\/Logo_Permit24_V2-immigration-relocation-switzerland.png","type":"image\/png"}],"twitter_card":"summary_large_image","twitter_misc":{"Gesch\u00e4tzte Lesezeit":"4\u00a0Minuten"},"schema":{"@context":"https:\/\/schema.org","@graph":[{"@type":"WebPage","@id":"https:\/\/sgierpartner.ch\/de\/permit24\/","url":"https:\/\/sgierpartner.ch\/de\/permit24\/","name":"Software f\u00fcr die Kontrollle des Bewilligungsprozesses - Workpermit + Arbeitsbewilligungen Spezialist","isPartOf":{"@id":"https:\/\/sgierpartner.ch\/de\/#website"},"primaryImageOfPage":{"@id":"https:\/\/sgierpartner.ch\/de\/permit24\/#primaryimage"},"image":{"@id":"https:\/\/sgierpartner.ch\/de\/permit24\/#primaryimage"},"thumbnailUrl":"https:\/\/sgierpartner.ch\/wp-content\/uploads\/Logo_Permit24_V2-immigration-relocation-switzerland.png","datePublished":"2020-04-21T14:19:15+00:00","dateModified":"2020-05-30T10:52:09+00:00","description":"Mit Permit24\u00ae verfolgen Sie den Bewilligungsprozess l\u00fcckenlos \u2013 von Sgier+Partner entwickelt, dem Profi f\u00fcr Aufenthalts- und Arbeitsbewilligungen.","breadcrumb":{"@id":"https:\/\/sgierpartner.ch\/de\/permit24\/#breadcrumb"},"inLanguage":"de","potentialAction":[{"@type":"ReadAction","target":["https:\/\/sgierpartner.ch\/de\/permit24\/"]}]},{"@type":"ImageObject","inLanguage":"de","@id":"https:\/\/sgierpartner.ch\/de\/permit24\/#primaryimage","url":"https:\/\/sgierpartner.ch\/wp-content\/uploads\/Logo_Permit24_V2-immigration-relocation-switzerland.png","contentUrl":"https:\/\/sgierpartner.ch\/wp-content\/uploads\/Logo_Permit24_V2-immigration-relocation-switzerland.png","width":500,"height":500,"caption":"swiss immigration + relocation services in Switzerland: Zurich, Geneva, Zug, Lugano, Basle, Berne, Lausanne"},{"@type":"BreadcrumbList","@id":"https:\/\/sgierpartner.ch\/de\/permit24\/#breadcrumb","itemListElement":[{"@type":"ListItem","position":1,"name":"Startseite","item":"https:\/\/sgierpartner.ch\/de\/"},{"@type":"ListItem","position":2,"name":"Permit24\u00ae"}]},{"@type":"WebSite","@id":"https:\/\/sgierpartner.ch\/de\/#website","url":"https:\/\/sgierpartner.ch\/de\/","name":"Sgier+Partner","description":"swiss immigration+relocation","publisher":{"@id":"https:\/\/sgierpartner.ch\/de\/#organization"},"potentialAction":[{"@type":"SearchAction","target":{"@type":"EntryPoint","urlTemplate":"https:\/\/sgierpartner.ch\/de\/?s={search_term_string}"},"query-input":{"@type":"PropertyValueSpecification","valueRequired":true,"valueName":"search_term_string"}}],"inLanguage":"de"},{"@type":"Organization","@id":"https:\/\/sgierpartner.ch\/de\/#organization","name":"Sgier + Partner GmbH","url":"https:\/\/sgierpartner.ch\/de\/","logo":{"@type":"ImageObject","inLanguage":"de","@id":"https:\/\/sgierpartner.ch\/de\/#\/schema\/logo\/image\/","url":"https:\/\/sgierpartner.ch\/wp-content\/uploads\/SP-Logo-Footer-farbig.png","contentUrl":"https:\/\/sgierpartner.ch\/wp-content\/uploads\/SP-Logo-Footer-farbig.png","width":2058,"height":326,"caption":"Sgier + Partner GmbH"},"image":{"@id":"https:\/\/sgierpartner.ch\/de\/#\/schema\/logo\/image\/"}}]}},"_links":{"self":[{"href":"https:\/\/sgierpartner.ch\/de\/wp-json\/wp\/v2\/pages\/2199","targetHints":{"allow":["GET"]}}],"collection":[{"href":"https:\/\/sgierpartner.ch\/de\/wp-json\/wp\/v2\/pages"}],"about":[{"href":"https:\/\/sgierpartner.ch\/de\/wp-json\/wp\/v2\/types\/page"}],"author":[{"embeddable":true,"href":"https:\/\/sgierpartner.ch\/de\/wp-json\/wp\/v2\/users\/1"}],"replies":[{"embeddable":true,"href":"https:\/\/sgierpartner.ch\/de\/wp-json\/wp\/v2\/comments?post=2199"}],"version-history":[{"count":0,"href":"https:\/\/sgierpartner.ch\/de\/wp-json\/wp\/v2\/pages\/2199\/revisions"}],"wp:featuredmedia":[{"embeddable":true,"href":"https:\/\/sgierpartner.ch\/de\/wp-json\/wp\/v2\/media\/3462"}],"wp:attachment":[{"href":"https:\/\/sgierpartner.ch\/de\/wp-json\/wp\/v2\/media?parent=2199"}],"wp:term":[{"taxonomy":"wf_page_folders","embeddable":true,"href":"https:\/\/sgierpartner.ch\/de\/wp-json\/wp\/v2\/wf_page_folders?post=2199"}],"curies":[{"name":"wp","href":"https:\/\/api.w.org\/{rel}","templated":true}]}}