{"id":2200,"date":"2020-04-21T16:59:36","date_gmt":"2020-04-21T14:59:36","guid":{"rendered":"http:\/\/975ciacxzt.preview.infomaniak.website\/sgierpartner\/?page_id=2200"},"modified":"2021-05-08T08:02:55","modified_gmt":"2021-05-08T06:02:55","slug":"netzwerk-partnerschaften","status":"publish","type":"page","link":"https:\/\/sgierpartner.ch\/de\/netzwerk-partnerschaften\/","title":{"rendered":"Netzwerk \/ Partnerschaften"},"content":{"rendered":"<p>[et_pb_section fb_built=&#8221;1&#8243; fullwidth=&#8221;on&#8221; _builder_version=&#8221;4.4.3&#8243;][et_pb_fullwidth_image src=&#8221;https:\/\/sgierpartner.ch\/wp-content\/uploads\/World-immigration-relocation-2.jpg&#8221; alt=&#8221;Global Network | swiss immigration + relocations services&#8221; title_text=&#8221;Global Network | swiss immigration + relocations services&#8221; _builder_version=&#8221;4.4.7&#8243;][\/et_pb_fullwidth_image][\/et_pb_section][et_pb_section fb_built=&#8221;1&#8243; _builder_version=&#8221;4.4.3&#8243;][et_pb_row _builder_version=&#8221;4.4.3&#8243; custom_margin=&#8221;0px||||false|false&#8221;][et_pb_column type=&#8221;4_4&#8243; _builder_version=&#8221;4.4.3&#8243;][et_pb_text _builder_version=&#8221;4.4.3&#8243; custom_margin=&#8221;||||false|false&#8221;]<\/p>\n<h1 class=\"ce_headline first\">Netzwerk \/ Partnerschaften<\/h1>\n<p>[\/et_pb_text][et_pb_menu menu_id=&#8221;47&#8243; disabled_on=&#8221;on|on|off&#8221; _builder_version=&#8221;4.4.3&#8243;][\/et_pb_menu][\/et_pb_column][\/et_pb_row][et_pb_row column_structure=&#8221;3_5,2_5&#8243; _builder_version=&#8221;4.4.3&#8243;][et_pb_column type=&#8221;3_5&#8243; _builder_version=&#8221;4.4.3&#8243;][et_pb_blurb title=&#8221;Lokal pr\u00e4sent &#8211; schweizweit t\u00e4tig &#8211; global vernetzt&#8221; _builder_version=&#8221;4.4.6&#8243; min_height=&#8221;100px&#8221; custom_margin=&#8221;0px||||false|false&#8221; custom_padding=&#8221;0px||||false|false&#8221;]<\/p>\n<p><span>Unser Erfolg setzt ein vielschichtiges Netzwerk voraus. Und je mehr wir uns einbringen, umso mehr kommt zur\u00fcck. F\u00fcr Sie und f\u00fcr uns. So pflegen wir einen sehr engen Kontakt mit den Beh\u00f6ren und Wirtschaftsf\u00f6rderungen in allen Kantonen und engagieren uns als Mitglied in verschiedenen Interessen-Verb\u00e4nden und Handelskammern, beteiligen uns an Fachveranstaltungen und f\u00fchren auch Fortbildungen und Update-Sessions<\/span><span> durch.\u00a0<\/span><\/p>\n<p>[\/et_pb_blurb][et_pb_image src=&#8221;https:\/\/sgierpartner.ch\/wp-content\/uploads\/Partner-Network-immigration-relocation-switzerland-1.jpg&#8221; alt=&#8221;Partner Network Sgier + Partner | swiss immigration+relocation&#8221; title_text=&#8221;Partner Network Sgier + Partner | swiss immigration+relocation&#8221; _builder_version=&#8221;4.4.7&#8243;][\/et_pb_image][et_pb_blurb title=&#8221;Partnerschaften&#8221; _builder_version=&#8221;4.4.3&#8243;]<\/p>\n<p><span>Lokale Pr\u00e4senz &#8211; globales Netzwerk. Wir sind f\u00fcr unsere Kunden stets pers\u00f6nlich vor Ort aktiv und k\u00f6nnen gleichzeitig in Kooperation mit unseren global t\u00e4tigen Immigration- und Relocation-Partnern, die Sgier und Partner als Premium Partner f\u00fcr die Schweiz gew\u00e4hlt haben, weltweit auf vielf\u00e4ltige Expertise, Ressourcen und Infrastruktur zur\u00fcckgreifen. Damit sind wir ein starker Partner auch f\u00fcr internationale Unternehmen und Institutionen.<\/span><\/p>\n<p>[\/et_pb_blurb][\/et_pb_column][et_pb_column type=&#8221;2_5&#8243; _builder_version=&#8221;4.4.3&#8243;][et_pb_cta title=&#8221;Sie suchen einen Partner f\u00fcr die Schweiz?&#8221; button_url=&#8221;mailto:rene.rey@sgierpartner.ch&#8221; button_text=&#8221;Ren\u00e9 Rey kontaktieren&#8221; _builder_version=&#8221;4.9.4&#8243; custom_button=&#8221;on&#8221; button_text_color=&#8221;#e11a24&#8243; button_bg_color=&#8221;#ffffff&#8221; button_border_radius=&#8221;12px&#8221; link_option_url=&#8221;mailto: rene.rey@sgierpartner.ch&#8221; hover_enabled=&#8221;0&#8243; button_text_color__hover_enabled=&#8221;on|hover&#8221; button_text_color__hover=&#8221;#011ca7&#8243; sticky_enabled=&#8221;0&#8243;]<\/p>\n<p><span>Sgier + Partner arbeitet heute mit ausgew\u00e4hlten globalen Immigration und Relocation Firmen aber auch mit Unternehmen, die \u00fcber keine eigene Vertretung in dieser Disziplin in der Schweiz verf\u00fcgen, zusammen. Professionalit\u00e4t, Win\/Win Approach und gegenseitiges Vertrauen sind die Schl\u00fcsselfaktoren f\u00fcr eine erfolgreiche Zusammenarbeit. Wenn Sie einen verl\u00e4sslichen Partner f\u00fcr die Schweiz suchen, so sind wir gerne bereit, mit Ihnen eine entsprechende Partnerschaft zu pr\u00fcfen. Nehmen Sie mit uns Verbindung auf und unser Management wird sich direkt bei Ihnen melden.<\/span><\/p>\n<p>[\/et_pb_cta][et_pb_text _builder_version=&#8221;4.4.6&#8243;]<\/p>\n<blockquote>\n<p><span>Sgier + Partner hat unter anderem schon \u00fcber 30.000 Arbeits- und Aufenthaltsbewilligungen f\u00fcr ihre Kunden in der Schweiz eingeholt.<\/span><\/p>\n<\/blockquote>\n<p>[\/et_pb_text][\/et_pb_column][\/et_pb_row][\/et_pb_section]<\/p>\n","protected":false},"excerpt":{"rendered":"<p>Lokale Pr\u00e4senz \u2013 globales Netzwerk. Wir sind f\u00fcr unsere Kunden stets pers\u00f6nlich vor Ort aktiv und k\u00f6nnen gleichzeitig in Kooperation mit unseren global t\u00e4tigen Immigration- und Relocation-Partnern, die Sgier und Partner als Premium Partner f\u00fcr die Schweiz gew\u00e4hlt haben, weltweit auf vielf\u00e4ltige Expertise, Ressourcen und Infrastruktur zur\u00fcckgreifen. Damit sind wir ein starker Partner auch f\u00fcr internationale Unternehmen und Institutionen.<\/p>\n","protected":false},"author":1,"featured_media":3077,"parent":0,"menu_order":0,"comment_status":"closed","ping_status":"closed","template":"","meta":{"_et_pb_use_builder":"on","_et_pb_old_content":"","_et_gb_content_width":"","footnotes":""},"wf_page_folders":[88],"class_list":["post-2200","page","type-page","status-publish","has-post-thumbnail","hentry"],"yoast_head":"<!-- This site is optimized with the Yoast SEO plugin v27.4 - https:\/\/yoast.com\/product\/yoast-seo-wordpress\/ -->\n<title>Netzwerk mit globalen Immigration- und Relocationpartnern - Workpermit + Arbeitsbewilligungen Spezialist<\/title>\n<meta name=\"description\" content=\"Wir pflegen einen engen Kontakt mit Beh\u00f6rden und Wirtschaftsf\u00f6rderungen und engagieren uns in verschiedenen Interessen-Verb\u00e4nden und Handelskammern.\" \/>\n<meta name=\"robots\" content=\"index, follow, max-snippet:-1, max-image-preview:large, max-video-preview:-1\" \/>\n<link rel=\"canonical\" href=\"https:\/\/sgierpartner.ch\/de\/netzwerk-partnerschaften\/\" \/>\n<meta property=\"og:locale\" content=\"de_DE\" \/>\n<meta property=\"og:type\" content=\"article\" \/>\n<meta property=\"og:title\" content=\"Netzwerk mit globalen Immigration- und Relocationpartnern - Workpermit + Arbeitsbewilligungen Spezialist\" \/>\n<meta property=\"og:description\" content=\"Wir pflegen einen engen Kontakt mit Beh\u00f6rden und Wirtschaftsf\u00f6rderungen und engagieren uns in verschiedenen Interessen-Verb\u00e4nden und Handelskammern.\" \/>\n<meta property=\"og:url\" content=\"https:\/\/sgierpartner.ch\/de\/netzwerk-partnerschaften\/\" \/>\n<meta property=\"og:site_name\" content=\"Workpermit + Arbeitsbewilligungen Spezialist\" \/>\n<meta property=\"article:modified_time\" content=\"2021-05-08T06:02:55+00:00\" \/>\n<meta property=\"og:image\" content=\"https:\/\/sgierpartner.ch\/wp-content\/uploads\/Partner-Network-immigration-relocation-switzerland-1.jpg\" \/>\n\t<meta property=\"og:image:width\" content=\"800\" \/>\n\t<meta property=\"og:image:height\" content=\"450\" \/>\n\t<meta property=\"og:image:type\" content=\"image\/jpeg\" \/>\n<meta name=\"twitter:card\" content=\"summary_large_image\" \/>\n<meta name=\"twitter:label1\" content=\"Gesch\u00e4tzte Lesezeit\" \/>\n\t<meta name=\"twitter:data1\" content=\"3\u00a0Minuten\" \/>\n<script type=\"application\/ld+json\" class=\"yoast-schema-graph\">{\"@context\":\"https:\\\/\\\/schema.org\",\"@graph\":[{\"@type\":\"WebPage\",\"@id\":\"https:\\\/\\\/sgierpartner.ch\\\/de\\\/netzwerk-partnerschaften\\\/\",\"url\":\"https:\\\/\\\/sgierpartner.ch\\\/de\\\/netzwerk-partnerschaften\\\/\",\"name\":\"Netzwerk mit globalen Immigration- und Relocationpartnern - Workpermit + Arbeitsbewilligungen Spezialist\",\"isPartOf\":{\"@id\":\"https:\\\/\\\/sgierpartner.ch\\\/de\\\/#website\"},\"primaryImageOfPage\":{\"@id\":\"https:\\\/\\\/sgierpartner.ch\\\/de\\\/netzwerk-partnerschaften\\\/#primaryimage\"},\"image\":{\"@id\":\"https:\\\/\\\/sgierpartner.ch\\\/de\\\/netzwerk-partnerschaften\\\/#primaryimage\"},\"thumbnailUrl\":\"https:\\\/\\\/sgierpartner.ch\\\/wp-content\\\/uploads\\\/Partner-Network-immigration-relocation-switzerland-1.jpg\",\"datePublished\":\"2020-04-21T14:59:36+00:00\",\"dateModified\":\"2021-05-08T06:02:55+00:00\",\"description\":\"Wir pflegen einen engen Kontakt mit Beh\u00f6rden und Wirtschaftsf\u00f6rderungen und engagieren uns in verschiedenen Interessen-Verb\u00e4nden und Handelskammern.\",\"breadcrumb\":{\"@id\":\"https:\\\/\\\/sgierpartner.ch\\\/de\\\/netzwerk-partnerschaften\\\/#breadcrumb\"},\"inLanguage\":\"de\",\"potentialAction\":[{\"@type\":\"ReadAction\",\"target\":[\"https:\\\/\\\/sgierpartner.ch\\\/de\\\/netzwerk-partnerschaften\\\/\"]}]},{\"@type\":\"ImageObject\",\"inLanguage\":\"de\",\"@id\":\"https:\\\/\\\/sgierpartner.ch\\\/de\\\/netzwerk-partnerschaften\\\/#primaryimage\",\"url\":\"https:\\\/\\\/sgierpartner.ch\\\/wp-content\\\/uploads\\\/Partner-Network-immigration-relocation-switzerland-1.jpg\",\"contentUrl\":\"https:\\\/\\\/sgierpartner.ch\\\/wp-content\\\/uploads\\\/Partner-Network-immigration-relocation-switzerland-1.jpg\",\"width\":800,\"height\":450,\"caption\":\"Partner Network of Sgier+Partner. Market leader in Switzerland for immigration services, relocation\\\/destination services, company settlement and full spectrum of complementary services\"},{\"@type\":\"BreadcrumbList\",\"@id\":\"https:\\\/\\\/sgierpartner.ch\\\/de\\\/netzwerk-partnerschaften\\\/#breadcrumb\",\"itemListElement\":[{\"@type\":\"ListItem\",\"position\":1,\"name\":\"Startseite\",\"item\":\"https:\\\/\\\/sgierpartner.ch\\\/de\\\/\"},{\"@type\":\"ListItem\",\"position\":2,\"name\":\"Netzwerk \\\/ Partnerschaften\"}]},{\"@type\":\"WebSite\",\"@id\":\"https:\\\/\\\/sgierpartner.ch\\\/de\\\/#website\",\"url\":\"https:\\\/\\\/sgierpartner.ch\\\/de\\\/\",\"name\":\"Sgier+Partner\",\"description\":\"swiss immigration+relocation\",\"publisher\":{\"@id\":\"https:\\\/\\\/sgierpartner.ch\\\/de\\\/#organization\"},\"potentialAction\":[{\"@type\":\"SearchAction\",\"target\":{\"@type\":\"EntryPoint\",\"urlTemplate\":\"https:\\\/\\\/sgierpartner.ch\\\/de\\\/?s={search_term_string}\"},\"query-input\":{\"@type\":\"PropertyValueSpecification\",\"valueRequired\":true,\"valueName\":\"search_term_string\"}}],\"inLanguage\":\"de\"},{\"@type\":\"Organization\",\"@id\":\"https:\\\/\\\/sgierpartner.ch\\\/de\\\/#organization\",\"name\":\"Sgier + Partner GmbH\",\"url\":\"https:\\\/\\\/sgierpartner.ch\\\/de\\\/\",\"logo\":{\"@type\":\"ImageObject\",\"inLanguage\":\"de\",\"@id\":\"https:\\\/\\\/sgierpartner.ch\\\/de\\\/#\\\/schema\\\/logo\\\/image\\\/\",\"url\":\"https:\\\/\\\/sgierpartner.ch\\\/wp-content\\\/uploads\\\/SP-Logo-Footer-farbig.png\",\"contentUrl\":\"https:\\\/\\\/sgierpartner.ch\\\/wp-content\\\/uploads\\\/SP-Logo-Footer-farbig.png\",\"width\":2058,\"height\":326,\"caption\":\"Sgier + Partner GmbH\"},\"image\":{\"@id\":\"https:\\\/\\\/sgierpartner.ch\\\/de\\\/#\\\/schema\\\/logo\\\/image\\\/\"}}]}<\/script>\n<!-- \/ Yoast SEO plugin. -->","yoast_head_json":{"title":"Netzwerk mit globalen Immigration- und Relocationpartnern - Workpermit + Arbeitsbewilligungen Spezialist","description":"Wir pflegen einen engen Kontakt mit Beh\u00f6rden und Wirtschaftsf\u00f6rderungen und engagieren uns in verschiedenen Interessen-Verb\u00e4nden und Handelskammern.","robots":{"index":"index","follow":"follow","max-snippet":"max-snippet:-1","max-image-preview":"max-image-preview:large","max-video-preview":"max-video-preview:-1"},"canonical":"https:\/\/sgierpartner.ch\/de\/netzwerk-partnerschaften\/","og_locale":"de_DE","og_type":"article","og_title":"Netzwerk mit globalen Immigration- und Relocationpartnern - Workpermit + Arbeitsbewilligungen Spezialist","og_description":"Wir pflegen einen engen Kontakt mit Beh\u00f6rden und Wirtschaftsf\u00f6rderungen und engagieren uns in verschiedenen Interessen-Verb\u00e4nden und Handelskammern.","og_url":"https:\/\/sgierpartner.ch\/de\/netzwerk-partnerschaften\/","og_site_name":"Workpermit + Arbeitsbewilligungen Spezialist","article_modified_time":"2021-05-08T06:02:55+00:00","og_image":[{"width":800,"height":450,"url":"https:\/\/sgierpartner.ch\/wp-content\/uploads\/Partner-Network-immigration-relocation-switzerland-1.jpg","type":"image\/jpeg"}],"twitter_card":"summary_large_image","twitter_misc":{"Gesch\u00e4tzte Lesezeit":"3\u00a0Minuten"},"schema":{"@context":"https:\/\/schema.org","@graph":[{"@type":"WebPage","@id":"https:\/\/sgierpartner.ch\/de\/netzwerk-partnerschaften\/","url":"https:\/\/sgierpartner.ch\/de\/netzwerk-partnerschaften\/","name":"Netzwerk mit globalen Immigration- und Relocationpartnern - Workpermit + Arbeitsbewilligungen Spezialist","isPartOf":{"@id":"https:\/\/sgierpartner.ch\/de\/#website"},"primaryImageOfPage":{"@id":"https:\/\/sgierpartner.ch\/de\/netzwerk-partnerschaften\/#primaryimage"},"image":{"@id":"https:\/\/sgierpartner.ch\/de\/netzwerk-partnerschaften\/#primaryimage"},"thumbnailUrl":"https:\/\/sgierpartner.ch\/wp-content\/uploads\/Partner-Network-immigration-relocation-switzerland-1.jpg","datePublished":"2020-04-21T14:59:36+00:00","dateModified":"2021-05-08T06:02:55+00:00","description":"Wir pflegen einen engen Kontakt mit Beh\u00f6rden und Wirtschaftsf\u00f6rderungen und engagieren uns in verschiedenen Interessen-Verb\u00e4nden und Handelskammern.","breadcrumb":{"@id":"https:\/\/sgierpartner.ch\/de\/netzwerk-partnerschaften\/#breadcrumb"},"inLanguage":"de","potentialAction":[{"@type":"ReadAction","target":["https:\/\/sgierpartner.ch\/de\/netzwerk-partnerschaften\/"]}]},{"@type":"ImageObject","inLanguage":"de","@id":"https:\/\/sgierpartner.ch\/de\/netzwerk-partnerschaften\/#primaryimage","url":"https:\/\/sgierpartner.ch\/wp-content\/uploads\/Partner-Network-immigration-relocation-switzerland-1.jpg","contentUrl":"https:\/\/sgierpartner.ch\/wp-content\/uploads\/Partner-Network-immigration-relocation-switzerland-1.jpg","width":800,"height":450,"caption":"Partner Network of Sgier+Partner. Market leader in Switzerland for immigration services, relocation\/destination services, company settlement and full spectrum of complementary services"},{"@type":"BreadcrumbList","@id":"https:\/\/sgierpartner.ch\/de\/netzwerk-partnerschaften\/#breadcrumb","itemListElement":[{"@type":"ListItem","position":1,"name":"Startseite","item":"https:\/\/sgierpartner.ch\/de\/"},{"@type":"ListItem","position":2,"name":"Netzwerk \/ Partnerschaften"}]},{"@type":"WebSite","@id":"https:\/\/sgierpartner.ch\/de\/#website","url":"https:\/\/sgierpartner.ch\/de\/","name":"Sgier+Partner","description":"swiss immigration+relocation","publisher":{"@id":"https:\/\/sgierpartner.ch\/de\/#organization"},"potentialAction":[{"@type":"SearchAction","target":{"@type":"EntryPoint","urlTemplate":"https:\/\/sgierpartner.ch\/de\/?s={search_term_string}"},"query-input":{"@type":"PropertyValueSpecification","valueRequired":true,"valueName":"search_term_string"}}],"inLanguage":"de"},{"@type":"Organization","@id":"https:\/\/sgierpartner.ch\/de\/#organization","name":"Sgier + Partner GmbH","url":"https:\/\/sgierpartner.ch\/de\/","logo":{"@type":"ImageObject","inLanguage":"de","@id":"https:\/\/sgierpartner.ch\/de\/#\/schema\/logo\/image\/","url":"https:\/\/sgierpartner.ch\/wp-content\/uploads\/SP-Logo-Footer-farbig.png","contentUrl":"https:\/\/sgierpartner.ch\/wp-content\/uploads\/SP-Logo-Footer-farbig.png","width":2058,"height":326,"caption":"Sgier + Partner GmbH"},"image":{"@id":"https:\/\/sgierpartner.ch\/de\/#\/schema\/logo\/image\/"}}]}},"_links":{"self":[{"href":"https:\/\/sgierpartner.ch\/de\/wp-json\/wp\/v2\/pages\/2200","targetHints":{"allow":["GET"]}}],"collection":[{"href":"https:\/\/sgierpartner.ch\/de\/wp-json\/wp\/v2\/pages"}],"about":[{"href":"https:\/\/sgierpartner.ch\/de\/wp-json\/wp\/v2\/types\/page"}],"author":[{"embeddable":true,"href":"https:\/\/sgierpartner.ch\/de\/wp-json\/wp\/v2\/users\/1"}],"replies":[{"embeddable":true,"href":"https:\/\/sgierpartner.ch\/de\/wp-json\/wp\/v2\/comments?post=2200"}],"version-history":[{"count":0,"href":"https:\/\/sgierpartner.ch\/de\/wp-json\/wp\/v2\/pages\/2200\/revisions"}],"wp:featuredmedia":[{"embeddable":true,"href":"https:\/\/sgierpartner.ch\/de\/wp-json\/wp\/v2\/media\/3077"}],"wp:attachment":[{"href":"https:\/\/sgierpartner.ch\/de\/wp-json\/wp\/v2\/media?parent=2200"}],"wp:term":[{"taxonomy":"wf_page_folders","embeddable":true,"href":"https:\/\/sgierpartner.ch\/de\/wp-json\/wp\/v2\/wf_page_folders?post=2200"}],"curies":[{"name":"wp","href":"https:\/\/api.w.org\/{rel}","templated":true}]}}