{"id":2201,"date":"2020-04-21T17:03:33","date_gmt":"2020-04-21T15:03:33","guid":{"rendered":"http:\/\/975ciacxzt.preview.infomaniak.website\/sgierpartner\/?page_id=2201"},"modified":"2023-09-11T13:07:45","modified_gmt":"2023-09-11T11:07:45","slug":"warum-sgier-partner","status":"publish","type":"page","link":"https:\/\/sgierpartner.ch\/de\/warum-sgier-partner\/","title":{"rendered":"Warum Sgier + Partner?"},"content":{"rendered":"<p>[et_pb_section fb_built=&#8221;1&#8243; fullwidth=&#8221;on&#8221; _builder_version=&#8221;4.16&#8243; global_colors_info=&#8221;{}&#8221; theme_builder_area=&#8221;post_content&#8221;][et_pb_fullwidth_image src=&#8221;https:\/\/sgierpartner.ch\/wp-content\/uploads\/Himmel-immigration-relocation-schweiz-2.jpg&#8221; alt=&#8221;Welcome to Switzerland &#8211; swiss immigration + relocation services&#8221; title_text=&#8221;Sgier + Partner Zurich, Switzerland | swiss immigration+relocation&#8221; _builder_version=&#8221;4.16&#8243; global_colors_info=&#8221;{}&#8221; theme_builder_area=&#8221;post_content&#8221;][\/et_pb_fullwidth_image][\/et_pb_section][et_pb_section fb_built=&#8221;1&#8243; _builder_version=&#8221;4.16&#8243; global_colors_info=&#8221;{}&#8221; theme_builder_area=&#8221;post_content&#8221;][et_pb_row _builder_version=&#8221;4.16&#8243; custom_margin=&#8221;0px||||false|false&#8221; global_colors_info=&#8221;{}&#8221; theme_builder_area=&#8221;post_content&#8221;][et_pb_column type=&#8221;4_4&#8243; _builder_version=&#8221;4.16&#8243; global_colors_info=&#8221;{}&#8221; theme_builder_area=&#8221;post_content&#8221;][et_pb_text _builder_version=&#8221;4.16&#8243; custom_margin=&#8221;||||false|false&#8221; global_colors_info=&#8221;{}&#8221; theme_builder_area=&#8221;post_content&#8221;]<\/p>\n<h1 class=\"ce_headline first\">Warum Sgier + Partner?<\/h1>\n<p>[\/et_pb_text][et_pb_menu menu_id=&#8221;47&#8243; disabled_on=&#8221;on|on|off&#8221; _builder_version=&#8221;4.16&#8243; global_colors_info=&#8221;{}&#8221; theme_builder_area=&#8221;post_content&#8221;][\/et_pb_menu][\/et_pb_column][\/et_pb_row][et_pb_row column_structure=&#8221;3_5,2_5&#8243; _builder_version=&#8221;4.16&#8243; global_colors_info=&#8221;{}&#8221; theme_builder_area=&#8221;post_content&#8221;][et_pb_column type=&#8221;3_5&#8243; _builder_version=&#8221;4.16&#8243; global_colors_info=&#8221;{}&#8221; theme_builder_area=&#8221;post_content&#8221;][et_pb_text _builder_version=&#8221;4.16&#8243; global_colors_info=&#8221;{}&#8221; theme_builder_area=&#8221;post_content&#8221;]<\/p>\n<h4><span>Unser oberstes Credo heisst Qualit\u00e4t, und zwar Qualit\u00e4t in allem, was wir tun.<\/span><\/h4>\n<p>Die angesehensten und besten Consultingfirmen, \u00fcber 10 Banken, \u00fcber 20 Top Software- und IT-Unternehmen und viele weitere Kunden vertrauen auf uns, wenn es um das Management von Arbeits- und Aufenthaltsbewilligungen geht. Wann d\u00fcrfen wir uns bei Ihnen vorstellen?<\/p>\n<p><span><\/span><\/p>\n<p>[\/et_pb_text][et_pb_image src=&#8221;https:\/\/sgierpartner.ch\/wp-content\/uploads\/why_de-immigration-relocation-schweiz.jpg&#8221; alt=&#8221;Warum Sgier + Partner | swiss immigration + relocation services&#8221; title_text=&#8221;Warum Sgier + Partner | swiss immigration + relocation services&#8221; _builder_version=&#8221;4.16&#8243; global_colors_info=&#8221;{}&#8221; theme_builder_area=&#8221;post_content&#8221;][\/et_pb_image][\/et_pb_column][et_pb_column type=&#8221;2_5&#8243; _builder_version=&#8221;4.16&#8243; global_colors_info=&#8221;{}&#8221; theme_builder_area=&#8221;post_content&#8221;][et_pb_cta title=&#8221;Wir sind die Immigrationsspezialisten&#8221; button_url=&#8221;@ET-DC@eyJkeW5hbWljIjp0cnVlLCJjb250ZW50IjoicG9zdF9saW5rX3VybF9wYWdlIiwic2V0dGluZ3MiOnsicG9zdF9pZCI6IjIwMjkifX0=@&#8221; button_text=&#8221;Nehmen Sie mit uns Kontakt auf&#8221; _builder_version=&#8221;4.16&#8243; _dynamic_attributes=&#8221;button_url&#8221; custom_button=&#8221;on&#8221; button_text_color=&#8221;#e11a24&#8243; button_bg_color=&#8221;#ffffff&#8221; button_border_radius=&#8221;12px&#8221; global_colors_info=&#8221;{}&#8221; button_text_color__hover_enabled=&#8221;on|hover&#8221; button_text_color__hover=&#8221;#011ca7&#8243; button_text__hover_enabled=&#8221;on|desktop&#8221; theme_builder_area=&#8221;post_content&#8221; button_text__hover=&#8221;Nehmen Sie mit uns Kontakt auf&#8221;]<\/p>\n<p>Unser Kompetenz-Team vereinigt \u00fcber 70 Jahre Praxis im Managen von Arbeitsbewilligungen. Es sind erfahrene Immigrationsspezialisten, Juristen und Anw\u00e4lte. Das Team kommuniziert in zehn verschiedenen Sprachen. Basis und Ethos unserer Arbeit sind: Qualit\u00e4t, Compliance, Zuverl\u00e4ssigkeit, pro-aktives Verhalten.<\/p>\n<p>Geleitet wird das Immigration Team von Antonia Sgier. Anf\u00e4nglich hat sie viele Jahre beim Z\u00fcrcher Arbeitsamt Gesuche beurteilt und bewilligt. Mit \u00fcber 26 Jahren Praxis verf\u00fcgt sie \u00fcber ein aussergew\u00f6hnliches Know-how und beh\u00f6rdliches Beziehungsnetz.<\/p>\n<p>Bei Sgier + Partner erwartet Sie ein hochmotiviertes Team, das gerne f\u00fcr Sie da ist.<\/p>\n<p>[\/et_pb_cta][\/et_pb_column][\/et_pb_row][et_pb_row column_structure=&#8221;3_5,2_5&#8243; _builder_version=&#8221;4.16&#8243; global_colors_info=&#8221;{}&#8221; theme_builder_area=&#8221;post_content&#8221;][et_pb_column type=&#8221;3_5&#8243; _builder_version=&#8221;4.16&#8243; global_colors_info=&#8221;{}&#8221; theme_builder_area=&#8221;post_content&#8221;][et_pb_text _builder_version=&#8221;4.16&#8243; custom_margin=&#8221;0px||0px||false|false&#8221; global_colors_info=&#8221;{}&#8221; theme_builder_area=&#8221;post_content&#8221;]<\/p>\n<h4>Aus einer Hand und einer Verantwortung<\/h4>\n<p>Immigration Services, Relocation Services, Firmenansiedlungsmanagement und das ganze Spektrum komplement\u00e4rer Services. Entwickelt und umgesetzt von cross-disziplin\u00e4ren Teams.<\/p>\n<h4>F\u00fchrend<\/h4>\n<p>Ressourcen f\u00fcr qualitativ und quantitativ erstrangige Dienstleistungen \u2013 zu jedem Zeitpunkt.<\/p>\n<h4>Vernetzt und kompetent<\/h4>\n<p>Erfahrene Mitarbeitende mit einem dichten, tragf\u00e4higen Beziehungsnetz, das sich f\u00fcr den Kunden auszahlt.<\/p>\n<h4>Inhabergef\u00fchrt<\/h4>\n<p>Unabh\u00e4ngiges Schweizer Unternehmen mit nationaler und internationaler Ausrichtung im Eigentum des Managements \u2013 Garant f\u00fcr hohes pers\u00f6nliches Engagement.<\/p>\n<h4>Schweizweit und international<\/h4>\n<p>In allen Kantonen der Schweiz aktiv t\u00e4tig und durch etablierte Partnerschaften mit f\u00fchrenden Immigration und Relocation Firmen in allen internationalen M\u00e4rkten pr\u00e4sent.<\/p>\n<h4>Erfahren<\/h4>\n<p>Dank ausgepr\u00e4gtem Know-how sind die Immigration und Relocation Services zu einem erfolgreichen und integriertem Gesamtprozess gereift.<\/p>\n<h4>Erfolgreich<\/h4>\n<p>Schweizer Markleader im Bereich Immigration Services und ausgewiesener Partner in der Kombination mit Relocation und komplement\u00e4rer Services.<\/p>\n<h4>Vorausdenkend und impulsgebend<\/h4>\n<p>Die st\u00e4ndige Ausrichtung unserer Arbeit nach &#8220;Best Practice&#8221;\u00a0 garantiert den Kunden moderne, \u00fcberraschende und effektive Immigration und Relocation Services-L\u00f6sungen. Mit unseren eigens entwickelten Softwarel\u00f6sungen &#8220;Permit24\u00ae&#8221; und &#8220;Relo24\u00ae&#8221; haben wir wiederum Innovationen geschaffen, die unseren Kunden markanten Mehrwert bringen.<\/p>\n<p>[\/et_pb_text][\/et_pb_column][et_pb_column type=&#8221;2_5&#8243; _builder_version=&#8221;4.16&#8243; global_colors_info=&#8221;{}&#8221; theme_builder_area=&#8221;post_content&#8221;][et_pb_image src=&#8221;https:\/\/sgierpartner.ch\/wp-content\/uploads\/Sgier-Partner-Trusted-Partner-Network.jpg&#8221; alt=&#8221;Sgier + Partner, the trusted partner for swiss immigration and relocation specialist&#8221; title_text=&#8221;Trusted Partner swiss immigration + relocation services&#8221; _builder_version=&#8221;4.16&#8243; global_colors_info=&#8221;{}&#8221; theme_builder_area=&#8221;post_content&#8221;][\/et_pb_image][\/et_pb_column][\/et_pb_row][\/et_pb_section]<\/p>\n","protected":false},"excerpt":{"rendered":"<p>Wir sind die Immigrationsspezialisten<br \/>\nUnser Kompetenz-Team vereinigt \u00fcber 70 Jahre Praxis im Managen von Arbeitsbewilligungen. Es sind erfahrene Immigrationsspezialisten, Juristen und Anw\u00e4lte. <\/p>\n","protected":false},"author":1,"featured_media":0,"parent":0,"menu_order":0,"comment_status":"closed","ping_status":"closed","template":"","meta":{"_et_pb_use_builder":"on","_et_pb_old_content":"","_et_gb_content_width":"","footnotes":""},"wf_page_folders":[88],"class_list":["post-2201","page","type-page","status-publish","hentry"],"yoast_head":"<!-- This site is optimized with the Yoast SEO plugin v27.4 - https:\/\/yoast.com\/product\/yoast-seo-wordpress\/ -->\n<title>Knowhow f\u00fcr Arbeits- und Aufenthaltsbewilligungen - Workpermit + Arbeitsbewilligungen Spezialist<\/title>\n<meta name=\"description\" content=\"Die angesehensten Consultingfirmen, Banken und IT-Unternehmen vertrauen auf uns, wenn es um das Management von Arbeits- und Aufenthaltsbewilligungen geht.\" \/>\n<meta name=\"robots\" content=\"index, follow, max-snippet:-1, max-image-preview:large, max-video-preview:-1\" \/>\n<link rel=\"canonical\" href=\"https:\/\/sgierpartner.ch\/de\/warum-sgier-partner\/\" \/>\n<meta property=\"og:locale\" content=\"de_DE\" \/>\n<meta property=\"og:type\" content=\"article\" \/>\n<meta property=\"og:title\" content=\"Knowhow f\u00fcr Arbeits- und Aufenthaltsbewilligungen - Workpermit + Arbeitsbewilligungen Spezialist\" \/>\n<meta property=\"og:description\" content=\"Die angesehensten Consultingfirmen, Banken und IT-Unternehmen vertrauen auf uns, wenn es um das Management von Arbeits- und Aufenthaltsbewilligungen geht.\" \/>\n<meta property=\"og:url\" content=\"https:\/\/sgierpartner.ch\/de\/warum-sgier-partner\/\" \/>\n<meta property=\"og:site_name\" content=\"Workpermit + Arbeitsbewilligungen Spezialist\" \/>\n<meta property=\"article:modified_time\" content=\"2023-09-11T11:07:45+00:00\" \/>\n<meta name=\"twitter:card\" content=\"summary_large_image\" \/>\n<meta name=\"twitter:label1\" content=\"Gesch\u00e4tzte Lesezeit\" \/>\n\t<meta name=\"twitter:data1\" content=\"4\u00a0Minuten\" \/>\n<script type=\"application\/ld+json\" class=\"yoast-schema-graph\">{\"@context\":\"https:\\\/\\\/schema.org\",\"@graph\":[{\"@type\":\"WebPage\",\"@id\":\"https:\\\/\\\/sgierpartner.ch\\\/de\\\/warum-sgier-partner\\\/\",\"url\":\"https:\\\/\\\/sgierpartner.ch\\\/de\\\/warum-sgier-partner\\\/\",\"name\":\"Knowhow f\u00fcr Arbeits- und Aufenthaltsbewilligungen - Workpermit + Arbeitsbewilligungen Spezialist\",\"isPartOf\":{\"@id\":\"https:\\\/\\\/sgierpartner.ch\\\/de\\\/#website\"},\"datePublished\":\"2020-04-21T15:03:33+00:00\",\"dateModified\":\"2023-09-11T11:07:45+00:00\",\"description\":\"Die angesehensten Consultingfirmen, Banken und IT-Unternehmen vertrauen auf uns, wenn es um das Management von Arbeits- und Aufenthaltsbewilligungen geht.\",\"breadcrumb\":{\"@id\":\"https:\\\/\\\/sgierpartner.ch\\\/de\\\/warum-sgier-partner\\\/#breadcrumb\"},\"inLanguage\":\"de\",\"potentialAction\":[{\"@type\":\"ReadAction\",\"target\":[\"https:\\\/\\\/sgierpartner.ch\\\/de\\\/warum-sgier-partner\\\/\"]}]},{\"@type\":\"BreadcrumbList\",\"@id\":\"https:\\\/\\\/sgierpartner.ch\\\/de\\\/warum-sgier-partner\\\/#breadcrumb\",\"itemListElement\":[{\"@type\":\"ListItem\",\"position\":1,\"name\":\"Startseite\",\"item\":\"https:\\\/\\\/sgierpartner.ch\\\/de\\\/\"},{\"@type\":\"ListItem\",\"position\":2,\"name\":\"Warum Sgier + Partner?\"}]},{\"@type\":\"WebSite\",\"@id\":\"https:\\\/\\\/sgierpartner.ch\\\/de\\\/#website\",\"url\":\"https:\\\/\\\/sgierpartner.ch\\\/de\\\/\",\"name\":\"Sgier+Partner\",\"description\":\"swiss immigration+relocation\",\"publisher\":{\"@id\":\"https:\\\/\\\/sgierpartner.ch\\\/de\\\/#organization\"},\"potentialAction\":[{\"@type\":\"SearchAction\",\"target\":{\"@type\":\"EntryPoint\",\"urlTemplate\":\"https:\\\/\\\/sgierpartner.ch\\\/de\\\/?s={search_term_string}\"},\"query-input\":{\"@type\":\"PropertyValueSpecification\",\"valueRequired\":true,\"valueName\":\"search_term_string\"}}],\"inLanguage\":\"de\"},{\"@type\":\"Organization\",\"@id\":\"https:\\\/\\\/sgierpartner.ch\\\/de\\\/#organization\",\"name\":\"Sgier + Partner GmbH\",\"url\":\"https:\\\/\\\/sgierpartner.ch\\\/de\\\/\",\"logo\":{\"@type\":\"ImageObject\",\"inLanguage\":\"de\",\"@id\":\"https:\\\/\\\/sgierpartner.ch\\\/de\\\/#\\\/schema\\\/logo\\\/image\\\/\",\"url\":\"https:\\\/\\\/sgierpartner.ch\\\/wp-content\\\/uploads\\\/SP-Logo-Footer-farbig.png\",\"contentUrl\":\"https:\\\/\\\/sgierpartner.ch\\\/wp-content\\\/uploads\\\/SP-Logo-Footer-farbig.png\",\"width\":2058,\"height\":326,\"caption\":\"Sgier + Partner GmbH\"},\"image\":{\"@id\":\"https:\\\/\\\/sgierpartner.ch\\\/de\\\/#\\\/schema\\\/logo\\\/image\\\/\"}}]}<\/script>\n<!-- \/ Yoast SEO plugin. -->","yoast_head_json":{"title":"Knowhow f\u00fcr Arbeits- und Aufenthaltsbewilligungen - Workpermit + Arbeitsbewilligungen Spezialist","description":"Die angesehensten Consultingfirmen, Banken und IT-Unternehmen vertrauen auf uns, wenn es um das Management von Arbeits- und Aufenthaltsbewilligungen geht.","robots":{"index":"index","follow":"follow","max-snippet":"max-snippet:-1","max-image-preview":"max-image-preview:large","max-video-preview":"max-video-preview:-1"},"canonical":"https:\/\/sgierpartner.ch\/de\/warum-sgier-partner\/","og_locale":"de_DE","og_type":"article","og_title":"Knowhow f\u00fcr Arbeits- und Aufenthaltsbewilligungen - Workpermit + Arbeitsbewilligungen Spezialist","og_description":"Die angesehensten Consultingfirmen, Banken und IT-Unternehmen vertrauen auf uns, wenn es um das Management von Arbeits- und Aufenthaltsbewilligungen geht.","og_url":"https:\/\/sgierpartner.ch\/de\/warum-sgier-partner\/","og_site_name":"Workpermit + Arbeitsbewilligungen Spezialist","article_modified_time":"2023-09-11T11:07:45+00:00","twitter_card":"summary_large_image","twitter_misc":{"Gesch\u00e4tzte Lesezeit":"4\u00a0Minuten"},"schema":{"@context":"https:\/\/schema.org","@graph":[{"@type":"WebPage","@id":"https:\/\/sgierpartner.ch\/de\/warum-sgier-partner\/","url":"https:\/\/sgierpartner.ch\/de\/warum-sgier-partner\/","name":"Knowhow f\u00fcr Arbeits- und Aufenthaltsbewilligungen - Workpermit + Arbeitsbewilligungen Spezialist","isPartOf":{"@id":"https:\/\/sgierpartner.ch\/de\/#website"},"datePublished":"2020-04-21T15:03:33+00:00","dateModified":"2023-09-11T11:07:45+00:00","description":"Die angesehensten Consultingfirmen, Banken und IT-Unternehmen vertrauen auf uns, wenn es um das Management von Arbeits- und Aufenthaltsbewilligungen geht.","breadcrumb":{"@id":"https:\/\/sgierpartner.ch\/de\/warum-sgier-partner\/#breadcrumb"},"inLanguage":"de","potentialAction":[{"@type":"ReadAction","target":["https:\/\/sgierpartner.ch\/de\/warum-sgier-partner\/"]}]},{"@type":"BreadcrumbList","@id":"https:\/\/sgierpartner.ch\/de\/warum-sgier-partner\/#breadcrumb","itemListElement":[{"@type":"ListItem","position":1,"name":"Startseite","item":"https:\/\/sgierpartner.ch\/de\/"},{"@type":"ListItem","position":2,"name":"Warum Sgier + Partner?"}]},{"@type":"WebSite","@id":"https:\/\/sgierpartner.ch\/de\/#website","url":"https:\/\/sgierpartner.ch\/de\/","name":"Sgier+Partner","description":"swiss immigration+relocation","publisher":{"@id":"https:\/\/sgierpartner.ch\/de\/#organization"},"potentialAction":[{"@type":"SearchAction","target":{"@type":"EntryPoint","urlTemplate":"https:\/\/sgierpartner.ch\/de\/?s={search_term_string}"},"query-input":{"@type":"PropertyValueSpecification","valueRequired":true,"valueName":"search_term_string"}}],"inLanguage":"de"},{"@type":"Organization","@id":"https:\/\/sgierpartner.ch\/de\/#organization","name":"Sgier + Partner GmbH","url":"https:\/\/sgierpartner.ch\/de\/","logo":{"@type":"ImageObject","inLanguage":"de","@id":"https:\/\/sgierpartner.ch\/de\/#\/schema\/logo\/image\/","url":"https:\/\/sgierpartner.ch\/wp-content\/uploads\/SP-Logo-Footer-farbig.png","contentUrl":"https:\/\/sgierpartner.ch\/wp-content\/uploads\/SP-Logo-Footer-farbig.png","width":2058,"height":326,"caption":"Sgier + Partner GmbH"},"image":{"@id":"https:\/\/sgierpartner.ch\/de\/#\/schema\/logo\/image\/"}}]}},"_links":{"self":[{"href":"https:\/\/sgierpartner.ch\/de\/wp-json\/wp\/v2\/pages\/2201","targetHints":{"allow":["GET"]}}],"collection":[{"href":"https:\/\/sgierpartner.ch\/de\/wp-json\/wp\/v2\/pages"}],"about":[{"href":"https:\/\/sgierpartner.ch\/de\/wp-json\/wp\/v2\/types\/page"}],"author":[{"embeddable":true,"href":"https:\/\/sgierpartner.ch\/de\/wp-json\/wp\/v2\/users\/1"}],"replies":[{"embeddable":true,"href":"https:\/\/sgierpartner.ch\/de\/wp-json\/wp\/v2\/comments?post=2201"}],"version-history":[{"count":1,"href":"https:\/\/sgierpartner.ch\/de\/wp-json\/wp\/v2\/pages\/2201\/revisions"}],"predecessor-version":[{"id":8176,"href":"https:\/\/sgierpartner.ch\/de\/wp-json\/wp\/v2\/pages\/2201\/revisions\/8176"}],"wp:attachment":[{"href":"https:\/\/sgierpartner.ch\/de\/wp-json\/wp\/v2\/media?parent=2201"}],"wp:term":[{"taxonomy":"wf_page_folders","embeddable":true,"href":"https:\/\/sgierpartner.ch\/de\/wp-json\/wp\/v2\/wf_page_folders?post=2201"}],"curies":[{"name":"wp","href":"https:\/\/api.w.org\/{rel}","templated":true}]}}