{"id":2269,"date":"2020-04-29T09:20:27","date_gmt":"2020-04-29T07:20:27","guid":{"rendered":"http:\/\/975ciacxzt.preview.infomaniak.website\/sgierpartner\/?page_id=2269"},"modified":"2021-06-07T15:11:30","modified_gmt":"2021-06-07T13:11:30","slug":"inhaber","status":"publish","type":"page","link":"https:\/\/sgierpartner.ch\/de\/inhaber\/","title":{"rendered":"Inhaber"},"content":{"rendered":"\n[et_pb_section fb_built=&#8221;1&#8243; fullwidth=&#8221;on&#8221; _builder_version=&#8221;4.4.3&#8243;][et_pb_fullwidth_image src=&#8221;https:\/\/sgierpartner.ch\/wp-content\/uploads\/Berge-Wolken-immigration-relocation-schweiz-2.jpg&#8221; alt=&#8221;Welcome to Switzerland &#8211; swiss immigration + relocation services&#8221; title_text=&#8221;Sgier + Partner Zurich, Switzerland | swiss immigration+relocation&#8221; _builder_version=&#8221;4.4.7&#8243;][\/et_pb_fullwidth_image][\/et_pb_section][et_pb_section fb_built=&#8221;1&#8243; _builder_version=&#8221;4.4.3&#8243;][et_pb_row _builder_version=&#8221;4.4.3&#8243; custom_margin=&#8221;0px||||false|false&#8221;][et_pb_column type=&#8221;4_4&#8243; _builder_version=&#8221;4.4.3&#8243;][et_pb_text _builder_version=&#8221;4.4.3&#8243; custom_margin=&#8221;||||false|false&#8221;]<h1 class=\"ce_headline first\">Inhaber<\/h1>[\/et_pb_text][et_pb_menu menu_id=&#8221;47&#8243; disabled_on=&#8221;on|on|off&#8221; _builder_version=&#8221;4.4.3&#8243;][\/et_pb_menu][\/et_pb_column][\/et_pb_row][et_pb_row column_structure=&#8221;3_4,1_4&#8243; _builder_version=&#8221;4.4.3&#8243;][et_pb_column type=&#8221;3_4&#8243; _builder_version=&#8221;4.4.3&#8243;][et_pb_text _builder_version=&#8221;4.9.4&#8243; hover_enabled=&#8221;0&#8243; sticky_enabled=&#8221;0&#8243;]<h4><span>Sgier + Partner besch\u00e4ftigt \u00fcber 10 Mitarbeitende in der Schweiz. Unsere Ausstrahlung, die besten Immigration und Relocation Spezialisten anzuziehen, ist entscheidend f\u00fcr den Erfolg von Sgier + Partner und damit f\u00fcr unsere Kunden.<\/span><\/h4>\n<p><span>Denn es sind \u2013 neben dem Spass bei der Arbeit \u2013 Expertise, Haltung und Talente mit Ideen, die zu erfolgreichen Serviceleistungen und entsprechender Kundenzufriedenheit f\u00fchren. Entsprechend legen wir ausserordentlich viel Wert auf die Entwicklung und Entfaltung unserer Mitarbeitenden und stellen demgegen\u00fcber hohe Anforderungen an deren Qualifikation, Integrit\u00e4t, Kreativit\u00e4t und Arbeitsweise. Wer bei uns t\u00e4tig ist, verf\u00fcgt \u00fcber eine sehr gute\u00a0 Ausbildung, langj\u00e4hrige Praxis im jeweiligen Fachgebiet. Vielsprachigkeit bei uns heisst nicht nur Deutsch und Englisch, es heisst auch: Franz\u00f6sisch, Italienisch, Spanisch, Romanisch und Portugiesisch.<\/span><\/p>[\/et_pb_text][et_pb_text _builder_version=&#8221;4.4.6&#8243; custom_margin=&#8221;0px||0px||false|false&#8221;]<p><span><\/span><\/p>\n<h3>Inhaber<\/h3>\n<ul>\n<li><strong>Antonia Sgier, Gr\u00fcnderin und Inhaberin<br \/><\/strong>Leitung Business Unit &#8220;Immigration und Legal Services, 25 Jahre Immigration Expertise.<\/li>\n<li class=\"ce_text block\"><strong>Ren\u00e9 Rey, Inhaber <\/strong><br \/>Leitung Business Unit &#8220;Ansiedlungsmanagement&#8221;, Relocation Services, Verkauf und Marketing, HR; CIT.<\/li>\n<\/ul>[\/et_pb_text][\/et_pb_column][et_pb_column type=&#8221;1_4&#8243; _builder_version=&#8221;4.4.3&#8243;][et_pb_image src=&#8221;https:\/\/sgierpartner.ch\/wp-content\/uploads\/Sgier-Partner-B\u00fcros2-1-500&#215;500.jpg&#8221; alt=&#8221;Office Sgier + Partner Swiss immigration+relocation&#8221; title_text=&#8221;Office Pictures of Sgier and Partner in Zurich, Switzerland&#8221; _builder_version=&#8221;4.4.7&#8243;][\/et_pb_image][et_pb_text _builder_version=&#8221;4.4.3&#8243;]<p><strong>Empfang und B\u00fcros in Z\u00fcrich<\/strong><\/p>\n<p><em>zVg OOS AG, Fotos von Goran Potkonjak<\/em><\/p>[\/et_pb_text][et_pb_image src=&#8221;https:\/\/sgierpartner.ch\/wp-content\/uploads\/Sgier-Partner-B\u00fcros1-1-500&#215;500.jpg&#8221; alt=&#8221;Office Sgier + Partner Swiss immigration+relocation&#8221; title_text=&#8221;Office Pictures of Sgier and Partner in Zurich, Switzerland&#8221; _builder_version=&#8221;4.4.7&#8243;][\/et_pb_image][et_pb_image src=&#8221;https:\/\/sgierpartner.ch\/wp-content\/uploads\/Sgier-Partner-B\u00fcros3-1-500&#215;500.jpg&#8221; alt=&#8221;Office Sgier + Partner Swiss immigration+relocation services&#8221; title_text=&#8221;Office Pictures of Sgier and Partner in Zurich, Switzerland&#8221; _builder_version=&#8221;4.4.7&#8243;][\/et_pb_image][\/et_pb_column][\/et_pb_row][\/et_pb_section]\n","protected":false},"excerpt":{"rendered":"<p>Sgier + Partner besch\u00e4ftigt \u00fcber 15 Mitarbeitende in der Schweiz. Unsere Ausstrahlung, die besten Immigration und Relocation Spezialisten anzuziehen, ist entscheidend f\u00fcr den Erfolg von Sgier + Partner und damit f\u00fcr unsere Kunden.<\/p>\n","protected":false},"author":1,"featured_media":3176,"parent":0,"menu_order":0,"comment_status":"closed","ping_status":"closed","template":"","meta":{"_et_pb_use_builder":"on","_et_pb_old_content":"","_et_gb_content_width":"","footnotes":""},"wf_page_folders":[88],"class_list":["post-2269","page","type-page","status-publish","has-post-thumbnail","hentry"],"yoast_head":"<!-- This site is optimized with the Yoast SEO plugin v27.4 - https:\/\/yoast.com\/product\/yoast-seo-wordpress\/ -->\n<title>Spezialistenteam f\u00fcr Relocation und Immigration Dienste - Workpermit + Arbeitsbewilligungen Spezialist<\/title>\n<meta name=\"description\" content=\"Sgier + Partner ist der Marktf\u00fchrer in der Schweiz f\u00fcr Immigration, Relocation, Destination Services, Firmenansiedlungsmanagement und Rechtsberatung.\" \/>\n<meta name=\"robots\" content=\"index, follow, max-snippet:-1, max-image-preview:large, max-video-preview:-1\" \/>\n<link rel=\"canonical\" href=\"https:\/\/sgierpartner.ch\/de\/inhaber\/\" \/>\n<meta property=\"og:locale\" content=\"de_DE\" \/>\n<meta property=\"og:type\" content=\"article\" \/>\n<meta property=\"og:title\" content=\"Spezialistenteam f\u00fcr Relocation und Immigration Dienste - Workpermit + Arbeitsbewilligungen Spezialist\" \/>\n<meta property=\"og:description\" content=\"Sgier + Partner ist der Marktf\u00fchrer in der Schweiz f\u00fcr Immigration, Relocation, Destination Services, Firmenansiedlungsmanagement und Rechtsberatung.\" \/>\n<meta property=\"og:url\" content=\"https:\/\/sgierpartner.ch\/de\/inhaber\/\" \/>\n<meta property=\"og:site_name\" content=\"Workpermit + Arbeitsbewilligungen Spezialist\" \/>\n<meta property=\"article:modified_time\" content=\"2021-06-07T13:11:30+00:00\" \/>\n<meta property=\"og:image\" content=\"https:\/\/sgierpartner.ch\/wp-content\/uploads\/Team-Immigration-Services-1.jpg\" \/>\n\t<meta property=\"og:image:width\" content=\"1600\" \/>\n\t<meta property=\"og:image:height\" content=\"900\" \/>\n\t<meta property=\"og:image:type\" content=\"image\/jpeg\" \/>\n<meta name=\"twitter:card\" content=\"summary_large_image\" \/>\n<meta name=\"twitter:label1\" content=\"Gesch\u00e4tzte Lesezeit\" \/>\n\t<meta name=\"twitter:data1\" content=\"2\u00a0Minuten\" \/>\n<script type=\"application\/ld+json\" class=\"yoast-schema-graph\">{\"@context\":\"https:\\\/\\\/schema.org\",\"@graph\":[{\"@type\":\"WebPage\",\"@id\":\"https:\\\/\\\/sgierpartner.ch\\\/de\\\/inhaber\\\/\",\"url\":\"https:\\\/\\\/sgierpartner.ch\\\/de\\\/inhaber\\\/\",\"name\":\"Spezialistenteam f\u00fcr Relocation und Immigration Dienste - Workpermit + Arbeitsbewilligungen Spezialist\",\"isPartOf\":{\"@id\":\"https:\\\/\\\/sgierpartner.ch\\\/de\\\/#website\"},\"primaryImageOfPage\":{\"@id\":\"https:\\\/\\\/sgierpartner.ch\\\/de\\\/inhaber\\\/#primaryimage\"},\"image\":{\"@id\":\"https:\\\/\\\/sgierpartner.ch\\\/de\\\/inhaber\\\/#primaryimage\"},\"thumbnailUrl\":\"https:\\\/\\\/sgierpartner.ch\\\/wp-content\\\/uploads\\\/Team-Immigration-Services-1.jpg\",\"datePublished\":\"2020-04-29T07:20:27+00:00\",\"dateModified\":\"2021-06-07T13:11:30+00:00\",\"description\":\"Sgier + Partner ist der Marktf\u00fchrer in der Schweiz f\u00fcr Immigration, Relocation, Destination Services, Firmenansiedlungsmanagement und Rechtsberatung.\",\"breadcrumb\":{\"@id\":\"https:\\\/\\\/sgierpartner.ch\\\/de\\\/inhaber\\\/#breadcrumb\"},\"inLanguage\":\"de\",\"potentialAction\":[{\"@type\":\"ReadAction\",\"target\":[\"https:\\\/\\\/sgierpartner.ch\\\/de\\\/inhaber\\\/\"]}]},{\"@type\":\"ImageObject\",\"inLanguage\":\"de\",\"@id\":\"https:\\\/\\\/sgierpartner.ch\\\/de\\\/inhaber\\\/#primaryimage\",\"url\":\"https:\\\/\\\/sgierpartner.ch\\\/wp-content\\\/uploads\\\/Team-Immigration-Services-1.jpg\",\"contentUrl\":\"https:\\\/\\\/sgierpartner.ch\\\/wp-content\\\/uploads\\\/Team-Immigration-Services-1.jpg\",\"width\":1600,\"height\":900,\"caption\":\"swiss immigration + relocation services in Switzerland: Zurich, Geneva, Zug, Lugano, Basle, Berne, Lausanne\"},{\"@type\":\"BreadcrumbList\",\"@id\":\"https:\\\/\\\/sgierpartner.ch\\\/de\\\/inhaber\\\/#breadcrumb\",\"itemListElement\":[{\"@type\":\"ListItem\",\"position\":1,\"name\":\"Startseite\",\"item\":\"https:\\\/\\\/sgierpartner.ch\\\/de\\\/\"},{\"@type\":\"ListItem\",\"position\":2,\"name\":\"Inhaber\"}]},{\"@type\":\"WebSite\",\"@id\":\"https:\\\/\\\/sgierpartner.ch\\\/de\\\/#website\",\"url\":\"https:\\\/\\\/sgierpartner.ch\\\/de\\\/\",\"name\":\"Sgier+Partner\",\"description\":\"swiss immigration+relocation\",\"publisher\":{\"@id\":\"https:\\\/\\\/sgierpartner.ch\\\/de\\\/#organization\"},\"potentialAction\":[{\"@type\":\"SearchAction\",\"target\":{\"@type\":\"EntryPoint\",\"urlTemplate\":\"https:\\\/\\\/sgierpartner.ch\\\/de\\\/?s={search_term_string}\"},\"query-input\":{\"@type\":\"PropertyValueSpecification\",\"valueRequired\":true,\"valueName\":\"search_term_string\"}}],\"inLanguage\":\"de\"},{\"@type\":\"Organization\",\"@id\":\"https:\\\/\\\/sgierpartner.ch\\\/de\\\/#organization\",\"name\":\"Sgier + Partner GmbH\",\"url\":\"https:\\\/\\\/sgierpartner.ch\\\/de\\\/\",\"logo\":{\"@type\":\"ImageObject\",\"inLanguage\":\"de\",\"@id\":\"https:\\\/\\\/sgierpartner.ch\\\/de\\\/#\\\/schema\\\/logo\\\/image\\\/\",\"url\":\"https:\\\/\\\/sgierpartner.ch\\\/wp-content\\\/uploads\\\/SP-Logo-Footer-farbig.png\",\"contentUrl\":\"https:\\\/\\\/sgierpartner.ch\\\/wp-content\\\/uploads\\\/SP-Logo-Footer-farbig.png\",\"width\":2058,\"height\":326,\"caption\":\"Sgier + Partner GmbH\"},\"image\":{\"@id\":\"https:\\\/\\\/sgierpartner.ch\\\/de\\\/#\\\/schema\\\/logo\\\/image\\\/\"}}]}<\/script>\n<!-- \/ Yoast SEO plugin. -->","yoast_head_json":{"title":"Spezialistenteam f\u00fcr Relocation und Immigration Dienste - Workpermit + Arbeitsbewilligungen Spezialist","description":"Sgier + Partner ist der Marktf\u00fchrer in der Schweiz f\u00fcr Immigration, Relocation, Destination Services, Firmenansiedlungsmanagement und Rechtsberatung.","robots":{"index":"index","follow":"follow","max-snippet":"max-snippet:-1","max-image-preview":"max-image-preview:large","max-video-preview":"max-video-preview:-1"},"canonical":"https:\/\/sgierpartner.ch\/de\/inhaber\/","og_locale":"de_DE","og_type":"article","og_title":"Spezialistenteam f\u00fcr Relocation und Immigration Dienste - Workpermit + Arbeitsbewilligungen Spezialist","og_description":"Sgier + Partner ist der Marktf\u00fchrer in der Schweiz f\u00fcr Immigration, Relocation, Destination Services, Firmenansiedlungsmanagement und Rechtsberatung.","og_url":"https:\/\/sgierpartner.ch\/de\/inhaber\/","og_site_name":"Workpermit + Arbeitsbewilligungen Spezialist","article_modified_time":"2021-06-07T13:11:30+00:00","og_image":[{"width":1600,"height":900,"url":"https:\/\/sgierpartner.ch\/wp-content\/uploads\/Team-Immigration-Services-1.jpg","type":"image\/jpeg"}],"twitter_card":"summary_large_image","twitter_misc":{"Gesch\u00e4tzte Lesezeit":"2\u00a0Minuten"},"schema":{"@context":"https:\/\/schema.org","@graph":[{"@type":"WebPage","@id":"https:\/\/sgierpartner.ch\/de\/inhaber\/","url":"https:\/\/sgierpartner.ch\/de\/inhaber\/","name":"Spezialistenteam f\u00fcr Relocation und Immigration Dienste - Workpermit + Arbeitsbewilligungen Spezialist","isPartOf":{"@id":"https:\/\/sgierpartner.ch\/de\/#website"},"primaryImageOfPage":{"@id":"https:\/\/sgierpartner.ch\/de\/inhaber\/#primaryimage"},"image":{"@id":"https:\/\/sgierpartner.ch\/de\/inhaber\/#primaryimage"},"thumbnailUrl":"https:\/\/sgierpartner.ch\/wp-content\/uploads\/Team-Immigration-Services-1.jpg","datePublished":"2020-04-29T07:20:27+00:00","dateModified":"2021-06-07T13:11:30+00:00","description":"Sgier + Partner ist der Marktf\u00fchrer in der Schweiz f\u00fcr Immigration, Relocation, Destination Services, Firmenansiedlungsmanagement und Rechtsberatung.","breadcrumb":{"@id":"https:\/\/sgierpartner.ch\/de\/inhaber\/#breadcrumb"},"inLanguage":"de","potentialAction":[{"@type":"ReadAction","target":["https:\/\/sgierpartner.ch\/de\/inhaber\/"]}]},{"@type":"ImageObject","inLanguage":"de","@id":"https:\/\/sgierpartner.ch\/de\/inhaber\/#primaryimage","url":"https:\/\/sgierpartner.ch\/wp-content\/uploads\/Team-Immigration-Services-1.jpg","contentUrl":"https:\/\/sgierpartner.ch\/wp-content\/uploads\/Team-Immigration-Services-1.jpg","width":1600,"height":900,"caption":"swiss immigration + relocation services in Switzerland: Zurich, Geneva, Zug, Lugano, Basle, Berne, Lausanne"},{"@type":"BreadcrumbList","@id":"https:\/\/sgierpartner.ch\/de\/inhaber\/#breadcrumb","itemListElement":[{"@type":"ListItem","position":1,"name":"Startseite","item":"https:\/\/sgierpartner.ch\/de\/"},{"@type":"ListItem","position":2,"name":"Inhaber"}]},{"@type":"WebSite","@id":"https:\/\/sgierpartner.ch\/de\/#website","url":"https:\/\/sgierpartner.ch\/de\/","name":"Sgier+Partner","description":"swiss immigration+relocation","publisher":{"@id":"https:\/\/sgierpartner.ch\/de\/#organization"},"potentialAction":[{"@type":"SearchAction","target":{"@type":"EntryPoint","urlTemplate":"https:\/\/sgierpartner.ch\/de\/?s={search_term_string}"},"query-input":{"@type":"PropertyValueSpecification","valueRequired":true,"valueName":"search_term_string"}}],"inLanguage":"de"},{"@type":"Organization","@id":"https:\/\/sgierpartner.ch\/de\/#organization","name":"Sgier + Partner GmbH","url":"https:\/\/sgierpartner.ch\/de\/","logo":{"@type":"ImageObject","inLanguage":"de","@id":"https:\/\/sgierpartner.ch\/de\/#\/schema\/logo\/image\/","url":"https:\/\/sgierpartner.ch\/wp-content\/uploads\/SP-Logo-Footer-farbig.png","contentUrl":"https:\/\/sgierpartner.ch\/wp-content\/uploads\/SP-Logo-Footer-farbig.png","width":2058,"height":326,"caption":"Sgier + Partner GmbH"},"image":{"@id":"https:\/\/sgierpartner.ch\/de\/#\/schema\/logo\/image\/"}}]}},"_links":{"self":[{"href":"https:\/\/sgierpartner.ch\/de\/wp-json\/wp\/v2\/pages\/2269","targetHints":{"allow":["GET"]}}],"collection":[{"href":"https:\/\/sgierpartner.ch\/de\/wp-json\/wp\/v2\/pages"}],"about":[{"href":"https:\/\/sgierpartner.ch\/de\/wp-json\/wp\/v2\/types\/page"}],"author":[{"embeddable":true,"href":"https:\/\/sgierpartner.ch\/de\/wp-json\/wp\/v2\/users\/1"}],"replies":[{"embeddable":true,"href":"https:\/\/sgierpartner.ch\/de\/wp-json\/wp\/v2\/comments?post=2269"}],"version-history":[{"count":0,"href":"https:\/\/sgierpartner.ch\/de\/wp-json\/wp\/v2\/pages\/2269\/revisions"}],"wp:featuredmedia":[{"embeddable":true,"href":"https:\/\/sgierpartner.ch\/de\/wp-json\/wp\/v2\/media\/3176"}],"wp:attachment":[{"href":"https:\/\/sgierpartner.ch\/de\/wp-json\/wp\/v2\/media?parent=2269"}],"wp:term":[{"taxonomy":"wf_page_folders","embeddable":true,"href":"https:\/\/sgierpartner.ch\/de\/wp-json\/wp\/v2\/wf_page_folders?post=2269"}],"curies":[{"name":"wp","href":"https:\/\/api.w.org\/{rel}","templated":true}]}}