{"id":2270,"date":"2020-04-29T09:27:01","date_gmt":"2020-04-29T07:27:01","guid":{"rendered":"http:\/\/975ciacxzt.preview.infomaniak.website\/sgierpartner\/?page_id=2270"},"modified":"2023-07-24T16:23:56","modified_gmt":"2023-07-24T14:23:56","slug":"immigration-team","status":"publish","type":"page","link":"https:\/\/sgierpartner.ch\/de\/immigration-team\/","title":{"rendered":"Immigration Team"},"content":{"rendered":"<p>[et_pb_section fb_built=&#8221;1&#8243; fullwidth=&#8221;on&#8221; _builder_version=&#8221;4.16&#8243; global_colors_info=&#8221;{}&#8221; theme_builder_area=&#8221;post_content&#8221;][et_pb_fullwidth_image src=&#8221;http:\/\/975ciacxzt.preview.infomaniak.website\/sgierpartner\/wp-content\/uploads\/Header-Sgier-Matterhorn-immigration-relcoation.jpg&#8221; alt=&#8221;Matterhorn | Sgier + Partner | swiss immigration+relocation&#8221; title_text=&#8221;Matterhorn | Sgier + Partner | swiss immigration+relocation&#8221; _builder_version=&#8221;4.16&#8243; global_colors_info=&#8221;{}&#8221; theme_builder_area=&#8221;post_content&#8221;][\/et_pb_fullwidth_image][\/et_pb_section][et_pb_section fb_built=&#8221;1&#8243; _builder_version=&#8221;4.16&#8243; global_colors_info=&#8221;{}&#8221; theme_builder_area=&#8221;post_content&#8221;][et_pb_row _builder_version=&#8221;4.16&#8243; custom_margin=&#8221;||0px||false|false&#8221; custom_padding=&#8221;||||false|false&#8221; global_colors_info=&#8221;{}&#8221; theme_builder_area=&#8221;post_content&#8221;][et_pb_column type=&#8221;4_4&#8243; _builder_version=&#8221;4.16&#8243; global_colors_info=&#8221;{}&#8221; theme_builder_area=&#8221;post_content&#8221;][et_pb_text _builder_version=&#8221;4.16&#8243; custom_margin=&#8221;||||false|false&#8221; global_colors_info=&#8221;{}&#8221; theme_builder_area=&#8221;post_content&#8221;]<\/p>\n<h1 class=\"ce_headline first\">Immigration Team<\/h1>\n<p>[\/et_pb_text][et_pb_menu menu_id=&#8221;45&#8243; disabled_on=&#8221;on|off|off&#8221; _builder_version=&#8221;4.16&#8243; global_colors_info=&#8221;{}&#8221; theme_builder_area=&#8221;post_content&#8221;][\/et_pb_menu][\/et_pb_column][\/et_pb_row][et_pb_row column_structure=&#8221;3_5,2_5&#8243; _builder_version=&#8221;4.16&#8243; global_colors_info=&#8221;{}&#8221; theme_builder_area=&#8221;post_content&#8221;][et_pb_column type=&#8221;3_5&#8243; _builder_version=&#8221;4.16&#8243; global_colors_info=&#8221;{}&#8221; theme_builder_area=&#8221;post_content&#8221;][et_pb_text _builder_version=&#8221;4.16&#8243; global_colors_info=&#8221;{}&#8221; theme_builder_area=&#8221;post_content&#8221;]<\/p>\n<p>Eine besondere Stellung hat sich Sgier + Partner im Bereich Management von Arbeits- und Aufenthaltsbewilligungen in der Schweiz erarbeitet. Das Immigration Team mit langj\u00e4hriger Berufserfahrung hat f\u00fcr seine Kunden schon \u00fcber 30.000 Bewilligungsf\u00e4lle bearbeitet. Mit dieser Leistung hat sich das Unternehmen in diesem Bereich zum Schweizer Marktleader entwickelt. Mit der neusten Sgier + Partner Innovation &#8220;Permit24\u00ae&#8221; kann der Kunde jederzeit und sekundenschnell den Status seiner Bewilligungen im Bearbeitungsprozess einsehen. Ausserdem beschleunigt die L\u00f6sung den Bewilligungsprozess erheblich und aussagekr\u00e4ftige Managementdaten sind jederzeit verf\u00fcgbar.<\/p>\n<p>[\/et_pb_text][et_pb_image src=&#8221;https:\/\/sgierpartner.ch\/wp-content\/uploads\/Team-Immigration-Services-1-1024&#215;576.jpg&#8221; alt=&#8221;Relocation + Immigration Team Sgier + Partner Switzerland&#8221; title_text=&#8221;swiss immigration + relocation services&#8221; _builder_version=&#8221;4.16&#8243; global_colors_info=&#8221;{}&#8221; theme_builder_area=&#8221;post_content&#8221;][\/et_pb_image][et_pb_text _builder_version=&#8221;4.21.0&#8243; hover_enabled=&#8221;0&#8243; global_colors_info=&#8221;{}&#8221; theme_builder_area=&#8221;post_content&#8221; sticky_enabled=&#8221;0&#8243;]<\/p>\n<p>Das Immigration Team wird von <strong>Antonia Sgier <\/strong>geleitet, die vor der Gesch\u00e4ftsgr\u00fcndung im Jahre 2001 \u00fcber 6 Jahre beim damaligen Arbeitsamt Z\u00fcrich Bewilligungsgesuche beurteilt und bewilligt hat. Mit 26 Jahren Berufserfahrung verf\u00fcgt sie \u00fcber ein Know-how und Beziehungsnetz bei den Schweizer \u00a0Beh\u00f6rden das seinesgleichen sucht. Zusammen vereint das Immigration Kompetenz Team insgesamt \u00fcber 70 Jahre Erfahrung im Management von Arbeits- und Aufenthaltsbewilligungen und kommuniziert in 10 verschiedenen Sprachen. Qualit\u00e4t, Compliance, Zuverl\u00e4ssigkeit und proaktives Verhalten sind die Grundpfeiler im Zusammenspiel mit den Kunden. Ein motiviertes Team, das gerne f\u00fcr Sie arbeitet und f\u00fcr Sie da ist.<\/p>\n<p>Wir holen in allen Schweizer Kantonen Arbeits- und Aufenthaltsbewilligungen (Workpermits) ein: Aargau, Appenzell Ausserrhoden und Innerrhoden, Basel-Landschaft und -Stadt, Bern, Freiburg, Genf, Glarus, Graub\u00fcnden, Jura, Luzern, Neuenburg, Nidwalden und Obwalden, Sankt Gallen, Schaffhausen, Schwyz, Solothurn, Tessin, Thurgau, Uri, Waadt, Wallis, Zug und Z\u00fcrich.<\/p>\n<p>Auch f\u00fcr Bewilligungsprozesse in Liechtenstein sind wir der richtige Ansprechpartner. Ihr Gesuch ist bei uns in guten H\u00e4nden \u2013 egal ob Aufenthaltsbewilligung (B), Kurzaufenthaltsbewilligungen (L, 120 Tage, 4 Monate), Grenzg\u00e4ngerbewilligung G, Niederlassungsbewilligung C oder weitere Bewilligungstypen, je nach individueller Situation.<\/p>\n<p>[\/et_pb_text][\/et_pb_column][et_pb_column type=&#8221;2_5&#8243; _builder_version=&#8221;4.16&#8243; global_colors_info=&#8221;{}&#8221; theme_builder_area=&#8221;post_content&#8221;][et_pb_cta title=&#8221;Aufenthalts- und Arbeitsbewilligungen sind unser Handwerk &#8221; _builder_version=&#8221;4.16&#8243; custom_padding=&#8221;||4px|||&#8221; global_colors_info=&#8221;{}&#8221; theme_builder_area=&#8221;post_content&#8221;]<\/p>\n<p>Unser Kompetenzteam vereinigt \u00fcber 70 Jahre Praxis im Managen von Arbeitsbewilligungen. Es sind erfahrene Immigrationsspezialisten, Juristen und Anw\u00e4lte. Das Team kommuniziert in zehn verschiedenen Sprachen und reicht die Bewilligungsgesuche in deutscher, franz\u00f6sischer und italienischer Sprache ein.<\/p>\n<ul>\n<li>Wir arbeiten eng mit den \u00c4mtern zusammen &#8211; und das in allen Schweizer Kantonen.<\/li>\n<li>Wir kennen uns aus in allen Belangen des Ausl\u00e4nderrechts.<\/li>\n<li>Wir behandeln ihre Gesuche schnell, kompetent und diskret.<\/li>\n<li>Wir sind ein multi-nationales Team und sprechen Ihre Sprache.<\/li>\n<\/ul>\n<p>[\/et_pb_cta][et_pb_text _builder_version=&#8221;4.16&#8243; global_colors_info=&#8221;{}&#8221; theme_builder_area=&#8221;post_content&#8221;]<\/p>\n<blockquote>\n<p>Sgier + Partner kennt die spezifischen Eigenheiten aller Kantone sehr genau und ist deshalb auch schneller f\u00fcr Sie am Ziel.<\/p>\n<\/blockquote>\n<p>[\/et_pb_text][et_pb_cta title=&#8221;Immigration Case Assessment&#8221; button_url=&#8221;@ET-DC@eyJkeW5hbWljIjp0cnVlLCJjb250ZW50IjoicG9zdF9saW5rX3VybF9wYWdlIiwic2V0dGluZ3MiOnsicG9zdF9pZCI6IjYxOTAifX0=@&#8221; button_text=&#8221;Read more&#8221; disabled_on=&#8221;off|off|off&#8221; _builder_version=&#8221;4.16&#8243; _dynamic_attributes=&#8221;button_url&#8221; _module_preset=&#8221;default&#8221; custom_button=&#8221;on&#8221; button_text_color=&#8221;#4361EE&#8221; button_bg_color=&#8221;#FFFFFF&#8221; button_border_width=&#8221;0px&#8221; button_border_radius=&#8221;12px&#8221; custom_padding=&#8221;|20px|30px|20px|false|false&#8221; global_colors_info=&#8221;{}&#8221; button_text_color__hover_enabled=&#8221;on|desktop&#8221; button_text_color__hover=&#8221;#4361EE&#8221; theme_builder_area=&#8221;post_content&#8221;]<\/p>\n<p>Do you want to find out if you&#8217;re allowed to live and work in Switzerland? Do you have questions relating to immigration to Switzerland?<\/p>\n<p>[\/et_pb_cta][\/et_pb_column][\/et_pb_row][\/et_pb_section]<\/p>\n","protected":false},"excerpt":{"rendered":"<p>Unser Kompetenzteam vereinigt \u00fcber 70 Jahre Praxis im Managen von Arbeitsbewilligungen. Es sind erfahrene Immigrationsspezialisten, Juristen und Anw\u00e4lte. Das Team kommuniziert in zehn verschiedenen Sprachen und reicht die Bewilligungs-gesuche in deutscher, franz\u00f6sischer und italienischer Sprache ein.<\/p>\n","protected":false},"author":1,"featured_media":3176,"parent":0,"menu_order":0,"comment_status":"closed","ping_status":"closed","template":"","meta":{"_et_pb_use_builder":"on","_et_pb_old_content":"","_et_gb_content_width":"","footnotes":""},"wf_page_folders":[86],"class_list":["post-2270","page","type-page","status-publish","has-post-thumbnail","hentry"],"yoast_head":"<!-- This site is optimized with the Yoast SEO plugin v27.4 - https:\/\/yoast.com\/product\/yoast-seo-wordpress\/ -->\n<title>Swiss immigration+relocation services in Z\u00fcrich und Genf - Workpermit + Arbeitsbewilligungen Spezialist<\/title>\n<meta name=\"description\" content=\"Das Immigration Team der Sgier+Partner in Z\u00fcrich hat schon mehr als 30.000 Arbeits- und Aufenthaltsbewilligungen f\u00fcr ausl\u00e4ndische Mitarbeitende eingeholt.\" \/>\n<meta name=\"robots\" content=\"index, follow, max-snippet:-1, max-image-preview:large, max-video-preview:-1\" \/>\n<link rel=\"canonical\" href=\"https:\/\/sgierpartner.ch\/de\/immigration-team\/\" \/>\n<meta property=\"og:locale\" content=\"de_DE\" \/>\n<meta property=\"og:type\" content=\"article\" \/>\n<meta property=\"og:title\" content=\"Swiss immigration+relocation services in Z\u00fcrich und Genf - Workpermit + Arbeitsbewilligungen Spezialist\" \/>\n<meta property=\"og:description\" content=\"Das Immigration Team der Sgier+Partner in Z\u00fcrich hat schon mehr als 30.000 Arbeits- und Aufenthaltsbewilligungen f\u00fcr ausl\u00e4ndische Mitarbeitende eingeholt.\" \/>\n<meta property=\"og:url\" content=\"https:\/\/sgierpartner.ch\/de\/immigration-team\/\" \/>\n<meta property=\"og:site_name\" content=\"Workpermit + Arbeitsbewilligungen Spezialist\" \/>\n<meta property=\"article:modified_time\" content=\"2023-07-24T14:23:56+00:00\" \/>\n<meta property=\"og:image\" content=\"https:\/\/sgierpartner.ch\/wp-content\/uploads\/Team-Immigration-Services-1.jpg\" \/>\n\t<meta property=\"og:image:width\" content=\"1600\" \/>\n\t<meta property=\"og:image:height\" content=\"900\" \/>\n\t<meta property=\"og:image:type\" content=\"image\/jpeg\" \/>\n<meta name=\"twitter:card\" content=\"summary_large_image\" \/>\n<meta name=\"twitter:label1\" content=\"Gesch\u00e4tzte Lesezeit\" \/>\n\t<meta name=\"twitter:data1\" content=\"4\u00a0Minuten\" \/>\n<script type=\"application\/ld+json\" class=\"yoast-schema-graph\">{\"@context\":\"https:\\\/\\\/schema.org\",\"@graph\":[{\"@type\":\"WebPage\",\"@id\":\"https:\\\/\\\/sgierpartner.ch\\\/de\\\/immigration-team\\\/\",\"url\":\"https:\\\/\\\/sgierpartner.ch\\\/de\\\/immigration-team\\\/\",\"name\":\"Swiss immigration+relocation services in Z\u00fcrich und Genf - Workpermit + Arbeitsbewilligungen Spezialist\",\"isPartOf\":{\"@id\":\"https:\\\/\\\/sgierpartner.ch\\\/de\\\/#website\"},\"primaryImageOfPage\":{\"@id\":\"https:\\\/\\\/sgierpartner.ch\\\/de\\\/immigration-team\\\/#primaryimage\"},\"image\":{\"@id\":\"https:\\\/\\\/sgierpartner.ch\\\/de\\\/immigration-team\\\/#primaryimage\"},\"thumbnailUrl\":\"https:\\\/\\\/sgierpartner.ch\\\/wp-content\\\/uploads\\\/Team-Immigration-Services-1.jpg\",\"datePublished\":\"2020-04-29T07:27:01+00:00\",\"dateModified\":\"2023-07-24T14:23:56+00:00\",\"description\":\"Das Immigration Team der Sgier+Partner in Z\u00fcrich hat schon mehr als 30.000 Arbeits- und Aufenthaltsbewilligungen f\u00fcr ausl\u00e4ndische Mitarbeitende eingeholt.\",\"breadcrumb\":{\"@id\":\"https:\\\/\\\/sgierpartner.ch\\\/de\\\/immigration-team\\\/#breadcrumb\"},\"inLanguage\":\"de\",\"potentialAction\":[{\"@type\":\"ReadAction\",\"target\":[\"https:\\\/\\\/sgierpartner.ch\\\/de\\\/immigration-team\\\/\"]}]},{\"@type\":\"ImageObject\",\"inLanguage\":\"de\",\"@id\":\"https:\\\/\\\/sgierpartner.ch\\\/de\\\/immigration-team\\\/#primaryimage\",\"url\":\"https:\\\/\\\/sgierpartner.ch\\\/wp-content\\\/uploads\\\/Team-Immigration-Services-1.jpg\",\"contentUrl\":\"https:\\\/\\\/sgierpartner.ch\\\/wp-content\\\/uploads\\\/Team-Immigration-Services-1.jpg\",\"width\":1600,\"height\":900,\"caption\":\"swiss immigration + relocation services in Switzerland: Zurich, Geneva, Zug, Lugano, Basle, Berne, Lausanne\"},{\"@type\":\"BreadcrumbList\",\"@id\":\"https:\\\/\\\/sgierpartner.ch\\\/de\\\/immigration-team\\\/#breadcrumb\",\"itemListElement\":[{\"@type\":\"ListItem\",\"position\":1,\"name\":\"Startseite\",\"item\":\"https:\\\/\\\/sgierpartner.ch\\\/de\\\/\"},{\"@type\":\"ListItem\",\"position\":2,\"name\":\"Immigration Team\"}]},{\"@type\":\"WebSite\",\"@id\":\"https:\\\/\\\/sgierpartner.ch\\\/de\\\/#website\",\"url\":\"https:\\\/\\\/sgierpartner.ch\\\/de\\\/\",\"name\":\"Sgier+Partner\",\"description\":\"swiss immigration+relocation\",\"publisher\":{\"@id\":\"https:\\\/\\\/sgierpartner.ch\\\/de\\\/#organization\"},\"potentialAction\":[{\"@type\":\"SearchAction\",\"target\":{\"@type\":\"EntryPoint\",\"urlTemplate\":\"https:\\\/\\\/sgierpartner.ch\\\/de\\\/?s={search_term_string}\"},\"query-input\":{\"@type\":\"PropertyValueSpecification\",\"valueRequired\":true,\"valueName\":\"search_term_string\"}}],\"inLanguage\":\"de\"},{\"@type\":\"Organization\",\"@id\":\"https:\\\/\\\/sgierpartner.ch\\\/de\\\/#organization\",\"name\":\"Sgier + Partner GmbH\",\"url\":\"https:\\\/\\\/sgierpartner.ch\\\/de\\\/\",\"logo\":{\"@type\":\"ImageObject\",\"inLanguage\":\"de\",\"@id\":\"https:\\\/\\\/sgierpartner.ch\\\/de\\\/#\\\/schema\\\/logo\\\/image\\\/\",\"url\":\"https:\\\/\\\/sgierpartner.ch\\\/wp-content\\\/uploads\\\/SP-Logo-Footer-farbig.png\",\"contentUrl\":\"https:\\\/\\\/sgierpartner.ch\\\/wp-content\\\/uploads\\\/SP-Logo-Footer-farbig.png\",\"width\":2058,\"height\":326,\"caption\":\"Sgier + Partner GmbH\"},\"image\":{\"@id\":\"https:\\\/\\\/sgierpartner.ch\\\/de\\\/#\\\/schema\\\/logo\\\/image\\\/\"}}]}<\/script>\n<!-- \/ Yoast SEO plugin. -->","yoast_head_json":{"title":"Swiss immigration+relocation services in Z\u00fcrich und Genf - Workpermit + Arbeitsbewilligungen Spezialist","description":"Das Immigration Team der Sgier+Partner in Z\u00fcrich hat schon mehr als 30.000 Arbeits- und Aufenthaltsbewilligungen f\u00fcr ausl\u00e4ndische Mitarbeitende eingeholt.","robots":{"index":"index","follow":"follow","max-snippet":"max-snippet:-1","max-image-preview":"max-image-preview:large","max-video-preview":"max-video-preview:-1"},"canonical":"https:\/\/sgierpartner.ch\/de\/immigration-team\/","og_locale":"de_DE","og_type":"article","og_title":"Swiss immigration+relocation services in Z\u00fcrich und Genf - Workpermit + Arbeitsbewilligungen Spezialist","og_description":"Das Immigration Team der Sgier+Partner in Z\u00fcrich hat schon mehr als 30.000 Arbeits- und Aufenthaltsbewilligungen f\u00fcr ausl\u00e4ndische Mitarbeitende eingeholt.","og_url":"https:\/\/sgierpartner.ch\/de\/immigration-team\/","og_site_name":"Workpermit + Arbeitsbewilligungen Spezialist","article_modified_time":"2023-07-24T14:23:56+00:00","og_image":[{"width":1600,"height":900,"url":"https:\/\/sgierpartner.ch\/wp-content\/uploads\/Team-Immigration-Services-1.jpg","type":"image\/jpeg"}],"twitter_card":"summary_large_image","twitter_misc":{"Gesch\u00e4tzte Lesezeit":"4\u00a0Minuten"},"schema":{"@context":"https:\/\/schema.org","@graph":[{"@type":"WebPage","@id":"https:\/\/sgierpartner.ch\/de\/immigration-team\/","url":"https:\/\/sgierpartner.ch\/de\/immigration-team\/","name":"Swiss immigration+relocation services in Z\u00fcrich und Genf - Workpermit + Arbeitsbewilligungen Spezialist","isPartOf":{"@id":"https:\/\/sgierpartner.ch\/de\/#website"},"primaryImageOfPage":{"@id":"https:\/\/sgierpartner.ch\/de\/immigration-team\/#primaryimage"},"image":{"@id":"https:\/\/sgierpartner.ch\/de\/immigration-team\/#primaryimage"},"thumbnailUrl":"https:\/\/sgierpartner.ch\/wp-content\/uploads\/Team-Immigration-Services-1.jpg","datePublished":"2020-04-29T07:27:01+00:00","dateModified":"2023-07-24T14:23:56+00:00","description":"Das Immigration Team der Sgier+Partner in Z\u00fcrich hat schon mehr als 30.000 Arbeits- und Aufenthaltsbewilligungen f\u00fcr ausl\u00e4ndische Mitarbeitende eingeholt.","breadcrumb":{"@id":"https:\/\/sgierpartner.ch\/de\/immigration-team\/#breadcrumb"},"inLanguage":"de","potentialAction":[{"@type":"ReadAction","target":["https:\/\/sgierpartner.ch\/de\/immigration-team\/"]}]},{"@type":"ImageObject","inLanguage":"de","@id":"https:\/\/sgierpartner.ch\/de\/immigration-team\/#primaryimage","url":"https:\/\/sgierpartner.ch\/wp-content\/uploads\/Team-Immigration-Services-1.jpg","contentUrl":"https:\/\/sgierpartner.ch\/wp-content\/uploads\/Team-Immigration-Services-1.jpg","width":1600,"height":900,"caption":"swiss immigration + relocation services in Switzerland: Zurich, Geneva, Zug, Lugano, Basle, Berne, Lausanne"},{"@type":"BreadcrumbList","@id":"https:\/\/sgierpartner.ch\/de\/immigration-team\/#breadcrumb","itemListElement":[{"@type":"ListItem","position":1,"name":"Startseite","item":"https:\/\/sgierpartner.ch\/de\/"},{"@type":"ListItem","position":2,"name":"Immigration Team"}]},{"@type":"WebSite","@id":"https:\/\/sgierpartner.ch\/de\/#website","url":"https:\/\/sgierpartner.ch\/de\/","name":"Sgier+Partner","description":"swiss immigration+relocation","publisher":{"@id":"https:\/\/sgierpartner.ch\/de\/#organization"},"potentialAction":[{"@type":"SearchAction","target":{"@type":"EntryPoint","urlTemplate":"https:\/\/sgierpartner.ch\/de\/?s={search_term_string}"},"query-input":{"@type":"PropertyValueSpecification","valueRequired":true,"valueName":"search_term_string"}}],"inLanguage":"de"},{"@type":"Organization","@id":"https:\/\/sgierpartner.ch\/de\/#organization","name":"Sgier + Partner GmbH","url":"https:\/\/sgierpartner.ch\/de\/","logo":{"@type":"ImageObject","inLanguage":"de","@id":"https:\/\/sgierpartner.ch\/de\/#\/schema\/logo\/image\/","url":"https:\/\/sgierpartner.ch\/wp-content\/uploads\/SP-Logo-Footer-farbig.png","contentUrl":"https:\/\/sgierpartner.ch\/wp-content\/uploads\/SP-Logo-Footer-farbig.png","width":2058,"height":326,"caption":"Sgier + Partner GmbH"},"image":{"@id":"https:\/\/sgierpartner.ch\/de\/#\/schema\/logo\/image\/"}}]}},"_links":{"self":[{"href":"https:\/\/sgierpartner.ch\/de\/wp-json\/wp\/v2\/pages\/2270","targetHints":{"allow":["GET"]}}],"collection":[{"href":"https:\/\/sgierpartner.ch\/de\/wp-json\/wp\/v2\/pages"}],"about":[{"href":"https:\/\/sgierpartner.ch\/de\/wp-json\/wp\/v2\/types\/page"}],"author":[{"embeddable":true,"href":"https:\/\/sgierpartner.ch\/de\/wp-json\/wp\/v2\/users\/1"}],"replies":[{"embeddable":true,"href":"https:\/\/sgierpartner.ch\/de\/wp-json\/wp\/v2\/comments?post=2270"}],"version-history":[{"count":2,"href":"https:\/\/sgierpartner.ch\/de\/wp-json\/wp\/v2\/pages\/2270\/revisions"}],"predecessor-version":[{"id":7819,"href":"https:\/\/sgierpartner.ch\/de\/wp-json\/wp\/v2\/pages\/2270\/revisions\/7819"}],"wp:featuredmedia":[{"embeddable":true,"href":"https:\/\/sgierpartner.ch\/de\/wp-json\/wp\/v2\/media\/3176"}],"wp:attachment":[{"href":"https:\/\/sgierpartner.ch\/de\/wp-json\/wp\/v2\/media?parent=2270"}],"wp:term":[{"taxonomy":"wf_page_folders","embeddable":true,"href":"https:\/\/sgierpartner.ch\/de\/wp-json\/wp\/v2\/wf_page_folders?post=2270"}],"curies":[{"name":"wp","href":"https:\/\/api.w.org\/{rel}","templated":true}]}}