{"id":2274,"date":"2020-04-29T09:28:10","date_gmt":"2020-04-29T07:28:10","guid":{"rendered":"http:\/\/975ciacxzt.preview.infomaniak.website\/sgierpartner\/?page_id=2274"},"modified":"2020-06-10T09:15:26","modified_gmt":"2020-06-10T07:15:26","slug":"schulung-update-sessions","status":"publish","type":"page","link":"https:\/\/sgierpartner.ch\/de\/schulung-update-sessions\/","title":{"rendered":"Schulung \/ Update Sessions"},"content":{"rendered":"<p>[et_pb_section fb_built=&#8221;1&#8243; fullwidth=&#8221;on&#8221; _builder_version=&#8221;4.4.3&#8243;][et_pb_fullwidth_image src=&#8221;https:\/\/sgierpartner.ch\/wp-content\/uploads\/Berge-immigration-relocation-schweiz-2.jpg&#8221; alt=&#8221;Welcome to Switzerland &#8211; swiss immigration + relocation services&#8221; title_text=&#8221;Sgier + Partner Zurich, Switzerland | swiss immigration+relocation&#8221; _builder_version=&#8221;4.4.7&#8243;][\/et_pb_fullwidth_image][\/et_pb_section][et_pb_section fb_built=&#8221;1&#8243; _builder_version=&#8221;4.4.3&#8243;][et_pb_row _builder_version=&#8221;4.4.3&#8243; custom_margin=&#8221;0px||||false|false&#8221;][et_pb_column type=&#8221;4_4&#8243; _builder_version=&#8221;4.4.3&#8243;][et_pb_text _builder_version=&#8221;4.4.3&#8243; custom_margin=&#8221;||||false|false&#8221;]<\/p>\n<h1 class=\"ce_headline first\">Schulung \/ Update Sessions<\/h1>\n<p>[\/et_pb_text][et_pb_menu menu_id=&#8221;45&#8243; disabled_on=&#8221;on|on|off&#8221; _builder_version=&#8221;4.4.3&#8243;][\/et_pb_menu][\/et_pb_column][\/et_pb_row][\/et_pb_section][et_pb_section fb_built=&#8221;1&#8243; _builder_version=&#8221;4.4.3&#8243;][et_pb_row column_structure=&#8221;3_5,2_5&#8243; _builder_version=&#8221;4.4.3&#8243;][et_pb_column type=&#8221;3_5&#8243; _builder_version=&#8221;4.4.3&#8243;][et_pb_text _builder_version=&#8221;4.4.3&#8243;]<\/p>\n<h2>Einladung zu den Update Sessions<\/h2>\n<p>&nbsp;<\/p>\n<h3>Thema: Arbeits- und Aufenthaltsbewilligungen<\/h3>\n<h4><strong>Im schwierigen Umfeld von Politik und Wirtschaft.<\/strong><\/h4>\n<p>Kennen Sie das am 1. Juni 2002 in Kraft getretene Personenfreiz\u00fcgigkeitsabkommen? Haben Sie den \u00dcberblick \u00fcber die in der Zwischenzeit dazugekommenen Abkommenserweiterungen verloren? Und was bedeutet die am 9. Februar 2014 vom Schweizer Volk angenommene Volksinitiative &#8220;Gegen Masseneinwanderung&#8221;. Welche Konsequenzen haben die Kontingentsk\u00fcrzungen f\u00fcr EU- und Nicht-EU Personen. Mindestl\u00f6hne? Starker Franken? Welches sind die Auswirkungen auf das Einholen von Arbeitsbewilligungen in ihrem Betrieb im Detail? Welchen Impact werden der Brexit und Corona bringen?<\/p>\n<p>[\/et_pb_text][et_pb_image src=&#8221;https:\/\/sgierpartner.ch\/wp-content\/uploads\/Breakfast-Session_de-immigration-relocation-schweiz.png&#8221; alt=&#8221;Update Session Invitation | swiss immigration+relocation services&#8221; title_text=&#8221;Update Session Invitation | swiss immigration+relocation services&#8221; _builder_version=&#8221;4.4.7&#8243;][\/et_pb_image][et_pb_text _builder_version=&#8221;4.4.6&#8243; custom_margin=&#8221;0px||0px||false|false&#8221;]<\/p>\n<div class=\"ce_text lead block\">\n<h4>Massgeschneiderte Schulungen im Schweizer Arbeits-, Arbeitsbewilligungs-, Sozialversicherungs- und Gesellschaftsrecht \u2013 die effizienteste Art, sich Wissen anzueignen.<\/h4>\n<p>Die von Sgier und Partner f\u00fcr die spezifischen Bed\u00fcrfnisse von Personalverantwortlichen entwickelten Schulungsmodule im Schweizer Arbeits-, Arbeitsbewilligungs-, Sozialversicherungs- und Gesellschaftsrecht gew\u00e4hrleisten gr\u00f6sstm\u00f6gliche Effizienz des Wissenstranfers und dessen umgehende Nutzung im betrieblichen Alltag. Gerne kommen wir auch zu Ihnen und f\u00fchren je nach Wunsch Workshops, Trainings oder Update-Sessions durch.<\/p>\n<p><span>Sie w\u00e4hlen unter drei Modultypen (Grundlagen-, Intensiv- und Update-Modul) und bestimmen selbst\u00e4ndig den konkreten Inhalt der Schulung. Den Rest erledigen wir f\u00fcr Sie, inklusive der Erstellung einer ausf\u00fchrlichen Dokumentation.<\/span><\/p>\n<\/div>\n<p>[\/et_pb_text][\/et_pb_column][et_pb_column type=&#8221;2_5&#8243; _builder_version=&#8221;4.4.3&#8243;][et_pb_cta title=&#8221;Stellen Sie uns Ihre Fragen, die Sie besch\u00e4ftigen.&#8221; _builder_version=&#8221;4.4.6&#8243; custom_padding=&#8221;||40px|||&#8221;]<\/p>\n<p><span>Unser Immigration Kompetenz-Team (Workpermit Spezialisten, Juristen und Anw\u00e4lte) mit insgesamt 70\u00a0Jahren Praxiserfahrung steht Ihnen exklusiv zur Verf\u00fcgung.<\/span><\/p>\n<p><span><strong>T\u00e4glich, Dauer ca. 1 Stunde, kostenfrei.<\/strong><\/span><\/p>\n<p>Nutzen Sie diese Gelegenheit und reservieren Sie telefonisch Ihren pers\u00f6nlichen Termin:<\/p>\n<p><strong>+41 44 228 78 90<\/strong><\/p>\n<p>[\/et_pb_cta][et_pb_contact_form use_spam_service=&#8221;on&#8221; recaptcha_list=&#8221;sgierpartnerch-0&#8243; email=&#8221;info@sgierpartner.ch&#8221; title=&#8221;Kontaktieren Sie uns&#8221; custom_message=&#8221;Schulungsanfrage von sgierpartner.ch||et_pb_line_break_holder||||et_pb_line_break_holder||Firma: %%company%%||et_pb_line_break_holder||Name: %%name%%||et_pb_line_break_holder||Vorname: %%firstname%%||et_pb_line_break_holder||PLZ\/Ort: %%city%%||et_pb_line_break_holder||Telefon: %%phone%%||et_pb_line_break_holder||E-Mail-Adresse: %%email%%||et_pb_line_break_holder||Nachricht: %%message%%&#8221; success_message=&#8221;Besten Dank f\u00fcr Ihre E-Mail. Wir werden uns in K\u00fcrze bei Ihnen melden.&#8221; _builder_version=&#8221;4.4.7&#8243; custom_margin=&#8221;50px||||false|false&#8221; hover_enabled=&#8221;0&#8243;][et_pb_contact_field field_id=&#8221;company&#8221; field_title=&#8221;Firma&#8221; _builder_version=&#8221;4.4.3&#8243; button_text_size__hover_enabled=&#8221;off&#8221; button_one_text_size__hover_enabled=&#8221;off&#8221; button_two_text_size__hover_enabled=&#8221;off&#8221; button_text_color__hover_enabled=&#8221;off&#8221; button_one_text_color__hover_enabled=&#8221;off&#8221; button_two_text_color__hover_enabled=&#8221;off&#8221; button_border_width__hover_enabled=&#8221;off&#8221; button_one_border_width__hover_enabled=&#8221;off&#8221; button_two_border_width__hover_enabled=&#8221;off&#8221; button_border_color__hover_enabled=&#8221;off&#8221; button_one_border_color__hover_enabled=&#8221;off&#8221; button_two_border_color__hover_enabled=&#8221;off&#8221; button_border_radius__hover_enabled=&#8221;off&#8221; button_one_border_radius__hover_enabled=&#8221;off&#8221; button_two_border_radius__hover_enabled=&#8221;off&#8221; button_letter_spacing__hover_enabled=&#8221;off&#8221; button_one_letter_spacing__hover_enabled=&#8221;off&#8221; button_two_letter_spacing__hover_enabled=&#8221;off&#8221; button_bg_color__hover_enabled=&#8221;off&#8221; button_one_bg_color__hover_enabled=&#8221;off&#8221; button_two_bg_color__hover_enabled=&#8221;off&#8221;][\/et_pb_contact_field][et_pb_contact_field field_id=&#8221;name&#8221; field_title=&#8221;Name&#8221; _builder_version=&#8221;4.4.3&#8243; button_text_size__hover_enabled=&#8221;off&#8221; button_one_text_size__hover_enabled=&#8221;off&#8221; button_two_text_size__hover_enabled=&#8221;off&#8221; button_text_color__hover_enabled=&#8221;off&#8221; button_one_text_color__hover_enabled=&#8221;off&#8221; button_two_text_color__hover_enabled=&#8221;off&#8221; button_border_width__hover_enabled=&#8221;off&#8221; button_one_border_width__hover_enabled=&#8221;off&#8221; button_two_border_width__hover_enabled=&#8221;off&#8221; button_border_color__hover_enabled=&#8221;off&#8221; button_one_border_color__hover_enabled=&#8221;off&#8221; button_two_border_color__hover_enabled=&#8221;off&#8221; button_border_radius__hover_enabled=&#8221;off&#8221; button_one_border_radius__hover_enabled=&#8221;off&#8221; button_two_border_radius__hover_enabled=&#8221;off&#8221; button_letter_spacing__hover_enabled=&#8221;off&#8221; button_one_letter_spacing__hover_enabled=&#8221;off&#8221; button_two_letter_spacing__hover_enabled=&#8221;off&#8221; button_bg_color__hover_enabled=&#8221;off&#8221; button_one_bg_color__hover_enabled=&#8221;off&#8221; button_two_bg_color__hover_enabled=&#8221;off&#8221;][\/et_pb_contact_field][et_pb_contact_field field_id=&#8221;firstname&#8221; field_title=&#8221;Vorname&#8221; _builder_version=&#8221;4.4.3&#8243; button_text_size__hover_enabled=&#8221;off&#8221; button_one_text_size__hover_enabled=&#8221;off&#8221; button_two_text_size__hover_enabled=&#8221;off&#8221; button_text_color__hover_enabled=&#8221;off&#8221; button_one_text_color__hover_enabled=&#8221;off&#8221; button_two_text_color__hover_enabled=&#8221;off&#8221; button_border_width__hover_enabled=&#8221;off&#8221; button_one_border_width__hover_enabled=&#8221;off&#8221; button_two_border_width__hover_enabled=&#8221;off&#8221; button_border_color__hover_enabled=&#8221;off&#8221; button_one_border_color__hover_enabled=&#8221;off&#8221; button_two_border_color__hover_enabled=&#8221;off&#8221; button_border_radius__hover_enabled=&#8221;off&#8221; button_one_border_radius__hover_enabled=&#8221;off&#8221; button_two_border_radius__hover_enabled=&#8221;off&#8221; button_letter_spacing__hover_enabled=&#8221;off&#8221; button_one_letter_spacing__hover_enabled=&#8221;off&#8221; button_two_letter_spacing__hover_enabled=&#8221;off&#8221; button_bg_color__hover_enabled=&#8221;off&#8221; button_one_bg_color__hover_enabled=&#8221;off&#8221; button_two_bg_color__hover_enabled=&#8221;off&#8221;][\/et_pb_contact_field][et_pb_contact_field field_id=&#8221;city&#8221; field_title=&#8221;PLZ\/Ort&#8221; _builder_version=&#8221;4.4.3&#8243; button_text_size__hover_enabled=&#8221;off&#8221; button_one_text_size__hover_enabled=&#8221;off&#8221; button_two_text_size__hover_enabled=&#8221;off&#8221; button_text_color__hover_enabled=&#8221;off&#8221; button_one_text_color__hover_enabled=&#8221;off&#8221; button_two_text_color__hover_enabled=&#8221;off&#8221; button_border_width__hover_enabled=&#8221;off&#8221; button_one_border_width__hover_enabled=&#8221;off&#8221; button_two_border_width__hover_enabled=&#8221;off&#8221; button_border_color__hover_enabled=&#8221;off&#8221; button_one_border_color__hover_enabled=&#8221;off&#8221; button_two_border_color__hover_enabled=&#8221;off&#8221; button_border_radius__hover_enabled=&#8221;off&#8221; button_one_border_radius__hover_enabled=&#8221;off&#8221; button_two_border_radius__hover_enabled=&#8221;off&#8221; button_letter_spacing__hover_enabled=&#8221;off&#8221; button_one_letter_spacing__hover_enabled=&#8221;off&#8221; button_two_letter_spacing__hover_enabled=&#8221;off&#8221; button_bg_color__hover_enabled=&#8221;off&#8221; button_one_bg_color__hover_enabled=&#8221;off&#8221; button_two_bg_color__hover_enabled=&#8221;off&#8221;][\/et_pb_contact_field][et_pb_contact_field field_id=&#8221;phone&#8221; field_title=&#8221;Telefon&#8221; _builder_version=&#8221;4.4.3&#8243; button_text_size__hover_enabled=&#8221;off&#8221; button_one_text_size__hover_enabled=&#8221;off&#8221; button_two_text_size__hover_enabled=&#8221;off&#8221; button_text_color__hover_enabled=&#8221;off&#8221; button_one_text_color__hover_enabled=&#8221;off&#8221; button_two_text_color__hover_enabled=&#8221;off&#8221; button_border_width__hover_enabled=&#8221;off&#8221; button_one_border_width__hover_enabled=&#8221;off&#8221; button_two_border_width__hover_enabled=&#8221;off&#8221; button_border_color__hover_enabled=&#8221;off&#8221; button_one_border_color__hover_enabled=&#8221;off&#8221; button_two_border_color__hover_enabled=&#8221;off&#8221; button_border_radius__hover_enabled=&#8221;off&#8221; button_one_border_radius__hover_enabled=&#8221;off&#8221; button_two_border_radius__hover_enabled=&#8221;off&#8221; button_letter_spacing__hover_enabled=&#8221;off&#8221; button_one_letter_spacing__hover_enabled=&#8221;off&#8221; button_two_letter_spacing__hover_enabled=&#8221;off&#8221; button_bg_color__hover_enabled=&#8221;off&#8221; button_one_bg_color__hover_enabled=&#8221;off&#8221; button_two_bg_color__hover_enabled=&#8221;off&#8221;][\/et_pb_contact_field][et_pb_contact_field field_id=&#8221;Email&#8221; field_title=&#8221;E-Mail-Adresse&#8221; field_type=&#8221;email&#8221; _builder_version=&#8221;4.4.3&#8243; button_text_size__hover_enabled=&#8221;off&#8221; button_one_text_size__hover_enabled=&#8221;off&#8221; button_two_text_size__hover_enabled=&#8221;off&#8221; button_text_color__hover_enabled=&#8221;off&#8221; button_one_text_color__hover_enabled=&#8221;off&#8221; button_two_text_color__hover_enabled=&#8221;off&#8221; button_border_width__hover_enabled=&#8221;off&#8221; button_one_border_width__hover_enabled=&#8221;off&#8221; button_two_border_width__hover_enabled=&#8221;off&#8221; button_border_color__hover_enabled=&#8221;off&#8221; button_one_border_color__hover_enabled=&#8221;off&#8221; button_two_border_color__hover_enabled=&#8221;off&#8221; button_border_radius__hover_enabled=&#8221;off&#8221; button_one_border_radius__hover_enabled=&#8221;off&#8221; button_two_border_radius__hover_enabled=&#8221;off&#8221; button_letter_spacing__hover_enabled=&#8221;off&#8221; button_one_letter_spacing__hover_enabled=&#8221;off&#8221; button_two_letter_spacing__hover_enabled=&#8221;off&#8221; button_bg_color__hover_enabled=&#8221;off&#8221; button_one_bg_color__hover_enabled=&#8221;off&#8221; button_two_bg_color__hover_enabled=&#8221;off&#8221;][\/et_pb_contact_field][et_pb_contact_field field_id=&#8221;Message&#8221; field_title=&#8221;Ihre Nachricht mit gew\u00fcnschtem Datum&#8221; field_type=&#8221;text&#8221; fullwidth_field=&#8221;on&#8221; _builder_version=&#8221;4.4.3&#8243; button_text_size__hover_enabled=&#8221;off&#8221; button_one_text_size__hover_enabled=&#8221;off&#8221; button_two_text_size__hover_enabled=&#8221;off&#8221; button_text_color__hover_enabled=&#8221;off&#8221; button_one_text_color__hover_enabled=&#8221;off&#8221; button_two_text_color__hover_enabled=&#8221;off&#8221; button_border_width__hover_enabled=&#8221;off&#8221; button_one_border_width__hover_enabled=&#8221;off&#8221; button_two_border_width__hover_enabled=&#8221;off&#8221; button_border_color__hover_enabled=&#8221;off&#8221; button_one_border_color__hover_enabled=&#8221;off&#8221; button_two_border_color__hover_enabled=&#8221;off&#8221; button_border_radius__hover_enabled=&#8221;off&#8221; button_one_border_radius__hover_enabled=&#8221;off&#8221; button_two_border_radius__hover_enabled=&#8221;off&#8221; button_letter_spacing__hover_enabled=&#8221;off&#8221; button_one_letter_spacing__hover_enabled=&#8221;off&#8221; button_two_letter_spacing__hover_enabled=&#8221;off&#8221; button_bg_color__hover_enabled=&#8221;off&#8221; button_one_bg_color__hover_enabled=&#8221;off&#8221; button_two_bg_color__hover_enabled=&#8221;off&#8221;][\/et_pb_contact_field][\/et_pb_contact_form][\/et_pb_column][\/et_pb_row][\/et_pb_section]<\/p>\n","protected":false},"excerpt":{"rendered":"<p>Massgeschneiderte Schulungen im Schweizer Arbeits-, Arbeitsbewilligungs-, Sozialversicherungs- und Gesellschaftsrecht \u2013 die effizienteste Art, sich Wissen anzueignen.<\/p>\n","protected":false},"author":1,"featured_media":3107,"parent":0,"menu_order":0,"comment_status":"closed","ping_status":"closed","template":"","meta":{"_et_pb_use_builder":"on","_et_pb_old_content":"","_et_gb_content_width":"","footnotes":""},"wf_page_folders":[86],"class_list":["post-2274","page","type-page","status-publish","has-post-thumbnail","hentry"],"yoast_head":"<!-- This site is optimized with the Yoast SEO plugin v27.4 - https:\/\/yoast.com\/product\/yoast-seo-wordpress\/ -->\n<title>Massgeschneiderte Schulungen zu Arbeitsbewilligungen - Workpermit + Arbeitsbewilligungen Spezialist<\/title>\n<meta name=\"description\" content=\"Personenfreiz\u00fcgigkeit, Kontingente, EU- und Nicht EU Personen....Welches sind die Auswirkungen auf das Einholen von Arbeitsbewilligungen in ihrem Betrieb?\" \/>\n<meta name=\"robots\" content=\"index, follow, max-snippet:-1, max-image-preview:large, max-video-preview:-1\" \/>\n<link rel=\"canonical\" href=\"https:\/\/sgierpartner.ch\/de\/schulung-update-sessions\/\" \/>\n<meta property=\"og:locale\" content=\"de_DE\" \/>\n<meta property=\"og:type\" content=\"article\" \/>\n<meta property=\"og:title\" content=\"Massgeschneiderte Schulungen zu Arbeitsbewilligungen - Workpermit + Arbeitsbewilligungen Spezialist\" \/>\n<meta property=\"og:description\" content=\"Personenfreiz\u00fcgigkeit, Kontingente, EU- und Nicht EU Personen....Welches sind die Auswirkungen auf das Einholen von Arbeitsbewilligungen in ihrem Betrieb?\" \/>\n<meta property=\"og:url\" content=\"https:\/\/sgierpartner.ch\/de\/schulung-update-sessions\/\" \/>\n<meta property=\"og:site_name\" content=\"Workpermit + Arbeitsbewilligungen Spezialist\" \/>\n<meta property=\"article:modified_time\" content=\"2020-06-10T07:15:26+00:00\" \/>\n<meta property=\"og:image\" content=\"https:\/\/sgierpartner.ch\/wp-content\/uploads\/Sgier-Partner-B\u00fcros3-1.jpg\" \/>\n\t<meta property=\"og:image:width\" content=\"1000\" \/>\n\t<meta property=\"og:image:height\" content=\"1000\" \/>\n\t<meta property=\"og:image:type\" content=\"image\/jpeg\" \/>\n<meta name=\"twitter:card\" content=\"summary_large_image\" \/>\n<meta name=\"twitter:label1\" content=\"Gesch\u00e4tzte Lesezeit\" \/>\n\t<meta name=\"twitter:data1\" content=\"8\u00a0Minuten\" \/>\n<script type=\"application\/ld+json\" class=\"yoast-schema-graph\">{\"@context\":\"https:\\\/\\\/schema.org\",\"@graph\":[{\"@type\":\"WebPage\",\"@id\":\"https:\\\/\\\/sgierpartner.ch\\\/de\\\/schulung-update-sessions\\\/\",\"url\":\"https:\\\/\\\/sgierpartner.ch\\\/de\\\/schulung-update-sessions\\\/\",\"name\":\"Massgeschneiderte Schulungen zu Arbeitsbewilligungen - Workpermit + Arbeitsbewilligungen Spezialist\",\"isPartOf\":{\"@id\":\"https:\\\/\\\/sgierpartner.ch\\\/de\\\/#website\"},\"primaryImageOfPage\":{\"@id\":\"https:\\\/\\\/sgierpartner.ch\\\/de\\\/schulung-update-sessions\\\/#primaryimage\"},\"image\":{\"@id\":\"https:\\\/\\\/sgierpartner.ch\\\/de\\\/schulung-update-sessions\\\/#primaryimage\"},\"thumbnailUrl\":\"https:\\\/\\\/sgierpartner.ch\\\/wp-content\\\/uploads\\\/Sgier-Partner-B\u00fcros3-1.jpg\",\"datePublished\":\"2020-04-29T07:28:10+00:00\",\"dateModified\":\"2020-06-10T07:15:26+00:00\",\"description\":\"Personenfreiz\u00fcgigkeit, Kontingente, EU- und Nicht EU Personen....Welches sind die Auswirkungen auf das Einholen von Arbeitsbewilligungen in ihrem Betrieb?\",\"breadcrumb\":{\"@id\":\"https:\\\/\\\/sgierpartner.ch\\\/de\\\/schulung-update-sessions\\\/#breadcrumb\"},\"inLanguage\":\"de\",\"potentialAction\":[{\"@type\":\"ReadAction\",\"target\":[\"https:\\\/\\\/sgierpartner.ch\\\/de\\\/schulung-update-sessions\\\/\"]}]},{\"@type\":\"ImageObject\",\"inLanguage\":\"de\",\"@id\":\"https:\\\/\\\/sgierpartner.ch\\\/de\\\/schulung-update-sessions\\\/#primaryimage\",\"url\":\"https:\\\/\\\/sgierpartner.ch\\\/wp-content\\\/uploads\\\/Sgier-Partner-B\u00fcros3-1.jpg\",\"contentUrl\":\"https:\\\/\\\/sgierpartner.ch\\\/wp-content\\\/uploads\\\/Sgier-Partner-B\u00fcros3-1.jpg\",\"width\":1000,\"height\":1000,\"caption\":\"swiss immigration + relocation services in Switzerland: Zurich, Geneva, Zug, Lugano, Basle, Berne, Lausanne\"},{\"@type\":\"BreadcrumbList\",\"@id\":\"https:\\\/\\\/sgierpartner.ch\\\/de\\\/schulung-update-sessions\\\/#breadcrumb\",\"itemListElement\":[{\"@type\":\"ListItem\",\"position\":1,\"name\":\"Startseite\",\"item\":\"https:\\\/\\\/sgierpartner.ch\\\/de\\\/\"},{\"@type\":\"ListItem\",\"position\":2,\"name\":\"Schulung \\\/ Update Sessions\"}]},{\"@type\":\"WebSite\",\"@id\":\"https:\\\/\\\/sgierpartner.ch\\\/de\\\/#website\",\"url\":\"https:\\\/\\\/sgierpartner.ch\\\/de\\\/\",\"name\":\"Sgier+Partner\",\"description\":\"swiss immigration+relocation\",\"publisher\":{\"@id\":\"https:\\\/\\\/sgierpartner.ch\\\/de\\\/#organization\"},\"potentialAction\":[{\"@type\":\"SearchAction\",\"target\":{\"@type\":\"EntryPoint\",\"urlTemplate\":\"https:\\\/\\\/sgierpartner.ch\\\/de\\\/?s={search_term_string}\"},\"query-input\":{\"@type\":\"PropertyValueSpecification\",\"valueRequired\":true,\"valueName\":\"search_term_string\"}}],\"inLanguage\":\"de\"},{\"@type\":\"Organization\",\"@id\":\"https:\\\/\\\/sgierpartner.ch\\\/de\\\/#organization\",\"name\":\"Sgier + Partner GmbH\",\"url\":\"https:\\\/\\\/sgierpartner.ch\\\/de\\\/\",\"logo\":{\"@type\":\"ImageObject\",\"inLanguage\":\"de\",\"@id\":\"https:\\\/\\\/sgierpartner.ch\\\/de\\\/#\\\/schema\\\/logo\\\/image\\\/\",\"url\":\"https:\\\/\\\/sgierpartner.ch\\\/wp-content\\\/uploads\\\/SP-Logo-Footer-farbig.png\",\"contentUrl\":\"https:\\\/\\\/sgierpartner.ch\\\/wp-content\\\/uploads\\\/SP-Logo-Footer-farbig.png\",\"width\":2058,\"height\":326,\"caption\":\"Sgier + Partner GmbH\"},\"image\":{\"@id\":\"https:\\\/\\\/sgierpartner.ch\\\/de\\\/#\\\/schema\\\/logo\\\/image\\\/\"}}]}<\/script>\n<!-- \/ Yoast SEO plugin. -->","yoast_head_json":{"title":"Massgeschneiderte Schulungen zu Arbeitsbewilligungen - Workpermit + Arbeitsbewilligungen Spezialist","description":"Personenfreiz\u00fcgigkeit, Kontingente, EU- und Nicht EU Personen....Welches sind die Auswirkungen auf das Einholen von Arbeitsbewilligungen in ihrem Betrieb?","robots":{"index":"index","follow":"follow","max-snippet":"max-snippet:-1","max-image-preview":"max-image-preview:large","max-video-preview":"max-video-preview:-1"},"canonical":"https:\/\/sgierpartner.ch\/de\/schulung-update-sessions\/","og_locale":"de_DE","og_type":"article","og_title":"Massgeschneiderte Schulungen zu Arbeitsbewilligungen - Workpermit + Arbeitsbewilligungen Spezialist","og_description":"Personenfreiz\u00fcgigkeit, Kontingente, EU- und Nicht EU Personen....Welches sind die Auswirkungen auf das Einholen von Arbeitsbewilligungen in ihrem Betrieb?","og_url":"https:\/\/sgierpartner.ch\/de\/schulung-update-sessions\/","og_site_name":"Workpermit + Arbeitsbewilligungen Spezialist","article_modified_time":"2020-06-10T07:15:26+00:00","og_image":[{"width":1000,"height":1000,"url":"https:\/\/sgierpartner.ch\/wp-content\/uploads\/Sgier-Partner-B\u00fcros3-1.jpg","type":"image\/jpeg"}],"twitter_card":"summary_large_image","twitter_misc":{"Gesch\u00e4tzte Lesezeit":"8\u00a0Minuten"},"schema":{"@context":"https:\/\/schema.org","@graph":[{"@type":"WebPage","@id":"https:\/\/sgierpartner.ch\/de\/schulung-update-sessions\/","url":"https:\/\/sgierpartner.ch\/de\/schulung-update-sessions\/","name":"Massgeschneiderte Schulungen zu Arbeitsbewilligungen - Workpermit + Arbeitsbewilligungen Spezialist","isPartOf":{"@id":"https:\/\/sgierpartner.ch\/de\/#website"},"primaryImageOfPage":{"@id":"https:\/\/sgierpartner.ch\/de\/schulung-update-sessions\/#primaryimage"},"image":{"@id":"https:\/\/sgierpartner.ch\/de\/schulung-update-sessions\/#primaryimage"},"thumbnailUrl":"https:\/\/sgierpartner.ch\/wp-content\/uploads\/Sgier-Partner-B\u00fcros3-1.jpg","datePublished":"2020-04-29T07:28:10+00:00","dateModified":"2020-06-10T07:15:26+00:00","description":"Personenfreiz\u00fcgigkeit, Kontingente, EU- und Nicht EU Personen....Welches sind die Auswirkungen auf das Einholen von Arbeitsbewilligungen in ihrem Betrieb?","breadcrumb":{"@id":"https:\/\/sgierpartner.ch\/de\/schulung-update-sessions\/#breadcrumb"},"inLanguage":"de","potentialAction":[{"@type":"ReadAction","target":["https:\/\/sgierpartner.ch\/de\/schulung-update-sessions\/"]}]},{"@type":"ImageObject","inLanguage":"de","@id":"https:\/\/sgierpartner.ch\/de\/schulung-update-sessions\/#primaryimage","url":"https:\/\/sgierpartner.ch\/wp-content\/uploads\/Sgier-Partner-B\u00fcros3-1.jpg","contentUrl":"https:\/\/sgierpartner.ch\/wp-content\/uploads\/Sgier-Partner-B\u00fcros3-1.jpg","width":1000,"height":1000,"caption":"swiss immigration + relocation services in Switzerland: Zurich, Geneva, Zug, Lugano, Basle, Berne, Lausanne"},{"@type":"BreadcrumbList","@id":"https:\/\/sgierpartner.ch\/de\/schulung-update-sessions\/#breadcrumb","itemListElement":[{"@type":"ListItem","position":1,"name":"Startseite","item":"https:\/\/sgierpartner.ch\/de\/"},{"@type":"ListItem","position":2,"name":"Schulung \/ Update Sessions"}]},{"@type":"WebSite","@id":"https:\/\/sgierpartner.ch\/de\/#website","url":"https:\/\/sgierpartner.ch\/de\/","name":"Sgier+Partner","description":"swiss immigration+relocation","publisher":{"@id":"https:\/\/sgierpartner.ch\/de\/#organization"},"potentialAction":[{"@type":"SearchAction","target":{"@type":"EntryPoint","urlTemplate":"https:\/\/sgierpartner.ch\/de\/?s={search_term_string}"},"query-input":{"@type":"PropertyValueSpecification","valueRequired":true,"valueName":"search_term_string"}}],"inLanguage":"de"},{"@type":"Organization","@id":"https:\/\/sgierpartner.ch\/de\/#organization","name":"Sgier + Partner GmbH","url":"https:\/\/sgierpartner.ch\/de\/","logo":{"@type":"ImageObject","inLanguage":"de","@id":"https:\/\/sgierpartner.ch\/de\/#\/schema\/logo\/image\/","url":"https:\/\/sgierpartner.ch\/wp-content\/uploads\/SP-Logo-Footer-farbig.png","contentUrl":"https:\/\/sgierpartner.ch\/wp-content\/uploads\/SP-Logo-Footer-farbig.png","width":2058,"height":326,"caption":"Sgier + Partner GmbH"},"image":{"@id":"https:\/\/sgierpartner.ch\/de\/#\/schema\/logo\/image\/"}}]}},"_links":{"self":[{"href":"https:\/\/sgierpartner.ch\/de\/wp-json\/wp\/v2\/pages\/2274","targetHints":{"allow":["GET"]}}],"collection":[{"href":"https:\/\/sgierpartner.ch\/de\/wp-json\/wp\/v2\/pages"}],"about":[{"href":"https:\/\/sgierpartner.ch\/de\/wp-json\/wp\/v2\/types\/page"}],"author":[{"embeddable":true,"href":"https:\/\/sgierpartner.ch\/de\/wp-json\/wp\/v2\/users\/1"}],"replies":[{"embeddable":true,"href":"https:\/\/sgierpartner.ch\/de\/wp-json\/wp\/v2\/comments?post=2274"}],"version-history":[{"count":0,"href":"https:\/\/sgierpartner.ch\/de\/wp-json\/wp\/v2\/pages\/2274\/revisions"}],"wp:featuredmedia":[{"embeddable":true,"href":"https:\/\/sgierpartner.ch\/de\/wp-json\/wp\/v2\/media\/3107"}],"wp:attachment":[{"href":"https:\/\/sgierpartner.ch\/de\/wp-json\/wp\/v2\/media?parent=2274"}],"wp:term":[{"taxonomy":"wf_page_folders","embeddable":true,"href":"https:\/\/sgierpartner.ch\/de\/wp-json\/wp\/v2\/wf_page_folders?post=2274"}],"curies":[{"name":"wp","href":"https:\/\/api.w.org\/{rel}","templated":true}]}}