{"id":2313,"date":"2020-04-29T10:51:15","date_gmt":"2020-04-29T08:51:15","guid":{"rendered":"http:\/\/975ciacxzt.preview.infomaniak.website\/sgierpartner\/?page_id=2313"},"modified":"2020-05-29T08:06:03","modified_gmt":"2020-05-29T06:06:03","slug":"relo24","status":"publish","type":"page","link":"https:\/\/sgierpartner.ch\/de\/relo24\/","title":{"rendered":"Relo24\u00ae"},"content":{"rendered":"<p>[et_pb_section fb_built=&#8221;1&#8243; fullwidth=&#8221;on&#8221; _builder_version=&#8221;4.4.3&#8243;][et_pb_fullwidth_image src=&#8221;https:\/\/sgierpartner.ch\/wp-content\/uploads\/Relo24-relocation-switzerland.jpg&#8221; alt=&#8221;Relo24 ist die Software von Sgier + Partner f\u00fcr Relocation Programme&#8221; title_text=&#8221;Relo24 Relocation Software | swiss immigration+relocation&#8221; _builder_version=&#8221;4.4.7&#8243;][\/et_pb_fullwidth_image][\/et_pb_section][et_pb_section fb_built=&#8221;1&#8243; _builder_version=&#8221;4.4.3&#8243;][et_pb_row _builder_version=&#8221;4.4.3&#8243; custom_margin=&#8221;0px||||false|false&#8221;][et_pb_column type=&#8221;4_4&#8243; _builder_version=&#8221;4.4.3&#8243;][et_pb_text _builder_version=&#8221;4.4.3&#8243; custom_margin=&#8221;||||false|false&#8221;]<\/p>\n<h1>Relo24\u00ae &#8211; Destination Services<\/h1>\n<p>[\/et_pb_text][et_pb_menu menu_id=&#8221;44&#8243; disabled_on=&#8221;on|off|off&#8221; _builder_version=&#8221;4.4.7&#8243; hover_enabled=&#8221;0&#8243;][\/et_pb_menu][\/et_pb_column][\/et_pb_row][\/et_pb_section][et_pb_section fb_built=&#8221;1&#8243; _builder_version=&#8221;4.4.3&#8243;][et_pb_row column_structure=&#8221;3_5,2_5&#8243; _builder_version=&#8221;4.4.3&#8243;][et_pb_column type=&#8221;3_5&#8243; _builder_version=&#8221;4.4.3&#8243;][et_pb_text _builder_version=&#8221;4.4.3&#8243;]<\/p>\n<div class=\"ce_text lead block\">\n<h4>Relo24\u00ae ist eine von Sgier + Partner entwickelte, web-basierte Softwarel\u00f6sung, die den gesamten Destinationsservice optimiert, wesentlich \u00fcbersichtlicher macht und dem Kunden Managementdaten bereitstellt, die l\u00fcckenloses Tracking, volle Transparenz und aussagekr\u00e4ftige Reports garantieren, und zwar 24\/7.<\/h4>\n<\/div>\n<p>[\/et_pb_text][et_pb_image src=&#8221;https:\/\/sgierpartner.ch\/wp-content\/uploads\/Relo24-Login-relocation-destination-switzerland-1.png&#8221; alt=&#8221;Relo24 &#8211; Relocation Software Sgier + Partner&#8221; title_text=&#8221;Relo24 | Relocation Software&#8221; _builder_version=&#8221;4.4.7&#8243;][\/et_pb_image][et_pb_text _builder_version=&#8221;4.4.3&#8243;]<\/p>\n<div class=\"ce_text lead block\">\n<p><span>Relo24\u00ae beinhaltet das ganze Erfahrungskonzentrat, das sich Sgier und Partner seit der Gr\u00fcndung erarbeitet hat. Das kommt heute dem Kunden zugute. Sobald ein neuer Auftrag im Relo24\u00ae eingegeben ist, beginnt das Sgier + Partner Relocation Team sofort mit der Bearbeitung des neuen Falles. Der Mitarbeiter wird umgehend von einem Relocation Berater kontaktiert, um alle Details aufzunehmen. Die autorsierende Person z.B. im HR verfolgt nur noch den weiteren Verlauf des Auftrages dank Relo24\u00ae. So ist er jederzeit auf dem Laufenden und kann optimal planen. Ende Monat oder wann immer der Kunde es w\u00fcnscht, liefert Relo24\u00ae s\u00e4mtliche Managementdaten im Powerpoint Format.<\/span><\/p>\n<\/div>\n<p>[\/et_pb_text][\/et_pb_column][et_pb_column type=&#8221;2_5&#8243; _builder_version=&#8221;4.4.3&#8243;][et_pb_circle_counter number=&#8221;100&#8243; bar_bg_color=&#8221;#011ca7&#8243; _builder_version=&#8221;4.4.3&#8243; title_level=&#8221;h4&#8243; title_text_color=&#8221;#493f3f&#8221; module_alignment=&#8221;left&#8221;][\/et_pb_circle_counter][et_pb_blurb title=&#8221;100% Kontrolle und Transparenz&#8221; icon_alignment=&#8221;center&#8221; _builder_version=&#8221;4.4.3&#8243; header_level=&#8221;h4&#8243;]<\/p>\n<ul>\n<li style=\"text-align: left;\">Immer auf dem neuesten Stand<\/li>\n<li style=\"text-align: left;\">24\/7 webbasierter Zugriff<\/li>\n<li style=\"text-align: left;\">360\u00b0 \u00dcberblick \u00fcber alle laufenden Relocation Auftr\u00e4ge<\/li>\n<li style=\"text-align: left;\"><span style=\"font-size: 16px;\">Zugang nur f\u00fcr autorisierte HR Mitarbeitende<\/span><\/li>\n<li style=\"text-align: left;\">H\u00f6chste Sicherheit &#8211; SSL verschl\u00fcsselt<\/li>\n<\/ul>\n<p>[\/et_pb_blurb][et_pb_image src=&#8221;https:\/\/sgierpartner.ch\/wp-content\/uploads\/Logo_Relo24_V2-relocation-destination-switzerland.png&#8221; alt=&#8221;Relo24 &#8211; die Software von Sgier + Partner f\u00fcr Relocation Programme&#8221; title_text=&#8221;Relo24 Software | swiss immigration + relocation services&#8221; _builder_version=&#8221;4.4.7&#8243; max_width=&#8221;40%&#8221; module_alignment=&#8221;left&#8221; custom_margin=&#8221;||||false|false&#8221;][\/et_pb_image][\/et_pb_column][\/et_pb_row][\/et_pb_section]<\/p>\n","protected":false},"excerpt":{"rendered":"<p>Relo24\u00ae beinhaltet das ganze Erfahrungskonzentrat, das sich Sgier und Partner seit der Gr\u00fcndung erarbeitet hat. Das kommt heute dem Kunden zugute. Sobald ein neuer Auftrag im Relo24\u00ae eingegeben ist, beginnt das Sgier + Partner Relocation Team sofort mit der Bearbeitung des neuen Falles. <\/p>\n","protected":false},"author":1,"featured_media":3366,"parent":0,"menu_order":0,"comment_status":"closed","ping_status":"closed","template":"","meta":{"_et_pb_use_builder":"on","_et_pb_old_content":"","_et_gb_content_width":"","footnotes":""},"wf_page_folders":[87],"class_list":["post-2313","page","type-page","status-publish","has-post-thumbnail","hentry"],"yoast_head":"<!-- This site is optimized with the Yoast SEO plugin v27.4 - https:\/\/yoast.com\/product\/yoast-seo-wordpress\/ -->\n<title>Relo24 - Software f\u00fcr Destination und Relocation Dienste - Workpermit + Arbeitsbewilligungen Spezialist<\/title>\n<meta name=\"description\" content=\"Relo24\u00ae ist eine von Sgier + Partner entwickelte Web Applikation, die den gesamten Destinationsservice optimiert und l\u00fcckenlos verfolgt, und zwar 24\/7.\" \/>\n<meta name=\"robots\" content=\"index, follow, max-snippet:-1, max-image-preview:large, max-video-preview:-1\" \/>\n<link rel=\"canonical\" href=\"https:\/\/sgierpartner.ch\/de\/relo24\/\" \/>\n<meta property=\"og:locale\" content=\"de_DE\" \/>\n<meta property=\"og:type\" content=\"article\" \/>\n<meta property=\"og:title\" content=\"Relo24 - Software f\u00fcr Destination und Relocation Dienste - Workpermit + Arbeitsbewilligungen Spezialist\" \/>\n<meta property=\"og:description\" content=\"Relo24\u00ae ist eine von Sgier + Partner entwickelte Web Applikation, die den gesamten Destinationsservice optimiert und l\u00fcckenlos verfolgt, und zwar 24\/7.\" \/>\n<meta property=\"og:url\" content=\"https:\/\/sgierpartner.ch\/de\/relo24\/\" \/>\n<meta property=\"og:site_name\" content=\"Workpermit + Arbeitsbewilligungen Spezialist\" \/>\n<meta property=\"article:modified_time\" content=\"2020-05-29T06:06:03+00:00\" \/>\n<meta property=\"og:image\" content=\"https:\/\/sgierpartner.ch\/wp-content\/uploads\/Logo_Relo24_V2-relocation-destination-switzerland.png\" \/>\n\t<meta property=\"og:image:width\" content=\"500\" \/>\n\t<meta property=\"og:image:height\" content=\"500\" \/>\n\t<meta property=\"og:image:type\" content=\"image\/png\" \/>\n<meta name=\"twitter:card\" content=\"summary_large_image\" \/>\n<meta name=\"twitter:label1\" content=\"Gesch\u00e4tzte Lesezeit\" \/>\n\t<meta name=\"twitter:data1\" content=\"2\u00a0Minuten\" \/>\n<script type=\"application\/ld+json\" class=\"yoast-schema-graph\">{\"@context\":\"https:\\\/\\\/schema.org\",\"@graph\":[{\"@type\":\"WebPage\",\"@id\":\"https:\\\/\\\/sgierpartner.ch\\\/de\\\/relo24\\\/\",\"url\":\"https:\\\/\\\/sgierpartner.ch\\\/de\\\/relo24\\\/\",\"name\":\"Relo24 - Software f\u00fcr Destination und Relocation Dienste - Workpermit + Arbeitsbewilligungen Spezialist\",\"isPartOf\":{\"@id\":\"https:\\\/\\\/sgierpartner.ch\\\/de\\\/#website\"},\"primaryImageOfPage\":{\"@id\":\"https:\\\/\\\/sgierpartner.ch\\\/de\\\/relo24\\\/#primaryimage\"},\"image\":{\"@id\":\"https:\\\/\\\/sgierpartner.ch\\\/de\\\/relo24\\\/#primaryimage\"},\"thumbnailUrl\":\"https:\\\/\\\/sgierpartner.ch\\\/wp-content\\\/uploads\\\/Logo_Relo24_V2-relocation-destination-switzerland.png\",\"datePublished\":\"2020-04-29T08:51:15+00:00\",\"dateModified\":\"2020-05-29T06:06:03+00:00\",\"description\":\"Relo24\u00ae ist eine von Sgier + Partner entwickelte Web Applikation, die den gesamten Destinationsservice optimiert und l\u00fcckenlos verfolgt, und zwar 24\\\/7.\",\"breadcrumb\":{\"@id\":\"https:\\\/\\\/sgierpartner.ch\\\/de\\\/relo24\\\/#breadcrumb\"},\"inLanguage\":\"de\",\"potentialAction\":[{\"@type\":\"ReadAction\",\"target\":[\"https:\\\/\\\/sgierpartner.ch\\\/de\\\/relo24\\\/\"]}]},{\"@type\":\"ImageObject\",\"inLanguage\":\"de\",\"@id\":\"https:\\\/\\\/sgierpartner.ch\\\/de\\\/relo24\\\/#primaryimage\",\"url\":\"https:\\\/\\\/sgierpartner.ch\\\/wp-content\\\/uploads\\\/Logo_Relo24_V2-relocation-destination-switzerland.png\",\"contentUrl\":\"https:\\\/\\\/sgierpartner.ch\\\/wp-content\\\/uploads\\\/Logo_Relo24_V2-relocation-destination-switzerland.png\",\"width\":500,\"height\":500,\"caption\":\"swiss immigration + relocation services in Switzerland: Zurich, Geneva, Zug, Lugano, Basle, Berne, Lausanne\"},{\"@type\":\"BreadcrumbList\",\"@id\":\"https:\\\/\\\/sgierpartner.ch\\\/de\\\/relo24\\\/#breadcrumb\",\"itemListElement\":[{\"@type\":\"ListItem\",\"position\":1,\"name\":\"Startseite\",\"item\":\"https:\\\/\\\/sgierpartner.ch\\\/de\\\/\"},{\"@type\":\"ListItem\",\"position\":2,\"name\":\"Relo24\u00ae\"}]},{\"@type\":\"WebSite\",\"@id\":\"https:\\\/\\\/sgierpartner.ch\\\/de\\\/#website\",\"url\":\"https:\\\/\\\/sgierpartner.ch\\\/de\\\/\",\"name\":\"Sgier+Partner\",\"description\":\"swiss immigration+relocation\",\"publisher\":{\"@id\":\"https:\\\/\\\/sgierpartner.ch\\\/de\\\/#organization\"},\"potentialAction\":[{\"@type\":\"SearchAction\",\"target\":{\"@type\":\"EntryPoint\",\"urlTemplate\":\"https:\\\/\\\/sgierpartner.ch\\\/de\\\/?s={search_term_string}\"},\"query-input\":{\"@type\":\"PropertyValueSpecification\",\"valueRequired\":true,\"valueName\":\"search_term_string\"}}],\"inLanguage\":\"de\"},{\"@type\":\"Organization\",\"@id\":\"https:\\\/\\\/sgierpartner.ch\\\/de\\\/#organization\",\"name\":\"Sgier + Partner GmbH\",\"url\":\"https:\\\/\\\/sgierpartner.ch\\\/de\\\/\",\"logo\":{\"@type\":\"ImageObject\",\"inLanguage\":\"de\",\"@id\":\"https:\\\/\\\/sgierpartner.ch\\\/de\\\/#\\\/schema\\\/logo\\\/image\\\/\",\"url\":\"https:\\\/\\\/sgierpartner.ch\\\/wp-content\\\/uploads\\\/SP-Logo-Footer-farbig.png\",\"contentUrl\":\"https:\\\/\\\/sgierpartner.ch\\\/wp-content\\\/uploads\\\/SP-Logo-Footer-farbig.png\",\"width\":2058,\"height\":326,\"caption\":\"Sgier + Partner GmbH\"},\"image\":{\"@id\":\"https:\\\/\\\/sgierpartner.ch\\\/de\\\/#\\\/schema\\\/logo\\\/image\\\/\"}}]}<\/script>\n<!-- \/ Yoast SEO plugin. -->","yoast_head_json":{"title":"Relo24 - Software f\u00fcr Destination und Relocation Dienste - Workpermit + Arbeitsbewilligungen Spezialist","description":"Relo24\u00ae ist eine von Sgier + Partner entwickelte Web Applikation, die den gesamten Destinationsservice optimiert und l\u00fcckenlos verfolgt, und zwar 24\/7.","robots":{"index":"index","follow":"follow","max-snippet":"max-snippet:-1","max-image-preview":"max-image-preview:large","max-video-preview":"max-video-preview:-1"},"canonical":"https:\/\/sgierpartner.ch\/de\/relo24\/","og_locale":"de_DE","og_type":"article","og_title":"Relo24 - Software f\u00fcr Destination und Relocation Dienste - Workpermit + Arbeitsbewilligungen Spezialist","og_description":"Relo24\u00ae ist eine von Sgier + Partner entwickelte Web Applikation, die den gesamten Destinationsservice optimiert und l\u00fcckenlos verfolgt, und zwar 24\/7.","og_url":"https:\/\/sgierpartner.ch\/de\/relo24\/","og_site_name":"Workpermit + Arbeitsbewilligungen Spezialist","article_modified_time":"2020-05-29T06:06:03+00:00","og_image":[{"width":500,"height":500,"url":"https:\/\/sgierpartner.ch\/wp-content\/uploads\/Logo_Relo24_V2-relocation-destination-switzerland.png","type":"image\/png"}],"twitter_card":"summary_large_image","twitter_misc":{"Gesch\u00e4tzte Lesezeit":"2\u00a0Minuten"},"schema":{"@context":"https:\/\/schema.org","@graph":[{"@type":"WebPage","@id":"https:\/\/sgierpartner.ch\/de\/relo24\/","url":"https:\/\/sgierpartner.ch\/de\/relo24\/","name":"Relo24 - Software f\u00fcr Destination und Relocation Dienste - Workpermit + Arbeitsbewilligungen Spezialist","isPartOf":{"@id":"https:\/\/sgierpartner.ch\/de\/#website"},"primaryImageOfPage":{"@id":"https:\/\/sgierpartner.ch\/de\/relo24\/#primaryimage"},"image":{"@id":"https:\/\/sgierpartner.ch\/de\/relo24\/#primaryimage"},"thumbnailUrl":"https:\/\/sgierpartner.ch\/wp-content\/uploads\/Logo_Relo24_V2-relocation-destination-switzerland.png","datePublished":"2020-04-29T08:51:15+00:00","dateModified":"2020-05-29T06:06:03+00:00","description":"Relo24\u00ae ist eine von Sgier + Partner entwickelte Web Applikation, die den gesamten Destinationsservice optimiert und l\u00fcckenlos verfolgt, und zwar 24\/7.","breadcrumb":{"@id":"https:\/\/sgierpartner.ch\/de\/relo24\/#breadcrumb"},"inLanguage":"de","potentialAction":[{"@type":"ReadAction","target":["https:\/\/sgierpartner.ch\/de\/relo24\/"]}]},{"@type":"ImageObject","inLanguage":"de","@id":"https:\/\/sgierpartner.ch\/de\/relo24\/#primaryimage","url":"https:\/\/sgierpartner.ch\/wp-content\/uploads\/Logo_Relo24_V2-relocation-destination-switzerland.png","contentUrl":"https:\/\/sgierpartner.ch\/wp-content\/uploads\/Logo_Relo24_V2-relocation-destination-switzerland.png","width":500,"height":500,"caption":"swiss immigration + relocation services in Switzerland: Zurich, Geneva, Zug, Lugano, Basle, Berne, Lausanne"},{"@type":"BreadcrumbList","@id":"https:\/\/sgierpartner.ch\/de\/relo24\/#breadcrumb","itemListElement":[{"@type":"ListItem","position":1,"name":"Startseite","item":"https:\/\/sgierpartner.ch\/de\/"},{"@type":"ListItem","position":2,"name":"Relo24\u00ae"}]},{"@type":"WebSite","@id":"https:\/\/sgierpartner.ch\/de\/#website","url":"https:\/\/sgierpartner.ch\/de\/","name":"Sgier+Partner","description":"swiss immigration+relocation","publisher":{"@id":"https:\/\/sgierpartner.ch\/de\/#organization"},"potentialAction":[{"@type":"SearchAction","target":{"@type":"EntryPoint","urlTemplate":"https:\/\/sgierpartner.ch\/de\/?s={search_term_string}"},"query-input":{"@type":"PropertyValueSpecification","valueRequired":true,"valueName":"search_term_string"}}],"inLanguage":"de"},{"@type":"Organization","@id":"https:\/\/sgierpartner.ch\/de\/#organization","name":"Sgier + Partner GmbH","url":"https:\/\/sgierpartner.ch\/de\/","logo":{"@type":"ImageObject","inLanguage":"de","@id":"https:\/\/sgierpartner.ch\/de\/#\/schema\/logo\/image\/","url":"https:\/\/sgierpartner.ch\/wp-content\/uploads\/SP-Logo-Footer-farbig.png","contentUrl":"https:\/\/sgierpartner.ch\/wp-content\/uploads\/SP-Logo-Footer-farbig.png","width":2058,"height":326,"caption":"Sgier + Partner GmbH"},"image":{"@id":"https:\/\/sgierpartner.ch\/de\/#\/schema\/logo\/image\/"}}]}},"_links":{"self":[{"href":"https:\/\/sgierpartner.ch\/de\/wp-json\/wp\/v2\/pages\/2313","targetHints":{"allow":["GET"]}}],"collection":[{"href":"https:\/\/sgierpartner.ch\/de\/wp-json\/wp\/v2\/pages"}],"about":[{"href":"https:\/\/sgierpartner.ch\/de\/wp-json\/wp\/v2\/types\/page"}],"author":[{"embeddable":true,"href":"https:\/\/sgierpartner.ch\/de\/wp-json\/wp\/v2\/users\/1"}],"replies":[{"embeddable":true,"href":"https:\/\/sgierpartner.ch\/de\/wp-json\/wp\/v2\/comments?post=2313"}],"version-history":[{"count":0,"href":"https:\/\/sgierpartner.ch\/de\/wp-json\/wp\/v2\/pages\/2313\/revisions"}],"wp:featuredmedia":[{"embeddable":true,"href":"https:\/\/sgierpartner.ch\/de\/wp-json\/wp\/v2\/media\/3366"}],"wp:attachment":[{"href":"https:\/\/sgierpartner.ch\/de\/wp-json\/wp\/v2\/media?parent=2313"}],"wp:term":[{"taxonomy":"wf_page_folders","embeddable":true,"href":"https:\/\/sgierpartner.ch\/de\/wp-json\/wp\/v2\/wf_page_folders?post=2313"}],"curies":[{"name":"wp","href":"https:\/\/api.w.org\/{rel}","templated":true}]}}