{"id":6168,"date":"2021-04-23T18:12:34","date_gmt":"2021-04-23T16:12:34","guid":{"rendered":"https:\/\/sgierpartner.ch\/?page_id=6168"},"modified":"2023-09-20T15:29:13","modified_gmt":"2023-09-20T13:29:13","slug":"swiss-permit-check","status":"publish","type":"page","link":"https:\/\/sgierpartner.ch\/de\/swiss-permit-check\/","title":{"rendered":"Book a Swiss-Permit-Check"},"content":{"rendered":"<p>[et_pb_section fb_built=&#8221;1&#8243; fullwidth=&#8221;on&#8221; _builder_version=&#8221;4.16&#8243; global_colors_info=&#8221;{}&#8221; theme_builder_area=&#8221;post_content&#8221;][et_pb_fullwidth_image src=&#8221;https:\/\/sgierpartner.ch\/wp-content\/uploads\/Header-immigration-relocation-SgierPartner-1.jpg&#8221; alt=&#8221;Welcome to the Matterhorn &#8211; swiss immigration + relocation services&#8221; title_text=&#8221;Sgier + Partner Zurich, Switzerland | swiss immigration+relocation&#8221; _builder_version=&#8221;4.16&#8243; global_colors_info=&#8221;{}&#8221; theme_builder_area=&#8221;post_content&#8221;][\/et_pb_fullwidth_image][\/et_pb_section][et_pb_section fb_built=&#8221;1&#8243; _builder_version=&#8221;4.16&#8243; global_colors_info=&#8221;{}&#8221; theme_builder_area=&#8221;post_content&#8221;][et_pb_row _builder_version=&#8221;4.16&#8243; custom_margin=&#8221;0px||||false|false&#8221; global_colors_info=&#8221;{}&#8221; theme_builder_area=&#8221;post_content&#8221;][et_pb_column type=&#8221;4_4&#8243; _builder_version=&#8221;4.16&#8243; global_colors_info=&#8221;{}&#8221; theme_builder_area=&#8221;post_content&#8221;][et_pb_text _builder_version=&#8221;4.22.1&#8243; custom_margin=&#8221;||||false|false&#8221; global_colors_info=&#8221;{}&#8221; theme_builder_area=&#8221;post_content&#8221;]<\/p>\n<h1>\u00abSwiss-Permit-Check\u00bb f\u00fcr Firmen: CHF 120.00<\/h1>\n<p>[\/et_pb_text][et_pb_text _builder_version=&#8221;4.22.1&#8243; _module_preset=&#8221;default&#8221; custom_margin=&#8221;0px||0px||false|false&#8221; global_colors_info=&#8221;{}&#8221; theme_builder_area=&#8221;post_content&#8221;]<\/p>\n<p><strong>Der Vorab-Check f\u00fcr Firmen, die sich fragen, wie die Chancen stehen, eine Schweizer Arbeitsbewilligung f\u00fcr eine ausl\u00e4ndische Expertin oder einen ausl\u00e4ndischen Experten zu erhalten.<\/strong><\/p>\n<p>[\/et_pb_text][\/et_pb_column][\/et_pb_row][et_pb_row column_structure=&#8221;1_3,2_3&#8243; _builder_version=&#8221;4.16&#8243; background_enable_color=&#8221;off&#8221; custom_margin=&#8221;||||false|false&#8221; custom_padding=&#8221;4px||||false|false&#8221; global_colors_info=&#8221;{}&#8221; theme_builder_area=&#8221;post_content&#8221;][et_pb_column type=&#8221;1_3&#8243; _builder_version=&#8221;4.16&#8243; global_colors_info=&#8221;{}&#8221; theme_builder_area=&#8221;post_content&#8221;][et_pb_image src=&#8221;https:\/\/sgierpartner.ch\/wp-content\/uploads\/Immigration-Switzerland-Woman3a-scaled.jpg&#8221; title_text=&#8221;Young Woman with red notebook. Education or business concept&#8221; url=&#8221;@ET-DC@eyJkeW5hbWljIjp0cnVlLCJjb250ZW50IjoicG9zdF9saW5rX3VybF9wYWdlIiwic2V0dGluZ3MiOnsicG9zdF9pZCI6IjYxNjgifX0=@&#8221; _builder_version=&#8221;4.22.1&#8243; _dynamic_attributes=&#8221;url&#8221; _module_preset=&#8221;default&#8221; global_colors_info=&#8221;{}&#8221; theme_builder_area=&#8221;post_content&#8221;][\/et_pb_image][\/et_pb_column][et_pb_column type=&#8221;2_3&#8243; _builder_version=&#8221;4.16&#8243; global_colors_info=&#8221;{}&#8221; theme_builder_area=&#8221;post_content&#8221;][et_pb_text _builder_version=&#8221;4.22.1&#8243; _module_preset=&#8221;default&#8221; custom_margin=&#8221;||||false|true&#8221; global_colors_info=&#8221;{}&#8221; theme_builder_area=&#8221;post_content&#8221;]<\/p>\n<p>Seit \u00fcber 20 Jahren sind wir Ihr verl\u00e4sslicher Partner auf dem Weg zur erfolgreichen Integration ausl\u00e4ndischer Fachkr\u00e4fte in den Schweizer Arbeitsmarkt. Unsere Expertise und enge Zusammenarbeit mit den Arbeits\u00e4mtern in allen Kantonen der Schweiz machen uns zum idealen Berater in Sachen Immigration.<\/p>\n<p>Mit dem <strong>\u00abSwiss-Permit-Check\u00bb<\/strong> bieten wir einen exklusiven Vorab-Service an, der die Chancen einer erfolgreichen Arbeitsbewilligung innerhalb von <strong>nur 48 Stunden<\/strong> pr\u00e4zise evaluiert. F\u00fcr <strong>nur CHF 120.00<\/strong>\u00a0erhalten Sie:<\/p>\n<ul>\n<li><strong>Professionelle Pr\u00fcfung Ihres Falls<\/strong>: Unsere Immigrationsspezialisten bewerten die individuellen Details und Dokumente Ihres Falls, um die Erfolgschancen realistisch einzusch\u00e4tzen.<\/li>\n<li><strong>Pers\u00f6nliche Beratung:<\/strong> In einem direkten Telefongespr\u00e4ch informieren wir Sie \u00fcber die Ergebnisse der Pr\u00fcfung und skizzieren die m\u00f6glichen n\u00e4chsten Schritte.<\/li>\n<li><strong>Flexibilit\u00e4t und Kontrolle:<\/strong> Sie entscheiden, wie es weitergeht \u2013 ob Sie den Antrag selbst einreichen oder unsere Expertise f\u00fcr den gesamten Prozess nutzen m\u00f6chten.<\/li>\n<\/ul>\n<p>Mit dem \u00ab<strong>Swiss-Permit-Check\u00bb<\/strong> gehen Sie kein Risiko ein: Sie erhalten eine fundierte, professionelle Einsch\u00e4tzung, ob sich eine Gesuchstellung lohnt, bevor Sie Ressourcen hineinstecken. Jetzt den Service ausprobieren.<\/p>\n<p>[\/et_pb_text][et_pb_button button_url=&#8221;https:\/\/sgierpartner.ch\/en\/swiss-permit-check-form&#8221; button_text=&#8221;\u00abSwiss-Permit-Check\u00bb buchen&#8221; button_alignment=&#8221;left&#8221; _builder_version=&#8221;4.22.1&#8243; button_bg_color=&#8221;#011ca7&#8243; global_colors_info=&#8221;{}&#8221; button_text__hover_enabled=&#8221;off|hover&#8221; button_text__hover=&#8221;Reservieren Sie noch heute&#8221; theme_builder_area=&#8221;post_content&#8221;][\/et_pb_button][\/et_pb_column][\/et_pb_row][\/et_pb_section]<\/p>\n","protected":false},"excerpt":{"rendered":"<p>\u00abSwiss-Permit-Check\u00bb f\u00fcr Firmen: CHF 120.00Der Vorab-Check f\u00fcr Firmen, die sich fragen, wie die Chancen stehen, eine Schweizer Arbeitsbewilligung f\u00fcr eine ausl\u00e4ndische Expertin oder einen ausl\u00e4ndischen Experten zu erhalten.Seit \u00fcber 20 Jahren sind wir Ihr verl\u00e4sslicher Partner auf dem Weg zur erfolgreichen Integration ausl\u00e4ndischer Fachkr\u00e4fte in den Schweizer Arbeitsmarkt. Unsere Expertise und enge Zusammenarbeit mit den [&hellip;]<\/p>\n","protected":false},"author":1,"featured_media":0,"parent":0,"menu_order":0,"comment_status":"closed","ping_status":"closed","template":"","meta":{"_et_pb_use_builder":"on","_et_pb_old_content":"","_et_gb_content_width":"","footnotes":""},"wf_page_folders":[86],"class_list":["post-6168","page","type-page","status-publish","hentry"],"yoast_head":"<!-- This site is optimized with the Yoast SEO plugin v27.4 - https:\/\/yoast.com\/product\/yoast-seo-wordpress\/ -->\n<title>Book a Swiss-Permit-Check - swiss immigration+relocation services<\/title>\n<meta name=\"description\" content=\"Vorab-Check f\u00fcr Firmen, die sich fragen, wie die Chancen stehen, eine Arbeitsbewilligung f\u00fcr ausl\u00e4ndische Expert:innen zu erhalten.\" \/>\n<meta name=\"robots\" content=\"index, follow, max-snippet:-1, max-image-preview:large, max-video-preview:-1\" \/>\n<link rel=\"canonical\" href=\"https:\/\/sgierpartner.ch\/de\/swiss-permit-check\/\" \/>\n<meta property=\"og:locale\" content=\"de_DE\" \/>\n<meta property=\"og:type\" content=\"article\" \/>\n<meta property=\"og:title\" content=\"Book a Swiss-Permit-Check - swiss immigration+relocation services\" \/>\n<meta property=\"og:description\" content=\"Vorab-Check f\u00fcr Firmen, die sich fragen, wie die Chancen stehen, eine Arbeitsbewilligung f\u00fcr ausl\u00e4ndische Expert:innen zu erhalten.\" \/>\n<meta property=\"og:url\" content=\"https:\/\/sgierpartner.ch\/de\/swiss-permit-check\/\" \/>\n<meta property=\"og:site_name\" content=\"Workpermit + Arbeitsbewilligungen Spezialist\" \/>\n<meta property=\"article:modified_time\" content=\"2023-09-20T13:29:13+00:00\" \/>\n<meta name=\"twitter:card\" content=\"summary_large_image\" \/>\n<meta name=\"twitter:label1\" content=\"Gesch\u00e4tzte Lesezeit\" \/>\n\t<meta name=\"twitter:data1\" content=\"2\u00a0Minuten\" \/>\n<script type=\"application\/ld+json\" class=\"yoast-schema-graph\">{\"@context\":\"https:\\\/\\\/schema.org\",\"@graph\":[{\"@type\":\"WebPage\",\"@id\":\"https:\\\/\\\/sgierpartner.ch\\\/de\\\/swiss-permit-check\\\/\",\"url\":\"https:\\\/\\\/sgierpartner.ch\\\/de\\\/swiss-permit-check\\\/\",\"name\":\"Book a Swiss-Permit-Check - swiss immigration+relocation services\",\"isPartOf\":{\"@id\":\"https:\\\/\\\/sgierpartner.ch\\\/de\\\/#website\"},\"datePublished\":\"2021-04-23T16:12:34+00:00\",\"dateModified\":\"2023-09-20T13:29:13+00:00\",\"description\":\"Vorab-Check f\u00fcr Firmen, die sich fragen, wie die Chancen stehen, eine Arbeitsbewilligung f\u00fcr ausl\u00e4ndische Expert:innen zu erhalten.\",\"breadcrumb\":{\"@id\":\"https:\\\/\\\/sgierpartner.ch\\\/de\\\/swiss-permit-check\\\/#breadcrumb\"},\"inLanguage\":\"de\",\"potentialAction\":[{\"@type\":\"ReadAction\",\"target\":[\"https:\\\/\\\/sgierpartner.ch\\\/de\\\/swiss-permit-check\\\/\"]}]},{\"@type\":\"BreadcrumbList\",\"@id\":\"https:\\\/\\\/sgierpartner.ch\\\/de\\\/swiss-permit-check\\\/#breadcrumb\",\"itemListElement\":[{\"@type\":\"ListItem\",\"position\":1,\"name\":\"Startseite\",\"item\":\"https:\\\/\\\/sgierpartner.ch\\\/de\\\/\"},{\"@type\":\"ListItem\",\"position\":2,\"name\":\"Book a Swiss-Permit-Check\"}]},{\"@type\":\"WebSite\",\"@id\":\"https:\\\/\\\/sgierpartner.ch\\\/de\\\/#website\",\"url\":\"https:\\\/\\\/sgierpartner.ch\\\/de\\\/\",\"name\":\"Sgier+Partner\",\"description\":\"swiss immigration+relocation\",\"publisher\":{\"@id\":\"https:\\\/\\\/sgierpartner.ch\\\/de\\\/#organization\"},\"potentialAction\":[{\"@type\":\"SearchAction\",\"target\":{\"@type\":\"EntryPoint\",\"urlTemplate\":\"https:\\\/\\\/sgierpartner.ch\\\/de\\\/?s={search_term_string}\"},\"query-input\":{\"@type\":\"PropertyValueSpecification\",\"valueRequired\":true,\"valueName\":\"search_term_string\"}}],\"inLanguage\":\"de\"},{\"@type\":\"Organization\",\"@id\":\"https:\\\/\\\/sgierpartner.ch\\\/de\\\/#organization\",\"name\":\"Sgier + Partner GmbH\",\"url\":\"https:\\\/\\\/sgierpartner.ch\\\/de\\\/\",\"logo\":{\"@type\":\"ImageObject\",\"inLanguage\":\"de\",\"@id\":\"https:\\\/\\\/sgierpartner.ch\\\/de\\\/#\\\/schema\\\/logo\\\/image\\\/\",\"url\":\"https:\\\/\\\/sgierpartner.ch\\\/wp-content\\\/uploads\\\/SP-Logo-Footer-farbig.png\",\"contentUrl\":\"https:\\\/\\\/sgierpartner.ch\\\/wp-content\\\/uploads\\\/SP-Logo-Footer-farbig.png\",\"width\":2058,\"height\":326,\"caption\":\"Sgier + Partner GmbH\"},\"image\":{\"@id\":\"https:\\\/\\\/sgierpartner.ch\\\/de\\\/#\\\/schema\\\/logo\\\/image\\\/\"}}]}<\/script>\n<!-- \/ Yoast SEO plugin. -->","yoast_head_json":{"title":"Book a Swiss-Permit-Check - swiss immigration+relocation services","description":"Vorab-Check f\u00fcr Firmen, die sich fragen, wie die Chancen stehen, eine Arbeitsbewilligung f\u00fcr ausl\u00e4ndische Expert:innen zu erhalten.","robots":{"index":"index","follow":"follow","max-snippet":"max-snippet:-1","max-image-preview":"max-image-preview:large","max-video-preview":"max-video-preview:-1"},"canonical":"https:\/\/sgierpartner.ch\/de\/swiss-permit-check\/","og_locale":"de_DE","og_type":"article","og_title":"Book a Swiss-Permit-Check - swiss immigration+relocation services","og_description":"Vorab-Check f\u00fcr Firmen, die sich fragen, wie die Chancen stehen, eine Arbeitsbewilligung f\u00fcr ausl\u00e4ndische Expert:innen zu erhalten.","og_url":"https:\/\/sgierpartner.ch\/de\/swiss-permit-check\/","og_site_name":"Workpermit + Arbeitsbewilligungen Spezialist","article_modified_time":"2023-09-20T13:29:13+00:00","twitter_card":"summary_large_image","twitter_misc":{"Gesch\u00e4tzte Lesezeit":"2\u00a0Minuten"},"schema":{"@context":"https:\/\/schema.org","@graph":[{"@type":"WebPage","@id":"https:\/\/sgierpartner.ch\/de\/swiss-permit-check\/","url":"https:\/\/sgierpartner.ch\/de\/swiss-permit-check\/","name":"Book a Swiss-Permit-Check - swiss immigration+relocation services","isPartOf":{"@id":"https:\/\/sgierpartner.ch\/de\/#website"},"datePublished":"2021-04-23T16:12:34+00:00","dateModified":"2023-09-20T13:29:13+00:00","description":"Vorab-Check f\u00fcr Firmen, die sich fragen, wie die Chancen stehen, eine Arbeitsbewilligung f\u00fcr ausl\u00e4ndische Expert:innen zu erhalten.","breadcrumb":{"@id":"https:\/\/sgierpartner.ch\/de\/swiss-permit-check\/#breadcrumb"},"inLanguage":"de","potentialAction":[{"@type":"ReadAction","target":["https:\/\/sgierpartner.ch\/de\/swiss-permit-check\/"]}]},{"@type":"BreadcrumbList","@id":"https:\/\/sgierpartner.ch\/de\/swiss-permit-check\/#breadcrumb","itemListElement":[{"@type":"ListItem","position":1,"name":"Startseite","item":"https:\/\/sgierpartner.ch\/de\/"},{"@type":"ListItem","position":2,"name":"Book a Swiss-Permit-Check"}]},{"@type":"WebSite","@id":"https:\/\/sgierpartner.ch\/de\/#website","url":"https:\/\/sgierpartner.ch\/de\/","name":"Sgier+Partner","description":"swiss immigration+relocation","publisher":{"@id":"https:\/\/sgierpartner.ch\/de\/#organization"},"potentialAction":[{"@type":"SearchAction","target":{"@type":"EntryPoint","urlTemplate":"https:\/\/sgierpartner.ch\/de\/?s={search_term_string}"},"query-input":{"@type":"PropertyValueSpecification","valueRequired":true,"valueName":"search_term_string"}}],"inLanguage":"de"},{"@type":"Organization","@id":"https:\/\/sgierpartner.ch\/de\/#organization","name":"Sgier + Partner GmbH","url":"https:\/\/sgierpartner.ch\/de\/","logo":{"@type":"ImageObject","inLanguage":"de","@id":"https:\/\/sgierpartner.ch\/de\/#\/schema\/logo\/image\/","url":"https:\/\/sgierpartner.ch\/wp-content\/uploads\/SP-Logo-Footer-farbig.png","contentUrl":"https:\/\/sgierpartner.ch\/wp-content\/uploads\/SP-Logo-Footer-farbig.png","width":2058,"height":326,"caption":"Sgier + Partner GmbH"},"image":{"@id":"https:\/\/sgierpartner.ch\/de\/#\/schema\/logo\/image\/"}}]}},"_links":{"self":[{"href":"https:\/\/sgierpartner.ch\/de\/wp-json\/wp\/v2\/pages\/6168","targetHints":{"allow":["GET"]}}],"collection":[{"href":"https:\/\/sgierpartner.ch\/de\/wp-json\/wp\/v2\/pages"}],"about":[{"href":"https:\/\/sgierpartner.ch\/de\/wp-json\/wp\/v2\/types\/page"}],"author":[{"embeddable":true,"href":"https:\/\/sgierpartner.ch\/de\/wp-json\/wp\/v2\/users\/1"}],"replies":[{"embeddable":true,"href":"https:\/\/sgierpartner.ch\/de\/wp-json\/wp\/v2\/comments?post=6168"}],"version-history":[{"count":45,"href":"https:\/\/sgierpartner.ch\/de\/wp-json\/wp\/v2\/pages\/6168\/revisions"}],"predecessor-version":[{"id":8247,"href":"https:\/\/sgierpartner.ch\/de\/wp-json\/wp\/v2\/pages\/6168\/revisions\/8247"}],"wp:attachment":[{"href":"https:\/\/sgierpartner.ch\/de\/wp-json\/wp\/v2\/media?parent=6168"}],"wp:term":[{"taxonomy":"wf_page_folders","embeddable":true,"href":"https:\/\/sgierpartner.ch\/de\/wp-json\/wp\/v2\/wf_page_folders?post=6168"}],"curies":[{"name":"wp","href":"https:\/\/api.w.org\/{rel}","templated":true}]}}