{"id":5029,"date":"2020-05-22T08:53:47","date_gmt":"2020-05-22T06:53:47","guid":{"rendered":"http:\/\/975ciacxzt.preview.infomaniak.website\/sgierpartner\/jobs\/"},"modified":"2023-09-11T13:08:52","modified_gmt":"2023-09-11T11:08:52","slug":"jobs","status":"publish","type":"page","link":"https:\/\/sgierpartner.ch\/en\/jobs\/","title":{"rendered":"Jobs"},"content":{"rendered":"<p>[et_pb_section fb_built=&#8221;1&#8243; fullwidth=&#8221;on&#8221; _builder_version=&#8221;4.16&#8243; global_colors_info=&#8221;{}&#8221; theme_builder_area=&#8221;post_content&#8221;][et_pb_fullwidth_image src=&#8221;https:\/\/sgierpartner.ch\/wp-content\/uploads\/Himmel2-immigration-relocation-schweiz-2.jpg&#8221; alt=&#8221;Sgier + Partner | swiss immigration+relocation&#8221; title_text=&#8221;Sgier + Partner | swiss immigration+relocation&#8221; _builder_version=&#8221;4.16&#8243; global_colors_info=&#8221;{}&#8221; theme_builder_area=&#8221;post_content&#8221;][\/et_pb_fullwidth_image][\/et_pb_section][et_pb_section fb_built=&#8221;1&#8243; _builder_version=&#8221;4.16&#8243; global_colors_info=&#8221;{}&#8221; theme_builder_area=&#8221;post_content&#8221;][et_pb_row _builder_version=&#8221;4.16&#8243; custom_margin=&#8221;0px||||false|false&#8221; global_colors_info=&#8221;{}&#8221; theme_builder_area=&#8221;post_content&#8221;][et_pb_column type=&#8221;4_4&#8243; _builder_version=&#8221;4.16&#8243; global_colors_info=&#8221;{}&#8221; theme_builder_area=&#8221;post_content&#8221;][et_pb_text _builder_version=&#8221;4.16&#8243; custom_margin=&#8221;||||false|false&#8221; global_colors_info=&#8221;{}&#8221; theme_builder_area=&#8221;post_content&#8221;]<\/p>\n<h1 class=\"ce_headline first\">Jobs<\/h1>\n<p>[\/et_pb_text][et_pb_menu menu_id=&#8221;47&#8243; disabled_on=&#8221;on|off|off&#8221; _builder_version=&#8221;4.16&#8243; global_colors_info=&#8221;{}&#8221; theme_builder_area=&#8221;post_content&#8221;][\/et_pb_menu][\/et_pb_column][\/et_pb_row][et_pb_row column_structure=&#8221;3_4,1_4&#8243; _builder_version=&#8221;4.21.0&#8243; _module_preset=&#8221;default&#8221; global_colors_info=&#8221;{}&#8221; theme_builder_area=&#8221;post_content&#8221;][et_pb_column type=&#8221;3_4&#8243; _builder_version=&#8221;4.21.0&#8243; _module_preset=&#8221;default&#8221; global_colors_info=&#8221;{}&#8221; theme_builder_area=&#8221;post_content&#8221;][et_pb_text _builder_version=&#8221;4.21.0&#8243; custom_padding=&#8221;||0px|||&#8221; global_colors_info=&#8221;{}&#8221; theme_builder_area=&#8221;post_content&#8221;]<\/p>\n<h2>Immigration Consultant (m\/w\/d)<\/h2>\n<p><strong><\/strong><\/p>\n<p><strong>Wer wir sind:<\/strong><br \/><strong><\/strong><\/p>\n<p>Das Sgier + Partner Team ist spezialisiert auf die Erbringung all jener Services, die eine Niederlassung oder einen Aufenthalt in der Schweiz zum Erfolg machen: Von der Arbeits- und Aufenthaltsbewilligung \u00fcber eine komplette Relocation- und Expatriates-Unterst\u00fctzung, Firmengr\u00fcndungen und Marktintegration sowie Standort-\/Steuerfragen bis hin zu allen Fragen rund um das Arbeits- und Sozialversicherungsrecht. Unsere Kunden (vom Klein- bis Grossunternehmen aber auch Privatpersonen) sch\u00e4tzen unseren ganzheitlichen Ansatz nicht nur in Bezug auf Qualit\u00e4t und Professionalit\u00e4t, sondern auch wegen der aktiv gelebten Kundenn\u00e4he. <strong>Sgier + Partner ist das renommierte Schweizer Unternehmen, wenn um das Einholen von Arbeits- und Aufenthaltsbewilligungen geht.<\/strong> Der Erfolg best\u00e4tigt unseren Weg und wir ben\u00f6tigen zus\u00e4tzliche Verst\u00e4rkung.<\/p>\n<p><strong><\/strong><\/p>\n<p><strong>Wen wir suchen:<\/strong><br \/><strong><\/strong><\/p>\n<ul>\n<li>Sie kennen sich bestens im Ausl\u00e4nderrecht aus und erstellen vorwiegend Gesuche f\u00fcr das Einholen von Arbeits- und Aufenthaltsbewilligungen. Dabei pflegen Sie den Kontakt zu unseren namhaften Kunden im In- und Ausland sowie zu den Beh\u00f6rden in der ganzen Schweiz.<\/li>\n<li>Sie sch\u00e4tzen es, in einem unkomplizierten dynamischen Team zu arbeiten und sind \u00e4usserst kommunikativ und sprachbegabt.<\/li>\n<li>Sie besitzen die F\u00e4higkeit, sich m\u00fcndlich und schriftlich strukturiert, knapp und pr\u00e4gnant auszudr\u00fccken und haben Freude im Umgang mit Menschen.<\/li>\n<li>Sie sch\u00e4tzen eine flexible Arbeitszeit (Homeoffice und Teilzeit m\u00f6glich).<\/li>\n<li>Je nach Eignung und Erfahrung sind im Unternehmen auch zus\u00e4tzliche Wissensgebiete wie Arbeitsrecht, Handels- und Gesellschaftsrecht, Steuerrecht, Vertrags- und Sozialversicherungsrecht gefragt.<\/li>\n<li>Vielleicht sind Sie in einer \u00e4hnlichen Position bereits heute erfolgreich und m\u00f6chten nun einen wichtigen Schritt Richtung Zukunft und neuen Perspektiven machen.<\/li>\n<\/ul>\n<p>Wir sind \u00fcberzeugt, Ihnen eine sehr interessante Position mit vorz\u00fcglichen M\u00f6glichkeiten und einer attraktiven Entlohnung anzubieten.<\/p>\n<p><strong><\/strong><\/p>\n<p><strong>Weitere Anforderungen\/Qualit\u00e4ten:<\/strong><\/p>\n<ul>\n<li>Sehr gute Sprachkenntnisse in Deutsch, Englisch und Franz\u00f6sisch in Wort und Schrift, weitere Sprachen von Vorteil.<\/li>\n<li>Juristischer Abschluss und\/oder ausgewiesene Berufserfahrung im Immigration Bereich.<\/li>\n<li>Sie sind eine gewinnende Natur und haben ein \u00fcberzeugendes Auftreten.<\/li>\n<li>Loyalit\u00e4t, Durchsetzungsverm\u00f6gen, selbst\u00e4ndige Arbeitsweise, Zuverl\u00e4ssigkeit, Verantwortungsbewusstsein und viel Enthusiasmus sind weitere Eigenschaften, die Sie pr\u00e4gen.<\/li>\n<\/ul>\n<p>Machen Sie jetzt den n\u00e4chsten Schritt und senden Sie Ihre aussagekr\u00e4ftige Bewerbung, die wir mit Diskretion behandeln, an <a href=\"mailto:rene.rey@sgierpartner.ch\">rene.rey@sgierpartner.ch<\/a>. Wir sind gespannt, Sie kennenzulernen.<\/p>\n<p>[\/et_pb_text][\/et_pb_column][et_pb_column type=&#8221;1_4&#8243; _builder_version=&#8221;4.21.0&#8243; _module_preset=&#8221;default&#8221; global_colors_info=&#8221;{}&#8221; theme_builder_area=&#8221;post_content&#8221;][et_pb_image src=&#8221;https:\/\/sgierpartner.ch\/wp-content\/uploads\/\/Sgier-Partner-B\u00fcros2-1-500&#215;500.jpg&#8221; alt=&#8221;Office Sgier + Partner Swiss immigration+relocation&#8221; title_text=&#8221;Office Pictures of Sgier and Partner in Zurich, Switzerland&#8221; _builder_version=&#8221;4.16&#8243; global_colors_info=&#8221;{}&#8221; theme_builder_area=&#8221;post_content&#8221;][\/et_pb_image][et_pb_text _builder_version=&#8221;4.16&#8243; global_colors_info=&#8221;{}&#8221; theme_builder_area=&#8221;post_content&#8221;]<strong>Office and training rooms in Zurich<\/strong><\/p>\n<p>Photos by Goran Potkonjak, courtesy of OOS AG[\/et_pb_text][et_pb_text _builder_version=&#8221;4.16&#8243; global_colors_info=&#8221;{}&#8221; theme_builder_area=&#8221;post_content&#8221;]<\/p>\n<blockquote><p>Sgier und Partner has obtained over 30.000 work and residence permits in Switzerland for clients.<\/p><\/blockquote>\n<p>[\/et_pb_text][\/et_pb_column][\/et_pb_row][\/et_pb_section]<\/p>\n","protected":false},"excerpt":{"rendered":"<p>JobsImmigration Consultant (m\/w\/d) Wer wir sind: Das Sgier + Partner Team ist spezialisiert auf die Erbringung all jener Services, die eine Niederlassung oder einen Aufenthalt in der Schweiz zum Erfolg machen: Von der Arbeits- und Aufenthaltsbewilligung \u00fcber eine komplette Relocation- und Expatriates-Unterst\u00fctzung, Firmengr\u00fcndungen und Marktintegration sowie Standort-\/Steuerfragen bis hin zu allen Fragen rund um das [&hellip;]<\/p>\n","protected":false},"author":1,"featured_media":0,"parent":0,"menu_order":0,"comment_status":"closed","ping_status":"closed","template":"","meta":{"_et_pb_use_builder":"on","_et_pb_old_content":"","_et_gb_content_width":"","footnotes":""},"wf_page_folders":[88],"class_list":["post-5029","page","type-page","status-publish","hentry"],"yoast_head":"<!-- This site is optimized with the Yoast SEO plugin v27.4 - https:\/\/yoast.com\/product\/yoast-seo-wordpress\/ -->\n<title>Jobs - Workpermit + Arbeitsbewilligungen Spezialist - swiss immigration+relocation services<\/title>\n<meta name=\"description\" content=\"Jobs of Sgier + Partner, the leading company when it comes to providing immigration and relocation services.\" \/>\n<meta name=\"robots\" content=\"index, follow, max-snippet:-1, max-image-preview:large, max-video-preview:-1\" \/>\n<link rel=\"canonical\" href=\"https:\/\/sgierpartner.ch\/en\/jobs\/\" \/>\n<meta property=\"og:locale\" content=\"en_US\" \/>\n<meta property=\"og:type\" content=\"article\" \/>\n<meta property=\"og:title\" content=\"Jobs - Workpermit + Arbeitsbewilligungen Spezialist - swiss immigration+relocation services\" \/>\n<meta property=\"og:description\" content=\"Jobs of Sgier + Partner, the leading company when it comes to providing immigration and relocation services.\" \/>\n<meta property=\"og:url\" content=\"https:\/\/sgierpartner.ch\/en\/jobs\/\" \/>\n<meta property=\"og:site_name\" content=\"Workpermit + Arbeitsbewilligungen Spezialist\" \/>\n<meta property=\"article:modified_time\" content=\"2023-09-11T11:08:52+00:00\" \/>\n<meta name=\"twitter:card\" content=\"summary_large_image\" \/>\n<meta name=\"twitter:label1\" content=\"Est. reading time\" \/>\n\t<meta name=\"twitter:data1\" content=\"4 minutes\" \/>\n<script type=\"application\/ld+json\" class=\"yoast-schema-graph\">{\"@context\":\"https:\\\/\\\/schema.org\",\"@graph\":[{\"@type\":\"WebPage\",\"@id\":\"https:\\\/\\\/sgierpartner.ch\\\/en\\\/jobs\\\/\",\"url\":\"https:\\\/\\\/sgierpartner.ch\\\/en\\\/jobs\\\/\",\"name\":\"Jobs - Workpermit + Arbeitsbewilligungen Spezialist - swiss immigration+relocation services\",\"isPartOf\":{\"@id\":\"https:\\\/\\\/sgierpartner.ch\\\/en\\\/#website\"},\"datePublished\":\"2020-05-22T06:53:47+00:00\",\"dateModified\":\"2023-09-11T11:08:52+00:00\",\"description\":\"Jobs of Sgier + Partner, the leading company when it comes to providing immigration and relocation services.\",\"breadcrumb\":{\"@id\":\"https:\\\/\\\/sgierpartner.ch\\\/en\\\/jobs\\\/#breadcrumb\"},\"inLanguage\":\"en-US\",\"potentialAction\":[{\"@type\":\"ReadAction\",\"target\":[\"https:\\\/\\\/sgierpartner.ch\\\/en\\\/jobs\\\/\"]}]},{\"@type\":\"BreadcrumbList\",\"@id\":\"https:\\\/\\\/sgierpartner.ch\\\/en\\\/jobs\\\/#breadcrumb\",\"itemListElement\":[{\"@type\":\"ListItem\",\"position\":1,\"name\":\"Startseite\",\"item\":\"https:\\\/\\\/sgierpartner.ch\\\/en\\\/\"},{\"@type\":\"ListItem\",\"position\":2,\"name\":\"Jobs\"}]},{\"@type\":\"WebSite\",\"@id\":\"https:\\\/\\\/sgierpartner.ch\\\/en\\\/#website\",\"url\":\"https:\\\/\\\/sgierpartner.ch\\\/en\\\/\",\"name\":\"Sgier+Partner\",\"description\":\"swiss immigration+relocation\",\"publisher\":{\"@id\":\"https:\\\/\\\/sgierpartner.ch\\\/en\\\/#organization\"},\"potentialAction\":[{\"@type\":\"SearchAction\",\"target\":{\"@type\":\"EntryPoint\",\"urlTemplate\":\"https:\\\/\\\/sgierpartner.ch\\\/en\\\/?s={search_term_string}\"},\"query-input\":{\"@type\":\"PropertyValueSpecification\",\"valueRequired\":true,\"valueName\":\"search_term_string\"}}],\"inLanguage\":\"en-US\"},{\"@type\":\"Organization\",\"@id\":\"https:\\\/\\\/sgierpartner.ch\\\/en\\\/#organization\",\"name\":\"Sgier + Partner GmbH\",\"url\":\"https:\\\/\\\/sgierpartner.ch\\\/en\\\/\",\"logo\":{\"@type\":\"ImageObject\",\"inLanguage\":\"en-US\",\"@id\":\"https:\\\/\\\/sgierpartner.ch\\\/en\\\/#\\\/schema\\\/logo\\\/image\\\/\",\"url\":\"https:\\\/\\\/sgierpartner.ch\\\/wp-content\\\/uploads\\\/SP-Logo-Footer-farbig.png\",\"contentUrl\":\"https:\\\/\\\/sgierpartner.ch\\\/wp-content\\\/uploads\\\/SP-Logo-Footer-farbig.png\",\"width\":2058,\"height\":326,\"caption\":\"Sgier + Partner GmbH\"},\"image\":{\"@id\":\"https:\\\/\\\/sgierpartner.ch\\\/en\\\/#\\\/schema\\\/logo\\\/image\\\/\"}}]}<\/script>\n<!-- \/ Yoast SEO plugin. -->","yoast_head_json":{"title":"Jobs - Workpermit + Arbeitsbewilligungen Spezialist - swiss immigration+relocation services","description":"Jobs of Sgier + Partner, the leading company when it comes to providing immigration and relocation services.","robots":{"index":"index","follow":"follow","max-snippet":"max-snippet:-1","max-image-preview":"max-image-preview:large","max-video-preview":"max-video-preview:-1"},"canonical":"https:\/\/sgierpartner.ch\/en\/jobs\/","og_locale":"en_US","og_type":"article","og_title":"Jobs - Workpermit + Arbeitsbewilligungen Spezialist - swiss immigration+relocation services","og_description":"Jobs of Sgier + Partner, the leading company when it comes to providing immigration and relocation services.","og_url":"https:\/\/sgierpartner.ch\/en\/jobs\/","og_site_name":"Workpermit + Arbeitsbewilligungen Spezialist","article_modified_time":"2023-09-11T11:08:52+00:00","twitter_card":"summary_large_image","twitter_misc":{"Est. reading time":"4 minutes"},"schema":{"@context":"https:\/\/schema.org","@graph":[{"@type":"WebPage","@id":"https:\/\/sgierpartner.ch\/en\/jobs\/","url":"https:\/\/sgierpartner.ch\/en\/jobs\/","name":"Jobs - Workpermit + Arbeitsbewilligungen Spezialist - swiss immigration+relocation services","isPartOf":{"@id":"https:\/\/sgierpartner.ch\/en\/#website"},"datePublished":"2020-05-22T06:53:47+00:00","dateModified":"2023-09-11T11:08:52+00:00","description":"Jobs of Sgier + Partner, the leading company when it comes to providing immigration and relocation services.","breadcrumb":{"@id":"https:\/\/sgierpartner.ch\/en\/jobs\/#breadcrumb"},"inLanguage":"en-US","potentialAction":[{"@type":"ReadAction","target":["https:\/\/sgierpartner.ch\/en\/jobs\/"]}]},{"@type":"BreadcrumbList","@id":"https:\/\/sgierpartner.ch\/en\/jobs\/#breadcrumb","itemListElement":[{"@type":"ListItem","position":1,"name":"Startseite","item":"https:\/\/sgierpartner.ch\/en\/"},{"@type":"ListItem","position":2,"name":"Jobs"}]},{"@type":"WebSite","@id":"https:\/\/sgierpartner.ch\/en\/#website","url":"https:\/\/sgierpartner.ch\/en\/","name":"Sgier+Partner","description":"swiss immigration+relocation","publisher":{"@id":"https:\/\/sgierpartner.ch\/en\/#organization"},"potentialAction":[{"@type":"SearchAction","target":{"@type":"EntryPoint","urlTemplate":"https:\/\/sgierpartner.ch\/en\/?s={search_term_string}"},"query-input":{"@type":"PropertyValueSpecification","valueRequired":true,"valueName":"search_term_string"}}],"inLanguage":"en-US"},{"@type":"Organization","@id":"https:\/\/sgierpartner.ch\/en\/#organization","name":"Sgier + Partner GmbH","url":"https:\/\/sgierpartner.ch\/en\/","logo":{"@type":"ImageObject","inLanguage":"en-US","@id":"https:\/\/sgierpartner.ch\/en\/#\/schema\/logo\/image\/","url":"https:\/\/sgierpartner.ch\/wp-content\/uploads\/SP-Logo-Footer-farbig.png","contentUrl":"https:\/\/sgierpartner.ch\/wp-content\/uploads\/SP-Logo-Footer-farbig.png","width":2058,"height":326,"caption":"Sgier + Partner GmbH"},"image":{"@id":"https:\/\/sgierpartner.ch\/en\/#\/schema\/logo\/image\/"}}]}},"_links":{"self":[{"href":"https:\/\/sgierpartner.ch\/en\/wp-json\/wp\/v2\/pages\/5029","targetHints":{"allow":["GET"]}}],"collection":[{"href":"https:\/\/sgierpartner.ch\/en\/wp-json\/wp\/v2\/pages"}],"about":[{"href":"https:\/\/sgierpartner.ch\/en\/wp-json\/wp\/v2\/types\/page"}],"author":[{"embeddable":true,"href":"https:\/\/sgierpartner.ch\/en\/wp-json\/wp\/v2\/users\/1"}],"replies":[{"embeddable":true,"href":"https:\/\/sgierpartner.ch\/en\/wp-json\/wp\/v2\/comments?post=5029"}],"version-history":[{"count":4,"href":"https:\/\/sgierpartner.ch\/en\/wp-json\/wp\/v2\/pages\/5029\/revisions"}],"predecessor-version":[{"id":8180,"href":"https:\/\/sgierpartner.ch\/en\/wp-json\/wp\/v2\/pages\/5029\/revisions\/8180"}],"wp:attachment":[{"href":"https:\/\/sgierpartner.ch\/en\/wp-json\/wp\/v2\/media?parent=5029"}],"wp:term":[{"taxonomy":"wf_page_folders","embeddable":true,"href":"https:\/\/sgierpartner.ch\/en\/wp-json\/wp\/v2\/wf_page_folders?post=5029"}],"curies":[{"name":"wp","href":"https:\/\/api.w.org\/{rel}","templated":true}]}}