{"id":4514,"date":"2020-05-17T11:56:34","date_gmt":"2020-05-17T09:56:34","guid":{"rendered":"http:\/\/975ciacxzt.preview.infomaniak.website\/sgierpartner\/droit-dauteur-et-droit-des-marques\/"},"modified":"2020-05-28T18:06:06","modified_gmt":"2020-05-28T16:06:06","slug":"droit-dauteur-et-droit-des-marques","status":"publish","type":"page","link":"https:\/\/sgierpartner.ch\/fr\/droit-dauteur-et-droit-des-marques\/","title":{"rendered":"Droit d\u2019auteur et droit des marques"},"content":{"rendered":"<p>[et_pb_section fb_built=&#8221;1&#8243; fullwidth=&#8221;on&#8221; _builder_version=&#8221;4.4.3&#8243;][et_pb_fullwidth_image src=&#8221;https:\/\/sgierpartner.ch\/wp-content\/uploads\/Header-immigration-relocation-SgierPartner-1.jpg&#8221; alt=&#8221;Welcome to the Matterhorn &#8211; swiss immigration + relocations services&#8221; title_text=&#8221;swiss immigration + relocation services&#8221; _builder_version=&#8221;4.4.7&#8243; hover_enabled=&#8221;0&#8243;][\/et_pb_fullwidth_image][\/et_pb_section][et_pb_section fb_built=&#8221;1&#8243; _builder_version=&#8221;4.4.3&#8243;][et_pb_row _builder_version=&#8221;4.4.6&#8243; custom_margin=&#8221;||||false|false&#8221;][et_pb_column type=&#8221;4_4&#8243; _builder_version=&#8221;4.4.3&#8243;][et_pb_text _builder_version=&#8221;4.4.6&#8243; custom_margin=&#8221;0px||0px||false|false&#8221;]<\/p>\n<h1 class=\"ce_headline first\">DROIT D\u2019AUTEUR ET DROIT DES MARQUES<\/h1>\n<p>[\/et_pb_text][\/et_pb_column][\/et_pb_row][et_pb_row column_structure=&#8221;3_4,1_4&#8243; _builder_version=&#8221;4.4.3&#8243; custom_padding=&#8221;0px|||||&#8221;][et_pb_column type=&#8221;3_4&#8243; _builder_version=&#8221;4.4.3&#8243;][et_pb_text _builder_version=&#8221;4.4.5&#8243;]L\u2019auteur de chaque publication s\u2019emploie \u00e0 y respecter les droits d\u2019auteur relatifs aux graphiques, documents sonores, s\u00e9quences vid\u00e9o et textes utilis\u00e9s, \u00e0 utiliser des graphiques, documents sonores, s\u00e9quences vid\u00e9o et textes \u00e9tablis par ses propres soins ou \u00e0 recourir \u00e0 des graphiques, documents sonores, s\u00e9quences vid\u00e9o et textes libres de droits. Toutes les marques et tous les signes cit\u00e9s sur le site Internet et le cas \u00e9ch\u00e9ant prot\u00e9g\u00e9s par des tiers sont soumis sans restrictions aux dispositions \u00a0\u00a0du droit des marques en vigueur ainsi qu\u2019aux droits de la propri\u00e9t\u00e9 de leurs propri\u00e9taires inscrits respectifs. La simple citation ne doit pas \u00eatre interpr\u00e9t\u00e9e comme voulant dire que les marques ne sont pas prot\u00e9g\u00e9es par des droits de tiers! Le copyright pour des objets publi\u00e9s \u00e9tablis par l\u2019auteur lui-m\u00eame demeure exclusivement \u00e0 l\u2019auteur des pages. La reproduction ou l\u2019utilisation de tels graphiques, documents sonores, s\u00e9quences vid\u00e9o et textes dans d\u2019autres publications \u00e9lectroniques ou imprim\u00e9es n\u2019est pas autoris\u00e9e sans le consentement expr\u00e8s de l\u2019auteur.[\/et_pb_text][\/et_pb_column][et_pb_column type=&#8221;1_4&#8243; _builder_version=&#8221;4.4.3&#8243;][\/et_pb_column][\/et_pb_row][\/et_pb_section]<\/p>\n","protected":false},"excerpt":{"rendered":"<p>DROIT D\u2019AUTEUR ET DROIT DES MARQUESL\u2019auteur de chaque publication s\u2019emploie \u00e0 y respecter les droits d\u2019auteur relatifs aux graphiques, documents sonores, s\u00e9quences vid\u00e9o et textes utilis\u00e9s, \u00e0 utiliser des graphiques, documents sonores, s\u00e9quences vid\u00e9o et textes \u00e9tablis par ses propres soins ou \u00e0 recourir \u00e0 des graphiques, documents sonores, s\u00e9quences vid\u00e9o et textes libres de [&hellip;]<\/p>\n","protected":false},"author":1,"featured_media":0,"parent":0,"menu_order":0,"comment_status":"closed","ping_status":"closed","template":"","meta":{"_et_pb_use_builder":"on","_et_pb_old_content":"","_et_gb_content_width":"","footnotes":""},"wf_page_folders":[],"class_list":["post-4514","page","type-page","status-publish","hentry"],"yoast_head":"<!-- This site is optimized with the Yoast SEO plugin v27.5 - https:\/\/yoast.com\/product\/yoast-seo-wordpress\/ -->\n<title>Droit d\u2019auteur et droit des marques - Workpermit + Arbeitsbewilligungen Spezialist - swiss immigration+relocation services<\/title>\n<meta name=\"description\" content=\"Droit d\u2019auteur et droit des marques de Sgier + Partner, entreprise leader dans la fourniture de services d\u2019immigration et de relocalisation.\" \/>\n<meta name=\"robots\" content=\"index, follow, max-snippet:-1, max-image-preview:large, max-video-preview:-1\" \/>\n<link rel=\"canonical\" href=\"https:\/\/sgierpartner.ch\/fr\/droit-dauteur-et-droit-des-marques\/\" \/>\n<meta property=\"og:locale\" content=\"fr_FR\" \/>\n<meta property=\"og:type\" content=\"article\" \/>\n<meta property=\"og:title\" content=\"Droit d\u2019auteur et droit des marques - Workpermit + Arbeitsbewilligungen Spezialist - swiss immigration+relocation services\" \/>\n<meta property=\"og:description\" content=\"Droit d\u2019auteur et droit des marques de Sgier + Partner, entreprise leader dans la fourniture de services d\u2019immigration et de relocalisation.\" \/>\n<meta property=\"og:url\" content=\"https:\/\/sgierpartner.ch\/fr\/droit-dauteur-et-droit-des-marques\/\" \/>\n<meta property=\"og:site_name\" content=\"Workpermit + Arbeitsbewilligungen Spezialist\" \/>\n<meta property=\"article:modified_time\" content=\"2020-05-28T16:06:06+00:00\" \/>\n<meta name=\"twitter:card\" content=\"summary_large_image\" \/>\n<meta name=\"twitter:label1\" content=\"Dur\u00e9e de lecture estim\u00e9e\" \/>\n\t<meta name=\"twitter:data1\" content=\"2 minutes\" \/>\n<script type=\"application\/ld+json\" class=\"yoast-schema-graph\">{\"@context\":\"https:\\\/\\\/schema.org\",\"@graph\":[{\"@type\":\"WebPage\",\"@id\":\"https:\\\/\\\/sgierpartner.ch\\\/fr\\\/droit-dauteur-et-droit-des-marques\\\/\",\"url\":\"https:\\\/\\\/sgierpartner.ch\\\/fr\\\/droit-dauteur-et-droit-des-marques\\\/\",\"name\":\"Droit d\u2019auteur et droit des marques - Workpermit + Arbeitsbewilligungen Spezialist - swiss immigration+relocation services\",\"isPartOf\":{\"@id\":\"https:\\\/\\\/sgierpartner.ch\\\/fr\\\/#website\"},\"datePublished\":\"2020-05-17T09:56:34+00:00\",\"dateModified\":\"2020-05-28T16:06:06+00:00\",\"description\":\"Droit d\u2019auteur et droit des marques de Sgier + Partner, entreprise leader dans la fourniture de services d\u2019immigration et de relocalisation.\",\"breadcrumb\":{\"@id\":\"https:\\\/\\\/sgierpartner.ch\\\/fr\\\/droit-dauteur-et-droit-des-marques\\\/#breadcrumb\"},\"inLanguage\":\"fr-FR\",\"potentialAction\":[{\"@type\":\"ReadAction\",\"target\":[\"https:\\\/\\\/sgierpartner.ch\\\/fr\\\/droit-dauteur-et-droit-des-marques\\\/\"]}]},{\"@type\":\"BreadcrumbList\",\"@id\":\"https:\\\/\\\/sgierpartner.ch\\\/fr\\\/droit-dauteur-et-droit-des-marques\\\/#breadcrumb\",\"itemListElement\":[{\"@type\":\"ListItem\",\"position\":1,\"name\":\"Startseite\",\"item\":\"https:\\\/\\\/sgierpartner.ch\\\/fr\\\/\"},{\"@type\":\"ListItem\",\"position\":2,\"name\":\"Droit d\u2019auteur et droit des marques\"}]},{\"@type\":\"WebSite\",\"@id\":\"https:\\\/\\\/sgierpartner.ch\\\/fr\\\/#website\",\"url\":\"https:\\\/\\\/sgierpartner.ch\\\/fr\\\/\",\"name\":\"Sgier+Partner\",\"description\":\"swiss immigration+relocation\",\"publisher\":{\"@id\":\"https:\\\/\\\/sgierpartner.ch\\\/fr\\\/#organization\"},\"potentialAction\":[{\"@type\":\"SearchAction\",\"target\":{\"@type\":\"EntryPoint\",\"urlTemplate\":\"https:\\\/\\\/sgierpartner.ch\\\/fr\\\/?s={search_term_string}\"},\"query-input\":{\"@type\":\"PropertyValueSpecification\",\"valueRequired\":true,\"valueName\":\"search_term_string\"}}],\"inLanguage\":\"fr-FR\"},{\"@type\":\"Organization\",\"@id\":\"https:\\\/\\\/sgierpartner.ch\\\/fr\\\/#organization\",\"name\":\"Sgier + Partner GmbH\",\"url\":\"https:\\\/\\\/sgierpartner.ch\\\/fr\\\/\",\"logo\":{\"@type\":\"ImageObject\",\"inLanguage\":\"fr-FR\",\"@id\":\"https:\\\/\\\/sgierpartner.ch\\\/fr\\\/#\\\/schema\\\/logo\\\/image\\\/\",\"url\":\"https:\\\/\\\/sgierpartner.ch\\\/wp-content\\\/uploads\\\/SP-Logo-Footer-farbig.png\",\"contentUrl\":\"https:\\\/\\\/sgierpartner.ch\\\/wp-content\\\/uploads\\\/SP-Logo-Footer-farbig.png\",\"width\":2058,\"height\":326,\"caption\":\"Sgier + Partner GmbH\"},\"image\":{\"@id\":\"https:\\\/\\\/sgierpartner.ch\\\/fr\\\/#\\\/schema\\\/logo\\\/image\\\/\"}}]}<\/script>\n<!-- \/ Yoast SEO plugin. -->","yoast_head_json":{"title":"Droit d\u2019auteur et droit des marques - Workpermit + Arbeitsbewilligungen Spezialist - swiss immigration+relocation services","description":"Droit d\u2019auteur et droit des marques de Sgier + Partner, entreprise leader dans la fourniture de services d\u2019immigration et de relocalisation.","robots":{"index":"index","follow":"follow","max-snippet":"max-snippet:-1","max-image-preview":"max-image-preview:large","max-video-preview":"max-video-preview:-1"},"canonical":"https:\/\/sgierpartner.ch\/fr\/droit-dauteur-et-droit-des-marques\/","og_locale":"fr_FR","og_type":"article","og_title":"Droit d\u2019auteur et droit des marques - Workpermit + Arbeitsbewilligungen Spezialist - swiss immigration+relocation services","og_description":"Droit d\u2019auteur et droit des marques de Sgier + Partner, entreprise leader dans la fourniture de services d\u2019immigration et de relocalisation.","og_url":"https:\/\/sgierpartner.ch\/fr\/droit-dauteur-et-droit-des-marques\/","og_site_name":"Workpermit + Arbeitsbewilligungen Spezialist","article_modified_time":"2020-05-28T16:06:06+00:00","twitter_card":"summary_large_image","twitter_misc":{"Dur\u00e9e de lecture estim\u00e9e":"2 minutes"},"schema":{"@context":"https:\/\/schema.org","@graph":[{"@type":"WebPage","@id":"https:\/\/sgierpartner.ch\/fr\/droit-dauteur-et-droit-des-marques\/","url":"https:\/\/sgierpartner.ch\/fr\/droit-dauteur-et-droit-des-marques\/","name":"Droit d\u2019auteur et droit des marques - Workpermit + Arbeitsbewilligungen Spezialist - swiss immigration+relocation services","isPartOf":{"@id":"https:\/\/sgierpartner.ch\/fr\/#website"},"datePublished":"2020-05-17T09:56:34+00:00","dateModified":"2020-05-28T16:06:06+00:00","description":"Droit d\u2019auteur et droit des marques de Sgier + Partner, entreprise leader dans la fourniture de services d\u2019immigration et de relocalisation.","breadcrumb":{"@id":"https:\/\/sgierpartner.ch\/fr\/droit-dauteur-et-droit-des-marques\/#breadcrumb"},"inLanguage":"fr-FR","potentialAction":[{"@type":"ReadAction","target":["https:\/\/sgierpartner.ch\/fr\/droit-dauteur-et-droit-des-marques\/"]}]},{"@type":"BreadcrumbList","@id":"https:\/\/sgierpartner.ch\/fr\/droit-dauteur-et-droit-des-marques\/#breadcrumb","itemListElement":[{"@type":"ListItem","position":1,"name":"Startseite","item":"https:\/\/sgierpartner.ch\/fr\/"},{"@type":"ListItem","position":2,"name":"Droit d\u2019auteur et droit des marques"}]},{"@type":"WebSite","@id":"https:\/\/sgierpartner.ch\/fr\/#website","url":"https:\/\/sgierpartner.ch\/fr\/","name":"Sgier+Partner","description":"swiss immigration+relocation","publisher":{"@id":"https:\/\/sgierpartner.ch\/fr\/#organization"},"potentialAction":[{"@type":"SearchAction","target":{"@type":"EntryPoint","urlTemplate":"https:\/\/sgierpartner.ch\/fr\/?s={search_term_string}"},"query-input":{"@type":"PropertyValueSpecification","valueRequired":true,"valueName":"search_term_string"}}],"inLanguage":"fr-FR"},{"@type":"Organization","@id":"https:\/\/sgierpartner.ch\/fr\/#organization","name":"Sgier + Partner GmbH","url":"https:\/\/sgierpartner.ch\/fr\/","logo":{"@type":"ImageObject","inLanguage":"fr-FR","@id":"https:\/\/sgierpartner.ch\/fr\/#\/schema\/logo\/image\/","url":"https:\/\/sgierpartner.ch\/wp-content\/uploads\/SP-Logo-Footer-farbig.png","contentUrl":"https:\/\/sgierpartner.ch\/wp-content\/uploads\/SP-Logo-Footer-farbig.png","width":2058,"height":326,"caption":"Sgier + Partner GmbH"},"image":{"@id":"https:\/\/sgierpartner.ch\/fr\/#\/schema\/logo\/image\/"}}]}},"_links":{"self":[{"href":"https:\/\/sgierpartner.ch\/fr\/wp-json\/wp\/v2\/pages\/4514","targetHints":{"allow":["GET"]}}],"collection":[{"href":"https:\/\/sgierpartner.ch\/fr\/wp-json\/wp\/v2\/pages"}],"about":[{"href":"https:\/\/sgierpartner.ch\/fr\/wp-json\/wp\/v2\/types\/page"}],"author":[{"embeddable":true,"href":"https:\/\/sgierpartner.ch\/fr\/wp-json\/wp\/v2\/users\/1"}],"replies":[{"embeddable":true,"href":"https:\/\/sgierpartner.ch\/fr\/wp-json\/wp\/v2\/comments?post=4514"}],"version-history":[{"count":0,"href":"https:\/\/sgierpartner.ch\/fr\/wp-json\/wp\/v2\/pages\/4514\/revisions"}],"wp:attachment":[{"href":"https:\/\/sgierpartner.ch\/fr\/wp-json\/wp\/v2\/media?parent=4514"}],"wp:term":[{"taxonomy":"wf_page_folders","embeddable":true,"href":"https:\/\/sgierpartner.ch\/fr\/wp-json\/wp\/v2\/wf_page_folders?post=4514"}],"curies":[{"name":"wp","href":"https:\/\/api.w.org\/{rel}","templated":true}]}}