{"id":4658,"date":"2020-05-18T10:29:05","date_gmt":"2020-05-18T08:29:05","guid":{"rendered":"http:\/\/975ciacxzt.preview.infomaniak.website\/sgierpartner\/implantation\/"},"modified":"2020-05-30T12:58:45","modified_gmt":"2020-05-30T10:58:45","slug":"implantation","status":"publish","type":"page","link":"https:\/\/sgierpartner.ch\/fr\/implantation\/","title":{"rendered":"Implantation"},"content":{"rendered":"\n[et_pb_section fb_built=&#8221;1&#8243; fullwidth=&#8221;on&#8221; _builder_version=&#8221;4.4.3&#8243;][et_pb_fullwidth_image src=&#8221;https:\/\/sgierpartner.ch\/wp-content\/uploads\/swiss-immigrationRelocation-to-Switzerland-1.jpg&#8221; alt=&#8221;Welcome to Switzerland &#8211; swiss immigration + relocation services&#8221; title_text=&#8221;Welcome to Switzerland | swiss immigration + relocation services&#8221; _builder_version=&#8221;4.4.7&#8243; hover_enabled=&#8221;0&#8243;][\/et_pb_fullwidth_image][\/et_pb_section][et_pb_section fb_built=&#8221;1&#8243; _builder_version=&#8221;4.4.3&#8243;][et_pb_row _builder_version=&#8221;4.4.6&#8243; custom_margin=&#8221;0px||||false|false&#8221; custom_padding=&#8221;||||false|false&#8221;][et_pb_column type=&#8221;4_4&#8243; _builder_version=&#8221;4.4.3&#8243;][et_pb_text _builder_version=&#8221;4.4.3&#8243; custom_margin=&#8221;||||false|false&#8221;]<h1>Implantation<\/h1>[\/et_pb_text][\/et_pb_column][\/et_pb_row][et_pb_row _builder_version=&#8221;4.4.3&#8243; custom_margin=&#8221;0px||||false|false&#8221; custom_padding=&#8221;0px||7px||false|false&#8221;][et_pb_column type=&#8221;4_4&#8243; _builder_version=&#8221;4.4.3&#8243;][et_pb_text _builder_version=&#8221;4.4.3&#8243; custom_margin=&#8221;0px||-1px||false|false&#8221;]<h2>Bienvenue en Suisse<\/h2>\r\nUn cadre politique et \u00e9conomique stable et une qualit\u00e9 de vie \u00e9lev\u00e9e pour les collaborateurs rendent la Suisse attrayante pour les entreprises \u00e9trang\u00e8res. C\u2019est pourquoi de nombreuses entreprises et de nombreux groupes internationaux poss\u00e8dent leur si\u00e8ge principal en Suisse, o\u00f9 ils profitent des imp\u00f4ts peu \u00e9lev\u00e9s, du march\u00e9 du travail lib\u00e9ral \u00e0 la main d\u2019\u0153uvre hautement qualifi\u00e9e ainsi que d\u2019un syst\u00e8me juridique solide.\r\n\r\nQue vous soyez une start-up ou une entreprise d\u00e9j\u00e0 \u00e9tablie, nous vous conseillons volontiers dans le choix de votre site et nous r\u00e9glons rapidement et sans complication les formalit\u00e9s li\u00e9es \u00e0 la cr\u00e9ation d\u2019une entreprise.[\/et_pb_text][\/et_pb_column][\/et_pb_row][et_pb_row column_structure=&#8221;1_2,1_2&#8243; _builder_version=&#8221;4.4.3&#8243;][et_pb_column type=&#8221;1_2&#8243; _builder_version=&#8221;4.4.3&#8243;][et_pb_blurb title=&#8221;Implantation d&#8217;entreprises&#8221; image=&#8221;https:\/\/sgierpartner.ch\/wp-content\/uploads\/\/Immigration-Relocation-Business-1-1024&#215;576.jpg&#8221; alt=&#8221;Settlement in Switzerland &#8211; swiss immigration + relocation services&#8221; _builder_version=&#8221;4.4.7&#8243; hover_enabled=&#8221;0&#8243; border_radii_image=&#8221;on|0px|0px|0px|0px&#8221; image__hover_enabled=&#8221;off|desktop&#8221; title_text=&#8221;Settlement in Switzerland &#8211; swiss immigration + relocation services&#8221;]<div class=\"ce_text block\">\r\n\r\nLa cr\u00e9ation et la consolidation d\u2019une entreprise posent de nombreuses questions et suscitent de nombreuses incertitudes. Il est difficile de p\u00e9n\u00e9trer sur le march\u00e9 lorsque l\u2019on conna\u00eet mal la situation juridique, que l\u2019on ne dispose pas de contacts, que l\u2019on n\u2019est pas familiaris\u00e9 avec le march\u00e9, que les capacit\u00e9s en personnel font d\u00e9faut et que les investissements de d\u00e9part sont impond\u00e9rables. Environ la moiti\u00e9 des entreprises de Suisse sont exploit\u00e9es sous forme de SA ou de S\u00e0rl.\r\n\r\n<\/div>\r\n<div class=\"ce_text block\">\r\n\r\nLa forme de soci\u00e9t\u00e9 qui convient d\u00e9pend du type d\u2019activit\u00e9s, des conditions cadres juridiques et fiscales du site ainsi que des objectifs strat\u00e9giques.\r\n\r\n<span style=\"font-size: 18px; color: #333333; font-weight: 600;\">Sgier + Partner conseille et accompagne les petites et moyennes entreprises dans tous les aspects d\u2019une implantation professionnelle d\u2019entreprise en Suisse. Ce faisant, nous nous concentrons principalement sur les domaines de prestations suivants:<\/span>\r\n\r\n&nbsp;\r\n<ul>\r\n \t<li>Analyse des besoins sp\u00e9cifiques du projet<\/li>\r\n \t<li>Choix de l\u2019emplacement<\/li>\r\n \t<li>Contact et accompagnement aupr\u00e8s des autorit\u00e9s comp\u00e9tentes<\/li>\r\n \t<li>Choix de la forme sociale et cr\u00e9ation de l\u2019entreprise<\/li>\r\n \t<li>Permis de travail et de s\u00e9jour<\/li>\r\n \t<li>Recherche de locaux commerciaux appropri\u00e9s (location\/achat)<\/li>\r\n \t<li>Toute la gamme des services de relocalisation<\/li>\r\n \t<li>Transferts d\u2019entreprises (Company Move)<\/li>\r\n \t<li>Soutien actif aux n\u00e9gociations contractuelles par nos collaborateurs juristes<\/li>\r\n \t<li>Questions de personnel<\/li>\r\n \t<li>Services de gestion des salaires<\/li>\r\n \t<li>Obtention d\u2019autorisations de location<\/li>\r\n \t<li>Services de sous-traitance<\/li>\r\n \t<li>Aspects fiscaux<\/li>\r\n \t<li>Conseils juridiques<\/li>\r\n \t<li>Gestion de projets<\/li>\r\n<\/ul>\r\n<\/div>[\/et_pb_blurb][\/et_pb_column][et_pb_column type=&#8221;1_2&#8243; _builder_version=&#8221;4.4.3&#8243;][et_pb_blurb title=&#8221;Implantation de particuliers&#8221; image=&#8221;https:\/\/sgierpartner.ch\/wp-content\/uploads\/\/Family-Immigration-Relocation-Switzerland-1-1024&#215;576.jpg&#8221; alt=&#8221;Expat in Switzerland&#8221; _builder_version=&#8221;4.4.7&#8243; hover_enabled=&#8221;0&#8243; border_radii_image=&#8221;on|0px|0px|0px|0px&#8221; image__hover_enabled=&#8221;on|desktop&#8221; image__hover=&#8221;https:\/\/sgierpartner.ch\/wp-content\/uploads\/Welcome-to-Switzerland-Entrepreneur-1024&#215;576.jpg&#8221; title_text=&#8221;Expat | swiss immigration + relocation services&#8221;]En raison de sa tr\u00e8s haute qualit\u00e9 de vie, de ses excellentes infrastructures, de la stabilit\u00e9 de ses conditions cadres, de sa s\u00e9curit\u00e9, de sa bonne accessibilit\u00e9, mais aussi de son syst\u00e8me fiscal, la Suisse est un domicile attrayant pour de nombreuses personnes physiques et morales.\r\n<h4>Sgier + Partner conseille et accompagne les particuliers et les familles dans tous les aspects d\u2019une implantation professionnelle en Suisse. Ce faisant, nous nous concentrons en priorit\u00e9 sur les domaines de prestations suivants:<\/h4>\r\n&nbsp;\r\n<ul>\r\n \t<li>Analyse des besoins sp\u00e9cifiques de votre projet<\/li>\r\n \t<li>Choix du site (canton, commune)<\/li>\r\n \t<li>Contact et accompagnement aupr\u00e8s des autorit\u00e9s comp\u00e9tentes<\/li>\r\n \t<li>Permis de travail et de s\u00e9jour<\/li>\r\n \t<li>Recherche de biens r\u00e9sidentiels attrayants (location\/achat)<\/li>\r\n \t<li>Toute la gamme des services de relocalisation<\/li>\r\n \t<li>Soutien actif aux n\u00e9gociations contractuelles par nos collaborateurs juristes<\/li>\r\n \t<li>Aspects fiscaux y compris imposition forfaitaire<\/li>\r\n \t<li>Conseils juridiques g\u00e9n\u00e9raux<\/li>\r\n \t<li>Conseils patrimoniaux en collaboration avec des partenaires s\u00e9lectionn\u00e9s<\/li>\r\n<\/ul>[\/et_pb_blurb][et_pb_cta title=&#8221;Nous obtenons un permis de travail \u00e0 votre intention&#8221; _builder_version=&#8221;4.4.6&#8243;]Si vous s\u00e9journez en Suisse pendant plus de trois mois ou que vous souhaitez y exercer une activit\u00e9 r\u00e9mun\u00e9r\u00e9e, vous avez besoin d\u2019un permis de s\u00e9jour. On distingue entre les permis de s\u00e9jour de courte dur\u00e9e, les permis de s\u00e9jour et les permis d\u2019\u00e9tablissement.\r\n\r\nNous nous tenons \u00e0 votre disposition ou \u00e0 celle de votre employeur pour vous aider \u00e0 obtenir une autorisation dans tous les cantons suisses.[\/et_pb_cta][\/et_pb_column][\/et_pb_row][\/et_pb_section]\n","protected":false},"excerpt":{"rendered":"<p>Que vous soyez une start-up ou une entreprise d\u00e9j\u00e0 \u00e9tablie, nous vous conseillons volontiers dans le choix de votre site et nous r\u00e9glons rapidement et sans complication les formalit\u00e9s li\u00e9es \u00e0 la cr\u00e9ation d\u2019une entreprise.<\/p>\n","protected":false},"author":1,"featured_media":3183,"parent":0,"menu_order":0,"comment_status":"closed","ping_status":"closed","template":"","meta":{"_et_pb_use_builder":"on","_et_pb_old_content":"","_et_gb_content_width":"","footnotes":""},"wf_page_folders":[],"class_list":["post-4658","page","type-page","status-publish","has-post-thumbnail","hentry"],"yoast_head":"<!-- This site is optimized with the Yoast SEO plugin v27.4 - https:\/\/yoast.com\/product\/yoast-seo-wordpress\/ -->\n<title>Implantation d&#039;entreprises et de particuliers - Workpermit + Arbeitsbewilligungen Spezialist<\/title>\n<meta name=\"description\" content=\"Sgier + Partner conseille et accompagne les petites et moyennes entreprises dans tous les aspects d\u2019une implantation professionnelle d\u2019entreprise en Suisse.\" \/>\n<meta name=\"robots\" content=\"index, follow, max-snippet:-1, max-image-preview:large, max-video-preview:-1\" \/>\n<link rel=\"canonical\" href=\"https:\/\/sgierpartner.ch\/fr\/implantation\/\" \/>\n<meta property=\"og:locale\" content=\"fr_FR\" \/>\n<meta property=\"og:type\" content=\"article\" \/>\n<meta property=\"og:title\" content=\"Implantation d&#039;entreprises et de particuliers - Workpermit + Arbeitsbewilligungen Spezialist\" \/>\n<meta property=\"og:description\" content=\"Sgier + Partner conseille et accompagne les petites et moyennes entreprises dans tous les aspects d\u2019une implantation professionnelle d\u2019entreprise en Suisse.\" \/>\n<meta property=\"og:url\" content=\"https:\/\/sgierpartner.ch\/fr\/implantation\/\" \/>\n<meta property=\"og:site_name\" content=\"Workpermit + Arbeitsbewilligungen Spezialist\" \/>\n<meta property=\"article:modified_time\" content=\"2020-05-30T10:58:45+00:00\" \/>\n<meta property=\"og:image\" content=\"https:\/\/sgierpartner.ch\/wp-content\/uploads\/Family-Immigration-Relocation-Switzerland-1.jpg\" \/>\n\t<meta property=\"og:image:width\" content=\"1600\" \/>\n\t<meta property=\"og:image:height\" content=\"900\" \/>\n\t<meta property=\"og:image:type\" content=\"image\/jpeg\" \/>\n<meta name=\"twitter:card\" content=\"summary_large_image\" \/>\n<meta name=\"twitter:label1\" content=\"Dur\u00e9e de lecture estim\u00e9e\" \/>\n\t<meta name=\"twitter:data1\" content=\"4 minutes\" \/>\n<script type=\"application\/ld+json\" class=\"yoast-schema-graph\">{\"@context\":\"https:\\\/\\\/schema.org\",\"@graph\":[{\"@type\":\"WebPage\",\"@id\":\"https:\\\/\\\/sgierpartner.ch\\\/fr\\\/implantation\\\/\",\"url\":\"https:\\\/\\\/sgierpartner.ch\\\/fr\\\/implantation\\\/\",\"name\":\"Implantation d'entreprises et de particuliers - Workpermit + Arbeitsbewilligungen Spezialist\",\"isPartOf\":{\"@id\":\"https:\\\/\\\/sgierpartner.ch\\\/fr\\\/#website\"},\"primaryImageOfPage\":{\"@id\":\"https:\\\/\\\/sgierpartner.ch\\\/fr\\\/implantation\\\/#primaryimage\"},\"image\":{\"@id\":\"https:\\\/\\\/sgierpartner.ch\\\/fr\\\/implantation\\\/#primaryimage\"},\"thumbnailUrl\":\"https:\\\/\\\/sgierpartner.ch\\\/wp-content\\\/uploads\\\/Family-Immigration-Relocation-Switzerland-1.jpg\",\"datePublished\":\"2020-05-18T08:29:05+00:00\",\"dateModified\":\"2020-05-30T10:58:45+00:00\",\"description\":\"Sgier + Partner conseille et accompagne les petites et moyennes entreprises dans tous les aspects d\u2019une implantation professionnelle d\u2019entreprise en Suisse.\",\"breadcrumb\":{\"@id\":\"https:\\\/\\\/sgierpartner.ch\\\/fr\\\/implantation\\\/#breadcrumb\"},\"inLanguage\":\"fr-FR\",\"potentialAction\":[{\"@type\":\"ReadAction\",\"target\":[\"https:\\\/\\\/sgierpartner.ch\\\/fr\\\/implantation\\\/\"]}]},{\"@type\":\"ImageObject\",\"inLanguage\":\"fr-FR\",\"@id\":\"https:\\\/\\\/sgierpartner.ch\\\/fr\\\/implantation\\\/#primaryimage\",\"url\":\"https:\\\/\\\/sgierpartner.ch\\\/wp-content\\\/uploads\\\/Family-Immigration-Relocation-Switzerland-1.jpg\",\"contentUrl\":\"https:\\\/\\\/sgierpartner.ch\\\/wp-content\\\/uploads\\\/Family-Immigration-Relocation-Switzerland-1.jpg\",\"width\":1600,\"height\":900,\"caption\":\"swiss immigration + relocation services in Switzerland: Zurich, Geneva, Zug, Lugano, Basle, Berne, Lausanne\"},{\"@type\":\"BreadcrumbList\",\"@id\":\"https:\\\/\\\/sgierpartner.ch\\\/fr\\\/implantation\\\/#breadcrumb\",\"itemListElement\":[{\"@type\":\"ListItem\",\"position\":1,\"name\":\"Startseite\",\"item\":\"https:\\\/\\\/sgierpartner.ch\\\/fr\\\/\"},{\"@type\":\"ListItem\",\"position\":2,\"name\":\"Implantation\"}]},{\"@type\":\"WebSite\",\"@id\":\"https:\\\/\\\/sgierpartner.ch\\\/fr\\\/#website\",\"url\":\"https:\\\/\\\/sgierpartner.ch\\\/fr\\\/\",\"name\":\"Sgier+Partner\",\"description\":\"swiss immigration+relocation\",\"publisher\":{\"@id\":\"https:\\\/\\\/sgierpartner.ch\\\/fr\\\/#organization\"},\"potentialAction\":[{\"@type\":\"SearchAction\",\"target\":{\"@type\":\"EntryPoint\",\"urlTemplate\":\"https:\\\/\\\/sgierpartner.ch\\\/fr\\\/?s={search_term_string}\"},\"query-input\":{\"@type\":\"PropertyValueSpecification\",\"valueRequired\":true,\"valueName\":\"search_term_string\"}}],\"inLanguage\":\"fr-FR\"},{\"@type\":\"Organization\",\"@id\":\"https:\\\/\\\/sgierpartner.ch\\\/fr\\\/#organization\",\"name\":\"Sgier + Partner GmbH\",\"url\":\"https:\\\/\\\/sgierpartner.ch\\\/fr\\\/\",\"logo\":{\"@type\":\"ImageObject\",\"inLanguage\":\"fr-FR\",\"@id\":\"https:\\\/\\\/sgierpartner.ch\\\/fr\\\/#\\\/schema\\\/logo\\\/image\\\/\",\"url\":\"https:\\\/\\\/sgierpartner.ch\\\/wp-content\\\/uploads\\\/SP-Logo-Footer-farbig.png\",\"contentUrl\":\"https:\\\/\\\/sgierpartner.ch\\\/wp-content\\\/uploads\\\/SP-Logo-Footer-farbig.png\",\"width\":2058,\"height\":326,\"caption\":\"Sgier + Partner GmbH\"},\"image\":{\"@id\":\"https:\\\/\\\/sgierpartner.ch\\\/fr\\\/#\\\/schema\\\/logo\\\/image\\\/\"}}]}<\/script>\n<!-- \/ Yoast SEO plugin. -->","yoast_head_json":{"title":"Implantation d'entreprises et de particuliers - Workpermit + Arbeitsbewilligungen Spezialist","description":"Sgier + Partner conseille et accompagne les petites et moyennes entreprises dans tous les aspects d\u2019une implantation professionnelle d\u2019entreprise en Suisse.","robots":{"index":"index","follow":"follow","max-snippet":"max-snippet:-1","max-image-preview":"max-image-preview:large","max-video-preview":"max-video-preview:-1"},"canonical":"https:\/\/sgierpartner.ch\/fr\/implantation\/","og_locale":"fr_FR","og_type":"article","og_title":"Implantation d'entreprises et de particuliers - Workpermit + Arbeitsbewilligungen Spezialist","og_description":"Sgier + Partner conseille et accompagne les petites et moyennes entreprises dans tous les aspects d\u2019une implantation professionnelle d\u2019entreprise en Suisse.","og_url":"https:\/\/sgierpartner.ch\/fr\/implantation\/","og_site_name":"Workpermit + Arbeitsbewilligungen Spezialist","article_modified_time":"2020-05-30T10:58:45+00:00","og_image":[{"width":1600,"height":900,"url":"https:\/\/sgierpartner.ch\/wp-content\/uploads\/Family-Immigration-Relocation-Switzerland-1.jpg","type":"image\/jpeg"}],"twitter_card":"summary_large_image","twitter_misc":{"Dur\u00e9e de lecture estim\u00e9e":"4 minutes"},"schema":{"@context":"https:\/\/schema.org","@graph":[{"@type":"WebPage","@id":"https:\/\/sgierpartner.ch\/fr\/implantation\/","url":"https:\/\/sgierpartner.ch\/fr\/implantation\/","name":"Implantation d'entreprises et de particuliers - Workpermit + Arbeitsbewilligungen Spezialist","isPartOf":{"@id":"https:\/\/sgierpartner.ch\/fr\/#website"},"primaryImageOfPage":{"@id":"https:\/\/sgierpartner.ch\/fr\/implantation\/#primaryimage"},"image":{"@id":"https:\/\/sgierpartner.ch\/fr\/implantation\/#primaryimage"},"thumbnailUrl":"https:\/\/sgierpartner.ch\/wp-content\/uploads\/Family-Immigration-Relocation-Switzerland-1.jpg","datePublished":"2020-05-18T08:29:05+00:00","dateModified":"2020-05-30T10:58:45+00:00","description":"Sgier + Partner conseille et accompagne les petites et moyennes entreprises dans tous les aspects d\u2019une implantation professionnelle d\u2019entreprise en Suisse.","breadcrumb":{"@id":"https:\/\/sgierpartner.ch\/fr\/implantation\/#breadcrumb"},"inLanguage":"fr-FR","potentialAction":[{"@type":"ReadAction","target":["https:\/\/sgierpartner.ch\/fr\/implantation\/"]}]},{"@type":"ImageObject","inLanguage":"fr-FR","@id":"https:\/\/sgierpartner.ch\/fr\/implantation\/#primaryimage","url":"https:\/\/sgierpartner.ch\/wp-content\/uploads\/Family-Immigration-Relocation-Switzerland-1.jpg","contentUrl":"https:\/\/sgierpartner.ch\/wp-content\/uploads\/Family-Immigration-Relocation-Switzerland-1.jpg","width":1600,"height":900,"caption":"swiss immigration + relocation services in Switzerland: Zurich, Geneva, Zug, Lugano, Basle, Berne, Lausanne"},{"@type":"BreadcrumbList","@id":"https:\/\/sgierpartner.ch\/fr\/implantation\/#breadcrumb","itemListElement":[{"@type":"ListItem","position":1,"name":"Startseite","item":"https:\/\/sgierpartner.ch\/fr\/"},{"@type":"ListItem","position":2,"name":"Implantation"}]},{"@type":"WebSite","@id":"https:\/\/sgierpartner.ch\/fr\/#website","url":"https:\/\/sgierpartner.ch\/fr\/","name":"Sgier+Partner","description":"swiss immigration+relocation","publisher":{"@id":"https:\/\/sgierpartner.ch\/fr\/#organization"},"potentialAction":[{"@type":"SearchAction","target":{"@type":"EntryPoint","urlTemplate":"https:\/\/sgierpartner.ch\/fr\/?s={search_term_string}"},"query-input":{"@type":"PropertyValueSpecification","valueRequired":true,"valueName":"search_term_string"}}],"inLanguage":"fr-FR"},{"@type":"Organization","@id":"https:\/\/sgierpartner.ch\/fr\/#organization","name":"Sgier + Partner GmbH","url":"https:\/\/sgierpartner.ch\/fr\/","logo":{"@type":"ImageObject","inLanguage":"fr-FR","@id":"https:\/\/sgierpartner.ch\/fr\/#\/schema\/logo\/image\/","url":"https:\/\/sgierpartner.ch\/wp-content\/uploads\/SP-Logo-Footer-farbig.png","contentUrl":"https:\/\/sgierpartner.ch\/wp-content\/uploads\/SP-Logo-Footer-farbig.png","width":2058,"height":326,"caption":"Sgier + Partner GmbH"},"image":{"@id":"https:\/\/sgierpartner.ch\/fr\/#\/schema\/logo\/image\/"}}]}},"_links":{"self":[{"href":"https:\/\/sgierpartner.ch\/fr\/wp-json\/wp\/v2\/pages\/4658","targetHints":{"allow":["GET"]}}],"collection":[{"href":"https:\/\/sgierpartner.ch\/fr\/wp-json\/wp\/v2\/pages"}],"about":[{"href":"https:\/\/sgierpartner.ch\/fr\/wp-json\/wp\/v2\/types\/page"}],"author":[{"embeddable":true,"href":"https:\/\/sgierpartner.ch\/fr\/wp-json\/wp\/v2\/users\/1"}],"replies":[{"embeddable":true,"href":"https:\/\/sgierpartner.ch\/fr\/wp-json\/wp\/v2\/comments?post=4658"}],"version-history":[{"count":0,"href":"https:\/\/sgierpartner.ch\/fr\/wp-json\/wp\/v2\/pages\/4658\/revisions"}],"wp:featuredmedia":[{"embeddable":true,"href":"https:\/\/sgierpartner.ch\/fr\/wp-json\/wp\/v2\/media\/3183"}],"wp:attachment":[{"href":"https:\/\/sgierpartner.ch\/fr\/wp-json\/wp\/v2\/media?parent=4658"}],"wp:term":[{"taxonomy":"wf_page_folders","embeddable":true,"href":"https:\/\/sgierpartner.ch\/fr\/wp-json\/wp\/v2\/wf_page_folders?post=4658"}],"curies":[{"name":"wp","href":"https:\/\/api.w.org\/{rel}","templated":true}]}}