{"id":4671,"date":"2020-05-18T11:13:55","date_gmt":"2020-05-18T09:13:55","guid":{"rendered":"http:\/\/975ciacxzt.preview.infomaniak.website\/sgierpartner\/conformite\/"},"modified":"2023-05-24T10:33:13","modified_gmt":"2023-05-24T08:33:13","slug":"conformite","status":"publish","type":"page","link":"https:\/\/sgierpartner.ch\/fr\/conformite\/","title":{"rendered":"Conformit\u00e9"},"content":{"rendered":"<p>[et_pb_section fb_built=&#8221;1&#8243; fullwidth=&#8221;on&#8221; _builder_version=&#8221;4.16&#8243; global_colors_info=&#8221;{}&#8221; theme_builder_area=&#8221;post_content&#8221;][et_pb_fullwidth_image src=&#8221;https:\/\/sgierpartner.ch\/wp-content\/uploads\/Header-immigration-relocation-SgierPartner-1.jpg&#8221; alt=&#8221;Welcome to the Matterhorn &#8211; swiss immigration + relocation services&#8221; title_text=&#8221;Sgier + Partner | swiss immigration+relocation&#8221; _builder_version=&#8221;4.16&#8243; global_colors_info=&#8221;{}&#8221; theme_builder_area=&#8221;post_content&#8221;][\/et_pb_fullwidth_image][\/et_pb_section][et_pb_section fb_built=&#8221;1&#8243; _builder_version=&#8221;4.16&#8243; global_colors_info=&#8221;{}&#8221; theme_builder_area=&#8221;post_content&#8221;][et_pb_row _builder_version=&#8221;4.16&#8243; global_colors_info=&#8221;{}&#8221; theme_builder_area=&#8221;post_content&#8221;][et_pb_column type=&#8221;4_4&#8243; _builder_version=&#8221;4.16&#8243; global_colors_info=&#8221;{}&#8221; theme_builder_area=&#8221;post_content&#8221;][et_pb_text _builder_version=&#8221;4.16&#8243; custom_margin=&#8221;||||false|false&#8221; global_colors_info=&#8221;{}&#8221; theme_builder_area=&#8221;post_content&#8221;]<\/p>\n<h1 class=\"ce_headline first\">Conformit\u00e9<\/h1>\n<p>[\/et_pb_text][et_pb_menu menu_id=&#8221;47&#8243; disabled_on=&#8221;on|off|off&#8221; _builder_version=&#8221;4.16&#8243; global_colors_info=&#8221;{}&#8221; theme_builder_area=&#8221;post_content&#8221;][\/et_pb_menu][\/et_pb_column][\/et_pb_row][et_pb_row column_structure=&#8221;3_4,1_4&#8243; _builder_version=&#8221;4.16&#8243; custom_margin=&#8221;0px||||false|false&#8221; global_colors_info=&#8221;{}&#8221; theme_builder_area=&#8221;post_content&#8221;][et_pb_column type=&#8221;3_4&#8243; _builder_version=&#8221;4.16&#8243; global_colors_info=&#8221;{}&#8221; theme_builder_area=&#8221;post_content&#8221;][et_pb_text _builder_version=&#8221;4.16&#8243; global_colors_info=&#8221;{}&#8221; theme_builder_area=&#8221;post_content&#8221;]<\/p>\n<div class=\"ce_text lead block\">\n<h4>Le respect du droit et de la loi ainsi que de nos propres r\u00e9glementations constitue le fondement de toute activit\u00e9 commerciale de Sgier +\u00a0 Partner S\u00e0rl.<\/h4>\n<\/div>\n<div class=\"ce_text block\">\n<p>Cela inclut l\u2019ind\u00e9pendance envers tout prestataire de produits et de services de toute nature ainsi que notre lutte contre la corruption sous toutes ses formes et pour un d\u00e9veloppement durable.<\/p>\n<p>Sgier + Partner S\u00e0rl r\u00e9ussit face \u00e0 ses concurrents par l\u2019innovation, la qualit\u00e9, la fiabilit\u00e9 et l\u2019\u00e9quit\u00e9. Pour cela, nous respectons les r\u00e8gles l\u00e9gales et celles qui sont propres \u00e0 notre entreprise. Notre Corporate Compliance en est la base. Elle fait ressortir les points forts qui comptent particuli\u00e8rement pour nous dans la pratique.<\/p>\n<p>Sgier + Partner S\u00e0rl et son personnel respectent le droit en vigueur et attendent que leurs partenaires commerciaux fassent de m\u00eame.<\/p>\n<\/div>\n<p>[\/et_pb_text][\/et_pb_column][et_pb_column type=&#8221;1_4&#8243; _builder_version=&#8221;4.16&#8243; global_colors_info=&#8221;{}&#8221; theme_builder_area=&#8221;post_content&#8221;][et_pb_testimonial author=&#8221;Entreprise multinationale de Business Consulting ayant son si\u00e8ge \u00e0 Zurich&#8221; _builder_version=&#8221;4.21.0&#8243; hover_enabled=&#8221;0&#8243; global_colors_info=&#8221;{}&#8221; theme_builder_area=&#8221;post_content&#8221; sticky_enabled=&#8221;0&#8243; author_text_color=&#8221;#FFFFFF&#8221;]\u00abGr\u00e2ce \u00e0 Sgier +\u00a0 Partner, la dur\u00e9e de la proc\u00e9dure de traitement des permis \u00abend-to-end\u00bb a pu \u00eatre r\u00e9duite de plus de moiti\u00e9\u00bb.[\/et_pb_testimonial][\/et_pb_column][\/et_pb_row][et_pb_row column_structure=&#8221;1_2,1_2&#8243; _builder_version=&#8221;4.16&#8243; custom_padding=&#8221;0px||||false|false&#8221; global_colors_info=&#8221;{}&#8221; theme_builder_area=&#8221;post_content&#8221;][et_pb_column type=&#8221;1_2&#8243; _builder_version=&#8221;4.16&#8243; global_colors_info=&#8221;{}&#8221; theme_builder_area=&#8221;post_content&#8221;][et_pb_image src=&#8221;https:\/\/sgierpartner.ch\/wp-content\/uploads\/Compliance-in-swiss-immigrationrelocation1-3.jpg&#8221; alt=&#8221;Compliance Sgier + Partner&#8221; title_text=&#8221;Compliance | swiss immigration + relocation services&#8221; _builder_version=&#8221;4.16&#8243; global_colors_info=&#8221;{}&#8221; theme_builder_area=&#8221;post_content&#8221;][\/et_pb_image][\/et_pb_column][et_pb_column type=&#8221;1_2&#8243; _builder_version=&#8221;4.16&#8243; global_colors_info=&#8221;{}&#8221; theme_builder_area=&#8221;post_content&#8221;][et_pb_image src=&#8221;https:\/\/sgierpartner.ch\/wp-content\/uploads\/\/Compliance-in-swiss-immigrationrelocation2-1024&#215;577.jpg&#8221; alt=&#8221;Comformit\u00e9 Sgier + Partner | swiss immigration+relocation&#8221; title_text=&#8221;Comformit\u00e9 Sgier + Partner | swiss immigration+relocation&#8221; _builder_version=&#8221;4.16&#8243; global_colors_info=&#8221;{}&#8221; theme_builder_area=&#8221;post_content&#8221;][\/et_pb_image][\/et_pb_column][\/et_pb_row][\/et_pb_section]<\/p>\n","protected":false},"excerpt":{"rendered":"<p>Sgier + Partner S\u00e0rl r\u00e9ussit face \u00e0 ses concurrents par l\u2019innovation, la qualit\u00e9, la fiabilit\u00e9 et l\u2019\u00e9quit\u00e9. Pour cela, nous respectons les r\u00e8gles l\u00e9gales et celles qui sont propres \u00e0 notre entreprise. Notre Corporate Compliance en est la base. Elle fait ressortir les points forts qui comptent particuli\u00e8rement pour nous dans la pratique.<\/p>\n","protected":false},"author":1,"featured_media":0,"parent":0,"menu_order":0,"comment_status":"closed","ping_status":"closed","template":"","meta":{"_et_pb_use_builder":"on","_et_pb_old_content":"","_et_gb_content_width":"","footnotes":""},"wf_page_folders":[86],"class_list":["post-4671","page","type-page","status-publish","hentry"],"yoast_head":"<!-- This site is optimized with the Yoast SEO plugin v27.4 - https:\/\/yoast.com\/product\/yoast-seo-wordpress\/ -->\n<title>Conformit\u00e9 - Le respect du droit et de la loi - Workpermit + Arbeitsbewilligungen Spezialist<\/title>\n<meta name=\"description\" content=\"Le respect du droit et de la loi ainsi que de nos propres r\u00e9glementations constitue le fondement de toute activit\u00e9 commerciale de Sgier + Partner S\u00e0rl.\" \/>\n<meta name=\"robots\" content=\"index, follow, max-snippet:-1, max-image-preview:large, max-video-preview:-1\" \/>\n<link rel=\"canonical\" href=\"https:\/\/sgierpartner.ch\/fr\/conformite\/\" \/>\n<meta property=\"og:locale\" content=\"fr_FR\" \/>\n<meta property=\"og:type\" content=\"article\" \/>\n<meta property=\"og:title\" content=\"Conformit\u00e9 - Le respect du droit et de la loi - Workpermit + Arbeitsbewilligungen Spezialist\" \/>\n<meta property=\"og:description\" content=\"Le respect du droit et de la loi ainsi que de nos propres r\u00e9glementations constitue le fondement de toute activit\u00e9 commerciale de Sgier + Partner S\u00e0rl.\" \/>\n<meta property=\"og:url\" content=\"https:\/\/sgierpartner.ch\/fr\/conformite\/\" \/>\n<meta property=\"og:site_name\" content=\"Workpermit + Arbeitsbewilligungen Spezialist\" \/>\n<meta property=\"article:modified_time\" content=\"2023-05-24T08:33:13+00:00\" \/>\n<meta name=\"twitter:card\" content=\"summary_large_image\" \/>\n<meta name=\"twitter:label1\" content=\"Dur\u00e9e de lecture estim\u00e9e\" \/>\n\t<meta name=\"twitter:data1\" content=\"3 minutes\" \/>\n<script type=\"application\/ld+json\" class=\"yoast-schema-graph\">{\"@context\":\"https:\\\/\\\/schema.org\",\"@graph\":[{\"@type\":\"WebPage\",\"@id\":\"https:\\\/\\\/sgierpartner.ch\\\/fr\\\/conformite\\\/\",\"url\":\"https:\\\/\\\/sgierpartner.ch\\\/fr\\\/conformite\\\/\",\"name\":\"Conformit\u00e9 - Le respect du droit et de la loi - Workpermit + Arbeitsbewilligungen Spezialist\",\"isPartOf\":{\"@id\":\"https:\\\/\\\/sgierpartner.ch\\\/fr\\\/#website\"},\"datePublished\":\"2020-05-18T09:13:55+00:00\",\"dateModified\":\"2023-05-24T08:33:13+00:00\",\"description\":\"Le respect du droit et de la loi ainsi que de nos propres r\u00e9glementations constitue le fondement de toute activit\u00e9 commerciale de Sgier + Partner S\u00e0rl.\",\"breadcrumb\":{\"@id\":\"https:\\\/\\\/sgierpartner.ch\\\/fr\\\/conformite\\\/#breadcrumb\"},\"inLanguage\":\"fr-FR\",\"potentialAction\":[{\"@type\":\"ReadAction\",\"target\":[\"https:\\\/\\\/sgierpartner.ch\\\/fr\\\/conformite\\\/\"]}]},{\"@type\":\"BreadcrumbList\",\"@id\":\"https:\\\/\\\/sgierpartner.ch\\\/fr\\\/conformite\\\/#breadcrumb\",\"itemListElement\":[{\"@type\":\"ListItem\",\"position\":1,\"name\":\"Startseite\",\"item\":\"https:\\\/\\\/sgierpartner.ch\\\/fr\\\/\"},{\"@type\":\"ListItem\",\"position\":2,\"name\":\"Conformit\u00e9\"}]},{\"@type\":\"WebSite\",\"@id\":\"https:\\\/\\\/sgierpartner.ch\\\/fr\\\/#website\",\"url\":\"https:\\\/\\\/sgierpartner.ch\\\/fr\\\/\",\"name\":\"Sgier+Partner\",\"description\":\"swiss immigration+relocation\",\"publisher\":{\"@id\":\"https:\\\/\\\/sgierpartner.ch\\\/fr\\\/#organization\"},\"potentialAction\":[{\"@type\":\"SearchAction\",\"target\":{\"@type\":\"EntryPoint\",\"urlTemplate\":\"https:\\\/\\\/sgierpartner.ch\\\/fr\\\/?s={search_term_string}\"},\"query-input\":{\"@type\":\"PropertyValueSpecification\",\"valueRequired\":true,\"valueName\":\"search_term_string\"}}],\"inLanguage\":\"fr-FR\"},{\"@type\":\"Organization\",\"@id\":\"https:\\\/\\\/sgierpartner.ch\\\/fr\\\/#organization\",\"name\":\"Sgier + Partner GmbH\",\"url\":\"https:\\\/\\\/sgierpartner.ch\\\/fr\\\/\",\"logo\":{\"@type\":\"ImageObject\",\"inLanguage\":\"fr-FR\",\"@id\":\"https:\\\/\\\/sgierpartner.ch\\\/fr\\\/#\\\/schema\\\/logo\\\/image\\\/\",\"url\":\"https:\\\/\\\/sgierpartner.ch\\\/wp-content\\\/uploads\\\/SP-Logo-Footer-farbig.png\",\"contentUrl\":\"https:\\\/\\\/sgierpartner.ch\\\/wp-content\\\/uploads\\\/SP-Logo-Footer-farbig.png\",\"width\":2058,\"height\":326,\"caption\":\"Sgier + Partner GmbH\"},\"image\":{\"@id\":\"https:\\\/\\\/sgierpartner.ch\\\/fr\\\/#\\\/schema\\\/logo\\\/image\\\/\"}}]}<\/script>\n<!-- \/ Yoast SEO plugin. -->","yoast_head_json":{"title":"Conformit\u00e9 - Le respect du droit et de la loi - Workpermit + Arbeitsbewilligungen Spezialist","description":"Le respect du droit et de la loi ainsi que de nos propres r\u00e9glementations constitue le fondement de toute activit\u00e9 commerciale de Sgier + Partner S\u00e0rl.","robots":{"index":"index","follow":"follow","max-snippet":"max-snippet:-1","max-image-preview":"max-image-preview:large","max-video-preview":"max-video-preview:-1"},"canonical":"https:\/\/sgierpartner.ch\/fr\/conformite\/","og_locale":"fr_FR","og_type":"article","og_title":"Conformit\u00e9 - Le respect du droit et de la loi - Workpermit + Arbeitsbewilligungen Spezialist","og_description":"Le respect du droit et de la loi ainsi que de nos propres r\u00e9glementations constitue le fondement de toute activit\u00e9 commerciale de Sgier + Partner S\u00e0rl.","og_url":"https:\/\/sgierpartner.ch\/fr\/conformite\/","og_site_name":"Workpermit + Arbeitsbewilligungen Spezialist","article_modified_time":"2023-05-24T08:33:13+00:00","twitter_card":"summary_large_image","twitter_misc":{"Dur\u00e9e de lecture estim\u00e9e":"3 minutes"},"schema":{"@context":"https:\/\/schema.org","@graph":[{"@type":"WebPage","@id":"https:\/\/sgierpartner.ch\/fr\/conformite\/","url":"https:\/\/sgierpartner.ch\/fr\/conformite\/","name":"Conformit\u00e9 - Le respect du droit et de la loi - Workpermit + Arbeitsbewilligungen Spezialist","isPartOf":{"@id":"https:\/\/sgierpartner.ch\/fr\/#website"},"datePublished":"2020-05-18T09:13:55+00:00","dateModified":"2023-05-24T08:33:13+00:00","description":"Le respect du droit et de la loi ainsi que de nos propres r\u00e9glementations constitue le fondement de toute activit\u00e9 commerciale de Sgier + Partner S\u00e0rl.","breadcrumb":{"@id":"https:\/\/sgierpartner.ch\/fr\/conformite\/#breadcrumb"},"inLanguage":"fr-FR","potentialAction":[{"@type":"ReadAction","target":["https:\/\/sgierpartner.ch\/fr\/conformite\/"]}]},{"@type":"BreadcrumbList","@id":"https:\/\/sgierpartner.ch\/fr\/conformite\/#breadcrumb","itemListElement":[{"@type":"ListItem","position":1,"name":"Startseite","item":"https:\/\/sgierpartner.ch\/fr\/"},{"@type":"ListItem","position":2,"name":"Conformit\u00e9"}]},{"@type":"WebSite","@id":"https:\/\/sgierpartner.ch\/fr\/#website","url":"https:\/\/sgierpartner.ch\/fr\/","name":"Sgier+Partner","description":"swiss immigration+relocation","publisher":{"@id":"https:\/\/sgierpartner.ch\/fr\/#organization"},"potentialAction":[{"@type":"SearchAction","target":{"@type":"EntryPoint","urlTemplate":"https:\/\/sgierpartner.ch\/fr\/?s={search_term_string}"},"query-input":{"@type":"PropertyValueSpecification","valueRequired":true,"valueName":"search_term_string"}}],"inLanguage":"fr-FR"},{"@type":"Organization","@id":"https:\/\/sgierpartner.ch\/fr\/#organization","name":"Sgier + Partner GmbH","url":"https:\/\/sgierpartner.ch\/fr\/","logo":{"@type":"ImageObject","inLanguage":"fr-FR","@id":"https:\/\/sgierpartner.ch\/fr\/#\/schema\/logo\/image\/","url":"https:\/\/sgierpartner.ch\/wp-content\/uploads\/SP-Logo-Footer-farbig.png","contentUrl":"https:\/\/sgierpartner.ch\/wp-content\/uploads\/SP-Logo-Footer-farbig.png","width":2058,"height":326,"caption":"Sgier + Partner GmbH"},"image":{"@id":"https:\/\/sgierpartner.ch\/fr\/#\/schema\/logo\/image\/"}}]}},"_links":{"self":[{"href":"https:\/\/sgierpartner.ch\/fr\/wp-json\/wp\/v2\/pages\/4671","targetHints":{"allow":["GET"]}}],"collection":[{"href":"https:\/\/sgierpartner.ch\/fr\/wp-json\/wp\/v2\/pages"}],"about":[{"href":"https:\/\/sgierpartner.ch\/fr\/wp-json\/wp\/v2\/types\/page"}],"author":[{"embeddable":true,"href":"https:\/\/sgierpartner.ch\/fr\/wp-json\/wp\/v2\/users\/1"}],"replies":[{"embeddable":true,"href":"https:\/\/sgierpartner.ch\/fr\/wp-json\/wp\/v2\/comments?post=4671"}],"version-history":[{"count":0,"href":"https:\/\/sgierpartner.ch\/fr\/wp-json\/wp\/v2\/pages\/4671\/revisions"}],"wp:attachment":[{"href":"https:\/\/sgierpartner.ch\/fr\/wp-json\/wp\/v2\/media?parent=4671"}],"wp:term":[{"taxonomy":"wf_page_folders","embeddable":true,"href":"https:\/\/sgierpartner.ch\/fr\/wp-json\/wp\/v2\/wf_page_folders?post=4671"}],"curies":[{"name":"wp","href":"https:\/\/api.w.org\/{rel}","templated":true}]}}