{"id":4697,"date":"2020-05-18T13:10:42","date_gmt":"2020-05-18T11:10:42","guid":{"rendered":"http:\/\/975ciacxzt.preview.infomaniak.website\/sgierpartner\/test-de-conformite\/"},"modified":"2020-05-28T17:14:14","modified_gmt":"2020-05-28T15:14:14","slug":"test-de-conformite","status":"publish","type":"page","link":"https:\/\/sgierpartner.ch\/fr\/test-de-conformite\/","title":{"rendered":"Test de conformit\u00e9"},"content":{"rendered":"<p>[et_pb_section fb_built=&#8221;1&#8243; fullwidth=&#8221;on&#8221; _builder_version=&#8221;4.4.3&#8243;][et_pb_fullwidth_image src=&#8221;https:\/\/sgierpartner.ch\/wp-content\/uploads\/Berge-immigration-relocation-schweiz-2.jpg&#8221; alt=&#8221;Sgier + Partner | swiss immigration+relocation&#8221; title_text=&#8221;Sgier + Partner | swiss immigration+relocation&#8221; _builder_version=&#8221;4.4.7&#8243; hover_enabled=&#8221;0&#8243;][\/et_pb_fullwidth_image][\/et_pb_section][et_pb_section fb_built=&#8221;1&#8243; _builder_version=&#8221;4.4.3&#8243;][et_pb_row _builder_version=&#8221;4.4.6&#8243; custom_margin=&#8221;||||false|false&#8221; custom_padding=&#8221;||||false|false&#8221;][et_pb_column type=&#8221;4_4&#8243; _builder_version=&#8221;4.4.3&#8243;][et_pb_text _builder_version=&#8221;4.4.6&#8243; custom_margin=&#8221;||||false|false&#8221;]<\/p>\n<h1>\nTest de conformit\u00e9 en mati\u00e8re d\u2019immigration<\/h1>\n<p>[\/et_pb_text][et_pb_menu menu_id=&#8221;45&#8243; disabled_on=&#8221;on|off|off&#8221; _builder_version=&#8221;4.4.6&#8243;][\/et_pb_menu][\/et_pb_column][\/et_pb_row][et_pb_row column_structure=&#8221;3_5,2_5&#8243; _builder_version=&#8221;4.4.3&#8243;][et_pb_column type=&#8221;3_5&#8243; _builder_version=&#8221;4.4.3&#8243;][et_pb_text _builder_version=&#8221;4.4.3&#8243;]<\/p>\n<h4>Votre entreprise est-elle \u00abconforme sur le plan des permis\u00bb?<\/h4>\n<p>[\/et_pb_text][et_pb_image src=&#8221;https:\/\/sgierpartner.ch\/wp-content\/uploads\/\/Compliance-in-swiss-immigrationrelocation2-1024&#215;577.jpg&#8221; alt=&#8221;Compliance | swiss immigration+relocation services&#8221; title_text=&#8221;Compliance | swiss immigration+relocation services&#8221; _builder_version=&#8221;4.4.7&#8243; src__hover_enabled=&#8221;on|hover&#8221; src__hover=&#8221;https:\/\/sgierpartner.ch\/wp-content\/uploads\/Compliance-in-swiss-immigrationrelocation3-1024&#215;576.jpg&#8221;][\/et_pb_image][et_pb_text _builder_version=&#8221;4.4.3&#8243;]Pour les entreprises qui envisagent des proc\u00e9dures syst\u00e9matiques pour assumer leurs obligations en mati\u00e8re de permis de travail et de gestion des donn\u00e9es des collaborateurs ou qui souhaitent faire contr\u00f4ler ces syst\u00e8mes, Sgier + Partner propose un test de conformit\u00e9 en mati\u00e8re de permis. Celui-ci englobe l\u2019expertise des documents et syst\u00e8mes existants ainsi que des conseils donn\u00e9s \u00e0 l\u2019entreprise pour lui permettre d\u2019assumer de fa\u00e7on exhaustive ses devoirs d\u2019information et de documentation. De m\u00eame, nous \u00e9tendons les connaissances existantes en mati\u00e8re de permis de travail et nous tirons au clair les questions individuelles.[\/et_pb_text][\/et_pb_column][et_pb_column type=&#8221;2_5&#8243; _builder_version=&#8221;4.4.3&#8243;][et_pb_cta title=&#8221;Compliance Check &#8221; _builder_version=&#8221;4.4.6&#8243; custom_button=&#8221;on&#8221; button_text_color=&#8221;#ffffff&#8221; button_bg_color=&#8221;#e11a24&#8243; button_border_color=&#8221;#ffffff&#8221; button_border_radius=&#8221;12px&#8221; button_text__hover_enabled=&#8221;on|desktop&#8221;]<\/p>\n<ul>\n<li>Avez-vous introduit dans vos proc\u00e9dures des contr\u00f4les syst\u00e9matiques?<\/li>\n<li>R\u00e9alisez-vous r\u00e9guli\u00e8rement des contr\u00f4les internes concernant le d\u00e9p\u00f4t de demandes de permis de travail?<\/li>\n<li>Respectez-vous les r\u00e8gles de la protection des donn\u00e9es pour les donn\u00e9es de vos collaborateurs?<\/li>\n<\/ul>\n<p>Nous vous soutenons dans l\u2019introduction et le respect des prescriptions l\u00e9gales et nous soumettons vos processus \u00e0 un Compliance Check.[\/et_pb_cta][et_pb_text _builder_version=&#8221;4.4.6&#8243;]<\/p>\n<blockquote><p>\u00abGr\u00e2ce \u00e0 Sgier + Partner, la dur\u00e9e du processus d\u2019autorisation a pu \u00eatre r\u00e9duite de plus de 40%\u00bb. Entreprise multinationale de Business Consulting ayant son si\u00e8ge \u00e0 Zurich.<\/p><\/blockquote>\n<p>[\/et_pb_text][\/et_pb_column][\/et_pb_row][\/et_pb_section]<\/p>\n","protected":false},"excerpt":{"rendered":"<p>Pour les entreprises qui envisagent des proc\u00e9dures syst\u00e9matiques pour assumer leurs obligations en mati\u00e8re de permis de travail et de gestion des donn\u00e9es des collaborateurs ou qui souhaitent faire contr\u00f4ler ces syst\u00e8mes, Sgier + Partner propose un test de conformit\u00e9 en mati\u00e8re de permis. <\/p>\n","protected":false},"author":1,"featured_media":4368,"parent":0,"menu_order":0,"comment_status":"closed","ping_status":"closed","template":"","meta":{"_et_pb_use_builder":"on","_et_pb_old_content":"","_et_gb_content_width":"","footnotes":""},"wf_page_folders":[],"class_list":["post-4697","page","type-page","status-publish","has-post-thumbnail","hentry"],"yoast_head":"<!-- This site is optimized with the Yoast SEO plugin v27.4 - https:\/\/yoast.com\/product\/yoast-seo-wordpress\/ -->\n<title>Votre entreprise est-elle \u00abconforme sur le plan des permis? - Workpermit + Arbeitsbewilligungen Spezialist<\/title>\n<meta name=\"description\" content=\"Pour les entreprises Sgier + Partner propose un test de conformit\u00e9 en mati\u00e8re de permis.\" \/>\n<meta name=\"robots\" content=\"index, follow, max-snippet:-1, max-image-preview:large, max-video-preview:-1\" \/>\n<link rel=\"canonical\" href=\"https:\/\/sgierpartner.ch\/fr\/test-de-conformite\/\" \/>\n<meta property=\"og:locale\" content=\"fr_FR\" \/>\n<meta property=\"og:type\" content=\"article\" \/>\n<meta property=\"og:title\" content=\"Votre entreprise est-elle \u00abconforme sur le plan des permis? - Workpermit + Arbeitsbewilligungen Spezialist\" \/>\n<meta property=\"og:description\" content=\"Pour les entreprises Sgier + Partner propose un test de conformit\u00e9 en mati\u00e8re de permis.\" \/>\n<meta property=\"og:url\" content=\"https:\/\/sgierpartner.ch\/fr\/test-de-conformite\/\" \/>\n<meta property=\"og:site_name\" content=\"Workpermit + Arbeitsbewilligungen Spezialist\" \/>\n<meta property=\"article:modified_time\" content=\"2020-05-28T15:14:14+00:00\" \/>\n<meta property=\"og:image\" content=\"https:\/\/sgierpartner.ch\/wp-content\/uploads\/Compliance-in-swiss-immigrationrelocation2.jpg\" \/>\n\t<meta property=\"og:image:width\" content=\"1600\" \/>\n\t<meta property=\"og:image:height\" content=\"901\" \/>\n\t<meta property=\"og:image:type\" content=\"image\/jpeg\" \/>\n<meta name=\"twitter:card\" content=\"summary_large_image\" \/>\n<meta name=\"twitter:label1\" content=\"Dur\u00e9e de lecture estim\u00e9e\" \/>\n\t<meta name=\"twitter:data1\" content=\"2 minutes\" \/>\n<script type=\"application\/ld+json\" class=\"yoast-schema-graph\">{\"@context\":\"https:\\\/\\\/schema.org\",\"@graph\":[{\"@type\":\"WebPage\",\"@id\":\"https:\\\/\\\/sgierpartner.ch\\\/fr\\\/test-de-conformite\\\/\",\"url\":\"https:\\\/\\\/sgierpartner.ch\\\/fr\\\/test-de-conformite\\\/\",\"name\":\"Votre entreprise est-elle \u00abconforme sur le plan des permis? - Workpermit + Arbeitsbewilligungen Spezialist\",\"isPartOf\":{\"@id\":\"https:\\\/\\\/sgierpartner.ch\\\/fr\\\/#website\"},\"primaryImageOfPage\":{\"@id\":\"https:\\\/\\\/sgierpartner.ch\\\/fr\\\/test-de-conformite\\\/#primaryimage\"},\"image\":{\"@id\":\"https:\\\/\\\/sgierpartner.ch\\\/fr\\\/test-de-conformite\\\/#primaryimage\"},\"thumbnailUrl\":\"https:\\\/\\\/sgierpartner.ch\\\/wp-content\\\/uploads\\\/Compliance-in-swiss-immigrationrelocation2.jpg\",\"datePublished\":\"2020-05-18T11:10:42+00:00\",\"dateModified\":\"2020-05-28T15:14:14+00:00\",\"description\":\"Pour les entreprises Sgier + Partner propose un test de conformit\u00e9 en mati\u00e8re de permis.\",\"breadcrumb\":{\"@id\":\"https:\\\/\\\/sgierpartner.ch\\\/fr\\\/test-de-conformite\\\/#breadcrumb\"},\"inLanguage\":\"fr-FR\",\"potentialAction\":[{\"@type\":\"ReadAction\",\"target\":[\"https:\\\/\\\/sgierpartner.ch\\\/fr\\\/test-de-conformite\\\/\"]}]},{\"@type\":\"ImageObject\",\"inLanguage\":\"fr-FR\",\"@id\":\"https:\\\/\\\/sgierpartner.ch\\\/fr\\\/test-de-conformite\\\/#primaryimage\",\"url\":\"https:\\\/\\\/sgierpartner.ch\\\/wp-content\\\/uploads\\\/Compliance-in-swiss-immigrationrelocation2.jpg\",\"contentUrl\":\"https:\\\/\\\/sgierpartner.ch\\\/wp-content\\\/uploads\\\/Compliance-in-swiss-immigrationrelocation2.jpg\",\"width\":1600,\"height\":901,\"caption\":\"swiss immigration + relocation services in Switzerland: Zurich, Geneva, Zug, Lugano, Basle, Berne, Lausanne\"},{\"@type\":\"BreadcrumbList\",\"@id\":\"https:\\\/\\\/sgierpartner.ch\\\/fr\\\/test-de-conformite\\\/#breadcrumb\",\"itemListElement\":[{\"@type\":\"ListItem\",\"position\":1,\"name\":\"Startseite\",\"item\":\"https:\\\/\\\/sgierpartner.ch\\\/fr\\\/\"},{\"@type\":\"ListItem\",\"position\":2,\"name\":\"Test de conformit\u00e9\"}]},{\"@type\":\"WebSite\",\"@id\":\"https:\\\/\\\/sgierpartner.ch\\\/fr\\\/#website\",\"url\":\"https:\\\/\\\/sgierpartner.ch\\\/fr\\\/\",\"name\":\"Sgier+Partner\",\"description\":\"swiss immigration+relocation\",\"publisher\":{\"@id\":\"https:\\\/\\\/sgierpartner.ch\\\/fr\\\/#organization\"},\"potentialAction\":[{\"@type\":\"SearchAction\",\"target\":{\"@type\":\"EntryPoint\",\"urlTemplate\":\"https:\\\/\\\/sgierpartner.ch\\\/fr\\\/?s={search_term_string}\"},\"query-input\":{\"@type\":\"PropertyValueSpecification\",\"valueRequired\":true,\"valueName\":\"search_term_string\"}}],\"inLanguage\":\"fr-FR\"},{\"@type\":\"Organization\",\"@id\":\"https:\\\/\\\/sgierpartner.ch\\\/fr\\\/#organization\",\"name\":\"Sgier + Partner GmbH\",\"url\":\"https:\\\/\\\/sgierpartner.ch\\\/fr\\\/\",\"logo\":{\"@type\":\"ImageObject\",\"inLanguage\":\"fr-FR\",\"@id\":\"https:\\\/\\\/sgierpartner.ch\\\/fr\\\/#\\\/schema\\\/logo\\\/image\\\/\",\"url\":\"https:\\\/\\\/sgierpartner.ch\\\/wp-content\\\/uploads\\\/SP-Logo-Footer-farbig.png\",\"contentUrl\":\"https:\\\/\\\/sgierpartner.ch\\\/wp-content\\\/uploads\\\/SP-Logo-Footer-farbig.png\",\"width\":2058,\"height\":326,\"caption\":\"Sgier + Partner GmbH\"},\"image\":{\"@id\":\"https:\\\/\\\/sgierpartner.ch\\\/fr\\\/#\\\/schema\\\/logo\\\/image\\\/\"}}]}<\/script>\n<!-- \/ Yoast SEO plugin. -->","yoast_head_json":{"title":"Votre entreprise est-elle \u00abconforme sur le plan des permis? - Workpermit + Arbeitsbewilligungen Spezialist","description":"Pour les entreprises Sgier + Partner propose un test de conformit\u00e9 en mati\u00e8re de permis.","robots":{"index":"index","follow":"follow","max-snippet":"max-snippet:-1","max-image-preview":"max-image-preview:large","max-video-preview":"max-video-preview:-1"},"canonical":"https:\/\/sgierpartner.ch\/fr\/test-de-conformite\/","og_locale":"fr_FR","og_type":"article","og_title":"Votre entreprise est-elle \u00abconforme sur le plan des permis? - Workpermit + Arbeitsbewilligungen Spezialist","og_description":"Pour les entreprises Sgier + Partner propose un test de conformit\u00e9 en mati\u00e8re de permis.","og_url":"https:\/\/sgierpartner.ch\/fr\/test-de-conformite\/","og_site_name":"Workpermit + Arbeitsbewilligungen Spezialist","article_modified_time":"2020-05-28T15:14:14+00:00","og_image":[{"width":1600,"height":901,"url":"https:\/\/sgierpartner.ch\/wp-content\/uploads\/Compliance-in-swiss-immigrationrelocation2.jpg","type":"image\/jpeg"}],"twitter_card":"summary_large_image","twitter_misc":{"Dur\u00e9e de lecture estim\u00e9e":"2 minutes"},"schema":{"@context":"https:\/\/schema.org","@graph":[{"@type":"WebPage","@id":"https:\/\/sgierpartner.ch\/fr\/test-de-conformite\/","url":"https:\/\/sgierpartner.ch\/fr\/test-de-conformite\/","name":"Votre entreprise est-elle \u00abconforme sur le plan des permis? - Workpermit + Arbeitsbewilligungen Spezialist","isPartOf":{"@id":"https:\/\/sgierpartner.ch\/fr\/#website"},"primaryImageOfPage":{"@id":"https:\/\/sgierpartner.ch\/fr\/test-de-conformite\/#primaryimage"},"image":{"@id":"https:\/\/sgierpartner.ch\/fr\/test-de-conformite\/#primaryimage"},"thumbnailUrl":"https:\/\/sgierpartner.ch\/wp-content\/uploads\/Compliance-in-swiss-immigrationrelocation2.jpg","datePublished":"2020-05-18T11:10:42+00:00","dateModified":"2020-05-28T15:14:14+00:00","description":"Pour les entreprises Sgier + Partner propose un test de conformit\u00e9 en mati\u00e8re de permis.","breadcrumb":{"@id":"https:\/\/sgierpartner.ch\/fr\/test-de-conformite\/#breadcrumb"},"inLanguage":"fr-FR","potentialAction":[{"@type":"ReadAction","target":["https:\/\/sgierpartner.ch\/fr\/test-de-conformite\/"]}]},{"@type":"ImageObject","inLanguage":"fr-FR","@id":"https:\/\/sgierpartner.ch\/fr\/test-de-conformite\/#primaryimage","url":"https:\/\/sgierpartner.ch\/wp-content\/uploads\/Compliance-in-swiss-immigrationrelocation2.jpg","contentUrl":"https:\/\/sgierpartner.ch\/wp-content\/uploads\/Compliance-in-swiss-immigrationrelocation2.jpg","width":1600,"height":901,"caption":"swiss immigration + relocation services in Switzerland: Zurich, Geneva, Zug, Lugano, Basle, Berne, Lausanne"},{"@type":"BreadcrumbList","@id":"https:\/\/sgierpartner.ch\/fr\/test-de-conformite\/#breadcrumb","itemListElement":[{"@type":"ListItem","position":1,"name":"Startseite","item":"https:\/\/sgierpartner.ch\/fr\/"},{"@type":"ListItem","position":2,"name":"Test de conformit\u00e9"}]},{"@type":"WebSite","@id":"https:\/\/sgierpartner.ch\/fr\/#website","url":"https:\/\/sgierpartner.ch\/fr\/","name":"Sgier+Partner","description":"swiss immigration+relocation","publisher":{"@id":"https:\/\/sgierpartner.ch\/fr\/#organization"},"potentialAction":[{"@type":"SearchAction","target":{"@type":"EntryPoint","urlTemplate":"https:\/\/sgierpartner.ch\/fr\/?s={search_term_string}"},"query-input":{"@type":"PropertyValueSpecification","valueRequired":true,"valueName":"search_term_string"}}],"inLanguage":"fr-FR"},{"@type":"Organization","@id":"https:\/\/sgierpartner.ch\/fr\/#organization","name":"Sgier + Partner GmbH","url":"https:\/\/sgierpartner.ch\/fr\/","logo":{"@type":"ImageObject","inLanguage":"fr-FR","@id":"https:\/\/sgierpartner.ch\/fr\/#\/schema\/logo\/image\/","url":"https:\/\/sgierpartner.ch\/wp-content\/uploads\/SP-Logo-Footer-farbig.png","contentUrl":"https:\/\/sgierpartner.ch\/wp-content\/uploads\/SP-Logo-Footer-farbig.png","width":2058,"height":326,"caption":"Sgier + Partner GmbH"},"image":{"@id":"https:\/\/sgierpartner.ch\/fr\/#\/schema\/logo\/image\/"}}]}},"_links":{"self":[{"href":"https:\/\/sgierpartner.ch\/fr\/wp-json\/wp\/v2\/pages\/4697","targetHints":{"allow":["GET"]}}],"collection":[{"href":"https:\/\/sgierpartner.ch\/fr\/wp-json\/wp\/v2\/pages"}],"about":[{"href":"https:\/\/sgierpartner.ch\/fr\/wp-json\/wp\/v2\/types\/page"}],"author":[{"embeddable":true,"href":"https:\/\/sgierpartner.ch\/fr\/wp-json\/wp\/v2\/users\/1"}],"replies":[{"embeddable":true,"href":"https:\/\/sgierpartner.ch\/fr\/wp-json\/wp\/v2\/comments?post=4697"}],"version-history":[{"count":0,"href":"https:\/\/sgierpartner.ch\/fr\/wp-json\/wp\/v2\/pages\/4697\/revisions"}],"wp:featuredmedia":[{"embeddable":true,"href":"https:\/\/sgierpartner.ch\/fr\/wp-json\/wp\/v2\/media\/4368"}],"wp:attachment":[{"href":"https:\/\/sgierpartner.ch\/fr\/wp-json\/wp\/v2\/media?parent=4697"}],"wp:term":[{"taxonomy":"wf_page_folders","embeddable":true,"href":"https:\/\/sgierpartner.ch\/fr\/wp-json\/wp\/v2\/wf_page_folders?post=4697"}],"curies":[{"name":"wp","href":"https:\/\/api.w.org\/{rel}","templated":true}]}}