{"id":4756,"date":"2020-05-18T18:36:38","date_gmt":"2020-05-18T16:36:38","guid":{"rendered":"http:\/\/975ciacxzt.preview.infomaniak.website\/sgierpartner\/faits-chiffres\/"},"modified":"2023-04-25T09:51:39","modified_gmt":"2023-04-25T07:51:39","slug":"faits-chiffres","status":"publish","type":"page","link":"https:\/\/sgierpartner.ch\/fr\/faits-chiffres\/","title":{"rendered":"Faits &#038; Chiffres"},"content":{"rendered":"<p>[et_pb_section fb_built=&#8221;1&#8243; fullwidth=&#8221;on&#8221; _builder_version=&#8221;4.16&#8243; global_colors_info=&#8221;{}&#8221; theme_builder_area=&#8221;post_content&#8221;][et_pb_fullwidth_image src=&#8221;https:\/\/sgierpartner.ch\/wp-content\/uploads\/Header-Sgier-Matterhorn-immigration-relcoation.jpg&#8221; alt=&#8221;Bienvenue en Suisse &#8211; swiss immigration + relocations services&#8221; title_text=&#8221;Bienvenue en Suisse &#8211; swiss immigration + relocations services&#8221; _builder_version=&#8221;4.16&#8243; global_colors_info=&#8221;{}&#8221; theme_builder_area=&#8221;post_content&#8221;][\/et_pb_fullwidth_image][\/et_pb_section][et_pb_section fb_built=&#8221;1&#8243; _builder_version=&#8221;4.16&#8243; global_colors_info=&#8221;{}&#8221; theme_builder_area=&#8221;post_content&#8221;][et_pb_row _builder_version=&#8221;4.16&#8243; custom_margin=&#8221;0px||||false|false&#8221; global_colors_info=&#8221;{}&#8221; theme_builder_area=&#8221;post_content&#8221;][et_pb_column type=&#8221;4_4&#8243; _builder_version=&#8221;4.16&#8243; global_colors_info=&#8221;{}&#8221; theme_builder_area=&#8221;post_content&#8221;][et_pb_text _builder_version=&#8221;4.16&#8243; custom_margin=&#8221;||||false|false&#8221; global_colors_info=&#8221;{}&#8221; theme_builder_area=&#8221;post_content&#8221;]<\/p>\n<h1>Faits &amp; Chiffres<\/h1>\n<p>[\/et_pb_text][et_pb_menu menu_id=&#8221;47&#8243; disabled_on=&#8221;on|on|off&#8221; _builder_version=&#8221;4.16&#8243; global_colors_info=&#8221;{}&#8221; theme_builder_area=&#8221;post_content&#8221;][\/et_pb_menu][\/et_pb_column][\/et_pb_row][et_pb_row column_structure=&#8221;3_5,2_5&#8243; _builder_version=&#8221;4.16&#8243; global_colors_info=&#8221;{}&#8221; theme_builder_area=&#8221;post_content&#8221;][et_pb_column type=&#8221;3_5&#8243; _builder_version=&#8221;4.16&#8243; global_colors_info=&#8221;{}&#8221; theme_builder_area=&#8221;post_content&#8221;][et_pb_text _builder_version=&#8221;4.16&#8243; global_colors_info=&#8221;{}&#8221; theme_builder_area=&#8221;post_content&#8221;]<\/p>\n<h4>Soci\u00e9t\u00e9 fond\u00e9e en 2001 par Antonia Sgier; au pr\u00e9alable, celle-ci avait examin\u00e9 et d\u00e9livr\u00e9 pendant 6 ans des demandes d\u2019autorisations \u00e0 l\u2019office du travail de Zurich.<\/h4>\n<p>Leader du march\u00e9 en Suisse dans le domaine des services d\u2019immigration et couronn\u00e9e de succ\u00e8s dans les cr\u00e9neaux des services de relocalisation, de la gestion de l\u2019implantation des entreprises et de toute la gamme des services compl\u00e9mentaires.<\/p>\n<ul>\n<li>15 collaboratrices et collaborateurs internes<\/li>\n<li>4 free-lances de longue haleine travaillant exclusivement pour nous dans le domaine de la relocalisation<\/li>\n<li>Ind\u00e9pendante, entre les mains de ses cadres dirigeants<\/li>\n<li>Engagement et stabilit\u00e9 sup\u00e9rieurs \u00e0 la moyenne<\/li>\n<li>Point d\u2019attraction pour les meilleurs sp\u00e9cialistes d\u2019immigration et de relocalisation (avocats, juristes, Senior Relocation Consultants)<\/li>\n<li>Plus de 100 clients<\/li>\n<\/ul>\n<p>Divers partenariats avec des entreprises de renom et mondiales d\u2019immigration et de relocalisation qui nous font confiance en tant que Premium Partner suisse.<\/p>\n<p>Depuis 20 ans, r\u00e9seau de relations \u00abBest in Class\u00bb avec les autorit\u00e9s suisses, les associations \u00e9conomiques et les chambres de commerce.[\/et_pb_text][et_pb_image src=&#8221;https:\/\/sgierpartner.ch\/wp-content\/uploads\/Excellence-in-Immigration-to-Switzerland-2.jpg&#8221; alt=&#8221;Sgier&#8221; title_text=&#8221;swiss immigration + relocation services&#8221; _builder_version=&#8221;4.16&#8243; global_colors_info=&#8221;{}&#8221; theme_builder_area=&#8221;post_content&#8221;][\/et_pb_image][\/et_pb_column][et_pb_column type=&#8221;2_5&#8243; _builder_version=&#8221;4.16&#8243; global_colors_info=&#8221;{}&#8221; theme_builder_area=&#8221;post_content&#8221;][et_pb_testimonial company_name=&#8221;Une entreprise indienne multinationale de services informatiques ayant son si\u00e8ge \u00e0 Zurich et \u00e0 Gen\u00e8ve&#8221; _builder_version=&#8221;4.20.4&#8243; hover_enabled=&#8221;0&#8243; global_colors_info=&#8221;{}&#8221; theme_builder_area=&#8221;post_content&#8221; background_layout=&#8221;dark&#8221; sticky_enabled=&#8221;0&#8243;]<\/p>\n<h4>\u00abChez Sgier + Partner, nous nous sentons bien accueillis et en s\u00e9curit\u00e9\u00bb<\/h4>\n<p>[\/et_pb_testimonial][et_pb_text _builder_version=&#8221;4.16&#8243; global_colors_info=&#8221;{}&#8221; theme_builder_area=&#8221;post_content&#8221;]<\/p>\n<blockquote><p>Sgier + Partner a d\u00e9j\u00e0 permis \u00e0 de nombreuses entreprises \u00e9trang\u00e8res de r\u00e9ussir la mise en place d\u2019une start-up en Suisse.<\/p><\/blockquote>\n<p>[\/et_pb_text][et_pb_image _builder_version=&#8221;4.16&#8243; global_colors_info=&#8221;{}&#8221; theme_builder_area=&#8221;post_content&#8221;][\/et_pb_image][\/et_pb_column][\/et_pb_row][\/et_pb_section]<\/p>\n","protected":false},"excerpt":{"rendered":"<p>Leader du march\u00e9 en Suisse dans le domaine des services d\u2019immigration et couronn\u00e9e de succ\u00e8s dans les cr\u00e9neaux des services de relocalisation, de la gestion de l\u2019implantation des entreprises et de toute la gamme des services compl\u00e9mentaires.<\/p>\n","protected":false},"author":1,"featured_media":0,"parent":0,"menu_order":0,"comment_status":"closed","ping_status":"closed","template":"","meta":{"_et_pb_use_builder":"on","_et_pb_old_content":"","_et_gb_content_width":"","footnotes":""},"wf_page_folders":[],"class_list":["post-4756","page","type-page","status-publish","hentry"],"yoast_head":"<!-- This site is optimized with the Yoast SEO plugin v27.4 - https:\/\/yoast.com\/product\/yoast-seo-wordpress\/ -->\n<title>Les permis de s\u00e9jour et de travail sont notre m\u00e9tier - Workpermit + Arbeitsbewilligungen Spezialist<\/title>\n<meta name=\"description\" content=\"Soci\u00e9t\u00e9 fond\u00e9e en 2001 par Antonia Sgier; au pr\u00e9alable, celle-ci avait examin\u00e9 et d\u00e9livr\u00e9 pendant 6 ans des demandes d\u2019autorisations \u00e0 l\u2019office du travail de Zurich\" \/>\n<meta name=\"robots\" content=\"index, follow, max-snippet:-1, max-image-preview:large, max-video-preview:-1\" \/>\n<link rel=\"canonical\" href=\"https:\/\/sgierpartner.ch\/fr\/faits-chiffres\/\" \/>\n<meta property=\"og:locale\" content=\"fr_FR\" \/>\n<meta property=\"og:type\" content=\"article\" \/>\n<meta property=\"og:title\" content=\"Les permis de s\u00e9jour et de travail sont notre m\u00e9tier - Workpermit + Arbeitsbewilligungen Spezialist\" \/>\n<meta property=\"og:description\" content=\"Soci\u00e9t\u00e9 fond\u00e9e en 2001 par Antonia Sgier; au pr\u00e9alable, celle-ci avait examin\u00e9 et d\u00e9livr\u00e9 pendant 6 ans des demandes d\u2019autorisations \u00e0 l\u2019office du travail de Zurich\" \/>\n<meta property=\"og:url\" content=\"https:\/\/sgierpartner.ch\/fr\/faits-chiffres\/\" \/>\n<meta property=\"og:site_name\" content=\"Workpermit + Arbeitsbewilligungen Spezialist\" \/>\n<meta property=\"article:modified_time\" content=\"2023-04-25T07:51:39+00:00\" \/>\n<meta name=\"twitter:card\" content=\"summary_large_image\" \/>\n<meta name=\"twitter:label1\" content=\"Dur\u00e9e de lecture estim\u00e9e\" \/>\n\t<meta name=\"twitter:data1\" content=\"3 minutes\" \/>\n<script type=\"application\/ld+json\" class=\"yoast-schema-graph\">{\"@context\":\"https:\\\/\\\/schema.org\",\"@graph\":[{\"@type\":\"WebPage\",\"@id\":\"https:\\\/\\\/sgierpartner.ch\\\/fr\\\/faits-chiffres\\\/\",\"url\":\"https:\\\/\\\/sgierpartner.ch\\\/fr\\\/faits-chiffres\\\/\",\"name\":\"Les permis de s\u00e9jour et de travail sont notre m\u00e9tier - Workpermit + Arbeitsbewilligungen Spezialist\",\"isPartOf\":{\"@id\":\"https:\\\/\\\/sgierpartner.ch\\\/fr\\\/#website\"},\"datePublished\":\"2020-05-18T16:36:38+00:00\",\"dateModified\":\"2023-04-25T07:51:39+00:00\",\"description\":\"Soci\u00e9t\u00e9 fond\u00e9e en 2001 par Antonia Sgier; au pr\u00e9alable, celle-ci avait examin\u00e9 et d\u00e9livr\u00e9 pendant 6 ans des demandes d\u2019autorisations \u00e0 l\u2019office du travail de Zurich\",\"breadcrumb\":{\"@id\":\"https:\\\/\\\/sgierpartner.ch\\\/fr\\\/faits-chiffres\\\/#breadcrumb\"},\"inLanguage\":\"fr-FR\",\"potentialAction\":[{\"@type\":\"ReadAction\",\"target\":[\"https:\\\/\\\/sgierpartner.ch\\\/fr\\\/faits-chiffres\\\/\"]}]},{\"@type\":\"BreadcrumbList\",\"@id\":\"https:\\\/\\\/sgierpartner.ch\\\/fr\\\/faits-chiffres\\\/#breadcrumb\",\"itemListElement\":[{\"@type\":\"ListItem\",\"position\":1,\"name\":\"Startseite\",\"item\":\"https:\\\/\\\/sgierpartner.ch\\\/fr\\\/\"},{\"@type\":\"ListItem\",\"position\":2,\"name\":\"Faits &#038; Chiffres\"}]},{\"@type\":\"WebSite\",\"@id\":\"https:\\\/\\\/sgierpartner.ch\\\/fr\\\/#website\",\"url\":\"https:\\\/\\\/sgierpartner.ch\\\/fr\\\/\",\"name\":\"Sgier+Partner\",\"description\":\"swiss immigration+relocation\",\"publisher\":{\"@id\":\"https:\\\/\\\/sgierpartner.ch\\\/fr\\\/#organization\"},\"potentialAction\":[{\"@type\":\"SearchAction\",\"target\":{\"@type\":\"EntryPoint\",\"urlTemplate\":\"https:\\\/\\\/sgierpartner.ch\\\/fr\\\/?s={search_term_string}\"},\"query-input\":{\"@type\":\"PropertyValueSpecification\",\"valueRequired\":true,\"valueName\":\"search_term_string\"}}],\"inLanguage\":\"fr-FR\"},{\"@type\":\"Organization\",\"@id\":\"https:\\\/\\\/sgierpartner.ch\\\/fr\\\/#organization\",\"name\":\"Sgier + Partner GmbH\",\"url\":\"https:\\\/\\\/sgierpartner.ch\\\/fr\\\/\",\"logo\":{\"@type\":\"ImageObject\",\"inLanguage\":\"fr-FR\",\"@id\":\"https:\\\/\\\/sgierpartner.ch\\\/fr\\\/#\\\/schema\\\/logo\\\/image\\\/\",\"url\":\"https:\\\/\\\/sgierpartner.ch\\\/wp-content\\\/uploads\\\/SP-Logo-Footer-farbig.png\",\"contentUrl\":\"https:\\\/\\\/sgierpartner.ch\\\/wp-content\\\/uploads\\\/SP-Logo-Footer-farbig.png\",\"width\":2058,\"height\":326,\"caption\":\"Sgier + Partner GmbH\"},\"image\":{\"@id\":\"https:\\\/\\\/sgierpartner.ch\\\/fr\\\/#\\\/schema\\\/logo\\\/image\\\/\"}}]}<\/script>\n<!-- \/ Yoast SEO plugin. -->","yoast_head_json":{"title":"Les permis de s\u00e9jour et de travail sont notre m\u00e9tier - Workpermit + Arbeitsbewilligungen Spezialist","description":"Soci\u00e9t\u00e9 fond\u00e9e en 2001 par Antonia Sgier; au pr\u00e9alable, celle-ci avait examin\u00e9 et d\u00e9livr\u00e9 pendant 6 ans des demandes d\u2019autorisations \u00e0 l\u2019office du travail de Zurich","robots":{"index":"index","follow":"follow","max-snippet":"max-snippet:-1","max-image-preview":"max-image-preview:large","max-video-preview":"max-video-preview:-1"},"canonical":"https:\/\/sgierpartner.ch\/fr\/faits-chiffres\/","og_locale":"fr_FR","og_type":"article","og_title":"Les permis de s\u00e9jour et de travail sont notre m\u00e9tier - Workpermit + Arbeitsbewilligungen Spezialist","og_description":"Soci\u00e9t\u00e9 fond\u00e9e en 2001 par Antonia Sgier; au pr\u00e9alable, celle-ci avait examin\u00e9 et d\u00e9livr\u00e9 pendant 6 ans des demandes d\u2019autorisations \u00e0 l\u2019office du travail de Zurich","og_url":"https:\/\/sgierpartner.ch\/fr\/faits-chiffres\/","og_site_name":"Workpermit + Arbeitsbewilligungen Spezialist","article_modified_time":"2023-04-25T07:51:39+00:00","twitter_card":"summary_large_image","twitter_misc":{"Dur\u00e9e de lecture estim\u00e9e":"3 minutes"},"schema":{"@context":"https:\/\/schema.org","@graph":[{"@type":"WebPage","@id":"https:\/\/sgierpartner.ch\/fr\/faits-chiffres\/","url":"https:\/\/sgierpartner.ch\/fr\/faits-chiffres\/","name":"Les permis de s\u00e9jour et de travail sont notre m\u00e9tier - Workpermit + Arbeitsbewilligungen Spezialist","isPartOf":{"@id":"https:\/\/sgierpartner.ch\/fr\/#website"},"datePublished":"2020-05-18T16:36:38+00:00","dateModified":"2023-04-25T07:51:39+00:00","description":"Soci\u00e9t\u00e9 fond\u00e9e en 2001 par Antonia Sgier; au pr\u00e9alable, celle-ci avait examin\u00e9 et d\u00e9livr\u00e9 pendant 6 ans des demandes d\u2019autorisations \u00e0 l\u2019office du travail de Zurich","breadcrumb":{"@id":"https:\/\/sgierpartner.ch\/fr\/faits-chiffres\/#breadcrumb"},"inLanguage":"fr-FR","potentialAction":[{"@type":"ReadAction","target":["https:\/\/sgierpartner.ch\/fr\/faits-chiffres\/"]}]},{"@type":"BreadcrumbList","@id":"https:\/\/sgierpartner.ch\/fr\/faits-chiffres\/#breadcrumb","itemListElement":[{"@type":"ListItem","position":1,"name":"Startseite","item":"https:\/\/sgierpartner.ch\/fr\/"},{"@type":"ListItem","position":2,"name":"Faits &#038; Chiffres"}]},{"@type":"WebSite","@id":"https:\/\/sgierpartner.ch\/fr\/#website","url":"https:\/\/sgierpartner.ch\/fr\/","name":"Sgier+Partner","description":"swiss immigration+relocation","publisher":{"@id":"https:\/\/sgierpartner.ch\/fr\/#organization"},"potentialAction":[{"@type":"SearchAction","target":{"@type":"EntryPoint","urlTemplate":"https:\/\/sgierpartner.ch\/fr\/?s={search_term_string}"},"query-input":{"@type":"PropertyValueSpecification","valueRequired":true,"valueName":"search_term_string"}}],"inLanguage":"fr-FR"},{"@type":"Organization","@id":"https:\/\/sgierpartner.ch\/fr\/#organization","name":"Sgier + Partner GmbH","url":"https:\/\/sgierpartner.ch\/fr\/","logo":{"@type":"ImageObject","inLanguage":"fr-FR","@id":"https:\/\/sgierpartner.ch\/fr\/#\/schema\/logo\/image\/","url":"https:\/\/sgierpartner.ch\/wp-content\/uploads\/SP-Logo-Footer-farbig.png","contentUrl":"https:\/\/sgierpartner.ch\/wp-content\/uploads\/SP-Logo-Footer-farbig.png","width":2058,"height":326,"caption":"Sgier + Partner GmbH"},"image":{"@id":"https:\/\/sgierpartner.ch\/fr\/#\/schema\/logo\/image\/"}}]}},"_links":{"self":[{"href":"https:\/\/sgierpartner.ch\/fr\/wp-json\/wp\/v2\/pages\/4756","targetHints":{"allow":["GET"]}}],"collection":[{"href":"https:\/\/sgierpartner.ch\/fr\/wp-json\/wp\/v2\/pages"}],"about":[{"href":"https:\/\/sgierpartner.ch\/fr\/wp-json\/wp\/v2\/types\/page"}],"author":[{"embeddable":true,"href":"https:\/\/sgierpartner.ch\/fr\/wp-json\/wp\/v2\/users\/1"}],"replies":[{"embeddable":true,"href":"https:\/\/sgierpartner.ch\/fr\/wp-json\/wp\/v2\/comments?post=4756"}],"version-history":[{"count":0,"href":"https:\/\/sgierpartner.ch\/fr\/wp-json\/wp\/v2\/pages\/4756\/revisions"}],"wp:attachment":[{"href":"https:\/\/sgierpartner.ch\/fr\/wp-json\/wp\/v2\/media?parent=4756"}],"wp:term":[{"taxonomy":"wf_page_folders","embeddable":true,"href":"https:\/\/sgierpartner.ch\/fr\/wp-json\/wp\/v2\/wf_page_folders?post=4756"}],"curies":[{"name":"wp","href":"https:\/\/api.w.org\/{rel}","templated":true}]}}