{"id":4782,"date":"2020-05-19T08:28:00","date_gmt":"2020-05-19T06:28:00","guid":{"rendered":"http:\/\/975ciacxzt.preview.infomaniak.website\/sgierpartner\/permis-de-travail\/"},"modified":"2023-09-11T13:05:43","modified_gmt":"2023-09-11T11:05:43","slug":"permis-de-travail","status":"publish","type":"page","link":"https:\/\/sgierpartner.ch\/fr\/permis-de-travail\/","title":{"rendered":"Permis de Travail"},"content":{"rendered":"<p>[et_pb_section fb_built=&#8221;1&#8243; fullwidth=&#8221;on&#8221; _builder_version=&#8221;4.16&#8243; global_colors_info=&#8221;{}&#8221; theme_builder_area=&#8221;post_content&#8221;][et_pb_fullwidth_image src=&#8221;https:\/\/sgierpartner.ch\/wp-content\/uploads\/Berge-immigration-relocation-schweiz-2.jpg&#8221; alt=&#8221;Permis de travail et de r\u00e9sidence en Suisse | sgier+partner | swiss immigration+relocation&#8221; title_text=&#8221;Permis de travail et de r\u00e9sidence en Suisse | sgier+partner | swiss immigration+relocation&#8221; _builder_version=&#8221;4.16&#8243; global_colors_info=&#8221;{}&#8221; theme_builder_area=&#8221;post_content&#8221;][\/et_pb_fullwidth_image][\/et_pb_section][et_pb_section fb_built=&#8221;1&#8243; _builder_version=&#8221;4.16&#8243; global_colors_info=&#8221;{}&#8221; theme_builder_area=&#8221;post_content&#8221;][et_pb_row _builder_version=&#8221;4.16&#8243; custom_margin=&#8221;0px||0px||false|false&#8221; custom_padding=&#8221;||0px||false|false&#8221; global_colors_info=&#8221;{}&#8221; theme_builder_area=&#8221;post_content&#8221;][et_pb_column type=&#8221;4_4&#8243; _builder_version=&#8221;4.16&#8243; global_colors_info=&#8221;{}&#8221; theme_builder_area=&#8221;post_content&#8221;][et_pb_text _builder_version=&#8221;4.16&#8243; custom_margin=&#8221;||||false|false&#8221; global_colors_info=&#8221;{}&#8221; theme_builder_area=&#8221;post_content&#8221;]<\/p>\n<h1>Permis de Travail<\/h1>\n<p>[\/et_pb_text][et_pb_menu menu_id=&#8221;45&#8243; disabled_on=&#8221;on|off|off&#8221; _builder_version=&#8221;4.16&#8243; global_colors_info=&#8221;{}&#8221; theme_builder_area=&#8221;post_content&#8221;][\/et_pb_menu][\/et_pb_column][\/et_pb_row][et_pb_row column_structure=&#8221;3_5,2_5&#8243; _builder_version=&#8221;4.16&#8243; global_colors_info=&#8221;{}&#8221; theme_builder_area=&#8221;post_content&#8221;][et_pb_column type=&#8221;3_5&#8243; _builder_version=&#8221;4.16&#8243; global_colors_info=&#8221;{}&#8221; theme_builder_area=&#8221;post_content&#8221;][et_pb_text _builder_version=&#8221;4.16&#8243; global_colors_info=&#8221;{}&#8221; theme_builder_area=&#8221;post_content&#8221;]<\/p>\n<h4>Connaissez-vous l\u2019accord sur la libre circulation des personnes, entr\u00e9 en vigueur le 1er juin 2002? Avez-vous encore une vue d\u2019ensemble des extensions apport\u00e9es \u00e0 cet accord depuis lors? Les notions d\u2019UE-25 et UE-2 vous disent-elles quelque chose? Quelles sont les incidences sur les permis de travail dans le d\u00e9tail? Et qu\u2019est-ce qu\u2019implique l\u2019initiative populaire \u00abcontre l\u2019immigration de masse\u00bb adopt\u00e9e par le peuple suisse le 9 f\u00e9vrier 2014? A quoi ressemblera la future politique d\u2019immigration de la Suisse et comment sa mise en \u0153uvre se pr\u00e9sentera-t-elle? Quelles sont les cons\u00e9quences des r\u00e9ductions de contingents? Comment calcule-t-on les salaires minimaux? Quel est l\u2019impact du COVID-19?<\/h4>\n<p>Pas de probl\u00e8me. Ne vous pr\u00e9occupez pas des bases l\u00e9gales. C\u2019est notre travail. Quel type d\u2019autorisation r\u00e9pond le mieux \u00e0 vos besoins en mati\u00e8re de RH? Nous le d\u00e9finissons d\u2019entente avec vous. En fonction de la nationalit\u00e9, du profil de poste et de la fonction recherch\u00e9e, les bases l\u00e9gales applicables par les cantons sont diff\u00e9rentes, par ex. ALCP\/OLCP ou LEI\/OASA. Cela signifie qu\u2019il existe bien plus d\u2019une douzaine de types de permis diff\u00e9rents. Nous sommes l\u00e0 pour trouver dans chaque cas la solution la meilleure \u00e0 votre intention. Nous traitons tous les types d\u2019autorisations de travail et de s\u00e9jour dans toute la Suisse de mani\u00e8re personnalis\u00e9e, professionnelle, rapide et peu co\u00fbteuse. Laissez-nous le soin de d\u00e9terminer l\u2019autorit\u00e9 ou le service comp\u00e9tent pour chaque type d\u2019examen.<\/p>\n<p>[\/et_pb_text][et_pb_image src=&#8221;https:\/\/sgierpartner.ch\/wp-content\/uploads\/Arbeitsbewilligungen-workpermit-immigration-relocation-schweiz-3.jpg&#8221; alt=&#8221;Permis de travail et de r\u00e9sidence en Suisse | sgier+partner | swiss immigration+relocation&#8221; title_text=&#8221;swiss immigration&#8221; _builder_version=&#8221;4.16&#8243; global_colors_info=&#8221;{}&#8221; theme_builder_area=&#8221;post_content&#8221;][\/et_pb_image][et_pb_blurb title=&#8221;Laissez-nous le soin de d\u00e9terminer l\u2019autorit\u00e9 ou le service comp\u00e9tent pour chaque type d\u2019examen. &#8221; _builder_version=&#8221;4.16&#8243; header_level=&#8221;h4&#8243; global_colors_info=&#8221;{}&#8221; theme_builder_area=&#8221;post_content&#8221;]<\/p>\n<p>Qu\u2019il s\u2019agisse de l\u2019examen de demandes de permis de travail ou de s\u00e9jour, nous ne connaissons pas seulement les zones de comp\u00e9tence g\u00e9ographiques et les d\u00e9limitations de comp\u00e9tences correspondantes, mais aussi le d\u00e9roulement pr\u00e9cis de chaque proc\u00e9dure et les personnes responsables de chaque domaine au sein des diverses autorit\u00e9s. Nous veillons \u00e0 ce que vos demandes parviennent sans retards ni d\u00e9tours au service appropri\u00e9. Pour que le dossier soit trait\u00e9 et l\u2019autorisation d\u00e9livr\u00e9e le plus rapidement possible.<\/p>\n<h2>Autorisations sp\u00e9ciales<\/h2>\n<p>Bien entendu, nous sommes \u00e9galement votre partenaire comp\u00e9tent pour des autorisations sp\u00e9ciales, par exemple pour des nurses, des cuisiniers de sp\u00e9cialit\u00e9s, des \u00e9tudiants, des doctorants, des stagiaires ou des autorisations pour location de services.<\/p>\n<p>[\/et_pb_blurb][\/et_pb_column][et_pb_column type=&#8221;2_5&#8243; _builder_version=&#8221;4.16&#8243; global_colors_info=&#8221;{}&#8221; theme_builder_area=&#8221;post_content&#8221;][et_pb_cta title=&#8221;Acc\u00e9l\u00e9rer les proc\u00e9dures de permis&#8221; _builder_version=&#8221;4.16&#8243; global_colors_info=&#8221;{}&#8221; theme_builder_area=&#8221;post_content&#8221;]<\/p>\n<p>Chaque ann\u00e9e, nous traitons des milliers de demandes de permis de travail et nous connaissons tr\u00e8s pr\u00e9cis\u00e9ment les proc\u00e9dures \u00e0 suivre dans tous les cantons suisses. Nos connaissances sp\u00e9cialis\u00e9es de la proc\u00e9dure d\u2019autorisation maximisent vos chances de r\u00e9ussir \u00e0 obtenir un permis de s\u00e9jour et de travail rapidement et en toute s\u00e9curit\u00e9.<\/p>\n<p>[\/et_pb_cta][et_pb_text _builder_version=&#8221;4.16&#8243; text_font_size=&#8221;18px&#8221; custom_margin=&#8221;50px||50px||false|false&#8221; global_colors_info=&#8221;{}&#8221; theme_builder_area=&#8221;post_content&#8221;]<\/p>\n<blockquote><p>Sgier + Partner a dej\u00e0 obtenu plus de 30.000 permis de travail et de s\u00e9jour pour ses clients en Suisse.<\/p><\/blockquote>\n<p>[\/et_pb_text][et_pb_cta title=&#8221;Immigration Case Assessment&#8221; button_url=&#8221;@ET-DC@eyJkeW5hbWljIjp0cnVlLCJjb250ZW50IjoicG9zdF9saW5rX3VybF9wYWdlIiwic2V0dGluZ3MiOnsicG9zdF9pZCI6IjYxOTAifX0=@&#8221; button_text=&#8221;Read more&#8221; disabled_on=&#8221;off|off|off&#8221; _builder_version=&#8221;4.16&#8243; _dynamic_attributes=&#8221;button_url&#8221; _module_preset=&#8221;default&#8221; custom_button=&#8221;on&#8221; button_text_color=&#8221;#4361EE&#8221; button_bg_color=&#8221;#FFFFFF&#8221; button_border_width=&#8221;0px&#8221; button_border_radius=&#8221;12px&#8221; custom_padding=&#8221;|20px|30px|20px|false|false&#8221; global_colors_info=&#8221;{}&#8221; button_text_color__hover_enabled=&#8221;on|desktop&#8221; theme_builder_area=&#8221;post_content&#8221; button_text_color__hover=&#8221;#4361EE&#8221;]<\/p>\n<p>Do you want to find out if you&#8217;re allowed to live and work in Switzerland? Do you have questions relating to immigration to Switzerland?<\/p>\n<p>[\/et_pb_cta][\/et_pb_column][\/et_pb_row][\/et_pb_section]<\/p>\n","protected":false},"excerpt":{"rendered":"<p>Acc\u00e9l\u00e9rer les proc\u00e9dures de permis: Chaque ann\u00e9e, nous traitons des milliers de demandes de permis de travail et nous connaissons tr\u00e8s pr\u00e9cis\u00e9ment les proc\u00e9dures \u00e0 suivre dans tous les cantons suisses. Nos connaissances sp\u00e9cialis\u00e9es de la proc\u00e9dure d\u2019autorisation maximisent vos chances de r\u00e9ussir \u00e0 obtenir un permis de s\u00e9jour et de travail rapidement et en toute s\u00e9curit\u00e9.<\/p>\n","protected":false},"author":1,"featured_media":3482,"parent":0,"menu_order":0,"comment_status":"closed","ping_status":"closed","template":"","meta":{"_et_pb_use_builder":"on","_et_pb_old_content":"","_et_gb_content_width":"","footnotes":""},"wf_page_folders":[86],"class_list":["post-4782","page","type-page","status-publish","has-post-thumbnail","hentry"],"yoast_head":"<!-- This site is optimized with the Yoast SEO plugin v27.4 - https:\/\/yoast.com\/product\/yoast-seo-wordpress\/ -->\n<title>Permis de travail et de r\u00e9sidence Suisse, Workpermit - Workpermit + Arbeitsbewilligungen Spezialist<\/title>\n<meta name=\"description\" content=\"Entreprises font confiance \u00e0 Sgier + Partner pour la gestion de leurs permis de travail et de r\u00e9sidence en Suisse.\" \/>\n<meta name=\"robots\" content=\"index, follow, max-snippet:-1, max-image-preview:large, max-video-preview:-1\" \/>\n<link rel=\"canonical\" href=\"https:\/\/sgierpartner.ch\/fr\/permis-de-travail\/\" \/>\n<meta property=\"og:locale\" content=\"fr_FR\" \/>\n<meta property=\"og:type\" content=\"article\" \/>\n<meta property=\"og:title\" content=\"Permis de travail et de r\u00e9sidence Suisse, Workpermit - Workpermit + Arbeitsbewilligungen Spezialist\" \/>\n<meta property=\"og:description\" content=\"Entreprises font confiance \u00e0 Sgier + Partner pour la gestion de leurs permis de travail et de r\u00e9sidence en Suisse.\" \/>\n<meta property=\"og:url\" content=\"https:\/\/sgierpartner.ch\/fr\/permis-de-travail\/\" \/>\n<meta property=\"og:site_name\" content=\"Workpermit + Arbeitsbewilligungen Spezialist\" \/>\n<meta property=\"article:modified_time\" content=\"2023-09-11T11:05:43+00:00\" \/>\n<meta property=\"og:image\" content=\"https:\/\/sgierpartner.ch\/wp-content\/uploads\/Arbeitsbewilligungen-workpermit-immigration-relocation-schweiz-2.jpg\" \/>\n\t<meta property=\"og:image:width\" content=\"1800\" \/>\n\t<meta property=\"og:image:height\" content=\"1013\" \/>\n\t<meta property=\"og:image:type\" content=\"image\/jpeg\" \/>\n<meta name=\"twitter:card\" content=\"summary_large_image\" \/>\n<meta name=\"twitter:label1\" content=\"Dur\u00e9e de lecture estim\u00e9e\" \/>\n\t<meta name=\"twitter:data1\" content=\"5 minutes\" \/>\n<script type=\"application\/ld+json\" class=\"yoast-schema-graph\">{\"@context\":\"https:\\\/\\\/schema.org\",\"@graph\":[{\"@type\":\"WebPage\",\"@id\":\"https:\\\/\\\/sgierpartner.ch\\\/fr\\\/permis-de-travail\\\/\",\"url\":\"https:\\\/\\\/sgierpartner.ch\\\/fr\\\/permis-de-travail\\\/\",\"name\":\"Permis de travail et de r\u00e9sidence Suisse, Workpermit - Workpermit + Arbeitsbewilligungen Spezialist\",\"isPartOf\":{\"@id\":\"https:\\\/\\\/sgierpartner.ch\\\/fr\\\/#website\"},\"primaryImageOfPage\":{\"@id\":\"https:\\\/\\\/sgierpartner.ch\\\/fr\\\/permis-de-travail\\\/#primaryimage\"},\"image\":{\"@id\":\"https:\\\/\\\/sgierpartner.ch\\\/fr\\\/permis-de-travail\\\/#primaryimage\"},\"thumbnailUrl\":\"https:\\\/\\\/sgierpartner.ch\\\/wp-content\\\/uploads\\\/Arbeitsbewilligungen-workpermit-immigration-relocation-schweiz-2.jpg\",\"datePublished\":\"2020-05-19T06:28:00+00:00\",\"dateModified\":\"2023-09-11T11:05:43+00:00\",\"description\":\"Entreprises font confiance \u00e0 Sgier + Partner pour la gestion de leurs permis de travail et de r\u00e9sidence en Suisse.\",\"breadcrumb\":{\"@id\":\"https:\\\/\\\/sgierpartner.ch\\\/fr\\\/permis-de-travail\\\/#breadcrumb\"},\"inLanguage\":\"fr-FR\",\"potentialAction\":[{\"@type\":\"ReadAction\",\"target\":[\"https:\\\/\\\/sgierpartner.ch\\\/fr\\\/permis-de-travail\\\/\"]}]},{\"@type\":\"ImageObject\",\"inLanguage\":\"fr-FR\",\"@id\":\"https:\\\/\\\/sgierpartner.ch\\\/fr\\\/permis-de-travail\\\/#primaryimage\",\"url\":\"https:\\\/\\\/sgierpartner.ch\\\/wp-content\\\/uploads\\\/Arbeitsbewilligungen-workpermit-immigration-relocation-schweiz-2.jpg\",\"contentUrl\":\"https:\\\/\\\/sgierpartner.ch\\\/wp-content\\\/uploads\\\/Arbeitsbewilligungen-workpermit-immigration-relocation-schweiz-2.jpg\",\"width\":1800,\"height\":1013,\"caption\":\"swiss immigration + relocation services in Switzerland: Zurich, Geneva, Zug, Lugano, Basle, Berne, Lausanne\"},{\"@type\":\"BreadcrumbList\",\"@id\":\"https:\\\/\\\/sgierpartner.ch\\\/fr\\\/permis-de-travail\\\/#breadcrumb\",\"itemListElement\":[{\"@type\":\"ListItem\",\"position\":1,\"name\":\"Startseite\",\"item\":\"https:\\\/\\\/sgierpartner.ch\\\/fr\\\/\"},{\"@type\":\"ListItem\",\"position\":2,\"name\":\"Permis de Travail\"}]},{\"@type\":\"WebSite\",\"@id\":\"https:\\\/\\\/sgierpartner.ch\\\/fr\\\/#website\",\"url\":\"https:\\\/\\\/sgierpartner.ch\\\/fr\\\/\",\"name\":\"Sgier+Partner\",\"description\":\"swiss immigration+relocation\",\"publisher\":{\"@id\":\"https:\\\/\\\/sgierpartner.ch\\\/fr\\\/#organization\"},\"potentialAction\":[{\"@type\":\"SearchAction\",\"target\":{\"@type\":\"EntryPoint\",\"urlTemplate\":\"https:\\\/\\\/sgierpartner.ch\\\/fr\\\/?s={search_term_string}\"},\"query-input\":{\"@type\":\"PropertyValueSpecification\",\"valueRequired\":true,\"valueName\":\"search_term_string\"}}],\"inLanguage\":\"fr-FR\"},{\"@type\":\"Organization\",\"@id\":\"https:\\\/\\\/sgierpartner.ch\\\/fr\\\/#organization\",\"name\":\"Sgier + Partner GmbH\",\"url\":\"https:\\\/\\\/sgierpartner.ch\\\/fr\\\/\",\"logo\":{\"@type\":\"ImageObject\",\"inLanguage\":\"fr-FR\",\"@id\":\"https:\\\/\\\/sgierpartner.ch\\\/fr\\\/#\\\/schema\\\/logo\\\/image\\\/\",\"url\":\"https:\\\/\\\/sgierpartner.ch\\\/wp-content\\\/uploads\\\/SP-Logo-Footer-farbig.png\",\"contentUrl\":\"https:\\\/\\\/sgierpartner.ch\\\/wp-content\\\/uploads\\\/SP-Logo-Footer-farbig.png\",\"width\":2058,\"height\":326,\"caption\":\"Sgier + Partner GmbH\"},\"image\":{\"@id\":\"https:\\\/\\\/sgierpartner.ch\\\/fr\\\/#\\\/schema\\\/logo\\\/image\\\/\"}}]}<\/script>\n<!-- \/ Yoast SEO plugin. -->","yoast_head_json":{"title":"Permis de travail et de r\u00e9sidence Suisse, Workpermit - Workpermit + Arbeitsbewilligungen Spezialist","description":"Entreprises font confiance \u00e0 Sgier + Partner pour la gestion de leurs permis de travail et de r\u00e9sidence en Suisse.","robots":{"index":"index","follow":"follow","max-snippet":"max-snippet:-1","max-image-preview":"max-image-preview:large","max-video-preview":"max-video-preview:-1"},"canonical":"https:\/\/sgierpartner.ch\/fr\/permis-de-travail\/","og_locale":"fr_FR","og_type":"article","og_title":"Permis de travail et de r\u00e9sidence Suisse, Workpermit - Workpermit + Arbeitsbewilligungen Spezialist","og_description":"Entreprises font confiance \u00e0 Sgier + Partner pour la gestion de leurs permis de travail et de r\u00e9sidence en Suisse.","og_url":"https:\/\/sgierpartner.ch\/fr\/permis-de-travail\/","og_site_name":"Workpermit + Arbeitsbewilligungen Spezialist","article_modified_time":"2023-09-11T11:05:43+00:00","og_image":[{"width":1800,"height":1013,"url":"https:\/\/sgierpartner.ch\/wp-content\/uploads\/Arbeitsbewilligungen-workpermit-immigration-relocation-schweiz-2.jpg","type":"image\/jpeg"}],"twitter_card":"summary_large_image","twitter_misc":{"Dur\u00e9e de lecture estim\u00e9e":"5 minutes"},"schema":{"@context":"https:\/\/schema.org","@graph":[{"@type":"WebPage","@id":"https:\/\/sgierpartner.ch\/fr\/permis-de-travail\/","url":"https:\/\/sgierpartner.ch\/fr\/permis-de-travail\/","name":"Permis de travail et de r\u00e9sidence Suisse, Workpermit - Workpermit + Arbeitsbewilligungen Spezialist","isPartOf":{"@id":"https:\/\/sgierpartner.ch\/fr\/#website"},"primaryImageOfPage":{"@id":"https:\/\/sgierpartner.ch\/fr\/permis-de-travail\/#primaryimage"},"image":{"@id":"https:\/\/sgierpartner.ch\/fr\/permis-de-travail\/#primaryimage"},"thumbnailUrl":"https:\/\/sgierpartner.ch\/wp-content\/uploads\/Arbeitsbewilligungen-workpermit-immigration-relocation-schweiz-2.jpg","datePublished":"2020-05-19T06:28:00+00:00","dateModified":"2023-09-11T11:05:43+00:00","description":"Entreprises font confiance \u00e0 Sgier + Partner pour la gestion de leurs permis de travail et de r\u00e9sidence en Suisse.","breadcrumb":{"@id":"https:\/\/sgierpartner.ch\/fr\/permis-de-travail\/#breadcrumb"},"inLanguage":"fr-FR","potentialAction":[{"@type":"ReadAction","target":["https:\/\/sgierpartner.ch\/fr\/permis-de-travail\/"]}]},{"@type":"ImageObject","inLanguage":"fr-FR","@id":"https:\/\/sgierpartner.ch\/fr\/permis-de-travail\/#primaryimage","url":"https:\/\/sgierpartner.ch\/wp-content\/uploads\/Arbeitsbewilligungen-workpermit-immigration-relocation-schweiz-2.jpg","contentUrl":"https:\/\/sgierpartner.ch\/wp-content\/uploads\/Arbeitsbewilligungen-workpermit-immigration-relocation-schweiz-2.jpg","width":1800,"height":1013,"caption":"swiss immigration + relocation services in Switzerland: Zurich, Geneva, Zug, Lugano, Basle, Berne, Lausanne"},{"@type":"BreadcrumbList","@id":"https:\/\/sgierpartner.ch\/fr\/permis-de-travail\/#breadcrumb","itemListElement":[{"@type":"ListItem","position":1,"name":"Startseite","item":"https:\/\/sgierpartner.ch\/fr\/"},{"@type":"ListItem","position":2,"name":"Permis de Travail"}]},{"@type":"WebSite","@id":"https:\/\/sgierpartner.ch\/fr\/#website","url":"https:\/\/sgierpartner.ch\/fr\/","name":"Sgier+Partner","description":"swiss immigration+relocation","publisher":{"@id":"https:\/\/sgierpartner.ch\/fr\/#organization"},"potentialAction":[{"@type":"SearchAction","target":{"@type":"EntryPoint","urlTemplate":"https:\/\/sgierpartner.ch\/fr\/?s={search_term_string}"},"query-input":{"@type":"PropertyValueSpecification","valueRequired":true,"valueName":"search_term_string"}}],"inLanguage":"fr-FR"},{"@type":"Organization","@id":"https:\/\/sgierpartner.ch\/fr\/#organization","name":"Sgier + Partner GmbH","url":"https:\/\/sgierpartner.ch\/fr\/","logo":{"@type":"ImageObject","inLanguage":"fr-FR","@id":"https:\/\/sgierpartner.ch\/fr\/#\/schema\/logo\/image\/","url":"https:\/\/sgierpartner.ch\/wp-content\/uploads\/SP-Logo-Footer-farbig.png","contentUrl":"https:\/\/sgierpartner.ch\/wp-content\/uploads\/SP-Logo-Footer-farbig.png","width":2058,"height":326,"caption":"Sgier + Partner GmbH"},"image":{"@id":"https:\/\/sgierpartner.ch\/fr\/#\/schema\/logo\/image\/"}}]}},"_links":{"self":[{"href":"https:\/\/sgierpartner.ch\/fr\/wp-json\/wp\/v2\/pages\/4782","targetHints":{"allow":["GET"]}}],"collection":[{"href":"https:\/\/sgierpartner.ch\/fr\/wp-json\/wp\/v2\/pages"}],"about":[{"href":"https:\/\/sgierpartner.ch\/fr\/wp-json\/wp\/v2\/types\/page"}],"author":[{"embeddable":true,"href":"https:\/\/sgierpartner.ch\/fr\/wp-json\/wp\/v2\/users\/1"}],"replies":[{"embeddable":true,"href":"https:\/\/sgierpartner.ch\/fr\/wp-json\/wp\/v2\/comments?post=4782"}],"version-history":[{"count":4,"href":"https:\/\/sgierpartner.ch\/fr\/wp-json\/wp\/v2\/pages\/4782\/revisions"}],"predecessor-version":[{"id":8175,"href":"https:\/\/sgierpartner.ch\/fr\/wp-json\/wp\/v2\/pages\/4782\/revisions\/8175"}],"wp:featuredmedia":[{"embeddable":true,"href":"https:\/\/sgierpartner.ch\/fr\/wp-json\/wp\/v2\/media\/3482"}],"wp:attachment":[{"href":"https:\/\/sgierpartner.ch\/fr\/wp-json\/wp\/v2\/media?parent=4782"}],"wp:term":[{"taxonomy":"wf_page_folders","embeddable":true,"href":"https:\/\/sgierpartner.ch\/fr\/wp-json\/wp\/v2\/wf_page_folders?post=4782"}],"curies":[{"name":"wp","href":"https:\/\/api.w.org\/{rel}","templated":true}]}}