{"id":4802,"date":"2020-05-19T10:24:00","date_gmt":"2020-05-19T08:24:00","guid":{"rendered":"http:\/\/975ciacxzt.preview.infomaniak.website\/sgierpartner\/equipe-immigration\/"},"modified":"2023-07-24T16:25:31","modified_gmt":"2023-07-24T14:25:31","slug":"equipe-immigration","status":"publish","type":"page","link":"https:\/\/sgierpartner.ch\/fr\/equipe-immigration\/","title":{"rendered":"Equipe immigration"},"content":{"rendered":"<p>[et_pb_section fb_built=&#8221;1&#8243; fullwidth=&#8221;on&#8221; _builder_version=&#8221;4.16&#8243; global_colors_info=&#8221;{}&#8221; theme_builder_area=&#8221;post_content&#8221;][et_pb_fullwidth_image src=&#8221;https:\/\/sgierpartner.ch\/wp-content\/uploads\/Header-Sgier-Matterhorn-immigration-relcoation.jpg&#8221; alt=&#8221;Matterhorn | Sgier + Partner | swiss immigration+relocation&#8221; title_text=&#8221;Matterhorn | Sgier + Partner | swiss immigration+relocation&#8221; _builder_version=&#8221;4.16&#8243; global_colors_info=&#8221;{}&#8221; theme_builder_area=&#8221;post_content&#8221;][\/et_pb_fullwidth_image][\/et_pb_section][et_pb_section fb_built=&#8221;1&#8243; _builder_version=&#8221;4.16&#8243; global_colors_info=&#8221;{}&#8221; theme_builder_area=&#8221;post_content&#8221;][et_pb_row _builder_version=&#8221;4.16&#8243; custom_margin=&#8221;||0px||false|false&#8221; custom_padding=&#8221;||||false|false&#8221; global_colors_info=&#8221;{}&#8221; theme_builder_area=&#8221;post_content&#8221;][et_pb_column type=&#8221;4_4&#8243; _builder_version=&#8221;4.16&#8243; global_colors_info=&#8221;{}&#8221; theme_builder_area=&#8221;post_content&#8221;][et_pb_text _builder_version=&#8221;4.16&#8243; custom_margin=&#8221;||||false|false&#8221; global_colors_info=&#8221;{}&#8221; theme_builder_area=&#8221;post_content&#8221;]<\/p>\n<h1 class=\"ce_headline first\">Equipe immigration<\/h1>\n<p>[\/et_pb_text][et_pb_menu menu_id=&#8221;45&#8243; disabled_on=&#8221;on|off|off&#8221; _builder_version=&#8221;4.16&#8243; global_colors_info=&#8221;{}&#8221; theme_builder_area=&#8221;post_content&#8221;][\/et_pb_menu][\/et_pb_column][\/et_pb_row][et_pb_row column_structure=&#8221;3_5,2_5&#8243; _builder_version=&#8221;4.16&#8243; global_colors_info=&#8221;{}&#8221; theme_builder_area=&#8221;post_content&#8221;][et_pb_column type=&#8221;3_5&#8243; _builder_version=&#8221;4.16&#8243; global_colors_info=&#8221;{}&#8221; theme_builder_area=&#8221;post_content&#8221;][et_pb_text _builder_version=&#8221;4.16&#8243; global_colors_info=&#8221;{}&#8221; theme_builder_area=&#8221;post_content&#8221;]<\/p>\n<p>Sgier + Partner occupe une position particuli\u00e8re dans le domaine de la gestion des permis de travail et de s\u00e9jour en Suisse. Son \u00e9quipe Immigration, riche de longues ann\u00e9es d\u2019exp\u00e9rience professionnelle, a trait\u00e9 pour ses clients plus de 30.000 cas d\u2019autorisations. Cette prestation a permis \u00e0 l\u2019entreprise de se d\u00e9velopper pour devenir le leader du march\u00e9 suisse dans ce domaine. Gr\u00e2ce \u00e0 la r\u00e9cente innovation Sgier + Partner \u00abPermit24\u00ae\u00bb, le client peut consulter \u00e0 tout moment et en quelques secondes le statut de ses autorisations en cours de traitement. En outre, cette solution acc\u00e9l\u00e8re consid\u00e9rablement le processus d\u2019autorisation et fournit des donn\u00e9es de management \u00e9vocatrices qui sont disponibles \u00e0 tout moment.<\/p>\n<p>[\/et_pb_text][et_pb_image src=&#8221;https:\/\/sgierpartner.ch\/wp-content\/uploads\/\/Team-Immigration-Services-1-1024&#215;576.jpg&#8221; alt=&#8221;Relocation + Immigration Team Sgier + Partner Switzerland&#8221; title_text=&#8221;swiss immigration + relocation services&#8221; _builder_version=&#8221;4.16&#8243; global_colors_info=&#8221;{}&#8221; theme_builder_area=&#8221;post_content&#8221;][\/et_pb_image][et_pb_text _builder_version=&#8221;4.21.0&#8243; hover_enabled=&#8221;0&#8243; global_colors_info=&#8221;{}&#8221; theme_builder_area=&#8221;post_content&#8221; sticky_enabled=&#8221;0&#8243;]<\/p>\n<p>L\u2019\u00e9quipe Immigration est dirig\u00e9e par <strong>Antonia Sgier<\/strong>. Avant de cr\u00e9er l\u2019entreprise en 2001, celle-ci a \u00e9valu\u00e9 et autoris\u00e9 pendant 6 ans les demandes de permis d\u00e9pos\u00e9es aupr\u00e8s de l\u2019office du travail de Zurich. Avec 26 ann\u00e9es d\u2019exp\u00e9rience professionnelle, elle dispose d\u2019un savoir-faire et d\u2019un r\u00e9seau de relations unique aupr\u00e8s des autorit\u00e9s suisses. Au total, l\u2019\u00e9quipe de comp\u00e9tence en mati\u00e8re d&#8217;immigration r\u00e9unit plus de 70 ann\u00e9es d\u2019exp\u00e9rience en mati\u00e8re de gestion des permis de travail et de s\u00e9jour et communique en 10 langues diff\u00e9rentes. La qualit\u00e9, le respect des r\u00e8gles, la fiabilit\u00e9 et l\u2019esprit d\u2019initiative sont les piliers de l\u2019interaction avec le client. Cette \u00e9quipe motiv\u00e9e travaille volontiers pour vous et se tient \u00e0 votre disposition.<\/p>\n<p>Nous obtenons des permis de travail et de s\u00e9jour dans tous les cantons suisses : Argovie, Appenzell Rhodes-Ext\u00e9rieures et Rhodes-Int\u00e9rieures, B\u00e2le-Campagne et Ville, Berne, Fribourg, Gen\u00e8ve, Glaris, Grisons, Jura, Lucerne, Neuch\u00e2tel, Nidwald et Obwald, Saint-Gall, Schaffhouse, Schwytz, Soleure, Tessin, Thurgovie, Uri, Vaud, Valais, Zoug et Zurich.<\/p>\n<p>Nous sommes \u00e9galement le bon interlocuteur pour les proc\u00e9dures d&#8217;autorisation au Liechtenstein. Votre demande est entre de bonnes mains chez nous &#8211; qu&#8217;il s&#8217;agisse d&#8217;un permis de s\u00e9jour (B), de permis de court s\u00e9jour (L, 120 jours, 4 mois), d&#8217;un permis de frontalier (G), d&#8217;un permis d&#8217;\u00e9tablissement (C) ou d&#8217;autres types d&#8217;autorisations, en fonction de la situation individuelle.<\/p>\n<p>[\/et_pb_text][\/et_pb_column][et_pb_column type=&#8221;2_5&#8243; _builder_version=&#8221;4.16&#8243; global_colors_info=&#8221;{}&#8221; theme_builder_area=&#8221;post_content&#8221;][et_pb_cta title=&#8221;Les permis de s\u00e9jour et de travail sont notre m\u00e9tier&#8221; _builder_version=&#8221;4.16&#8243; custom_padding=&#8221;||4px|||&#8221; global_colors_info=&#8221;{}&#8221; theme_builder_area=&#8221;post_content&#8221;]<\/p>\n<p>Notre \u00e9quipe chevronn\u00e9e r\u00e9unit plus de 70 ann\u00e9es d\u2019exp\u00e9rience en mati\u00e8re de gestion de permis de travail. Elle est compos\u00e9e de sp\u00e9cialistes de l\u2019immigration, de juristes et d\u2019avocats, elle communique dans dix langues diff\u00e9rentes et d\u00e9pose les demandes de permis en allemand, fran\u00e7ais et italien.<\/p>\n<ul>\n<li>Nous collaborons \u00e9troitement avec les offices, dans tous les cantons suisses.<\/li>\n<li>Nous connaissons tous les domaines du droit des \u00e9trangers.<\/li>\n<li>Nous traitons vos demandes rapidement, de fa\u00e7on comp\u00e9tente et discr\u00e8te.<\/li>\n<li>Nous sommes une \u00e9quipe multinationale et nous parlons votre langue<\/li>\n<\/ul>\n<p>[\/et_pb_cta][et_pb_text _builder_version=&#8221;4.16&#8243; global_colors_info=&#8221;{}&#8221; theme_builder_area=&#8221;post_content&#8221;]<\/p>\n<blockquote><p>Sgier + Partner conna\u00eet parfaitement les sp\u00e9cificit\u00e9s de chaque canton, ce qui lui permet donc d\u2019atteindre plus rapidement votre objectif<\/p><\/blockquote>\n<p>[\/et_pb_text][et_pb_cta title=&#8221;Immigration Case Assessment&#8221; button_url=&#8221;@ET-DC@eyJkeW5hbWljIjp0cnVlLCJjb250ZW50IjoicG9zdF9saW5rX3VybF9wYWdlIiwic2V0dGluZ3MiOnsicG9zdF9pZCI6IjYxOTAifX0=@&#8221; button_text=&#8221;Read more&#8221; disabled_on=&#8221;off|off|off&#8221; _builder_version=&#8221;4.16&#8243; _dynamic_attributes=&#8221;button_url&#8221; _module_preset=&#8221;default&#8221; custom_button=&#8221;on&#8221; button_text_color=&#8221;#4361EE&#8221; button_bg_color=&#8221;#FFFFFF&#8221; button_border_width=&#8221;0px&#8221; button_border_radius=&#8221;12px&#8221; custom_padding=&#8221;|20px|30px|20px|false|false&#8221; global_colors_info=&#8221;{}&#8221; button_text_color__hover_enabled=&#8221;on|desktop&#8221; button_text_color__hover=&#8221;#4361EE&#8221; theme_builder_area=&#8221;post_content&#8221;]<\/p>\n<p>Do you want to find out if you&#8217;re allowed to live and work in Switzerland? Do you have questions relating to immigration to Switzerland?<\/p>\n<p>[\/et_pb_cta][\/et_pb_column][\/et_pb_row][\/et_pb_section]<\/p>\n","protected":false},"excerpt":{"rendered":"<p>Notre \u00e9quipe chevronn\u00e9e r\u00e9unit plus de 70 ann\u00e9es d\u2019exp\u00e9rience en mati\u00e8re de gestion de permis de travail. Elle est compos\u00e9e de sp\u00e9cialistes de l\u2019immigration, de juristes et d\u2019avocats, elle communique dans dix langues diff\u00e9rentes et d\u00e9pose les demandes de permis en allemand, fran\u00e7ais et italien.<\/p>\n","protected":false},"author":1,"featured_media":3178,"parent":0,"menu_order":0,"comment_status":"closed","ping_status":"closed","template":"","meta":{"_et_pb_use_builder":"on","_et_pb_old_content":"","_et_gb_content_width":"","footnotes":""},"wf_page_folders":[86],"class_list":["post-4802","page","type-page","status-publish","has-post-thumbnail","hentry"],"yoast_head":"<!-- This site is optimized with the Yoast SEO plugin v27.3 - https:\/\/yoast.com\/product\/yoast-seo-wordpress\/ -->\n<title>Swiss immigration+relocation services \u00e0 Zurich und Gen\u00e8ve - Workpermit + Arbeitsbewilligungen Spezialist<\/title>\n<meta name=\"description\" content=\"L&#039;\u00e9quipe Immigration, riche de longues ann\u00e9es d\u2019exp\u00e9rience professionnelle, a trait\u00e9 pour ses clients plus de 30.000 cas d\u2019autorisations\" \/>\n<meta name=\"robots\" content=\"index, follow, max-snippet:-1, max-image-preview:large, max-video-preview:-1\" \/>\n<link rel=\"canonical\" href=\"https:\/\/sgierpartner.ch\/fr\/equipe-immigration\/\" \/>\n<meta property=\"og:locale\" content=\"fr_FR\" \/>\n<meta property=\"og:type\" content=\"article\" \/>\n<meta property=\"og:title\" content=\"Swiss immigration+relocation services \u00e0 Zurich und Gen\u00e8ve - Workpermit + Arbeitsbewilligungen Spezialist\" \/>\n<meta property=\"og:description\" content=\"L&#039;\u00e9quipe Immigration, riche de longues ann\u00e9es d\u2019exp\u00e9rience professionnelle, a trait\u00e9 pour ses clients plus de 30.000 cas d\u2019autorisations\" \/>\n<meta property=\"og:url\" content=\"https:\/\/sgierpartner.ch\/fr\/equipe-immigration\/\" \/>\n<meta property=\"og:site_name\" content=\"Workpermit + Arbeitsbewilligungen Spezialist\" \/>\n<meta property=\"article:modified_time\" content=\"2023-07-24T14:25:31+00:00\" \/>\n<meta property=\"og:image\" content=\"https:\/\/sgierpartner.ch\/wp-content\/uploads\/Team-Immigration-Services-1.jpg\" \/>\n\t<meta property=\"og:image:width\" content=\"1600\" \/>\n\t<meta property=\"og:image:height\" content=\"900\" \/>\n\t<meta property=\"og:image:type\" content=\"image\/jpeg\" \/>\n<meta name=\"twitter:card\" content=\"summary_large_image\" \/>\n<meta name=\"twitter:label1\" content=\"Dur\u00e9e de lecture estim\u00e9e\" \/>\n\t<meta name=\"twitter:data1\" content=\"5 minutes\" \/>\n<script type=\"application\/ld+json\" class=\"yoast-schema-graph\">{\"@context\":\"https:\\\/\\\/schema.org\",\"@graph\":[{\"@type\":\"WebPage\",\"@id\":\"https:\\\/\\\/sgierpartner.ch\\\/fr\\\/equipe-immigration\\\/\",\"url\":\"https:\\\/\\\/sgierpartner.ch\\\/fr\\\/equipe-immigration\\\/\",\"name\":\"Swiss immigration+relocation services \u00e0 Zurich und Gen\u00e8ve - Workpermit + Arbeitsbewilligungen Spezialist\",\"isPartOf\":{\"@id\":\"https:\\\/\\\/sgierpartner.ch\\\/fr\\\/#website\"},\"primaryImageOfPage\":{\"@id\":\"https:\\\/\\\/sgierpartner.ch\\\/fr\\\/equipe-immigration\\\/#primaryimage\"},\"image\":{\"@id\":\"https:\\\/\\\/sgierpartner.ch\\\/fr\\\/equipe-immigration\\\/#primaryimage\"},\"thumbnailUrl\":\"https:\\\/\\\/sgierpartner.ch\\\/wp-content\\\/uploads\\\/Team-Immigration-Services-1.jpg\",\"datePublished\":\"2020-05-19T08:24:00+00:00\",\"dateModified\":\"2023-07-24T14:25:31+00:00\",\"description\":\"L'\u00e9quipe Immigration, riche de longues ann\u00e9es d\u2019exp\u00e9rience professionnelle, a trait\u00e9 pour ses clients plus de 30.000 cas d\u2019autorisations\",\"breadcrumb\":{\"@id\":\"https:\\\/\\\/sgierpartner.ch\\\/fr\\\/equipe-immigration\\\/#breadcrumb\"},\"inLanguage\":\"fr-FR\",\"potentialAction\":[{\"@type\":\"ReadAction\",\"target\":[\"https:\\\/\\\/sgierpartner.ch\\\/fr\\\/equipe-immigration\\\/\"]}]},{\"@type\":\"ImageObject\",\"inLanguage\":\"fr-FR\",\"@id\":\"https:\\\/\\\/sgierpartner.ch\\\/fr\\\/equipe-immigration\\\/#primaryimage\",\"url\":\"https:\\\/\\\/sgierpartner.ch\\\/wp-content\\\/uploads\\\/Team-Immigration-Services-1.jpg\",\"contentUrl\":\"https:\\\/\\\/sgierpartner.ch\\\/wp-content\\\/uploads\\\/Team-Immigration-Services-1.jpg\",\"width\":1600,\"height\":900,\"caption\":\"swiss immigration + relocation services in Switzerland: Zurich, Geneva, Zug, Lugano, Basle, Berne, Lausanne\"},{\"@type\":\"BreadcrumbList\",\"@id\":\"https:\\\/\\\/sgierpartner.ch\\\/fr\\\/equipe-immigration\\\/#breadcrumb\",\"itemListElement\":[{\"@type\":\"ListItem\",\"position\":1,\"name\":\"Startseite\",\"item\":\"https:\\\/\\\/sgierpartner.ch\\\/fr\\\/\"},{\"@type\":\"ListItem\",\"position\":2,\"name\":\"Equipe immigration\"}]},{\"@type\":\"WebSite\",\"@id\":\"https:\\\/\\\/sgierpartner.ch\\\/fr\\\/#website\",\"url\":\"https:\\\/\\\/sgierpartner.ch\\\/fr\\\/\",\"name\":\"Sgier+Partner\",\"description\":\"swiss immigration+relocation\",\"publisher\":{\"@id\":\"https:\\\/\\\/sgierpartner.ch\\\/fr\\\/#organization\"},\"potentialAction\":[{\"@type\":\"SearchAction\",\"target\":{\"@type\":\"EntryPoint\",\"urlTemplate\":\"https:\\\/\\\/sgierpartner.ch\\\/fr\\\/?s={search_term_string}\"},\"query-input\":{\"@type\":\"PropertyValueSpecification\",\"valueRequired\":true,\"valueName\":\"search_term_string\"}}],\"inLanguage\":\"fr-FR\"},{\"@type\":\"Organization\",\"@id\":\"https:\\\/\\\/sgierpartner.ch\\\/fr\\\/#organization\",\"name\":\"Sgier + Partner GmbH\",\"url\":\"https:\\\/\\\/sgierpartner.ch\\\/fr\\\/\",\"logo\":{\"@type\":\"ImageObject\",\"inLanguage\":\"fr-FR\",\"@id\":\"https:\\\/\\\/sgierpartner.ch\\\/fr\\\/#\\\/schema\\\/logo\\\/image\\\/\",\"url\":\"https:\\\/\\\/sgierpartner.ch\\\/wp-content\\\/uploads\\\/SP-Logo-Footer-farbig.png\",\"contentUrl\":\"https:\\\/\\\/sgierpartner.ch\\\/wp-content\\\/uploads\\\/SP-Logo-Footer-farbig.png\",\"width\":2058,\"height\":326,\"caption\":\"Sgier + Partner GmbH\"},\"image\":{\"@id\":\"https:\\\/\\\/sgierpartner.ch\\\/fr\\\/#\\\/schema\\\/logo\\\/image\\\/\"}}]}<\/script>\n<!-- \/ Yoast SEO plugin. -->","yoast_head_json":{"title":"Swiss immigration+relocation services \u00e0 Zurich und Gen\u00e8ve - Workpermit + Arbeitsbewilligungen Spezialist","description":"L'\u00e9quipe Immigration, riche de longues ann\u00e9es d\u2019exp\u00e9rience professionnelle, a trait\u00e9 pour ses clients plus de 30.000 cas d\u2019autorisations","robots":{"index":"index","follow":"follow","max-snippet":"max-snippet:-1","max-image-preview":"max-image-preview:large","max-video-preview":"max-video-preview:-1"},"canonical":"https:\/\/sgierpartner.ch\/fr\/equipe-immigration\/","og_locale":"fr_FR","og_type":"article","og_title":"Swiss immigration+relocation services \u00e0 Zurich und Gen\u00e8ve - Workpermit + Arbeitsbewilligungen Spezialist","og_description":"L'\u00e9quipe Immigration, riche de longues ann\u00e9es d\u2019exp\u00e9rience professionnelle, a trait\u00e9 pour ses clients plus de 30.000 cas d\u2019autorisations","og_url":"https:\/\/sgierpartner.ch\/fr\/equipe-immigration\/","og_site_name":"Workpermit + Arbeitsbewilligungen Spezialist","article_modified_time":"2023-07-24T14:25:31+00:00","og_image":[{"width":1600,"height":900,"url":"https:\/\/sgierpartner.ch\/wp-content\/uploads\/Team-Immigration-Services-1.jpg","type":"image\/jpeg"}],"twitter_card":"summary_large_image","twitter_misc":{"Dur\u00e9e de lecture estim\u00e9e":"5 minutes"},"schema":{"@context":"https:\/\/schema.org","@graph":[{"@type":"WebPage","@id":"https:\/\/sgierpartner.ch\/fr\/equipe-immigration\/","url":"https:\/\/sgierpartner.ch\/fr\/equipe-immigration\/","name":"Swiss immigration+relocation services \u00e0 Zurich und Gen\u00e8ve - Workpermit + Arbeitsbewilligungen Spezialist","isPartOf":{"@id":"https:\/\/sgierpartner.ch\/fr\/#website"},"primaryImageOfPage":{"@id":"https:\/\/sgierpartner.ch\/fr\/equipe-immigration\/#primaryimage"},"image":{"@id":"https:\/\/sgierpartner.ch\/fr\/equipe-immigration\/#primaryimage"},"thumbnailUrl":"https:\/\/sgierpartner.ch\/wp-content\/uploads\/Team-Immigration-Services-1.jpg","datePublished":"2020-05-19T08:24:00+00:00","dateModified":"2023-07-24T14:25:31+00:00","description":"L'\u00e9quipe Immigration, riche de longues ann\u00e9es d\u2019exp\u00e9rience professionnelle, a trait\u00e9 pour ses clients plus de 30.000 cas d\u2019autorisations","breadcrumb":{"@id":"https:\/\/sgierpartner.ch\/fr\/equipe-immigration\/#breadcrumb"},"inLanguage":"fr-FR","potentialAction":[{"@type":"ReadAction","target":["https:\/\/sgierpartner.ch\/fr\/equipe-immigration\/"]}]},{"@type":"ImageObject","inLanguage":"fr-FR","@id":"https:\/\/sgierpartner.ch\/fr\/equipe-immigration\/#primaryimage","url":"https:\/\/sgierpartner.ch\/wp-content\/uploads\/Team-Immigration-Services-1.jpg","contentUrl":"https:\/\/sgierpartner.ch\/wp-content\/uploads\/Team-Immigration-Services-1.jpg","width":1600,"height":900,"caption":"swiss immigration + relocation services in Switzerland: Zurich, Geneva, Zug, Lugano, Basle, Berne, Lausanne"},{"@type":"BreadcrumbList","@id":"https:\/\/sgierpartner.ch\/fr\/equipe-immigration\/#breadcrumb","itemListElement":[{"@type":"ListItem","position":1,"name":"Startseite","item":"https:\/\/sgierpartner.ch\/fr\/"},{"@type":"ListItem","position":2,"name":"Equipe immigration"}]},{"@type":"WebSite","@id":"https:\/\/sgierpartner.ch\/fr\/#website","url":"https:\/\/sgierpartner.ch\/fr\/","name":"Sgier+Partner","description":"swiss immigration+relocation","publisher":{"@id":"https:\/\/sgierpartner.ch\/fr\/#organization"},"potentialAction":[{"@type":"SearchAction","target":{"@type":"EntryPoint","urlTemplate":"https:\/\/sgierpartner.ch\/fr\/?s={search_term_string}"},"query-input":{"@type":"PropertyValueSpecification","valueRequired":true,"valueName":"search_term_string"}}],"inLanguage":"fr-FR"},{"@type":"Organization","@id":"https:\/\/sgierpartner.ch\/fr\/#organization","name":"Sgier + Partner GmbH","url":"https:\/\/sgierpartner.ch\/fr\/","logo":{"@type":"ImageObject","inLanguage":"fr-FR","@id":"https:\/\/sgierpartner.ch\/fr\/#\/schema\/logo\/image\/","url":"https:\/\/sgierpartner.ch\/wp-content\/uploads\/SP-Logo-Footer-farbig.png","contentUrl":"https:\/\/sgierpartner.ch\/wp-content\/uploads\/SP-Logo-Footer-farbig.png","width":2058,"height":326,"caption":"Sgier + Partner GmbH"},"image":{"@id":"https:\/\/sgierpartner.ch\/fr\/#\/schema\/logo\/image\/"}}]}},"_links":{"self":[{"href":"https:\/\/sgierpartner.ch\/fr\/wp-json\/wp\/v2\/pages\/4802","targetHints":{"allow":["GET"]}}],"collection":[{"href":"https:\/\/sgierpartner.ch\/fr\/wp-json\/wp\/v2\/pages"}],"about":[{"href":"https:\/\/sgierpartner.ch\/fr\/wp-json\/wp\/v2\/types\/page"}],"author":[{"embeddable":true,"href":"https:\/\/sgierpartner.ch\/fr\/wp-json\/wp\/v2\/users\/1"}],"replies":[{"embeddable":true,"href":"https:\/\/sgierpartner.ch\/fr\/wp-json\/wp\/v2\/comments?post=4802"}],"version-history":[{"count":7,"href":"https:\/\/sgierpartner.ch\/fr\/wp-json\/wp\/v2\/pages\/4802\/revisions"}],"predecessor-version":[{"id":7822,"href":"https:\/\/sgierpartner.ch\/fr\/wp-json\/wp\/v2\/pages\/4802\/revisions\/7822"}],"wp:featuredmedia":[{"embeddable":true,"href":"https:\/\/sgierpartner.ch\/fr\/wp-json\/wp\/v2\/media\/3178"}],"wp:attachment":[{"href":"https:\/\/sgierpartner.ch\/fr\/wp-json\/wp\/v2\/media?parent=4802"}],"wp:term":[{"taxonomy":"wf_page_folders","embeddable":true,"href":"https:\/\/sgierpartner.ch\/fr\/wp-json\/wp\/v2\/wf_page_folders?post=4802"}],"curies":[{"name":"wp","href":"https:\/\/api.w.org\/{rel}","templated":true}]}}