{"id":4819,"date":"2020-05-21T08:14:53","date_gmt":"2020-05-21T06:14:53","guid":{"rendered":"http:\/\/975ciacxzt.preview.infomaniak.website\/sgierpartner\/reseau-partenariats\/"},"modified":"2021-05-11T08:53:31","modified_gmt":"2021-05-11T06:53:31","slug":"reseau-partenariats","status":"publish","type":"page","link":"https:\/\/sgierpartner.ch\/fr\/reseau-partenariats\/","title":{"rendered":"R\u00e9seau \/ Partenariats"},"content":{"rendered":"<p>[et_pb_section fb_built=&#8221;1&#8243; fullwidth=&#8221;on&#8221; _builder_version=&#8221;4.4.3&#8243;][et_pb_fullwidth_image src=&#8221;https:\/\/sgierpartner.ch\/wp-content\/uploads\/World-immigration-relocation-2.jpg&#8221; alt=&#8221;Global Network | swiss immigration + relocations services&#8221; title_text=&#8221;Global Network | swiss immigration + relocations services&#8221; _builder_version=&#8221;4.4.7&#8243;][\/et_pb_fullwidth_image][\/et_pb_section][et_pb_section fb_built=&#8221;1&#8243; _builder_version=&#8221;4.4.3&#8243;][et_pb_row _builder_version=&#8221;4.4.3&#8243; custom_margin=&#8221;0px||||false|false&#8221;][et_pb_column type=&#8221;4_4&#8243; _builder_version=&#8221;4.4.3&#8243;][et_pb_text _builder_version=&#8221;4.4.3&#8243; custom_margin=&#8221;||||false|false&#8221;]<\/p>\n<h1 class=\"ce_headline first\">R\u00e9seau \/ Partenariats<\/h1>\n<p>[\/et_pb_text][et_pb_menu menu_id=&#8221;47&#8243; disabled_on=&#8221;on|on|off&#8221; _builder_version=&#8221;4.4.3&#8243;][\/et_pb_menu][\/et_pb_column][\/et_pb_row][et_pb_row column_structure=&#8221;3_5,2_5&#8243; _builder_version=&#8221;4.4.3&#8243;][et_pb_column type=&#8221;3_5&#8243; _builder_version=&#8221;4.4.3&#8243;][et_pb_blurb title=&#8221;Pr\u00e9sence locale \u2013 activit\u00e9 en Suisse \u2013 r\u00e9seaux mondiaux&#8221; _builder_version=&#8221;4.4.6&#8243; min_height=&#8221;100px&#8221; custom_margin=&#8221;0px||||false|false&#8221; custom_padding=&#8221;0px||||false|false&#8221;]Notre succ\u00e8s pr\u00e9suppose un r\u00e9seau multiple. Et plus nous nous investissons, plus nous en profitons. C\u2019est ainsi que nous entretenons des contacts tr\u00e8s \u00e9troits avec les autorit\u00e9s et les promotions \u00e9conomiques dans tous les cantons et que nous nous engageons en tant que membre de diverses associations d\u2019int\u00e9r\u00eats et de chambres de commerce, nous participons \u00e0 des manifestations sp\u00e9cialis\u00e9es et nous r\u00e9alisons \u00e9galement des manifestations de perfectionnement et des s\u00e9ances de remise \u00e0 niveau.[\/et_pb_blurb][et_pb_image src=&#8221;https:\/\/sgierpartner.ch\/wp-content\/uploads\/Partner-Network-immigration-relocation-switzerland-1.jpg&#8221; alt=&#8221;Partner Network Sgier + Partner | swiss immigration+relocation&#8221; title_text=&#8221;Partner Network Sgier + Partner | swiss immigration+relocation&#8221; _builder_version=&#8221;4.4.7&#8243;][\/et_pb_image][et_pb_blurb title=&#8221;Partenariats&#8221; _builder_version=&#8221;4.4.3&#8243;]Pr\u00e9sence locale \u2013 r\u00e9seaux mondiaux. Nous sommes toujours personnellement actifs sur place pour nos clients, tout en ayant les moyens de solliciter l\u2019expertise diversifi\u00e9e, les ressources et les infrastructures de nos partenaires d\u2019immigration et de relocalisation pr\u00e9sents dans le monde entier et qui ont choisi Sgier + Partner en tant que Premium Partner pour la Suisse. Nous sommes ainsi un partenaire fort, \u00e9galement pour les entreprises et institutions internationales.[\/et_pb_blurb][\/et_pb_column][et_pb_column type=&#8221;2_5&#8243; _builder_version=&#8221;4.4.3&#8243;][et_pb_cta title=&#8221;Vous cherchez un partenaire pour la Suisse?&#8221; button_url=&#8221;mailto:rene.rey@sgierpartner.ch&#8221; button_text=&#8221;Veuillez contacter Ren\u00e9 Rey&#8221; _builder_version=&#8221;4.9.4&#8243; custom_button=&#8221;on&#8221; button_text_color=&#8221;#e11a24&#8243; button_bg_color=&#8221;#ffffff&#8221; button_border_radius=&#8221;12px&#8221; link_option_url=&#8221;mailto: rene.rey@sgierpartner.ch&#8221; hover_enabled=&#8221;0&#8243; button_text_color__hover_enabled=&#8221;on|hover&#8221; button_text_color__hover=&#8221;#011ca7&#8243; sticky_enabled=&#8221;0&#8243;]Sgier + Partner travaille aujourd\u2019hui avec une s\u00e9lection d\u2019entreprises internationales d\u2019Immigration et de Relocation, mais aussi avec des soci\u00e9t\u00e9s qui ne disposent pas de leur propre repr\u00e9sentation en Suisse dans ce domaine. Le professionnalisme, une approche gagnant\/gagnant et la confiance mutuelle sont les facteurs cl\u00e9s d\u2019une collaboration r\u00e9ussie. Si vous cherchez un partenaire fiable pour la Suisse, nous sommes \u00e0 votre disposition pour \u00e9tudier les modalit\u00e9s de notre collaboration. Prenez contact avec nous et notre direction vous contactera directement.[\/et_pb_cta][et_pb_text _builder_version=&#8221;4.4.6&#8243;]<\/p>\n<blockquote><p>Nous avons g\u00e9r\u00e9 plus de 30.000 autorisations pour nos clients en Suisse.<\/p><\/blockquote>\n<p>[\/et_pb_text][\/et_pb_column][\/et_pb_row][\/et_pb_section]<\/p>\n","protected":false},"excerpt":{"rendered":"<p>Local presence &#8211; global network. We are active for our clients personally on Location in Switzerland and through our global Immigration network, based on partnerships with specialists which chose us as their provider in Switzerland, have immediate access to expertise, resources and infrastructure. This makes us a strong partner for international companies and institutions.<\/p>\n","protected":false},"author":1,"featured_media":3079,"parent":0,"menu_order":0,"comment_status":"closed","ping_status":"closed","template":"","meta":{"_et_pb_use_builder":"on","_et_pb_old_content":"","_et_gb_content_width":"","footnotes":""},"wf_page_folders":[],"class_list":["post-4819","page","type-page","status-publish","has-post-thumbnail","hentry"],"yoast_head":"<!-- This site is optimized with the Yoast SEO plugin v27.4 - https:\/\/yoast.com\/product\/yoast-seo-wordpress\/ -->\n<title>R\u00e9seaux mondiaux partenaires d\u2019immigration et de relocalisation - Workpermit + Arbeitsbewilligungen Spezialist<\/title>\n<meta name=\"description\" content=\"Nous entretenons des contacts tr\u00e8s \u00e9troits avec les autorit\u00e9s et les promotions \u00e9conomiques dans tous les cantons.\" \/>\n<meta name=\"robots\" content=\"index, follow, max-snippet:-1, max-image-preview:large, max-video-preview:-1\" \/>\n<link rel=\"canonical\" href=\"https:\/\/sgierpartner.ch\/fr\/reseau-partenariats\/\" \/>\n<meta property=\"og:locale\" content=\"fr_FR\" \/>\n<meta property=\"og:type\" content=\"article\" \/>\n<meta property=\"og:title\" content=\"R\u00e9seaux mondiaux partenaires d\u2019immigration et de relocalisation - Workpermit + Arbeitsbewilligungen Spezialist\" \/>\n<meta property=\"og:description\" content=\"Nous entretenons des contacts tr\u00e8s \u00e9troits avec les autorit\u00e9s et les promotions \u00e9conomiques dans tous les cantons.\" \/>\n<meta property=\"og:url\" content=\"https:\/\/sgierpartner.ch\/fr\/reseau-partenariats\/\" \/>\n<meta property=\"og:site_name\" content=\"Workpermit + Arbeitsbewilligungen Spezialist\" \/>\n<meta property=\"article:modified_time\" content=\"2021-05-11T06:53:31+00:00\" \/>\n<meta property=\"og:image\" content=\"https:\/\/sgierpartner.ch\/wp-content\/uploads\/Partner-Network-immigration-relocation-switzerland-1.jpg\" \/>\n\t<meta property=\"og:image:width\" content=\"800\" \/>\n\t<meta property=\"og:image:height\" content=\"450\" \/>\n\t<meta property=\"og:image:type\" content=\"image\/jpeg\" \/>\n<meta name=\"twitter:card\" content=\"summary_large_image\" \/>\n<meta name=\"twitter:label1\" content=\"Dur\u00e9e de lecture estim\u00e9e\" \/>\n\t<meta name=\"twitter:data1\" content=\"3 minutes\" \/>\n<script type=\"application\/ld+json\" class=\"yoast-schema-graph\">{\"@context\":\"https:\\\/\\\/schema.org\",\"@graph\":[{\"@type\":\"WebPage\",\"@id\":\"https:\\\/\\\/sgierpartner.ch\\\/fr\\\/reseau-partenariats\\\/\",\"url\":\"https:\\\/\\\/sgierpartner.ch\\\/fr\\\/reseau-partenariats\\\/\",\"name\":\"R\u00e9seaux mondiaux partenaires d\u2019immigration et de relocalisation - Workpermit + Arbeitsbewilligungen Spezialist\",\"isPartOf\":{\"@id\":\"https:\\\/\\\/sgierpartner.ch\\\/fr\\\/#website\"},\"primaryImageOfPage\":{\"@id\":\"https:\\\/\\\/sgierpartner.ch\\\/fr\\\/reseau-partenariats\\\/#primaryimage\"},\"image\":{\"@id\":\"https:\\\/\\\/sgierpartner.ch\\\/fr\\\/reseau-partenariats\\\/#primaryimage\"},\"thumbnailUrl\":\"https:\\\/\\\/sgierpartner.ch\\\/wp-content\\\/uploads\\\/Partner-Network-immigration-relocation-switzerland-1.jpg\",\"datePublished\":\"2020-05-21T06:14:53+00:00\",\"dateModified\":\"2021-05-11T06:53:31+00:00\",\"description\":\"Nous entretenons des contacts tr\u00e8s \u00e9troits avec les autorit\u00e9s et les promotions \u00e9conomiques dans tous les cantons.\",\"breadcrumb\":{\"@id\":\"https:\\\/\\\/sgierpartner.ch\\\/fr\\\/reseau-partenariats\\\/#breadcrumb\"},\"inLanguage\":\"fr-FR\",\"potentialAction\":[{\"@type\":\"ReadAction\",\"target\":[\"https:\\\/\\\/sgierpartner.ch\\\/fr\\\/reseau-partenariats\\\/\"]}]},{\"@type\":\"ImageObject\",\"inLanguage\":\"fr-FR\",\"@id\":\"https:\\\/\\\/sgierpartner.ch\\\/fr\\\/reseau-partenariats\\\/#primaryimage\",\"url\":\"https:\\\/\\\/sgierpartner.ch\\\/wp-content\\\/uploads\\\/Partner-Network-immigration-relocation-switzerland-1.jpg\",\"contentUrl\":\"https:\\\/\\\/sgierpartner.ch\\\/wp-content\\\/uploads\\\/Partner-Network-immigration-relocation-switzerland-1.jpg\",\"width\":800,\"height\":450,\"caption\":\"R\u00e9seau mondiale de Sgier+Partner, entreprise leader dans la fourniture de services d\u2019immigration et de relocalisation.\"},{\"@type\":\"BreadcrumbList\",\"@id\":\"https:\\\/\\\/sgierpartner.ch\\\/fr\\\/reseau-partenariats\\\/#breadcrumb\",\"itemListElement\":[{\"@type\":\"ListItem\",\"position\":1,\"name\":\"Startseite\",\"item\":\"https:\\\/\\\/sgierpartner.ch\\\/fr\\\/\"},{\"@type\":\"ListItem\",\"position\":2,\"name\":\"R\u00e9seau \\\/ Partenariats\"}]},{\"@type\":\"WebSite\",\"@id\":\"https:\\\/\\\/sgierpartner.ch\\\/fr\\\/#website\",\"url\":\"https:\\\/\\\/sgierpartner.ch\\\/fr\\\/\",\"name\":\"Sgier+Partner\",\"description\":\"swiss immigration+relocation\",\"publisher\":{\"@id\":\"https:\\\/\\\/sgierpartner.ch\\\/fr\\\/#organization\"},\"potentialAction\":[{\"@type\":\"SearchAction\",\"target\":{\"@type\":\"EntryPoint\",\"urlTemplate\":\"https:\\\/\\\/sgierpartner.ch\\\/fr\\\/?s={search_term_string}\"},\"query-input\":{\"@type\":\"PropertyValueSpecification\",\"valueRequired\":true,\"valueName\":\"search_term_string\"}}],\"inLanguage\":\"fr-FR\"},{\"@type\":\"Organization\",\"@id\":\"https:\\\/\\\/sgierpartner.ch\\\/fr\\\/#organization\",\"name\":\"Sgier + Partner GmbH\",\"url\":\"https:\\\/\\\/sgierpartner.ch\\\/fr\\\/\",\"logo\":{\"@type\":\"ImageObject\",\"inLanguage\":\"fr-FR\",\"@id\":\"https:\\\/\\\/sgierpartner.ch\\\/fr\\\/#\\\/schema\\\/logo\\\/image\\\/\",\"url\":\"https:\\\/\\\/sgierpartner.ch\\\/wp-content\\\/uploads\\\/SP-Logo-Footer-farbig.png\",\"contentUrl\":\"https:\\\/\\\/sgierpartner.ch\\\/wp-content\\\/uploads\\\/SP-Logo-Footer-farbig.png\",\"width\":2058,\"height\":326,\"caption\":\"Sgier + Partner GmbH\"},\"image\":{\"@id\":\"https:\\\/\\\/sgierpartner.ch\\\/fr\\\/#\\\/schema\\\/logo\\\/image\\\/\"}}]}<\/script>\n<!-- \/ Yoast SEO plugin. -->","yoast_head_json":{"title":"R\u00e9seaux mondiaux partenaires d\u2019immigration et de relocalisation - Workpermit + Arbeitsbewilligungen Spezialist","description":"Nous entretenons des contacts tr\u00e8s \u00e9troits avec les autorit\u00e9s et les promotions \u00e9conomiques dans tous les cantons.","robots":{"index":"index","follow":"follow","max-snippet":"max-snippet:-1","max-image-preview":"max-image-preview:large","max-video-preview":"max-video-preview:-1"},"canonical":"https:\/\/sgierpartner.ch\/fr\/reseau-partenariats\/","og_locale":"fr_FR","og_type":"article","og_title":"R\u00e9seaux mondiaux partenaires d\u2019immigration et de relocalisation - Workpermit + Arbeitsbewilligungen Spezialist","og_description":"Nous entretenons des contacts tr\u00e8s \u00e9troits avec les autorit\u00e9s et les promotions \u00e9conomiques dans tous les cantons.","og_url":"https:\/\/sgierpartner.ch\/fr\/reseau-partenariats\/","og_site_name":"Workpermit + Arbeitsbewilligungen Spezialist","article_modified_time":"2021-05-11T06:53:31+00:00","og_image":[{"width":800,"height":450,"url":"https:\/\/sgierpartner.ch\/wp-content\/uploads\/Partner-Network-immigration-relocation-switzerland-1.jpg","type":"image\/jpeg"}],"twitter_card":"summary_large_image","twitter_misc":{"Dur\u00e9e de lecture estim\u00e9e":"3 minutes"},"schema":{"@context":"https:\/\/schema.org","@graph":[{"@type":"WebPage","@id":"https:\/\/sgierpartner.ch\/fr\/reseau-partenariats\/","url":"https:\/\/sgierpartner.ch\/fr\/reseau-partenariats\/","name":"R\u00e9seaux mondiaux partenaires d\u2019immigration et de relocalisation - Workpermit + Arbeitsbewilligungen Spezialist","isPartOf":{"@id":"https:\/\/sgierpartner.ch\/fr\/#website"},"primaryImageOfPage":{"@id":"https:\/\/sgierpartner.ch\/fr\/reseau-partenariats\/#primaryimage"},"image":{"@id":"https:\/\/sgierpartner.ch\/fr\/reseau-partenariats\/#primaryimage"},"thumbnailUrl":"https:\/\/sgierpartner.ch\/wp-content\/uploads\/Partner-Network-immigration-relocation-switzerland-1.jpg","datePublished":"2020-05-21T06:14:53+00:00","dateModified":"2021-05-11T06:53:31+00:00","description":"Nous entretenons des contacts tr\u00e8s \u00e9troits avec les autorit\u00e9s et les promotions \u00e9conomiques dans tous les cantons.","breadcrumb":{"@id":"https:\/\/sgierpartner.ch\/fr\/reseau-partenariats\/#breadcrumb"},"inLanguage":"fr-FR","potentialAction":[{"@type":"ReadAction","target":["https:\/\/sgierpartner.ch\/fr\/reseau-partenariats\/"]}]},{"@type":"ImageObject","inLanguage":"fr-FR","@id":"https:\/\/sgierpartner.ch\/fr\/reseau-partenariats\/#primaryimage","url":"https:\/\/sgierpartner.ch\/wp-content\/uploads\/Partner-Network-immigration-relocation-switzerland-1.jpg","contentUrl":"https:\/\/sgierpartner.ch\/wp-content\/uploads\/Partner-Network-immigration-relocation-switzerland-1.jpg","width":800,"height":450,"caption":"R\u00e9seau mondiale de Sgier+Partner, entreprise leader dans la fourniture de services d\u2019immigration et de relocalisation."},{"@type":"BreadcrumbList","@id":"https:\/\/sgierpartner.ch\/fr\/reseau-partenariats\/#breadcrumb","itemListElement":[{"@type":"ListItem","position":1,"name":"Startseite","item":"https:\/\/sgierpartner.ch\/fr\/"},{"@type":"ListItem","position":2,"name":"R\u00e9seau \/ Partenariats"}]},{"@type":"WebSite","@id":"https:\/\/sgierpartner.ch\/fr\/#website","url":"https:\/\/sgierpartner.ch\/fr\/","name":"Sgier+Partner","description":"swiss immigration+relocation","publisher":{"@id":"https:\/\/sgierpartner.ch\/fr\/#organization"},"potentialAction":[{"@type":"SearchAction","target":{"@type":"EntryPoint","urlTemplate":"https:\/\/sgierpartner.ch\/fr\/?s={search_term_string}"},"query-input":{"@type":"PropertyValueSpecification","valueRequired":true,"valueName":"search_term_string"}}],"inLanguage":"fr-FR"},{"@type":"Organization","@id":"https:\/\/sgierpartner.ch\/fr\/#organization","name":"Sgier + Partner GmbH","url":"https:\/\/sgierpartner.ch\/fr\/","logo":{"@type":"ImageObject","inLanguage":"fr-FR","@id":"https:\/\/sgierpartner.ch\/fr\/#\/schema\/logo\/image\/","url":"https:\/\/sgierpartner.ch\/wp-content\/uploads\/SP-Logo-Footer-farbig.png","contentUrl":"https:\/\/sgierpartner.ch\/wp-content\/uploads\/SP-Logo-Footer-farbig.png","width":2058,"height":326,"caption":"Sgier + Partner GmbH"},"image":{"@id":"https:\/\/sgierpartner.ch\/fr\/#\/schema\/logo\/image\/"}}]}},"_links":{"self":[{"href":"https:\/\/sgierpartner.ch\/fr\/wp-json\/wp\/v2\/pages\/4819","targetHints":{"allow":["GET"]}}],"collection":[{"href":"https:\/\/sgierpartner.ch\/fr\/wp-json\/wp\/v2\/pages"}],"about":[{"href":"https:\/\/sgierpartner.ch\/fr\/wp-json\/wp\/v2\/types\/page"}],"author":[{"embeddable":true,"href":"https:\/\/sgierpartner.ch\/fr\/wp-json\/wp\/v2\/users\/1"}],"replies":[{"embeddable":true,"href":"https:\/\/sgierpartner.ch\/fr\/wp-json\/wp\/v2\/comments?post=4819"}],"version-history":[{"count":0,"href":"https:\/\/sgierpartner.ch\/fr\/wp-json\/wp\/v2\/pages\/4819\/revisions"}],"wp:featuredmedia":[{"embeddable":true,"href":"https:\/\/sgierpartner.ch\/fr\/wp-json\/wp\/v2\/media\/3079"}],"wp:attachment":[{"href":"https:\/\/sgierpartner.ch\/fr\/wp-json\/wp\/v2\/media?parent=4819"}],"wp:term":[{"taxonomy":"wf_page_folders","embeddable":true,"href":"https:\/\/sgierpartner.ch\/fr\/wp-json\/wp\/v2\/wf_page_folders?post=4819"}],"curies":[{"name":"wp","href":"https:\/\/api.w.org\/{rel}","templated":true}]}}