{"id":4845,"date":"2020-05-21T09:36:02","date_gmt":"2020-05-21T07:36:02","guid":{"rendered":"http:\/\/975ciacxzt.preview.infomaniak.website\/sgierpartner\/equipe\/"},"modified":"2021-06-07T15:19:58","modified_gmt":"2021-06-07T13:19:58","slug":"equipe","status":"publish","type":"page","link":"https:\/\/sgierpartner.ch\/fr\/equipe\/","title":{"rendered":"Propri\u00e9taire"},"content":{"rendered":"\n[et_pb_section fb_built=&#8221;1&#8243; fullwidth=&#8221;on&#8221; _builder_version=&#8221;4.4.3&#8243;][et_pb_fullwidth_image src=&#8221;https:\/\/sgierpartner.ch\/wp-content\/uploads\/Berge-Wolken-immigration-relocation-schweiz-2.jpg&#8221; alt=&#8221;Welcome to Switzerland &#8211; swiss immigration + relocation services&#8221; title_text=&#8221;l&#8217;accueil et les bureaux \u00e0 Zurich | swiss immigration+relocation&#8221; _builder_version=&#8221;4.4.7&#8243;][\/et_pb_fullwidth_image][\/et_pb_section][et_pb_section fb_built=&#8221;1&#8243; _builder_version=&#8221;4.4.3&#8243;][et_pb_row _builder_version=&#8221;4.4.3&#8243; custom_margin=&#8221;0px||||false|false&#8221;][et_pb_column type=&#8221;4_4&#8243; _builder_version=&#8221;4.4.3&#8243;][et_pb_text _builder_version=&#8221;4.4.3&#8243; custom_margin=&#8221;||||false|false&#8221;]<h2>Propri\u00e9taire<\/h2>[\/et_pb_text][et_pb_menu menu_id=&#8221;47&#8243; disabled_on=&#8221;on|on|off&#8221; _builder_version=&#8221;4.4.3&#8243;][\/et_pb_menu][\/et_pb_column][\/et_pb_row][et_pb_row column_structure=&#8221;3_4,1_4&#8243; _builder_version=&#8221;4.4.3&#8243;][et_pb_column type=&#8221;3_4&#8243; _builder_version=&#8221;4.4.3&#8243;][et_pb_text _builder_version=&#8221;4.9.4&#8243; hover_enabled=&#8221;0&#8243; sticky_enabled=&#8221;0&#8243;]<h4>Sgier + Partner emploie plus de 10 collaborateurs en Suisse. Notre rayonnement pour attirer les meilleurs sp\u00e9cialistes de l\u2019immigration et de la relocalisation est d\u00e9cisif pour le succ\u00e8s de Sgier + Partner et donc pour nos clients.<\/h4>\r\n<p>En effet, outre le plaisir du travail, ce sont l\u2019expertise, l\u2019attitude, les talents et les id\u00e9es qui aboutissent \u00e0 des prestations de services r\u00e9ussies et \u00e0 la satisfaction des clients. En cons\u00e9quence, nous accordons une \u00e9norme importance au d\u00e9veloppement et \u00e0 l\u2019\u00e9panouissement de nos collaborateurs; en \u00e9change, nous imposons de grandes exigences \u00e0 leurs qualifications, \u00e0 leur int\u00e9grit\u00e9, \u00e0 leur cr\u00e9ativit\u00e9 et \u00e0 leur mode de travail. Celui qui travaille chez nous dispose d\u2019une tr\u00e8s bonne formation, de longues ann\u00e9es de pratique dans le domaine sp\u00e9cialis\u00e9 concern\u00e9. Le multilinguisme se traduit chez nous non seulement par la pratique de l\u2019allemand et de l\u2019anglais, mais aussi du fran\u00e7ais, de l\u2019italien, de l\u2019espagnol, du romanche et du portugais.<\/p>[\/et_pb_text][et_pb_text _builder_version=&#8221;4.4.6&#8243; custom_margin=&#8221;0px||0px||false|false&#8221;]<h3>Propri\u00e9taire<\/h3>\r\n<ul>\r\n<li><strong>Antonia Sgier, fondatrice et propri\u00e9taire <\/strong>Direction de l\u2019unit\u00e9 \u00abImmigration et services juridiques\u00bb, 25 ans d\u2019expertise en mati\u00e8re d\u2019immigration.<\/li>\r\n<li class=\"ce_text block\"><strong>Ren\u00e9 Rey, propro\u00e9taire\u00a0<\/strong> Direction de l\u2019unit\u00e9 \u00abgestion des implantations\u00bb, services de relocalisation, vente et marketing, RH; CIT<\/li>\r\n<\/ul>[\/et_pb_text][\/et_pb_column][et_pb_column type=&#8221;1_4&#8243; _builder_version=&#8221;4.4.3&#8243;][et_pb_image src=&#8221;https:\/\/sgierpartner.ch\/wp-content\/uploads\/\/Sgier-Partner-B\u00fcros2-1-500&#215;500.jpg&#8221; alt=&#8221;Office Sgier + Partner Swiss immigration+relocation&#8221; title_text=&#8221;Office Pictures of Sgier and Partner in Zurich, Switzerland&#8221; _builder_version=&#8221;4.4.7&#8243;][\/et_pb_image][et_pb_text _builder_version=&#8221;4.4.3&#8243;]<strong>l&#8217;accueil et les bureaux \u00e0 Zurich<\/strong>\r\n\r\nPhotos by Goran Potkonjak, courtesy of OOS AG[\/et_pb_text][et_pb_image src=&#8221;https:\/\/sgierpartner.ch\/wp-content\/uploads\/\/Sgier-Partner-B\u00fcros1-1-500&#215;500.jpg&#8221; alt=&#8221;Office Sgier + Partner Swiss immigration+relocation&#8221; title_text=&#8221;Office Pictures of Sgier and Partner in Zurich, Switzerland&#8221; _builder_version=&#8221;4.4.7&#8243;][\/et_pb_image][et_pb_image src=&#8221;https:\/\/sgierpartner.ch\/wp-content\/uploads\/\/Sgier-Partner-B\u00fcros3-1-500&#215;500.jpg&#8221; alt=&#8221;Office Sgier + Partner Swiss immigration+relocation services&#8221; title_text=&#8221;Office Pictures of Sgier and Partner in Zurich, Switzerland&#8221; _builder_version=&#8221;4.4.7&#8243;][\/et_pb_image][\/et_pb_column][\/et_pb_row][\/et_pb_section]\n","protected":false},"excerpt":{"rendered":"<p>Sgier + Partner emploie plus de 15 collaborateurs en Suisse. Notre rayonnement pour attirer les meilleurs sp\u00e9cialistes de l\u2019immigration et de la relocalisation est d\u00e9cisif pour le succ\u00e8s de Sgier + Partner et donc pour nos clients.<\/p>\n","protected":false},"author":1,"featured_media":3178,"parent":0,"menu_order":0,"comment_status":"closed","ping_status":"closed","template":"","meta":{"_et_pb_use_builder":"on","_et_pb_old_content":"","_et_gb_content_width":"","footnotes":""},"wf_page_folders":[88],"class_list":["post-4845","page","type-page","status-publish","has-post-thumbnail","hentry"],"yoast_head":"<!-- This site is optimized with the Yoast SEO plugin v27.4 - https:\/\/yoast.com\/product\/yoast-seo-wordpress\/ -->\n<title>Sp\u00e9cialistes de l\u2019immigration et de la relocalisation - Workpermit + Arbeitsbewilligungen Spezialist<\/title>\n<meta name=\"description\" content=\"Sgier + Partner est une entreprise leader dans la fourniture de services d\u2019immigration et de relocalisation.\" \/>\n<meta name=\"robots\" content=\"index, follow, max-snippet:-1, max-image-preview:large, max-video-preview:-1\" \/>\n<link rel=\"canonical\" href=\"https:\/\/sgierpartner.ch\/fr\/equipe\/\" \/>\n<meta property=\"og:locale\" content=\"fr_FR\" \/>\n<meta property=\"og:type\" content=\"article\" \/>\n<meta property=\"og:title\" content=\"Sp\u00e9cialistes de l\u2019immigration et de la relocalisation - Workpermit + Arbeitsbewilligungen Spezialist\" \/>\n<meta property=\"og:description\" content=\"Sgier + Partner est une entreprise leader dans la fourniture de services d\u2019immigration et de relocalisation.\" \/>\n<meta property=\"og:url\" content=\"https:\/\/sgierpartner.ch\/fr\/equipe\/\" \/>\n<meta property=\"og:site_name\" content=\"Workpermit + Arbeitsbewilligungen Spezialist\" \/>\n<meta property=\"article:modified_time\" content=\"2021-06-07T13:19:58+00:00\" \/>\n<meta property=\"og:image\" content=\"https:\/\/sgierpartner.ch\/wp-content\/uploads\/Team-Immigration-Services-1.jpg\" \/>\n\t<meta property=\"og:image:width\" content=\"1600\" \/>\n\t<meta property=\"og:image:height\" content=\"900\" \/>\n\t<meta property=\"og:image:type\" content=\"image\/jpeg\" \/>\n<meta name=\"twitter:card\" content=\"summary_large_image\" \/>\n<meta name=\"twitter:label1\" content=\"Dur\u00e9e de lecture estim\u00e9e\" \/>\n\t<meta name=\"twitter:data1\" content=\"3 minutes\" \/>\n<script type=\"application\/ld+json\" class=\"yoast-schema-graph\">{\"@context\":\"https:\\\/\\\/schema.org\",\"@graph\":[{\"@type\":\"WebPage\",\"@id\":\"https:\\\/\\\/sgierpartner.ch\\\/fr\\\/equipe\\\/\",\"url\":\"https:\\\/\\\/sgierpartner.ch\\\/fr\\\/equipe\\\/\",\"name\":\"Sp\u00e9cialistes de l\u2019immigration et de la relocalisation - Workpermit + Arbeitsbewilligungen Spezialist\",\"isPartOf\":{\"@id\":\"https:\\\/\\\/sgierpartner.ch\\\/fr\\\/#website\"},\"primaryImageOfPage\":{\"@id\":\"https:\\\/\\\/sgierpartner.ch\\\/fr\\\/equipe\\\/#primaryimage\"},\"image\":{\"@id\":\"https:\\\/\\\/sgierpartner.ch\\\/fr\\\/equipe\\\/#primaryimage\"},\"thumbnailUrl\":\"https:\\\/\\\/sgierpartner.ch\\\/wp-content\\\/uploads\\\/Team-Immigration-Services-1.jpg\",\"datePublished\":\"2020-05-21T07:36:02+00:00\",\"dateModified\":\"2021-06-07T13:19:58+00:00\",\"description\":\"Sgier + Partner est une entreprise leader dans la fourniture de services d\u2019immigration et de relocalisation.\",\"breadcrumb\":{\"@id\":\"https:\\\/\\\/sgierpartner.ch\\\/fr\\\/equipe\\\/#breadcrumb\"},\"inLanguage\":\"fr-FR\",\"potentialAction\":[{\"@type\":\"ReadAction\",\"target\":[\"https:\\\/\\\/sgierpartner.ch\\\/fr\\\/equipe\\\/\"]}]},{\"@type\":\"ImageObject\",\"inLanguage\":\"fr-FR\",\"@id\":\"https:\\\/\\\/sgierpartner.ch\\\/fr\\\/equipe\\\/#primaryimage\",\"url\":\"https:\\\/\\\/sgierpartner.ch\\\/wp-content\\\/uploads\\\/Team-Immigration-Services-1.jpg\",\"contentUrl\":\"https:\\\/\\\/sgierpartner.ch\\\/wp-content\\\/uploads\\\/Team-Immigration-Services-1.jpg\",\"width\":1600,\"height\":900,\"caption\":\"swiss immigration + relocation services in Switzerland: Zurich, Geneva, Zug, Lugano, Basle, Berne, Lausanne\"},{\"@type\":\"BreadcrumbList\",\"@id\":\"https:\\\/\\\/sgierpartner.ch\\\/fr\\\/equipe\\\/#breadcrumb\",\"itemListElement\":[{\"@type\":\"ListItem\",\"position\":1,\"name\":\"Startseite\",\"item\":\"https:\\\/\\\/sgierpartner.ch\\\/fr\\\/\"},{\"@type\":\"ListItem\",\"position\":2,\"name\":\"Propri\u00e9taire\"}]},{\"@type\":\"WebSite\",\"@id\":\"https:\\\/\\\/sgierpartner.ch\\\/fr\\\/#website\",\"url\":\"https:\\\/\\\/sgierpartner.ch\\\/fr\\\/\",\"name\":\"Sgier+Partner\",\"description\":\"swiss immigration+relocation\",\"publisher\":{\"@id\":\"https:\\\/\\\/sgierpartner.ch\\\/fr\\\/#organization\"},\"potentialAction\":[{\"@type\":\"SearchAction\",\"target\":{\"@type\":\"EntryPoint\",\"urlTemplate\":\"https:\\\/\\\/sgierpartner.ch\\\/fr\\\/?s={search_term_string}\"},\"query-input\":{\"@type\":\"PropertyValueSpecification\",\"valueRequired\":true,\"valueName\":\"search_term_string\"}}],\"inLanguage\":\"fr-FR\"},{\"@type\":\"Organization\",\"@id\":\"https:\\\/\\\/sgierpartner.ch\\\/fr\\\/#organization\",\"name\":\"Sgier + Partner GmbH\",\"url\":\"https:\\\/\\\/sgierpartner.ch\\\/fr\\\/\",\"logo\":{\"@type\":\"ImageObject\",\"inLanguage\":\"fr-FR\",\"@id\":\"https:\\\/\\\/sgierpartner.ch\\\/fr\\\/#\\\/schema\\\/logo\\\/image\\\/\",\"url\":\"https:\\\/\\\/sgierpartner.ch\\\/wp-content\\\/uploads\\\/SP-Logo-Footer-farbig.png\",\"contentUrl\":\"https:\\\/\\\/sgierpartner.ch\\\/wp-content\\\/uploads\\\/SP-Logo-Footer-farbig.png\",\"width\":2058,\"height\":326,\"caption\":\"Sgier + Partner GmbH\"},\"image\":{\"@id\":\"https:\\\/\\\/sgierpartner.ch\\\/fr\\\/#\\\/schema\\\/logo\\\/image\\\/\"}}]}<\/script>\n<!-- \/ Yoast SEO plugin. -->","yoast_head_json":{"title":"Sp\u00e9cialistes de l\u2019immigration et de la relocalisation - Workpermit + Arbeitsbewilligungen Spezialist","description":"Sgier + Partner est une entreprise leader dans la fourniture de services d\u2019immigration et de relocalisation.","robots":{"index":"index","follow":"follow","max-snippet":"max-snippet:-1","max-image-preview":"max-image-preview:large","max-video-preview":"max-video-preview:-1"},"canonical":"https:\/\/sgierpartner.ch\/fr\/equipe\/","og_locale":"fr_FR","og_type":"article","og_title":"Sp\u00e9cialistes de l\u2019immigration et de la relocalisation - Workpermit + Arbeitsbewilligungen Spezialist","og_description":"Sgier + Partner est une entreprise leader dans la fourniture de services d\u2019immigration et de relocalisation.","og_url":"https:\/\/sgierpartner.ch\/fr\/equipe\/","og_site_name":"Workpermit + Arbeitsbewilligungen Spezialist","article_modified_time":"2021-06-07T13:19:58+00:00","og_image":[{"width":1600,"height":900,"url":"https:\/\/sgierpartner.ch\/wp-content\/uploads\/Team-Immigration-Services-1.jpg","type":"image\/jpeg"}],"twitter_card":"summary_large_image","twitter_misc":{"Dur\u00e9e de lecture estim\u00e9e":"3 minutes"},"schema":{"@context":"https:\/\/schema.org","@graph":[{"@type":"WebPage","@id":"https:\/\/sgierpartner.ch\/fr\/equipe\/","url":"https:\/\/sgierpartner.ch\/fr\/equipe\/","name":"Sp\u00e9cialistes de l\u2019immigration et de la relocalisation - Workpermit + Arbeitsbewilligungen Spezialist","isPartOf":{"@id":"https:\/\/sgierpartner.ch\/fr\/#website"},"primaryImageOfPage":{"@id":"https:\/\/sgierpartner.ch\/fr\/equipe\/#primaryimage"},"image":{"@id":"https:\/\/sgierpartner.ch\/fr\/equipe\/#primaryimage"},"thumbnailUrl":"https:\/\/sgierpartner.ch\/wp-content\/uploads\/Team-Immigration-Services-1.jpg","datePublished":"2020-05-21T07:36:02+00:00","dateModified":"2021-06-07T13:19:58+00:00","description":"Sgier + Partner est une entreprise leader dans la fourniture de services d\u2019immigration et de relocalisation.","breadcrumb":{"@id":"https:\/\/sgierpartner.ch\/fr\/equipe\/#breadcrumb"},"inLanguage":"fr-FR","potentialAction":[{"@type":"ReadAction","target":["https:\/\/sgierpartner.ch\/fr\/equipe\/"]}]},{"@type":"ImageObject","inLanguage":"fr-FR","@id":"https:\/\/sgierpartner.ch\/fr\/equipe\/#primaryimage","url":"https:\/\/sgierpartner.ch\/wp-content\/uploads\/Team-Immigration-Services-1.jpg","contentUrl":"https:\/\/sgierpartner.ch\/wp-content\/uploads\/Team-Immigration-Services-1.jpg","width":1600,"height":900,"caption":"swiss immigration + relocation services in Switzerland: Zurich, Geneva, Zug, Lugano, Basle, Berne, Lausanne"},{"@type":"BreadcrumbList","@id":"https:\/\/sgierpartner.ch\/fr\/equipe\/#breadcrumb","itemListElement":[{"@type":"ListItem","position":1,"name":"Startseite","item":"https:\/\/sgierpartner.ch\/fr\/"},{"@type":"ListItem","position":2,"name":"Propri\u00e9taire"}]},{"@type":"WebSite","@id":"https:\/\/sgierpartner.ch\/fr\/#website","url":"https:\/\/sgierpartner.ch\/fr\/","name":"Sgier+Partner","description":"swiss immigration+relocation","publisher":{"@id":"https:\/\/sgierpartner.ch\/fr\/#organization"},"potentialAction":[{"@type":"SearchAction","target":{"@type":"EntryPoint","urlTemplate":"https:\/\/sgierpartner.ch\/fr\/?s={search_term_string}"},"query-input":{"@type":"PropertyValueSpecification","valueRequired":true,"valueName":"search_term_string"}}],"inLanguage":"fr-FR"},{"@type":"Organization","@id":"https:\/\/sgierpartner.ch\/fr\/#organization","name":"Sgier + Partner GmbH","url":"https:\/\/sgierpartner.ch\/fr\/","logo":{"@type":"ImageObject","inLanguage":"fr-FR","@id":"https:\/\/sgierpartner.ch\/fr\/#\/schema\/logo\/image\/","url":"https:\/\/sgierpartner.ch\/wp-content\/uploads\/SP-Logo-Footer-farbig.png","contentUrl":"https:\/\/sgierpartner.ch\/wp-content\/uploads\/SP-Logo-Footer-farbig.png","width":2058,"height":326,"caption":"Sgier + Partner GmbH"},"image":{"@id":"https:\/\/sgierpartner.ch\/fr\/#\/schema\/logo\/image\/"}}]}},"_links":{"self":[{"href":"https:\/\/sgierpartner.ch\/fr\/wp-json\/wp\/v2\/pages\/4845","targetHints":{"allow":["GET"]}}],"collection":[{"href":"https:\/\/sgierpartner.ch\/fr\/wp-json\/wp\/v2\/pages"}],"about":[{"href":"https:\/\/sgierpartner.ch\/fr\/wp-json\/wp\/v2\/types\/page"}],"author":[{"embeddable":true,"href":"https:\/\/sgierpartner.ch\/fr\/wp-json\/wp\/v2\/users\/1"}],"replies":[{"embeddable":true,"href":"https:\/\/sgierpartner.ch\/fr\/wp-json\/wp\/v2\/comments?post=4845"}],"version-history":[{"count":0,"href":"https:\/\/sgierpartner.ch\/fr\/wp-json\/wp\/v2\/pages\/4845\/revisions"}],"wp:featuredmedia":[{"embeddable":true,"href":"https:\/\/sgierpartner.ch\/fr\/wp-json\/wp\/v2\/media\/3178"}],"wp:attachment":[{"href":"https:\/\/sgierpartner.ch\/fr\/wp-json\/wp\/v2\/media?parent=4845"}],"wp:term":[{"taxonomy":"wf_page_folders","embeddable":true,"href":"https:\/\/sgierpartner.ch\/fr\/wp-json\/wp\/v2\/wf_page_folders?post=4845"}],"curies":[{"name":"wp","href":"https:\/\/api.w.org\/{rel}","templated":true}]}}