{"id":4855,"date":"2020-05-21T10:11:04","date_gmt":"2020-05-21T08:11:04","guid":{"rendered":"http:\/\/975ciacxzt.preview.infomaniak.website\/sgierpartner\/modele-de-prix-externalisation\/"},"modified":"2021-05-25T22:58:42","modified_gmt":"2021-05-25T20:58:42","slug":"modele-de-prix-externalisation","status":"publish","type":"page","link":"https:\/\/sgierpartner.ch\/fr\/modele-de-prix-externalisation\/","title":{"rendered":"Mod\u00e8le de prix \/ externalisation"},"content":{"rendered":"<p>[et_pb_section fb_built=&#8221;1&#8243; fullwidth=&#8221;on&#8221; _builder_version=&#8221;4.4.3&#8243;][et_pb_fullwidth_image src=&#8221;https:\/\/sgierpartner.ch\/wp-content\/uploads\/Berge-immigration-relocation-schweiz-2.jpg&#8221; _builder_version=&#8221;4.4.3&#8243;][\/et_pb_fullwidth_image][\/et_pb_section][et_pb_section fb_built=&#8221;1&#8243; _builder_version=&#8221;4.4.3&#8243;][et_pb_row _builder_version=&#8221;4.4.3&#8243; custom_margin=&#8221;0px||||false|false&#8221;][et_pb_column type=&#8221;4_4&#8243; _builder_version=&#8221;4.4.3&#8243;][et_pb_text _builder_version=&#8221;4.4.3&#8243; custom_margin=&#8221;||||false|false&#8221;]<\/p>\n<h1 class=\"ce_headline first\">Mod\u00e8le de prix \/ externalisation<\/h1>\n<p>[\/et_pb_text][et_pb_menu menu_id=&#8221;45&#8243; disabled_on=&#8221;on|on|off&#8221; _builder_version=&#8221;4.4.3&#8243;][\/et_pb_menu][\/et_pb_column][\/et_pb_row][et_pb_row column_structure=&#8221;3_5,2_5&#8243; _builder_version=&#8221;4.4.3&#8243;][et_pb_column type=&#8221;3_5&#8243; _builder_version=&#8221;4.4.3&#8243;][et_pb_text _builder_version=&#8221;4.4.3&#8243;]<\/p>\n<h4>Pourquoi et comment profiter d\u2019un rapport prix\/prestation optimal.<\/h4>\n<p>Pour que les choses soient claires d\u00e8s le d\u00e9but et pour que vous soyez \u00e0 m\u00eame de dresser vos budgets, nous vous proposons nos solutions \u00e0 des prix fixes. Ces prix d\u00e9pendent du nombre et de la nature des autorisations. Si vous comparez notre offre de prestations \u00e0 prix fixes aux frais jusque-l\u00e0 effectivement encourus, vous serez rapidement convaincus par les avantages d\u2019une externalisation de ces travaux. En fonction de vos besoins, nous vous aidons volontiers \u00e0 conclure des conventions cadres sp\u00e9cifiques pour de grands projets. Nous sommes \u00e9galement \u00e0 votre disposition si vous envisagez d\u2019externaliser enti\u00e8rement ces services en nous les confiant. Si vous pr\u00e9f\u00e9rez des prestations de conseils sp\u00e9cifiques, nous travaillons \u00e9galement \u00e0 fa\u00e7on pour un tarif horaire convenu. Pour des raisons de confidentialit\u00e9, nous ne publions pas nos prix sur Internet.<\/p>\n<p>[\/et_pb_text][et_pb_button button_url=&#8221;@ET-DC@eyJkeW5hbWljIjp0cnVlLCJjb250ZW50IjoicG9zdF9saW5rX3VybF9wYWdlIiwic2V0dGluZ3MiOnsicG9zdF9pZCI6IjIwMjkifX0=@&#8221; button_text=&#8221;Demandez nos offres&#8221; _builder_version=&#8221;4.4.6&#8243; _dynamic_attributes=&#8221;button_url&#8221; button_bg_color=&#8221;#011ca7&#8243; custom_margin=&#8221;50px||50px||false|false&#8221;][\/et_pb_button][et_pb_image src=&#8221;https:\/\/sgierpartner.ch\/wp-content\/uploads\/Preismodell-immigration-relocation-schweiz-1.png&#8221; alt=&#8221;Profiter d\u2019un rapport prix\/prestation optimal | Sgier + Partner, Z\u00fcrich&#8221; title_text=&#8221;Sgier + Partner | swiss immigration + relocation services&#8221; _builder_version=&#8221;4.4.7&#8243; src__hover_enabled=&#8221;on|desktop&#8221; src__hover=&#8221;&#8221;][\/et_pb_image][\/et_pb_column][et_pb_column type=&#8221;2_5&#8243; _builder_version=&#8221;4.4.3&#8243;][et_pb_cta title=&#8221;Book an Immigration Case Assessment&#8221; button_url=&#8221;@ET-DC@eyJkeW5hbWljIjp0cnVlLCJjb250ZW50IjoicG9zdF9saW5rX3VybF9wYWdlIiwic2V0dGluZ3MiOnsicG9zdF9pZCI6IjYxOTAifX0=@&#8221; button_text=&#8221;Read more&#8221; disabled_on=&#8221;off|off|off&#8221; _builder_version=&#8221;4.9.4&#8243; _dynamic_attributes=&#8221;button_url&#8221; _module_preset=&#8221;default&#8221; custom_button=&#8221;on&#8221; button_text_color=&#8221;#4361EE&#8221; button_bg_color=&#8221;#FFFFFF&#8221; button_border_width=&#8221;0px&#8221; button_border_radius=&#8221;12px&#8221; custom_padding=&#8221;||20px||false|false&#8221; hover_enabled=&#8221;0&#8243; button_text_color__hover_enabled=&#8221;on|desktop&#8221; sticky_enabled=&#8221;0&#8243;]<\/p>\n<p>Do you want to find out if you\u2019re allowed to live and work in Switzerland?<\/p>\n<p>[\/et_pb_cta][et_pb_text _builder_version=&#8221;4.4.6&#8243;]<\/p>\n<blockquote><p>Sgier + Partner a dej\u00e0 obtenu plus de 30.000 permis de travail et de s\u00e9jour pour ses clients en Suisse.<\/p><\/blockquote>\n<p>[\/et_pb_text][et_pb_testimonial author=&#8221;Soci\u00e9t\u00e9 de consultance informatique ayant son si\u00e8ge \u00e0 Zurich&#8221; _builder_version=&#8221;4.4.3&#8243;]<\/p>\n<p>\u00abLes services d\u2019immigration sont critiques pour nos affaires. Gr\u00e2ce \u00e0 Sgier + Partner, nos attentes \u00e9lev\u00e9es seront encore d\u00e9pass\u00e9es\u00bb.<\/p>\n<p>[\/et_pb_testimonial][\/et_pb_column][\/et_pb_row][\/et_pb_section]<\/p>\n","protected":false},"excerpt":{"rendered":"<p>Sgier + Partner travaille avec un mod\u00e8le \u00e0 prix fixes, ce qui vous permet de b\u00e9n\u00e9ficier en tout temps d\u2019une transparence totale et de dresser vos budgets avec pr\u00e9cision. Renseignez-vous sur nos int\u00e9ressantes possibilit\u00e9s d\u2019externalisation.<\/p>\n","protected":false},"author":1,"featured_media":0,"parent":0,"menu_order":0,"comment_status":"closed","ping_status":"closed","template":"","meta":{"_et_pb_use_builder":"on","_et_pb_old_content":"","_et_gb_content_width":"","footnotes":""},"wf_page_folders":[86],"class_list":["post-4855","page","type-page","status-publish","hentry"],"yoast_head":"<!-- This site is optimized with the Yoast SEO plugin v27.4 - https:\/\/yoast.com\/product\/yoast-seo-wordpress\/ -->\n<title>Permis de travail - prix\/prestation optimal - Workpermit + Arbeitsbewilligungen Spezialist<\/title>\n<meta name=\"description\" content=\"Pour que les choses soient claires d\u00e8s le d\u00e9but et pour que vous soyez \u00e0 m\u00eame de dresser vos budgets, nous vous proposons nos solutions \u00e0 des prix fixes.\" \/>\n<meta name=\"robots\" content=\"index, follow, max-snippet:-1, max-image-preview:large, max-video-preview:-1\" \/>\n<link rel=\"canonical\" href=\"https:\/\/sgierpartner.ch\/fr\/modele-de-prix-externalisation\/\" \/>\n<meta property=\"og:locale\" content=\"fr_FR\" \/>\n<meta property=\"og:type\" content=\"article\" \/>\n<meta property=\"og:title\" content=\"Permis de travail - prix\/prestation optimal - Workpermit + Arbeitsbewilligungen Spezialist\" \/>\n<meta property=\"og:description\" content=\"Pour que les choses soient claires d\u00e8s le d\u00e9but et pour que vous soyez \u00e0 m\u00eame de dresser vos budgets, nous vous proposons nos solutions \u00e0 des prix fixes.\" \/>\n<meta property=\"og:url\" content=\"https:\/\/sgierpartner.ch\/fr\/modele-de-prix-externalisation\/\" \/>\n<meta property=\"og:site_name\" content=\"Workpermit + Arbeitsbewilligungen Spezialist\" \/>\n<meta property=\"article:modified_time\" content=\"2021-05-25T20:58:42+00:00\" \/>\n<meta name=\"twitter:card\" content=\"summary_large_image\" \/>\n<meta name=\"twitter:label1\" content=\"Dur\u00e9e de lecture estim\u00e9e\" \/>\n\t<meta name=\"twitter:data1\" content=\"3 minutes\" \/>\n<script type=\"application\/ld+json\" class=\"yoast-schema-graph\">{\"@context\":\"https:\\\/\\\/schema.org\",\"@graph\":[{\"@type\":\"WebPage\",\"@id\":\"https:\\\/\\\/sgierpartner.ch\\\/fr\\\/modele-de-prix-externalisation\\\/\",\"url\":\"https:\\\/\\\/sgierpartner.ch\\\/fr\\\/modele-de-prix-externalisation\\\/\",\"name\":\"Permis de travail - prix\\\/prestation optimal - Workpermit + Arbeitsbewilligungen Spezialist\",\"isPartOf\":{\"@id\":\"https:\\\/\\\/sgierpartner.ch\\\/fr\\\/#website\"},\"datePublished\":\"2020-05-21T08:11:04+00:00\",\"dateModified\":\"2021-05-25T20:58:42+00:00\",\"description\":\"Pour que les choses soient claires d\u00e8s le d\u00e9but et pour que vous soyez \u00e0 m\u00eame de dresser vos budgets, nous vous proposons nos solutions \u00e0 des prix fixes.\",\"breadcrumb\":{\"@id\":\"https:\\\/\\\/sgierpartner.ch\\\/fr\\\/modele-de-prix-externalisation\\\/#breadcrumb\"},\"inLanguage\":\"fr-FR\",\"potentialAction\":[{\"@type\":\"ReadAction\",\"target\":[\"https:\\\/\\\/sgierpartner.ch\\\/fr\\\/modele-de-prix-externalisation\\\/\"]}]},{\"@type\":\"BreadcrumbList\",\"@id\":\"https:\\\/\\\/sgierpartner.ch\\\/fr\\\/modele-de-prix-externalisation\\\/#breadcrumb\",\"itemListElement\":[{\"@type\":\"ListItem\",\"position\":1,\"name\":\"Startseite\",\"item\":\"https:\\\/\\\/sgierpartner.ch\\\/fr\\\/\"},{\"@type\":\"ListItem\",\"position\":2,\"name\":\"Mod\u00e8le de prix \\\/ externalisation\"}]},{\"@type\":\"WebSite\",\"@id\":\"https:\\\/\\\/sgierpartner.ch\\\/fr\\\/#website\",\"url\":\"https:\\\/\\\/sgierpartner.ch\\\/fr\\\/\",\"name\":\"Sgier+Partner\",\"description\":\"swiss immigration+relocation\",\"publisher\":{\"@id\":\"https:\\\/\\\/sgierpartner.ch\\\/fr\\\/#organization\"},\"potentialAction\":[{\"@type\":\"SearchAction\",\"target\":{\"@type\":\"EntryPoint\",\"urlTemplate\":\"https:\\\/\\\/sgierpartner.ch\\\/fr\\\/?s={search_term_string}\"},\"query-input\":{\"@type\":\"PropertyValueSpecification\",\"valueRequired\":true,\"valueName\":\"search_term_string\"}}],\"inLanguage\":\"fr-FR\"},{\"@type\":\"Organization\",\"@id\":\"https:\\\/\\\/sgierpartner.ch\\\/fr\\\/#organization\",\"name\":\"Sgier + Partner GmbH\",\"url\":\"https:\\\/\\\/sgierpartner.ch\\\/fr\\\/\",\"logo\":{\"@type\":\"ImageObject\",\"inLanguage\":\"fr-FR\",\"@id\":\"https:\\\/\\\/sgierpartner.ch\\\/fr\\\/#\\\/schema\\\/logo\\\/image\\\/\",\"url\":\"https:\\\/\\\/sgierpartner.ch\\\/wp-content\\\/uploads\\\/SP-Logo-Footer-farbig.png\",\"contentUrl\":\"https:\\\/\\\/sgierpartner.ch\\\/wp-content\\\/uploads\\\/SP-Logo-Footer-farbig.png\",\"width\":2058,\"height\":326,\"caption\":\"Sgier + Partner GmbH\"},\"image\":{\"@id\":\"https:\\\/\\\/sgierpartner.ch\\\/fr\\\/#\\\/schema\\\/logo\\\/image\\\/\"}}]}<\/script>\n<!-- \/ Yoast SEO plugin. -->","yoast_head_json":{"title":"Permis de travail - prix\/prestation optimal - Workpermit + Arbeitsbewilligungen Spezialist","description":"Pour que les choses soient claires d\u00e8s le d\u00e9but et pour que vous soyez \u00e0 m\u00eame de dresser vos budgets, nous vous proposons nos solutions \u00e0 des prix fixes.","robots":{"index":"index","follow":"follow","max-snippet":"max-snippet:-1","max-image-preview":"max-image-preview:large","max-video-preview":"max-video-preview:-1"},"canonical":"https:\/\/sgierpartner.ch\/fr\/modele-de-prix-externalisation\/","og_locale":"fr_FR","og_type":"article","og_title":"Permis de travail - prix\/prestation optimal - Workpermit + Arbeitsbewilligungen Spezialist","og_description":"Pour que les choses soient claires d\u00e8s le d\u00e9but et pour que vous soyez \u00e0 m\u00eame de dresser vos budgets, nous vous proposons nos solutions \u00e0 des prix fixes.","og_url":"https:\/\/sgierpartner.ch\/fr\/modele-de-prix-externalisation\/","og_site_name":"Workpermit + Arbeitsbewilligungen Spezialist","article_modified_time":"2021-05-25T20:58:42+00:00","twitter_card":"summary_large_image","twitter_misc":{"Dur\u00e9e de lecture estim\u00e9e":"3 minutes"},"schema":{"@context":"https:\/\/schema.org","@graph":[{"@type":"WebPage","@id":"https:\/\/sgierpartner.ch\/fr\/modele-de-prix-externalisation\/","url":"https:\/\/sgierpartner.ch\/fr\/modele-de-prix-externalisation\/","name":"Permis de travail - prix\/prestation optimal - Workpermit + Arbeitsbewilligungen Spezialist","isPartOf":{"@id":"https:\/\/sgierpartner.ch\/fr\/#website"},"datePublished":"2020-05-21T08:11:04+00:00","dateModified":"2021-05-25T20:58:42+00:00","description":"Pour que les choses soient claires d\u00e8s le d\u00e9but et pour que vous soyez \u00e0 m\u00eame de dresser vos budgets, nous vous proposons nos solutions \u00e0 des prix fixes.","breadcrumb":{"@id":"https:\/\/sgierpartner.ch\/fr\/modele-de-prix-externalisation\/#breadcrumb"},"inLanguage":"fr-FR","potentialAction":[{"@type":"ReadAction","target":["https:\/\/sgierpartner.ch\/fr\/modele-de-prix-externalisation\/"]}]},{"@type":"BreadcrumbList","@id":"https:\/\/sgierpartner.ch\/fr\/modele-de-prix-externalisation\/#breadcrumb","itemListElement":[{"@type":"ListItem","position":1,"name":"Startseite","item":"https:\/\/sgierpartner.ch\/fr\/"},{"@type":"ListItem","position":2,"name":"Mod\u00e8le de prix \/ externalisation"}]},{"@type":"WebSite","@id":"https:\/\/sgierpartner.ch\/fr\/#website","url":"https:\/\/sgierpartner.ch\/fr\/","name":"Sgier+Partner","description":"swiss immigration+relocation","publisher":{"@id":"https:\/\/sgierpartner.ch\/fr\/#organization"},"potentialAction":[{"@type":"SearchAction","target":{"@type":"EntryPoint","urlTemplate":"https:\/\/sgierpartner.ch\/fr\/?s={search_term_string}"},"query-input":{"@type":"PropertyValueSpecification","valueRequired":true,"valueName":"search_term_string"}}],"inLanguage":"fr-FR"},{"@type":"Organization","@id":"https:\/\/sgierpartner.ch\/fr\/#organization","name":"Sgier + Partner GmbH","url":"https:\/\/sgierpartner.ch\/fr\/","logo":{"@type":"ImageObject","inLanguage":"fr-FR","@id":"https:\/\/sgierpartner.ch\/fr\/#\/schema\/logo\/image\/","url":"https:\/\/sgierpartner.ch\/wp-content\/uploads\/SP-Logo-Footer-farbig.png","contentUrl":"https:\/\/sgierpartner.ch\/wp-content\/uploads\/SP-Logo-Footer-farbig.png","width":2058,"height":326,"caption":"Sgier + Partner GmbH"},"image":{"@id":"https:\/\/sgierpartner.ch\/fr\/#\/schema\/logo\/image\/"}}]}},"_links":{"self":[{"href":"https:\/\/sgierpartner.ch\/fr\/wp-json\/wp\/v2\/pages\/4855","targetHints":{"allow":["GET"]}}],"collection":[{"href":"https:\/\/sgierpartner.ch\/fr\/wp-json\/wp\/v2\/pages"}],"about":[{"href":"https:\/\/sgierpartner.ch\/fr\/wp-json\/wp\/v2\/types\/page"}],"author":[{"embeddable":true,"href":"https:\/\/sgierpartner.ch\/fr\/wp-json\/wp\/v2\/users\/1"}],"replies":[{"embeddable":true,"href":"https:\/\/sgierpartner.ch\/fr\/wp-json\/wp\/v2\/comments?post=4855"}],"version-history":[{"count":0,"href":"https:\/\/sgierpartner.ch\/fr\/wp-json\/wp\/v2\/pages\/4855\/revisions"}],"wp:attachment":[{"href":"https:\/\/sgierpartner.ch\/fr\/wp-json\/wp\/v2\/media?parent=4855"}],"wp:term":[{"taxonomy":"wf_page_folders","embeddable":true,"href":"https:\/\/sgierpartner.ch\/fr\/wp-json\/wp\/v2\/wf_page_folders?post=4855"}],"curies":[{"name":"wp","href":"https:\/\/api.w.org\/{rel}","templated":true}]}}