{"id":4867,"date":"2020-05-21T11:35:57","date_gmt":"2020-05-21T09:35:57","guid":{"rendered":"http:\/\/975ciacxzt.preview.infomaniak.website\/sgierpartner\/permit24\/"},"modified":"2020-06-14T09:57:18","modified_gmt":"2020-06-14T07:57:18","slug":"permit24","status":"publish","type":"page","link":"https:\/\/sgierpartner.ch\/fr\/permit24\/","title":{"rendered":"Permit24\u00ae"},"content":{"rendered":"<p>[et_pb_section fb_built=&#8221;1&#8243; fullwidth=&#8221;on&#8221; _builder_version=&#8221;4.4.3&#8243;][et_pb_fullwidth_image src=&#8221;https:\/\/sgierpartner.ch\/wp-content\/uploads\/Permit24-immigration-switzerland-2.jpg&#8221; alt=&#8221;Permit24 ist die Software von Sgier + Partner f\u00fcr Arbeitsbewilligungen&#8221; title_text=&#8221;Permit24 Software | swiss immigration+relocation&#8221; _builder_version=&#8221;4.4.7&#8243;][\/et_pb_fullwidth_image][\/et_pb_section][et_pb_section fb_built=&#8221;1&#8243; _builder_version=&#8221;4.4.3&#8243;][et_pb_row _builder_version=&#8221;4.4.3&#8243; custom_margin=&#8221;0px||||false|false&#8221;][et_pb_column type=&#8221;4_4&#8243; _builder_version=&#8221;4.4.3&#8243;][et_pb_text _builder_version=&#8221;4.4.3&#8243; custom_margin=&#8221;||||false|false&#8221;]<\/p>\n<h1 class=\"ce_headline first\">Permit24\u00ae &#8211; le moyen le plus efficace d\u2019obtenir un permis de travail en Suisse<\/h1>\n<p>[\/et_pb_text][et_pb_menu menu_id=&#8221;45&#8243; disabled_on=&#8221;on|off|off&#8221; _builder_version=&#8221;4.4.6&#8243;][\/et_pb_menu][\/et_pb_column][\/et_pb_row][et_pb_row column_structure=&#8221;3_4,1_4&#8243; _builder_version=&#8221;4.4.3&#8243;][et_pb_column type=&#8221;3_4&#8243; _builder_version=&#8221;4.4.3&#8243;][et_pb_text _builder_version=&#8221;4.4.6&#8243;]<\/p>\n<h4>Permit24\u00ae est une solution logicielle bas\u00e9e sur le web, d\u00e9velopp\u00e9e par Sgier + Partner et qui optimise l\u2019ensemble du processus d\u2019autorisation, l\u2019acc\u00e9l\u00e8re consid\u00e9rablement et pr\u00e9pare pour le client des donn\u00e9es de gestion qui garantissent un suivi complet, une transparence totale et des rapports \u00e9vocateurs, 24 heures sur 24 et 7 jours sur 7.<\/h4>\n<p>Permit24\u00ae contient toute l\u2019exp\u00e9rience que Sgier + Partner a concentr\u00e9e depuis sa cr\u00e9ation. Aujourd\u2019hui, celle-ci profite au client. Gr\u00e2ce aux \u00abfollow-up flags\u00bb automatis\u00e9s et incorpor\u00e9s, le processus \u00abend-to-end\u00bb peut \u00eatre mieux contr\u00f4l\u00e9 et donc raccourci.[\/et_pb_text][et_pb_image src=&#8221;https:\/\/sgierpartner.ch\/wp-content\/uploads\/permit24-process-fr-permis-de-travail-immigration-suisse.png&#8221; alt=&#8221;Permit24 process &#8211; permis de travail &#8211; immigration Suisse&#8221; title_text=&#8221;permit24-process-fr-permis de travail-immigration-suisse&#8221; show_in_lightbox=&#8221;on&#8221; _builder_version=&#8221;4.4.8&#8243; hover_enabled=&#8221;0&#8243;][\/et_pb_image][et_pb_blurb _builder_version=&#8221;4.4.6&#8243;]En outre, le client peut lui-m\u00eame d\u00e9clencher une commande en entrant directement\u00a0 dans le syst\u00e8me les donn\u00e9es individuelles requises, le type de permis et les informations compl\u00e9mentaires, ainsi qu\u2019en mettant ais\u00e9ment en ligne les documents y aff\u00e9rents tels que CV, copie du passeport, dipl\u00f4mes, lettres de r\u00e9f\u00e9rence, etc. Cette action peut \u00eatre d\u00e9clench\u00e9e \u00e0 partir de n\u2019importe quel endroit du monde. En quelques secondes, la commande appara\u00eet dans Permit24\u00ae et l\u2019\u00e9quipe Immigration de Sgier + Partner commence aussit\u00f4t le traitement du nouveau cas. Notre demande parvient alors aux autorit\u00e9s dans les 24 heures. Le client se contente de suivre l\u2019\u00e9volution de la proc\u00e9dure de la demande gr\u00e2ce \u00e0 Permit24\u00ae. Il est ainsi inform\u00e9 \u00e0 tout moment et peut planifier au mieux, et le collaborateur peut entrer en fonctions en Suisse \u00e0 temps. Les exigences du \u00abtime to market\u00bb sont ainsi id\u00e9alement remplies. Permit24\u00ae fournit toutes les donn\u00e9es de management au format Powerpoint \u00e0 la fin du mois ou d\u00e8s que le client le demande.[\/et_pb_blurb][et_pb_image src=&#8221;https:\/\/sgierpartner.ch\/wp-content\/uploads\/permit24-fr-permis-de-travail-immigration-suisse.png&#8221; alt=&#8221;permit24-fr-permis de travail-immigration-suisse&#8221; title_text=&#8221;permit24-fr-permis de travail-immigration-suisse&#8221; show_in_lightbox=&#8221;on&#8221; _builder_version=&#8221;4.4.8&#8243; hover_enabled=&#8221;0&#8243;][\/et_pb_image][et_pb_blurb _builder_version=&#8221;4.4.6&#8243; min_height=&#8221;auto&#8221; custom_margin=&#8221;0px||||false|false&#8221; custom_padding=&#8221;0px||||false|false&#8221;]C\u2019est avec plaisir que nous vous montrerons les avantages d\u2019une <strong>externalisation compl\u00e8te des services d\u2019immigration<\/strong> faisant appel \u00e0 Permit24\u00ae. Depuis l\u2019analyse de votre situation actuelle jusqu\u2019\u00e0 la mise en place op\u00e9rationnelle. Apprenez \u00e0 faire des \u00e9conomies, \u00e0 soulager votre d\u00e9partement des RH, tout en gardant une transparence et un contr\u00f4le absolus. De surcro\u00eet, nous vous montrerons comment notre approche acc\u00e9l\u00e8re la \u00abproc\u00e9dure d\u2019autorisation end-to-end\u00bb et comment vos collaborateurs peuvent commencer \u00e0 travailler plus rapidement en Suisse. L\u2019analyse <strong>\u00abtotal cost of services\u00bb<\/strong> vous convaincra. <strong>Parlez-nous en, cette analyse est gratuite pour vous<\/strong>[\/et_pb_blurb][\/et_pb_column][et_pb_column type=&#8221;1_4&#8243; _builder_version=&#8221;4.4.3&#8243;][et_pb_text _builder_version=&#8221;4.4.3&#8243;]Gr\u00e2ce \u00e0 Permit24\u00ae, votre demande d\u2019autorisation parvient \u00e0 l\u2019office comp\u00e9tent dans les 24 heures d\u00e9j\u00e0.[\/et_pb_text][et_pb_image src=&#8221;https:\/\/sgierpartner.ch\/wp-content\/uploads\/Permit24-Uhr-dunkel-aufenthaltsbewilligung-immigration-schweiz.png&#8221; alt=&#8221;Permit24 Software &#8211; Sgier + Partner Switzerland&#8221; title_text=&#8221;Permit24 Software &#8211; Sgier + Partner Switzerland&#8221; _builder_version=&#8221;4.4.7&#8243; width=&#8221;75%&#8221; custom_margin=&#8221;30px||||false|false&#8221;][\/et_pb_image][et_pb_button button_url=&#8221;@ET-DC@eyJkeW5hbWljIjp0cnVlLCJjb250ZW50IjoicG9zdF9saW5rX3VybF9wYWdlIiwic2V0dGluZ3MiOnsicG9zdF9pZCI6IjIwMjkifX0=@&#8221; button_text=&#8221;Permit24\u00ae brochure.&#8221; button_alignment=&#8221;left&#8221; _builder_version=&#8221;4.4.6&#8243; _dynamic_attributes=&#8221;button_url&#8221; button_bg_color=&#8221;#011ca7&#8243; custom_margin=&#8221;||100px||false|false&#8221;][\/et_pb_button][et_pb_image src=&#8221;https:\/\/sgierpartner.ch\/wp-content\/uploads\/Brosch\u00fcre-Permit24.jpg&#8221; alt=&#8221;Permit24 ist die Software f\u00fcr Arbeitsbewilligung von Sgier und Partner&#8221; title_text=&#8221;Permit24 Software | swiss immigration + relocation services&#8221; _builder_version=&#8221;4.4.7&#8243; max_width=&#8221;75%&#8221;][\/et_pb_image][\/et_pb_column][\/et_pb_row][\/et_pb_section]<\/p>\n","protected":false},"excerpt":{"rendered":"<p>Permit24\u00ae est une solution logicielle bas\u00e9e sur le web, d\u00e9velopp\u00e9e par Sgier + Partner et qui optimise l\u2019ensemble du processus d\u2019autorisation, l\u2019acc\u00e9l\u00e8re consid\u00e9rablement et pr\u00e9pare pour le client des donn\u00e9es de gestion qui garantissent un suivi complet, une transparence totale et des rapports \u00e9vocateurs, 24 heures sur 24 et 7 jours sur 7.<\/p>\n","protected":false},"author":1,"featured_media":3464,"parent":0,"menu_order":0,"comment_status":"closed","ping_status":"closed","template":"","meta":{"_et_pb_use_builder":"on","_et_pb_old_content":"","_et_gb_content_width":"","footnotes":""},"wf_page_folders":[],"class_list":["post-4867","page","type-page","status-publish","has-post-thumbnail","hentry"],"yoast_head":"<!-- This site is optimized with the Yoast SEO plugin v27.3 - https:\/\/yoast.com\/product\/yoast-seo-wordpress\/ -->\n<title>Logiciel qui optimise le processus d&#039;autorisation - Workpermit + Arbeitsbewilligungen Spezialist<\/title>\n<meta name=\"description\" content=\"Permit24 - un suivi complet, une transparence totale et des rapports \u00e9vocateurs.\" \/>\n<meta name=\"robots\" content=\"index, follow, max-snippet:-1, max-image-preview:large, max-video-preview:-1\" \/>\n<link rel=\"canonical\" href=\"https:\/\/sgierpartner.ch\/fr\/permit24\/\" \/>\n<meta property=\"og:locale\" content=\"fr_FR\" \/>\n<meta property=\"og:type\" content=\"article\" \/>\n<meta property=\"og:title\" content=\"Logiciel qui optimise le processus d&#039;autorisation - Workpermit + Arbeitsbewilligungen Spezialist\" \/>\n<meta property=\"og:description\" content=\"Permit24 - un suivi complet, une transparence totale et des rapports \u00e9vocateurs.\" \/>\n<meta property=\"og:url\" content=\"https:\/\/sgierpartner.ch\/fr\/permit24\/\" \/>\n<meta property=\"og:site_name\" content=\"Workpermit + Arbeitsbewilligungen Spezialist\" \/>\n<meta property=\"article:modified_time\" content=\"2020-06-14T07:57:18+00:00\" \/>\n<meta property=\"og:image\" content=\"https:\/\/sgierpartner.ch\/wp-content\/uploads\/Logo_Permit24_V2-immigration-relocation-switzerland.png\" \/>\n\t<meta property=\"og:image:width\" content=\"500\" \/>\n\t<meta property=\"og:image:height\" content=\"500\" \/>\n\t<meta property=\"og:image:type\" content=\"image\/png\" \/>\n<meta name=\"twitter:card\" content=\"summary_large_image\" \/>\n<meta name=\"twitter:label1\" content=\"Dur\u00e9e de lecture estim\u00e9e\" \/>\n\t<meta name=\"twitter:data1\" content=\"4 minutes\" \/>\n<script type=\"application\/ld+json\" class=\"yoast-schema-graph\">{\"@context\":\"https:\\\/\\\/schema.org\",\"@graph\":[{\"@type\":\"WebPage\",\"@id\":\"https:\\\/\\\/sgierpartner.ch\\\/fr\\\/permit24\\\/\",\"url\":\"https:\\\/\\\/sgierpartner.ch\\\/fr\\\/permit24\\\/\",\"name\":\"Logiciel qui optimise le processus d'autorisation - Workpermit + Arbeitsbewilligungen Spezialist\",\"isPartOf\":{\"@id\":\"https:\\\/\\\/sgierpartner.ch\\\/fr\\\/#website\"},\"primaryImageOfPage\":{\"@id\":\"https:\\\/\\\/sgierpartner.ch\\\/fr\\\/permit24\\\/#primaryimage\"},\"image\":{\"@id\":\"https:\\\/\\\/sgierpartner.ch\\\/fr\\\/permit24\\\/#primaryimage\"},\"thumbnailUrl\":\"https:\\\/\\\/sgierpartner.ch\\\/wp-content\\\/uploads\\\/Logo_Permit24_V2-immigration-relocation-switzerland.png\",\"datePublished\":\"2020-05-21T09:35:57+00:00\",\"dateModified\":\"2020-06-14T07:57:18+00:00\",\"description\":\"Permit24 - un suivi complet, une transparence totale et des rapports \u00e9vocateurs.\",\"breadcrumb\":{\"@id\":\"https:\\\/\\\/sgierpartner.ch\\\/fr\\\/permit24\\\/#breadcrumb\"},\"inLanguage\":\"fr-FR\",\"potentialAction\":[{\"@type\":\"ReadAction\",\"target\":[\"https:\\\/\\\/sgierpartner.ch\\\/fr\\\/permit24\\\/\"]}]},{\"@type\":\"ImageObject\",\"inLanguage\":\"fr-FR\",\"@id\":\"https:\\\/\\\/sgierpartner.ch\\\/fr\\\/permit24\\\/#primaryimage\",\"url\":\"https:\\\/\\\/sgierpartner.ch\\\/wp-content\\\/uploads\\\/Logo_Permit24_V2-immigration-relocation-switzerland.png\",\"contentUrl\":\"https:\\\/\\\/sgierpartner.ch\\\/wp-content\\\/uploads\\\/Logo_Permit24_V2-immigration-relocation-switzerland.png\",\"width\":500,\"height\":500,\"caption\":\"swiss immigration + relocation services in Switzerland: Zurich, Geneva, Zug, Lugano, Basle, Berne, Lausanne\"},{\"@type\":\"BreadcrumbList\",\"@id\":\"https:\\\/\\\/sgierpartner.ch\\\/fr\\\/permit24\\\/#breadcrumb\",\"itemListElement\":[{\"@type\":\"ListItem\",\"position\":1,\"name\":\"Startseite\",\"item\":\"https:\\\/\\\/sgierpartner.ch\\\/fr\\\/\"},{\"@type\":\"ListItem\",\"position\":2,\"name\":\"Permit24\u00ae\"}]},{\"@type\":\"WebSite\",\"@id\":\"https:\\\/\\\/sgierpartner.ch\\\/fr\\\/#website\",\"url\":\"https:\\\/\\\/sgierpartner.ch\\\/fr\\\/\",\"name\":\"Sgier+Partner\",\"description\":\"swiss immigration+relocation\",\"publisher\":{\"@id\":\"https:\\\/\\\/sgierpartner.ch\\\/fr\\\/#organization\"},\"potentialAction\":[{\"@type\":\"SearchAction\",\"target\":{\"@type\":\"EntryPoint\",\"urlTemplate\":\"https:\\\/\\\/sgierpartner.ch\\\/fr\\\/?s={search_term_string}\"},\"query-input\":{\"@type\":\"PropertyValueSpecification\",\"valueRequired\":true,\"valueName\":\"search_term_string\"}}],\"inLanguage\":\"fr-FR\"},{\"@type\":\"Organization\",\"@id\":\"https:\\\/\\\/sgierpartner.ch\\\/fr\\\/#organization\",\"name\":\"Sgier + Partner GmbH\",\"url\":\"https:\\\/\\\/sgierpartner.ch\\\/fr\\\/\",\"logo\":{\"@type\":\"ImageObject\",\"inLanguage\":\"fr-FR\",\"@id\":\"https:\\\/\\\/sgierpartner.ch\\\/fr\\\/#\\\/schema\\\/logo\\\/image\\\/\",\"url\":\"https:\\\/\\\/sgierpartner.ch\\\/wp-content\\\/uploads\\\/SP-Logo-Footer-farbig.png\",\"contentUrl\":\"https:\\\/\\\/sgierpartner.ch\\\/wp-content\\\/uploads\\\/SP-Logo-Footer-farbig.png\",\"width\":2058,\"height\":326,\"caption\":\"Sgier + Partner GmbH\"},\"image\":{\"@id\":\"https:\\\/\\\/sgierpartner.ch\\\/fr\\\/#\\\/schema\\\/logo\\\/image\\\/\"}}]}<\/script>\n<!-- \/ Yoast SEO plugin. -->","yoast_head_json":{"title":"Logiciel qui optimise le processus d'autorisation - Workpermit + Arbeitsbewilligungen Spezialist","description":"Permit24 - un suivi complet, une transparence totale et des rapports \u00e9vocateurs.","robots":{"index":"index","follow":"follow","max-snippet":"max-snippet:-1","max-image-preview":"max-image-preview:large","max-video-preview":"max-video-preview:-1"},"canonical":"https:\/\/sgierpartner.ch\/fr\/permit24\/","og_locale":"fr_FR","og_type":"article","og_title":"Logiciel qui optimise le processus d'autorisation - Workpermit + Arbeitsbewilligungen Spezialist","og_description":"Permit24 - un suivi complet, une transparence totale et des rapports \u00e9vocateurs.","og_url":"https:\/\/sgierpartner.ch\/fr\/permit24\/","og_site_name":"Workpermit + Arbeitsbewilligungen Spezialist","article_modified_time":"2020-06-14T07:57:18+00:00","og_image":[{"width":500,"height":500,"url":"https:\/\/sgierpartner.ch\/wp-content\/uploads\/Logo_Permit24_V2-immigration-relocation-switzerland.png","type":"image\/png"}],"twitter_card":"summary_large_image","twitter_misc":{"Dur\u00e9e de lecture estim\u00e9e":"4 minutes"},"schema":{"@context":"https:\/\/schema.org","@graph":[{"@type":"WebPage","@id":"https:\/\/sgierpartner.ch\/fr\/permit24\/","url":"https:\/\/sgierpartner.ch\/fr\/permit24\/","name":"Logiciel qui optimise le processus d'autorisation - Workpermit + Arbeitsbewilligungen Spezialist","isPartOf":{"@id":"https:\/\/sgierpartner.ch\/fr\/#website"},"primaryImageOfPage":{"@id":"https:\/\/sgierpartner.ch\/fr\/permit24\/#primaryimage"},"image":{"@id":"https:\/\/sgierpartner.ch\/fr\/permit24\/#primaryimage"},"thumbnailUrl":"https:\/\/sgierpartner.ch\/wp-content\/uploads\/Logo_Permit24_V2-immigration-relocation-switzerland.png","datePublished":"2020-05-21T09:35:57+00:00","dateModified":"2020-06-14T07:57:18+00:00","description":"Permit24 - un suivi complet, une transparence totale et des rapports \u00e9vocateurs.","breadcrumb":{"@id":"https:\/\/sgierpartner.ch\/fr\/permit24\/#breadcrumb"},"inLanguage":"fr-FR","potentialAction":[{"@type":"ReadAction","target":["https:\/\/sgierpartner.ch\/fr\/permit24\/"]}]},{"@type":"ImageObject","inLanguage":"fr-FR","@id":"https:\/\/sgierpartner.ch\/fr\/permit24\/#primaryimage","url":"https:\/\/sgierpartner.ch\/wp-content\/uploads\/Logo_Permit24_V2-immigration-relocation-switzerland.png","contentUrl":"https:\/\/sgierpartner.ch\/wp-content\/uploads\/Logo_Permit24_V2-immigration-relocation-switzerland.png","width":500,"height":500,"caption":"swiss immigration + relocation services in Switzerland: Zurich, Geneva, Zug, Lugano, Basle, Berne, Lausanne"},{"@type":"BreadcrumbList","@id":"https:\/\/sgierpartner.ch\/fr\/permit24\/#breadcrumb","itemListElement":[{"@type":"ListItem","position":1,"name":"Startseite","item":"https:\/\/sgierpartner.ch\/fr\/"},{"@type":"ListItem","position":2,"name":"Permit24\u00ae"}]},{"@type":"WebSite","@id":"https:\/\/sgierpartner.ch\/fr\/#website","url":"https:\/\/sgierpartner.ch\/fr\/","name":"Sgier+Partner","description":"swiss immigration+relocation","publisher":{"@id":"https:\/\/sgierpartner.ch\/fr\/#organization"},"potentialAction":[{"@type":"SearchAction","target":{"@type":"EntryPoint","urlTemplate":"https:\/\/sgierpartner.ch\/fr\/?s={search_term_string}"},"query-input":{"@type":"PropertyValueSpecification","valueRequired":true,"valueName":"search_term_string"}}],"inLanguage":"fr-FR"},{"@type":"Organization","@id":"https:\/\/sgierpartner.ch\/fr\/#organization","name":"Sgier + Partner GmbH","url":"https:\/\/sgierpartner.ch\/fr\/","logo":{"@type":"ImageObject","inLanguage":"fr-FR","@id":"https:\/\/sgierpartner.ch\/fr\/#\/schema\/logo\/image\/","url":"https:\/\/sgierpartner.ch\/wp-content\/uploads\/SP-Logo-Footer-farbig.png","contentUrl":"https:\/\/sgierpartner.ch\/wp-content\/uploads\/SP-Logo-Footer-farbig.png","width":2058,"height":326,"caption":"Sgier + Partner GmbH"},"image":{"@id":"https:\/\/sgierpartner.ch\/fr\/#\/schema\/logo\/image\/"}}]}},"_links":{"self":[{"href":"https:\/\/sgierpartner.ch\/fr\/wp-json\/wp\/v2\/pages\/4867","targetHints":{"allow":["GET"]}}],"collection":[{"href":"https:\/\/sgierpartner.ch\/fr\/wp-json\/wp\/v2\/pages"}],"about":[{"href":"https:\/\/sgierpartner.ch\/fr\/wp-json\/wp\/v2\/types\/page"}],"author":[{"embeddable":true,"href":"https:\/\/sgierpartner.ch\/fr\/wp-json\/wp\/v2\/users\/1"}],"replies":[{"embeddable":true,"href":"https:\/\/sgierpartner.ch\/fr\/wp-json\/wp\/v2\/comments?post=4867"}],"version-history":[{"count":0,"href":"https:\/\/sgierpartner.ch\/fr\/wp-json\/wp\/v2\/pages\/4867\/revisions"}],"wp:featuredmedia":[{"embeddable":true,"href":"https:\/\/sgierpartner.ch\/fr\/wp-json\/wp\/v2\/media\/3464"}],"wp:attachment":[{"href":"https:\/\/sgierpartner.ch\/fr\/wp-json\/wp\/v2\/media?parent=4867"}],"wp:term":[{"taxonomy":"wf_page_folders","embeddable":true,"href":"https:\/\/sgierpartner.ch\/fr\/wp-json\/wp\/v2\/wf_page_folders?post=4867"}],"curies":[{"name":"wp","href":"https:\/\/api.w.org\/{rel}","templated":true}]}}