{"id":4898,"date":"2020-05-21T12:41:27","date_gmt":"2020-05-21T10:41:27","guid":{"rendered":"http:\/\/975ciacxzt.preview.infomaniak.website\/sgierpartner\/relo24\/"},"modified":"2020-05-29T08:06:39","modified_gmt":"2020-05-29T06:06:39","slug":"relo24","status":"publish","type":"page","link":"https:\/\/sgierpartner.ch\/fr\/relo24\/","title":{"rendered":"Relo24\u00ae"},"content":{"rendered":"<p>[et_pb_section fb_built=&#8221;1&#8243; fullwidth=&#8221;on&#8221; _builder_version=&#8221;4.4.3&#8243;][et_pb_fullwidth_image src=&#8221;https:\/\/sgierpartner.ch\/wp-content\/uploads\/Relo24-relocation-switzerland.jpg&#8221; alt=&#8221;Relo24 ist die Software von Sgier + Partner f\u00fcr Relocation Programme&#8221; title_text=&#8221;Relo24 | swiss immigration+relocation&#8221; _builder_version=&#8221;4.4.7&#8243;][\/et_pb_fullwidth_image][\/et_pb_section][et_pb_section fb_built=&#8221;1&#8243; _builder_version=&#8221;4.4.3&#8243;][et_pb_row _builder_version=&#8221;4.4.3&#8243; custom_margin=&#8221;0px||||false|false&#8221;][et_pb_column type=&#8221;4_4&#8243; _builder_version=&#8221;4.4.3&#8243;][et_pb_text _builder_version=&#8221;4.4.3&#8243; custom_margin=&#8221;||||false|false&#8221;]<\/p>\n<h1>Relo24\u00ae &#8211; logiciel d\u00e9localisation &amp; destination<\/h1>\n<p>[\/et_pb_text][et_pb_menu menu_id=&#8221;44&#8243; disabled_on=&#8221;on|off|off&#8221; _builder_version=&#8221;4.4.7&#8243; hover_enabled=&#8221;0&#8243;][\/et_pb_menu][\/et_pb_column][\/et_pb_row][\/et_pb_section][et_pb_section fb_built=&#8221;1&#8243; _builder_version=&#8221;4.4.3&#8243;][et_pb_row column_structure=&#8221;3_5,2_5&#8243; _builder_version=&#8221;4.4.3&#8243;][et_pb_column type=&#8221;3_5&#8243; _builder_version=&#8221;4.4.3&#8243;][et_pb_text _builder_version=&#8221;4.4.3&#8243;]<\/p>\n<div class=\"ce_text lead block\">\n<h4>Relo24\u00ae est une solution logicielle bas\u00e9e sur le web \u00e9labor\u00e9e par Sgier + Partner qui optimise tout le service de destination, le rend sensiblement plus transparent et pr\u00e9pare pour le client des donn\u00e9es de management qui garantissent un suivi int\u00e9gral, une transparence totale et des rapports \u00e9vocateurs, 24 heures sur 24, 7 jours sur 7.<\/h4>\n<\/div>\n<p>[\/et_pb_text][et_pb_image src=&#8221;https:\/\/sgierpartner.ch\/wp-content\/uploads\/Relo24-Login-relocation-destination-switzerland-1.png&#8221; alt=&#8221;Relo24 Login &#8211; Relocation Software Sgier + Partner&#8221; title_text=&#8221;Relo24-Login-relocation-destination-switzerland&#8221; _builder_version=&#8221;4.4.7&#8243;][\/et_pb_image][et_pb_text _builder_version=&#8221;4.4.3&#8243;]<\/p>\n<div class=\"ce_text lead block\">\n<p>Relo24\u00ae contient tout le concentr\u00e9 d\u2019exp\u00e9riences que Sgier + Partner a accumul\u00e9es depuis sa cr\u00e9ation. Aujourd\u2019hui, cela profite au client. D\u00e8s qu\u2019un nouveau mandat est entr\u00e9 dans Relo24\u00ae, l\u2019\u00e9quipe de relocalisation de Sgier + Partner commence aussit\u00f4t \u00e0 traiter le nouveau cas. Le collaborateur est imm\u00e9diatement contact\u00e9 par un conseiller en relocalisation pour enregistrer tous les d\u00e9tails. La personne qui donne l\u2019autorisation, par ex. aux RH, se contente de suivre l\u2019\u00e9volution du mandat gr\u00e2ce \u00e0 Relo24\u00ae. Elle est ainsi constamment inform\u00e9e et peut assurer une planification optimale. Relo24\u00ae fournit toutes les donn\u00e9es de management au format PowerPoint \u00e0 la fin du mois ou d\u00e8s que le client les demande.<\/p>\n<\/div>\n<p>[\/et_pb_text][\/et_pb_column][et_pb_column type=&#8221;2_5&#8243; _builder_version=&#8221;4.4.3&#8243;][et_pb_circle_counter number=&#8221;100&#8243; bar_bg_color=&#8221;#011ca7&#8243; _builder_version=&#8221;4.4.3&#8243; title_level=&#8221;h4&#8243; title_text_color=&#8221;#493f3f&#8221; module_alignment=&#8221;left&#8221;][\/et_pb_circle_counter][et_pb_blurb title=&#8221;Contr\u00f4le et transparence \u00e0 100%&#8221; icon_alignment=&#8221;center&#8221; _builder_version=&#8221;4.4.3&#8243; header_level=&#8221;h4&#8243;]<\/p>\n<ul>\n<li>Toujours \u00e0 la pointe du progr\u00e8s<\/li>\n<li>Acc\u00e8s sur le web 24 heures sur 24, 7 jours sur 7<\/li>\n<li>Vue d\u2019ensemble \u00e0 360\u00b0 de tous les mandats de Relocation en cours<\/li>\n<li>Acc\u00e8s r\u00e9serv\u00e9 aux directeurs des ressources humaines autoris\u00e9s<\/li>\n<li>S\u00e9curit\u00e9 maximale \u2013 cryptage SSL<\/li>\n<\/ul>\n<p>[\/et_pb_blurb][et_pb_image src=&#8221;https:\/\/sgierpartner.ch\/wp-content\/uploads\/Logo_Relo24_V2-relocation-destination-switzerland.png&#8221; alt=&#8221;Relo24 &#8211; Logiciel d\u00e9localisation &#038; destination de Sgier + Partner&#8221; title_text=&#8221;Relo24 Software | logiciel d\u00e9localisation &#038; destination&#8221; _builder_version=&#8221;4.4.7&#8243; max_width=&#8221;40%&#8221; module_alignment=&#8221;left&#8221; custom_margin=&#8221;||||false|false&#8221;][\/et_pb_image][\/et_pb_column][\/et_pb_row][\/et_pb_section]<\/p>\n","protected":false},"excerpt":{"rendered":"<p>Relo24\u00ae contient tout le concentr\u00e9 d\u2019exp\u00e9riences que Sgier + Partner a accumul\u00e9es depuis sa cr\u00e9ation. Aujourd\u2019hui, cela profite au client. D\u00e8s qu\u2019un nouveau mandat est entr\u00e9 dans Relo24\u00ae, l\u2019\u00e9quipe de relocalisation de Sgier + Partner commence aussit\u00f4t \u00e0 traiter le nouveau cas. <\/p>\n","protected":false},"author":1,"featured_media":3368,"parent":0,"menu_order":0,"comment_status":"closed","ping_status":"closed","template":"","meta":{"_et_pb_use_builder":"on","_et_pb_old_content":"","_et_gb_content_width":"","footnotes":""},"wf_page_folders":[],"class_list":["post-4898","page","type-page","status-publish","has-post-thumbnail","hentry"],"yoast_head":"<!-- This site is optimized with the Yoast SEO plugin v27.4 - https:\/\/yoast.com\/product\/yoast-seo-wordpress\/ -->\n<title>Relo24 - Logiciel d\u00e9localisation &amp; destination - Workpermit + Arbeitsbewilligungen Spezialist<\/title>\n<meta name=\"description\" content=\"Relo24\u00ae est une solution logicielle bas\u00e9e sur le web \u00e9labor\u00e9e par Sgier + Partner qui optimise tout le service de destination 24 heures sur 24, 7 jours sur 7.\" \/>\n<meta name=\"robots\" content=\"index, follow, max-snippet:-1, max-image-preview:large, max-video-preview:-1\" \/>\n<link rel=\"canonical\" href=\"https:\/\/sgierpartner.ch\/fr\/relo24\/\" \/>\n<meta property=\"og:locale\" content=\"fr_FR\" \/>\n<meta property=\"og:type\" content=\"article\" \/>\n<meta property=\"og:title\" content=\"Relo24 - Logiciel d\u00e9localisation &amp; destination - Workpermit + Arbeitsbewilligungen Spezialist\" \/>\n<meta property=\"og:description\" content=\"Relo24\u00ae est une solution logicielle bas\u00e9e sur le web \u00e9labor\u00e9e par Sgier + Partner qui optimise tout le service de destination 24 heures sur 24, 7 jours sur 7.\" \/>\n<meta property=\"og:url\" content=\"https:\/\/sgierpartner.ch\/fr\/relo24\/\" \/>\n<meta property=\"og:site_name\" content=\"Workpermit + Arbeitsbewilligungen Spezialist\" \/>\n<meta property=\"article:modified_time\" content=\"2020-05-29T06:06:39+00:00\" \/>\n<meta property=\"og:image\" content=\"https:\/\/sgierpartner.ch\/wp-content\/uploads\/Logo_Relo24_V2-relocation-destination-switzerland.png\" \/>\n\t<meta property=\"og:image:width\" content=\"500\" \/>\n\t<meta property=\"og:image:height\" content=\"500\" \/>\n\t<meta property=\"og:image:type\" content=\"image\/png\" \/>\n<meta name=\"twitter:card\" content=\"summary_large_image\" \/>\n<meta name=\"twitter:label1\" content=\"Dur\u00e9e de lecture estim\u00e9e\" \/>\n\t<meta name=\"twitter:data1\" content=\"3 minutes\" \/>\n<script type=\"application\/ld+json\" class=\"yoast-schema-graph\">{\"@context\":\"https:\\\/\\\/schema.org\",\"@graph\":[{\"@type\":\"WebPage\",\"@id\":\"https:\\\/\\\/sgierpartner.ch\\\/fr\\\/relo24\\\/\",\"url\":\"https:\\\/\\\/sgierpartner.ch\\\/fr\\\/relo24\\\/\",\"name\":\"Relo24 - Logiciel d\u00e9localisation & destination - Workpermit + Arbeitsbewilligungen Spezialist\",\"isPartOf\":{\"@id\":\"https:\\\/\\\/sgierpartner.ch\\\/fr\\\/#website\"},\"primaryImageOfPage\":{\"@id\":\"https:\\\/\\\/sgierpartner.ch\\\/fr\\\/relo24\\\/#primaryimage\"},\"image\":{\"@id\":\"https:\\\/\\\/sgierpartner.ch\\\/fr\\\/relo24\\\/#primaryimage\"},\"thumbnailUrl\":\"https:\\\/\\\/sgierpartner.ch\\\/wp-content\\\/uploads\\\/Logo_Relo24_V2-relocation-destination-switzerland.png\",\"datePublished\":\"2020-05-21T10:41:27+00:00\",\"dateModified\":\"2020-05-29T06:06:39+00:00\",\"description\":\"Relo24\u00ae est une solution logicielle bas\u00e9e sur le web \u00e9labor\u00e9e par Sgier + Partner qui optimise tout le service de destination 24 heures sur 24, 7 jours sur 7.\",\"breadcrumb\":{\"@id\":\"https:\\\/\\\/sgierpartner.ch\\\/fr\\\/relo24\\\/#breadcrumb\"},\"inLanguage\":\"fr-FR\",\"potentialAction\":[{\"@type\":\"ReadAction\",\"target\":[\"https:\\\/\\\/sgierpartner.ch\\\/fr\\\/relo24\\\/\"]}]},{\"@type\":\"ImageObject\",\"inLanguage\":\"fr-FR\",\"@id\":\"https:\\\/\\\/sgierpartner.ch\\\/fr\\\/relo24\\\/#primaryimage\",\"url\":\"https:\\\/\\\/sgierpartner.ch\\\/wp-content\\\/uploads\\\/Logo_Relo24_V2-relocation-destination-switzerland.png\",\"contentUrl\":\"https:\\\/\\\/sgierpartner.ch\\\/wp-content\\\/uploads\\\/Logo_Relo24_V2-relocation-destination-switzerland.png\",\"width\":500,\"height\":500,\"caption\":\"swiss immigration + relocation services in Switzerland: Zurich, Geneva, Zug, Lugano, Basle, Berne, Lausanne\"},{\"@type\":\"BreadcrumbList\",\"@id\":\"https:\\\/\\\/sgierpartner.ch\\\/fr\\\/relo24\\\/#breadcrumb\",\"itemListElement\":[{\"@type\":\"ListItem\",\"position\":1,\"name\":\"Startseite\",\"item\":\"https:\\\/\\\/sgierpartner.ch\\\/fr\\\/\"},{\"@type\":\"ListItem\",\"position\":2,\"name\":\"Relo24\u00ae\"}]},{\"@type\":\"WebSite\",\"@id\":\"https:\\\/\\\/sgierpartner.ch\\\/fr\\\/#website\",\"url\":\"https:\\\/\\\/sgierpartner.ch\\\/fr\\\/\",\"name\":\"Sgier+Partner\",\"description\":\"swiss immigration+relocation\",\"publisher\":{\"@id\":\"https:\\\/\\\/sgierpartner.ch\\\/fr\\\/#organization\"},\"potentialAction\":[{\"@type\":\"SearchAction\",\"target\":{\"@type\":\"EntryPoint\",\"urlTemplate\":\"https:\\\/\\\/sgierpartner.ch\\\/fr\\\/?s={search_term_string}\"},\"query-input\":{\"@type\":\"PropertyValueSpecification\",\"valueRequired\":true,\"valueName\":\"search_term_string\"}}],\"inLanguage\":\"fr-FR\"},{\"@type\":\"Organization\",\"@id\":\"https:\\\/\\\/sgierpartner.ch\\\/fr\\\/#organization\",\"name\":\"Sgier + Partner GmbH\",\"url\":\"https:\\\/\\\/sgierpartner.ch\\\/fr\\\/\",\"logo\":{\"@type\":\"ImageObject\",\"inLanguage\":\"fr-FR\",\"@id\":\"https:\\\/\\\/sgierpartner.ch\\\/fr\\\/#\\\/schema\\\/logo\\\/image\\\/\",\"url\":\"https:\\\/\\\/sgierpartner.ch\\\/wp-content\\\/uploads\\\/SP-Logo-Footer-farbig.png\",\"contentUrl\":\"https:\\\/\\\/sgierpartner.ch\\\/wp-content\\\/uploads\\\/SP-Logo-Footer-farbig.png\",\"width\":2058,\"height\":326,\"caption\":\"Sgier + Partner GmbH\"},\"image\":{\"@id\":\"https:\\\/\\\/sgierpartner.ch\\\/fr\\\/#\\\/schema\\\/logo\\\/image\\\/\"}}]}<\/script>\n<!-- \/ Yoast SEO plugin. -->","yoast_head_json":{"title":"Relo24 - Logiciel d\u00e9localisation & destination - Workpermit + Arbeitsbewilligungen Spezialist","description":"Relo24\u00ae est une solution logicielle bas\u00e9e sur le web \u00e9labor\u00e9e par Sgier + Partner qui optimise tout le service de destination 24 heures sur 24, 7 jours sur 7.","robots":{"index":"index","follow":"follow","max-snippet":"max-snippet:-1","max-image-preview":"max-image-preview:large","max-video-preview":"max-video-preview:-1"},"canonical":"https:\/\/sgierpartner.ch\/fr\/relo24\/","og_locale":"fr_FR","og_type":"article","og_title":"Relo24 - Logiciel d\u00e9localisation & destination - Workpermit + Arbeitsbewilligungen Spezialist","og_description":"Relo24\u00ae est une solution logicielle bas\u00e9e sur le web \u00e9labor\u00e9e par Sgier + Partner qui optimise tout le service de destination 24 heures sur 24, 7 jours sur 7.","og_url":"https:\/\/sgierpartner.ch\/fr\/relo24\/","og_site_name":"Workpermit + Arbeitsbewilligungen Spezialist","article_modified_time":"2020-05-29T06:06:39+00:00","og_image":[{"width":500,"height":500,"url":"https:\/\/sgierpartner.ch\/wp-content\/uploads\/Logo_Relo24_V2-relocation-destination-switzerland.png","type":"image\/png"}],"twitter_card":"summary_large_image","twitter_misc":{"Dur\u00e9e de lecture estim\u00e9e":"3 minutes"},"schema":{"@context":"https:\/\/schema.org","@graph":[{"@type":"WebPage","@id":"https:\/\/sgierpartner.ch\/fr\/relo24\/","url":"https:\/\/sgierpartner.ch\/fr\/relo24\/","name":"Relo24 - Logiciel d\u00e9localisation & destination - Workpermit + Arbeitsbewilligungen Spezialist","isPartOf":{"@id":"https:\/\/sgierpartner.ch\/fr\/#website"},"primaryImageOfPage":{"@id":"https:\/\/sgierpartner.ch\/fr\/relo24\/#primaryimage"},"image":{"@id":"https:\/\/sgierpartner.ch\/fr\/relo24\/#primaryimage"},"thumbnailUrl":"https:\/\/sgierpartner.ch\/wp-content\/uploads\/Logo_Relo24_V2-relocation-destination-switzerland.png","datePublished":"2020-05-21T10:41:27+00:00","dateModified":"2020-05-29T06:06:39+00:00","description":"Relo24\u00ae est une solution logicielle bas\u00e9e sur le web \u00e9labor\u00e9e par Sgier + Partner qui optimise tout le service de destination 24 heures sur 24, 7 jours sur 7.","breadcrumb":{"@id":"https:\/\/sgierpartner.ch\/fr\/relo24\/#breadcrumb"},"inLanguage":"fr-FR","potentialAction":[{"@type":"ReadAction","target":["https:\/\/sgierpartner.ch\/fr\/relo24\/"]}]},{"@type":"ImageObject","inLanguage":"fr-FR","@id":"https:\/\/sgierpartner.ch\/fr\/relo24\/#primaryimage","url":"https:\/\/sgierpartner.ch\/wp-content\/uploads\/Logo_Relo24_V2-relocation-destination-switzerland.png","contentUrl":"https:\/\/sgierpartner.ch\/wp-content\/uploads\/Logo_Relo24_V2-relocation-destination-switzerland.png","width":500,"height":500,"caption":"swiss immigration + relocation services in Switzerland: Zurich, Geneva, Zug, Lugano, Basle, Berne, Lausanne"},{"@type":"BreadcrumbList","@id":"https:\/\/sgierpartner.ch\/fr\/relo24\/#breadcrumb","itemListElement":[{"@type":"ListItem","position":1,"name":"Startseite","item":"https:\/\/sgierpartner.ch\/fr\/"},{"@type":"ListItem","position":2,"name":"Relo24\u00ae"}]},{"@type":"WebSite","@id":"https:\/\/sgierpartner.ch\/fr\/#website","url":"https:\/\/sgierpartner.ch\/fr\/","name":"Sgier+Partner","description":"swiss immigration+relocation","publisher":{"@id":"https:\/\/sgierpartner.ch\/fr\/#organization"},"potentialAction":[{"@type":"SearchAction","target":{"@type":"EntryPoint","urlTemplate":"https:\/\/sgierpartner.ch\/fr\/?s={search_term_string}"},"query-input":{"@type":"PropertyValueSpecification","valueRequired":true,"valueName":"search_term_string"}}],"inLanguage":"fr-FR"},{"@type":"Organization","@id":"https:\/\/sgierpartner.ch\/fr\/#organization","name":"Sgier + Partner GmbH","url":"https:\/\/sgierpartner.ch\/fr\/","logo":{"@type":"ImageObject","inLanguage":"fr-FR","@id":"https:\/\/sgierpartner.ch\/fr\/#\/schema\/logo\/image\/","url":"https:\/\/sgierpartner.ch\/wp-content\/uploads\/SP-Logo-Footer-farbig.png","contentUrl":"https:\/\/sgierpartner.ch\/wp-content\/uploads\/SP-Logo-Footer-farbig.png","width":2058,"height":326,"caption":"Sgier + Partner GmbH"},"image":{"@id":"https:\/\/sgierpartner.ch\/fr\/#\/schema\/logo\/image\/"}}]}},"_links":{"self":[{"href":"https:\/\/sgierpartner.ch\/fr\/wp-json\/wp\/v2\/pages\/4898","targetHints":{"allow":["GET"]}}],"collection":[{"href":"https:\/\/sgierpartner.ch\/fr\/wp-json\/wp\/v2\/pages"}],"about":[{"href":"https:\/\/sgierpartner.ch\/fr\/wp-json\/wp\/v2\/types\/page"}],"author":[{"embeddable":true,"href":"https:\/\/sgierpartner.ch\/fr\/wp-json\/wp\/v2\/users\/1"}],"replies":[{"embeddable":true,"href":"https:\/\/sgierpartner.ch\/fr\/wp-json\/wp\/v2\/comments?post=4898"}],"version-history":[{"count":0,"href":"https:\/\/sgierpartner.ch\/fr\/wp-json\/wp\/v2\/pages\/4898\/revisions"}],"wp:featuredmedia":[{"embeddable":true,"href":"https:\/\/sgierpartner.ch\/fr\/wp-json\/wp\/v2\/media\/3368"}],"wp:attachment":[{"href":"https:\/\/sgierpartner.ch\/fr\/wp-json\/wp\/v2\/media?parent=4898"}],"wp:term":[{"taxonomy":"wf_page_folders","embeddable":true,"href":"https:\/\/sgierpartner.ch\/fr\/wp-json\/wp\/v2\/wf_page_folders?post=4898"}],"curies":[{"name":"wp","href":"https:\/\/api.w.org\/{rel}","templated":true}]}}