{"id":4909,"date":"2020-05-21T14:02:34","date_gmt":"2020-05-21T12:02:34","guid":{"rendered":"http:\/\/975ciacxzt.preview.infomaniak.website\/sgierpartner\/delocalisation\/"},"modified":"2021-10-16T22:52:00","modified_gmt":"2021-10-16T20:52:00","slug":"delocalisation","status":"publish","type":"page","link":"https:\/\/sgierpartner.ch\/fr\/delocalisation\/","title":{"rendered":"D\u00e9localisation"},"content":{"rendered":"<p>[et_pb_section fb_built=&#8221;1&#8243; fullwidth=&#8221;on&#8221; _builder_version=&#8221;4.4.3&#8243;][et_pb_fullwidth_image src=&#8221;https:\/\/sgierpartner.ch\/wp-content\/uploads\/Header-Sgier-Matterhorn-immigration-relcoation.jpg&#8221; alt=&#8221;Welcome to Switzerland &#8211; swiss immigration + relocations services&#8221; title_text=&#8221;Welcome to Switzerland &#8211; swiss immigration + relocations services&#8221; _builder_version=&#8221;4.4.7&#8243;][\/et_pb_fullwidth_image][\/et_pb_section][et_pb_section fb_built=&#8221;1&#8243; _builder_version=&#8221;4.4.3&#8243;][et_pb_row _builder_version=&#8221;4.4.3&#8243; custom_margin=&#8221;0px||||false|false&#8221;][et_pb_column type=&#8221;4_4&#8243; _builder_version=&#8221;4.4.3&#8243;][et_pb_text _builder_version=&#8221;4.4.3&#8243; custom_margin=&#8221;||||false|false&#8221;]<\/p>\n<h1>Prestations d\u00e9localisation<\/h1>\n<p>[\/et_pb_text][et_pb_menu menu_id=&#8221;44&#8243; disabled_on=&#8221;on|off|off&#8221; _builder_version=&#8221;4.4.7&#8243;][\/et_pb_menu][\/et_pb_column][\/et_pb_row][et_pb_row column_structure=&#8221;3_5,2_5&#8243; _builder_version=&#8221;4.4.3&#8243;][et_pb_column type=&#8221;3_5&#8243; _builder_version=&#8221;4.4.3&#8243;][et_pb_text _builder_version=&#8221;4.4.7&#8243;]<\/p>\n<h4>Sgier + Partner est votre partenaire comp\u00e9tent pour la relocalisation de collaborateurs et d\u2019entreprises en Suisse.<\/h4>\n<p>[\/et_pb_text][et_pb_image src=&#8221;https:\/\/sgierpartner.ch\/wp-content\/uploads\/\/Immigration-to-Switzerland-SgierPartner-1024&#215;576.jpg&#8221; alt=&#8221;Prestations d\u00e9localisation | partenaire pour la relocalisation en Suisse | Sgier+Partner&#8221; title_text=&#8221;Immigration en Suisse &#8211; Sgier + Partner&#8221; _builder_version=&#8221;4.4.7&#8243;][\/et_pb_image][et_pb_text _builder_version=&#8221;4.4.3&#8243;]Nous disposons d\u2019une longue exp\u00e9rience nationale et internationale dans cette discipline. En fonction des exigences sp\u00e9cifiques de nos clients, nous d\u00e9veloppons des solutions globales individuelles pour un changement de domicile et de site r\u00e9ussi. Notre \u00e9quipe est parfaitement qualifi\u00e9e, poss\u00e8de de multiples sp\u00e9cialisations et travaille de mani\u00e8re fiable avec un grand engagement personnel. Nous savons \u00e0 quel point il est important d\u2019\u00e9couter et d\u2019analyser, nous sommes l\u00e0 pour orienter, mettre en confiance et donner de la s\u00e9curit\u00e9 sur la voie d\u2019un nouvel environnement de vie. Pour nous, chaque client est unique, sp\u00e9cial et dot\u00e9 de sa propre personnalit\u00e9. Nous en tenons compte en lui accordant une attention particuli\u00e8re. Nous n\u2019employons que des Senior Relocation Consultants chevronn\u00e9s, car nos clients veulent des conseils et un soutien haut de gamme et surtout des r\u00e9ponses solides \u00e0 leurs nombreuses questions importantes.[\/et_pb_text][et_pb_image src=&#8221;https:\/\/sgierpartner.ch\/wp-content\/uploads\/relocation_de-relocation-destination-schweiz.png&#8221; alt=&#8221;Processus de d\u00e9localisation &#8211; Sgier + Partner&#8221; title_text=&#8221;Processus de d\u00e9localisation | swiss immigration + relocation services&#8221; show_in_lightbox=&#8221;on&#8221; _builder_version=&#8221;4.4.7&#8243;][\/et_pb_image][\/et_pb_column][et_pb_column type=&#8221;2_5&#8243; _builder_version=&#8221;4.4.3&#8243;][et_pb_cta title=&#8221;The Power of \u00b2&#8221; button_url=&#8221;@ET-DC@eyJkeW5hbWljIjp0cnVlLCJjb250ZW50IjoicG9zdF9saW5rX3VybF9wb3N0Iiwic2V0dGluZ3MiOnsicG9zdF9pZCI6IjY1ODEifX0=@&#8221; button_text=&#8221;En savoir plus&#8221; disabled_on=&#8221;off|off|off&#8221; _builder_version=&#8221;4.9.4&#8243; _dynamic_attributes=&#8221;button_url&#8221; _module_preset=&#8221;default&#8221; header_level=&#8221;h2&#8243; custom_button=&#8221;on&#8221; button_text_color=&#8221;#4361EE&#8221; button_bg_color=&#8221;#FFFFFF&#8221; button_border_width=&#8221;0px&#8221; button_border_radius=&#8221;12px&#8221; custom_padding=&#8221;|20px|30px|20px|false|false&#8221; hover_enabled=&#8221;0&#8243; button_text_color__hover_enabled=&#8221;on|desktop&#8221; sticky_enabled=&#8221;0&#8243;]<strong>Sgier + Partner et Packimpex renforcent leur partenariat strat\u00e9gique avantageux.<\/strong><\/p>\n<p>Sgier + Partner et Packimpex concluent un partenariat strat\u00e9gique exclusif, et serviront \u00e0 l&#8217;avenir leur client\u00e8le priv\u00e9e et d&#8217;entreprise conjointement. Gr\u00e2ce \u00e0 une technologie de collaboration prim\u00e9e, les deux soci\u00e9t\u00e9s peuvent offrir une approche int\u00e9gr\u00e9e et activement coordonn\u00e9e de services de destination et d&#8217;immigration de haute qualit\u00e9.[\/et_pb_cta][et_pb_text _builder_version=&#8221;4.4.6&#8243;]<\/p>\n<blockquote><p>Sgier + Partner a d\u00e9j\u00e0 trouv\u00e9 un chez soi merveilleux en suisse pour plus de 3.000 familles d\u2019expatri\u00e9s.<\/p><\/blockquote>\n<p>[\/et_pb_text][et_pb_cta title=&#8221;Faire appel \u00e0 des professionnels de la Relocation&#8221; button_url=&#8221;@ET-DC@eyJkeW5hbWljIjp0cnVlLCJjb250ZW50IjoicG9zdF9saW5rX3VybF9wYWdlIiwic2V0dGluZ3MiOnsicG9zdF9pZCI6IjIxMTcifX0=@&#8221; button_text=&#8221;Programmes d\u00e9localisation&#8221; _builder_version=&#8221;4.4.3&#8243; _dynamic_attributes=&#8221;button_url,link_option_url&#8221; custom_button=&#8221;on&#8221; button_text_color=&#8221;#e11a24&#8243; button_bg_color=&#8221;#ffffff&#8221; button_border_radius=&#8221;12px&#8221; link_option_url=&#8221;@ET-DC@eyJkeW5hbWljIjp0cnVlLCJjb250ZW50IjoicG9zdF9saW5rX3VybF9wYWdlIiwic2V0dGluZ3MiOnsicG9zdF9pZCI6IjIxMTcifX0=@&#8221; button_text_color__hover_enabled=&#8221;on|hover&#8221; button_text_color__hover=&#8221;#011ca7&#8243;]En tant que prestataires de services pour expatri\u00e9s et de services de Relocation, nous poss\u00e9dons une longue exp\u00e9rience qui permet d\u2019assurer le succ\u00e8s d\u2019un transfert dans un autre pays. Les aspects temporels ne doivent pas \u00eatre n\u00e9glig\u00e9s non plus: ainsi, en Suisse, il faut de deux \u00e0 huit semaines, selon le canton, pour obtenir un permis de s\u00e9jour ou de travail.[\/et_pb_cta][\/et_pb_column][\/et_pb_row][\/et_pb_section]<\/p>\n","protected":false},"excerpt":{"rendered":"<p>Sgier + Partner est votre partenaire comp\u00e9tent pour la relocalisation de collaborateurs et d\u2019entreprises en Suisse. Nous disposons d\u2019une longue exp\u00e9rience nationale et internationale dans cette discipline. En fonction des exigences sp\u00e9cifiques de nos clients, nous d\u00e9veloppons des solutions globales individuelles pour un changement de domicile et de site r\u00e9ussi.<\/p>\n","protected":false},"author":1,"featured_media":3876,"parent":0,"menu_order":0,"comment_status":"closed","ping_status":"closed","template":"","meta":{"_et_pb_use_builder":"on","_et_pb_old_content":"","_et_gb_content_width":"","footnotes":""},"wf_page_folders":[87],"class_list":["post-4909","page","type-page","status-publish","has-post-thumbnail","hentry"],"yoast_head":"<!-- This site is optimized with the Yoast SEO plugin v27.4 - https:\/\/yoast.com\/product\/yoast-seo-wordpress\/ -->\n<title>Relocalisation de collaborateurs et d\u2019entreprises en Suisse - Workpermit + Arbeitsbewilligungen Spezialist<\/title>\n<meta name=\"description\" content=\"Sgier + Partner est votre partenaire comp\u00e9tent pour la relocalisation de collaborateurs et d\u2019entreprises en Suisse.\" \/>\n<meta name=\"robots\" content=\"index, follow, max-snippet:-1, max-image-preview:large, max-video-preview:-1\" \/>\n<link rel=\"canonical\" href=\"https:\/\/sgierpartner.ch\/fr\/delocalisation\/\" \/>\n<meta property=\"og:locale\" content=\"fr_FR\" \/>\n<meta property=\"og:type\" content=\"article\" \/>\n<meta property=\"og:title\" content=\"Relocalisation de collaborateurs et d\u2019entreprises en Suisse - Workpermit + Arbeitsbewilligungen Spezialist\" \/>\n<meta property=\"og:description\" content=\"Sgier + Partner est votre partenaire comp\u00e9tent pour la relocalisation de collaborateurs et d\u2019entreprises en Suisse.\" \/>\n<meta property=\"og:url\" content=\"https:\/\/sgierpartner.ch\/fr\/delocalisation\/\" \/>\n<meta property=\"og:site_name\" content=\"Workpermit + Arbeitsbewilligungen Spezialist\" \/>\n<meta property=\"article:modified_time\" content=\"2021-10-16T20:52:00+00:00\" \/>\n<meta property=\"og:image\" content=\"https:\/\/sgierpartner.ch\/wp-content\/uploads\/Welcome-to-Switzerland-Matterhorn-1.jpg\" \/>\n\t<meta property=\"og:image:width\" content=\"1600\" \/>\n\t<meta property=\"og:image:height\" content=\"900\" \/>\n\t<meta property=\"og:image:type\" content=\"image\/jpeg\" \/>\n<meta name=\"twitter:card\" content=\"summary_large_image\" \/>\n<meta name=\"twitter:label1\" content=\"Dur\u00e9e de lecture estim\u00e9e\" \/>\n\t<meta name=\"twitter:data1\" content=\"4 minutes\" \/>\n<script type=\"application\/ld+json\" class=\"yoast-schema-graph\">{\"@context\":\"https:\\\/\\\/schema.org\",\"@graph\":[{\"@type\":\"WebPage\",\"@id\":\"https:\\\/\\\/sgierpartner.ch\\\/fr\\\/delocalisation\\\/\",\"url\":\"https:\\\/\\\/sgierpartner.ch\\\/fr\\\/delocalisation\\\/\",\"name\":\"Relocalisation de collaborateurs et d\u2019entreprises en Suisse - Workpermit + Arbeitsbewilligungen Spezialist\",\"isPartOf\":{\"@id\":\"https:\\\/\\\/sgierpartner.ch\\\/fr\\\/#website\"},\"primaryImageOfPage\":{\"@id\":\"https:\\\/\\\/sgierpartner.ch\\\/fr\\\/delocalisation\\\/#primaryimage\"},\"image\":{\"@id\":\"https:\\\/\\\/sgierpartner.ch\\\/fr\\\/delocalisation\\\/#primaryimage\"},\"thumbnailUrl\":\"https:\\\/\\\/sgierpartner.ch\\\/wp-content\\\/uploads\\\/Welcome-to-Switzerland-Matterhorn-1.jpg\",\"datePublished\":\"2020-05-21T12:02:34+00:00\",\"dateModified\":\"2021-10-16T20:52:00+00:00\",\"description\":\"Sgier + Partner est votre partenaire comp\u00e9tent pour la relocalisation de collaborateurs et d\u2019entreprises en Suisse.\",\"breadcrumb\":{\"@id\":\"https:\\\/\\\/sgierpartner.ch\\\/fr\\\/delocalisation\\\/#breadcrumb\"},\"inLanguage\":\"fr-FR\",\"potentialAction\":[{\"@type\":\"ReadAction\",\"target\":[\"https:\\\/\\\/sgierpartner.ch\\\/fr\\\/delocalisation\\\/\"]}]},{\"@type\":\"ImageObject\",\"inLanguage\":\"fr-FR\",\"@id\":\"https:\\\/\\\/sgierpartner.ch\\\/fr\\\/delocalisation\\\/#primaryimage\",\"url\":\"https:\\\/\\\/sgierpartner.ch\\\/wp-content\\\/uploads\\\/Welcome-to-Switzerland-Matterhorn-1.jpg\",\"contentUrl\":\"https:\\\/\\\/sgierpartner.ch\\\/wp-content\\\/uploads\\\/Welcome-to-Switzerland-Matterhorn-1.jpg\",\"width\":1600,\"height\":900,\"caption\":\"swiss immigration + relocation services in Switzerland: Zurich, Geneva, Zug, Lugano, Basle, Berne, Lausanne\"},{\"@type\":\"BreadcrumbList\",\"@id\":\"https:\\\/\\\/sgierpartner.ch\\\/fr\\\/delocalisation\\\/#breadcrumb\",\"itemListElement\":[{\"@type\":\"ListItem\",\"position\":1,\"name\":\"Startseite\",\"item\":\"https:\\\/\\\/sgierpartner.ch\\\/fr\\\/\"},{\"@type\":\"ListItem\",\"position\":2,\"name\":\"D\u00e9localisation\"}]},{\"@type\":\"WebSite\",\"@id\":\"https:\\\/\\\/sgierpartner.ch\\\/fr\\\/#website\",\"url\":\"https:\\\/\\\/sgierpartner.ch\\\/fr\\\/\",\"name\":\"Sgier+Partner\",\"description\":\"swiss immigration+relocation\",\"publisher\":{\"@id\":\"https:\\\/\\\/sgierpartner.ch\\\/fr\\\/#organization\"},\"potentialAction\":[{\"@type\":\"SearchAction\",\"target\":{\"@type\":\"EntryPoint\",\"urlTemplate\":\"https:\\\/\\\/sgierpartner.ch\\\/fr\\\/?s={search_term_string}\"},\"query-input\":{\"@type\":\"PropertyValueSpecification\",\"valueRequired\":true,\"valueName\":\"search_term_string\"}}],\"inLanguage\":\"fr-FR\"},{\"@type\":\"Organization\",\"@id\":\"https:\\\/\\\/sgierpartner.ch\\\/fr\\\/#organization\",\"name\":\"Sgier + Partner GmbH\",\"url\":\"https:\\\/\\\/sgierpartner.ch\\\/fr\\\/\",\"logo\":{\"@type\":\"ImageObject\",\"inLanguage\":\"fr-FR\",\"@id\":\"https:\\\/\\\/sgierpartner.ch\\\/fr\\\/#\\\/schema\\\/logo\\\/image\\\/\",\"url\":\"https:\\\/\\\/sgierpartner.ch\\\/wp-content\\\/uploads\\\/SP-Logo-Footer-farbig.png\",\"contentUrl\":\"https:\\\/\\\/sgierpartner.ch\\\/wp-content\\\/uploads\\\/SP-Logo-Footer-farbig.png\",\"width\":2058,\"height\":326,\"caption\":\"Sgier + Partner GmbH\"},\"image\":{\"@id\":\"https:\\\/\\\/sgierpartner.ch\\\/fr\\\/#\\\/schema\\\/logo\\\/image\\\/\"}}]}<\/script>\n<!-- \/ Yoast SEO plugin. -->","yoast_head_json":{"title":"Relocalisation de collaborateurs et d\u2019entreprises en Suisse - Workpermit + Arbeitsbewilligungen Spezialist","description":"Sgier + Partner est votre partenaire comp\u00e9tent pour la relocalisation de collaborateurs et d\u2019entreprises en Suisse.","robots":{"index":"index","follow":"follow","max-snippet":"max-snippet:-1","max-image-preview":"max-image-preview:large","max-video-preview":"max-video-preview:-1"},"canonical":"https:\/\/sgierpartner.ch\/fr\/delocalisation\/","og_locale":"fr_FR","og_type":"article","og_title":"Relocalisation de collaborateurs et d\u2019entreprises en Suisse - Workpermit + Arbeitsbewilligungen Spezialist","og_description":"Sgier + Partner est votre partenaire comp\u00e9tent pour la relocalisation de collaborateurs et d\u2019entreprises en Suisse.","og_url":"https:\/\/sgierpartner.ch\/fr\/delocalisation\/","og_site_name":"Workpermit + Arbeitsbewilligungen Spezialist","article_modified_time":"2021-10-16T20:52:00+00:00","og_image":[{"width":1600,"height":900,"url":"https:\/\/sgierpartner.ch\/wp-content\/uploads\/Welcome-to-Switzerland-Matterhorn-1.jpg","type":"image\/jpeg"}],"twitter_card":"summary_large_image","twitter_misc":{"Dur\u00e9e de lecture estim\u00e9e":"4 minutes"},"schema":{"@context":"https:\/\/schema.org","@graph":[{"@type":"WebPage","@id":"https:\/\/sgierpartner.ch\/fr\/delocalisation\/","url":"https:\/\/sgierpartner.ch\/fr\/delocalisation\/","name":"Relocalisation de collaborateurs et d\u2019entreprises en Suisse - Workpermit + Arbeitsbewilligungen Spezialist","isPartOf":{"@id":"https:\/\/sgierpartner.ch\/fr\/#website"},"primaryImageOfPage":{"@id":"https:\/\/sgierpartner.ch\/fr\/delocalisation\/#primaryimage"},"image":{"@id":"https:\/\/sgierpartner.ch\/fr\/delocalisation\/#primaryimage"},"thumbnailUrl":"https:\/\/sgierpartner.ch\/wp-content\/uploads\/Welcome-to-Switzerland-Matterhorn-1.jpg","datePublished":"2020-05-21T12:02:34+00:00","dateModified":"2021-10-16T20:52:00+00:00","description":"Sgier + Partner est votre partenaire comp\u00e9tent pour la relocalisation de collaborateurs et d\u2019entreprises en Suisse.","breadcrumb":{"@id":"https:\/\/sgierpartner.ch\/fr\/delocalisation\/#breadcrumb"},"inLanguage":"fr-FR","potentialAction":[{"@type":"ReadAction","target":["https:\/\/sgierpartner.ch\/fr\/delocalisation\/"]}]},{"@type":"ImageObject","inLanguage":"fr-FR","@id":"https:\/\/sgierpartner.ch\/fr\/delocalisation\/#primaryimage","url":"https:\/\/sgierpartner.ch\/wp-content\/uploads\/Welcome-to-Switzerland-Matterhorn-1.jpg","contentUrl":"https:\/\/sgierpartner.ch\/wp-content\/uploads\/Welcome-to-Switzerland-Matterhorn-1.jpg","width":1600,"height":900,"caption":"swiss immigration + relocation services in Switzerland: Zurich, Geneva, Zug, Lugano, Basle, Berne, Lausanne"},{"@type":"BreadcrumbList","@id":"https:\/\/sgierpartner.ch\/fr\/delocalisation\/#breadcrumb","itemListElement":[{"@type":"ListItem","position":1,"name":"Startseite","item":"https:\/\/sgierpartner.ch\/fr\/"},{"@type":"ListItem","position":2,"name":"D\u00e9localisation"}]},{"@type":"WebSite","@id":"https:\/\/sgierpartner.ch\/fr\/#website","url":"https:\/\/sgierpartner.ch\/fr\/","name":"Sgier+Partner","description":"swiss immigration+relocation","publisher":{"@id":"https:\/\/sgierpartner.ch\/fr\/#organization"},"potentialAction":[{"@type":"SearchAction","target":{"@type":"EntryPoint","urlTemplate":"https:\/\/sgierpartner.ch\/fr\/?s={search_term_string}"},"query-input":{"@type":"PropertyValueSpecification","valueRequired":true,"valueName":"search_term_string"}}],"inLanguage":"fr-FR"},{"@type":"Organization","@id":"https:\/\/sgierpartner.ch\/fr\/#organization","name":"Sgier + Partner GmbH","url":"https:\/\/sgierpartner.ch\/fr\/","logo":{"@type":"ImageObject","inLanguage":"fr-FR","@id":"https:\/\/sgierpartner.ch\/fr\/#\/schema\/logo\/image\/","url":"https:\/\/sgierpartner.ch\/wp-content\/uploads\/SP-Logo-Footer-farbig.png","contentUrl":"https:\/\/sgierpartner.ch\/wp-content\/uploads\/SP-Logo-Footer-farbig.png","width":2058,"height":326,"caption":"Sgier + Partner GmbH"},"image":{"@id":"https:\/\/sgierpartner.ch\/fr\/#\/schema\/logo\/image\/"}}]}},"_links":{"self":[{"href":"https:\/\/sgierpartner.ch\/fr\/wp-json\/wp\/v2\/pages\/4909","targetHints":{"allow":["GET"]}}],"collection":[{"href":"https:\/\/sgierpartner.ch\/fr\/wp-json\/wp\/v2\/pages"}],"about":[{"href":"https:\/\/sgierpartner.ch\/fr\/wp-json\/wp\/v2\/types\/page"}],"author":[{"embeddable":true,"href":"https:\/\/sgierpartner.ch\/fr\/wp-json\/wp\/v2\/users\/1"}],"replies":[{"embeddable":true,"href":"https:\/\/sgierpartner.ch\/fr\/wp-json\/wp\/v2\/comments?post=4909"}],"version-history":[{"count":0,"href":"https:\/\/sgierpartner.ch\/fr\/wp-json\/wp\/v2\/pages\/4909\/revisions"}],"wp:featuredmedia":[{"embeddable":true,"href":"https:\/\/sgierpartner.ch\/fr\/wp-json\/wp\/v2\/media\/3876"}],"wp:attachment":[{"href":"https:\/\/sgierpartner.ch\/fr\/wp-json\/wp\/v2\/media?parent=4909"}],"wp:term":[{"taxonomy":"wf_page_folders","embeddable":true,"href":"https:\/\/sgierpartner.ch\/fr\/wp-json\/wp\/v2\/wf_page_folders?post=4909"}],"curies":[{"name":"wp","href":"https:\/\/api.w.org\/{rel}","templated":true}]}}