{"id":4960,"date":"2020-05-21T15:58:27","date_gmt":"2020-05-21T13:58:27","guid":{"rendered":"http:\/\/975ciacxzt.preview.infomaniak.website\/sgierpartner\/entreprise\/"},"modified":"2023-09-11T13:31:28","modified_gmt":"2023-09-11T11:31:28","slug":"entreprise","status":"publish","type":"page","link":"https:\/\/sgierpartner.ch\/fr\/entreprise\/","title":{"rendered":"Entreprise"},"content":{"rendered":"<p>[et_pb_section fb_built=&#8221;1&#8243; fullwidth=&#8221;on&#8221; _builder_version=&#8221;4.16&#8243; global_colors_info=&#8221;{}&#8221; theme_builder_area=&#8221;post_content&#8221;][et_pb_fullwidth_image src=&#8221;https:\/\/sgierpartner.ch\/wp-content\/uploads\/Zurich-immigration-relocation-switzerland-1.jpg&#8221; alt=&#8221;Welcome to Geneva &#8211; swiss immigration + relocation services&#8221; title_text=&#8221;Geneva | swiss immigration+relocation&#8221; _builder_version=&#8221;4.16&#8243; global_colors_info=&#8221;{}&#8221; src__hover_enabled=&#8221;on|hover&#8221; src__hover=&#8221;https:\/\/sgierpartner.ch\/wp-content\/uploads\/Genf-immigration-relocation-suisse-2.jpg&#8221; theme_builder_area=&#8221;post_content&#8221;][\/et_pb_fullwidth_image][\/et_pb_section][et_pb_section fb_built=&#8221;1&#8243; _builder_version=&#8221;4.16&#8243; global_colors_info=&#8221;{}&#8221; theme_builder_area=&#8221;post_content&#8221;][et_pb_row _builder_version=&#8221;4.16&#8243; custom_margin=&#8221;0px||||false|false&#8221; global_colors_info=&#8221;{}&#8221; theme_builder_area=&#8221;post_content&#8221;][et_pb_column type=&#8221;4_4&#8243; _builder_version=&#8221;4.16&#8243; global_colors_info=&#8221;{}&#8221; theme_builder_area=&#8221;post_content&#8221;][et_pb_text _builder_version=&#8221;4.16&#8243; custom_margin=&#8221;||||false|false&#8221; global_colors_info=&#8221;{}&#8221; theme_builder_area=&#8221;post_content&#8221;]<\/p>\n<h1>Qui sommes-nous?<\/h1>\n<p>[\/et_pb_text][et_pb_menu menu_id=&#8221;47&#8243; disabled_on=&#8221;on|off|off&#8221; _builder_version=&#8221;4.16&#8243; global_colors_info=&#8221;{}&#8221; theme_builder_area=&#8221;post_content&#8221;][\/et_pb_menu][\/et_pb_column][\/et_pb_row][et_pb_row column_structure=&#8221;3_5,2_5&#8243; _builder_version=&#8221;4.16&#8243; global_colors_info=&#8221;{}&#8221; theme_builder_area=&#8221;post_content&#8221;][et_pb_column type=&#8221;3_5&#8243; _builder_version=&#8221;4.16&#8243; global_colors_info=&#8221;{}&#8221; theme_builder_area=&#8221;post_content&#8221;][et_pb_text _builder_version=&#8221;4.22.1&#8243; hover_enabled=&#8221;0&#8243; global_colors_info=&#8221;{}&#8221; theme_builder_area=&#8221;post_content&#8221; sticky_enabled=&#8221;0&#8243;]<\/p>\n<p>Sgier + Partner S\u00e0rl, dont le si\u00e8ge principal est \u00e0 Zurich est une entreprise leader dans la fourniture de services d\u2019immigration et de relocalisation.<\/p>\n<p>[\/et_pb_text][et_pb_image src=&#8221;https:\/\/sgierpartner.ch\/wp-content\/uploads\/\/Geneva-Swiss-Immigration-relocation-sgier-partner-1024&#215;576.jpg&#8221; alt=&#8221;Welcome to Zurich &#8211; Limmatquai&#8221; title_text=&#8221;Limmatquai Zurich | swiss immigration+relocation&#8221; _builder_version=&#8221;4.16&#8243; global_colors_info=&#8221;{}&#8221; src__hover_enabled=&#8221;on|desktop&#8221; src__hover=&#8221;https:\/\/sgierpartner.ch\/wp-content\/uploads\/Immigration-Relocation-Limmatquai-Zurich-1.jpg&#8221; theme_builder_area=&#8221;post_content&#8221;][\/et_pb_image][et_pb_text _builder_version=&#8221;4.16&#8243; custom_margin=&#8221;0px||0px||false|false&#8221; global_colors_info=&#8221;{}&#8221; theme_builder_area=&#8221;post_content&#8221;]Fond\u00e9e en 2001, l\u2019entreprise soutient en Suisse plus de 100 d\u00e9partements de RH dans le recrutement de collaborateurs \u00e9trangers, en mettant l\u2019accent sur le bon d\u00e9roulement et la s\u00e9curit\u00e9 des implantations de l\u2019\u00e9tranger vers la Suisse. De m\u00eame, l\u2019entreprise conseille et \u00e9paule les entreprises \u00e9trang\u00e8res qui souhaitent s\u2019implanter en Suisse. Sgier + Partner s\u2019est acquise une position particuli\u00e8re dans le domaine de la gestion des permis de travail et de s\u00e9jour en Suisse. L\u2019\u00e9quipe Immigration, qui a une longue exp\u00e9rience professionnelle, a trait\u00e9 pour ses clients plus de 30.000 cas d\u2019autorisations.<\/p>\n<p>Avec cette prestation, l\u2019entreprise est devenue le leader du march\u00e9 suisse dans cette discipline. La toute r\u00e9cente innovation de Sgier + Partner \u00abPermit24\u00ae\u00bb permet au client de consulter \u00e0 tout moment et en quelques secondes le statut de ses autorisations en cours de traitement.<\/p>\n<p><strong>En outre, cette solution acc\u00e9l\u00e8re consid\u00e9rablement le processus d\u2019autorisation et met \u00e0 disposition \u00e0 tout moment des donn\u00e9es de management.<\/strong>[\/et_pb_text][\/et_pb_column][et_pb_column type=&#8221;2_5&#8243; _builder_version=&#8221;4.16&#8243; global_colors_info=&#8221;{}&#8221; theme_builder_area=&#8221;post_content&#8221;][et_pb_cta title=&#8221;Sgier + Partner est sp\u00e9cialis\u00e9e dans:&#8221; _builder_version=&#8221;4.16&#8243; global_colors_info=&#8221;{}&#8221; theme_builder_area=&#8221;post_content&#8221;]<\/p>\n<ul>\n<li>Le d\u00e9p\u00f4t de demandes de permis de s\u00e9jour et de travail<\/li>\n<li>L\u2019acc\u00e8s en ligne 24 heures sur 24, 7 jours sur 7, aux demandes de permis en cours<\/li>\n<li>Les paquets de Relocation sur mesures pour vos collaborateurs<\/li>\n<li>Tax consulting pour expats<\/li>\n<li>Les conseils individuels sur les questions relevant du droit des \u00e9trangers<\/li>\n<li>Les sessions en ateliers portant sur les questions actuelles li\u00e9es \u00e0 l\u2019immigration<\/li>\n<li>Le soutien \u00e0 l\u2019implantation d\u2019entreprises \u00e9trang\u00e8res<\/li>\n<\/ul>\n<p>[\/et_pb_cta][\/et_pb_column][\/et_pb_row][\/et_pb_section]<\/p>\n","protected":false},"excerpt":{"rendered":"<p>Fond\u00e9e en 2001, l\u2019entreprise soutient en Suisse plus de 100 d\u00e9partements de RH dans le recrutement de collaborateurs \u00e9trangers, en mettant l\u2019accent sur le bon d\u00e9roulement et la s\u00e9curit\u00e9 des implantations de l\u2019\u00e9tranger vers la Suisse. De m\u00eame, l\u2019entreprise conseille et \u00e9paule les entreprises \u00e9trang\u00e8res qui souhaitent s\u2019implanter en Suisse. Sgier + Partner s\u2019est acquise une position particuli\u00e8re dans le domaine de la gestion des permis de travail et de s\u00e9jour en Suisse. L\u2019\u00e9quipe Immigration, qui a une longue exp\u00e9rience professionnelle, a trait\u00e9 pour ses clients plus de 30.000 cas d\u2019autorisations. <\/p>\n","protected":false},"author":1,"featured_media":3309,"parent":0,"menu_order":0,"comment_status":"closed","ping_status":"closed","template":"","meta":{"_et_pb_use_builder":"on","_et_pb_old_content":"","_et_gb_content_width":"","footnotes":""},"wf_page_folders":[88],"class_list":["post-4960","page","type-page","status-publish","has-post-thumbnail","hentry"],"yoast_head":"<!-- This site is optimized with the Yoast SEO plugin v27.5 - https:\/\/yoast.com\/product\/yoast-seo-wordpress\/ -->\n<title>Sp\u00e9cialis\u00e9e dans les permis de travail en Suisse - Workpermit + Arbeitsbewilligungen Spezialist<\/title>\n<meta name=\"description\" content=\"Sgier + Partner est une entreprise leader dans la fourniture de services d\u2019immigration.\" \/>\n<meta name=\"robots\" content=\"index, follow, max-snippet:-1, max-image-preview:large, max-video-preview:-1\" \/>\n<link rel=\"canonical\" href=\"https:\/\/sgierpartner.ch\/fr\/entreprise\/\" \/>\n<meta property=\"og:locale\" content=\"fr_FR\" \/>\n<meta property=\"og:type\" content=\"article\" \/>\n<meta property=\"og:title\" content=\"Sp\u00e9cialis\u00e9e dans les permis de travail en Suisse - Workpermit + Arbeitsbewilligungen Spezialist\" \/>\n<meta property=\"og:description\" content=\"Sgier + Partner est une entreprise leader dans la fourniture de services d\u2019immigration.\" \/>\n<meta property=\"og:url\" content=\"https:\/\/sgierpartner.ch\/fr\/entreprise\/\" \/>\n<meta property=\"og:site_name\" content=\"Workpermit + Arbeitsbewilligungen Spezialist\" \/>\n<meta property=\"article:modified_time\" content=\"2023-09-11T11:31:28+00:00\" \/>\n<meta property=\"og:image\" content=\"https:\/\/sgierpartner.ch\/wp-content\/uploads\/Immigration-Relocation-Limmatquai-Zurich-1.jpg\" \/>\n\t<meta property=\"og:image:width\" content=\"800\" \/>\n\t<meta property=\"og:image:height\" content=\"450\" \/>\n\t<meta property=\"og:image:type\" content=\"image\/jpeg\" \/>\n<meta name=\"twitter:card\" content=\"summary_large_image\" \/>\n<meta name=\"twitter:label1\" content=\"Dur\u00e9e de lecture estim\u00e9e\" \/>\n\t<meta name=\"twitter:data1\" content=\"3 minutes\" \/>\n<script type=\"application\/ld+json\" class=\"yoast-schema-graph\">{\"@context\":\"https:\\\/\\\/schema.org\",\"@graph\":[{\"@type\":\"WebPage\",\"@id\":\"https:\\\/\\\/sgierpartner.ch\\\/fr\\\/entreprise\\\/\",\"url\":\"https:\\\/\\\/sgierpartner.ch\\\/fr\\\/entreprise\\\/\",\"name\":\"Sp\u00e9cialis\u00e9e dans les permis de travail en Suisse - Workpermit + Arbeitsbewilligungen Spezialist\",\"isPartOf\":{\"@id\":\"https:\\\/\\\/sgierpartner.ch\\\/fr\\\/#website\"},\"primaryImageOfPage\":{\"@id\":\"https:\\\/\\\/sgierpartner.ch\\\/fr\\\/entreprise\\\/#primaryimage\"},\"image\":{\"@id\":\"https:\\\/\\\/sgierpartner.ch\\\/fr\\\/entreprise\\\/#primaryimage\"},\"thumbnailUrl\":\"https:\\\/\\\/sgierpartner.ch\\\/wp-content\\\/uploads\\\/Immigration-Relocation-Limmatquai-Zurich-1.jpg\",\"datePublished\":\"2020-05-21T13:58:27+00:00\",\"dateModified\":\"2023-09-11T11:31:28+00:00\",\"description\":\"Sgier + Partner est une entreprise leader dans la fourniture de services d\u2019immigration.\",\"breadcrumb\":{\"@id\":\"https:\\\/\\\/sgierpartner.ch\\\/fr\\\/entreprise\\\/#breadcrumb\"},\"inLanguage\":\"fr-FR\",\"potentialAction\":[{\"@type\":\"ReadAction\",\"target\":[\"https:\\\/\\\/sgierpartner.ch\\\/fr\\\/entreprise\\\/\"]}]},{\"@type\":\"ImageObject\",\"inLanguage\":\"fr-FR\",\"@id\":\"https:\\\/\\\/sgierpartner.ch\\\/fr\\\/entreprise\\\/#primaryimage\",\"url\":\"https:\\\/\\\/sgierpartner.ch\\\/wp-content\\\/uploads\\\/Immigration-Relocation-Limmatquai-Zurich-1.jpg\",\"contentUrl\":\"https:\\\/\\\/sgierpartner.ch\\\/wp-content\\\/uploads\\\/Immigration-Relocation-Limmatquai-Zurich-1.jpg\",\"width\":800,\"height\":450,\"caption\":\"swiss immigration + relocation services in Switzerland: Zurich, Geneva, Zug, Lugano, Basle, Berne, Lausanne\"},{\"@type\":\"BreadcrumbList\",\"@id\":\"https:\\\/\\\/sgierpartner.ch\\\/fr\\\/entreprise\\\/#breadcrumb\",\"itemListElement\":[{\"@type\":\"ListItem\",\"position\":1,\"name\":\"Startseite\",\"item\":\"https:\\\/\\\/sgierpartner.ch\\\/fr\\\/\"},{\"@type\":\"ListItem\",\"position\":2,\"name\":\"Entreprise\"}]},{\"@type\":\"WebSite\",\"@id\":\"https:\\\/\\\/sgierpartner.ch\\\/fr\\\/#website\",\"url\":\"https:\\\/\\\/sgierpartner.ch\\\/fr\\\/\",\"name\":\"Sgier+Partner\",\"description\":\"swiss immigration+relocation\",\"publisher\":{\"@id\":\"https:\\\/\\\/sgierpartner.ch\\\/fr\\\/#organization\"},\"potentialAction\":[{\"@type\":\"SearchAction\",\"target\":{\"@type\":\"EntryPoint\",\"urlTemplate\":\"https:\\\/\\\/sgierpartner.ch\\\/fr\\\/?s={search_term_string}\"},\"query-input\":{\"@type\":\"PropertyValueSpecification\",\"valueRequired\":true,\"valueName\":\"search_term_string\"}}],\"inLanguage\":\"fr-FR\"},{\"@type\":\"Organization\",\"@id\":\"https:\\\/\\\/sgierpartner.ch\\\/fr\\\/#organization\",\"name\":\"Sgier + Partner GmbH\",\"url\":\"https:\\\/\\\/sgierpartner.ch\\\/fr\\\/\",\"logo\":{\"@type\":\"ImageObject\",\"inLanguage\":\"fr-FR\",\"@id\":\"https:\\\/\\\/sgierpartner.ch\\\/fr\\\/#\\\/schema\\\/logo\\\/image\\\/\",\"url\":\"https:\\\/\\\/sgierpartner.ch\\\/wp-content\\\/uploads\\\/SP-Logo-Footer-farbig.png\",\"contentUrl\":\"https:\\\/\\\/sgierpartner.ch\\\/wp-content\\\/uploads\\\/SP-Logo-Footer-farbig.png\",\"width\":2058,\"height\":326,\"caption\":\"Sgier + Partner GmbH\"},\"image\":{\"@id\":\"https:\\\/\\\/sgierpartner.ch\\\/fr\\\/#\\\/schema\\\/logo\\\/image\\\/\"}}]}<\/script>\n<!-- \/ Yoast SEO plugin. -->","yoast_head_json":{"title":"Sp\u00e9cialis\u00e9e dans les permis de travail en Suisse - Workpermit + Arbeitsbewilligungen Spezialist","description":"Sgier + Partner est une entreprise leader dans la fourniture de services d\u2019immigration.","robots":{"index":"index","follow":"follow","max-snippet":"max-snippet:-1","max-image-preview":"max-image-preview:large","max-video-preview":"max-video-preview:-1"},"canonical":"https:\/\/sgierpartner.ch\/fr\/entreprise\/","og_locale":"fr_FR","og_type":"article","og_title":"Sp\u00e9cialis\u00e9e dans les permis de travail en Suisse - Workpermit + Arbeitsbewilligungen Spezialist","og_description":"Sgier + Partner est une entreprise leader dans la fourniture de services d\u2019immigration.","og_url":"https:\/\/sgierpartner.ch\/fr\/entreprise\/","og_site_name":"Workpermit + Arbeitsbewilligungen Spezialist","article_modified_time":"2023-09-11T11:31:28+00:00","og_image":[{"width":800,"height":450,"url":"https:\/\/sgierpartner.ch\/wp-content\/uploads\/Immigration-Relocation-Limmatquai-Zurich-1.jpg","type":"image\/jpeg"}],"twitter_card":"summary_large_image","twitter_misc":{"Dur\u00e9e de lecture estim\u00e9e":"3 minutes"},"schema":{"@context":"https:\/\/schema.org","@graph":[{"@type":"WebPage","@id":"https:\/\/sgierpartner.ch\/fr\/entreprise\/","url":"https:\/\/sgierpartner.ch\/fr\/entreprise\/","name":"Sp\u00e9cialis\u00e9e dans les permis de travail en Suisse - Workpermit + Arbeitsbewilligungen Spezialist","isPartOf":{"@id":"https:\/\/sgierpartner.ch\/fr\/#website"},"primaryImageOfPage":{"@id":"https:\/\/sgierpartner.ch\/fr\/entreprise\/#primaryimage"},"image":{"@id":"https:\/\/sgierpartner.ch\/fr\/entreprise\/#primaryimage"},"thumbnailUrl":"https:\/\/sgierpartner.ch\/wp-content\/uploads\/Immigration-Relocation-Limmatquai-Zurich-1.jpg","datePublished":"2020-05-21T13:58:27+00:00","dateModified":"2023-09-11T11:31:28+00:00","description":"Sgier + Partner est une entreprise leader dans la fourniture de services d\u2019immigration.","breadcrumb":{"@id":"https:\/\/sgierpartner.ch\/fr\/entreprise\/#breadcrumb"},"inLanguage":"fr-FR","potentialAction":[{"@type":"ReadAction","target":["https:\/\/sgierpartner.ch\/fr\/entreprise\/"]}]},{"@type":"ImageObject","inLanguage":"fr-FR","@id":"https:\/\/sgierpartner.ch\/fr\/entreprise\/#primaryimage","url":"https:\/\/sgierpartner.ch\/wp-content\/uploads\/Immigration-Relocation-Limmatquai-Zurich-1.jpg","contentUrl":"https:\/\/sgierpartner.ch\/wp-content\/uploads\/Immigration-Relocation-Limmatquai-Zurich-1.jpg","width":800,"height":450,"caption":"swiss immigration + relocation services in Switzerland: Zurich, Geneva, Zug, Lugano, Basle, Berne, Lausanne"},{"@type":"BreadcrumbList","@id":"https:\/\/sgierpartner.ch\/fr\/entreprise\/#breadcrumb","itemListElement":[{"@type":"ListItem","position":1,"name":"Startseite","item":"https:\/\/sgierpartner.ch\/fr\/"},{"@type":"ListItem","position":2,"name":"Entreprise"}]},{"@type":"WebSite","@id":"https:\/\/sgierpartner.ch\/fr\/#website","url":"https:\/\/sgierpartner.ch\/fr\/","name":"Sgier+Partner","description":"swiss immigration+relocation","publisher":{"@id":"https:\/\/sgierpartner.ch\/fr\/#organization"},"potentialAction":[{"@type":"SearchAction","target":{"@type":"EntryPoint","urlTemplate":"https:\/\/sgierpartner.ch\/fr\/?s={search_term_string}"},"query-input":{"@type":"PropertyValueSpecification","valueRequired":true,"valueName":"search_term_string"}}],"inLanguage":"fr-FR"},{"@type":"Organization","@id":"https:\/\/sgierpartner.ch\/fr\/#organization","name":"Sgier + Partner GmbH","url":"https:\/\/sgierpartner.ch\/fr\/","logo":{"@type":"ImageObject","inLanguage":"fr-FR","@id":"https:\/\/sgierpartner.ch\/fr\/#\/schema\/logo\/image\/","url":"https:\/\/sgierpartner.ch\/wp-content\/uploads\/SP-Logo-Footer-farbig.png","contentUrl":"https:\/\/sgierpartner.ch\/wp-content\/uploads\/SP-Logo-Footer-farbig.png","width":2058,"height":326,"caption":"Sgier + Partner GmbH"},"image":{"@id":"https:\/\/sgierpartner.ch\/fr\/#\/schema\/logo\/image\/"}}]}},"_links":{"self":[{"href":"https:\/\/sgierpartner.ch\/fr\/wp-json\/wp\/v2\/pages\/4960","targetHints":{"allow":["GET"]}}],"collection":[{"href":"https:\/\/sgierpartner.ch\/fr\/wp-json\/wp\/v2\/pages"}],"about":[{"href":"https:\/\/sgierpartner.ch\/fr\/wp-json\/wp\/v2\/types\/page"}],"author":[{"embeddable":true,"href":"https:\/\/sgierpartner.ch\/fr\/wp-json\/wp\/v2\/users\/1"}],"replies":[{"embeddable":true,"href":"https:\/\/sgierpartner.ch\/fr\/wp-json\/wp\/v2\/comments?post=4960"}],"version-history":[{"count":7,"href":"https:\/\/sgierpartner.ch\/fr\/wp-json\/wp\/v2\/pages\/4960\/revisions"}],"predecessor-version":[{"id":8218,"href":"https:\/\/sgierpartner.ch\/fr\/wp-json\/wp\/v2\/pages\/4960\/revisions\/8218"}],"wp:featuredmedia":[{"embeddable":true,"href":"https:\/\/sgierpartner.ch\/fr\/wp-json\/wp\/v2\/media\/3309"}],"wp:attachment":[{"href":"https:\/\/sgierpartner.ch\/fr\/wp-json\/wp\/v2\/media?parent=4960"}],"wp:term":[{"taxonomy":"wf_page_folders","embeddable":true,"href":"https:\/\/sgierpartner.ch\/fr\/wp-json\/wp\/v2\/wf_page_folders?post=4960"}],"curies":[{"name":"wp","href":"https:\/\/api.w.org\/{rel}","templated":true}]}}