{"id":4976,"date":"2020-05-21T19:22:23","date_gmt":"2020-05-21T17:22:23","guid":{"rendered":"http:\/\/975ciacxzt.preview.infomaniak.website\/sgierpartner\/pourquoi-sgier-partner\/"},"modified":"2023-09-11T13:19:06","modified_gmt":"2023-09-11T11:19:06","slug":"pourquoi-sgier-partner","status":"publish","type":"page","link":"https:\/\/sgierpartner.ch\/fr\/pourquoi-sgier-partner\/","title":{"rendered":"Pourquoi Sgier + Partner?"},"content":{"rendered":"<p>[et_pb_section fb_built=&#8221;1&#8243; fullwidth=&#8221;on&#8221; _builder_version=&#8221;4.16&#8243; global_colors_info=&#8221;{}&#8221; theme_builder_area=&#8221;post_content&#8221;][et_pb_fullwidth_image src=&#8221;https:\/\/sgierpartner.ch\/wp-content\/uploads\/Himmel-immigration-relocation-schweiz-2.jpg&#8221; alt=&#8221;Welcome to Switzerland &#8211; swiss immigration + relocation services&#8221; title_text=&#8221;Sgier + Partner Zurich, Switzerland | swiss immigration+relocation&#8221; _builder_version=&#8221;4.16&#8243; global_colors_info=&#8221;{}&#8221; theme_builder_area=&#8221;post_content&#8221;][\/et_pb_fullwidth_image][\/et_pb_section][et_pb_section fb_built=&#8221;1&#8243; _builder_version=&#8221;4.16&#8243; global_colors_info=&#8221;{}&#8221; theme_builder_area=&#8221;post_content&#8221;][et_pb_row _builder_version=&#8221;4.16&#8243; custom_margin=&#8221;0px||||false|false&#8221; global_colors_info=&#8221;{}&#8221; theme_builder_area=&#8221;post_content&#8221;][et_pb_column type=&#8221;4_4&#8243; _builder_version=&#8221;4.16&#8243; global_colors_info=&#8221;{}&#8221; theme_builder_area=&#8221;post_content&#8221;][et_pb_text _builder_version=&#8221;4.16&#8243; custom_margin=&#8221;||||false|false&#8221; global_colors_info=&#8221;{}&#8221; theme_builder_area=&#8221;post_content&#8221;]<\/p>\n<h1 class=\"ce_headline first\">Pourquoi Sgier + Partner?<\/h1>\n<p>[\/et_pb_text][et_pb_menu menu_id=&#8221;47&#8243; disabled_on=&#8221;on|on|off&#8221; _builder_version=&#8221;4.16&#8243; global_colors_info=&#8221;{}&#8221; theme_builder_area=&#8221;post_content&#8221;][\/et_pb_menu][\/et_pb_column][\/et_pb_row][et_pb_row column_structure=&#8221;3_5,2_5&#8243; _builder_version=&#8221;4.16&#8243; global_colors_info=&#8221;{}&#8221; theme_builder_area=&#8221;post_content&#8221;][et_pb_column type=&#8221;3_5&#8243; _builder_version=&#8221;4.16&#8243; global_colors_info=&#8221;{}&#8221; theme_builder_area=&#8221;post_content&#8221;][et_pb_text _builder_version=&#8221;4.16&#8243; global_colors_info=&#8221;{}&#8221; theme_builder_area=&#8221;post_content&#8221;]<\/p>\n<h4>Notre credo supr\u00eame est la qualit\u00e9, la qualit\u00e9 dans tout ce que nous faisons.<\/h4>\n<p>Les meilleures entreprises de consultance et les plus en vue, plus de 10 banques, plus de 20 grandes entreprises de logiciel et d\u2019informatique et de nombreux autres clients nous font confiance en mati\u00e8re de gestion de permis de travail et de s\u00e9jour. Et vous, quand pourrons-nous nous pr\u00e9senter \u00e0 vous?<\/p>\n<p>&nbsp;[\/et_pb_text][et_pb_image src=&#8221;https:\/\/sgierpartner.ch\/wp-content\/uploads\/why_de-immigration-relocation-schweiz.jpg&#8221; alt=&#8221;Pourquoi Sgier + Partner? | swiss immigration + relocation services&#8221; title_text=&#8221;Pourquoi Sgier + Partner? | swiss immigration + relocation services&#8221; _builder_version=&#8221;4.16&#8243; global_colors_info=&#8221;{}&#8221; theme_builder_area=&#8221;post_content&#8221;][\/et_pb_image][\/et_pb_column][et_pb_column type=&#8221;2_5&#8243; _builder_version=&#8221;4.16&#8243; global_colors_info=&#8221;{}&#8221; theme_builder_area=&#8221;post_content&#8221;][et_pb_cta title=&#8221;Nous sommes les sp\u00e9cialistes de l\u2019immigration&#8221; button_url=&#8221;@ET-DC@eyJkeW5hbWljIjp0cnVlLCJjb250ZW50IjoicG9zdF9saW5rX3VybF9wYWdlIiwic2V0dGluZ3MiOnsicG9zdF9pZCI6IjIwMjkifX0=@&#8221; button_text=&#8221;Prenez contact avec nous&#8221; _builder_version=&#8221;4.16&#8243; _dynamic_attributes=&#8221;button_url&#8221; custom_button=&#8221;on&#8221; button_text_color=&#8221;#e11a24&#8243; button_bg_color=&#8221;#ffffff&#8221; button_border_radius=&#8221;12px&#8221; global_colors_info=&#8221;{}&#8221; button_text_color__hover_enabled=&#8221;on|hover&#8221; button_text_color__hover=&#8221;#011ca7&#8243; button_text__hover_enabled=&#8221;on|desktop&#8221; theme_builder_area=&#8221;post_content&#8221; button_text__hover=&#8221;Nehmen Sie mit uns Kontakt auf&#8221;]Notre \u00e9quipe de collaborateurs comp\u00e9tents r\u00e9unit plus de 70 ann\u00e9es de pratique dans la gestion des permis de travail. Elle se compose de sp\u00e9cialistes chevronn\u00e9s de l\u2019immigration, de juristes et d\u2019avocats. Elle communique en dix langues diff\u00e9rentes. La base et l\u2019\u00e9thique de notre travail sont: la qualit\u00e9, la conformit\u00e9, la fiabilit\u00e9 et une attitude proactive.<\/p>\n<p>L\u2019\u00e9quipe Immigration est plac\u00e9e sous la direction d\u2019Antonia Sgier. Celle-ci a commenc\u00e9 sa carri\u00e8re \u00e0 l\u2019office zurichois du travail, o\u00f9 elle a pass\u00e9 de nombreuses ann\u00e9es \u00e0 \u00e9valuer et \u00e0 autoriser les demandes de permis. Son exp\u00e9rience pratique de plus de 26 ann\u00e9es lui permet de disposer d\u2019un savoir-faire hors du commun et d\u2019un vaste r\u00e9seau de relations aupr\u00e8s des autorit\u00e9s.<\/p>\n<p>Chez Sgier + Partner, une \u00e9quipe hautement motiv\u00e9e attend avec plaisir de pouvoir vous aider.[\/et_pb_cta][\/et_pb_column][\/et_pb_row][et_pb_row column_structure=&#8221;3_5,2_5&#8243; _builder_version=&#8221;4.16&#8243; global_colors_info=&#8221;{}&#8221; theme_builder_area=&#8221;post_content&#8221;][et_pb_column type=&#8221;3_5&#8243; _builder_version=&#8221;4.16&#8243; global_colors_info=&#8221;{}&#8221; theme_builder_area=&#8221;post_content&#8221;][et_pb_text _builder_version=&#8221;4.16&#8243; custom_margin=&#8221;0px||0px||false|false&#8221; global_colors_info=&#8221;{}&#8221; theme_builder_area=&#8221;post_content&#8221;]<\/p>\n<h4>Un seul prestataire, une seule responsabilit\u00e9<\/h4>\n<p>Services d\u2019immigration, services de relocalisation, gestion de l\u2019implantation d\u2019entreprises et toute la gamme des services compl\u00e9mentaires. D\u00e9velopp\u00e9s et mis en \u0153uvre par des \u00e9quipes transdisciplinaires.<\/p>\n<h4>Leader<\/h4>\n<p>Des ressources pour des services de premier ordre en qualit\u00e9 comme en quantit\u00e9 \u2013 \u00e0 tout moment.<\/p>\n<h4>R\u00e9seautage et comp\u00e9tence<\/h4>\n<p>Des collaborateurs exp\u00e9riment\u00e9s avec un r\u00e9seau de relations dense et solide qui s\u2019av\u00e8re utile pour le client.<\/p>\n<h4>Direction par les propri\u00e9taires<\/h4>\n<p>Entreprise suisse ind\u00e9pendante \u00e0 orientation nationale et internationale appartenant \u00e0 sa direction \u2013 une garantie de grand engagement personnel.<\/p>\n<h4>En Suisse et \u00e0 l\u2019international<\/h4>\n<p>Active dans tous les cantons de Suisse et pr\u00e9sente sur tous les march\u00e9s internationaux gr\u00e2ce \u00e0 des partenariats nou\u00e9s avec de grandes entreprises d\u2019immigration et de relocalisation.<\/p>\n<h4>Exp\u00e9riment\u00e9s<\/h4>\n<p>Gr\u00e2ce \u00e0 leur grand savoir-faire, les services d\u2019immigration et de relocalisation sont aptes \u00e0 effectuer une proc\u00e9dure d\u2019ensemble r\u00e9ussie et int\u00e9gr\u00e9e.<\/p>\n<h4>R\u00e9ussite<\/h4>\n<p>Leader du march\u00e9 suisse des services d\u2019immigration et partenaire \u00e9minent en combinaison avec des services de relocalisation et compl\u00e9mentaires.<\/p>\n<h4>Tourn\u00e9e vers l\u2019avenir et stimulante<\/h4>\n<p>Nous axons en permanence notre travail sur les \u00abbonnes pratiques\u00bb, ce qui garantit\u00a0\u00a0 aux clients des solutions de services d\u2019immigration et de relocalisation modernes, surprenantes et efficaces. Avec nos solutions de logiciel d\u00e9velopp\u00e9es par nos soins \u00abPermit24\u00ae\u00bb et \u00abRelo24\u00ae\u00bb, nous avons cr\u00e9\u00e9 des innovations suppl\u00e9mentaires qui apportent \u00e0 nos clients une plus-value marqu\u00e9e.<\/p>\n<p>[\/et_pb_text][\/et_pb_column][et_pb_column type=&#8221;2_5&#8243; _builder_version=&#8221;4.16&#8243; global_colors_info=&#8221;{}&#8221; theme_builder_area=&#8221;post_content&#8221;][et_pb_image src=&#8221;https:\/\/sgierpartner.ch\/wp-content\/uploads\/Sgier-Partner-Trusted-Partner-Network.jpg&#8221; alt=&#8221;Sgier + Partner, the trusted partner for swiss immigration and relocation specialist&#8221; title_text=&#8221;Trusted Partner swiss immigration + relocation services&#8221; _builder_version=&#8221;4.16&#8243; global_colors_info=&#8221;{}&#8221; theme_builder_area=&#8221;post_content&#8221;][\/et_pb_image][\/et_pb_column][\/et_pb_row][\/et_pb_section]<\/p>\n","protected":false},"excerpt":{"rendered":"<p>Nous sommes les sp\u00e9cialistes de l\u2019immigration: Notre \u00e9quipe de collaborateurs comp\u00e9tents r\u00e9unit plus de 70 ann\u00e9es de pratique dans la gestion des permis de travail. Elle se compose de sp\u00e9cialistes chevronn\u00e9s de l\u2019immigration, de juristes et d\u2019avocats. <\/p>\n","protected":false},"author":1,"featured_media":0,"parent":0,"menu_order":0,"comment_status":"closed","ping_status":"closed","template":"","meta":{"_et_pb_use_builder":"on","_et_pb_old_content":"","_et_gb_content_width":"","footnotes":""},"wf_page_folders":[88],"class_list":["post-4976","page","type-page","status-publish","hentry"],"yoast_head":"<!-- This site is optimized with the Yoast SEO plugin v27.5 - https:\/\/yoast.com\/product\/yoast-seo-wordpress\/ -->\n<title>Savoir-faire permis de travail et de r\u00e9sidence en Suisse - Workpermit + Arbeitsbewilligungen Spezialist<\/title>\n<meta name=\"description\" content=\"Les meilleures entreprises de consultance et les plus en vue nous font confiance en mati\u00e8re de gestion de permis de travail et de s\u00e9jour.\" \/>\n<meta name=\"robots\" content=\"index, follow, max-snippet:-1, max-image-preview:large, max-video-preview:-1\" \/>\n<link rel=\"canonical\" href=\"https:\/\/sgierpartner.ch\/fr\/pourquoi-sgier-partner\/\" \/>\n<meta property=\"og:locale\" content=\"fr_FR\" \/>\n<meta property=\"og:type\" content=\"article\" \/>\n<meta property=\"og:title\" content=\"Savoir-faire permis de travail et de r\u00e9sidence en Suisse - Workpermit + Arbeitsbewilligungen Spezialist\" \/>\n<meta property=\"og:description\" content=\"Les meilleures entreprises de consultance et les plus en vue nous font confiance en mati\u00e8re de gestion de permis de travail et de s\u00e9jour.\" \/>\n<meta property=\"og:url\" content=\"https:\/\/sgierpartner.ch\/fr\/pourquoi-sgier-partner\/\" \/>\n<meta property=\"og:site_name\" content=\"Workpermit + Arbeitsbewilligungen Spezialist\" \/>\n<meta property=\"article:modified_time\" content=\"2023-09-11T11:19:06+00:00\" \/>\n<meta name=\"twitter:card\" content=\"summary_large_image\" \/>\n<meta name=\"twitter:label1\" content=\"Dur\u00e9e de lecture estim\u00e9e\" \/>\n\t<meta name=\"twitter:data1\" content=\"5 minutes\" \/>\n<script type=\"application\/ld+json\" class=\"yoast-schema-graph\">{\"@context\":\"https:\\\/\\\/schema.org\",\"@graph\":[{\"@type\":\"WebPage\",\"@id\":\"https:\\\/\\\/sgierpartner.ch\\\/fr\\\/pourquoi-sgier-partner\\\/\",\"url\":\"https:\\\/\\\/sgierpartner.ch\\\/fr\\\/pourquoi-sgier-partner\\\/\",\"name\":\"Savoir-faire permis de travail et de r\u00e9sidence en Suisse - Workpermit + Arbeitsbewilligungen Spezialist\",\"isPartOf\":{\"@id\":\"https:\\\/\\\/sgierpartner.ch\\\/fr\\\/#website\"},\"datePublished\":\"2020-05-21T17:22:23+00:00\",\"dateModified\":\"2023-09-11T11:19:06+00:00\",\"description\":\"Les meilleures entreprises de consultance et les plus en vue nous font confiance en mati\u00e8re de gestion de permis de travail et de s\u00e9jour.\",\"breadcrumb\":{\"@id\":\"https:\\\/\\\/sgierpartner.ch\\\/fr\\\/pourquoi-sgier-partner\\\/#breadcrumb\"},\"inLanguage\":\"fr-FR\",\"potentialAction\":[{\"@type\":\"ReadAction\",\"target\":[\"https:\\\/\\\/sgierpartner.ch\\\/fr\\\/pourquoi-sgier-partner\\\/\"]}]},{\"@type\":\"BreadcrumbList\",\"@id\":\"https:\\\/\\\/sgierpartner.ch\\\/fr\\\/pourquoi-sgier-partner\\\/#breadcrumb\",\"itemListElement\":[{\"@type\":\"ListItem\",\"position\":1,\"name\":\"Startseite\",\"item\":\"https:\\\/\\\/sgierpartner.ch\\\/fr\\\/\"},{\"@type\":\"ListItem\",\"position\":2,\"name\":\"Pourquoi Sgier + Partner?\"}]},{\"@type\":\"WebSite\",\"@id\":\"https:\\\/\\\/sgierpartner.ch\\\/fr\\\/#website\",\"url\":\"https:\\\/\\\/sgierpartner.ch\\\/fr\\\/\",\"name\":\"Sgier+Partner\",\"description\":\"swiss immigration+relocation\",\"publisher\":{\"@id\":\"https:\\\/\\\/sgierpartner.ch\\\/fr\\\/#organization\"},\"potentialAction\":[{\"@type\":\"SearchAction\",\"target\":{\"@type\":\"EntryPoint\",\"urlTemplate\":\"https:\\\/\\\/sgierpartner.ch\\\/fr\\\/?s={search_term_string}\"},\"query-input\":{\"@type\":\"PropertyValueSpecification\",\"valueRequired\":true,\"valueName\":\"search_term_string\"}}],\"inLanguage\":\"fr-FR\"},{\"@type\":\"Organization\",\"@id\":\"https:\\\/\\\/sgierpartner.ch\\\/fr\\\/#organization\",\"name\":\"Sgier + Partner GmbH\",\"url\":\"https:\\\/\\\/sgierpartner.ch\\\/fr\\\/\",\"logo\":{\"@type\":\"ImageObject\",\"inLanguage\":\"fr-FR\",\"@id\":\"https:\\\/\\\/sgierpartner.ch\\\/fr\\\/#\\\/schema\\\/logo\\\/image\\\/\",\"url\":\"https:\\\/\\\/sgierpartner.ch\\\/wp-content\\\/uploads\\\/SP-Logo-Footer-farbig.png\",\"contentUrl\":\"https:\\\/\\\/sgierpartner.ch\\\/wp-content\\\/uploads\\\/SP-Logo-Footer-farbig.png\",\"width\":2058,\"height\":326,\"caption\":\"Sgier + Partner GmbH\"},\"image\":{\"@id\":\"https:\\\/\\\/sgierpartner.ch\\\/fr\\\/#\\\/schema\\\/logo\\\/image\\\/\"}}]}<\/script>\n<!-- \/ Yoast SEO plugin. -->","yoast_head_json":{"title":"Savoir-faire permis de travail et de r\u00e9sidence en Suisse - Workpermit + Arbeitsbewilligungen Spezialist","description":"Les meilleures entreprises de consultance et les plus en vue nous font confiance en mati\u00e8re de gestion de permis de travail et de s\u00e9jour.","robots":{"index":"index","follow":"follow","max-snippet":"max-snippet:-1","max-image-preview":"max-image-preview:large","max-video-preview":"max-video-preview:-1"},"canonical":"https:\/\/sgierpartner.ch\/fr\/pourquoi-sgier-partner\/","og_locale":"fr_FR","og_type":"article","og_title":"Savoir-faire permis de travail et de r\u00e9sidence en Suisse - Workpermit + Arbeitsbewilligungen Spezialist","og_description":"Les meilleures entreprises de consultance et les plus en vue nous font confiance en mati\u00e8re de gestion de permis de travail et de s\u00e9jour.","og_url":"https:\/\/sgierpartner.ch\/fr\/pourquoi-sgier-partner\/","og_site_name":"Workpermit + Arbeitsbewilligungen Spezialist","article_modified_time":"2023-09-11T11:19:06+00:00","twitter_card":"summary_large_image","twitter_misc":{"Dur\u00e9e de lecture estim\u00e9e":"5 minutes"},"schema":{"@context":"https:\/\/schema.org","@graph":[{"@type":"WebPage","@id":"https:\/\/sgierpartner.ch\/fr\/pourquoi-sgier-partner\/","url":"https:\/\/sgierpartner.ch\/fr\/pourquoi-sgier-partner\/","name":"Savoir-faire permis de travail et de r\u00e9sidence en Suisse - Workpermit + Arbeitsbewilligungen Spezialist","isPartOf":{"@id":"https:\/\/sgierpartner.ch\/fr\/#website"},"datePublished":"2020-05-21T17:22:23+00:00","dateModified":"2023-09-11T11:19:06+00:00","description":"Les meilleures entreprises de consultance et les plus en vue nous font confiance en mati\u00e8re de gestion de permis de travail et de s\u00e9jour.","breadcrumb":{"@id":"https:\/\/sgierpartner.ch\/fr\/pourquoi-sgier-partner\/#breadcrumb"},"inLanguage":"fr-FR","potentialAction":[{"@type":"ReadAction","target":["https:\/\/sgierpartner.ch\/fr\/pourquoi-sgier-partner\/"]}]},{"@type":"BreadcrumbList","@id":"https:\/\/sgierpartner.ch\/fr\/pourquoi-sgier-partner\/#breadcrumb","itemListElement":[{"@type":"ListItem","position":1,"name":"Startseite","item":"https:\/\/sgierpartner.ch\/fr\/"},{"@type":"ListItem","position":2,"name":"Pourquoi Sgier + Partner?"}]},{"@type":"WebSite","@id":"https:\/\/sgierpartner.ch\/fr\/#website","url":"https:\/\/sgierpartner.ch\/fr\/","name":"Sgier+Partner","description":"swiss immigration+relocation","publisher":{"@id":"https:\/\/sgierpartner.ch\/fr\/#organization"},"potentialAction":[{"@type":"SearchAction","target":{"@type":"EntryPoint","urlTemplate":"https:\/\/sgierpartner.ch\/fr\/?s={search_term_string}"},"query-input":{"@type":"PropertyValueSpecification","valueRequired":true,"valueName":"search_term_string"}}],"inLanguage":"fr-FR"},{"@type":"Organization","@id":"https:\/\/sgierpartner.ch\/fr\/#organization","name":"Sgier + Partner GmbH","url":"https:\/\/sgierpartner.ch\/fr\/","logo":{"@type":"ImageObject","inLanguage":"fr-FR","@id":"https:\/\/sgierpartner.ch\/fr\/#\/schema\/logo\/image\/","url":"https:\/\/sgierpartner.ch\/wp-content\/uploads\/SP-Logo-Footer-farbig.png","contentUrl":"https:\/\/sgierpartner.ch\/wp-content\/uploads\/SP-Logo-Footer-farbig.png","width":2058,"height":326,"caption":"Sgier + Partner GmbH"},"image":{"@id":"https:\/\/sgierpartner.ch\/fr\/#\/schema\/logo\/image\/"}}]}},"_links":{"self":[{"href":"https:\/\/sgierpartner.ch\/fr\/wp-json\/wp\/v2\/pages\/4976","targetHints":{"allow":["GET"]}}],"collection":[{"href":"https:\/\/sgierpartner.ch\/fr\/wp-json\/wp\/v2\/pages"}],"about":[{"href":"https:\/\/sgierpartner.ch\/fr\/wp-json\/wp\/v2\/types\/page"}],"author":[{"embeddable":true,"href":"https:\/\/sgierpartner.ch\/fr\/wp-json\/wp\/v2\/users\/1"}],"replies":[{"embeddable":true,"href":"https:\/\/sgierpartner.ch\/fr\/wp-json\/wp\/v2\/comments?post=4976"}],"version-history":[{"count":3,"href":"https:\/\/sgierpartner.ch\/fr\/wp-json\/wp\/v2\/pages\/4976\/revisions"}],"predecessor-version":[{"id":8194,"href":"https:\/\/sgierpartner.ch\/fr\/wp-json\/wp\/v2\/pages\/4976\/revisions\/8194"}],"wp:attachment":[{"href":"https:\/\/sgierpartner.ch\/fr\/wp-json\/wp\/v2\/media?parent=4976"}],"wp:term":[{"taxonomy":"wf_page_folders","embeddable":true,"href":"https:\/\/sgierpartner.ch\/fr\/wp-json\/wp\/v2\/wf_page_folders?post=4976"}],"curies":[{"name":"wp","href":"https:\/\/api.w.org\/{rel}","templated":true}]}}