{"id":4995,"date":"2020-05-21T19:49:06","date_gmt":"2020-05-21T17:49:06","guid":{"rendered":"http:\/\/975ciacxzt.preview.infomaniak.website\/sgierpartner\/welcome-to-zurich\/"},"modified":"2020-05-28T17:33:18","modified_gmt":"2020-05-28T15:33:18","slug":"welcome-to-zurich","status":"publish","type":"page","link":"https:\/\/sgierpartner.ch\/fr\/welcome-to-zurich\/","title":{"rendered":"Welcome to Zurich"},"content":{"rendered":"<p>[et_pb_section fb_built=&#8221;1&#8243; fullwidth=&#8221;on&#8221; _builder_version=&#8221;4.4.3&#8243;][et_pb_fullwidth_image src=&#8221;https:\/\/sgierpartner.ch\/wp-content\/uploads\/Zurich-immigration-relocation-switzerland-2.jpg&#8221; alt=&#8221;Welcome to Zurich | expats in Switzerland | sgier+partner | swiss immigration+relocation&#8221; title_text=&#8221;Zurich | swiss immigration+relocation&#8221; _builder_version=&#8221;4.4.7&#8243;][\/et_pb_fullwidth_image][\/et_pb_section][et_pb_section fb_built=&#8221;1&#8243; _builder_version=&#8221;4.4.3&#8243;][et_pb_row _builder_version=&#8221;4.4.3&#8243; custom_margin=&#8221;0px||||false|false&#8221;][et_pb_column type=&#8221;4_4&#8243; _builder_version=&#8221;4.4.3&#8243;][et_pb_text _builder_version=&#8221;4.4.3&#8243; custom_margin=&#8221;||||false|false&#8221;]<\/p>\n<h1>Welcome to Zurich Guide<\/h1>\n<p>[\/et_pb_text][et_pb_menu menu_id=&#8221;44&#8243; disabled_on=&#8221;on|on|off&#8221; _builder_version=&#8221;4.4.3&#8243;][\/et_pb_menu][\/et_pb_column][\/et_pb_row][\/et_pb_section][et_pb_section fb_built=&#8221;1&#8243; _builder_version=&#8221;4.4.3&#8243;][et_pb_row column_structure=&#8221;3_5,2_5&#8243; _builder_version=&#8221;4.4.3&#8243;][et_pb_column type=&#8221;3_5&#8243; _builder_version=&#8221;4.4.3&#8243;][et_pb_text _builder_version=&#8221;4.4.3&#8243; _dynamic_attributes=&#8221;link_option_url&#8221; link_option_url=&#8221;@ET-DC@eyJkeW5hbWljIjp0cnVlLCJjb250ZW50IjoicG9zdF9saW5rX3VybF9wYWdlIiwic2V0dGluZ3MiOnsicG9zdF9pZCI6IjIwMjkifX0=@&#8221;]<\/p>\n<div class=\"ce_text lead block\">\n<h4>Un moyen d\u2019information id\u00e9al pour les expatri\u00e9s<\/h4>\n<\/div>\n<div class=\"ce_text block\">\n<p>Le tr\u00e8s pratique \u00abWelcome to Zurich Guide\u00bb de Sgier + Partner est disponible et atteint d\u00e9j\u00e0 sa troisi\u00e8me \u00e9dition. Sous forme concentr\u00e9e, les collaborateurs \u00e9trangers qui veulent s\u2019implanter \u00e0 Zurich trouveront dans cette brochure en anglais tout ce qu\u2019il est important et int\u00e9ressant de savoir sur Zurich. De fa\u00e7on concr\u00e8te, le guide d\u00e9crit ce qu\u2019il faut savoir sur le march\u00e9 du logement, la demande de logement, le syst\u00e8me fiscal, les permis de travail et de s\u00e9jour, les contacts avec les offices, le syst\u00e8me d\u2019assurances, les \u00e9coles internationales, le shopping, les baux, les services bancaires et postaux, les transports publics, la prise en charge m\u00e9dicale, la culture et le sport, l\u2019importation de v\u00e9hicules et de nombreux autres conseils et listes aide-m\u00e9moire.<\/p>\n<\/div>\n<p>[\/et_pb_text][et_pb_button button_url=&#8221;@ET-DC@eyJkeW5hbWljIjp0cnVlLCJjb250ZW50IjoicG9zdF9saW5rX3VybF9wYWdlIiwic2V0dGluZ3MiOnsicG9zdF9pZCI6IjIwMjkifX0=@&#8221; button_text=&#8221;Commandez-le ici (contribution aux frais: CHF 52,00\/ex.)&#8221; button_alignment=&#8221;left&#8221; _builder_version=&#8221;4.4.6&#8243; _dynamic_attributes=&#8221;button_url&#8221; button_bg_color=&#8221;#011ca7&#8243;][\/et_pb_button][et_pb_image src=&#8221;https:\/\/sgierpartner.ch\/wp-content\/uploads\/Welcome-to-Zurich-Guide.jpg&#8221; alt=&#8221;Welcome to Zurich Guide is a brochure for ex-pats&#8221; title_text=&#8221;Welcome to Zurich brochure | swiss immigration + relocation&#8221; _builder_version=&#8221;4.4.7&#8243; hover_enabled=&#8221;0&#8243;][\/et_pb_image][\/et_pb_column][et_pb_column type=&#8221;2_5&#8243; _builder_version=&#8221;4.4.3&#8243;][et_pb_cta title=&#8221;D\u00e9tacher du personnel de mani\u00e8re professionnelle&#8221; button_url=&#8221;@ET-DC@eyJkeW5hbWljIjp0cnVlLCJjb250ZW50IjoicG9zdF9saW5rX3VybF9wYWdlIiwic2V0dGluZ3MiOnsicG9zdF9pZCI6IjIxMTcifX0=@&#8221; button_text=&#8221;Relocation programs&#8221; _builder_version=&#8221;4.4.6&#8243; _dynamic_attributes=&#8221;button_url&#8221; custom_button=&#8221;on&#8221; button_text_color=&#8221;#ffffff&#8221; button_border_radius=&#8221;12px&#8221;]Les personnes qui sont d\u00e9tach\u00e9es \u00e0 l\u2019\u00e9tranger par leur entreprise ont int\u00e9r\u00eat \u00e0 se pr\u00e9parer \u00e0 leur nouvelle destination: depuis l\u2019obtention des permis de s\u00e9jour et\/ou de travail jusqu\u2019au choix de la bonne \u00e9cole pour leurs enfants, en passant par la recherche d\u2019une maison ou d\u2019un appartement.<\/p>\n<p>Nos programmes de Relocation vous aident \u00e0 r\u00e9ussir votre installation en Suisse.[\/et_pb_cta][et_pb_text _builder_version=&#8221;4.4.6&#8243;]<\/p>\n<blockquote><p>Avec Sgier + Partner, plusieurs particuliers et familles ont d\u00e9j\u00e0 trouv\u00e9 la voie s\u00fbre menant \u00e0 leur implantation en Suisse.<\/p><\/blockquote>\n<p>[\/et_pb_text][\/et_pb_column][\/et_pb_row][\/et_pb_section][et_pb_section fb_built=&#8221;1&#8243; _builder_version=&#8221;4.4.3&#8243;][et_pb_row _builder_version=&#8221;4.4.3&#8243;][et_pb_column type=&#8221;4_4&#8243; _builder_version=&#8221;4.4.3&#8243;][et_pb_text _builder_version=&#8221;4.4.3&#8243;]<\/p>\n<h2>Welcome to Zurich<\/h2>\n<p>[\/et_pb_text][et_pb_video src=&#8221;https:\/\/www.youtube.com\/watch?v=uiuuO57B9SM&#8221; _builder_version=&#8221;4.4.6&#8243;][\/et_pb_video][\/et_pb_column][\/et_pb_row][\/et_pb_section]<\/p>\n","protected":false},"excerpt":{"rendered":"<p>Le tr\u00e8s pratique \u00abWelcome to Zurich Guide\u00bb de Sgier + Partner est disponible et atteint d\u00e9j\u00e0 sa troisi\u00e8me \u00e9dition. Sous forme concentr\u00e9e, les collaborateurs \u00e9trangers qui veulent s\u2019implanter \u00e0 Zurich trouveront dans cette brochure en anglais tout ce qu\u2019il est important et int\u00e9ressant de savoir sur Zurich.<\/p>\n","protected":false},"author":1,"featured_media":3204,"parent":0,"menu_order":0,"comment_status":"closed","ping_status":"closed","template":"","meta":{"_et_pb_use_builder":"on","_et_pb_old_content":"","_et_gb_content_width":"","footnotes":""},"wf_page_folders":[],"class_list":["post-4995","page","type-page","status-publish","has-post-thumbnail","hentry"],"yoast_head":"<!-- This site is optimized with the Yoast SEO plugin v27.4 - https:\/\/yoast.com\/product\/yoast-seo-wordpress\/ -->\n<title>Welcome to Zurich Guide, savoir-faire pour les Expats - Workpermit + Arbeitsbewilligungen Spezialist<\/title>\n<meta name=\"description\" content=\"Le tr\u00e8s pratique \u00abWelcome to Zurich Guide\u00bb de Sgier + Partner est disponible et atteint d\u00e9j\u00e0 sa troisi\u00e8me \u00e9dition.\" \/>\n<meta name=\"robots\" content=\"index, follow, max-snippet:-1, max-image-preview:large, max-video-preview:-1\" \/>\n<link rel=\"canonical\" href=\"https:\/\/sgierpartner.ch\/fr\/welcome-to-zurich\/\" \/>\n<meta property=\"og:locale\" content=\"fr_FR\" \/>\n<meta property=\"og:type\" content=\"article\" \/>\n<meta property=\"og:title\" content=\"Welcome to Zurich Guide, savoir-faire pour les Expats - Workpermit + Arbeitsbewilligungen Spezialist\" \/>\n<meta property=\"og:description\" content=\"Le tr\u00e8s pratique \u00abWelcome to Zurich Guide\u00bb de Sgier + Partner est disponible et atteint d\u00e9j\u00e0 sa troisi\u00e8me \u00e9dition.\" \/>\n<meta property=\"og:url\" content=\"https:\/\/sgierpartner.ch\/fr\/welcome-to-zurich\/\" \/>\n<meta property=\"og:site_name\" content=\"Workpermit + Arbeitsbewilligungen Spezialist\" \/>\n<meta property=\"article:modified_time\" content=\"2020-05-28T15:33:18+00:00\" \/>\n<meta property=\"og:image\" content=\"https:\/\/sgierpartner.ch\/wp-content\/uploads\/SGP_Doku_Zurich-immigration-relocation-switzerland.jpg\" \/>\n\t<meta property=\"og:image:width\" content=\"822\" \/>\n\t<meta property=\"og:image:height\" content=\"822\" \/>\n\t<meta property=\"og:image:type\" content=\"image\/jpeg\" \/>\n<meta name=\"twitter:card\" content=\"summary_large_image\" \/>\n<meta name=\"twitter:label1\" content=\"Dur\u00e9e de lecture estim\u00e9e\" \/>\n\t<meta name=\"twitter:data1\" content=\"3 minutes\" \/>\n<script type=\"application\/ld+json\" class=\"yoast-schema-graph\">{\"@context\":\"https:\\\/\\\/schema.org\",\"@graph\":[{\"@type\":\"WebPage\",\"@id\":\"https:\\\/\\\/sgierpartner.ch\\\/fr\\\/welcome-to-zurich\\\/\",\"url\":\"https:\\\/\\\/sgierpartner.ch\\\/fr\\\/welcome-to-zurich\\\/\",\"name\":\"Welcome to Zurich Guide, savoir-faire pour les Expats - Workpermit + Arbeitsbewilligungen Spezialist\",\"isPartOf\":{\"@id\":\"https:\\\/\\\/sgierpartner.ch\\\/fr\\\/#website\"},\"primaryImageOfPage\":{\"@id\":\"https:\\\/\\\/sgierpartner.ch\\\/fr\\\/welcome-to-zurich\\\/#primaryimage\"},\"image\":{\"@id\":\"https:\\\/\\\/sgierpartner.ch\\\/fr\\\/welcome-to-zurich\\\/#primaryimage\"},\"thumbnailUrl\":\"https:\\\/\\\/sgierpartner.ch\\\/wp-content\\\/uploads\\\/SGP_Doku_Zurich-immigration-relocation-switzerland.jpg\",\"datePublished\":\"2020-05-21T17:49:06+00:00\",\"dateModified\":\"2020-05-28T15:33:18+00:00\",\"description\":\"Le tr\u00e8s pratique \u00abWelcome to Zurich Guide\u00bb de Sgier + Partner est disponible et atteint d\u00e9j\u00e0 sa troisi\u00e8me \u00e9dition.\",\"breadcrumb\":{\"@id\":\"https:\\\/\\\/sgierpartner.ch\\\/fr\\\/welcome-to-zurich\\\/#breadcrumb\"},\"inLanguage\":\"fr-FR\",\"potentialAction\":[{\"@type\":\"ReadAction\",\"target\":[\"https:\\\/\\\/sgierpartner.ch\\\/fr\\\/welcome-to-zurich\\\/\"]}]},{\"@type\":\"ImageObject\",\"inLanguage\":\"fr-FR\",\"@id\":\"https:\\\/\\\/sgierpartner.ch\\\/fr\\\/welcome-to-zurich\\\/#primaryimage\",\"url\":\"https:\\\/\\\/sgierpartner.ch\\\/wp-content\\\/uploads\\\/SGP_Doku_Zurich-immigration-relocation-switzerland.jpg\",\"contentUrl\":\"https:\\\/\\\/sgierpartner.ch\\\/wp-content\\\/uploads\\\/SGP_Doku_Zurich-immigration-relocation-switzerland.jpg\",\"width\":822,\"height\":822,\"caption\":\"Welcome to Zurich Guide of Sgier\u00a0+ Partner GmbH in Z\u00fcrich, the leader of immigration and relocation services\"},{\"@type\":\"BreadcrumbList\",\"@id\":\"https:\\\/\\\/sgierpartner.ch\\\/fr\\\/welcome-to-zurich\\\/#breadcrumb\",\"itemListElement\":[{\"@type\":\"ListItem\",\"position\":1,\"name\":\"Startseite\",\"item\":\"https:\\\/\\\/sgierpartner.ch\\\/fr\\\/\"},{\"@type\":\"ListItem\",\"position\":2,\"name\":\"Welcome to Zurich\"}]},{\"@type\":\"WebSite\",\"@id\":\"https:\\\/\\\/sgierpartner.ch\\\/fr\\\/#website\",\"url\":\"https:\\\/\\\/sgierpartner.ch\\\/fr\\\/\",\"name\":\"Sgier+Partner\",\"description\":\"swiss immigration+relocation\",\"publisher\":{\"@id\":\"https:\\\/\\\/sgierpartner.ch\\\/fr\\\/#organization\"},\"potentialAction\":[{\"@type\":\"SearchAction\",\"target\":{\"@type\":\"EntryPoint\",\"urlTemplate\":\"https:\\\/\\\/sgierpartner.ch\\\/fr\\\/?s={search_term_string}\"},\"query-input\":{\"@type\":\"PropertyValueSpecification\",\"valueRequired\":true,\"valueName\":\"search_term_string\"}}],\"inLanguage\":\"fr-FR\"},{\"@type\":\"Organization\",\"@id\":\"https:\\\/\\\/sgierpartner.ch\\\/fr\\\/#organization\",\"name\":\"Sgier + Partner GmbH\",\"url\":\"https:\\\/\\\/sgierpartner.ch\\\/fr\\\/\",\"logo\":{\"@type\":\"ImageObject\",\"inLanguage\":\"fr-FR\",\"@id\":\"https:\\\/\\\/sgierpartner.ch\\\/fr\\\/#\\\/schema\\\/logo\\\/image\\\/\",\"url\":\"https:\\\/\\\/sgierpartner.ch\\\/wp-content\\\/uploads\\\/SP-Logo-Footer-farbig.png\",\"contentUrl\":\"https:\\\/\\\/sgierpartner.ch\\\/wp-content\\\/uploads\\\/SP-Logo-Footer-farbig.png\",\"width\":2058,\"height\":326,\"caption\":\"Sgier + Partner GmbH\"},\"image\":{\"@id\":\"https:\\\/\\\/sgierpartner.ch\\\/fr\\\/#\\\/schema\\\/logo\\\/image\\\/\"}}]}<\/script>\n<!-- \/ Yoast SEO plugin. -->","yoast_head_json":{"title":"Welcome to Zurich Guide, savoir-faire pour les Expats - Workpermit + Arbeitsbewilligungen Spezialist","description":"Le tr\u00e8s pratique \u00abWelcome to Zurich Guide\u00bb de Sgier + Partner est disponible et atteint d\u00e9j\u00e0 sa troisi\u00e8me \u00e9dition.","robots":{"index":"index","follow":"follow","max-snippet":"max-snippet:-1","max-image-preview":"max-image-preview:large","max-video-preview":"max-video-preview:-1"},"canonical":"https:\/\/sgierpartner.ch\/fr\/welcome-to-zurich\/","og_locale":"fr_FR","og_type":"article","og_title":"Welcome to Zurich Guide, savoir-faire pour les Expats - Workpermit + Arbeitsbewilligungen Spezialist","og_description":"Le tr\u00e8s pratique \u00abWelcome to Zurich Guide\u00bb de Sgier + Partner est disponible et atteint d\u00e9j\u00e0 sa troisi\u00e8me \u00e9dition.","og_url":"https:\/\/sgierpartner.ch\/fr\/welcome-to-zurich\/","og_site_name":"Workpermit + Arbeitsbewilligungen Spezialist","article_modified_time":"2020-05-28T15:33:18+00:00","og_image":[{"width":822,"height":822,"url":"https:\/\/sgierpartner.ch\/wp-content\/uploads\/SGP_Doku_Zurich-immigration-relocation-switzerland.jpg","type":"image\/jpeg"}],"twitter_card":"summary_large_image","twitter_misc":{"Dur\u00e9e de lecture estim\u00e9e":"3 minutes"},"schema":{"@context":"https:\/\/schema.org","@graph":[{"@type":"WebPage","@id":"https:\/\/sgierpartner.ch\/fr\/welcome-to-zurich\/","url":"https:\/\/sgierpartner.ch\/fr\/welcome-to-zurich\/","name":"Welcome to Zurich Guide, savoir-faire pour les Expats - Workpermit + Arbeitsbewilligungen Spezialist","isPartOf":{"@id":"https:\/\/sgierpartner.ch\/fr\/#website"},"primaryImageOfPage":{"@id":"https:\/\/sgierpartner.ch\/fr\/welcome-to-zurich\/#primaryimage"},"image":{"@id":"https:\/\/sgierpartner.ch\/fr\/welcome-to-zurich\/#primaryimage"},"thumbnailUrl":"https:\/\/sgierpartner.ch\/wp-content\/uploads\/SGP_Doku_Zurich-immigration-relocation-switzerland.jpg","datePublished":"2020-05-21T17:49:06+00:00","dateModified":"2020-05-28T15:33:18+00:00","description":"Le tr\u00e8s pratique \u00abWelcome to Zurich Guide\u00bb de Sgier + Partner est disponible et atteint d\u00e9j\u00e0 sa troisi\u00e8me \u00e9dition.","breadcrumb":{"@id":"https:\/\/sgierpartner.ch\/fr\/welcome-to-zurich\/#breadcrumb"},"inLanguage":"fr-FR","potentialAction":[{"@type":"ReadAction","target":["https:\/\/sgierpartner.ch\/fr\/welcome-to-zurich\/"]}]},{"@type":"ImageObject","inLanguage":"fr-FR","@id":"https:\/\/sgierpartner.ch\/fr\/welcome-to-zurich\/#primaryimage","url":"https:\/\/sgierpartner.ch\/wp-content\/uploads\/SGP_Doku_Zurich-immigration-relocation-switzerland.jpg","contentUrl":"https:\/\/sgierpartner.ch\/wp-content\/uploads\/SGP_Doku_Zurich-immigration-relocation-switzerland.jpg","width":822,"height":822,"caption":"Welcome to Zurich Guide of Sgier\u00a0+ Partner GmbH in Z\u00fcrich, the leader of immigration and relocation services"},{"@type":"BreadcrumbList","@id":"https:\/\/sgierpartner.ch\/fr\/welcome-to-zurich\/#breadcrumb","itemListElement":[{"@type":"ListItem","position":1,"name":"Startseite","item":"https:\/\/sgierpartner.ch\/fr\/"},{"@type":"ListItem","position":2,"name":"Welcome to Zurich"}]},{"@type":"WebSite","@id":"https:\/\/sgierpartner.ch\/fr\/#website","url":"https:\/\/sgierpartner.ch\/fr\/","name":"Sgier+Partner","description":"swiss immigration+relocation","publisher":{"@id":"https:\/\/sgierpartner.ch\/fr\/#organization"},"potentialAction":[{"@type":"SearchAction","target":{"@type":"EntryPoint","urlTemplate":"https:\/\/sgierpartner.ch\/fr\/?s={search_term_string}"},"query-input":{"@type":"PropertyValueSpecification","valueRequired":true,"valueName":"search_term_string"}}],"inLanguage":"fr-FR"},{"@type":"Organization","@id":"https:\/\/sgierpartner.ch\/fr\/#organization","name":"Sgier + Partner GmbH","url":"https:\/\/sgierpartner.ch\/fr\/","logo":{"@type":"ImageObject","inLanguage":"fr-FR","@id":"https:\/\/sgierpartner.ch\/fr\/#\/schema\/logo\/image\/","url":"https:\/\/sgierpartner.ch\/wp-content\/uploads\/SP-Logo-Footer-farbig.png","contentUrl":"https:\/\/sgierpartner.ch\/wp-content\/uploads\/SP-Logo-Footer-farbig.png","width":2058,"height":326,"caption":"Sgier + Partner GmbH"},"image":{"@id":"https:\/\/sgierpartner.ch\/fr\/#\/schema\/logo\/image\/"}}]}},"_links":{"self":[{"href":"https:\/\/sgierpartner.ch\/fr\/wp-json\/wp\/v2\/pages\/4995","targetHints":{"allow":["GET"]}}],"collection":[{"href":"https:\/\/sgierpartner.ch\/fr\/wp-json\/wp\/v2\/pages"}],"about":[{"href":"https:\/\/sgierpartner.ch\/fr\/wp-json\/wp\/v2\/types\/page"}],"author":[{"embeddable":true,"href":"https:\/\/sgierpartner.ch\/fr\/wp-json\/wp\/v2\/users\/1"}],"replies":[{"embeddable":true,"href":"https:\/\/sgierpartner.ch\/fr\/wp-json\/wp\/v2\/comments?post=4995"}],"version-history":[{"count":0,"href":"https:\/\/sgierpartner.ch\/fr\/wp-json\/wp\/v2\/pages\/4995\/revisions"}],"wp:featuredmedia":[{"embeddable":true,"href":"https:\/\/sgierpartner.ch\/fr\/wp-json\/wp\/v2\/media\/3204"}],"wp:attachment":[{"href":"https:\/\/sgierpartner.ch\/fr\/wp-json\/wp\/v2\/media?parent=4995"}],"wp:term":[{"taxonomy":"wf_page_folders","embeddable":true,"href":"https:\/\/sgierpartner.ch\/fr\/wp-json\/wp\/v2\/wf_page_folders?post=4995"}],"curies":[{"name":"wp","href":"https:\/\/api.w.org\/{rel}","templated":true}]}}