{"id":5035,"date":"2020-05-22T10:23:41","date_gmt":"2020-05-22T08:23:41","guid":{"rendered":"http:\/\/975ciacxzt.preview.infomaniak.website\/sgierpartner\/conseils-juridiques\/"},"modified":"2025-10-04T12:49:46","modified_gmt":"2025-10-04T10:49:46","slug":"conseils-juridiques","status":"publish","type":"page","link":"https:\/\/sgierpartner.ch\/fr\/conseils-juridiques\/","title":{"rendered":"Conseils juridiques"},"content":{"rendered":"<p>[et_pb_section fb_built=&#8221;1&#8243; fullwidth=&#8221;on&#8221; _builder_version=&#8221;4.16&#8243; global_colors_info=&#8221;{}&#8221; theme_builder_area=&#8221;post_content&#8221;][et_pb_fullwidth_image src=&#8221;https:\/\/sgierpartner.ch\/wp-content\/uploads\/Matterhorn-Nebelmeer-immigration-relocation-schweiz-2.jpg&#8221; alt=&#8221;Bienvenue en Suisse &#8211; swiss immigration + relocation services&#8221; title_text=&#8221;Sgier + Partner Zurich, Suisse | swiss immigration+relocation&#8221; _builder_version=&#8221;4.16&#8243; custom_padding=&#8221;||0px|||&#8221; global_colors_info=&#8221;{}&#8221; theme_builder_area=&#8221;post_content&#8221;][\/et_pb_fullwidth_image][\/et_pb_section][et_pb_section fb_built=&#8221;1&#8243; _builder_version=&#8221;4.16&#8243; global_colors_info=&#8221;{}&#8221; theme_builder_area=&#8221;post_content&#8221;][et_pb_row _builder_version=&#8221;4.16&#8243; custom_margin=&#8221;0px||||false|false&#8221; custom_padding=&#8221;50px||4px|||&#8221; global_colors_info=&#8221;{}&#8221; theme_builder_area=&#8221;post_content&#8221;][et_pb_column type=&#8221;4_4&#8243; _builder_version=&#8221;4.16&#8243; global_colors_info=&#8221;{}&#8221; theme_builder_area=&#8221;post_content&#8221;][et_pb_text _builder_version=&#8221;4.16&#8243; custom_margin=&#8221;||0px||false|false&#8221; global_colors_info=&#8221;{}&#8221; theme_builder_area=&#8221;post_content&#8221;]<\/p>\n<h1>Conseils juridiques<\/h1>\n<p>[\/et_pb_text][\/et_pb_column][\/et_pb_row][et_pb_row column_structure=&#8221;3_5,2_5&#8243; _builder_version=&#8221;4.16&#8243; global_colors_info=&#8221;{}&#8221; theme_builder_area=&#8221;post_content&#8221;][et_pb_column type=&#8221;3_5&#8243; _builder_version=&#8221;4.16&#8243; global_colors_info=&#8221;{}&#8221; theme_builder_area=&#8221;post_content&#8221;][et_pb_blurb title=&#8221;De fa\u00e7on pr\u00e9cise, rapide et sans complication, nous vous aidons \u00e0 r\u00e9gler toutes les questions juridiques du quotidien de votre entreprise.&#8221; _builder_version=&#8221;4.16&#8243; header_level=&#8221;h4&#8243; global_colors_info=&#8221;{}&#8221; theme_builder_area=&#8221;post_content&#8221;]<\/p>\n<div class=\"ce_text block\">\n<p>Que cela soit pour remplacer un service juridique interne \u00e0 l\u2019entreprise ou pour des interventions ponctuelles, nous travaillons sur la base d\u2019un mod\u00e8le d\u2019honoraires attrayant o\u00f9 les co\u00fbts ne sont encourus que lorsque les conseils juridiques sont effectivement sollicit\u00e9s.<\/p>\n<p>En particulier dans le droit du travail et des assurances sociales, mais aussi dans tous les autres domaines juridiques importants, tels que le droit des contrats et le droit des soci\u00e9t\u00e9s, vous pouvez vous fier \u00e0 100% \u00e0 notre engagement, m\u00eame dans des situations juridiques complexes.<\/p>\n<p>Nous sommes l\u00e0 pour vous aider \u00e0 r\u00e9diger des projets de contrats ou \u00e0 contr\u00f4ler vos propres documents, et nous vous pr\u00eatons main-forte lors de n\u00e9gociations contractuelles. Nous nous occupons de votre correspondance juridique et nous recueillons pour vous les renseignements juridiques requis.<\/p>\n<\/div>\n<p>[\/et_pb_blurb][et_pb_image src=&#8221;https:\/\/sgierpartner.ch\/wp-content\/uploads\/Legal-Consulting-Immigration-Sgier-Partner.jpg&#8221; alt=&#8221;Conseils juridiques &#8211; Droit des \u00e9trangers &#8211; Sgier + Partner&#8221; title_text=&#8221;Conseils juridiques &#8211; Droit des \u00e9trangers | swiss immigration + relocation services&#8221; _builder_version=&#8221;4.16&#8243; global_colors_info=&#8221;{}&#8221; theme_builder_area=&#8221;post_content&#8221;][\/et_pb_image][et_pb_text _builder_version=&#8221;4.16&#8243; custom_margin=&#8221;0px||0px||false|false&#8221; custom_padding=&#8221;||0px|||&#8221; global_colors_info=&#8221;{}&#8221; theme_builder_area=&#8221;post_content&#8221;]<\/p>\n<div class=\"ce_text block\">\n<p><span style=\"color: #493f3f; font-size: 20px; font-weight: 600; text-transform: uppercase;\">Domaines juridiques<\/span><\/p>\n<p><span style=\"font-size: 16px;\">Nos collaborateurs juristes disposent d\u2019une vaste exp\u00e9rience dans les domaines juridiques suivants:<\/span><\/p>\n<ul>\n<li>Droit des \u00e9trangers<\/li>\n<li>Droit du travail<\/li>\n<li>Droit des contrats<\/li>\n<li>Droit des assurances sociales<\/li>\n<li>Droit des soci\u00e9t\u00e9s (cr\u00e9ations)<\/li>\n<li>Droit fiscal<\/li>\n<\/ul>\n<\/div>\n<p>[\/et_pb_text][\/et_pb_column][et_pb_column type=&#8221;2_5&#8243; _builder_version=&#8221;4.16&#8243; global_colors_info=&#8221;{}&#8221; theme_builder_area=&#8221;post_content&#8221;][et_pb_cta title=&#8221;Pour compl\u00e9ter le service juridique propre \u00e0 l\u2019entreprise&#8221; _builder_version=&#8221;4.16&#8243; custom_padding=&#8221;40px|||||&#8221; custom_css_promo_button=&#8221;opacity:0.5;&#8221; global_colors_info=&#8221;{}&#8221; background__hover_enabled=&#8221;on|hover&#8221; theme_builder_area=&#8221;post_content&#8221;]Surtout en droit du travail et des assurances sociales, mais aussi pour les questions relevant du droit des contrats et des soci\u00e9t\u00e9s, vous pouvez vous fier \u00e0 notre engagement \u00e0 cent pour cent.<\/p>\n<p>Pour r\u00e9pondre \u00e0 des questions relevant du droit du travail ou des assurances sociales, il vaut parfois la peine de solliciter des conseils juridiques externes \u00e0 titre compl\u00e9mentaire. Vous n\u2019encourez les co\u00fbts correspondants que si vous avez effectivement besoin de conseils juridiques.[\/et_pb_cta][et_pb_text _builder_version=&#8221;4.16&#8243; global_colors_info=&#8221;{}&#8221; theme_builder_area=&#8221;post_content&#8221;]<\/p>\n<blockquote><p>En tant que client Sgier + Partner, l\u2019\u00e9quipe de comp\u00e9tence Immigration est \u00e0 votre disposition pratiquement comme si c\u2019\u00e9tait votre propre d\u00e9partement interne.<\/p><\/blockquote>\n<p>[\/et_pb_text][\/et_pb_column][\/et_pb_row][et_pb_row _builder_version=&#8221;4.16&#8243; global_colors_info=&#8221;{}&#8221; theme_builder_area=&#8221;post_content&#8221;][et_pb_column type=&#8221;4_4&#8243; _builder_version=&#8221;4.16&#8243; global_colors_info=&#8221;{}&#8221; theme_builder_area=&#8221;post_content&#8221;][et_pb_text _builder_version=&#8221;4.16&#8243; global_colors_info=&#8221;{}&#8221; theme_builder_area=&#8221;post_content&#8221;]<\/p>\n<h2>Questions et r\u00e9ponses concernant nos conseils juridiques<\/h2>\n<p>[\/et_pb_text][et_pb_accordion _builder_version=&#8221;4.16&#8243; global_colors_info=&#8221;{}&#8221; theme_builder_area=&#8221;post_content&#8221;][et_pb_accordion_item title=&#8221;Pourquoi une entreprise pas particuli\u00e8rement grande comme la mienne devrait-elle recourir \u00e0 des services juridiques?&#8221; open=&#8221;on&#8221; _builder_version=&#8221;4.16&#8243; global_colors_info=&#8221;{}&#8221; theme_builder_area=&#8221;post_content&#8221;]L\u2019avalanche constante de lois nouvelles rend la situation juridique pratiquement ing\u00e9rable et en tout cas particuli\u00e8rement peu transparente. Une entreprise qui agirait sans un soutien professionnel pourrait rapidement conna\u00eetre de graves probl\u00e8mes juridiques. La n\u00e9cessit\u00e9 d\u2019un service juridique d\u00e9coule donc non seulement de la taille de l\u2019entreprise, mais aussi du contexte de plus en plus complexe dans lequel celle-ci op\u00e8re. Sgier + Partner propose une alternative \u00e0 la mise en place d\u2019un service juridique propre et \u00e0 son exploitation moyennant des frais fixes constants et \u00e9lev\u00e9s. La diff\u00e9rence, c\u2019est que nous n\u2019intervenons pas \u00e0 l\u2019int\u00e9rieur de votre entreprise, mais en externe. Cela signifie que vous n\u2019encourez des co\u00fbts que lorsque vous avez effectivement besoin de conseils juridiques. Sur appel et \u00e0 tout moment, vous pouvez ainsi solliciter des conseils juridiques exactement adapt\u00e9s \u00e0 vos besoins et donc les co\u00fbts peuvent d\u2019ailleurs \u00eatre clairement budg\u00e9tis\u00e9s.[\/et_pb_accordion_item][et_pb_accordion_item title=&#8221;Pour compl\u00e9ter le service juridique de ma propre entreprise, je peux tout bonnement consulter un avocat; pourquoi faudrait-il que je m\u2019adresse justement \u00e0 Sgier + Partner?&#8221; _builder_version=&#8221;4.16&#8243; global_colors_info=&#8221;{}&#8221; theme_builder_area=&#8221;post_content&#8221; open=&#8221;off&#8221;]Les avocats ont g\u00e9n\u00e9ralement des tarifs horaires nettement sup\u00e9rieurs \u00e0 ceux de Sgier + Partner. En outre, nous ne facturons pas les d\u00e9bours tels que frais de t\u00e9l\u00e9phone, de fax, d\u2019e-mail, de port et de photocopies. Vous avez constamment une vue d\u2019ensemble des prestations fournies par Sgier + Partner et donc aussi des frais encourus. Dans le cas de mandats de conseils n\u00e9cessitant selon toute vraisemblance plus d\u2019une heure de travail, vous recevez une estimation du temps requis pour leur traitement. Vous pouvez ainsi calculer \u00e0 l\u2019avance les co\u00fbts pr\u00e9visibles, tout en profitant de conditions de prix plus avantageuses.[\/et_pb_accordion_item][et_pb_accordion_item title=&#8221;Quels sont les domaines juridiques couverts par les activit\u00e9s de conseils de Sgier + Partner?&#8221; _builder_version=&#8221;4.16&#8243; global_colors_info=&#8221;{}&#8221; theme_builder_area=&#8221;post_content&#8221; open=&#8221;off&#8221;]Sgier + Partner vous conseille dans tous les domaines juridiques pertinents au quotidien de l\u2019entreprise, depuis le droit du travail et des assurances sociales jusqu\u2019au droit des poursuites et des faillites et au droit fiscal, en passant par le droit des contrats et le droit des soci\u00e9t\u00e9s.[\/et_pb_accordion_item][et_pb_accordion_item title=&#8221;Est-ce que je peux aussi confier un mandat ponctuel \u00e0 Sgier + Partner?&#8221; _builder_version=&#8221;4.16&#8243; global_colors_info=&#8221;{}&#8221; theme_builder_area=&#8221;post_content&#8221; open=&#8221;off&#8221;]Les mandats plus simples sont trait\u00e9s sans attendre par t\u00e9l\u00e9phone, ou, sur demande, par fax ou courrier \u00e9lectronique. Les mandats n\u00e9cessitant une charge de travail moyenne sont g\u00e9n\u00e9ralement trait\u00e9s le jour m\u00eame, et au plus tard dans les deux jours ouvrables. Si la charge de travail d\u00e9passe selon toute probabilit\u00e9 une heure, nous vous communiquons \u00e0 l\u2019avance le montant de vos frais et la date \u00e0 laquelle vous pouvez escompter obtenir un r\u00e9sultat. Les jours ouvrables de 09h00 \u00e0 12h00 et de 14h00 \u00e0 17h00, Sgier + Partner vous garantit \u00e0 tout moment la possibilit\u00e9 de joindre un collaborateur.[\/et_pb_accordion_item][et_pb_accordion_item title=&#8221;Que se passe-t-il si Sgier + Partner a besoin de plus de temps que pr\u00e9vu pour traiter le mandat?&#8221; _builder_version=&#8221;4.16&#8243; global_colors_info=&#8221;{}&#8221; theme_builder_area=&#8221;post_content&#8221; open=&#8221;off&#8221;]Les frais effectifs sont comptabilis\u00e9s au maximum \u00e0 concurrence du budget-temps convenu. Les frais d\u00e9passant ce budget-temps ne vous sont donc pas factur\u00e9s. Vous avez ainsi la garantie que la facture finale correspondra \u00e9galement \u00e0 l\u2019offre \u00e9tablie au pr\u00e9alable.[\/et_pb_accordion_item][et_pb_accordion_item title=&#8221;Comment savoir quel temps Sgier + Partner comptabilise pour quelle activit\u00e9?&#8221; _builder_version=&#8221;4.16&#8243; global_colors_info=&#8221;{}&#8221; theme_builder_area=&#8221;post_content&#8221; open=&#8221;off&#8221;]Apr\u00e8s chaque mandat de conseils ponctuel ainsi que tous les trimestres, un extrait de votre compte-temps vous est envoy\u00e9. Vous obtenez ainsi la transparence sur les diverses charges et pouvez consulter l\u2019\u00e9tat actuel de votre compte.[\/et_pb_accordion_item][et_pb_accordion_item title=&#8221;Sgier + Partner peut-il \u00e9galement me repr\u00e9senter en justice?&#8221; _builder_version=&#8221;4.16&#8243; global_colors_info=&#8221;{}&#8221; theme_builder_area=&#8221;post_content&#8221; open=&#8221;off&#8221;]Pour des raisons l\u00e9gales, il est interdit \u00e0 Sgier + Partner comme \u00e0 tout service juridique interne normal d\u2019assumer une repr\u00e9sentation devant les tribunaux. Nous pouvons cependant vous recommander un partenaire comp\u00e9tent et disposant d\u2019une exp\u00e9rience approfondie en mati\u00e8re de repr\u00e9sentation juridique de mandants et dont les conditions sont appropri\u00e9es.[\/et_pb_accordion_item][et_pb_accordion_item title=&#8221;De quoi est-ce que je profite si je conclus un contrat de conseils avec Sgier + Partner?&#8221; _builder_version=&#8221;4.16&#8243; global_colors_info=&#8221;{}&#8221; theme_builder_area=&#8221;post_content&#8221; open=&#8221;off&#8221;]Un contrat de conseils juridiques vous donne la garantie de recevoir de la part de Sgier + Partner des conseils parfaitement adapt\u00e9s \u00e0 vos besoins. Vous pouvez librement choisir le nombre d\u2019heures de conseils, en r\u00e8gle g\u00e9n\u00e9rale entre 5 et 40 heures. Plus le nombre d\u2019heures que vous fixez est \u00e9lev\u00e9, plus le taux horaire est faible. Si le nombre total d\u2019heures convenu ne vous suffit pas, vous pouvez \u00e0 tout moment r\u00e9server des heures de conseils suppl\u00e9mentaires par tranches de 5 heures au minimum.[\/et_pb_accordion_item][et_pb_accordion_item title=&#8221;Pendant combien de temps est-ce que je peux solliciter les conseils propos\u00e9s par Sgier + Partner?&#8221; _builder_version=&#8221;4.16&#8243; global_colors_info=&#8221;{}&#8221; theme_builder_area=&#8221;post_content&#8221; open=&#8221;off&#8221;]La dur\u00e9e du contrat conclu avec Sgier + Partner est illimit\u00e9e. Si vous ne sollicitez aucune prestation de conseils pendant deux ans, 90% de votre avoir vous est rembours\u00e9, sous r\u00e9serve d\u2019une position diff\u00e9rente de votre part.[\/et_pb_accordion_item][et_pb_accordion_item title=&#8221;Est-ce qu\u2019un client tel que moi peut se retirer du contrat de conseils avec Sgier + Partner?&#8221; _builder_version=&#8221;4.16&#8243; global_colors_info=&#8221;{}&#8221; theme_builder_area=&#8221;post_content&#8221; open=&#8221;off&#8221;]Vous pouvez vous retirer \u00e0 tout moment du contrat de conseils juridiques sans avoir \u00e0 vous justifier envers Sgier + Partner. La valeur r\u00e9siduelle des heures de conseils achet\u00e9es \u00e0 l\u2019avance vous est alors rembours\u00e9e, moyennant la d\u00e9duction d\u2019un forfait de 10% pour faux frais.[\/et_pb_accordion_item][\/et_pb_accordion][\/et_pb_column][\/et_pb_row][\/et_pb_section]<\/p>\n","protected":false},"excerpt":{"rendered":"<p>Pour compl\u00e9ter le service juridique propre \u00e0 l\u2019entreprise: Surtout en droit du travail et des assurances sociales, mais aussi pour les questions relevant du droit des contrats et des soci\u00e9t\u00e9s, vous pouvez vous fier \u00e0 notre engagement \u00e0 cent pour cent.<\/p>\n","protected":false},"author":1,"featured_media":3211,"parent":0,"menu_order":0,"comment_status":"closed","ping_status":"closed","template":"","meta":{"_et_pb_use_builder":"on","_et_pb_old_content":"","_et_gb_content_width":"","footnotes":""},"wf_page_folders":[90],"class_list":["post-5035","page","type-page","status-publish","has-post-thumbnail","hentry"],"yoast_head":"<!-- This site is optimized with the Yoast SEO plugin v27.4 - https:\/\/yoast.com\/product\/yoast-seo-wordpress\/ -->\n<title>Conseils juridiques: Droit des \u00e9trangers et permis de travail - Workpermit + Arbeitsbewilligungen Spezialist<\/title>\n<meta name=\"description\" content=\"De fa\u00e7on pr\u00e9cise, rapide et sans complication, nous vous aidons \u00e0 r\u00e9gler toutes les questions juridiques du quotidien de votre entreprise.\" \/>\n<meta name=\"robots\" content=\"index, follow, max-snippet:-1, max-image-preview:large, max-video-preview:-1\" \/>\n<link rel=\"canonical\" href=\"https:\/\/sgierpartner.ch\/fr\/conseils-juridiques\/\" \/>\n<meta property=\"og:locale\" content=\"fr_FR\" \/>\n<meta property=\"og:type\" content=\"article\" \/>\n<meta property=\"og:title\" content=\"Conseils juridiques: Droit des \u00e9trangers et permis de travail - Workpermit + Arbeitsbewilligungen Spezialist\" \/>\n<meta property=\"og:description\" content=\"De fa\u00e7on pr\u00e9cise, rapide et sans complication, nous vous aidons \u00e0 r\u00e9gler toutes les questions juridiques du quotidien de votre entreprise.\" \/>\n<meta property=\"og:url\" content=\"https:\/\/sgierpartner.ch\/fr\/conseils-juridiques\/\" \/>\n<meta property=\"og:site_name\" content=\"Workpermit + Arbeitsbewilligungen Spezialist\" \/>\n<meta property=\"article:modified_time\" content=\"2025-10-04T10:49:46+00:00\" \/>\n<meta property=\"og:image\" content=\"https:\/\/sgierpartner.ch\/wp-content\/uploads\/Welcome-to-Switzerland-Entrepreneur.jpg\" \/>\n\t<meta property=\"og:image:width\" content=\"2400\" \/>\n\t<meta property=\"og:image:height\" content=\"1350\" \/>\n\t<meta property=\"og:image:type\" content=\"image\/jpeg\" \/>\n<meta name=\"twitter:card\" content=\"summary_large_image\" \/>\n<meta name=\"twitter:label1\" content=\"Dur\u00e9e de lecture estim\u00e9e\" \/>\n\t<meta name=\"twitter:data1\" content=\"9 minutes\" \/>\n<script type=\"application\/ld+json\" class=\"yoast-schema-graph\">{\"@context\":\"https:\\\/\\\/schema.org\",\"@graph\":[{\"@type\":\"WebPage\",\"@id\":\"https:\\\/\\\/sgierpartner.ch\\\/fr\\\/conseils-juridiques\\\/\",\"url\":\"https:\\\/\\\/sgierpartner.ch\\\/fr\\\/conseils-juridiques\\\/\",\"name\":\"Conseils juridiques: Droit des \u00e9trangers et permis de travail - Workpermit + Arbeitsbewilligungen Spezialist\",\"isPartOf\":{\"@id\":\"https:\\\/\\\/sgierpartner.ch\\\/fr\\\/#website\"},\"primaryImageOfPage\":{\"@id\":\"https:\\\/\\\/sgierpartner.ch\\\/fr\\\/conseils-juridiques\\\/#primaryimage\"},\"image\":{\"@id\":\"https:\\\/\\\/sgierpartner.ch\\\/fr\\\/conseils-juridiques\\\/#primaryimage\"},\"thumbnailUrl\":\"https:\\\/\\\/sgierpartner.ch\\\/wp-content\\\/uploads\\\/Welcome-to-Switzerland-Entrepreneur.jpg\",\"datePublished\":\"2020-05-22T08:23:41+00:00\",\"dateModified\":\"2025-10-04T10:49:46+00:00\",\"description\":\"De fa\u00e7on pr\u00e9cise, rapide et sans complication, nous vous aidons \u00e0 r\u00e9gler toutes les questions juridiques du quotidien de votre entreprise.\",\"breadcrumb\":{\"@id\":\"https:\\\/\\\/sgierpartner.ch\\\/fr\\\/conseils-juridiques\\\/#breadcrumb\"},\"inLanguage\":\"fr-FR\",\"potentialAction\":[{\"@type\":\"ReadAction\",\"target\":[\"https:\\\/\\\/sgierpartner.ch\\\/fr\\\/conseils-juridiques\\\/\"]}]},{\"@type\":\"ImageObject\",\"inLanguage\":\"fr-FR\",\"@id\":\"https:\\\/\\\/sgierpartner.ch\\\/fr\\\/conseils-juridiques\\\/#primaryimage\",\"url\":\"https:\\\/\\\/sgierpartner.ch\\\/wp-content\\\/uploads\\\/Welcome-to-Switzerland-Entrepreneur.jpg\",\"contentUrl\":\"https:\\\/\\\/sgierpartner.ch\\\/wp-content\\\/uploads\\\/Welcome-to-Switzerland-Entrepreneur.jpg\",\"width\":2400,\"height\":1350,\"caption\":\"swiss immigration + relocation services in Switzerland: Zurich, Geneva, Zug, Lugano, Basle, Berne, Lausanne\"},{\"@type\":\"BreadcrumbList\",\"@id\":\"https:\\\/\\\/sgierpartner.ch\\\/fr\\\/conseils-juridiques\\\/#breadcrumb\",\"itemListElement\":[{\"@type\":\"ListItem\",\"position\":1,\"name\":\"Startseite\",\"item\":\"https:\\\/\\\/sgierpartner.ch\\\/fr\\\/\"},{\"@type\":\"ListItem\",\"position\":2,\"name\":\"Conseils juridiques\"}]},{\"@type\":\"WebSite\",\"@id\":\"https:\\\/\\\/sgierpartner.ch\\\/fr\\\/#website\",\"url\":\"https:\\\/\\\/sgierpartner.ch\\\/fr\\\/\",\"name\":\"Sgier+Partner\",\"description\":\"swiss immigration+relocation\",\"publisher\":{\"@id\":\"https:\\\/\\\/sgierpartner.ch\\\/fr\\\/#organization\"},\"potentialAction\":[{\"@type\":\"SearchAction\",\"target\":{\"@type\":\"EntryPoint\",\"urlTemplate\":\"https:\\\/\\\/sgierpartner.ch\\\/fr\\\/?s={search_term_string}\"},\"query-input\":{\"@type\":\"PropertyValueSpecification\",\"valueRequired\":true,\"valueName\":\"search_term_string\"}}],\"inLanguage\":\"fr-FR\"},{\"@type\":\"Organization\",\"@id\":\"https:\\\/\\\/sgierpartner.ch\\\/fr\\\/#organization\",\"name\":\"Sgier + Partner GmbH\",\"url\":\"https:\\\/\\\/sgierpartner.ch\\\/fr\\\/\",\"logo\":{\"@type\":\"ImageObject\",\"inLanguage\":\"fr-FR\",\"@id\":\"https:\\\/\\\/sgierpartner.ch\\\/fr\\\/#\\\/schema\\\/logo\\\/image\\\/\",\"url\":\"https:\\\/\\\/sgierpartner.ch\\\/wp-content\\\/uploads\\\/SP-Logo-Footer-farbig.png\",\"contentUrl\":\"https:\\\/\\\/sgierpartner.ch\\\/wp-content\\\/uploads\\\/SP-Logo-Footer-farbig.png\",\"width\":2058,\"height\":326,\"caption\":\"Sgier + Partner GmbH\"},\"image\":{\"@id\":\"https:\\\/\\\/sgierpartner.ch\\\/fr\\\/#\\\/schema\\\/logo\\\/image\\\/\"}}]}<\/script>\n<!-- \/ Yoast SEO plugin. -->","yoast_head_json":{"title":"Conseils juridiques: Droit des \u00e9trangers et permis de travail - Workpermit + Arbeitsbewilligungen Spezialist","description":"De fa\u00e7on pr\u00e9cise, rapide et sans complication, nous vous aidons \u00e0 r\u00e9gler toutes les questions juridiques du quotidien de votre entreprise.","robots":{"index":"index","follow":"follow","max-snippet":"max-snippet:-1","max-image-preview":"max-image-preview:large","max-video-preview":"max-video-preview:-1"},"canonical":"https:\/\/sgierpartner.ch\/fr\/conseils-juridiques\/","og_locale":"fr_FR","og_type":"article","og_title":"Conseils juridiques: Droit des \u00e9trangers et permis de travail - Workpermit + Arbeitsbewilligungen Spezialist","og_description":"De fa\u00e7on pr\u00e9cise, rapide et sans complication, nous vous aidons \u00e0 r\u00e9gler toutes les questions juridiques du quotidien de votre entreprise.","og_url":"https:\/\/sgierpartner.ch\/fr\/conseils-juridiques\/","og_site_name":"Workpermit + Arbeitsbewilligungen Spezialist","article_modified_time":"2025-10-04T10:49:46+00:00","og_image":[{"width":2400,"height":1350,"url":"https:\/\/sgierpartner.ch\/wp-content\/uploads\/Welcome-to-Switzerland-Entrepreneur.jpg","type":"image\/jpeg"}],"twitter_card":"summary_large_image","twitter_misc":{"Dur\u00e9e de lecture estim\u00e9e":"9 minutes"},"schema":{"@context":"https:\/\/schema.org","@graph":[{"@type":"WebPage","@id":"https:\/\/sgierpartner.ch\/fr\/conseils-juridiques\/","url":"https:\/\/sgierpartner.ch\/fr\/conseils-juridiques\/","name":"Conseils juridiques: Droit des \u00e9trangers et permis de travail - Workpermit + Arbeitsbewilligungen Spezialist","isPartOf":{"@id":"https:\/\/sgierpartner.ch\/fr\/#website"},"primaryImageOfPage":{"@id":"https:\/\/sgierpartner.ch\/fr\/conseils-juridiques\/#primaryimage"},"image":{"@id":"https:\/\/sgierpartner.ch\/fr\/conseils-juridiques\/#primaryimage"},"thumbnailUrl":"https:\/\/sgierpartner.ch\/wp-content\/uploads\/Welcome-to-Switzerland-Entrepreneur.jpg","datePublished":"2020-05-22T08:23:41+00:00","dateModified":"2025-10-04T10:49:46+00:00","description":"De fa\u00e7on pr\u00e9cise, rapide et sans complication, nous vous aidons \u00e0 r\u00e9gler toutes les questions juridiques du quotidien de votre entreprise.","breadcrumb":{"@id":"https:\/\/sgierpartner.ch\/fr\/conseils-juridiques\/#breadcrumb"},"inLanguage":"fr-FR","potentialAction":[{"@type":"ReadAction","target":["https:\/\/sgierpartner.ch\/fr\/conseils-juridiques\/"]}]},{"@type":"ImageObject","inLanguage":"fr-FR","@id":"https:\/\/sgierpartner.ch\/fr\/conseils-juridiques\/#primaryimage","url":"https:\/\/sgierpartner.ch\/wp-content\/uploads\/Welcome-to-Switzerland-Entrepreneur.jpg","contentUrl":"https:\/\/sgierpartner.ch\/wp-content\/uploads\/Welcome-to-Switzerland-Entrepreneur.jpg","width":2400,"height":1350,"caption":"swiss immigration + relocation services in Switzerland: Zurich, Geneva, Zug, Lugano, Basle, Berne, Lausanne"},{"@type":"BreadcrumbList","@id":"https:\/\/sgierpartner.ch\/fr\/conseils-juridiques\/#breadcrumb","itemListElement":[{"@type":"ListItem","position":1,"name":"Startseite","item":"https:\/\/sgierpartner.ch\/fr\/"},{"@type":"ListItem","position":2,"name":"Conseils juridiques"}]},{"@type":"WebSite","@id":"https:\/\/sgierpartner.ch\/fr\/#website","url":"https:\/\/sgierpartner.ch\/fr\/","name":"Sgier+Partner","description":"swiss immigration+relocation","publisher":{"@id":"https:\/\/sgierpartner.ch\/fr\/#organization"},"potentialAction":[{"@type":"SearchAction","target":{"@type":"EntryPoint","urlTemplate":"https:\/\/sgierpartner.ch\/fr\/?s={search_term_string}"},"query-input":{"@type":"PropertyValueSpecification","valueRequired":true,"valueName":"search_term_string"}}],"inLanguage":"fr-FR"},{"@type":"Organization","@id":"https:\/\/sgierpartner.ch\/fr\/#organization","name":"Sgier + Partner GmbH","url":"https:\/\/sgierpartner.ch\/fr\/","logo":{"@type":"ImageObject","inLanguage":"fr-FR","@id":"https:\/\/sgierpartner.ch\/fr\/#\/schema\/logo\/image\/","url":"https:\/\/sgierpartner.ch\/wp-content\/uploads\/SP-Logo-Footer-farbig.png","contentUrl":"https:\/\/sgierpartner.ch\/wp-content\/uploads\/SP-Logo-Footer-farbig.png","width":2058,"height":326,"caption":"Sgier + Partner GmbH"},"image":{"@id":"https:\/\/sgierpartner.ch\/fr\/#\/schema\/logo\/image\/"}}]}},"_links":{"self":[{"href":"https:\/\/sgierpartner.ch\/fr\/wp-json\/wp\/v2\/pages\/5035","targetHints":{"allow":["GET"]}}],"collection":[{"href":"https:\/\/sgierpartner.ch\/fr\/wp-json\/wp\/v2\/pages"}],"about":[{"href":"https:\/\/sgierpartner.ch\/fr\/wp-json\/wp\/v2\/types\/page"}],"author":[{"embeddable":true,"href":"https:\/\/sgierpartner.ch\/fr\/wp-json\/wp\/v2\/users\/1"}],"replies":[{"embeddable":true,"href":"https:\/\/sgierpartner.ch\/fr\/wp-json\/wp\/v2\/comments?post=5035"}],"version-history":[{"count":3,"href":"https:\/\/sgierpartner.ch\/fr\/wp-json\/wp\/v2\/pages\/5035\/revisions"}],"predecessor-version":[{"id":8345,"href":"https:\/\/sgierpartner.ch\/fr\/wp-json\/wp\/v2\/pages\/5035\/revisions\/8345"}],"wp:featuredmedia":[{"embeddable":true,"href":"https:\/\/sgierpartner.ch\/fr\/wp-json\/wp\/v2\/media\/3211"}],"wp:attachment":[{"href":"https:\/\/sgierpartner.ch\/fr\/wp-json\/wp\/v2\/media?parent=5035"}],"wp:term":[{"taxonomy":"wf_page_folders","embeddable":true,"href":"https:\/\/sgierpartner.ch\/fr\/wp-json\/wp\/v2\/wf_page_folders?post=5035"}],"curies":[{"name":"wp","href":"https:\/\/api.w.org\/{rel}","templated":true}]}}