{"id":6170,"date":"2021-05-04T13:38:38","date_gmt":"2021-05-04T11:38:38","guid":{"rendered":"https:\/\/sgierpartner.ch\/?page_id=6170"},"modified":"2024-06-07T20:06:16","modified_gmt":"2024-06-07T18:06:16","slug":"permit-assessment","status":"publish","type":"page","link":"https:\/\/sgierpartner.ch\/fr\/permit-assessment\/","title":{"rendered":"Book a Swiss Permit Check"},"content":{"rendered":"<p>[et_pb_section fb_built=&#8221;1&#8243; fullwidth=&#8221;on&#8221; _builder_version=&#8221;4.16&#8243; global_colors_info=&#8221;{}&#8221; theme_builder_area=&#8221;post_content&#8221;][et_pb_fullwidth_image src=&#8221;https:\/\/sgierpartner.ch\/wp-content\/uploads\/Header-immigration-relocation-SgierPartner-1.jpg&#8221; alt=&#8221;Welcome to the Matterhorn &#8211; swiss immigration + relocation services&#8221; title_text=&#8221;Sgier + Partner Zurich, Switzerland | swiss immigration+relocation&#8221; _builder_version=&#8221;4.16&#8243; global_colors_info=&#8221;{}&#8221; theme_builder_area=&#8221;post_content&#8221;][\/et_pb_fullwidth_image][\/et_pb_section][et_pb_section fb_built=&#8221;1&#8243; _builder_version=&#8221;4.16&#8243; global_colors_info=&#8221;{}&#8221; theme_builder_area=&#8221;post_content&#8221;][et_pb_row _builder_version=&#8221;4.16&#8243; custom_margin=&#8221;0px||||false|false&#8221; global_colors_info=&#8221;{}&#8221; theme_builder_area=&#8221;post_content&#8221;][et_pb_column type=&#8221;4_4&#8243; _builder_version=&#8221;4.16&#8243; global_colors_info=&#8221;{}&#8221; theme_builder_area=&#8221;post_content&#8221;][et_pb_text _builder_version=&#8221;4.22.1&#8243; custom_margin=&#8221;||||false|false&#8221; global_colors_info=&#8221;{}&#8221; theme_builder_area=&#8221;post_content&#8221;]<\/p>\n<h1>\u00abSwiss-Permit-Check\u00bb pour les Entreprises: CHF 120.00<\/h1>\n<p>[\/et_pb_text][et_pb_text _builder_version=&#8221;4.22.1&#8243; _module_preset=&#8221;default&#8221; custom_margin=&#8221;0px||0px||false|false&#8221; global_colors_info=&#8221;{}&#8221; theme_builder_area=&#8221;post_content&#8221;]<\/p>\n<p><strong>Le contr\u00f4le pr\u00e9liminaire pour les entreprises qui se demandant quelles sont les chances d&#8217;obtenir un permis de travail suisse pour un expert \u00e9tranger.<\/strong><\/p>\n<p>[\/et_pb_text][\/et_pb_column][\/et_pb_row][et_pb_row column_structure=&#8221;1_3,2_3&#8243; _builder_version=&#8221;4.16&#8243; background_enable_color=&#8221;off&#8221; custom_margin=&#8221;||||false|false&#8221; custom_padding=&#8221;4px||||false|false&#8221; global_colors_info=&#8221;{}&#8221; theme_builder_area=&#8221;post_content&#8221;][et_pb_column type=&#8221;1_3&#8243; _builder_version=&#8221;4.16&#8243; global_colors_info=&#8221;{}&#8221; theme_builder_area=&#8221;post_content&#8221;][et_pb_image src=&#8221;https:\/\/sgierpartner.ch\/wp-content\/uploads\/Immigration-Switzerland-Woman3a-scaled.jpg&#8221; title_text=&#8221;Young Woman with red notebook. Education or business concept&#8221; url=&#8221;@ET-DC@eyJkeW5hbWljIjp0cnVlLCJjb250ZW50IjoicG9zdF9saW5rX3VybF9wYWdlIiwic2V0dGluZ3MiOnsicG9zdF9pZCI6IjYxNjgifX0=@&#8221; _builder_version=&#8221;4.22.1&#8243; _dynamic_attributes=&#8221;url&#8221; _module_preset=&#8221;default&#8221; global_colors_info=&#8221;{}&#8221; theme_builder_area=&#8221;post_content&#8221;][\/et_pb_image][\/et_pb_column][et_pb_column type=&#8221;2_3&#8243; _builder_version=&#8221;4.16&#8243; global_colors_info=&#8221;{}&#8221; theme_builder_area=&#8221;post_content&#8221;][et_pb_text _builder_version=&#8221;4.22.1&#8243; _module_preset=&#8221;default&#8221; custom_margin=&#8221;||||false|true&#8221; global_colors_info=&#8221;{}&#8221; theme_builder_area=&#8221;post_content&#8221;]<\/p>\n<p>Depuis plus de 20 ans, nous sommes votre partenaire fiable sur le chemin vers l&#8217;int\u00e9gration r\u00e9ussie de sp\u00e9cialistes \u00e9trangers sur le march\u00e9 du travail suisse. Notre expertise et notre collaboration \u00e9troite avec les offices du travail dans tous les cantons de la Suisse font de nous le conseiller id\u00e9al en mati\u00e8re d&#8217;immigration.<\/p>\n<p>Avec le \u00ab<strong>Swiss Permit Check\u00bb<\/strong>, nous offrons un service pr\u00e9liminaire exclusif qui \u00e9value pr\u00e9cis\u00e9ment les chances d&#8217;obtention d&#8217;un permis de travail r\u00e9ussi en seulement 48 heures. Pour seulement <strong>CHF 120.00<\/strong>, vous recevez:<\/p>\n<ul>\n<li><strong>\u00c9valuation professionnelle de votre cas:<\/strong> Nos sp\u00e9cialistes de l&#8217;immigration \u00e9valuent les d\u00e9tails individuels et les documents de votre cas pour estimer de mani\u00e8re r\u00e9aliste les chances de succ\u00e8s.<\/li>\n<li><strong>Consultation personnelle:<\/strong> Dans une conversation t\u00e9l\u00e9phonique directe, nous vous informons des r\u00e9sultats de l&#8217;\u00e9valuation et esquissons les \u00e9tapes suivantes possibles.<\/li>\n<li><strong>Flexibilit\u00e9 et contr\u00f4le:<\/strong> Vous d\u00e9cidez de la marche \u00e0 suivre &#8211; que vous souhaitiez soumettre la demande vous-m\u00eame ou utiliser notre expertise pour l&#8217;ensemble du processus.<\/li>\n<\/ul>\n<p>Avec le \u00ab<strong>Swiss Permit Check\u00bb<\/strong>, vous ne prenez aucun risque : vous recevez une \u00e9valuation fond\u00e9e et professionnelle de la valeur de d\u00e9poser une demande avant d&#8217;investir des ressources. Essayez le service maintenant.<\/p>\n<p>[\/et_pb_text][et_pb_button button_url=&#8221;https:\/\/sgierpartner.ch\/en\/swiss-permit-check-form&#8221; button_text=&#8221;Commandez \u00abSwiss-Permit-Check\u00bb&#8221; button_alignment=&#8221;left&#8221; _builder_version=&#8221;4.22.1&#8243; button_bg_color=&#8221;#011ca7&#8243; global_colors_info=&#8221;{}&#8221; button_text__hover_enabled=&#8221;off|hover&#8221; button_text__hover=&#8221;Reservieren Sie noch heute&#8221; theme_builder_area=&#8221;post_content&#8221;][\/et_pb_button][\/et_pb_column][\/et_pb_row][\/et_pb_section]<\/p>\n","protected":false},"excerpt":{"rendered":"<p>\u00abSwiss-Permit-Check\u00bb pour les Entreprises: CHF 120.00Le contr\u00f4le pr\u00e9liminaire pour les entreprises qui se demandant quelles sont les chances d&#8217;obtenir un permis de travail suisse pour un expert \u00e9tranger.Depuis plus de 20 ans, nous sommes votre partenaire fiable sur le chemin vers l&#8217;int\u00e9gration r\u00e9ussie de sp\u00e9cialistes \u00e9trangers sur le march\u00e9 du travail suisse. Notre expertise et [&hellip;]<\/p>\n","protected":false},"author":1,"featured_media":0,"parent":0,"menu_order":0,"comment_status":"closed","ping_status":"closed","template":"","meta":{"_et_pb_use_builder":"on","_et_pb_old_content":"","_et_gb_content_width":"","footnotes":""},"wf_page_folders":[86],"class_list":["post-6170","page","type-page","status-publish","hentry"],"yoast_head":"<!-- This site is optimized with the Yoast SEO plugin v27.5 - https:\/\/yoast.com\/product\/yoast-seo-wordpress\/ -->\n<title>Book a Swiss Permit Check - swiss immigration+relocation services<\/title>\n<meta name=\"description\" content=\"Contr\u00f4le pr\u00e9liminaire pour entreprises qui se demandant quelles sont les chances d&#039;obtenir un permis de travail pour un expert \u00e9tranger.\" \/>\n<meta name=\"robots\" content=\"index, follow, max-snippet:-1, max-image-preview:large, max-video-preview:-1\" \/>\n<link rel=\"canonical\" href=\"https:\/\/sgierpartner.ch\/fr\/permit-assessment\/\" \/>\n<meta property=\"og:locale\" content=\"fr_FR\" \/>\n<meta property=\"og:type\" content=\"article\" \/>\n<meta property=\"og:title\" content=\"Book a Swiss Permit Check - swiss immigration+relocation services\" \/>\n<meta property=\"og:description\" content=\"Contr\u00f4le pr\u00e9liminaire pour entreprises qui se demandant quelles sont les chances d&#039;obtenir un permis de travail pour un expert \u00e9tranger.\" \/>\n<meta property=\"og:url\" content=\"https:\/\/sgierpartner.ch\/fr\/permit-assessment\/\" \/>\n<meta property=\"og:site_name\" content=\"Workpermit + Arbeitsbewilligungen Spezialist\" \/>\n<meta property=\"article:modified_time\" content=\"2024-06-07T18:06:16+00:00\" \/>\n<meta name=\"twitter:card\" content=\"summary_large_image\" \/>\n<meta name=\"twitter:label1\" content=\"Dur\u00e9e de lecture estim\u00e9e\" \/>\n\t<meta name=\"twitter:data1\" content=\"3 minutes\" \/>\n<script type=\"application\/ld+json\" class=\"yoast-schema-graph\">{\"@context\":\"https:\\\/\\\/schema.org\",\"@graph\":[{\"@type\":\"WebPage\",\"@id\":\"https:\\\/\\\/sgierpartner.ch\\\/fr\\\/permit-assessment\\\/\",\"url\":\"https:\\\/\\\/sgierpartner.ch\\\/fr\\\/permit-assessment\\\/\",\"name\":\"Book a Swiss Permit Check - swiss immigration+relocation services\",\"isPartOf\":{\"@id\":\"https:\\\/\\\/sgierpartner.ch\\\/fr\\\/#website\"},\"datePublished\":\"2021-05-04T11:38:38+00:00\",\"dateModified\":\"2024-06-07T18:06:16+00:00\",\"description\":\"Contr\u00f4le pr\u00e9liminaire pour entreprises qui se demandant quelles sont les chances d'obtenir un permis de travail pour un expert \u00e9tranger.\",\"breadcrumb\":{\"@id\":\"https:\\\/\\\/sgierpartner.ch\\\/fr\\\/permit-assessment\\\/#breadcrumb\"},\"inLanguage\":\"fr-FR\",\"potentialAction\":[{\"@type\":\"ReadAction\",\"target\":[\"https:\\\/\\\/sgierpartner.ch\\\/fr\\\/permit-assessment\\\/\"]}]},{\"@type\":\"BreadcrumbList\",\"@id\":\"https:\\\/\\\/sgierpartner.ch\\\/fr\\\/permit-assessment\\\/#breadcrumb\",\"itemListElement\":[{\"@type\":\"ListItem\",\"position\":1,\"name\":\"Startseite\",\"item\":\"https:\\\/\\\/sgierpartner.ch\\\/fr\\\/\"},{\"@type\":\"ListItem\",\"position\":2,\"name\":\"Book a Swiss Permit Check\"}]},{\"@type\":\"WebSite\",\"@id\":\"https:\\\/\\\/sgierpartner.ch\\\/fr\\\/#website\",\"url\":\"https:\\\/\\\/sgierpartner.ch\\\/fr\\\/\",\"name\":\"Sgier+Partner\",\"description\":\"swiss immigration+relocation\",\"publisher\":{\"@id\":\"https:\\\/\\\/sgierpartner.ch\\\/fr\\\/#organization\"},\"potentialAction\":[{\"@type\":\"SearchAction\",\"target\":{\"@type\":\"EntryPoint\",\"urlTemplate\":\"https:\\\/\\\/sgierpartner.ch\\\/fr\\\/?s={search_term_string}\"},\"query-input\":{\"@type\":\"PropertyValueSpecification\",\"valueRequired\":true,\"valueName\":\"search_term_string\"}}],\"inLanguage\":\"fr-FR\"},{\"@type\":\"Organization\",\"@id\":\"https:\\\/\\\/sgierpartner.ch\\\/fr\\\/#organization\",\"name\":\"Sgier + Partner GmbH\",\"url\":\"https:\\\/\\\/sgierpartner.ch\\\/fr\\\/\",\"logo\":{\"@type\":\"ImageObject\",\"inLanguage\":\"fr-FR\",\"@id\":\"https:\\\/\\\/sgierpartner.ch\\\/fr\\\/#\\\/schema\\\/logo\\\/image\\\/\",\"url\":\"https:\\\/\\\/sgierpartner.ch\\\/wp-content\\\/uploads\\\/SP-Logo-Footer-farbig.png\",\"contentUrl\":\"https:\\\/\\\/sgierpartner.ch\\\/wp-content\\\/uploads\\\/SP-Logo-Footer-farbig.png\",\"width\":2058,\"height\":326,\"caption\":\"Sgier + Partner GmbH\"},\"image\":{\"@id\":\"https:\\\/\\\/sgierpartner.ch\\\/fr\\\/#\\\/schema\\\/logo\\\/image\\\/\"}}]}<\/script>\n<!-- \/ Yoast SEO plugin. -->","yoast_head_json":{"title":"Book a Swiss Permit Check - swiss immigration+relocation services","description":"Contr\u00f4le pr\u00e9liminaire pour entreprises qui se demandant quelles sont les chances d'obtenir un permis de travail pour un expert \u00e9tranger.","robots":{"index":"index","follow":"follow","max-snippet":"max-snippet:-1","max-image-preview":"max-image-preview:large","max-video-preview":"max-video-preview:-1"},"canonical":"https:\/\/sgierpartner.ch\/fr\/permit-assessment\/","og_locale":"fr_FR","og_type":"article","og_title":"Book a Swiss Permit Check - swiss immigration+relocation services","og_description":"Contr\u00f4le pr\u00e9liminaire pour entreprises qui se demandant quelles sont les chances d'obtenir un permis de travail pour un expert \u00e9tranger.","og_url":"https:\/\/sgierpartner.ch\/fr\/permit-assessment\/","og_site_name":"Workpermit + Arbeitsbewilligungen Spezialist","article_modified_time":"2024-06-07T18:06:16+00:00","twitter_card":"summary_large_image","twitter_misc":{"Dur\u00e9e de lecture estim\u00e9e":"3 minutes"},"schema":{"@context":"https:\/\/schema.org","@graph":[{"@type":"WebPage","@id":"https:\/\/sgierpartner.ch\/fr\/permit-assessment\/","url":"https:\/\/sgierpartner.ch\/fr\/permit-assessment\/","name":"Book a Swiss Permit Check - swiss immigration+relocation services","isPartOf":{"@id":"https:\/\/sgierpartner.ch\/fr\/#website"},"datePublished":"2021-05-04T11:38:38+00:00","dateModified":"2024-06-07T18:06:16+00:00","description":"Contr\u00f4le pr\u00e9liminaire pour entreprises qui se demandant quelles sont les chances d'obtenir un permis de travail pour un expert \u00e9tranger.","breadcrumb":{"@id":"https:\/\/sgierpartner.ch\/fr\/permit-assessment\/#breadcrumb"},"inLanguage":"fr-FR","potentialAction":[{"@type":"ReadAction","target":["https:\/\/sgierpartner.ch\/fr\/permit-assessment\/"]}]},{"@type":"BreadcrumbList","@id":"https:\/\/sgierpartner.ch\/fr\/permit-assessment\/#breadcrumb","itemListElement":[{"@type":"ListItem","position":1,"name":"Startseite","item":"https:\/\/sgierpartner.ch\/fr\/"},{"@type":"ListItem","position":2,"name":"Book a Swiss Permit Check"}]},{"@type":"WebSite","@id":"https:\/\/sgierpartner.ch\/fr\/#website","url":"https:\/\/sgierpartner.ch\/fr\/","name":"Sgier+Partner","description":"swiss immigration+relocation","publisher":{"@id":"https:\/\/sgierpartner.ch\/fr\/#organization"},"potentialAction":[{"@type":"SearchAction","target":{"@type":"EntryPoint","urlTemplate":"https:\/\/sgierpartner.ch\/fr\/?s={search_term_string}"},"query-input":{"@type":"PropertyValueSpecification","valueRequired":true,"valueName":"search_term_string"}}],"inLanguage":"fr-FR"},{"@type":"Organization","@id":"https:\/\/sgierpartner.ch\/fr\/#organization","name":"Sgier + Partner GmbH","url":"https:\/\/sgierpartner.ch\/fr\/","logo":{"@type":"ImageObject","inLanguage":"fr-FR","@id":"https:\/\/sgierpartner.ch\/fr\/#\/schema\/logo\/image\/","url":"https:\/\/sgierpartner.ch\/wp-content\/uploads\/SP-Logo-Footer-farbig.png","contentUrl":"https:\/\/sgierpartner.ch\/wp-content\/uploads\/SP-Logo-Footer-farbig.png","width":2058,"height":326,"caption":"Sgier + Partner GmbH"},"image":{"@id":"https:\/\/sgierpartner.ch\/fr\/#\/schema\/logo\/image\/"}}]}},"_links":{"self":[{"href":"https:\/\/sgierpartner.ch\/fr\/wp-json\/wp\/v2\/pages\/6170","targetHints":{"allow":["GET"]}}],"collection":[{"href":"https:\/\/sgierpartner.ch\/fr\/wp-json\/wp\/v2\/pages"}],"about":[{"href":"https:\/\/sgierpartner.ch\/fr\/wp-json\/wp\/v2\/types\/page"}],"author":[{"embeddable":true,"href":"https:\/\/sgierpartner.ch\/fr\/wp-json\/wp\/v2\/users\/1"}],"replies":[{"embeddable":true,"href":"https:\/\/sgierpartner.ch\/fr\/wp-json\/wp\/v2\/comments?post=6170"}],"version-history":[{"count":24,"href":"https:\/\/sgierpartner.ch\/fr\/wp-json\/wp\/v2\/pages\/6170\/revisions"}],"predecessor-version":[{"id":8293,"href":"https:\/\/sgierpartner.ch\/fr\/wp-json\/wp\/v2\/pages\/6170\/revisions\/8293"}],"wp:attachment":[{"href":"https:\/\/sgierpartner.ch\/fr\/wp-json\/wp\/v2\/media?parent=6170"}],"wp:term":[{"taxonomy":"wf_page_folders","embeddable":true,"href":"https:\/\/sgierpartner.ch\/fr\/wp-json\/wp\/v2\/wf_page_folders?post=6170"}],"curies":[{"name":"wp","href":"https:\/\/api.w.org\/{rel}","templated":true}]}}